{"id":21478,"date":"2025-02-16T12:56:51","date_gmt":"2025-02-16T11:56:51","guid":{"rendered":"https:\/\/beatrice-mueller.de\/produkt\/pendentif-signes-du-zodiaque-en-argent-925\/"},"modified":"2025-02-16T12:56:51","modified_gmt":"2025-02-16T11:56:51","slug":"pendentif-signes-du-zodiaque-en-argent-925","status":"publish","type":"product","link":"https:\/\/beatrice-mueller.de\/fr\/produit\/pendentif-signes-du-zodiaque-en-argent-925\/","title":{"rendered":"Pendentif SIGNES DU ZODIAQUE en argent 925"},"content":{"rendered":"<div class=\"content--title\" style=\"text-align: left;\">Ayez toujours votre signe du zodiaque avec vous ! La plaque d&#8217;argent peut \u00eatre fix\u00e9e n&#8217;importe o\u00f9 et r\u00e9siste au vent et aux intemp\u00e9ries. Id\u00e9al pour les bracelets et les colliers, mais convient \u00e9galement comme d\u00e9coration pour les porte-cl\u00e9s, etc.  <\/div>\n<div class=\"content--title\" style=\"text-align: left;\"><\/div>\n<p><span style=\"text-decoration: underline;\">Caract\u00e9ristiques:<\/span><\/p>\n<p><span style=\"color: #ff0000;\">\u2718<\/span> Pendentif double face avec constellation et p\u00e9riode correspondante au dos.<\/p>\n<p style=\"text-align: left;\"><span style=\"color: #ff0000;\">\u2718<\/span> Tr\u00e8s bonne mobilit\u00e9 gr\u00e2ce \u00e0 la suspension sur anneau argent\u00e9.<\/p>\n<p style=\"text-align: left;\"><span data-mce-mark=\"1\"><span style=\"color: #ff0000;\">\u2718<\/span> Fabriqu\u00e9 dans notre propre atelier &#8211; qualit\u00e9 test\u00e9e \u00e0 la main.<\/span><\/p>\n<table border=\"0\">\n<tbody>\n<tr>\n<td><span data-mce-mark=\"1\"><strong>plaquettes de mat\u00e9riaux<\/strong><\/span><\/td>\n<td>Argent 925 plaqu\u00e9 palladium blanc<\/td>\n<\/tr>\n<tr>\n<td><span data-mce-mark=\"1\"><strong>surface<\/strong><\/span><\/td>\n<td>mat<\/td>\n<\/tr>\n<tr>\n<td><span data-mce-mark=\"1\"><strong>gravure laser couleur<\/strong><\/span><\/td>\n<td><span data-mce-mark=\"1\">couleur du mat\u00e9riau<\/span><\/td>\n<\/tr>\n<tr>\n<td><span data-mce-mark=\"1\"><strong>plaque \u00f8<\/strong><\/span><\/td>\n<td><span data-mce-mark=\"1\">14,9 mm<\/span><\/td>\n<\/tr>\n<tr>\n<td><span data-mce-mark=\"1\"><strong>\u00e9paisseur du mat\u00e9riau de la plaque<\/strong><\/span><\/td>\n<td><span data-mce-mark=\"1\">0,8 mm<\/span><\/td>\n<\/tr>\n<\/tbody>\n<\/table>\n","protected":false},"excerpt":{"rendered":"<p>Ayez toujours votre signe du zodiaque avec vous ! La plaque d&#8217;argent peut \u00eatre fix\u00e9e n&#8217;importe o\u00f9 et r\u00e9siste au vent et aux intemp\u00e9ries. Id\u00e9al pour les bracelets et les colliers, mais convient \u00e9galement comme d\u00e9coration pour les porte-cl\u00e9s, etc. Caract\u00e9ristiques: \u2718 Pendentif double face avec constellation et p\u00e9riode correspondante au dos. \u2718 Tr\u00e8s bonne [&hellip;]<\/p>\n","protected":false},"featured_media":21503,"comment_status":"closed","ping_status":"closed","template":"","meta":{"_glsr_average":0,"_glsr_ranking":0,"_glsr_reviews":0},"product_brand":[],"product_cat":[595,576],"product_tag":[577,563],"class_list":{"0":"post-21478","1":"product","2":"type-product","3":"status-publish","4":"has-post-thumbnail","6":"product_cat-bande-annonce","7":"product_cat-signe-du-zodiaque","8":"product_tag-bijoux-du-zodiaque","9":"product_tag-conception-x","10":"pa_marke-x-design-fr","11":"pa_sternzeichen-fische-fr-2","12":"pa_sternzeichen-jungfrau-fr-2","13":"pa_sternzeichen-krebs-fr-2","14":"pa_sternzeichen-loewe-fr-2","15":"pa_sternzeichen-schuetze-fr","16":"pa_sternzeichen-skorpion-fr-2","17":"pa_sternzeichen-steinbock-fr-2","18":"pa_sternzeichen-stier-fr","19":"pa_sternzeichen-waage-fr-2","20":"pa_sternzeichen-wassermann-fr-2","21":"pa_sternzeichen-widder-fr","22":"pa_sternzeichen-zwillinge-fr","24":"first","25":"instock","26":"taxable","27":"shipping-taxable","28":"purchasable","29":"product-type-variable"},"exclude_global_add_ons":[],"addons":[],"yoast_head":"<!-- This site is optimized with the Yoast SEO plugin v25.6 - https:\/\/yoast.com\/wordpress\/plugins\/seo\/ -->\n<title>Pendentif SIGNES DU ZODIAQUE en argent 925 - Beatrice M\u00fcller<\/title>\n<meta name=\"robots\" content=\"index, follow, max-snippet:-1, max-image-preview:large, max-video-preview:-1\" \/>\n<link rel=\"canonical\" href=\"https:\/\/beatrice-mueller.de\/fr\/produit\/pendentif-signes-du-zodiaque-en-argent-925\/\" \/>\n<meta property=\"og:locale\" content=\"fr_FR\" \/>\n<meta property=\"og:type\" content=\"article\" \/>\n<meta property=\"og:title\" content=\"Pendentif SIGNES DU ZODIAQUE en argent 925 - Beatrice M\u00fcller\" \/>\n<meta property=\"og:description\" content=\"Ayez toujours votre signe du zodiaque avec vous ! La plaque d&#8217;argent peut \u00eatre fix\u00e9e n&#8217;importe o\u00f9 et r\u00e9siste au vent et aux intemp\u00e9ries. Id\u00e9al pour les bracelets et les colliers, mais convient \u00e9galement comme d\u00e9coration pour les porte-cl\u00e9s, etc. Caract\u00e9ristiques: \u2718 Pendentif double face avec constellation et p\u00e9riode correspondante au dos. \u2718 Tr\u00e8s bonne [&hellip;]\" \/>\n<meta property=\"og:url\" content=\"https:\/\/beatrice-mueller.de\/fr\/produit\/pendentif-signes-du-zodiaque-en-argent-925\/\" \/>\n<meta property=\"og:site_name\" content=\"Beatrice M\u00fcller\" \/>\n<meta property=\"og:image\" content=\"https:\/\/beatrice-mueller.de\/wp-content\/uploads\/2022\/02\/Steinbock_7e1016e2-e35e-4918-ad20-cb086f7b04e7.png\" \/>\n\t<meta property=\"og:image:width\" content=\"671\" \/>\n\t<meta property=\"og:image:height\" content=\"635\" \/>\n\t<meta property=\"og:image:type\" content=\"image\/png\" \/>\n<meta name=\"twitter:card\" content=\"summary_large_image\" \/>\n<meta name=\"twitter:label1\" content=\"Dur\u00e9e de lecture estim\u00e9e\" \/>\n\t<meta name=\"twitter:data1\" content=\"1 minute\" \/>\n<script type=\"application\/ld+json\" class=\"yoast-schema-graph\">{\"@context\":\"https:\/\/schema.org\",\"@graph\":[{\"@type\":\"WebPage\",\"@id\":\"https:\/\/beatrice-mueller.de\/fr\/produit\/pendentif-signes-du-zodiaque-en-argent-925\/\",\"url\":\"https:\/\/beatrice-mueller.de\/fr\/produit\/pendentif-signes-du-zodiaque-en-argent-925\/\",\"name\":\"Pendentif SIGNES DU ZODIAQUE en argent 925 - Beatrice M\u00fcller\",\"isPartOf\":{\"@id\":\"https:\/\/beatrice-mueller.de\/fr\/#website\"},\"primaryImageOfPage\":{\"@id\":\"https:\/\/beatrice-mueller.de\/fr\/produit\/pendentif-signes-du-zodiaque-en-argent-925\/#primaryimage\"},\"image\":{\"@id\":\"https:\/\/beatrice-mueller.de\/fr\/produit\/pendentif-signes-du-zodiaque-en-argent-925\/#primaryimage\"},\"thumbnailUrl\":\"https:\/\/beatrice-mueller.de\/wp-content\/uploads\/2022\/02\/Steinbock_7e1016e2-e35e-4918-ad20-cb086f7b04e7.png\",\"datePublished\":\"2025-02-16T11:56:51+00:00\",\"breadcrumb\":{\"@id\":\"https:\/\/beatrice-mueller.de\/fr\/produit\/pendentif-signes-du-zodiaque-en-argent-925\/#breadcrumb\"},\"inLanguage\":\"fr-FR\",\"potentialAction\":[{\"@type\":\"ReadAction\",\"target\":[\"https:\/\/beatrice-mueller.de\/fr\/produit\/pendentif-signes-du-zodiaque-en-argent-925\/\"]}]},{\"@type\":\"ImageObject\",\"inLanguage\":\"fr-FR\",\"@id\":\"https:\/\/beatrice-mueller.de\/fr\/produit\/pendentif-signes-du-zodiaque-en-argent-925\/#primaryimage\",\"url\":\"https:\/\/beatrice-mueller.de\/wp-content\/uploads\/2022\/02\/Steinbock_7e1016e2-e35e-4918-ad20-cb086f7b04e7.png\",\"contentUrl\":\"https:\/\/beatrice-mueller.de\/wp-content\/uploads\/2022\/02\/Steinbock_7e1016e2-e35e-4918-ad20-cb086f7b04e7.png\",\"width\":671,\"height\":635},{\"@type\":\"BreadcrumbList\",\"@id\":\"https:\/\/beatrice-mueller.de\/fr\/produit\/pendentif-signes-du-zodiaque-en-argent-925\/#breadcrumb\",\"itemListElement\":[{\"@type\":\"ListItem\",\"position\":1,\"name\":\"Startseite\",\"item\":\"https:\/\/beatrice-mueller.de\/fr\/\"},{\"@type\":\"ListItem\",\"position\":2,\"name\":\"Boutique\",\"item\":\"https:\/\/beatrice-mueller.de\/fr\/boutique-2\/\"},{\"@type\":\"ListItem\",\"position\":3,\"name\":\"Pendentif SIGNES DU ZODIAQUE en argent 925\"}]},{\"@type\":\"WebSite\",\"@id\":\"https:\/\/beatrice-mueller.de\/fr\/#website\",\"url\":\"https:\/\/beatrice-mueller.de\/fr\/\",\"name\":\"Beatrice M\u00fcller\",\"description\":\"Schmuckdesign\",\"potentialAction\":[{\"@type\":\"SearchAction\",\"target\":{\"@type\":\"EntryPoint\",\"urlTemplate\":\"https:\/\/beatrice-mueller.de\/fr\/?s={search_term_string}\"},\"query-input\":{\"@type\":\"PropertyValueSpecification\",\"valueRequired\":true,\"valueName\":\"search_term_string\"}}],\"inLanguage\":\"fr-FR\"}]}<\/script>\n<!-- \/ Yoast SEO plugin. -->","yoast_head_json":{"title":"Pendentif SIGNES DU ZODIAQUE en argent 925 - Beatrice M\u00fcller","robots":{"index":"index","follow":"follow","max-snippet":"max-snippet:-1","max-image-preview":"max-image-preview:large","max-video-preview":"max-video-preview:-1"},"canonical":"https:\/\/beatrice-mueller.de\/fr\/produit\/pendentif-signes-du-zodiaque-en-argent-925\/","og_locale":"fr_FR","og_type":"article","og_title":"Pendentif SIGNES DU ZODIAQUE en argent 925 - Beatrice M\u00fcller","og_description":"Ayez toujours votre signe du zodiaque avec vous ! La plaque d&#8217;argent peut \u00eatre fix\u00e9e n&#8217;importe o\u00f9 et r\u00e9siste au vent et aux intemp\u00e9ries. Id\u00e9al pour les bracelets et les colliers, mais convient \u00e9galement comme d\u00e9coration pour les porte-cl\u00e9s, etc. Caract\u00e9ristiques: \u2718 Pendentif double face avec constellation et p\u00e9riode correspondante au dos. \u2718 Tr\u00e8s bonne [&hellip;]","og_url":"https:\/\/beatrice-mueller.de\/fr\/produit\/pendentif-signes-du-zodiaque-en-argent-925\/","og_site_name":"Beatrice M\u00fcller","og_image":[{"width":671,"height":635,"url":"https:\/\/beatrice-mueller.de\/wp-content\/uploads\/2022\/02\/Steinbock_7e1016e2-e35e-4918-ad20-cb086f7b04e7.png","type":"image\/png"}],"twitter_card":"summary_large_image","twitter_misc":{"Dur\u00e9e de lecture estim\u00e9e":"1 minute"},"schema":{"@context":"https:\/\/schema.org","@graph":[{"@type":"WebPage","@id":"https:\/\/beatrice-mueller.de\/fr\/produit\/pendentif-signes-du-zodiaque-en-argent-925\/","url":"https:\/\/beatrice-mueller.de\/fr\/produit\/pendentif-signes-du-zodiaque-en-argent-925\/","name":"Pendentif SIGNES DU ZODIAQUE en argent 925 - Beatrice M\u00fcller","isPartOf":{"@id":"https:\/\/beatrice-mueller.de\/fr\/#website"},"primaryImageOfPage":{"@id":"https:\/\/beatrice-mueller.de\/fr\/produit\/pendentif-signes-du-zodiaque-en-argent-925\/#primaryimage"},"image":{"@id":"https:\/\/beatrice-mueller.de\/fr\/produit\/pendentif-signes-du-zodiaque-en-argent-925\/#primaryimage"},"thumbnailUrl":"https:\/\/beatrice-mueller.de\/wp-content\/uploads\/2022\/02\/Steinbock_7e1016e2-e35e-4918-ad20-cb086f7b04e7.png","datePublished":"2025-02-16T11:56:51+00:00","breadcrumb":{"@id":"https:\/\/beatrice-mueller.de\/fr\/produit\/pendentif-signes-du-zodiaque-en-argent-925\/#breadcrumb"},"inLanguage":"fr-FR","potentialAction":[{"@type":"ReadAction","target":["https:\/\/beatrice-mueller.de\/fr\/produit\/pendentif-signes-du-zodiaque-en-argent-925\/"]}]},{"@type":"ImageObject","inLanguage":"fr-FR","@id":"https:\/\/beatrice-mueller.de\/fr\/produit\/pendentif-signes-du-zodiaque-en-argent-925\/#primaryimage","url":"https:\/\/beatrice-mueller.de\/wp-content\/uploads\/2022\/02\/Steinbock_7e1016e2-e35e-4918-ad20-cb086f7b04e7.png","contentUrl":"https:\/\/beatrice-mueller.de\/wp-content\/uploads\/2022\/02\/Steinbock_7e1016e2-e35e-4918-ad20-cb086f7b04e7.png","width":671,"height":635},{"@type":"BreadcrumbList","@id":"https:\/\/beatrice-mueller.de\/fr\/produit\/pendentif-signes-du-zodiaque-en-argent-925\/#breadcrumb","itemListElement":[{"@type":"ListItem","position":1,"name":"Startseite","item":"https:\/\/beatrice-mueller.de\/fr\/"},{"@type":"ListItem","position":2,"name":"Boutique","item":"https:\/\/beatrice-mueller.de\/fr\/boutique-2\/"},{"@type":"ListItem","position":3,"name":"Pendentif SIGNES DU ZODIAQUE en argent 925"}]},{"@type":"WebSite","@id":"https:\/\/beatrice-mueller.de\/fr\/#website","url":"https:\/\/beatrice-mueller.de\/fr\/","name":"Beatrice M\u00fcller","description":"Schmuckdesign","potentialAction":[{"@type":"SearchAction","target":{"@type":"EntryPoint","urlTemplate":"https:\/\/beatrice-mueller.de\/fr\/?s={search_term_string}"},"query-input":{"@type":"PropertyValueSpecification","valueRequired":true,"valueName":"search_term_string"}}],"inLanguage":"fr-FR"}]}},"_links":{"self":[{"href":"https:\/\/beatrice-mueller.de\/fr\/wp-json\/wp\/v2\/product\/21478","targetHints":{"allow":["GET"]}}],"collection":[{"href":"https:\/\/beatrice-mueller.de\/fr\/wp-json\/wp\/v2\/product"}],"about":[{"href":"https:\/\/beatrice-mueller.de\/fr\/wp-json\/wp\/v2\/types\/product"}],"replies":[{"embeddable":true,"href":"https:\/\/beatrice-mueller.de\/fr\/wp-json\/wp\/v2\/comments?post=21478"}],"wp:featuredmedia":[{"embeddable":true,"href":"https:\/\/beatrice-mueller.de\/fr\/wp-json\/wp\/v2\/media\/21503"}],"wp:attachment":[{"href":"https:\/\/beatrice-mueller.de\/fr\/wp-json\/wp\/v2\/media?parent=21478"}],"wp:term":[{"taxonomy":"product_brand","embeddable":true,"href":"https:\/\/beatrice-mueller.de\/fr\/wp-json\/wp\/v2\/product_brand?post=21478"},{"taxonomy":"product_cat","embeddable":true,"href":"https:\/\/beatrice-mueller.de\/fr\/wp-json\/wp\/v2\/product_cat?post=21478"},{"taxonomy":"product_tag","embeddable":true,"href":"https:\/\/beatrice-mueller.de\/fr\/wp-json\/wp\/v2\/product_tag?post=21478"}],"curies":[{"name":"wp","href":"https:\/\/api.w.org\/{rel}","templated":true}]}}