{"id":21642,"date":"2025-02-16T12:56:58","date_gmt":"2025-02-16T11:56:58","guid":{"rendered":"https:\/\/beatrice-mueller.de\/produkt\/bracelet-apple-en-argent-925-plaque-palladium-blanc\/"},"modified":"2025-02-16T12:56:58","modified_gmt":"2025-02-16T11:56:58","slug":"bracelet-apple-en-argent-925-plaque-palladium-blanc","status":"publish","type":"product","link":"https:\/\/beatrice-mueller.de\/fr\/produit\/bracelet-apple-en-argent-925-plaque-palladium-blanc\/","title":{"rendered":"Bracelet APPLE en argent 925 plaqu\u00e9 palladium blanc"},"content":{"rendered":"<p>Dans de nombreuses cultures, la pomme est un symbole de sagesse, d\u2019immortalit\u00e9, de beaut\u00e9 et de jeunesse. De plus, c\u2019est bon pour la sant\u00e9 et, selon un vieux dicton, cela \u00e9loigne le m\u00e9decin. C&#8217;est vous qui d\u00e9cidez ce que le fruit signifie pour vous.  <\/p>\n<div class=\"product--description\">\n<p style=\"text-align: left\" align=\"center\"><span style=\"text-decoration: underline\">Caract\u00e9ristiques:<\/span><\/p>\n<p style=\"text-align: left\" align=\"center\"><span style=\"color: #ff0000\">\u2718<\/span> Surface en argent polie \u00e0 la main avec poin\u00e7on au dos.<\/p>\n<p style=\"text-align: left\" align=\"center\"><span style=\"color: #ff0000\">\u2718<\/span> Facile \u00e0 attacher et taille r\u00e9glable pour s&#8217;adapter \u00e0 n&#8217;importe quel poignet.<\/p>\n<p style=\"text-align: left\" align=\"center\"><span style=\"color: #ff0000\">\u2718<\/span> Les feuilles mobiles offrent une sensation r\u00e9aliste.<\/p>\n<table border=\"0\">\n<tbody>\n<tr>\n<td><span data-mce-mark=\"1\"><strong>Bijoux en mat\u00e9riaux<\/strong><\/span><\/td>\n<td>Argent 925 plaqu\u00e9 palladium blanc<\/td>\n<\/tr>\n<tr>\n<td><span data-mce-mark=\"1\"><strong>surface<\/strong><\/span><\/td>\n<td><span data-mce-mark=\"1\">brillant<\/span><\/td>\n<\/tr>\n<tr>\n<td><strong>pendentif pomme \u00f8<\/strong><\/td>\n<td>6,3 mm<\/td>\n<\/tr>\n<tr>\n<td><span data-mce-mark=\"1\"><strong>groupe<\/strong><\/span><\/td>\n<td><span data-mce-mark=\"1\">fil industriel, r\u00e9sistant \u00e0 la d\u00e9chirure<br \/>\n<\/span><\/td>\n<\/tr>\n<\/tbody>\n<\/table>\n<\/div>\n","protected":false},"excerpt":{"rendered":"<p>Dans de nombreuses cultures, la pomme est un symbole de sagesse, d\u2019immortalit\u00e9, de beaut\u00e9 et de jeunesse. De plus, c\u2019est bon pour la sant\u00e9 et, selon un vieux dicton, cela \u00e9loigne le m\u00e9decin. C&#8217;est vous qui d\u00e9cidez ce que le fruit signifie pour vous. Caract\u00e9ristiques: \u2718 Surface en argent polie \u00e0 la main avec poin\u00e7on [&hellip;]<\/p>\n","protected":false},"featured_media":21646,"comment_status":"closed","ping_status":"closed","template":"","meta":{"_glsr_average":0,"_glsr_ranking":0,"_glsr_reviews":0},"product_brand":[],"product_cat":[570],"product_tag":[571,563],"class_list":{"0":"post-21642","1":"product","2":"type-product","3":"status-publish","4":"has-post-thumbnail","6":"product_cat-bracelet","7":"product_tag-bracelets","8":"product_tag-conception-x","9":"pa_farbe-des-armbands-amethyst-fr","10":"pa_farbe-des-armbands-beige-fr","11":"pa_farbe-des-armbands-blau-fr","12":"pa_farbe-des-armbands-dunkelblau-fr","13":"pa_farbe-des-armbands-dunkelrosa-fr","14":"pa_farbe-des-armbands-gelb-fr","15":"pa_farbe-des-armbands-granatrot-fr","16":"pa_farbe-des-armbands-grau-fr","17":"pa_farbe-des-armbands-gruen-fr","18":"pa_farbe-des-armbands-hellrosa-fr-2","19":"pa_farbe-des-armbands-jadegruen-fr","20":"pa_farbe-des-armbands-korallrot-fr-2","21":"pa_farbe-des-armbands-lila-fr","22":"pa_farbe-des-armbands-olive-fr","23":"pa_farbe-des-armbands-rot-fr","24":"pa_farbe-des-armbands-schwarz-fr","25":"pa_farbe-des-armbands-tuerkis-fr","27":"first","28":"instock","29":"taxable","30":"shipping-taxable","31":"purchasable","32":"product-type-variable"},"exclude_global_add_ons":[],"addons":[],"yoast_head":"<!-- This site is optimized with the Yoast SEO plugin v25.6 - https:\/\/yoast.com\/wordpress\/plugins\/seo\/ -->\n<title>Bracelet APPLE en argent 925 plaqu\u00e9 palladium blanc - Beatrice M\u00fcller<\/title>\n<meta name=\"robots\" content=\"index, follow, max-snippet:-1, max-image-preview:large, max-video-preview:-1\" \/>\n<link rel=\"canonical\" href=\"https:\/\/beatrice-mueller.de\/fr\/produit\/bracelet-apple-en-argent-925-plaque-palladium-blanc\/\" \/>\n<meta property=\"og:locale\" content=\"fr_FR\" \/>\n<meta property=\"og:type\" content=\"article\" \/>\n<meta property=\"og:title\" content=\"Bracelet APPLE en argent 925 plaqu\u00e9 palladium blanc - Beatrice M\u00fcller\" \/>\n<meta property=\"og:description\" content=\"Dans de nombreuses cultures, la pomme est un symbole de sagesse, d\u2019immortalit\u00e9, de beaut\u00e9 et de jeunesse. De plus, c\u2019est bon pour la sant\u00e9 et, selon un vieux dicton, cela \u00e9loigne le m\u00e9decin. C&#8217;est vous qui d\u00e9cidez ce que le fruit signifie pour vous. Caract\u00e9ristiques: \u2718 Surface en argent polie \u00e0 la main avec poin\u00e7on [&hellip;]\" \/>\n<meta property=\"og:url\" content=\"https:\/\/beatrice-mueller.de\/fr\/produit\/bracelet-apple-en-argent-925-plaque-palladium-blanc\/\" \/>\n<meta property=\"og:site_name\" content=\"Beatrice M\u00fcller\" \/>\n<meta property=\"og:image\" content=\"https:\/\/beatrice-mueller.de\/wp-content\/uploads\/2022\/02\/X-DESIGN-Armband-Apfel-Weiss-Tuerkis.jpg\" \/>\n\t<meta property=\"og:image:width\" content=\"1000\" \/>\n\t<meta property=\"og:image:height\" content=\"1000\" \/>\n\t<meta property=\"og:image:type\" content=\"image\/jpeg\" \/>\n<meta name=\"twitter:card\" content=\"summary_large_image\" \/>\n<meta name=\"twitter:label1\" content=\"Dur\u00e9e de lecture estim\u00e9e\" \/>\n\t<meta name=\"twitter:data1\" content=\"1 minute\" \/>\n<script type=\"application\/ld+json\" class=\"yoast-schema-graph\">{\"@context\":\"https:\/\/schema.org\",\"@graph\":[{\"@type\":\"WebPage\",\"@id\":\"https:\/\/beatrice-mueller.de\/fr\/produit\/bracelet-apple-en-argent-925-plaque-palladium-blanc\/\",\"url\":\"https:\/\/beatrice-mueller.de\/fr\/produit\/bracelet-apple-en-argent-925-plaque-palladium-blanc\/\",\"name\":\"Bracelet APPLE en argent 925 plaqu\u00e9 palladium blanc - Beatrice M\u00fcller\",\"isPartOf\":{\"@id\":\"https:\/\/beatrice-mueller.de\/fr\/#website\"},\"primaryImageOfPage\":{\"@id\":\"https:\/\/beatrice-mueller.de\/fr\/produit\/bracelet-apple-en-argent-925-plaque-palladium-blanc\/#primaryimage\"},\"image\":{\"@id\":\"https:\/\/beatrice-mueller.de\/fr\/produit\/bracelet-apple-en-argent-925-plaque-palladium-blanc\/#primaryimage\"},\"thumbnailUrl\":\"https:\/\/beatrice-mueller.de\/wp-content\/uploads\/2022\/02\/X-DESIGN-Armband-Apfel-Weiss-Tuerkis.jpg\",\"datePublished\":\"2025-02-16T11:56:58+00:00\",\"breadcrumb\":{\"@id\":\"https:\/\/beatrice-mueller.de\/fr\/produit\/bracelet-apple-en-argent-925-plaque-palladium-blanc\/#breadcrumb\"},\"inLanguage\":\"fr-FR\",\"potentialAction\":[{\"@type\":\"ReadAction\",\"target\":[\"https:\/\/beatrice-mueller.de\/fr\/produit\/bracelet-apple-en-argent-925-plaque-palladium-blanc\/\"]}]},{\"@type\":\"ImageObject\",\"inLanguage\":\"fr-FR\",\"@id\":\"https:\/\/beatrice-mueller.de\/fr\/produit\/bracelet-apple-en-argent-925-plaque-palladium-blanc\/#primaryimage\",\"url\":\"https:\/\/beatrice-mueller.de\/wp-content\/uploads\/2022\/02\/X-DESIGN-Armband-Apfel-Weiss-Tuerkis.jpg\",\"contentUrl\":\"https:\/\/beatrice-mueller.de\/wp-content\/uploads\/2022\/02\/X-DESIGN-Armband-Apfel-Weiss-Tuerkis.jpg\",\"width\":1000,\"height\":1000},{\"@type\":\"BreadcrumbList\",\"@id\":\"https:\/\/beatrice-mueller.de\/fr\/produit\/bracelet-apple-en-argent-925-plaque-palladium-blanc\/#breadcrumb\",\"itemListElement\":[{\"@type\":\"ListItem\",\"position\":1,\"name\":\"Startseite\",\"item\":\"https:\/\/beatrice-mueller.de\/fr\/\"},{\"@type\":\"ListItem\",\"position\":2,\"name\":\"Boutique\",\"item\":\"https:\/\/beatrice-mueller.de\/fr\/boutique-2\/\"},{\"@type\":\"ListItem\",\"position\":3,\"name\":\"Bracelet APPLE en argent 925 plaqu\u00e9 palladium blanc\"}]},{\"@type\":\"WebSite\",\"@id\":\"https:\/\/beatrice-mueller.de\/fr\/#website\",\"url\":\"https:\/\/beatrice-mueller.de\/fr\/\",\"name\":\"Beatrice M\u00fcller\",\"description\":\"Schmuckdesign\",\"potentialAction\":[{\"@type\":\"SearchAction\",\"target\":{\"@type\":\"EntryPoint\",\"urlTemplate\":\"https:\/\/beatrice-mueller.de\/fr\/?s={search_term_string}\"},\"query-input\":{\"@type\":\"PropertyValueSpecification\",\"valueRequired\":true,\"valueName\":\"search_term_string\"}}],\"inLanguage\":\"fr-FR\"}]}<\/script>\n<!-- \/ Yoast SEO plugin. -->","yoast_head_json":{"title":"Bracelet APPLE en argent 925 plaqu\u00e9 palladium blanc - Beatrice M\u00fcller","robots":{"index":"index","follow":"follow","max-snippet":"max-snippet:-1","max-image-preview":"max-image-preview:large","max-video-preview":"max-video-preview:-1"},"canonical":"https:\/\/beatrice-mueller.de\/fr\/produit\/bracelet-apple-en-argent-925-plaque-palladium-blanc\/","og_locale":"fr_FR","og_type":"article","og_title":"Bracelet APPLE en argent 925 plaqu\u00e9 palladium blanc - Beatrice M\u00fcller","og_description":"Dans de nombreuses cultures, la pomme est un symbole de sagesse, d\u2019immortalit\u00e9, de beaut\u00e9 et de jeunesse. De plus, c\u2019est bon pour la sant\u00e9 et, selon un vieux dicton, cela \u00e9loigne le m\u00e9decin. C&#8217;est vous qui d\u00e9cidez ce que le fruit signifie pour vous. Caract\u00e9ristiques: \u2718 Surface en argent polie \u00e0 la main avec poin\u00e7on [&hellip;]","og_url":"https:\/\/beatrice-mueller.de\/fr\/produit\/bracelet-apple-en-argent-925-plaque-palladium-blanc\/","og_site_name":"Beatrice M\u00fcller","og_image":[{"width":1000,"height":1000,"url":"https:\/\/beatrice-mueller.de\/wp-content\/uploads\/2022\/02\/X-DESIGN-Armband-Apfel-Weiss-Tuerkis.jpg","type":"image\/jpeg"}],"twitter_card":"summary_large_image","twitter_misc":{"Dur\u00e9e de lecture estim\u00e9e":"1 minute"},"schema":{"@context":"https:\/\/schema.org","@graph":[{"@type":"WebPage","@id":"https:\/\/beatrice-mueller.de\/fr\/produit\/bracelet-apple-en-argent-925-plaque-palladium-blanc\/","url":"https:\/\/beatrice-mueller.de\/fr\/produit\/bracelet-apple-en-argent-925-plaque-palladium-blanc\/","name":"Bracelet APPLE en argent 925 plaqu\u00e9 palladium blanc - Beatrice M\u00fcller","isPartOf":{"@id":"https:\/\/beatrice-mueller.de\/fr\/#website"},"primaryImageOfPage":{"@id":"https:\/\/beatrice-mueller.de\/fr\/produit\/bracelet-apple-en-argent-925-plaque-palladium-blanc\/#primaryimage"},"image":{"@id":"https:\/\/beatrice-mueller.de\/fr\/produit\/bracelet-apple-en-argent-925-plaque-palladium-blanc\/#primaryimage"},"thumbnailUrl":"https:\/\/beatrice-mueller.de\/wp-content\/uploads\/2022\/02\/X-DESIGN-Armband-Apfel-Weiss-Tuerkis.jpg","datePublished":"2025-02-16T11:56:58+00:00","breadcrumb":{"@id":"https:\/\/beatrice-mueller.de\/fr\/produit\/bracelet-apple-en-argent-925-plaque-palladium-blanc\/#breadcrumb"},"inLanguage":"fr-FR","potentialAction":[{"@type":"ReadAction","target":["https:\/\/beatrice-mueller.de\/fr\/produit\/bracelet-apple-en-argent-925-plaque-palladium-blanc\/"]}]},{"@type":"ImageObject","inLanguage":"fr-FR","@id":"https:\/\/beatrice-mueller.de\/fr\/produit\/bracelet-apple-en-argent-925-plaque-palladium-blanc\/#primaryimage","url":"https:\/\/beatrice-mueller.de\/wp-content\/uploads\/2022\/02\/X-DESIGN-Armband-Apfel-Weiss-Tuerkis.jpg","contentUrl":"https:\/\/beatrice-mueller.de\/wp-content\/uploads\/2022\/02\/X-DESIGN-Armband-Apfel-Weiss-Tuerkis.jpg","width":1000,"height":1000},{"@type":"BreadcrumbList","@id":"https:\/\/beatrice-mueller.de\/fr\/produit\/bracelet-apple-en-argent-925-plaque-palladium-blanc\/#breadcrumb","itemListElement":[{"@type":"ListItem","position":1,"name":"Startseite","item":"https:\/\/beatrice-mueller.de\/fr\/"},{"@type":"ListItem","position":2,"name":"Boutique","item":"https:\/\/beatrice-mueller.de\/fr\/boutique-2\/"},{"@type":"ListItem","position":3,"name":"Bracelet APPLE en argent 925 plaqu\u00e9 palladium blanc"}]},{"@type":"WebSite","@id":"https:\/\/beatrice-mueller.de\/fr\/#website","url":"https:\/\/beatrice-mueller.de\/fr\/","name":"Beatrice M\u00fcller","description":"Schmuckdesign","potentialAction":[{"@type":"SearchAction","target":{"@type":"EntryPoint","urlTemplate":"https:\/\/beatrice-mueller.de\/fr\/?s={search_term_string}"},"query-input":{"@type":"PropertyValueSpecification","valueRequired":true,"valueName":"search_term_string"}}],"inLanguage":"fr-FR"}]}},"_links":{"self":[{"href":"https:\/\/beatrice-mueller.de\/fr\/wp-json\/wp\/v2\/product\/21642","targetHints":{"allow":["GET"]}}],"collection":[{"href":"https:\/\/beatrice-mueller.de\/fr\/wp-json\/wp\/v2\/product"}],"about":[{"href":"https:\/\/beatrice-mueller.de\/fr\/wp-json\/wp\/v2\/types\/product"}],"replies":[{"embeddable":true,"href":"https:\/\/beatrice-mueller.de\/fr\/wp-json\/wp\/v2\/comments?post=21642"}],"wp:featuredmedia":[{"embeddable":true,"href":"https:\/\/beatrice-mueller.de\/fr\/wp-json\/wp\/v2\/media\/21646"}],"wp:attachment":[{"href":"https:\/\/beatrice-mueller.de\/fr\/wp-json\/wp\/v2\/media?parent=21642"}],"wp:term":[{"taxonomy":"product_brand","embeddable":true,"href":"https:\/\/beatrice-mueller.de\/fr\/wp-json\/wp\/v2\/product_brand?post=21642"},{"taxonomy":"product_cat","embeddable":true,"href":"https:\/\/beatrice-mueller.de\/fr\/wp-json\/wp\/v2\/product_cat?post=21642"},{"taxonomy":"product_tag","embeddable":true,"href":"https:\/\/beatrice-mueller.de\/fr\/wp-json\/wp\/v2\/product_tag?post=21642"}],"curies":[{"name":"wp","href":"https:\/\/api.w.org\/{rel}","templated":true}]}}