{"id":21785,"date":"2025-02-16T12:57:00","date_gmt":"2025-02-16T11:57:00","guid":{"rendered":"https:\/\/beatrice-mueller.de\/produkt\/collier-no-stress-xl-en-argent-925-plaque-platine-jaune\/"},"modified":"2025-02-16T12:57:00","modified_gmt":"2025-02-16T11:57:00","slug":"collier-no-stress-xl-en-argent-925-plaque-platine-jaune","status":"publish","type":"product","link":"https:\/\/beatrice-mueller.de\/fr\/produit\/collier-no-stress-xl-en-argent-925-plaque-platine-jaune\/","title":{"rendered":"Collier NO STRESS XL en argent 925 plaqu\u00e9 platine jaune"},"content":{"rendered":"<div class=\"content--title\">\n<p>L\u2019agitation constante de la vie quotidienne n\u2019a pas lieu d\u2019\u00eatre&nbsp;! Choisissez votre collier pr\u00e9f\u00e9r\u00e9 et int\u00e9grez la pens\u00e9e NO STRESS dans votre vie. <\/p>\n<p><strong>Vous souhaitez une taille diff\u00e9rente ? Indiquez simplement la longueur souhait\u00e9e lors de votre commande ! <\/strong><\/p>\n<p><u>Caract\u00e9ristiques:<\/u><\/p>\n<p><span style=\"color: #ff0000\">\u2718<\/span> Le cordon est disponible en 16 couleurs diff\u00e9rentes.<\/p>\n<p><span style=\"color: #ff0000\">\u2718<\/span> Longueur r\u00e9glable gr\u00e2ce au cube coulissant.<\/p>\n<p><span style=\"color: #ff0000\">\u2718<\/span> Surface argent poli ou mat sur demande.<\/p>\n<div class=\"product--description\">\n<table border=\"0\">\n<tbody>\n<tr>\n<td><strong>Bijoux en mat\u00e9riaux<\/strong><\/td>\n<td>Argent 925 plaqu\u00e9 platine jaune<\/td>\n<\/tr>\n<tr>\n<td><strong>surface<\/strong><\/td>\n<td>poli \/ mat<\/td>\n<\/tr>\n<tr>\n<td><strong>plaque \u00f8<\/strong><\/td>\n<td>22,0 mm<\/td>\n<\/tr>\n<tr>\n<td><strong>\u00e9paisseur du mat\u00e9riau de la plaque<\/strong><\/td>\n<td>1,1 mm<\/td>\n<\/tr>\n<tr>\n<td><strong>longueur de bande<\/strong><\/td>\n<td>62 cm &#8211; 140 cm<\/td>\n<\/tr>\n<tr>\n<td><strong>Bande de mat\u00e9riau<br \/>\n<\/strong><\/td>\n<td>fil industriel, r\u00e9sistant \u00e0 la d\u00e9chirure<\/td>\n<\/tr>\n<\/tbody>\n<\/table>\n<\/div>\n<\/div>\n","protected":false},"excerpt":{"rendered":"<p>L\u2019agitation constante de la vie quotidienne n\u2019a pas lieu d\u2019\u00eatre&nbsp;! Choisissez votre collier pr\u00e9f\u00e9r\u00e9 et int\u00e9grez la pens\u00e9e NO STRESS dans votre vie. Vous souhaitez une taille diff\u00e9rente ? Indiquez simplement la longueur souhait\u00e9e lors de votre commande ! Caract\u00e9ristiques: \u2718 Le cordon est disponible en 16 couleurs diff\u00e9rentes. \u2718 Longueur r\u00e9glable gr\u00e2ce au cube [&hellip;]<\/p>\n","protected":false},"featured_media":21791,"comment_status":"closed","ping_status":"closed","template":"","meta":{"_glsr_average":0,"_glsr_ranking":0,"_glsr_reviews":0},"product_brand":[],"product_cat":[562],"product_tag":[566,567,563],"class_list":{"0":"post-21785","1":"product","2":"type-product","3":"status-publish","4":"has-post-thumbnail","6":"product_cat-colliers","7":"product_tag-chaines","8":"product_tag-collier-anti-stress","9":"product_tag-conception-x","10":"pa_fadenfarbe-amethyste","11":"pa_fadenfarbe-beige-fr","12":"pa_fadenfarbe-bleu","13":"pa_fadenfarbe-bleu-fonce","14":"pa_fadenfarbe-gris","15":"pa_fadenfarbe-jaune","16":"pa_fadenfarbe-noir","17":"pa_fadenfarbe-olive-fr","18":"pa_fadenfarbe-rose-fonce","19":"pa_fadenfarbe-rouge","20":"pa_fadenfarbe-rouge-corail","21":"pa_fadenfarbe-rouge-grenat","22":"pa_fadenfarbe-turquoise","23":"pa_fadenfarbe-vert","24":"pa_fadenfarbe-vert-de-chasse","25":"pa_fadenfarbe-violet","26":"pa_kettenlaenge-baby-bauch-laenge-140-cm-fr","27":"pa_kettenlaenge-normale-laenge-62-cm-fr","28":"pa_marke-x-design-fr","29":"pa_oberflaeche-plaettchen-fliessmatt-fr","30":"pa_oberflaeche-plaettchen-poliert-fr","32":"first","33":"instock","34":"taxable","35":"shipping-taxable","36":"purchasable","37":"product-type-variable"},"exclude_global_add_ons":[],"addons":[],"yoast_head":"<!-- This site is optimized with the Yoast SEO plugin v25.6 - https:\/\/yoast.com\/wordpress\/plugins\/seo\/ -->\n<title>Collier NO STRESS XL en argent 925 plaqu\u00e9 platine jaune - Beatrice M\u00fcller<\/title>\n<meta name=\"robots\" content=\"index, follow, max-snippet:-1, max-image-preview:large, max-video-preview:-1\" \/>\n<link rel=\"canonical\" href=\"https:\/\/beatrice-mueller.de\/fr\/produit\/collier-no-stress-xl-en-argent-925-plaque-platine-jaune\/\" \/>\n<meta property=\"og:locale\" content=\"fr_FR\" \/>\n<meta property=\"og:type\" content=\"article\" \/>\n<meta property=\"og:title\" content=\"Collier NO STRESS XL en argent 925 plaqu\u00e9 platine jaune - Beatrice M\u00fcller\" \/>\n<meta property=\"og:description\" content=\"L\u2019agitation constante de la vie quotidienne n\u2019a pas lieu d\u2019\u00eatre&nbsp;! Choisissez votre collier pr\u00e9f\u00e9r\u00e9 et int\u00e9grez la pens\u00e9e NO STRESS dans votre vie. Vous souhaitez une taille diff\u00e9rente ? Indiquez simplement la longueur souhait\u00e9e lors de votre commande ! Caract\u00e9ristiques: \u2718 Le cordon est disponible en 16 couleurs diff\u00e9rentes. \u2718 Longueur r\u00e9glable gr\u00e2ce au cube [&hellip;]\" \/>\n<meta property=\"og:url\" content=\"https:\/\/beatrice-mueller.de\/fr\/produit\/collier-no-stress-xl-en-argent-925-plaque-platine-jaune\/\" \/>\n<meta property=\"og:site_name\" content=\"Beatrice M\u00fcller\" \/>\n<meta property=\"og:image\" content=\"https:\/\/beatrice-mueller.de\/wp-content\/uploads\/2022\/02\/3_8342e4e6-a841-4d7b-b7ca-d9551b1dc1f7.jpg\" \/>\n\t<meta property=\"og:image:width\" content=\"800\" \/>\n\t<meta property=\"og:image:height\" content=\"800\" \/>\n\t<meta property=\"og:image:type\" content=\"image\/jpeg\" \/>\n<meta name=\"twitter:card\" content=\"summary_large_image\" \/>\n<meta name=\"twitter:label1\" content=\"Dur\u00e9e de lecture estim\u00e9e\" \/>\n\t<meta name=\"twitter:data1\" content=\"1 minute\" \/>\n<script type=\"application\/ld+json\" class=\"yoast-schema-graph\">{\"@context\":\"https:\/\/schema.org\",\"@graph\":[{\"@type\":\"WebPage\",\"@id\":\"https:\/\/beatrice-mueller.de\/fr\/produit\/collier-no-stress-xl-en-argent-925-plaque-platine-jaune\/\",\"url\":\"https:\/\/beatrice-mueller.de\/fr\/produit\/collier-no-stress-xl-en-argent-925-plaque-platine-jaune\/\",\"name\":\"Collier NO STRESS XL en argent 925 plaqu\u00e9 platine jaune - Beatrice M\u00fcller\",\"isPartOf\":{\"@id\":\"https:\/\/beatrice-mueller.de\/fr\/#website\"},\"primaryImageOfPage\":{\"@id\":\"https:\/\/beatrice-mueller.de\/fr\/produit\/collier-no-stress-xl-en-argent-925-plaque-platine-jaune\/#primaryimage\"},\"image\":{\"@id\":\"https:\/\/beatrice-mueller.de\/fr\/produit\/collier-no-stress-xl-en-argent-925-plaque-platine-jaune\/#primaryimage\"},\"thumbnailUrl\":\"https:\/\/beatrice-mueller.de\/wp-content\/uploads\/2022\/02\/3_8342e4e6-a841-4d7b-b7ca-d9551b1dc1f7.jpg\",\"datePublished\":\"2025-02-16T11:57:00+00:00\",\"breadcrumb\":{\"@id\":\"https:\/\/beatrice-mueller.de\/fr\/produit\/collier-no-stress-xl-en-argent-925-plaque-platine-jaune\/#breadcrumb\"},\"inLanguage\":\"fr-FR\",\"potentialAction\":[{\"@type\":\"ReadAction\",\"target\":[\"https:\/\/beatrice-mueller.de\/fr\/produit\/collier-no-stress-xl-en-argent-925-plaque-platine-jaune\/\"]}]},{\"@type\":\"ImageObject\",\"inLanguage\":\"fr-FR\",\"@id\":\"https:\/\/beatrice-mueller.de\/fr\/produit\/collier-no-stress-xl-en-argent-925-plaque-platine-jaune\/#primaryimage\",\"url\":\"https:\/\/beatrice-mueller.de\/wp-content\/uploads\/2022\/02\/3_8342e4e6-a841-4d7b-b7ca-d9551b1dc1f7.jpg\",\"contentUrl\":\"https:\/\/beatrice-mueller.de\/wp-content\/uploads\/2022\/02\/3_8342e4e6-a841-4d7b-b7ca-d9551b1dc1f7.jpg\",\"width\":800,\"height\":800},{\"@type\":\"BreadcrumbList\",\"@id\":\"https:\/\/beatrice-mueller.de\/fr\/produit\/collier-no-stress-xl-en-argent-925-plaque-platine-jaune\/#breadcrumb\",\"itemListElement\":[{\"@type\":\"ListItem\",\"position\":1,\"name\":\"Startseite\",\"item\":\"https:\/\/beatrice-mueller.de\/fr\/\"},{\"@type\":\"ListItem\",\"position\":2,\"name\":\"Boutique\",\"item\":\"https:\/\/beatrice-mueller.de\/fr\/boutique-2\/\"},{\"@type\":\"ListItem\",\"position\":3,\"name\":\"Collier NO STRESS XL en argent 925 plaqu\u00e9 platine jaune\"}]},{\"@type\":\"WebSite\",\"@id\":\"https:\/\/beatrice-mueller.de\/fr\/#website\",\"url\":\"https:\/\/beatrice-mueller.de\/fr\/\",\"name\":\"Beatrice M\u00fcller\",\"description\":\"Schmuckdesign\",\"potentialAction\":[{\"@type\":\"SearchAction\",\"target\":{\"@type\":\"EntryPoint\",\"urlTemplate\":\"https:\/\/beatrice-mueller.de\/fr\/?s={search_term_string}\"},\"query-input\":{\"@type\":\"PropertyValueSpecification\",\"valueRequired\":true,\"valueName\":\"search_term_string\"}}],\"inLanguage\":\"fr-FR\"}]}<\/script>\n<!-- \/ Yoast SEO plugin. -->","yoast_head_json":{"title":"Collier NO STRESS XL en argent 925 plaqu\u00e9 platine jaune - Beatrice M\u00fcller","robots":{"index":"index","follow":"follow","max-snippet":"max-snippet:-1","max-image-preview":"max-image-preview:large","max-video-preview":"max-video-preview:-1"},"canonical":"https:\/\/beatrice-mueller.de\/fr\/produit\/collier-no-stress-xl-en-argent-925-plaque-platine-jaune\/","og_locale":"fr_FR","og_type":"article","og_title":"Collier NO STRESS XL en argent 925 plaqu\u00e9 platine jaune - Beatrice M\u00fcller","og_description":"L\u2019agitation constante de la vie quotidienne n\u2019a pas lieu d\u2019\u00eatre&nbsp;! Choisissez votre collier pr\u00e9f\u00e9r\u00e9 et int\u00e9grez la pens\u00e9e NO STRESS dans votre vie. Vous souhaitez une taille diff\u00e9rente ? Indiquez simplement la longueur souhait\u00e9e lors de votre commande ! Caract\u00e9ristiques: \u2718 Le cordon est disponible en 16 couleurs diff\u00e9rentes. \u2718 Longueur r\u00e9glable gr\u00e2ce au cube [&hellip;]","og_url":"https:\/\/beatrice-mueller.de\/fr\/produit\/collier-no-stress-xl-en-argent-925-plaque-platine-jaune\/","og_site_name":"Beatrice M\u00fcller","og_image":[{"width":800,"height":800,"url":"https:\/\/beatrice-mueller.de\/wp-content\/uploads\/2022\/02\/3_8342e4e6-a841-4d7b-b7ca-d9551b1dc1f7.jpg","type":"image\/jpeg"}],"twitter_card":"summary_large_image","twitter_misc":{"Dur\u00e9e de lecture estim\u00e9e":"1 minute"},"schema":{"@context":"https:\/\/schema.org","@graph":[{"@type":"WebPage","@id":"https:\/\/beatrice-mueller.de\/fr\/produit\/collier-no-stress-xl-en-argent-925-plaque-platine-jaune\/","url":"https:\/\/beatrice-mueller.de\/fr\/produit\/collier-no-stress-xl-en-argent-925-plaque-platine-jaune\/","name":"Collier NO STRESS XL en argent 925 plaqu\u00e9 platine jaune - Beatrice M\u00fcller","isPartOf":{"@id":"https:\/\/beatrice-mueller.de\/fr\/#website"},"primaryImageOfPage":{"@id":"https:\/\/beatrice-mueller.de\/fr\/produit\/collier-no-stress-xl-en-argent-925-plaque-platine-jaune\/#primaryimage"},"image":{"@id":"https:\/\/beatrice-mueller.de\/fr\/produit\/collier-no-stress-xl-en-argent-925-plaque-platine-jaune\/#primaryimage"},"thumbnailUrl":"https:\/\/beatrice-mueller.de\/wp-content\/uploads\/2022\/02\/3_8342e4e6-a841-4d7b-b7ca-d9551b1dc1f7.jpg","datePublished":"2025-02-16T11:57:00+00:00","breadcrumb":{"@id":"https:\/\/beatrice-mueller.de\/fr\/produit\/collier-no-stress-xl-en-argent-925-plaque-platine-jaune\/#breadcrumb"},"inLanguage":"fr-FR","potentialAction":[{"@type":"ReadAction","target":["https:\/\/beatrice-mueller.de\/fr\/produit\/collier-no-stress-xl-en-argent-925-plaque-platine-jaune\/"]}]},{"@type":"ImageObject","inLanguage":"fr-FR","@id":"https:\/\/beatrice-mueller.de\/fr\/produit\/collier-no-stress-xl-en-argent-925-plaque-platine-jaune\/#primaryimage","url":"https:\/\/beatrice-mueller.de\/wp-content\/uploads\/2022\/02\/3_8342e4e6-a841-4d7b-b7ca-d9551b1dc1f7.jpg","contentUrl":"https:\/\/beatrice-mueller.de\/wp-content\/uploads\/2022\/02\/3_8342e4e6-a841-4d7b-b7ca-d9551b1dc1f7.jpg","width":800,"height":800},{"@type":"BreadcrumbList","@id":"https:\/\/beatrice-mueller.de\/fr\/produit\/collier-no-stress-xl-en-argent-925-plaque-platine-jaune\/#breadcrumb","itemListElement":[{"@type":"ListItem","position":1,"name":"Startseite","item":"https:\/\/beatrice-mueller.de\/fr\/"},{"@type":"ListItem","position":2,"name":"Boutique","item":"https:\/\/beatrice-mueller.de\/fr\/boutique-2\/"},{"@type":"ListItem","position":3,"name":"Collier NO STRESS XL en argent 925 plaqu\u00e9 platine jaune"}]},{"@type":"WebSite","@id":"https:\/\/beatrice-mueller.de\/fr\/#website","url":"https:\/\/beatrice-mueller.de\/fr\/","name":"Beatrice M\u00fcller","description":"Schmuckdesign","potentialAction":[{"@type":"SearchAction","target":{"@type":"EntryPoint","urlTemplate":"https:\/\/beatrice-mueller.de\/fr\/?s={search_term_string}"},"query-input":{"@type":"PropertyValueSpecification","valueRequired":true,"valueName":"search_term_string"}}],"inLanguage":"fr-FR"}]}},"_links":{"self":[{"href":"https:\/\/beatrice-mueller.de\/fr\/wp-json\/wp\/v2\/product\/21785","targetHints":{"allow":["GET"]}}],"collection":[{"href":"https:\/\/beatrice-mueller.de\/fr\/wp-json\/wp\/v2\/product"}],"about":[{"href":"https:\/\/beatrice-mueller.de\/fr\/wp-json\/wp\/v2\/types\/product"}],"replies":[{"embeddable":true,"href":"https:\/\/beatrice-mueller.de\/fr\/wp-json\/wp\/v2\/comments?post=21785"}],"wp:featuredmedia":[{"embeddable":true,"href":"https:\/\/beatrice-mueller.de\/fr\/wp-json\/wp\/v2\/media\/21791"}],"wp:attachment":[{"href":"https:\/\/beatrice-mueller.de\/fr\/wp-json\/wp\/v2\/media?parent=21785"}],"wp:term":[{"taxonomy":"product_brand","embeddable":true,"href":"https:\/\/beatrice-mueller.de\/fr\/wp-json\/wp\/v2\/product_brand?post=21785"},{"taxonomy":"product_cat","embeddable":true,"href":"https:\/\/beatrice-mueller.de\/fr\/wp-json\/wp\/v2\/product_cat?post=21785"},{"taxonomy":"product_tag","embeddable":true,"href":"https:\/\/beatrice-mueller.de\/fr\/wp-json\/wp\/v2\/product_tag?post=21785"}],"curies":[{"name":"wp","href":"https:\/\/api.w.org\/{rel}","templated":true}]}}