{"id":22047,"date":"2025-02-16T12:57:09","date_gmt":"2025-02-16T11:57:09","guid":{"rendered":"https:\/\/beatrice-mueller.de\/produkt\/bracelet-no-stress-en-argent-925-plaque-or-rose-platine\/"},"modified":"2025-02-16T12:57:09","modified_gmt":"2025-02-16T11:57:09","slug":"bracelet-no-stress-en-argent-925-plaque-or-rose-platine","status":"publish","type":"product","link":"https:\/\/beatrice-mueller.de\/fr\/produit\/bracelet-no-stress-en-argent-925-plaque-or-rose-platine\/","title":{"rendered":"Bracelet NO STRESS en argent 925 plaqu\u00e9 or rose platine"},"content":{"rendered":"<p>Connaissez-vous le probl\u00e8me du stress ? Le label X-Design de Beatrice M\u00fcller signifie NO STRESS. Depuis 2015, le fil conducteur de nos collections montre la direction. Les th\u00e8mes sont fid\u00e8les \u00e0 la r\u00e9alit\u00e9 et deviennent tangibles dans les produits : PAS DE STRESS, ralentir et \u00eatre conscient sont notre th\u00e8me. Le T tourn\u00e9 montre qu&#8217;un changement d&#8217;alignement suffit \u00e0 supprimer la puissance du stress.    <\/p>\n<p>Portez NO STRESS en toute conscience et ne laissez pas l\u2019agitation de la vie quotidienne vous influencer. Choisissez votre bracelet pr\u00e9f\u00e9r\u00e9 et int\u00e9grez la pens\u00e9e NO STRESS dans votre vie. <\/p>\n<p><u>Caract\u00e9ristiques:<\/u><\/p>\n<p><span style=\"color: #ff0000\">\u2718<\/span> Le cordon est disponible en 16 couleurs diff\u00e9rentes.<\/p>\n<p><span style=\"color: #ff0000\">\u2718<\/span> S&#8217;adapte \u00e0 tous les poignets gr\u00e2ce au cube coulissant.<\/p>\n<p><span style=\"color: #ff0000\">\u2718<\/span> Le bracelet pr\u00e9f\u00e9r\u00e9 est disponible en trois surfaces et trois couleurs<\/p>\n<p><span data-mce-mark=\"1\"> <\/span><\/p>\n<div class=\"product--description\">\n<table border=\"0\">\n<tbody>\n<tr>\n<td><span data-mce-mark=\"1\"><strong>Bijoux en mat\u00e9riaux<\/strong><\/span><\/td>\n<td><span data-mce-mark=\"1\">Argent 925 plaqu\u00e9 or rose platine<\/span><\/td>\n<\/tr>\n<tr>\n<td><span data-mce-mark=\"1\"><strong>surface<\/strong><\/span><\/td>\n<td><span data-mce-mark=\"1\">poli \/ mat fluide \/ mat diamant\u00e9<\/span><\/td>\n<\/tr>\n<tr>\n<td><span data-mce-mark=\"1\"><strong>plaque \u00f8<\/strong><\/span><\/td>\n<td><span data-mce-mark=\"1\">14,9 mm<\/span><\/td>\n<\/tr>\n<tr>\n<td><span data-mce-mark=\"1\"><strong>\u00e9paisseur du mat\u00e9riau de la plaque<\/strong><\/span><\/td>\n<td><span data-mce-mark=\"1\">0,9 mm<\/span><\/td>\n<\/tr>\n<tr>\n<td><span data-mce-mark=\"1\"><strong>groupe<\/strong><\/span><\/td>\n<td><span data-mce-mark=\"1\">fil industriel, absolument r\u00e9sistant \u00e0 la d\u00e9chirure<br \/>\n<\/span><\/td>\n<\/tr>\n<\/tbody>\n<\/table>\n<\/div>\n","protected":false},"excerpt":{"rendered":"<p>Connaissez-vous le probl\u00e8me du stress ? Le label X-Design de Beatrice M\u00fcller signifie NO STRESS. Depuis 2015, le fil conducteur de nos collections montre la direction. Les th\u00e8mes sont fid\u00e8les \u00e0 la r\u00e9alit\u00e9 et deviennent tangibles dans les produits : PAS DE STRESS, ralentir et \u00eatre conscient sont notre th\u00e8me. Le T tourn\u00e9 montre qu&#8217;un [&hellip;]<\/p>\n","protected":false},"featured_media":22206,"comment_status":"closed","ping_status":"closed","template":"","meta":{"_glsr_average":0,"_glsr_ranking":0,"_glsr_reviews":0},"product_brand":[],"product_cat":[570],"product_tag":[603,571,563],"class_list":{"0":"post-22047","1":"product","2":"type-product","3":"status-publish","4":"has-post-thumbnail","6":"product_cat-bracelet","7":"product_tag-bracelet-anti-stress","8":"product_tag-bracelets","9":"product_tag-conception-x","10":"pa_fadenfarbe-amethyste","11":"pa_fadenfarbe-beige-fr","12":"pa_fadenfarbe-bleu","13":"pa_fadenfarbe-bleu-fonce","14":"pa_fadenfarbe-gris","15":"pa_fadenfarbe-jaune","16":"pa_fadenfarbe-noir","17":"pa_fadenfarbe-olive-fr","18":"pa_fadenfarbe-rose-fonce","19":"pa_fadenfarbe-rouge","20":"pa_fadenfarbe-rouge-corail","21":"pa_fadenfarbe-rouge-grenat","22":"pa_fadenfarbe-turquoise","23":"pa_fadenfarbe-vert","24":"pa_fadenfarbe-vert-de-chasse","25":"pa_fadenfarbe-violet","26":"pa_marke-x-design-fr","27":"pa_oberflaeche-scheibe-diamantmatt-fr","28":"pa_oberflaeche-scheibe-fliessmatt-fr","29":"pa_oberflaeche-scheibe-poliert-fr","31":"first","32":"instock","33":"taxable","34":"shipping-taxable","35":"purchasable","36":"product-type-variable"},"exclude_global_add_ons":[],"addons":[],"yoast_head":"<!-- This site is optimized with the Yoast SEO plugin v25.6 - https:\/\/yoast.com\/wordpress\/plugins\/seo\/ -->\n<title>Bracelet NO STRESS en argent 925 plaqu\u00e9 or rose platine - Beatrice M\u00fcller<\/title>\n<meta name=\"robots\" content=\"index, follow, max-snippet:-1, max-image-preview:large, max-video-preview:-1\" \/>\n<link rel=\"canonical\" href=\"https:\/\/beatrice-mueller.de\/fr\/produit\/bracelet-no-stress-en-argent-925-plaque-or-rose-platine\/\" \/>\n<meta property=\"og:locale\" content=\"fr_FR\" \/>\n<meta property=\"og:type\" content=\"article\" \/>\n<meta property=\"og:title\" content=\"Bracelet NO STRESS en argent 925 plaqu\u00e9 or rose platine - Beatrice M\u00fcller\" \/>\n<meta property=\"og:description\" content=\"Connaissez-vous le probl\u00e8me du stress ? Le label X-Design de Beatrice M\u00fcller signifie NO STRESS. Depuis 2015, le fil conducteur de nos collections montre la direction. Les th\u00e8mes sont fid\u00e8les \u00e0 la r\u00e9alit\u00e9 et deviennent tangibles dans les produits : PAS DE STRESS, ralentir et \u00eatre conscient sont notre th\u00e8me. Le T tourn\u00e9 montre qu&#8217;un [&hellip;]\" \/>\n<meta property=\"og:url\" content=\"https:\/\/beatrice-mueller.de\/fr\/produit\/bracelet-no-stress-en-argent-925-plaque-or-rose-platine\/\" \/>\n<meta property=\"og:site_name\" content=\"Beatrice M\u00fcller\" \/>\n<meta property=\"og:image\" content=\"https:\/\/beatrice-mueller.de\/wp-content\/uploads\/2022\/02\/No_Stress_Armband_rot_ganz_poliert_jagdgruen.jpg\" \/>\n\t<meta property=\"og:image:width\" content=\"938\" \/>\n\t<meta property=\"og:image:height\" content=\"986\" \/>\n\t<meta property=\"og:image:type\" content=\"image\/jpeg\" \/>\n<meta name=\"twitter:card\" content=\"summary_large_image\" \/>\n<meta name=\"twitter:label1\" content=\"Dur\u00e9e de lecture estim\u00e9e\" \/>\n\t<meta name=\"twitter:data1\" content=\"1 minute\" \/>\n<script type=\"application\/ld+json\" class=\"yoast-schema-graph\">{\"@context\":\"https:\/\/schema.org\",\"@graph\":[{\"@type\":\"WebPage\",\"@id\":\"https:\/\/beatrice-mueller.de\/fr\/produit\/bracelet-no-stress-en-argent-925-plaque-or-rose-platine\/\",\"url\":\"https:\/\/beatrice-mueller.de\/fr\/produit\/bracelet-no-stress-en-argent-925-plaque-or-rose-platine\/\",\"name\":\"Bracelet NO STRESS en argent 925 plaqu\u00e9 or rose platine - Beatrice M\u00fcller\",\"isPartOf\":{\"@id\":\"https:\/\/beatrice-mueller.de\/fr\/#website\"},\"primaryImageOfPage\":{\"@id\":\"https:\/\/beatrice-mueller.de\/fr\/produit\/bracelet-no-stress-en-argent-925-plaque-or-rose-platine\/#primaryimage\"},\"image\":{\"@id\":\"https:\/\/beatrice-mueller.de\/fr\/produit\/bracelet-no-stress-en-argent-925-plaque-or-rose-platine\/#primaryimage\"},\"thumbnailUrl\":\"https:\/\/beatrice-mueller.de\/wp-content\/uploads\/2022\/02\/No_Stress_Armband_rot_ganz_poliert_jagdgruen.jpg\",\"datePublished\":\"2025-02-16T11:57:09+00:00\",\"breadcrumb\":{\"@id\":\"https:\/\/beatrice-mueller.de\/fr\/produit\/bracelet-no-stress-en-argent-925-plaque-or-rose-platine\/#breadcrumb\"},\"inLanguage\":\"fr-FR\",\"potentialAction\":[{\"@type\":\"ReadAction\",\"target\":[\"https:\/\/beatrice-mueller.de\/fr\/produit\/bracelet-no-stress-en-argent-925-plaque-or-rose-platine\/\"]}]},{\"@type\":\"ImageObject\",\"inLanguage\":\"fr-FR\",\"@id\":\"https:\/\/beatrice-mueller.de\/fr\/produit\/bracelet-no-stress-en-argent-925-plaque-or-rose-platine\/#primaryimage\",\"url\":\"https:\/\/beatrice-mueller.de\/wp-content\/uploads\/2022\/02\/No_Stress_Armband_rot_ganz_poliert_jagdgruen.jpg\",\"contentUrl\":\"https:\/\/beatrice-mueller.de\/wp-content\/uploads\/2022\/02\/No_Stress_Armband_rot_ganz_poliert_jagdgruen.jpg\",\"width\":938,\"height\":986},{\"@type\":\"BreadcrumbList\",\"@id\":\"https:\/\/beatrice-mueller.de\/fr\/produit\/bracelet-no-stress-en-argent-925-plaque-or-rose-platine\/#breadcrumb\",\"itemListElement\":[{\"@type\":\"ListItem\",\"position\":1,\"name\":\"Startseite\",\"item\":\"https:\/\/beatrice-mueller.de\/fr\/\"},{\"@type\":\"ListItem\",\"position\":2,\"name\":\"Boutique\",\"item\":\"https:\/\/beatrice-mueller.de\/fr\/boutique-2\/\"},{\"@type\":\"ListItem\",\"position\":3,\"name\":\"Bracelet NO STRESS en argent 925 plaqu\u00e9 or rose platine\"}]},{\"@type\":\"WebSite\",\"@id\":\"https:\/\/beatrice-mueller.de\/fr\/#website\",\"url\":\"https:\/\/beatrice-mueller.de\/fr\/\",\"name\":\"Beatrice M\u00fcller\",\"description\":\"Schmuckdesign\",\"potentialAction\":[{\"@type\":\"SearchAction\",\"target\":{\"@type\":\"EntryPoint\",\"urlTemplate\":\"https:\/\/beatrice-mueller.de\/fr\/?s={search_term_string}\"},\"query-input\":{\"@type\":\"PropertyValueSpecification\",\"valueRequired\":true,\"valueName\":\"search_term_string\"}}],\"inLanguage\":\"fr-FR\"}]}<\/script>\n<!-- \/ Yoast SEO plugin. -->","yoast_head_json":{"title":"Bracelet NO STRESS en argent 925 plaqu\u00e9 or rose platine - Beatrice M\u00fcller","robots":{"index":"index","follow":"follow","max-snippet":"max-snippet:-1","max-image-preview":"max-image-preview:large","max-video-preview":"max-video-preview:-1"},"canonical":"https:\/\/beatrice-mueller.de\/fr\/produit\/bracelet-no-stress-en-argent-925-plaque-or-rose-platine\/","og_locale":"fr_FR","og_type":"article","og_title":"Bracelet NO STRESS en argent 925 plaqu\u00e9 or rose platine - Beatrice M\u00fcller","og_description":"Connaissez-vous le probl\u00e8me du stress ? Le label X-Design de Beatrice M\u00fcller signifie NO STRESS. Depuis 2015, le fil conducteur de nos collections montre la direction. Les th\u00e8mes sont fid\u00e8les \u00e0 la r\u00e9alit\u00e9 et deviennent tangibles dans les produits : PAS DE STRESS, ralentir et \u00eatre conscient sont notre th\u00e8me. Le T tourn\u00e9 montre qu&#8217;un [&hellip;]","og_url":"https:\/\/beatrice-mueller.de\/fr\/produit\/bracelet-no-stress-en-argent-925-plaque-or-rose-platine\/","og_site_name":"Beatrice M\u00fcller","og_image":[{"width":938,"height":986,"url":"https:\/\/beatrice-mueller.de\/wp-content\/uploads\/2022\/02\/No_Stress_Armband_rot_ganz_poliert_jagdgruen.jpg","type":"image\/jpeg"}],"twitter_card":"summary_large_image","twitter_misc":{"Dur\u00e9e de lecture estim\u00e9e":"1 minute"},"schema":{"@context":"https:\/\/schema.org","@graph":[{"@type":"WebPage","@id":"https:\/\/beatrice-mueller.de\/fr\/produit\/bracelet-no-stress-en-argent-925-plaque-or-rose-platine\/","url":"https:\/\/beatrice-mueller.de\/fr\/produit\/bracelet-no-stress-en-argent-925-plaque-or-rose-platine\/","name":"Bracelet NO STRESS en argent 925 plaqu\u00e9 or rose platine - Beatrice M\u00fcller","isPartOf":{"@id":"https:\/\/beatrice-mueller.de\/fr\/#website"},"primaryImageOfPage":{"@id":"https:\/\/beatrice-mueller.de\/fr\/produit\/bracelet-no-stress-en-argent-925-plaque-or-rose-platine\/#primaryimage"},"image":{"@id":"https:\/\/beatrice-mueller.de\/fr\/produit\/bracelet-no-stress-en-argent-925-plaque-or-rose-platine\/#primaryimage"},"thumbnailUrl":"https:\/\/beatrice-mueller.de\/wp-content\/uploads\/2022\/02\/No_Stress_Armband_rot_ganz_poliert_jagdgruen.jpg","datePublished":"2025-02-16T11:57:09+00:00","breadcrumb":{"@id":"https:\/\/beatrice-mueller.de\/fr\/produit\/bracelet-no-stress-en-argent-925-plaque-or-rose-platine\/#breadcrumb"},"inLanguage":"fr-FR","potentialAction":[{"@type":"ReadAction","target":["https:\/\/beatrice-mueller.de\/fr\/produit\/bracelet-no-stress-en-argent-925-plaque-or-rose-platine\/"]}]},{"@type":"ImageObject","inLanguage":"fr-FR","@id":"https:\/\/beatrice-mueller.de\/fr\/produit\/bracelet-no-stress-en-argent-925-plaque-or-rose-platine\/#primaryimage","url":"https:\/\/beatrice-mueller.de\/wp-content\/uploads\/2022\/02\/No_Stress_Armband_rot_ganz_poliert_jagdgruen.jpg","contentUrl":"https:\/\/beatrice-mueller.de\/wp-content\/uploads\/2022\/02\/No_Stress_Armband_rot_ganz_poliert_jagdgruen.jpg","width":938,"height":986},{"@type":"BreadcrumbList","@id":"https:\/\/beatrice-mueller.de\/fr\/produit\/bracelet-no-stress-en-argent-925-plaque-or-rose-platine\/#breadcrumb","itemListElement":[{"@type":"ListItem","position":1,"name":"Startseite","item":"https:\/\/beatrice-mueller.de\/fr\/"},{"@type":"ListItem","position":2,"name":"Boutique","item":"https:\/\/beatrice-mueller.de\/fr\/boutique-2\/"},{"@type":"ListItem","position":3,"name":"Bracelet NO STRESS en argent 925 plaqu\u00e9 or rose platine"}]},{"@type":"WebSite","@id":"https:\/\/beatrice-mueller.de\/fr\/#website","url":"https:\/\/beatrice-mueller.de\/fr\/","name":"Beatrice M\u00fcller","description":"Schmuckdesign","potentialAction":[{"@type":"SearchAction","target":{"@type":"EntryPoint","urlTemplate":"https:\/\/beatrice-mueller.de\/fr\/?s={search_term_string}"},"query-input":{"@type":"PropertyValueSpecification","valueRequired":true,"valueName":"search_term_string"}}],"inLanguage":"fr-FR"}]}},"_links":{"self":[{"href":"https:\/\/beatrice-mueller.de\/fr\/wp-json\/wp\/v2\/product\/22047","targetHints":{"allow":["GET"]}}],"collection":[{"href":"https:\/\/beatrice-mueller.de\/fr\/wp-json\/wp\/v2\/product"}],"about":[{"href":"https:\/\/beatrice-mueller.de\/fr\/wp-json\/wp\/v2\/types\/product"}],"replies":[{"embeddable":true,"href":"https:\/\/beatrice-mueller.de\/fr\/wp-json\/wp\/v2\/comments?post=22047"}],"wp:featuredmedia":[{"embeddable":true,"href":"https:\/\/beatrice-mueller.de\/fr\/wp-json\/wp\/v2\/media\/22206"}],"wp:attachment":[{"href":"https:\/\/beatrice-mueller.de\/fr\/wp-json\/wp\/v2\/media?parent=22047"}],"wp:term":[{"taxonomy":"product_brand","embeddable":true,"href":"https:\/\/beatrice-mueller.de\/fr\/wp-json\/wp\/v2\/product_brand?post=22047"},{"taxonomy":"product_cat","embeddable":true,"href":"https:\/\/beatrice-mueller.de\/fr\/wp-json\/wp\/v2\/product_cat?post=22047"},{"taxonomy":"product_tag","embeddable":true,"href":"https:\/\/beatrice-mueller.de\/fr\/wp-json\/wp\/v2\/product_tag?post=22047"}],"curies":[{"name":"wp","href":"https:\/\/api.w.org\/{rel}","templated":true}]}}