{"id":22494,"date":"2025-02-16T12:57:18","date_gmt":"2025-02-16T11:57:18","guid":{"rendered":"https:\/\/beatrice-mueller.de\/produkt\/bracelet-du-roi\/"},"modified":"2025-02-16T12:57:18","modified_gmt":"2025-02-16T11:57:18","slug":"bracelet-du-roi","status":"publish","type":"product","link":"https:\/\/beatrice-mueller.de\/fr\/produit\/bracelet-du-roi\/","title":{"rendered":"BRACELET DU ROI"},"content":{"rendered":"<div class=\"product--description\">\n<p style=\"text-align: left;\">Ce bracelet compos\u00e9 d&#8217;anneaux en acier inoxydable entrelac\u00e9s vous procure une sensation royale. Quel que soit le style que vous aimez porter, cet accessoire chic attirera \u00e0 coup s\u00fbr l&#8217;attention ! <\/p>\n<p style=\"text-align: left;\"><strong>Disponible dans toutes les longueurs et longueurs interm\u00e9diaires &#8211; veuillez pr\u00e9ciser votre taille souhait\u00e9e lors de la commande !<\/strong><\/p>\n<p style=\"text-align: left;\"><span style=\"text-decoration: underline;\">Caract\u00e9ristiques:<\/span><\/p>\n<p style=\"text-align: left;\" align=\"center\"><span style=\"color: #ff0000;\">\u2718<\/span> Les bagues en acier inoxydable brillant assurent un look noble.<\/p>\n<p style=\"text-align: left;\" align=\"center\"><span style=\"color: #ff0000;\">\u2718<\/span> Le bracelet enti\u00e8rement mobile est doux et c\u00e2lin sur la peau.<\/p>\n<p style=\"text-align: left;\"><span style=\"color: #ff0000;\">\u2718<\/span> Fermoir mousqueton pour un accrochage facile.<\/p>\n<p style=\"text-align: left;\">\n<\/div>\n<div class=\"product--description\">\n<p style=\"text-align: left;\" align=\"center\"><span data-mce-mark=\"1\"> <\/span><\/p>\n<\/div>\n","protected":false},"excerpt":{"rendered":"<p>Ce bracelet compos\u00e9 d&#8217;anneaux en acier inoxydable entrelac\u00e9s vous procure une sensation royale. Quel que soit le style que vous aimez porter, cet accessoire chic attirera \u00e0 coup s\u00fbr l&#8217;attention ! Disponible dans toutes les longueurs et longueurs interm\u00e9diaires &#8211; veuillez pr\u00e9ciser votre taille souhait\u00e9e lors de la commande ! Caract\u00e9ristiques: \u2718 Les bagues en [&hellip;]<\/p>\n","protected":false},"featured_media":22498,"comment_status":"closed","ping_status":"closed","template":"","meta":{"_glsr_average":0,"_glsr_ranking":0,"_glsr_reviews":0},"product_brand":[],"product_cat":[570],"product_tag":[571,563],"class_list":{"0":"post-22494","1":"product","2":"type-product","3":"status-publish","4":"has-post-thumbnail","6":"product_cat-bracelet","7":"product_tag-bracelets","8":"product_tag-conception-x","9":"pa_armkette-laengen-20cm-fr","10":"pa_armkette-laengen-21cm-fr","11":"pa_armkette-laengen-22cm-fr","12":"pa_armkette-laengen-23cm-fr","13":"pa_armkette-laengen-24cm-fr","14":"pa_marke-x-design-fr","16":"first","17":"instock","18":"taxable","19":"shipping-taxable","20":"purchasable","21":"product-type-variable"},"exclude_global_add_ons":[],"addons":[],"yoast_head":"<!-- This site is optimized with the Yoast SEO plugin v25.6 - https:\/\/yoast.com\/wordpress\/plugins\/seo\/ -->\n<title>BRACELET DU ROI - Beatrice M\u00fcller<\/title>\n<meta name=\"robots\" content=\"index, follow, max-snippet:-1, max-image-preview:large, max-video-preview:-1\" \/>\n<link rel=\"canonical\" href=\"https:\/\/beatrice-mueller.de\/fr\/produit\/bracelet-du-roi\/\" \/>\n<meta property=\"og:locale\" content=\"fr_FR\" \/>\n<meta property=\"og:type\" content=\"article\" \/>\n<meta property=\"og:title\" content=\"BRACELET DU ROI - Beatrice M\u00fcller\" \/>\n<meta property=\"og:description\" content=\"Ce bracelet compos\u00e9 d&#8217;anneaux en acier inoxydable entrelac\u00e9s vous procure une sensation royale. Quel que soit le style que vous aimez porter, cet accessoire chic attirera \u00e0 coup s\u00fbr l&#8217;attention ! Disponible dans toutes les longueurs et longueurs interm\u00e9diaires &#8211; veuillez pr\u00e9ciser votre taille souhait\u00e9e lors de la commande ! Caract\u00e9ristiques: \u2718 Les bagues en [&hellip;]\" \/>\n<meta property=\"og:url\" content=\"https:\/\/beatrice-mueller.de\/fr\/produit\/bracelet-du-roi\/\" \/>\n<meta property=\"og:site_name\" content=\"Beatrice M\u00fcller\" \/>\n<meta property=\"og:image\" content=\"https:\/\/beatrice-mueller.de\/wp-content\/uploads\/2022\/02\/x_design_koeningsarmkette.jpg\" \/>\n\t<meta property=\"og:image:width\" content=\"1000\" \/>\n\t<meta property=\"og:image:height\" content=\"1000\" \/>\n\t<meta property=\"og:image:type\" content=\"image\/jpeg\" \/>\n<meta name=\"twitter:card\" content=\"summary_large_image\" \/>\n<script type=\"application\/ld+json\" class=\"yoast-schema-graph\">{\"@context\":\"https:\/\/schema.org\",\"@graph\":[{\"@type\":\"WebPage\",\"@id\":\"https:\/\/beatrice-mueller.de\/fr\/produit\/bracelet-du-roi\/\",\"url\":\"https:\/\/beatrice-mueller.de\/fr\/produit\/bracelet-du-roi\/\",\"name\":\"BRACELET DU ROI - Beatrice M\u00fcller\",\"isPartOf\":{\"@id\":\"https:\/\/beatrice-mueller.de\/fr\/#website\"},\"primaryImageOfPage\":{\"@id\":\"https:\/\/beatrice-mueller.de\/fr\/produit\/bracelet-du-roi\/#primaryimage\"},\"image\":{\"@id\":\"https:\/\/beatrice-mueller.de\/fr\/produit\/bracelet-du-roi\/#primaryimage\"},\"thumbnailUrl\":\"https:\/\/beatrice-mueller.de\/wp-content\/uploads\/2022\/02\/x_design_koeningsarmkette.jpg\",\"datePublished\":\"2025-02-16T11:57:18+00:00\",\"breadcrumb\":{\"@id\":\"https:\/\/beatrice-mueller.de\/fr\/produit\/bracelet-du-roi\/#breadcrumb\"},\"inLanguage\":\"fr-FR\",\"potentialAction\":[{\"@type\":\"ReadAction\",\"target\":[\"https:\/\/beatrice-mueller.de\/fr\/produit\/bracelet-du-roi\/\"]}]},{\"@type\":\"ImageObject\",\"inLanguage\":\"fr-FR\",\"@id\":\"https:\/\/beatrice-mueller.de\/fr\/produit\/bracelet-du-roi\/#primaryimage\",\"url\":\"https:\/\/beatrice-mueller.de\/wp-content\/uploads\/2022\/02\/x_design_koeningsarmkette.jpg\",\"contentUrl\":\"https:\/\/beatrice-mueller.de\/wp-content\/uploads\/2022\/02\/x_design_koeningsarmkette.jpg\",\"width\":1000,\"height\":1000},{\"@type\":\"BreadcrumbList\",\"@id\":\"https:\/\/beatrice-mueller.de\/fr\/produit\/bracelet-du-roi\/#breadcrumb\",\"itemListElement\":[{\"@type\":\"ListItem\",\"position\":1,\"name\":\"Startseite\",\"item\":\"https:\/\/beatrice-mueller.de\/fr\/\"},{\"@type\":\"ListItem\",\"position\":2,\"name\":\"Boutique\",\"item\":\"https:\/\/beatrice-mueller.de\/fr\/boutique-2\/\"},{\"@type\":\"ListItem\",\"position\":3,\"name\":\"BRACELET DU ROI\"}]},{\"@type\":\"WebSite\",\"@id\":\"https:\/\/beatrice-mueller.de\/fr\/#website\",\"url\":\"https:\/\/beatrice-mueller.de\/fr\/\",\"name\":\"Beatrice M\u00fcller\",\"description\":\"Schmuckdesign\",\"potentialAction\":[{\"@type\":\"SearchAction\",\"target\":{\"@type\":\"EntryPoint\",\"urlTemplate\":\"https:\/\/beatrice-mueller.de\/fr\/?s={search_term_string}\"},\"query-input\":{\"@type\":\"PropertyValueSpecification\",\"valueRequired\":true,\"valueName\":\"search_term_string\"}}],\"inLanguage\":\"fr-FR\"}]}<\/script>\n<!-- \/ Yoast SEO plugin. -->","yoast_head_json":{"title":"BRACELET DU ROI - Beatrice M\u00fcller","robots":{"index":"index","follow":"follow","max-snippet":"max-snippet:-1","max-image-preview":"max-image-preview:large","max-video-preview":"max-video-preview:-1"},"canonical":"https:\/\/beatrice-mueller.de\/fr\/produit\/bracelet-du-roi\/","og_locale":"fr_FR","og_type":"article","og_title":"BRACELET DU ROI - Beatrice M\u00fcller","og_description":"Ce bracelet compos\u00e9 d&#8217;anneaux en acier inoxydable entrelac\u00e9s vous procure une sensation royale. Quel que soit le style que vous aimez porter, cet accessoire chic attirera \u00e0 coup s\u00fbr l&#8217;attention ! Disponible dans toutes les longueurs et longueurs interm\u00e9diaires &#8211; veuillez pr\u00e9ciser votre taille souhait\u00e9e lors de la commande ! Caract\u00e9ristiques: \u2718 Les bagues en [&hellip;]","og_url":"https:\/\/beatrice-mueller.de\/fr\/produit\/bracelet-du-roi\/","og_site_name":"Beatrice M\u00fcller","og_image":[{"width":1000,"height":1000,"url":"https:\/\/beatrice-mueller.de\/wp-content\/uploads\/2022\/02\/x_design_koeningsarmkette.jpg","type":"image\/jpeg"}],"twitter_card":"summary_large_image","schema":{"@context":"https:\/\/schema.org","@graph":[{"@type":"WebPage","@id":"https:\/\/beatrice-mueller.de\/fr\/produit\/bracelet-du-roi\/","url":"https:\/\/beatrice-mueller.de\/fr\/produit\/bracelet-du-roi\/","name":"BRACELET DU ROI - Beatrice M\u00fcller","isPartOf":{"@id":"https:\/\/beatrice-mueller.de\/fr\/#website"},"primaryImageOfPage":{"@id":"https:\/\/beatrice-mueller.de\/fr\/produit\/bracelet-du-roi\/#primaryimage"},"image":{"@id":"https:\/\/beatrice-mueller.de\/fr\/produit\/bracelet-du-roi\/#primaryimage"},"thumbnailUrl":"https:\/\/beatrice-mueller.de\/wp-content\/uploads\/2022\/02\/x_design_koeningsarmkette.jpg","datePublished":"2025-02-16T11:57:18+00:00","breadcrumb":{"@id":"https:\/\/beatrice-mueller.de\/fr\/produit\/bracelet-du-roi\/#breadcrumb"},"inLanguage":"fr-FR","potentialAction":[{"@type":"ReadAction","target":["https:\/\/beatrice-mueller.de\/fr\/produit\/bracelet-du-roi\/"]}]},{"@type":"ImageObject","inLanguage":"fr-FR","@id":"https:\/\/beatrice-mueller.de\/fr\/produit\/bracelet-du-roi\/#primaryimage","url":"https:\/\/beatrice-mueller.de\/wp-content\/uploads\/2022\/02\/x_design_koeningsarmkette.jpg","contentUrl":"https:\/\/beatrice-mueller.de\/wp-content\/uploads\/2022\/02\/x_design_koeningsarmkette.jpg","width":1000,"height":1000},{"@type":"BreadcrumbList","@id":"https:\/\/beatrice-mueller.de\/fr\/produit\/bracelet-du-roi\/#breadcrumb","itemListElement":[{"@type":"ListItem","position":1,"name":"Startseite","item":"https:\/\/beatrice-mueller.de\/fr\/"},{"@type":"ListItem","position":2,"name":"Boutique","item":"https:\/\/beatrice-mueller.de\/fr\/boutique-2\/"},{"@type":"ListItem","position":3,"name":"BRACELET DU ROI"}]},{"@type":"WebSite","@id":"https:\/\/beatrice-mueller.de\/fr\/#website","url":"https:\/\/beatrice-mueller.de\/fr\/","name":"Beatrice M\u00fcller","description":"Schmuckdesign","potentialAction":[{"@type":"SearchAction","target":{"@type":"EntryPoint","urlTemplate":"https:\/\/beatrice-mueller.de\/fr\/?s={search_term_string}"},"query-input":{"@type":"PropertyValueSpecification","valueRequired":true,"valueName":"search_term_string"}}],"inLanguage":"fr-FR"}]}},"_links":{"self":[{"href":"https:\/\/beatrice-mueller.de\/fr\/wp-json\/wp\/v2\/product\/22494","targetHints":{"allow":["GET"]}}],"collection":[{"href":"https:\/\/beatrice-mueller.de\/fr\/wp-json\/wp\/v2\/product"}],"about":[{"href":"https:\/\/beatrice-mueller.de\/fr\/wp-json\/wp\/v2\/types\/product"}],"replies":[{"embeddable":true,"href":"https:\/\/beatrice-mueller.de\/fr\/wp-json\/wp\/v2\/comments?post=22494"}],"wp:featuredmedia":[{"embeddable":true,"href":"https:\/\/beatrice-mueller.de\/fr\/wp-json\/wp\/v2\/media\/22498"}],"wp:attachment":[{"href":"https:\/\/beatrice-mueller.de\/fr\/wp-json\/wp\/v2\/media?parent=22494"}],"wp:term":[{"taxonomy":"product_brand","embeddable":true,"href":"https:\/\/beatrice-mueller.de\/fr\/wp-json\/wp\/v2\/product_brand?post=22494"},{"taxonomy":"product_cat","embeddable":true,"href":"https:\/\/beatrice-mueller.de\/fr\/wp-json\/wp\/v2\/product_cat?post=22494"},{"taxonomy":"product_tag","embeddable":true,"href":"https:\/\/beatrice-mueller.de\/fr\/wp-json\/wp\/v2\/product_tag?post=22494"}],"curies":[{"name":"wp","href":"https:\/\/api.w.org\/{rel}","templated":true}]}}