{"id":22517,"date":"2022-03-17T15:07:42","date_gmt":"2025-02-16T11:57:20","guid":{"rendered":"https:\/\/beatrice-mueller.de\/produkt\/cuillere-a-cafe-weisheiten-no-stress-en-acier-inoxydable\/"},"modified":"2025-03-20T03:54:39","modified_gmt":"2025-03-20T02:54:39","slug":"cuillere-a-cafe-weisheiten-no-stress-en-acier-inoxydable","status":"publish","type":"product","link":"https:\/\/beatrice-mueller.de\/fr\/produit\/cuillere-a-cafe-weisheiten-no-stress-en-acier-inoxydable\/","title":{"rendered":"Cuill\u00e8re \u00e0 caf\u00e9 WEISHEITEN NO STRESS en acier inoxydable"},"content":{"rendered":"<div class=\"product-single__description rte\">\n<p>Vos couverts re\u00e7oivent une touche individuelle avec notre cuill\u00e8re WISDOM. D\u00e9corez la poign\u00e9e et le bol avec une belle image, un dicton amusant ou votre devise personnelle. Id\u00e9al comme cadeau ou comme extra unique pour la maison.  <\/p>\n<p>\u2718 La cuill\u00e8re \u00e0 caf\u00e9 est en acier inoxydable mat et passe au lave-vaisselle.<\/p>\n<div class=\"table-wrapper\">\n<table border=\"0\" frame=\"void\">\n<tbody>\n<tr>\n<td><span data-mce-mark=\"1\"><strong>mat\u00e9riel<\/strong><\/span><\/td>\n<td><span data-mce-mark=\"1\">acier inoxydable<\/span><\/td>\n<\/tr>\n<tr>\n<td><span data-mce-mark=\"1\"><strong>longueur<\/strong><\/span><\/td>\n<td>14,2 mm<\/td>\n<\/tr>\n<tr>\n<td><span data-mce-mark=\"1\"><strong>surface<\/strong><\/span><\/td>\n<td><span data-mce-mark=\"1\">tapis fluide<\/span><\/td>\n<\/tr>\n<tr>\n<td><span data-mce-mark=\"1\"><strong>Caract\u00e9ristiques sp\u00e9ciales<\/strong><\/span><\/td>\n<td><span data-mce-mark=\"1\">gravure au laser<\/span><\/td>\n<\/tr>\n<\/tbody>\n<\/table>\n<\/div>\n<\/div>\n<div class=\"collapsibles-wrapper collapsibles-wrapper--border-bottom\"><\/div>\n","protected":false},"excerpt":{"rendered":"<p>Vos couverts re\u00e7oivent une touche individuelle avec notre cuill\u00e8re WISDOM. D\u00e9corez la poign\u00e9e et le bol avec une belle image, un dicton amusant ou votre devise personnelle. Id\u00e9al comme cadeau ou comme extra unique pour la maison. \u2718 La cuill\u00e8re \u00e0 caf\u00e9 est en acier inoxydable mat et passe au lave-vaisselle. mat\u00e9riel acier inoxydable longueur [&hellip;]<\/p>\n","protected":false},"featured_media":22522,"comment_status":"closed","ping_status":"closed","template":"","meta":{"_glsr_average":0,"_glsr_ranking":0,"_glsr_reviews":0},"product_brand":[],"product_cat":[588],"product_tag":[1564,563],"class_list":{"0":"post-22517","1":"product","2":"type-product","3":"status-publish","4":"has-post-thumbnail","6":"product_cat-culture-de-la-table","7":"product_tag-cadeau","8":"product_tag-conception-x","9":"pa_marke-x-design-fr","11":"first","12":"instock","13":"taxable","14":"shipping-taxable","15":"purchasable","16":"product-type-simple"},"exclude_global_add_ons":[],"addons":[],"yoast_head":"<!-- This site is optimized with the Yoast SEO plugin v25.6 - https:\/\/yoast.com\/wordpress\/plugins\/seo\/ -->\n<title>Cuill\u00e8re \u00e0 caf\u00e9 WEISHEITEN NO STRESS en acier inoxydable - Beatrice M\u00fcller<\/title>\n<meta name=\"robots\" content=\"index, follow, max-snippet:-1, max-image-preview:large, max-video-preview:-1\" \/>\n<link rel=\"canonical\" href=\"https:\/\/beatrice-mueller.de\/fr\/produit\/cuillere-a-cafe-weisheiten-no-stress-en-acier-inoxydable\/\" \/>\n<meta property=\"og:locale\" content=\"fr_FR\" \/>\n<meta property=\"og:type\" content=\"article\" \/>\n<meta property=\"og:title\" content=\"Cuill\u00e8re \u00e0 caf\u00e9 WEISHEITEN NO STRESS en acier inoxydable - Beatrice M\u00fcller\" \/>\n<meta property=\"og:description\" content=\"Vos couverts re\u00e7oivent une touche individuelle avec notre cuill\u00e8re WISDOM. D\u00e9corez la poign\u00e9e et le bol avec une belle image, un dicton amusant ou votre devise personnelle. Id\u00e9al comme cadeau ou comme extra unique pour la maison. \u2718 La cuill\u00e8re \u00e0 caf\u00e9 est en acier inoxydable mat et passe au lave-vaisselle. mat\u00e9riel acier inoxydable longueur [&hellip;]\" \/>\n<meta property=\"og:url\" content=\"https:\/\/beatrice-mueller.de\/fr\/produit\/cuillere-a-cafe-weisheiten-no-stress-en-acier-inoxydable\/\" \/>\n<meta property=\"og:site_name\" content=\"Beatrice M\u00fcller\" \/>\n<meta property=\"article:modified_time\" content=\"2025-03-20T02:54:39+00:00\" \/>\n<meta property=\"og:image\" content=\"https:\/\/beatrice-mueller.de\/wp-content\/uploads\/2022\/03\/Teeloeffelweisheiten_No_Stress_1800x1800.webp\" \/>\n\t<meta property=\"og:image:width\" content=\"800\" \/>\n\t<meta property=\"og:image:height\" content=\"800\" \/>\n\t<meta property=\"og:image:type\" content=\"image\/webp\" \/>\n<meta name=\"twitter:card\" content=\"summary_large_image\" \/>\n<script type=\"application\/ld+json\" class=\"yoast-schema-graph\">{\"@context\":\"https:\/\/schema.org\",\"@graph\":[{\"@type\":\"WebPage\",\"@id\":\"https:\/\/beatrice-mueller.de\/fr\/produit\/cuillere-a-cafe-weisheiten-no-stress-en-acier-inoxydable\/\",\"url\":\"https:\/\/beatrice-mueller.de\/fr\/produit\/cuillere-a-cafe-weisheiten-no-stress-en-acier-inoxydable\/\",\"name\":\"Cuill\u00e8re \u00e0 caf\u00e9 WEISHEITEN NO STRESS en acier inoxydable - Beatrice M\u00fcller\",\"isPartOf\":{\"@id\":\"https:\/\/beatrice-mueller.de\/fr\/#website\"},\"primaryImageOfPage\":{\"@id\":\"https:\/\/beatrice-mueller.de\/fr\/produit\/cuillere-a-cafe-weisheiten-no-stress-en-acier-inoxydable\/#primaryimage\"},\"image\":{\"@id\":\"https:\/\/beatrice-mueller.de\/fr\/produit\/cuillere-a-cafe-weisheiten-no-stress-en-acier-inoxydable\/#primaryimage\"},\"thumbnailUrl\":\"https:\/\/beatrice-mueller.de\/wp-content\/uploads\/2022\/03\/Teeloeffelweisheiten_No_Stress_1800x1800.webp\",\"datePublished\":\"2025-02-16T11:57:20+00:00\",\"dateModified\":\"2025-03-20T02:54:39+00:00\",\"breadcrumb\":{\"@id\":\"https:\/\/beatrice-mueller.de\/fr\/produit\/cuillere-a-cafe-weisheiten-no-stress-en-acier-inoxydable\/#breadcrumb\"},\"inLanguage\":\"fr-FR\",\"potentialAction\":[{\"@type\":\"ReadAction\",\"target\":[\"https:\/\/beatrice-mueller.de\/fr\/produit\/cuillere-a-cafe-weisheiten-no-stress-en-acier-inoxydable\/\"]}]},{\"@type\":\"ImageObject\",\"inLanguage\":\"fr-FR\",\"@id\":\"https:\/\/beatrice-mueller.de\/fr\/produit\/cuillere-a-cafe-weisheiten-no-stress-en-acier-inoxydable\/#primaryimage\",\"url\":\"https:\/\/beatrice-mueller.de\/wp-content\/uploads\/2022\/03\/Teeloeffelweisheiten_No_Stress_1800x1800.webp\",\"contentUrl\":\"https:\/\/beatrice-mueller.de\/wp-content\/uploads\/2022\/03\/Teeloeffelweisheiten_No_Stress_1800x1800.webp\",\"width\":800,\"height\":800},{\"@type\":\"BreadcrumbList\",\"@id\":\"https:\/\/beatrice-mueller.de\/fr\/produit\/cuillere-a-cafe-weisheiten-no-stress-en-acier-inoxydable\/#breadcrumb\",\"itemListElement\":[{\"@type\":\"ListItem\",\"position\":1,\"name\":\"Startseite\",\"item\":\"https:\/\/beatrice-mueller.de\/fr\/\"},{\"@type\":\"ListItem\",\"position\":2,\"name\":\"Boutique\",\"item\":\"https:\/\/beatrice-mueller.de\/fr\/boutique-2\/\"},{\"@type\":\"ListItem\",\"position\":3,\"name\":\"Cuill\u00e8re \u00e0 caf\u00e9 WEISHEITEN NO STRESS en acier inoxydable\"}]},{\"@type\":\"WebSite\",\"@id\":\"https:\/\/beatrice-mueller.de\/fr\/#website\",\"url\":\"https:\/\/beatrice-mueller.de\/fr\/\",\"name\":\"Beatrice M\u00fcller\",\"description\":\"Schmuckdesign\",\"potentialAction\":[{\"@type\":\"SearchAction\",\"target\":{\"@type\":\"EntryPoint\",\"urlTemplate\":\"https:\/\/beatrice-mueller.de\/fr\/?s={search_term_string}\"},\"query-input\":{\"@type\":\"PropertyValueSpecification\",\"valueRequired\":true,\"valueName\":\"search_term_string\"}}],\"inLanguage\":\"fr-FR\"}]}<\/script>\n<!-- \/ Yoast SEO plugin. -->","yoast_head_json":{"title":"Cuill\u00e8re \u00e0 caf\u00e9 WEISHEITEN NO STRESS en acier inoxydable - Beatrice M\u00fcller","robots":{"index":"index","follow":"follow","max-snippet":"max-snippet:-1","max-image-preview":"max-image-preview:large","max-video-preview":"max-video-preview:-1"},"canonical":"https:\/\/beatrice-mueller.de\/fr\/produit\/cuillere-a-cafe-weisheiten-no-stress-en-acier-inoxydable\/","og_locale":"fr_FR","og_type":"article","og_title":"Cuill\u00e8re \u00e0 caf\u00e9 WEISHEITEN NO STRESS en acier inoxydable - Beatrice M\u00fcller","og_description":"Vos couverts re\u00e7oivent une touche individuelle avec notre cuill\u00e8re WISDOM. D\u00e9corez la poign\u00e9e et le bol avec une belle image, un dicton amusant ou votre devise personnelle. Id\u00e9al comme cadeau ou comme extra unique pour la maison. \u2718 La cuill\u00e8re \u00e0 caf\u00e9 est en acier inoxydable mat et passe au lave-vaisselle. mat\u00e9riel acier inoxydable longueur [&hellip;]","og_url":"https:\/\/beatrice-mueller.de\/fr\/produit\/cuillere-a-cafe-weisheiten-no-stress-en-acier-inoxydable\/","og_site_name":"Beatrice M\u00fcller","article_modified_time":"2025-03-20T02:54:39+00:00","og_image":[{"width":800,"height":800,"url":"https:\/\/beatrice-mueller.de\/wp-content\/uploads\/2022\/03\/Teeloeffelweisheiten_No_Stress_1800x1800.webp","type":"image\/webp"}],"twitter_card":"summary_large_image","schema":{"@context":"https:\/\/schema.org","@graph":[{"@type":"WebPage","@id":"https:\/\/beatrice-mueller.de\/fr\/produit\/cuillere-a-cafe-weisheiten-no-stress-en-acier-inoxydable\/","url":"https:\/\/beatrice-mueller.de\/fr\/produit\/cuillere-a-cafe-weisheiten-no-stress-en-acier-inoxydable\/","name":"Cuill\u00e8re \u00e0 caf\u00e9 WEISHEITEN NO STRESS en acier inoxydable - Beatrice M\u00fcller","isPartOf":{"@id":"https:\/\/beatrice-mueller.de\/fr\/#website"},"primaryImageOfPage":{"@id":"https:\/\/beatrice-mueller.de\/fr\/produit\/cuillere-a-cafe-weisheiten-no-stress-en-acier-inoxydable\/#primaryimage"},"image":{"@id":"https:\/\/beatrice-mueller.de\/fr\/produit\/cuillere-a-cafe-weisheiten-no-stress-en-acier-inoxydable\/#primaryimage"},"thumbnailUrl":"https:\/\/beatrice-mueller.de\/wp-content\/uploads\/2022\/03\/Teeloeffelweisheiten_No_Stress_1800x1800.webp","datePublished":"2025-02-16T11:57:20+00:00","dateModified":"2025-03-20T02:54:39+00:00","breadcrumb":{"@id":"https:\/\/beatrice-mueller.de\/fr\/produit\/cuillere-a-cafe-weisheiten-no-stress-en-acier-inoxydable\/#breadcrumb"},"inLanguage":"fr-FR","potentialAction":[{"@type":"ReadAction","target":["https:\/\/beatrice-mueller.de\/fr\/produit\/cuillere-a-cafe-weisheiten-no-stress-en-acier-inoxydable\/"]}]},{"@type":"ImageObject","inLanguage":"fr-FR","@id":"https:\/\/beatrice-mueller.de\/fr\/produit\/cuillere-a-cafe-weisheiten-no-stress-en-acier-inoxydable\/#primaryimage","url":"https:\/\/beatrice-mueller.de\/wp-content\/uploads\/2022\/03\/Teeloeffelweisheiten_No_Stress_1800x1800.webp","contentUrl":"https:\/\/beatrice-mueller.de\/wp-content\/uploads\/2022\/03\/Teeloeffelweisheiten_No_Stress_1800x1800.webp","width":800,"height":800},{"@type":"BreadcrumbList","@id":"https:\/\/beatrice-mueller.de\/fr\/produit\/cuillere-a-cafe-weisheiten-no-stress-en-acier-inoxydable\/#breadcrumb","itemListElement":[{"@type":"ListItem","position":1,"name":"Startseite","item":"https:\/\/beatrice-mueller.de\/fr\/"},{"@type":"ListItem","position":2,"name":"Boutique","item":"https:\/\/beatrice-mueller.de\/fr\/boutique-2\/"},{"@type":"ListItem","position":3,"name":"Cuill\u00e8re \u00e0 caf\u00e9 WEISHEITEN NO STRESS en acier inoxydable"}]},{"@type":"WebSite","@id":"https:\/\/beatrice-mueller.de\/fr\/#website","url":"https:\/\/beatrice-mueller.de\/fr\/","name":"Beatrice M\u00fcller","description":"Schmuckdesign","potentialAction":[{"@type":"SearchAction","target":{"@type":"EntryPoint","urlTemplate":"https:\/\/beatrice-mueller.de\/fr\/?s={search_term_string}"},"query-input":{"@type":"PropertyValueSpecification","valueRequired":true,"valueName":"search_term_string"}}],"inLanguage":"fr-FR"}]}},"_links":{"self":[{"href":"https:\/\/beatrice-mueller.de\/fr\/wp-json\/wp\/v2\/product\/22517","targetHints":{"allow":["GET"]}}],"collection":[{"href":"https:\/\/beatrice-mueller.de\/fr\/wp-json\/wp\/v2\/product"}],"about":[{"href":"https:\/\/beatrice-mueller.de\/fr\/wp-json\/wp\/v2\/types\/product"}],"replies":[{"embeddable":true,"href":"https:\/\/beatrice-mueller.de\/fr\/wp-json\/wp\/v2\/comments?post=22517"}],"wp:featuredmedia":[{"embeddable":true,"href":"https:\/\/beatrice-mueller.de\/fr\/wp-json\/wp\/v2\/media\/22522"}],"wp:attachment":[{"href":"https:\/\/beatrice-mueller.de\/fr\/wp-json\/wp\/v2\/media?parent=22517"}],"wp:term":[{"taxonomy":"product_brand","embeddable":true,"href":"https:\/\/beatrice-mueller.de\/fr\/wp-json\/wp\/v2\/product_brand?post=22517"},{"taxonomy":"product_cat","embeddable":true,"href":"https:\/\/beatrice-mueller.de\/fr\/wp-json\/wp\/v2\/product_cat?post=22517"},{"taxonomy":"product_tag","embeddable":true,"href":"https:\/\/beatrice-mueller.de\/fr\/wp-json\/wp\/v2\/product_tag?post=22517"}],"curies":[{"name":"wp","href":"https:\/\/api.w.org\/{rel}","templated":true}]}}