{"id":22523,"date":"2025-02-16T12:57:21","date_gmt":"2025-02-16T11:57:21","guid":{"rendered":"https:\/\/beatrice-mueller.de\/produkt\/bracelet-en-cuir-x-acier-inoxydable-cuir\/"},"modified":"2025-02-16T12:57:21","modified_gmt":"2025-02-16T11:57:21","slug":"bracelet-en-cuir-x-acier-inoxydable-cuir","status":"publish","type":"product","link":"https:\/\/beatrice-mueller.de\/fr\/produit\/bracelet-en-cuir-x-acier-inoxydable-cuir\/","title":{"rendered":"Bracelet en cuir X Acier inoxydable \/ Cuir"},"content":{"rendered":"<div class=\"content--title\">Ce bracelet allie le confort d&#8217;un bracelet en cuir \u00e0 une brillance m\u00e9tallique. Associ\u00e9 \u00e0 des petits coeurs et des \u00e9l\u00e9ments d\u00e9coratifs, c&#8217;est \u00e9galement un bon choix pour les \u00e2mes ludiques. <\/div>\n<p>&nbsp;<\/p>\n<div class=\"content--title\"><span style=\"text-decoration: underline;\">Caract\u00e9ristiques:<\/span><\/div>\n<p>&nbsp;<\/p>\n<div class=\"content--title\"><span style=\"color: #ff0000;\">\u2718<\/span> Toutes les pi\u00e8ces sont mobiles et peuvent \u00eatre dispos\u00e9es \u00e0 volont\u00e9.<\/div>\n<p><span style=\"color: #ff0000;\">\u2718<\/span> Une fermeture magn\u00e9tique pratique permet de l&#8217;enfiler tr\u00e8s facilement.<\/p>\n<div class=\"content--title\"><span style=\"color: #ff0000;\">\u2718<\/span> Les coeurs sont \u00e9galement disponibles dans votre couleur pr\u00e9f\u00e9r\u00e9e !<\/div>\n<p>&nbsp;<\/p>\n<table border=\"0\">\n<tbody>\n<tr>\n<td><strong>Bijoux en mat\u00e9riaux<\/strong><\/td>\n<td><span data-mce-mark=\"1\"><span class=\"product-data__value\" data-mce-mark=\"1\">acier inoxydable \/ cuir<\/span><\/span><\/td>\n<\/tr>\n<tr>\n<td><strong>surface<\/strong><\/td>\n<td><span data-mce-mark=\"1\">mat<br \/>\n<\/span><\/td>\n<\/tr>\n<tr>\n<td><strong>gravure au laser<\/strong><\/td>\n<td><span data-mce-mark=\"1\">noir \/ rouge<\/span><\/td>\n<\/tr>\n<tr>\n<td><strong>optique<\/strong><\/td>\n<td><span data-mce-mark=\"1\">scintillant<\/span><\/td>\n<\/tr>\n<tr>\n<td><strong>disques<\/strong><\/td>\n<td><span data-mce-mark=\"1\">plastique dur<\/span><\/td>\n<\/tr>\n<tr>\n<td><strong>fermeture<\/strong><\/td>\n<td><span data-mce-mark=\"1\">fermeture magn\u00e9tique<\/span><\/td>\n<\/tr>\n<tr>\n<td><strong>bracelet en cuir<\/strong><\/td>\n<td><span data-mce-mark=\"1\">conception robuste, tress\u00e9e<\/span><\/td>\n<\/tr>\n<tr>\n<td><strong>bracelet \u00f8<\/strong><\/td>\n<td><span data-mce-mark=\"1\">60,8 mm<\/span><\/td>\n<\/tr>\n<\/tbody>\n<\/table>\n","protected":false},"excerpt":{"rendered":"<p>Ce bracelet allie le confort d&#8217;un bracelet en cuir \u00e0 une brillance m\u00e9tallique. Associ\u00e9 \u00e0 des petits coeurs et des \u00e9l\u00e9ments d\u00e9coratifs, c&#8217;est \u00e9galement un bon choix pour les \u00e2mes ludiques. &nbsp; Caract\u00e9ristiques: &nbsp; \u2718 Toutes les pi\u00e8ces sont mobiles et peuvent \u00eatre dispos\u00e9es \u00e0 volont\u00e9. \u2718 Une fermeture magn\u00e9tique pratique permet de l&#8217;enfiler tr\u00e8s [&hellip;]<\/p>\n","protected":false},"featured_media":22525,"comment_status":"closed","ping_status":"closed","template":"","meta":{"_glsr_average":0,"_glsr_ranking":0,"_glsr_reviews":0},"product_brand":[],"product_cat":[570],"product_tag":[571,563],"class_list":{"0":"post-22523","1":"product","2":"type-product","3":"status-publish","4":"has-post-thumbnail","6":"product_cat-bracelet","7":"product_tag-bracelets","8":"product_tag-conception-x","9":"pa_marke-x-design-fr","10":"pa_motiv-x-rot-fr-2","11":"pa_motiv-x-schwarz-fr","13":"first","14":"instock","15":"taxable","16":"shipping-taxable","17":"purchasable","18":"product-type-variable"},"exclude_global_add_ons":[],"addons":[],"yoast_head":"<!-- This site is optimized with the Yoast SEO plugin v25.6 - https:\/\/yoast.com\/wordpress\/plugins\/seo\/ -->\n<title>Bracelet en cuir X Acier inoxydable \/ Cuir - Beatrice M\u00fcller<\/title>\n<meta name=\"robots\" content=\"index, follow, max-snippet:-1, max-image-preview:large, max-video-preview:-1\" \/>\n<link rel=\"canonical\" href=\"https:\/\/beatrice-mueller.de\/fr\/produit\/bracelet-en-cuir-x-acier-inoxydable-cuir\/\" \/>\n<meta property=\"og:locale\" content=\"fr_FR\" \/>\n<meta property=\"og:type\" content=\"article\" \/>\n<meta property=\"og:title\" content=\"Bracelet en cuir X Acier inoxydable \/ Cuir - Beatrice M\u00fcller\" \/>\n<meta property=\"og:description\" content=\"Ce bracelet allie le confort d&#8217;un bracelet en cuir \u00e0 une brillance m\u00e9tallique. Associ\u00e9 \u00e0 des petits coeurs et des \u00e9l\u00e9ments d\u00e9coratifs, c&#8217;est \u00e9galement un bon choix pour les \u00e2mes ludiques. &nbsp; Caract\u00e9ristiques: &nbsp; \u2718 Toutes les pi\u00e8ces sont mobiles et peuvent \u00eatre dispos\u00e9es \u00e0 volont\u00e9. \u2718 Une fermeture magn\u00e9tique pratique permet de l&#8217;enfiler tr\u00e8s [&hellip;]\" \/>\n<meta property=\"og:url\" content=\"https:\/\/beatrice-mueller.de\/fr\/produit\/bracelet-en-cuir-x-acier-inoxydable-cuir\/\" \/>\n<meta property=\"og:site_name\" content=\"Beatrice M\u00fcller\" \/>\n<meta property=\"og:image\" content=\"https:\/\/beatrice-mueller.de\/wp-content\/uploads\/2022\/02\/Untitled-1_23fada54-33f0-45f0-9c0b-60b8c6db8176.jpg\" \/>\n\t<meta property=\"og:image:width\" content=\"800\" \/>\n\t<meta property=\"og:image:height\" content=\"800\" \/>\n\t<meta property=\"og:image:type\" content=\"image\/jpeg\" \/>\n<meta name=\"twitter:card\" content=\"summary_large_image\" \/>\n<meta name=\"twitter:label1\" content=\"Dur\u00e9e de lecture estim\u00e9e\" \/>\n\t<meta name=\"twitter:data1\" content=\"1 minute\" \/>\n<script type=\"application\/ld+json\" class=\"yoast-schema-graph\">{\"@context\":\"https:\/\/schema.org\",\"@graph\":[{\"@type\":\"WebPage\",\"@id\":\"https:\/\/beatrice-mueller.de\/fr\/produit\/bracelet-en-cuir-x-acier-inoxydable-cuir\/\",\"url\":\"https:\/\/beatrice-mueller.de\/fr\/produit\/bracelet-en-cuir-x-acier-inoxydable-cuir\/\",\"name\":\"Bracelet en cuir X Acier inoxydable \/ Cuir - Beatrice M\u00fcller\",\"isPartOf\":{\"@id\":\"https:\/\/beatrice-mueller.de\/fr\/#website\"},\"primaryImageOfPage\":{\"@id\":\"https:\/\/beatrice-mueller.de\/fr\/produit\/bracelet-en-cuir-x-acier-inoxydable-cuir\/#primaryimage\"},\"image\":{\"@id\":\"https:\/\/beatrice-mueller.de\/fr\/produit\/bracelet-en-cuir-x-acier-inoxydable-cuir\/#primaryimage\"},\"thumbnailUrl\":\"https:\/\/beatrice-mueller.de\/wp-content\/uploads\/2022\/02\/Untitled-1_23fada54-33f0-45f0-9c0b-60b8c6db8176.jpg\",\"datePublished\":\"2025-02-16T11:57:21+00:00\",\"breadcrumb\":{\"@id\":\"https:\/\/beatrice-mueller.de\/fr\/produit\/bracelet-en-cuir-x-acier-inoxydable-cuir\/#breadcrumb\"},\"inLanguage\":\"fr-FR\",\"potentialAction\":[{\"@type\":\"ReadAction\",\"target\":[\"https:\/\/beatrice-mueller.de\/fr\/produit\/bracelet-en-cuir-x-acier-inoxydable-cuir\/\"]}]},{\"@type\":\"ImageObject\",\"inLanguage\":\"fr-FR\",\"@id\":\"https:\/\/beatrice-mueller.de\/fr\/produit\/bracelet-en-cuir-x-acier-inoxydable-cuir\/#primaryimage\",\"url\":\"https:\/\/beatrice-mueller.de\/wp-content\/uploads\/2022\/02\/Untitled-1_23fada54-33f0-45f0-9c0b-60b8c6db8176.jpg\",\"contentUrl\":\"https:\/\/beatrice-mueller.de\/wp-content\/uploads\/2022\/02\/Untitled-1_23fada54-33f0-45f0-9c0b-60b8c6db8176.jpg\",\"width\":800,\"height\":800},{\"@type\":\"BreadcrumbList\",\"@id\":\"https:\/\/beatrice-mueller.de\/fr\/produit\/bracelet-en-cuir-x-acier-inoxydable-cuir\/#breadcrumb\",\"itemListElement\":[{\"@type\":\"ListItem\",\"position\":1,\"name\":\"Startseite\",\"item\":\"https:\/\/beatrice-mueller.de\/fr\/\"},{\"@type\":\"ListItem\",\"position\":2,\"name\":\"Boutique\",\"item\":\"https:\/\/beatrice-mueller.de\/fr\/boutique-2\/\"},{\"@type\":\"ListItem\",\"position\":3,\"name\":\"Bracelet en cuir X Acier inoxydable \/ Cuir\"}]},{\"@type\":\"WebSite\",\"@id\":\"https:\/\/beatrice-mueller.de\/fr\/#website\",\"url\":\"https:\/\/beatrice-mueller.de\/fr\/\",\"name\":\"Beatrice M\u00fcller\",\"description\":\"Schmuckdesign\",\"potentialAction\":[{\"@type\":\"SearchAction\",\"target\":{\"@type\":\"EntryPoint\",\"urlTemplate\":\"https:\/\/beatrice-mueller.de\/fr\/?s={search_term_string}\"},\"query-input\":{\"@type\":\"PropertyValueSpecification\",\"valueRequired\":true,\"valueName\":\"search_term_string\"}}],\"inLanguage\":\"fr-FR\"}]}<\/script>\n<!-- \/ Yoast SEO plugin. -->","yoast_head_json":{"title":"Bracelet en cuir X Acier inoxydable \/ Cuir - Beatrice M\u00fcller","robots":{"index":"index","follow":"follow","max-snippet":"max-snippet:-1","max-image-preview":"max-image-preview:large","max-video-preview":"max-video-preview:-1"},"canonical":"https:\/\/beatrice-mueller.de\/fr\/produit\/bracelet-en-cuir-x-acier-inoxydable-cuir\/","og_locale":"fr_FR","og_type":"article","og_title":"Bracelet en cuir X Acier inoxydable \/ Cuir - Beatrice M\u00fcller","og_description":"Ce bracelet allie le confort d&#8217;un bracelet en cuir \u00e0 une brillance m\u00e9tallique. Associ\u00e9 \u00e0 des petits coeurs et des \u00e9l\u00e9ments d\u00e9coratifs, c&#8217;est \u00e9galement un bon choix pour les \u00e2mes ludiques. &nbsp; Caract\u00e9ristiques: &nbsp; \u2718 Toutes les pi\u00e8ces sont mobiles et peuvent \u00eatre dispos\u00e9es \u00e0 volont\u00e9. \u2718 Une fermeture magn\u00e9tique pratique permet de l&#8217;enfiler tr\u00e8s [&hellip;]","og_url":"https:\/\/beatrice-mueller.de\/fr\/produit\/bracelet-en-cuir-x-acier-inoxydable-cuir\/","og_site_name":"Beatrice M\u00fcller","og_image":[{"width":800,"height":800,"url":"https:\/\/beatrice-mueller.de\/wp-content\/uploads\/2022\/02\/Untitled-1_23fada54-33f0-45f0-9c0b-60b8c6db8176.jpg","type":"image\/jpeg"}],"twitter_card":"summary_large_image","twitter_misc":{"Dur\u00e9e de lecture estim\u00e9e":"1 minute"},"schema":{"@context":"https:\/\/schema.org","@graph":[{"@type":"WebPage","@id":"https:\/\/beatrice-mueller.de\/fr\/produit\/bracelet-en-cuir-x-acier-inoxydable-cuir\/","url":"https:\/\/beatrice-mueller.de\/fr\/produit\/bracelet-en-cuir-x-acier-inoxydable-cuir\/","name":"Bracelet en cuir X Acier inoxydable \/ Cuir - Beatrice M\u00fcller","isPartOf":{"@id":"https:\/\/beatrice-mueller.de\/fr\/#website"},"primaryImageOfPage":{"@id":"https:\/\/beatrice-mueller.de\/fr\/produit\/bracelet-en-cuir-x-acier-inoxydable-cuir\/#primaryimage"},"image":{"@id":"https:\/\/beatrice-mueller.de\/fr\/produit\/bracelet-en-cuir-x-acier-inoxydable-cuir\/#primaryimage"},"thumbnailUrl":"https:\/\/beatrice-mueller.de\/wp-content\/uploads\/2022\/02\/Untitled-1_23fada54-33f0-45f0-9c0b-60b8c6db8176.jpg","datePublished":"2025-02-16T11:57:21+00:00","breadcrumb":{"@id":"https:\/\/beatrice-mueller.de\/fr\/produit\/bracelet-en-cuir-x-acier-inoxydable-cuir\/#breadcrumb"},"inLanguage":"fr-FR","potentialAction":[{"@type":"ReadAction","target":["https:\/\/beatrice-mueller.de\/fr\/produit\/bracelet-en-cuir-x-acier-inoxydable-cuir\/"]}]},{"@type":"ImageObject","inLanguage":"fr-FR","@id":"https:\/\/beatrice-mueller.de\/fr\/produit\/bracelet-en-cuir-x-acier-inoxydable-cuir\/#primaryimage","url":"https:\/\/beatrice-mueller.de\/wp-content\/uploads\/2022\/02\/Untitled-1_23fada54-33f0-45f0-9c0b-60b8c6db8176.jpg","contentUrl":"https:\/\/beatrice-mueller.de\/wp-content\/uploads\/2022\/02\/Untitled-1_23fada54-33f0-45f0-9c0b-60b8c6db8176.jpg","width":800,"height":800},{"@type":"BreadcrumbList","@id":"https:\/\/beatrice-mueller.de\/fr\/produit\/bracelet-en-cuir-x-acier-inoxydable-cuir\/#breadcrumb","itemListElement":[{"@type":"ListItem","position":1,"name":"Startseite","item":"https:\/\/beatrice-mueller.de\/fr\/"},{"@type":"ListItem","position":2,"name":"Boutique","item":"https:\/\/beatrice-mueller.de\/fr\/boutique-2\/"},{"@type":"ListItem","position":3,"name":"Bracelet en cuir X Acier inoxydable \/ Cuir"}]},{"@type":"WebSite","@id":"https:\/\/beatrice-mueller.de\/fr\/#website","url":"https:\/\/beatrice-mueller.de\/fr\/","name":"Beatrice M\u00fcller","description":"Schmuckdesign","potentialAction":[{"@type":"SearchAction","target":{"@type":"EntryPoint","urlTemplate":"https:\/\/beatrice-mueller.de\/fr\/?s={search_term_string}"},"query-input":{"@type":"PropertyValueSpecification","valueRequired":true,"valueName":"search_term_string"}}],"inLanguage":"fr-FR"}]}},"_links":{"self":[{"href":"https:\/\/beatrice-mueller.de\/fr\/wp-json\/wp\/v2\/product\/22523","targetHints":{"allow":["GET"]}}],"collection":[{"href":"https:\/\/beatrice-mueller.de\/fr\/wp-json\/wp\/v2\/product"}],"about":[{"href":"https:\/\/beatrice-mueller.de\/fr\/wp-json\/wp\/v2\/types\/product"}],"replies":[{"embeddable":true,"href":"https:\/\/beatrice-mueller.de\/fr\/wp-json\/wp\/v2\/comments?post=22523"}],"wp:featuredmedia":[{"embeddable":true,"href":"https:\/\/beatrice-mueller.de\/fr\/wp-json\/wp\/v2\/media\/22525"}],"wp:attachment":[{"href":"https:\/\/beatrice-mueller.de\/fr\/wp-json\/wp\/v2\/media?parent=22523"}],"wp:term":[{"taxonomy":"product_brand","embeddable":true,"href":"https:\/\/beatrice-mueller.de\/fr\/wp-json\/wp\/v2\/product_brand?post=22523"},{"taxonomy":"product_cat","embeddable":true,"href":"https:\/\/beatrice-mueller.de\/fr\/wp-json\/wp\/v2\/product_cat?post=22523"},{"taxonomy":"product_tag","embeddable":true,"href":"https:\/\/beatrice-mueller.de\/fr\/wp-json\/wp\/v2\/product_tag?post=22523"}],"curies":[{"name":"wp","href":"https:\/\/api.w.org\/{rel}","templated":true}]}}