{"id":22555,"date":"2025-02-16T12:57:28","date_gmt":"2025-02-16T11:57:28","guid":{"rendered":"https:\/\/beatrice-mueller.de\/produkt\/porte-cles-cat-en-acier-inoxydable\/"},"modified":"2025-02-16T12:57:28","modified_gmt":"2025-02-16T11:57:28","slug":"porte-cles-cat-en-acier-inoxydable","status":"publish","type":"product","link":"https:\/\/beatrice-mueller.de\/fr\/produit\/porte-cles-cat-en-acier-inoxydable\/","title":{"rendered":"Porte-cl\u00e9s CAT en acier inoxydable"},"content":{"rendered":"<p>Un porte-cl\u00e9s aussi l\u00e9ger et \u00e9l\u00e9gant qu&#8217;un chat. Les animaux s\u00fbrs d\u2019eux savent exactement ce qu\u2019ils peuvent faire et ce qu\u2019ils veulent. Ils vivent selon la devise \u00ab Si tu peux, tu peux \u00bb. Suivez leur exemple et ne vous laissez pas d\u00e9courager !   <\/p>\n<p><u>Caract\u00e9ristiques:<\/u><\/p>\n<p>\u2718 La pi\u00e8ce de cha\u00eene facilement d\u00e9pla\u00e7able est disponible en diff\u00e9rentes longueurs.<\/p>\n<p>\u2718 Ajoutez facilement des pendentifs et des cl\u00e9s suppl\u00e9mentaires gr\u00e2ce au porte-cl\u00e9s.<\/p>\n<p>\u2718 Sur demande le chat est \u00e9galement disponible en argent et or.<\/p>\n<p>&nbsp;<\/p>\n<div class=\"table-wrapper\">\n<table border=\"0\" frame=\"box\">\n<tbody>\n<tr>\n<td><strong>Bijoux en mat\u00e9riaux<\/strong><\/td>\n<td>acier inoxydable<\/td>\n<\/tr>\n<tr>\n<td><strong>surface<\/strong><\/td>\n<td>tapis fluide<\/td>\n<\/tr>\n<tr>\n<td><strong>Pi\u00e8ce de cha\u00eene de mat\u00e9riau<\/strong><\/td>\n<td>acier inoxydable<\/td>\n<\/tr>\n<tr>\n<td><strong>M\u00e9canique des mat\u00e9riaux<\/strong><\/td>\n<td>acier inoxydable<\/td>\n<\/tr>\n<tr>\n<td><strong>longueur du morceau de cha\u00eene<br \/>\n<\/strong><\/td>\n<td>30,5 mm<\/td>\n<\/tr>\n<tr>\n<td><strong>Caract\u00e9ristiques sp\u00e9ciales<\/strong><\/td>\n<td>gravure au laser<\/td>\n<\/tr>\n<\/tbody>\n<\/table>\n<\/div>\n","protected":false},"excerpt":{"rendered":"<p>Un porte-cl\u00e9s aussi l\u00e9ger et \u00e9l\u00e9gant qu&#8217;un chat. Les animaux s\u00fbrs d\u2019eux savent exactement ce qu\u2019ils peuvent faire et ce qu\u2019ils veulent. Ils vivent selon la devise \u00ab Si tu peux, tu peux \u00bb. Suivez leur exemple et ne vous laissez pas d\u00e9courager ! Caract\u00e9ristiques: \u2718 La pi\u00e8ce de cha\u00eene facilement d\u00e9pla\u00e7able est disponible en [&hellip;]<\/p>\n","protected":false},"featured_media":22564,"comment_status":"closed","ping_status":"closed","template":"","meta":{"_glsr_average":0,"_glsr_ranking":0,"_glsr_reviews":0},"product_brand":[],"product_cat":[580,605],"product_tag":[563],"class_list":{"0":"post-22555","1":"product","2":"type-product","3":"status-publish","4":"has-post-thumbnail","6":"product_cat-accessoires-fr","7":"product_cat-porte-cles","8":"product_tag-conception-x","9":"pa_marke-x-design-fr","11":"first","12":"instock","13":"taxable","14":"shipping-taxable","15":"purchasable","16":"product-type-simple"},"exclude_global_add_ons":[],"addons":[],"yoast_head":"<!-- This site is optimized with the Yoast SEO plugin v25.6 - https:\/\/yoast.com\/wordpress\/plugins\/seo\/ -->\n<title>Porte-cl\u00e9s CAT en acier inoxydable - Beatrice M\u00fcller<\/title>\n<meta name=\"robots\" content=\"index, follow, max-snippet:-1, max-image-preview:large, max-video-preview:-1\" \/>\n<link rel=\"canonical\" href=\"https:\/\/beatrice-mueller.de\/fr\/produit\/porte-cles-cat-en-acier-inoxydable\/\" \/>\n<meta property=\"og:locale\" content=\"fr_FR\" \/>\n<meta property=\"og:type\" content=\"article\" \/>\n<meta property=\"og:title\" content=\"Porte-cl\u00e9s CAT en acier inoxydable - Beatrice M\u00fcller\" \/>\n<meta property=\"og:description\" content=\"Un porte-cl\u00e9s aussi l\u00e9ger et \u00e9l\u00e9gant qu&#8217;un chat. Les animaux s\u00fbrs d\u2019eux savent exactement ce qu\u2019ils peuvent faire et ce qu\u2019ils veulent. Ils vivent selon la devise \u00ab Si tu peux, tu peux \u00bb. Suivez leur exemple et ne vous laissez pas d\u00e9courager ! Caract\u00e9ristiques: \u2718 La pi\u00e8ce de cha\u00eene facilement d\u00e9pla\u00e7able est disponible en [&hellip;]\" \/>\n<meta property=\"og:url\" content=\"https:\/\/beatrice-mueller.de\/fr\/produit\/porte-cles-cat-en-acier-inoxydable\/\" \/>\n<meta property=\"og:site_name\" content=\"Beatrice M\u00fcller\" \/>\n<meta property=\"og:image\" content=\"https:\/\/beatrice-mueller.de\/wp-content\/uploads\/Schluesselanheanger_Katze.webp\" \/>\n\t<meta property=\"og:image:width\" content=\"800\" \/>\n\t<meta property=\"og:image:height\" content=\"800\" \/>\n\t<meta property=\"og:image:type\" content=\"image\/webp\" \/>\n<meta name=\"twitter:card\" content=\"summary_large_image\" \/>\n<meta name=\"twitter:label1\" content=\"Dur\u00e9e de lecture estim\u00e9e\" \/>\n\t<meta name=\"twitter:data1\" content=\"1 minute\" \/>\n<script type=\"application\/ld+json\" class=\"yoast-schema-graph\">{\"@context\":\"https:\/\/schema.org\",\"@graph\":[{\"@type\":\"WebPage\",\"@id\":\"https:\/\/beatrice-mueller.de\/fr\/produit\/porte-cles-cat-en-acier-inoxydable\/\",\"url\":\"https:\/\/beatrice-mueller.de\/fr\/produit\/porte-cles-cat-en-acier-inoxydable\/\",\"name\":\"Porte-cl\u00e9s CAT en acier inoxydable - Beatrice M\u00fcller\",\"isPartOf\":{\"@id\":\"https:\/\/beatrice-mueller.de\/fr\/#website\"},\"primaryImageOfPage\":{\"@id\":\"https:\/\/beatrice-mueller.de\/fr\/produit\/porte-cles-cat-en-acier-inoxydable\/#primaryimage\"},\"image\":{\"@id\":\"https:\/\/beatrice-mueller.de\/fr\/produit\/porte-cles-cat-en-acier-inoxydable\/#primaryimage\"},\"thumbnailUrl\":\"https:\/\/beatrice-mueller.de\/wp-content\/uploads\/Schluesselanheanger_Katze.webp\",\"datePublished\":\"2025-02-16T11:57:28+00:00\",\"breadcrumb\":{\"@id\":\"https:\/\/beatrice-mueller.de\/fr\/produit\/porte-cles-cat-en-acier-inoxydable\/#breadcrumb\"},\"inLanguage\":\"fr-FR\",\"potentialAction\":[{\"@type\":\"ReadAction\",\"target\":[\"https:\/\/beatrice-mueller.de\/fr\/produit\/porte-cles-cat-en-acier-inoxydable\/\"]}]},{\"@type\":\"ImageObject\",\"inLanguage\":\"fr-FR\",\"@id\":\"https:\/\/beatrice-mueller.de\/fr\/produit\/porte-cles-cat-en-acier-inoxydable\/#primaryimage\",\"url\":\"https:\/\/beatrice-mueller.de\/wp-content\/uploads\/Schluesselanheanger_Katze.webp\",\"contentUrl\":\"https:\/\/beatrice-mueller.de\/wp-content\/uploads\/Schluesselanheanger_Katze.webp\",\"width\":800,\"height\":800},{\"@type\":\"BreadcrumbList\",\"@id\":\"https:\/\/beatrice-mueller.de\/fr\/produit\/porte-cles-cat-en-acier-inoxydable\/#breadcrumb\",\"itemListElement\":[{\"@type\":\"ListItem\",\"position\":1,\"name\":\"Startseite\",\"item\":\"https:\/\/beatrice-mueller.de\/fr\/\"},{\"@type\":\"ListItem\",\"position\":2,\"name\":\"Boutique\",\"item\":\"https:\/\/beatrice-mueller.de\/fr\/boutique-2\/\"},{\"@type\":\"ListItem\",\"position\":3,\"name\":\"Porte-cl\u00e9s CAT en acier inoxydable\"}]},{\"@type\":\"WebSite\",\"@id\":\"https:\/\/beatrice-mueller.de\/fr\/#website\",\"url\":\"https:\/\/beatrice-mueller.de\/fr\/\",\"name\":\"Beatrice M\u00fcller\",\"description\":\"Schmuckdesign\",\"potentialAction\":[{\"@type\":\"SearchAction\",\"target\":{\"@type\":\"EntryPoint\",\"urlTemplate\":\"https:\/\/beatrice-mueller.de\/fr\/?s={search_term_string}\"},\"query-input\":{\"@type\":\"PropertyValueSpecification\",\"valueRequired\":true,\"valueName\":\"search_term_string\"}}],\"inLanguage\":\"fr-FR\"}]}<\/script>\n<!-- \/ Yoast SEO plugin. -->","yoast_head_json":{"title":"Porte-cl\u00e9s CAT en acier inoxydable - Beatrice M\u00fcller","robots":{"index":"index","follow":"follow","max-snippet":"max-snippet:-1","max-image-preview":"max-image-preview:large","max-video-preview":"max-video-preview:-1"},"canonical":"https:\/\/beatrice-mueller.de\/fr\/produit\/porte-cles-cat-en-acier-inoxydable\/","og_locale":"fr_FR","og_type":"article","og_title":"Porte-cl\u00e9s CAT en acier inoxydable - Beatrice M\u00fcller","og_description":"Un porte-cl\u00e9s aussi l\u00e9ger et \u00e9l\u00e9gant qu&#8217;un chat. Les animaux s\u00fbrs d\u2019eux savent exactement ce qu\u2019ils peuvent faire et ce qu\u2019ils veulent. Ils vivent selon la devise \u00ab Si tu peux, tu peux \u00bb. Suivez leur exemple et ne vous laissez pas d\u00e9courager ! Caract\u00e9ristiques: \u2718 La pi\u00e8ce de cha\u00eene facilement d\u00e9pla\u00e7able est disponible en [&hellip;]","og_url":"https:\/\/beatrice-mueller.de\/fr\/produit\/porte-cles-cat-en-acier-inoxydable\/","og_site_name":"Beatrice M\u00fcller","og_image":[{"width":800,"height":800,"url":"https:\/\/beatrice-mueller.de\/wp-content\/uploads\/Schluesselanheanger_Katze.webp","type":"image\/webp"}],"twitter_card":"summary_large_image","twitter_misc":{"Dur\u00e9e de lecture estim\u00e9e":"1 minute"},"schema":{"@context":"https:\/\/schema.org","@graph":[{"@type":"WebPage","@id":"https:\/\/beatrice-mueller.de\/fr\/produit\/porte-cles-cat-en-acier-inoxydable\/","url":"https:\/\/beatrice-mueller.de\/fr\/produit\/porte-cles-cat-en-acier-inoxydable\/","name":"Porte-cl\u00e9s CAT en acier inoxydable - Beatrice M\u00fcller","isPartOf":{"@id":"https:\/\/beatrice-mueller.de\/fr\/#website"},"primaryImageOfPage":{"@id":"https:\/\/beatrice-mueller.de\/fr\/produit\/porte-cles-cat-en-acier-inoxydable\/#primaryimage"},"image":{"@id":"https:\/\/beatrice-mueller.de\/fr\/produit\/porte-cles-cat-en-acier-inoxydable\/#primaryimage"},"thumbnailUrl":"https:\/\/beatrice-mueller.de\/wp-content\/uploads\/Schluesselanheanger_Katze.webp","datePublished":"2025-02-16T11:57:28+00:00","breadcrumb":{"@id":"https:\/\/beatrice-mueller.de\/fr\/produit\/porte-cles-cat-en-acier-inoxydable\/#breadcrumb"},"inLanguage":"fr-FR","potentialAction":[{"@type":"ReadAction","target":["https:\/\/beatrice-mueller.de\/fr\/produit\/porte-cles-cat-en-acier-inoxydable\/"]}]},{"@type":"ImageObject","inLanguage":"fr-FR","@id":"https:\/\/beatrice-mueller.de\/fr\/produit\/porte-cles-cat-en-acier-inoxydable\/#primaryimage","url":"https:\/\/beatrice-mueller.de\/wp-content\/uploads\/Schluesselanheanger_Katze.webp","contentUrl":"https:\/\/beatrice-mueller.de\/wp-content\/uploads\/Schluesselanheanger_Katze.webp","width":800,"height":800},{"@type":"BreadcrumbList","@id":"https:\/\/beatrice-mueller.de\/fr\/produit\/porte-cles-cat-en-acier-inoxydable\/#breadcrumb","itemListElement":[{"@type":"ListItem","position":1,"name":"Startseite","item":"https:\/\/beatrice-mueller.de\/fr\/"},{"@type":"ListItem","position":2,"name":"Boutique","item":"https:\/\/beatrice-mueller.de\/fr\/boutique-2\/"},{"@type":"ListItem","position":3,"name":"Porte-cl\u00e9s CAT en acier inoxydable"}]},{"@type":"WebSite","@id":"https:\/\/beatrice-mueller.de\/fr\/#website","url":"https:\/\/beatrice-mueller.de\/fr\/","name":"Beatrice M\u00fcller","description":"Schmuckdesign","potentialAction":[{"@type":"SearchAction","target":{"@type":"EntryPoint","urlTemplate":"https:\/\/beatrice-mueller.de\/fr\/?s={search_term_string}"},"query-input":{"@type":"PropertyValueSpecification","valueRequired":true,"valueName":"search_term_string"}}],"inLanguage":"fr-FR"}]}},"_links":{"self":[{"href":"https:\/\/beatrice-mueller.de\/fr\/wp-json\/wp\/v2\/product\/22555","targetHints":{"allow":["GET"]}}],"collection":[{"href":"https:\/\/beatrice-mueller.de\/fr\/wp-json\/wp\/v2\/product"}],"about":[{"href":"https:\/\/beatrice-mueller.de\/fr\/wp-json\/wp\/v2\/types\/product"}],"replies":[{"embeddable":true,"href":"https:\/\/beatrice-mueller.de\/fr\/wp-json\/wp\/v2\/comments?post=22555"}],"wp:featuredmedia":[{"embeddable":true,"href":"https:\/\/beatrice-mueller.de\/fr\/wp-json\/wp\/v2\/media\/22564"}],"wp:attachment":[{"href":"https:\/\/beatrice-mueller.de\/fr\/wp-json\/wp\/v2\/media?parent=22555"}],"wp:term":[{"taxonomy":"product_brand","embeddable":true,"href":"https:\/\/beatrice-mueller.de\/fr\/wp-json\/wp\/v2\/product_brand?post=22555"},{"taxonomy":"product_cat","embeddable":true,"href":"https:\/\/beatrice-mueller.de\/fr\/wp-json\/wp\/v2\/product_cat?post=22555"},{"taxonomy":"product_tag","embeddable":true,"href":"https:\/\/beatrice-mueller.de\/fr\/wp-json\/wp\/v2\/product_tag?post=22555"}],"curies":[{"name":"wp","href":"https:\/\/api.w.org\/{rel}","templated":true}]}}