{"id":22568,"date":"2025-02-16T12:57:28","date_gmt":"2025-02-16T11:57:28","guid":{"rendered":"https:\/\/beatrice-mueller.de\/produkt\/tablier-no-stress\/"},"modified":"2025-02-16T12:57:28","modified_gmt":"2025-02-16T11:57:28","slug":"tablier-no-stress","status":"publish","type":"product","link":"https:\/\/beatrice-mueller.de\/fr\/produit\/tablier-no-stress\/","title":{"rendered":"Tablier NO STRESS"},"content":{"rendered":"<p>Cuisiner et griller, c&#8217;est amusant ! Pour que vous puissiez vous concentrer pleinement, notre tablier vous prot\u00e8ge des taches ind\u00e9sirables. La devise NO STRESS vous lib\u00e8re de vos tensions pour que chacun puisse profiter du repas. Le tablier peut \u00eatre ajust\u00e9 individuellement \u00e0 n&#8217;importe quelle taille gr\u00e2ce au cordon de serrage flexible.   <\/p>\n<p>Toutes les applications sont brod\u00e9es et tiss\u00e9es de haute qualit\u00e9. Chaque pi\u00e8ce est fabriqu\u00e9e \u00e0 la main avec amour et est fabriqu\u00e9e en Allemagne. <\/p>\n<p>Caract\u00e9ristiques:<\/p>\n<p>\u2718 cordon de serrage flexible.<\/p>\n<p>\u2718 Confortable et agr\u00e9able \u00e0 porter &#8211; pur coton.<\/p>\n<p>\u2718 Pour changer de perspective, le slogan est plac\u00e9 sur le c\u00f4t\u00e9.<\/p>\n<p>\u2718 Lavable en machine et repassable.<\/p>\n","protected":false},"excerpt":{"rendered":"<p>Cuisiner et griller, c&#8217;est amusant ! Pour que vous puissiez vous concentrer pleinement, notre tablier vous prot\u00e8ge des taches ind\u00e9sirables. La devise NO STRESS vous lib\u00e8re de vos tensions pour que chacun puisse profiter du repas. Le tablier peut \u00eatre ajust\u00e9 individuellement \u00e0 n&#8217;importe quelle taille gr\u00e2ce au cordon de serrage flexible. Toutes les applications [&hellip;]<\/p>\n","protected":false},"featured_media":22577,"comment_status":"closed","ping_status":"closed","template":"","meta":{"_glsr_average":0,"_glsr_ranking":0,"_glsr_reviews":0},"product_brand":[],"product_cat":[574],"product_tag":[563],"class_list":{"0":"post-22568","1":"product","2":"type-product","3":"status-publish","4":"has-post-thumbnail","6":"product_cat-vetements","7":"product_tag-conception-x","8":"pa_marke-x-design-fr","10":"first","11":"instock","12":"sale","13":"taxable","14":"shipping-taxable","15":"purchasable","16":"product-type-simple"},"exclude_global_add_ons":[],"addons":[],"yoast_head":"<!-- This site is optimized with the Yoast SEO plugin v25.6 - https:\/\/yoast.com\/wordpress\/plugins\/seo\/ -->\n<title>Tablier NO STRESS - Beatrice M\u00fcller<\/title>\n<meta name=\"robots\" content=\"index, follow, max-snippet:-1, max-image-preview:large, max-video-preview:-1\" \/>\n<link rel=\"canonical\" href=\"https:\/\/beatrice-mueller.de\/fr\/produit\/tablier-no-stress\/\" \/>\n<meta property=\"og:locale\" content=\"fr_FR\" \/>\n<meta property=\"og:type\" content=\"article\" \/>\n<meta property=\"og:title\" content=\"Tablier NO STRESS - Beatrice M\u00fcller\" \/>\n<meta property=\"og:description\" content=\"Cuisiner et griller, c&#8217;est amusant ! Pour que vous puissiez vous concentrer pleinement, notre tablier vous prot\u00e8ge des taches ind\u00e9sirables. La devise NO STRESS vous lib\u00e8re de vos tensions pour que chacun puisse profiter du repas. Le tablier peut \u00eatre ajust\u00e9 individuellement \u00e0 n&#8217;importe quelle taille gr\u00e2ce au cordon de serrage flexible. Toutes les applications [&hellip;]\" \/>\n<meta property=\"og:url\" content=\"https:\/\/beatrice-mueller.de\/fr\/produit\/tablier-no-stress\/\" \/>\n<meta property=\"og:site_name\" content=\"Beatrice M\u00fcller\" \/>\n<meta property=\"og:image\" content=\"https:\/\/beatrice-mueller.de\/wp-content\/uploads\/1_4fe04951-6309-434a-a6b0-5ce5d446e331.webp\" \/>\n\t<meta property=\"og:image:width\" content=\"800\" \/>\n\t<meta property=\"og:image:height\" content=\"800\" \/>\n\t<meta property=\"og:image:type\" content=\"image\/webp\" \/>\n<meta name=\"twitter:card\" content=\"summary_large_image\" \/>\n<meta name=\"twitter:label1\" content=\"Dur\u00e9e de lecture estim\u00e9e\" \/>\n\t<meta name=\"twitter:data1\" content=\"1 minute\" \/>\n<script type=\"application\/ld+json\" class=\"yoast-schema-graph\">{\"@context\":\"https:\/\/schema.org\",\"@graph\":[{\"@type\":\"WebPage\",\"@id\":\"https:\/\/beatrice-mueller.de\/fr\/produit\/tablier-no-stress\/\",\"url\":\"https:\/\/beatrice-mueller.de\/fr\/produit\/tablier-no-stress\/\",\"name\":\"Tablier NO STRESS - Beatrice M\u00fcller\",\"isPartOf\":{\"@id\":\"https:\/\/beatrice-mueller.de\/fr\/#website\"},\"primaryImageOfPage\":{\"@id\":\"https:\/\/beatrice-mueller.de\/fr\/produit\/tablier-no-stress\/#primaryimage\"},\"image\":{\"@id\":\"https:\/\/beatrice-mueller.de\/fr\/produit\/tablier-no-stress\/#primaryimage\"},\"thumbnailUrl\":\"https:\/\/beatrice-mueller.de\/wp-content\/uploads\/1_4fe04951-6309-434a-a6b0-5ce5d446e331.webp\",\"datePublished\":\"2025-02-16T11:57:28+00:00\",\"breadcrumb\":{\"@id\":\"https:\/\/beatrice-mueller.de\/fr\/produit\/tablier-no-stress\/#breadcrumb\"},\"inLanguage\":\"fr-FR\",\"potentialAction\":[{\"@type\":\"ReadAction\",\"target\":[\"https:\/\/beatrice-mueller.de\/fr\/produit\/tablier-no-stress\/\"]}]},{\"@type\":\"ImageObject\",\"inLanguage\":\"fr-FR\",\"@id\":\"https:\/\/beatrice-mueller.de\/fr\/produit\/tablier-no-stress\/#primaryimage\",\"url\":\"https:\/\/beatrice-mueller.de\/wp-content\/uploads\/1_4fe04951-6309-434a-a6b0-5ce5d446e331.webp\",\"contentUrl\":\"https:\/\/beatrice-mueller.de\/wp-content\/uploads\/1_4fe04951-6309-434a-a6b0-5ce5d446e331.webp\",\"width\":800,\"height\":800},{\"@type\":\"BreadcrumbList\",\"@id\":\"https:\/\/beatrice-mueller.de\/fr\/produit\/tablier-no-stress\/#breadcrumb\",\"itemListElement\":[{\"@type\":\"ListItem\",\"position\":1,\"name\":\"Startseite\",\"item\":\"https:\/\/beatrice-mueller.de\/fr\/\"},{\"@type\":\"ListItem\",\"position\":2,\"name\":\"Boutique\",\"item\":\"https:\/\/beatrice-mueller.de\/fr\/boutique-2\/\"},{\"@type\":\"ListItem\",\"position\":3,\"name\":\"Tablier NO STRESS\"}]},{\"@type\":\"WebSite\",\"@id\":\"https:\/\/beatrice-mueller.de\/fr\/#website\",\"url\":\"https:\/\/beatrice-mueller.de\/fr\/\",\"name\":\"Beatrice M\u00fcller\",\"description\":\"Schmuckdesign\",\"potentialAction\":[{\"@type\":\"SearchAction\",\"target\":{\"@type\":\"EntryPoint\",\"urlTemplate\":\"https:\/\/beatrice-mueller.de\/fr\/?s={search_term_string}\"},\"query-input\":{\"@type\":\"PropertyValueSpecification\",\"valueRequired\":true,\"valueName\":\"search_term_string\"}}],\"inLanguage\":\"fr-FR\"}]}<\/script>\n<!-- \/ Yoast SEO plugin. -->","yoast_head_json":{"title":"Tablier NO STRESS - Beatrice M\u00fcller","robots":{"index":"index","follow":"follow","max-snippet":"max-snippet:-1","max-image-preview":"max-image-preview:large","max-video-preview":"max-video-preview:-1"},"canonical":"https:\/\/beatrice-mueller.de\/fr\/produit\/tablier-no-stress\/","og_locale":"fr_FR","og_type":"article","og_title":"Tablier NO STRESS - Beatrice M\u00fcller","og_description":"Cuisiner et griller, c&#8217;est amusant ! Pour que vous puissiez vous concentrer pleinement, notre tablier vous prot\u00e8ge des taches ind\u00e9sirables. La devise NO STRESS vous lib\u00e8re de vos tensions pour que chacun puisse profiter du repas. Le tablier peut \u00eatre ajust\u00e9 individuellement \u00e0 n&#8217;importe quelle taille gr\u00e2ce au cordon de serrage flexible. Toutes les applications [&hellip;]","og_url":"https:\/\/beatrice-mueller.de\/fr\/produit\/tablier-no-stress\/","og_site_name":"Beatrice M\u00fcller","og_image":[{"width":800,"height":800,"url":"https:\/\/beatrice-mueller.de\/wp-content\/uploads\/1_4fe04951-6309-434a-a6b0-5ce5d446e331.webp","type":"image\/webp"}],"twitter_card":"summary_large_image","twitter_misc":{"Dur\u00e9e de lecture estim\u00e9e":"1 minute"},"schema":{"@context":"https:\/\/schema.org","@graph":[{"@type":"WebPage","@id":"https:\/\/beatrice-mueller.de\/fr\/produit\/tablier-no-stress\/","url":"https:\/\/beatrice-mueller.de\/fr\/produit\/tablier-no-stress\/","name":"Tablier NO STRESS - Beatrice M\u00fcller","isPartOf":{"@id":"https:\/\/beatrice-mueller.de\/fr\/#website"},"primaryImageOfPage":{"@id":"https:\/\/beatrice-mueller.de\/fr\/produit\/tablier-no-stress\/#primaryimage"},"image":{"@id":"https:\/\/beatrice-mueller.de\/fr\/produit\/tablier-no-stress\/#primaryimage"},"thumbnailUrl":"https:\/\/beatrice-mueller.de\/wp-content\/uploads\/1_4fe04951-6309-434a-a6b0-5ce5d446e331.webp","datePublished":"2025-02-16T11:57:28+00:00","breadcrumb":{"@id":"https:\/\/beatrice-mueller.de\/fr\/produit\/tablier-no-stress\/#breadcrumb"},"inLanguage":"fr-FR","potentialAction":[{"@type":"ReadAction","target":["https:\/\/beatrice-mueller.de\/fr\/produit\/tablier-no-stress\/"]}]},{"@type":"ImageObject","inLanguage":"fr-FR","@id":"https:\/\/beatrice-mueller.de\/fr\/produit\/tablier-no-stress\/#primaryimage","url":"https:\/\/beatrice-mueller.de\/wp-content\/uploads\/1_4fe04951-6309-434a-a6b0-5ce5d446e331.webp","contentUrl":"https:\/\/beatrice-mueller.de\/wp-content\/uploads\/1_4fe04951-6309-434a-a6b0-5ce5d446e331.webp","width":800,"height":800},{"@type":"BreadcrumbList","@id":"https:\/\/beatrice-mueller.de\/fr\/produit\/tablier-no-stress\/#breadcrumb","itemListElement":[{"@type":"ListItem","position":1,"name":"Startseite","item":"https:\/\/beatrice-mueller.de\/fr\/"},{"@type":"ListItem","position":2,"name":"Boutique","item":"https:\/\/beatrice-mueller.de\/fr\/boutique-2\/"},{"@type":"ListItem","position":3,"name":"Tablier NO STRESS"}]},{"@type":"WebSite","@id":"https:\/\/beatrice-mueller.de\/fr\/#website","url":"https:\/\/beatrice-mueller.de\/fr\/","name":"Beatrice M\u00fcller","description":"Schmuckdesign","potentialAction":[{"@type":"SearchAction","target":{"@type":"EntryPoint","urlTemplate":"https:\/\/beatrice-mueller.de\/fr\/?s={search_term_string}"},"query-input":{"@type":"PropertyValueSpecification","valueRequired":true,"valueName":"search_term_string"}}],"inLanguage":"fr-FR"}]}},"_links":{"self":[{"href":"https:\/\/beatrice-mueller.de\/fr\/wp-json\/wp\/v2\/product\/22568","targetHints":{"allow":["GET"]}}],"collection":[{"href":"https:\/\/beatrice-mueller.de\/fr\/wp-json\/wp\/v2\/product"}],"about":[{"href":"https:\/\/beatrice-mueller.de\/fr\/wp-json\/wp\/v2\/types\/product"}],"replies":[{"embeddable":true,"href":"https:\/\/beatrice-mueller.de\/fr\/wp-json\/wp\/v2\/comments?post=22568"}],"wp:featuredmedia":[{"embeddable":true,"href":"https:\/\/beatrice-mueller.de\/fr\/wp-json\/wp\/v2\/media\/22577"}],"wp:attachment":[{"href":"https:\/\/beatrice-mueller.de\/fr\/wp-json\/wp\/v2\/media?parent=22568"}],"wp:term":[{"taxonomy":"product_brand","embeddable":true,"href":"https:\/\/beatrice-mueller.de\/fr\/wp-json\/wp\/v2\/product_brand?post=22568"},{"taxonomy":"product_cat","embeddable":true,"href":"https:\/\/beatrice-mueller.de\/fr\/wp-json\/wp\/v2\/product_cat?post=22568"},{"taxonomy":"product_tag","embeddable":true,"href":"https:\/\/beatrice-mueller.de\/fr\/wp-json\/wp\/v2\/product_tag?post=22568"}],"curies":[{"name":"wp","href":"https:\/\/api.w.org\/{rel}","templated":true}]}}