{"id":22579,"date":"2025-02-16T12:57:29","date_gmt":"2025-02-16T11:57:29","guid":{"rendered":"https:\/\/beatrice-mueller.de\/produkt\/porte-cles-eggscellent-en-acier-inoxydable\/"},"modified":"2025-02-16T12:57:29","modified_gmt":"2025-02-16T11:57:29","slug":"porte-cles-eggscellent-en-acier-inoxydable","status":"publish","type":"product","link":"https:\/\/beatrice-mueller.de\/fr\/produit\/porte-cles-eggscellent-en-acier-inoxydable\/","title":{"rendered":"Porte-cl\u00e9s EGGSCELLENT en acier inoxydable"},"content":{"rendered":"<p>Vous aimez le v\u00e9ritable artisanat ? Les porte-cl\u00e9s sont des compagnons constants de la vie quotidienne. Avec notre pendentif en acier inoxydable fait \u00e0 la main, toutes les portes s&#8217;ouvriront sans effort. Toujours un choix \u00ab excellent \u00bb !   <\/p>\n<p><u>Caract\u00e9ristiques:<br \/>\n<\/u><\/p>\n<p>\u2718 Mobilit\u00e9 ultra facile gr\u00e2ce \u00e0 la pi\u00e8ce de liaison d&#8217;une cha\u00eene royale.<\/p>\n<p>\u2718 Joli et plat &#8211; se glisse dans tous les sacs !<\/p>\n<p>\u2718 \u00c9galement disponible en argent brillant et or sur demande.<\/p>\n<p>&nbsp;<\/p>\n<div class=\"table-wrapper\">\n<table border=\"0\" frame=\"box\">\n<tbody>\n<tr>\n<td><span data-mce-mark=\"1\"><strong>Bijoux en mat\u00e9riaux<\/strong><\/span><\/td>\n<td><span data-mce-mark=\"1\">acier inoxydable<\/span><\/td>\n<\/tr>\n<tr>\n<td><span data-mce-mark=\"1\"><strong>surface<\/strong><\/span><\/td>\n<td><span data-mce-mark=\"1\">tapis fluide<\/span><\/td>\n<\/tr>\n<tr>\n<td><span data-mce-mark=\"1\"><strong>m\u00e9canique<\/strong><\/span><\/td>\n<td><span data-mce-mark=\"1\">acier inoxydable<\/span><\/td>\n<\/tr>\n<tr>\n<td><span data-mce-mark=\"1\"><strong>Largeur<\/strong><\/span><\/td>\n<td>8,1 mm<\/td>\n<\/tr>\n<tr>\n<td><span data-mce-mark=\"1\"><strong>longueur<\/strong><\/span><\/td>\n<td><span data-mce-mark=\"1\">70 mm<\/span><\/td>\n<\/tr>\n<tr>\n<td><strong><span data-mce-mark=\"1\">\u00e9paisseur du mat\u00e9riau<\/span><\/strong><\/td>\n<td><span data-mce-mark=\"1\">1 mm<\/span><\/td>\n<\/tr>\n<tr>\n<td><strong><span data-mce-mark=\"1\">Pi\u00e8ce de cha\u00eene de mat\u00e9riau<\/span><\/strong><\/td>\n<td>acier inoxydable<\/td>\n<\/tr>\n<tr>\n<td><strong><span data-mce-mark=\"1\">M\u00e9canique des mat\u00e9riaux<\/span><\/strong><\/td>\n<td>acier inoxydable<\/td>\n<\/tr>\n<tr>\n<td><span data-mce-mark=\"1\"><strong>longueur du morceau de cha\u00eene<\/strong><\/span><\/td>\n<td><span data-mce-mark=\"1\">30,5 mm<\/span><\/td>\n<\/tr>\n<tr>\n<td><span data-mce-mark=\"1\"><strong>Caract\u00e9ristiques sp\u00e9ciales<\/strong><\/span><\/td>\n<td><span data-mce-mark=\"1\">gravure au laser<\/span><\/td>\n<\/tr>\n<\/tbody>\n<\/table>\n<\/div>\n","protected":false},"excerpt":{"rendered":"<p>Vous aimez le v\u00e9ritable artisanat ? Les porte-cl\u00e9s sont des compagnons constants de la vie quotidienne. Avec notre pendentif en acier inoxydable fait \u00e0 la main, toutes les portes s&#8217;ouvriront sans effort. Toujours un choix \u00ab excellent \u00bb ! Caract\u00e9ristiques: \u2718 Mobilit\u00e9 ultra facile gr\u00e2ce \u00e0 la pi\u00e8ce de liaison d&#8217;une cha\u00eene royale. \u2718 Joli [&hellip;]<\/p>\n","protected":false},"featured_media":22583,"comment_status":"closed","ping_status":"closed","template":"","meta":{"_glsr_average":0,"_glsr_ranking":0,"_glsr_reviews":0},"product_brand":[],"product_cat":[580,605],"product_tag":[563],"class_list":{"0":"post-22579","1":"product","2":"type-product","3":"status-publish","4":"has-post-thumbnail","6":"product_cat-accessoires-fr","7":"product_cat-porte-cles","8":"product_tag-conception-x","9":"pa_marke-x-design-fr","11":"first","12":"instock","13":"taxable","14":"shipping-taxable","15":"purchasable","16":"product-type-simple"},"exclude_global_add_ons":[],"addons":[],"yoast_head":"<!-- This site is optimized with the Yoast SEO plugin v25.6 - https:\/\/yoast.com\/wordpress\/plugins\/seo\/ -->\n<title>Porte-cl\u00e9s EGGSCELLENT en acier inoxydable - Beatrice M\u00fcller<\/title>\n<meta name=\"robots\" content=\"index, follow, max-snippet:-1, max-image-preview:large, max-video-preview:-1\" \/>\n<link rel=\"canonical\" href=\"https:\/\/beatrice-mueller.de\/fr\/produit\/porte-cles-eggscellent-en-acier-inoxydable\/\" \/>\n<meta property=\"og:locale\" content=\"fr_FR\" \/>\n<meta property=\"og:type\" content=\"article\" \/>\n<meta property=\"og:title\" content=\"Porte-cl\u00e9s EGGSCELLENT en acier inoxydable - Beatrice M\u00fcller\" \/>\n<meta property=\"og:description\" content=\"Vous aimez le v\u00e9ritable artisanat ? Les porte-cl\u00e9s sont des compagnons constants de la vie quotidienne. Avec notre pendentif en acier inoxydable fait \u00e0 la main, toutes les portes s&#8217;ouvriront sans effort. Toujours un choix \u00ab excellent \u00bb ! Caract\u00e9ristiques: \u2718 Mobilit\u00e9 ultra facile gr\u00e2ce \u00e0 la pi\u00e8ce de liaison d&#8217;une cha\u00eene royale. \u2718 Joli [&hellip;]\" \/>\n<meta property=\"og:url\" content=\"https:\/\/beatrice-mueller.de\/fr\/produit\/porte-cles-eggscellent-en-acier-inoxydable\/\" \/>\n<meta property=\"og:site_name\" content=\"Beatrice M\u00fcller\" \/>\n<meta property=\"og:image\" content=\"https:\/\/beatrice-mueller.de\/wp-content\/uploads\/Schluesselanhaenger-Eggscellent.webp\" \/>\n\t<meta property=\"og:image:width\" content=\"1000\" \/>\n\t<meta property=\"og:image:height\" content=\"1001\" \/>\n\t<meta property=\"og:image:type\" content=\"image\/webp\" \/>\n<meta name=\"twitter:card\" content=\"summary_large_image\" \/>\n<meta name=\"twitter:label1\" content=\"Dur\u00e9e de lecture estim\u00e9e\" \/>\n\t<meta name=\"twitter:data1\" content=\"1 minute\" \/>\n<script type=\"application\/ld+json\" class=\"yoast-schema-graph\">{\"@context\":\"https:\/\/schema.org\",\"@graph\":[{\"@type\":\"WebPage\",\"@id\":\"https:\/\/beatrice-mueller.de\/fr\/produit\/porte-cles-eggscellent-en-acier-inoxydable\/\",\"url\":\"https:\/\/beatrice-mueller.de\/fr\/produit\/porte-cles-eggscellent-en-acier-inoxydable\/\",\"name\":\"Porte-cl\u00e9s EGGSCELLENT en acier inoxydable - Beatrice M\u00fcller\",\"isPartOf\":{\"@id\":\"https:\/\/beatrice-mueller.de\/fr\/#website\"},\"primaryImageOfPage\":{\"@id\":\"https:\/\/beatrice-mueller.de\/fr\/produit\/porte-cles-eggscellent-en-acier-inoxydable\/#primaryimage\"},\"image\":{\"@id\":\"https:\/\/beatrice-mueller.de\/fr\/produit\/porte-cles-eggscellent-en-acier-inoxydable\/#primaryimage\"},\"thumbnailUrl\":\"https:\/\/beatrice-mueller.de\/wp-content\/uploads\/Schluesselanhaenger-Eggscellent.webp\",\"datePublished\":\"2025-02-16T11:57:29+00:00\",\"breadcrumb\":{\"@id\":\"https:\/\/beatrice-mueller.de\/fr\/produit\/porte-cles-eggscellent-en-acier-inoxydable\/#breadcrumb\"},\"inLanguage\":\"fr-FR\",\"potentialAction\":[{\"@type\":\"ReadAction\",\"target\":[\"https:\/\/beatrice-mueller.de\/fr\/produit\/porte-cles-eggscellent-en-acier-inoxydable\/\"]}]},{\"@type\":\"ImageObject\",\"inLanguage\":\"fr-FR\",\"@id\":\"https:\/\/beatrice-mueller.de\/fr\/produit\/porte-cles-eggscellent-en-acier-inoxydable\/#primaryimage\",\"url\":\"https:\/\/beatrice-mueller.de\/wp-content\/uploads\/Schluesselanhaenger-Eggscellent.webp\",\"contentUrl\":\"https:\/\/beatrice-mueller.de\/wp-content\/uploads\/Schluesselanhaenger-Eggscellent.webp\",\"width\":1000,\"height\":1001},{\"@type\":\"BreadcrumbList\",\"@id\":\"https:\/\/beatrice-mueller.de\/fr\/produit\/porte-cles-eggscellent-en-acier-inoxydable\/#breadcrumb\",\"itemListElement\":[{\"@type\":\"ListItem\",\"position\":1,\"name\":\"Startseite\",\"item\":\"https:\/\/beatrice-mueller.de\/fr\/\"},{\"@type\":\"ListItem\",\"position\":2,\"name\":\"Boutique\",\"item\":\"https:\/\/beatrice-mueller.de\/fr\/boutique-2\/\"},{\"@type\":\"ListItem\",\"position\":3,\"name\":\"Porte-cl\u00e9s EGGSCELLENT en acier inoxydable\"}]},{\"@type\":\"WebSite\",\"@id\":\"https:\/\/beatrice-mueller.de\/fr\/#website\",\"url\":\"https:\/\/beatrice-mueller.de\/fr\/\",\"name\":\"Beatrice M\u00fcller\",\"description\":\"Schmuckdesign\",\"potentialAction\":[{\"@type\":\"SearchAction\",\"target\":{\"@type\":\"EntryPoint\",\"urlTemplate\":\"https:\/\/beatrice-mueller.de\/fr\/?s={search_term_string}\"},\"query-input\":{\"@type\":\"PropertyValueSpecification\",\"valueRequired\":true,\"valueName\":\"search_term_string\"}}],\"inLanguage\":\"fr-FR\"}]}<\/script>\n<!-- \/ Yoast SEO plugin. -->","yoast_head_json":{"title":"Porte-cl\u00e9s EGGSCELLENT en acier inoxydable - Beatrice M\u00fcller","robots":{"index":"index","follow":"follow","max-snippet":"max-snippet:-1","max-image-preview":"max-image-preview:large","max-video-preview":"max-video-preview:-1"},"canonical":"https:\/\/beatrice-mueller.de\/fr\/produit\/porte-cles-eggscellent-en-acier-inoxydable\/","og_locale":"fr_FR","og_type":"article","og_title":"Porte-cl\u00e9s EGGSCELLENT en acier inoxydable - Beatrice M\u00fcller","og_description":"Vous aimez le v\u00e9ritable artisanat ? Les porte-cl\u00e9s sont des compagnons constants de la vie quotidienne. Avec notre pendentif en acier inoxydable fait \u00e0 la main, toutes les portes s&#8217;ouvriront sans effort. Toujours un choix \u00ab excellent \u00bb ! Caract\u00e9ristiques: \u2718 Mobilit\u00e9 ultra facile gr\u00e2ce \u00e0 la pi\u00e8ce de liaison d&#8217;une cha\u00eene royale. \u2718 Joli [&hellip;]","og_url":"https:\/\/beatrice-mueller.de\/fr\/produit\/porte-cles-eggscellent-en-acier-inoxydable\/","og_site_name":"Beatrice M\u00fcller","og_image":[{"width":1000,"height":1001,"url":"https:\/\/beatrice-mueller.de\/wp-content\/uploads\/Schluesselanhaenger-Eggscellent.webp","type":"image\/webp"}],"twitter_card":"summary_large_image","twitter_misc":{"Dur\u00e9e de lecture estim\u00e9e":"1 minute"},"schema":{"@context":"https:\/\/schema.org","@graph":[{"@type":"WebPage","@id":"https:\/\/beatrice-mueller.de\/fr\/produit\/porte-cles-eggscellent-en-acier-inoxydable\/","url":"https:\/\/beatrice-mueller.de\/fr\/produit\/porte-cles-eggscellent-en-acier-inoxydable\/","name":"Porte-cl\u00e9s EGGSCELLENT en acier inoxydable - Beatrice M\u00fcller","isPartOf":{"@id":"https:\/\/beatrice-mueller.de\/fr\/#website"},"primaryImageOfPage":{"@id":"https:\/\/beatrice-mueller.de\/fr\/produit\/porte-cles-eggscellent-en-acier-inoxydable\/#primaryimage"},"image":{"@id":"https:\/\/beatrice-mueller.de\/fr\/produit\/porte-cles-eggscellent-en-acier-inoxydable\/#primaryimage"},"thumbnailUrl":"https:\/\/beatrice-mueller.de\/wp-content\/uploads\/Schluesselanhaenger-Eggscellent.webp","datePublished":"2025-02-16T11:57:29+00:00","breadcrumb":{"@id":"https:\/\/beatrice-mueller.de\/fr\/produit\/porte-cles-eggscellent-en-acier-inoxydable\/#breadcrumb"},"inLanguage":"fr-FR","potentialAction":[{"@type":"ReadAction","target":["https:\/\/beatrice-mueller.de\/fr\/produit\/porte-cles-eggscellent-en-acier-inoxydable\/"]}]},{"@type":"ImageObject","inLanguage":"fr-FR","@id":"https:\/\/beatrice-mueller.de\/fr\/produit\/porte-cles-eggscellent-en-acier-inoxydable\/#primaryimage","url":"https:\/\/beatrice-mueller.de\/wp-content\/uploads\/Schluesselanhaenger-Eggscellent.webp","contentUrl":"https:\/\/beatrice-mueller.de\/wp-content\/uploads\/Schluesselanhaenger-Eggscellent.webp","width":1000,"height":1001},{"@type":"BreadcrumbList","@id":"https:\/\/beatrice-mueller.de\/fr\/produit\/porte-cles-eggscellent-en-acier-inoxydable\/#breadcrumb","itemListElement":[{"@type":"ListItem","position":1,"name":"Startseite","item":"https:\/\/beatrice-mueller.de\/fr\/"},{"@type":"ListItem","position":2,"name":"Boutique","item":"https:\/\/beatrice-mueller.de\/fr\/boutique-2\/"},{"@type":"ListItem","position":3,"name":"Porte-cl\u00e9s EGGSCELLENT en acier inoxydable"}]},{"@type":"WebSite","@id":"https:\/\/beatrice-mueller.de\/fr\/#website","url":"https:\/\/beatrice-mueller.de\/fr\/","name":"Beatrice M\u00fcller","description":"Schmuckdesign","potentialAction":[{"@type":"SearchAction","target":{"@type":"EntryPoint","urlTemplate":"https:\/\/beatrice-mueller.de\/fr\/?s={search_term_string}"},"query-input":{"@type":"PropertyValueSpecification","valueRequired":true,"valueName":"search_term_string"}}],"inLanguage":"fr-FR"}]}},"_links":{"self":[{"href":"https:\/\/beatrice-mueller.de\/fr\/wp-json\/wp\/v2\/product\/22579","targetHints":{"allow":["GET"]}}],"collection":[{"href":"https:\/\/beatrice-mueller.de\/fr\/wp-json\/wp\/v2\/product"}],"about":[{"href":"https:\/\/beatrice-mueller.de\/fr\/wp-json\/wp\/v2\/types\/product"}],"replies":[{"embeddable":true,"href":"https:\/\/beatrice-mueller.de\/fr\/wp-json\/wp\/v2\/comments?post=22579"}],"wp:featuredmedia":[{"embeddable":true,"href":"https:\/\/beatrice-mueller.de\/fr\/wp-json\/wp\/v2\/media\/22583"}],"wp:attachment":[{"href":"https:\/\/beatrice-mueller.de\/fr\/wp-json\/wp\/v2\/media?parent=22579"}],"wp:term":[{"taxonomy":"product_brand","embeddable":true,"href":"https:\/\/beatrice-mueller.de\/fr\/wp-json\/wp\/v2\/product_brand?post=22579"},{"taxonomy":"product_cat","embeddable":true,"href":"https:\/\/beatrice-mueller.de\/fr\/wp-json\/wp\/v2\/product_cat?post=22579"},{"taxonomy":"product_tag","embeddable":true,"href":"https:\/\/beatrice-mueller.de\/fr\/wp-json\/wp\/v2\/product_tag?post=22579"}],"curies":[{"name":"wp","href":"https:\/\/api.w.org\/{rel}","templated":true}]}}