{"id":22628,"date":"2025-02-16T12:57:48","date_gmt":"2025-02-16T11:57:48","guid":{"rendered":"https:\/\/beatrice-mueller.de\/produkt\/crayon-rond-no-stress\/"},"modified":"2025-02-16T12:57:48","modified_gmt":"2025-02-16T11:57:48","slug":"crayon-rond-no-stress","status":"publish","type":"product","link":"https:\/\/beatrice-mueller.de\/fr\/produit\/crayon-rond-no-stress\/","title":{"rendered":"Crayon rond NO STRESS"},"content":{"rendered":"<p>Dessiner et \u00e9crire d\u00e9tendent et stimulent l\u2019imagination en m\u00eame temps. Notre slogan NO STRESS s&#8217;adapte donc parfaitement sur un crayon. Prenez un peu de temps et laissez libre cours \u00e0 votre cr\u00e9ativit\u00e9.  <\/p>\n<p><u>Caract\u00e9ristiques:<\/u><\/p>\n<p>\u2718 Crayon en bois de duret\u00e9 HB.<\/p>\n<p>\u2718 Id\u00e9al pour \u00e9crire, dessiner et esquisser.<\/p>\n<p>&nbsp;<\/p>\n<div class=\"table-wrapper\">\n<table border=\"0\" frame=\"box\">\n<tbody>\n<tr>\n<td><strong>Couleur<\/strong><\/td>\n<td>noir<\/td>\n<\/tr>\n<tr>\n<td><strong>longueur<\/strong><\/td>\n<td>16,50 cm<\/td>\n<\/tr>\n<tr>\n<td><strong>Largeur<\/strong><\/td>\n<td>0,90 cm<\/td>\n<\/tr>\n<tr>\n<td><strong>Poids<\/strong><\/td>\n<td>7 g<\/td>\n<\/tr>\n<\/tbody>\n<\/table>\n<\/div>\n","protected":false},"excerpt":{"rendered":"<p>Dessiner et \u00e9crire d\u00e9tendent et stimulent l\u2019imagination en m\u00eame temps. Notre slogan NO STRESS s&#8217;adapte donc parfaitement sur un crayon. Prenez un peu de temps et laissez libre cours \u00e0 votre cr\u00e9ativit\u00e9. Caract\u00e9ristiques: \u2718 Crayon en bois de duret\u00e9 HB. \u2718 Id\u00e9al pour \u00e9crire, dessiner et esquisser. &nbsp; Couleur noir longueur 16,50 cm Largeur 0,90 [&hellip;]<\/p>\n","protected":false},"featured_media":22633,"comment_status":"closed","ping_status":"closed","template":"","meta":{"_glsr_average":0,"_glsr_ranking":0,"_glsr_reviews":0},"product_brand":[],"product_cat":[580],"product_tag":[563],"class_list":{"0":"post-22628","1":"product","2":"type-product","3":"status-publish","4":"has-post-thumbnail","6":"product_cat-accessoires-fr","7":"product_tag-conception-x","8":"pa_marke-x-design-fr","10":"first","11":"instock","12":"taxable","13":"shipping-taxable","14":"purchasable","15":"product-type-simple"},"exclude_global_add_ons":[],"addons":[],"yoast_head":"<!-- This site is optimized with the Yoast SEO plugin v25.6 - https:\/\/yoast.com\/wordpress\/plugins\/seo\/ -->\n<title>Crayon rond NO STRESS - Beatrice M\u00fcller<\/title>\n<meta name=\"robots\" content=\"index, follow, max-snippet:-1, max-image-preview:large, max-video-preview:-1\" \/>\n<link rel=\"canonical\" href=\"https:\/\/beatrice-mueller.de\/fr\/produit\/crayon-rond-no-stress\/\" \/>\n<meta property=\"og:locale\" content=\"fr_FR\" \/>\n<meta property=\"og:type\" content=\"article\" \/>\n<meta property=\"og:title\" content=\"Crayon rond NO STRESS - Beatrice M\u00fcller\" \/>\n<meta property=\"og:description\" content=\"Dessiner et \u00e9crire d\u00e9tendent et stimulent l\u2019imagination en m\u00eame temps. Notre slogan NO STRESS s&#8217;adapte donc parfaitement sur un crayon. Prenez un peu de temps et laissez libre cours \u00e0 votre cr\u00e9ativit\u00e9. Caract\u00e9ristiques: \u2718 Crayon en bois de duret\u00e9 HB. \u2718 Id\u00e9al pour \u00e9crire, dessiner et esquisser. &nbsp; Couleur noir longueur 16,50 cm Largeur 0,90 [&hellip;]\" \/>\n<meta property=\"og:url\" content=\"https:\/\/beatrice-mueller.de\/fr\/produit\/crayon-rond-no-stress\/\" \/>\n<meta property=\"og:site_name\" content=\"Beatrice M\u00fcller\" \/>\n<meta property=\"og:image\" content=\"https:\/\/beatrice-mueller.de\/wp-content\/uploads\/Bleistiftt_No_Stress_I.webp\" \/>\n\t<meta property=\"og:image:width\" content=\"1000\" \/>\n\t<meta property=\"og:image:height\" content=\"1000\" \/>\n\t<meta property=\"og:image:type\" content=\"image\/webp\" \/>\n<meta name=\"twitter:card\" content=\"summary_large_image\" \/>\n<script type=\"application\/ld+json\" class=\"yoast-schema-graph\">{\"@context\":\"https:\/\/schema.org\",\"@graph\":[{\"@type\":\"WebPage\",\"@id\":\"https:\/\/beatrice-mueller.de\/fr\/produit\/crayon-rond-no-stress\/\",\"url\":\"https:\/\/beatrice-mueller.de\/fr\/produit\/crayon-rond-no-stress\/\",\"name\":\"Crayon rond NO STRESS - Beatrice M\u00fcller\",\"isPartOf\":{\"@id\":\"https:\/\/beatrice-mueller.de\/fr\/#website\"},\"primaryImageOfPage\":{\"@id\":\"https:\/\/beatrice-mueller.de\/fr\/produit\/crayon-rond-no-stress\/#primaryimage\"},\"image\":{\"@id\":\"https:\/\/beatrice-mueller.de\/fr\/produit\/crayon-rond-no-stress\/#primaryimage\"},\"thumbnailUrl\":\"https:\/\/beatrice-mueller.de\/wp-content\/uploads\/Bleistiftt_No_Stress_I.webp\",\"datePublished\":\"2025-02-16T11:57:48+00:00\",\"breadcrumb\":{\"@id\":\"https:\/\/beatrice-mueller.de\/fr\/produit\/crayon-rond-no-stress\/#breadcrumb\"},\"inLanguage\":\"fr-FR\",\"potentialAction\":[{\"@type\":\"ReadAction\",\"target\":[\"https:\/\/beatrice-mueller.de\/fr\/produit\/crayon-rond-no-stress\/\"]}]},{\"@type\":\"ImageObject\",\"inLanguage\":\"fr-FR\",\"@id\":\"https:\/\/beatrice-mueller.de\/fr\/produit\/crayon-rond-no-stress\/#primaryimage\",\"url\":\"https:\/\/beatrice-mueller.de\/wp-content\/uploads\/Bleistiftt_No_Stress_I.webp\",\"contentUrl\":\"https:\/\/beatrice-mueller.de\/wp-content\/uploads\/Bleistiftt_No_Stress_I.webp\",\"width\":1000,\"height\":1000},{\"@type\":\"BreadcrumbList\",\"@id\":\"https:\/\/beatrice-mueller.de\/fr\/produit\/crayon-rond-no-stress\/#breadcrumb\",\"itemListElement\":[{\"@type\":\"ListItem\",\"position\":1,\"name\":\"Startseite\",\"item\":\"https:\/\/beatrice-mueller.de\/fr\/\"},{\"@type\":\"ListItem\",\"position\":2,\"name\":\"Boutique\",\"item\":\"https:\/\/beatrice-mueller.de\/fr\/boutique-2\/\"},{\"@type\":\"ListItem\",\"position\":3,\"name\":\"Crayon rond NO STRESS\"}]},{\"@type\":\"WebSite\",\"@id\":\"https:\/\/beatrice-mueller.de\/fr\/#website\",\"url\":\"https:\/\/beatrice-mueller.de\/fr\/\",\"name\":\"Beatrice M\u00fcller\",\"description\":\"Schmuckdesign\",\"potentialAction\":[{\"@type\":\"SearchAction\",\"target\":{\"@type\":\"EntryPoint\",\"urlTemplate\":\"https:\/\/beatrice-mueller.de\/fr\/?s={search_term_string}\"},\"query-input\":{\"@type\":\"PropertyValueSpecification\",\"valueRequired\":true,\"valueName\":\"search_term_string\"}}],\"inLanguage\":\"fr-FR\"}]}<\/script>\n<!-- \/ Yoast SEO plugin. -->","yoast_head_json":{"title":"Crayon rond NO STRESS - Beatrice M\u00fcller","robots":{"index":"index","follow":"follow","max-snippet":"max-snippet:-1","max-image-preview":"max-image-preview:large","max-video-preview":"max-video-preview:-1"},"canonical":"https:\/\/beatrice-mueller.de\/fr\/produit\/crayon-rond-no-stress\/","og_locale":"fr_FR","og_type":"article","og_title":"Crayon rond NO STRESS - Beatrice M\u00fcller","og_description":"Dessiner et \u00e9crire d\u00e9tendent et stimulent l\u2019imagination en m\u00eame temps. Notre slogan NO STRESS s&#8217;adapte donc parfaitement sur un crayon. Prenez un peu de temps et laissez libre cours \u00e0 votre cr\u00e9ativit\u00e9. Caract\u00e9ristiques: \u2718 Crayon en bois de duret\u00e9 HB. \u2718 Id\u00e9al pour \u00e9crire, dessiner et esquisser. &nbsp; Couleur noir longueur 16,50 cm Largeur 0,90 [&hellip;]","og_url":"https:\/\/beatrice-mueller.de\/fr\/produit\/crayon-rond-no-stress\/","og_site_name":"Beatrice M\u00fcller","og_image":[{"width":1000,"height":1000,"url":"https:\/\/beatrice-mueller.de\/wp-content\/uploads\/Bleistiftt_No_Stress_I.webp","type":"image\/webp"}],"twitter_card":"summary_large_image","schema":{"@context":"https:\/\/schema.org","@graph":[{"@type":"WebPage","@id":"https:\/\/beatrice-mueller.de\/fr\/produit\/crayon-rond-no-stress\/","url":"https:\/\/beatrice-mueller.de\/fr\/produit\/crayon-rond-no-stress\/","name":"Crayon rond NO STRESS - Beatrice M\u00fcller","isPartOf":{"@id":"https:\/\/beatrice-mueller.de\/fr\/#website"},"primaryImageOfPage":{"@id":"https:\/\/beatrice-mueller.de\/fr\/produit\/crayon-rond-no-stress\/#primaryimage"},"image":{"@id":"https:\/\/beatrice-mueller.de\/fr\/produit\/crayon-rond-no-stress\/#primaryimage"},"thumbnailUrl":"https:\/\/beatrice-mueller.de\/wp-content\/uploads\/Bleistiftt_No_Stress_I.webp","datePublished":"2025-02-16T11:57:48+00:00","breadcrumb":{"@id":"https:\/\/beatrice-mueller.de\/fr\/produit\/crayon-rond-no-stress\/#breadcrumb"},"inLanguage":"fr-FR","potentialAction":[{"@type":"ReadAction","target":["https:\/\/beatrice-mueller.de\/fr\/produit\/crayon-rond-no-stress\/"]}]},{"@type":"ImageObject","inLanguage":"fr-FR","@id":"https:\/\/beatrice-mueller.de\/fr\/produit\/crayon-rond-no-stress\/#primaryimage","url":"https:\/\/beatrice-mueller.de\/wp-content\/uploads\/Bleistiftt_No_Stress_I.webp","contentUrl":"https:\/\/beatrice-mueller.de\/wp-content\/uploads\/Bleistiftt_No_Stress_I.webp","width":1000,"height":1000},{"@type":"BreadcrumbList","@id":"https:\/\/beatrice-mueller.de\/fr\/produit\/crayon-rond-no-stress\/#breadcrumb","itemListElement":[{"@type":"ListItem","position":1,"name":"Startseite","item":"https:\/\/beatrice-mueller.de\/fr\/"},{"@type":"ListItem","position":2,"name":"Boutique","item":"https:\/\/beatrice-mueller.de\/fr\/boutique-2\/"},{"@type":"ListItem","position":3,"name":"Crayon rond NO STRESS"}]},{"@type":"WebSite","@id":"https:\/\/beatrice-mueller.de\/fr\/#website","url":"https:\/\/beatrice-mueller.de\/fr\/","name":"Beatrice M\u00fcller","description":"Schmuckdesign","potentialAction":[{"@type":"SearchAction","target":{"@type":"EntryPoint","urlTemplate":"https:\/\/beatrice-mueller.de\/fr\/?s={search_term_string}"},"query-input":{"@type":"PropertyValueSpecification","valueRequired":true,"valueName":"search_term_string"}}],"inLanguage":"fr-FR"}]}},"_links":{"self":[{"href":"https:\/\/beatrice-mueller.de\/fr\/wp-json\/wp\/v2\/product\/22628","targetHints":{"allow":["GET"]}}],"collection":[{"href":"https:\/\/beatrice-mueller.de\/fr\/wp-json\/wp\/v2\/product"}],"about":[{"href":"https:\/\/beatrice-mueller.de\/fr\/wp-json\/wp\/v2\/types\/product"}],"replies":[{"embeddable":true,"href":"https:\/\/beatrice-mueller.de\/fr\/wp-json\/wp\/v2\/comments?post=22628"}],"wp:featuredmedia":[{"embeddable":true,"href":"https:\/\/beatrice-mueller.de\/fr\/wp-json\/wp\/v2\/media\/22633"}],"wp:attachment":[{"href":"https:\/\/beatrice-mueller.de\/fr\/wp-json\/wp\/v2\/media?parent=22628"}],"wp:term":[{"taxonomy":"product_brand","embeddable":true,"href":"https:\/\/beatrice-mueller.de\/fr\/wp-json\/wp\/v2\/product_brand?post=22628"},{"taxonomy":"product_cat","embeddable":true,"href":"https:\/\/beatrice-mueller.de\/fr\/wp-json\/wp\/v2\/product_cat?post=22628"},{"taxonomy":"product_tag","embeddable":true,"href":"https:\/\/beatrice-mueller.de\/fr\/wp-json\/wp\/v2\/product_tag?post=22628"}],"curies":[{"name":"wp","href":"https:\/\/api.w.org\/{rel}","templated":true}]}}