{"id":22749,"date":"2025-02-16T12:58:04","date_gmt":"2025-02-16T11:58:04","guid":{"rendered":"https:\/\/beatrice-mueller.de\/produkt\/etiquette-de-changement-cunz-x-abstand-mat\/"},"modified":"2025-02-16T12:58:04","modified_gmt":"2025-02-16T11:58:04","slug":"etiquette-de-changement-cunz-x-abstand-mat","status":"publish","type":"product","link":"https:\/\/beatrice-mueller.de\/fr\/produit\/etiquette-de-changement-cunz-x-abstand-mat\/","title":{"rendered":"\u00c9tiquette de changement CuNz-x ABSTAND mat"},"content":{"rendered":"<div class=\"content--title\"><\/div>\n<div class=\"content--title\">\n<div class=\"content--title\"><strong data-mce-fragment=\"1\">description du produit<\/strong><\/div>\n<div class=\"content--title\">Nous gardons nos distances, mais dans nos c\u0153urs nous restons connect\u00e9s. Ce pendentif vous le rappelle tous les jours. Ce pendentif est destin\u00e9 au masque FFP2, \u00e0 accrocher et comme signe actuel vers le monde ext\u00e9rieur. Vous \u00eates important \u2013 montrez-le !  <\/div>\n<div class=\"content--title\"><\/div>\n<\/div>\n<div class=\"content--title\"><\/div>\n<div class=\"content--title\">\n<div><\/div>\n<p>&nbsp;<\/p>\n<div class=\"product-single__description rte\" data-mce-fragment=\"1\">\n<div class=\"content--title\" data-mce-fragment=\"1\">\n<div class=\"product--description\" data-mce-fragment=\"1\">\n<div class=\"product--description\" data-mce-fragment=\"1\">\n<div class=\"content--title\" data-mce-fragment=\"1\">\n<div class=\"content--title\" data-mce-fragment=\"1\">\n<div data-mce-fragment=\"1\"><strong data-mce-fragment=\"1\">Masque facial CuNz-x<\/strong><\/div>\n<div data-mce-fragment=\"1\">Le masque est \u00e9quip\u00e9 d&#8217;une \u00e9tiquette en laiton. Chaque masque a un message sp\u00e9cial. <\/div>\n<div data-mce-fragment=\"1\"><\/div>\n<div data-mce-fragment=\"1\"><\/div>\n<div data-mce-fragment=\"1\"><span style=\"color: #b63116;\" data-mce-fragment=\"1\"><strong data-mce-fragment=\"1\">Faites passer votre message !<\/strong><\/span><\/div>\n<div data-mce-fragment=\"1\"><\/div>\n<div data-mce-fragment=\"1\"><\/div>\n<\/div>\n<p><strong data-mce-fragment=\"1\">avis de s\u00e9curit\u00e9<\/strong><\/p>\n<\/div>\n<div class=\"content--title\" data-mce-fragment=\"1\">Nos masques rendent les propri\u00e9t\u00e9s ing\u00e9nieuses du laiton portables. La protection de la bouche et du nez contribue \u00e0 une attitude consciente envers soi-m\u00eame et envers les autres au quotidien. Notre protection buccale et nasale n\u2019est pas un \u00e9quipement de protection, mais elle peut aider \u00e0 r\u00e9duire la propagation de virus et d\u2019agents pathog\u00e8nes par infection par gouttelettes. Mais porter quelque chose directement sur le visage et sentir que cela repousse les virus et les bact\u00e9ries est en quelque sorte rassurant, n&#8217;est-ce pas ?   <\/div>\n<div class=\"content--title\" data-mce-fragment=\"1\"><\/div>\n<div class=\"content--title\" data-mce-fragment=\"1\"><\/div>\n<div class=\"content--title\" data-mce-fragment=\"1\"><strong data-mce-fragment=\"1\">Faits amusants sur le laiton<\/strong><\/div>\n<div class=\"content--title\" data-mce-fragment=\"1\">M\u00eame dans les temps anciens, les gens ont d\u00e9couvert que le laiton est un mat\u00e9riau tr\u00e8s sp\u00e9cial. Il est bact\u00e9ricide, ce qui signifie que les germes pr\u00e9sents \u00e0 la surface sont activement r\u00e9duits et ne peuvent pas se multiplier.  Le mot antibact\u00e9rien n\u2019\u00e9tait certainement pas connu \u00e0 l\u2019\u00e9poque, mais nos anc\u00eatres l\u2019utilisaient intuitivement et, par exemple,<\/div>\n<div class=\"content--title\" data-mce-fragment=\"1\">Le sulfate de cuivre est utilis\u00e9 pour la d\u00e9sinfection.<\/div>\n<div class=\"content--title\" data-mce-fragment=\"1\"><\/div>\n<div class=\"content--title\" data-mce-fragment=\"1\"><\/div>\n<div class=\"content--title\" data-mce-fragment=\"1\"><strong data-mce-fragment=\"1\">instructions d&#8217;entretien<\/strong><\/div>\n<div class=\"content--title\" data-mce-fragment=\"1\">confortable &#8211; r\u00e9utilisable<\/div>\n<div class=\"content--title\" data-mce-fragment=\"1\">En vieillissant, nous avons des rides. \u00c0 mesure que le laiton vieillit, il s&#8217;assombrit. Cela d\u00e9pend de la composition de la sueur, de l&#8217;humidit\u00e9 et de la fa\u00e7on dont le bijou est port\u00e9. Nous aimons personnellement l&#8217;effet &#8211; on sent que le bijou a une histoire. Si cela ne vous pla\u00eet pas, vous pouvez frotter l&#8217;\u00e9tiquette avec un chiffon doux et la nettoyer avec de l&#8217;acide citrique dilu\u00e9 \u00e0 25 %.   <\/div>\n<\/div>\n<\/div>\n<p>&nbsp;<\/p>\n<div class=\"product--description\" data-mce-fragment=\"1\"><\/div>\n<div class=\"product--description\" data-mce-fragment=\"1\">\n<div class=\"table-wrapper\" data-mce-fragment=\"1\">\n<table border=\"0\" data-mce-fragment=\"1\">\n<tbody data-mce-fragment=\"1\">\n<tr style=\"height: 25px;\" data-mce-fragment=\"1\">\n<td style=\"height: 25px;\" data-mce-fragment=\"1\"><span data-mce-mark=\"1\" data-mce-fragment=\"1\"><strong data-mce-fragment=\"1\">mat\u00e9riel<\/strong><\/span><\/td>\n<td style=\"height: 25px;\" data-mce-fragment=\"1\"><span data-mce-fragment=\"1\">Laiton<\/span><\/td>\n<\/tr>\n<tr style=\"height: 19px;\" data-mce-fragment=\"1\">\n<td style=\"height: 19px;\" data-mce-fragment=\"1\"><span data-mce-mark=\"1\" data-mce-fragment=\"1\"><strong data-mce-fragment=\"1\">surface<\/strong><\/span><\/td>\n<td style=\"height: 19px;\" data-mce-fragment=\"1\">mat<\/td>\n<\/tr>\n<tr style=\"height: 19px;\" data-mce-fragment=\"1\">\n<td style=\"height: 19px;\" data-mce-fragment=\"1\"><span data-mce-mark=\"1\" data-mce-fragment=\"1\"><strong data-mce-fragment=\"1\">tuiles de couleur<\/strong><\/span><\/td>\n<td style=\"height: 19px;\" data-mce-fragment=\"1\"><span data-mce-mark=\"1\" data-mce-fragment=\"1\">Couleur du mat\u00e9riau<\/span><\/td>\n<\/tr>\n<tr style=\"height: 19px;\" data-mce-fragment=\"1\">\n<td style=\"height: 19px;\" data-mce-fragment=\"1\"><span data-mce-mark=\"1\" data-mce-fragment=\"1\"><strong data-mce-fragment=\"1\">plaque \u00f8<\/strong><\/span><\/td>\n<td style=\"height: 19px;\" data-mce-fragment=\"1\"><span data-mce-mark=\"1\" data-mce-fragment=\"1\">18 mm<\/span><\/td>\n<\/tr>\n<tr style=\"height: 19px;\" data-mce-fragment=\"1\">\n<td style=\"height: 19px;\" data-mce-fragment=\"1\"><span data-mce-mark=\"1\" data-mce-fragment=\"1\"><strong data-mce-fragment=\"1\">\u00e9paisseur du mat\u00e9riau<\/strong><\/span><\/td>\n<td style=\"height: 19px;\" data-mce-fragment=\"1\"><span data-mce-mark=\"1\" data-mce-fragment=\"1\">0,8 mm<\/span><\/td>\n<\/tr>\n<\/tbody>\n<\/table>\n<\/div>\n<\/div>\n<\/div>\n<\/div>\n<div class=\"collapsibles-wrapper collapsibles-wrapper--border-bottom\" data-mce-fragment=\"1\"><\/div>\n<p>&nbsp;<\/p>\n<\/div>\n","protected":false},"excerpt":{"rendered":"<p>description du produit Nous gardons nos distances, mais dans nos c\u0153urs nous restons connect\u00e9s. Ce pendentif vous le rappelle tous les jours. Ce pendentif est destin\u00e9 au masque FFP2, \u00e0 accrocher et comme signe actuel vers le monde ext\u00e9rieur. Vous \u00eates important \u2013 montrez-le ! &nbsp; Masque facial CuNz-x Le masque est \u00e9quip\u00e9 d&#8217;une \u00e9tiquette [&hellip;]<\/p>\n","protected":false},"featured_media":22751,"comment_status":"closed","ping_status":"closed","template":"","meta":{"_glsr_average":0,"_glsr_ranking":0,"_glsr_reviews":0},"product_brand":[],"product_cat":[612],"product_tag":[607,614,613],"class_list":{"0":"post-22749","1":"product","2":"type-product","3":"status-publish","4":"has-post-thumbnail","6":"product_cat-masques","7":"product_tag-cunz-x-fr","8":"product_tag-il-etait-une-fois","9":"product_tag-masques","10":"pa_maske-blau-weiss-fr","11":"pa_maske-dunkelblau-fr","12":"pa_maske-regenbogen-fr","13":"pa_maske-rose-fr","14":"pa_maske-schwarz-fr-2","15":"pa_maske-weiss-fr-2","17":"first","18":"instock","19":"taxable","20":"shipping-taxable","21":"purchasable","22":"product-type-variable"},"exclude_global_add_ons":[],"addons":[],"yoast_head":"<!-- This site is optimized with the Yoast SEO plugin v25.6 - https:\/\/yoast.com\/wordpress\/plugins\/seo\/ -->\n<title>\u00c9tiquette de changement CuNz-x ABSTAND mat - Beatrice M\u00fcller<\/title>\n<meta name=\"robots\" content=\"index, follow, max-snippet:-1, max-image-preview:large, max-video-preview:-1\" \/>\n<link rel=\"canonical\" href=\"https:\/\/beatrice-mueller.de\/fr\/produit\/etiquette-de-changement-cunz-x-abstand-mat\/\" \/>\n<meta property=\"og:locale\" content=\"fr_FR\" \/>\n<meta property=\"og:type\" content=\"article\" \/>\n<meta property=\"og:title\" content=\"\u00c9tiquette de changement CuNz-x ABSTAND mat - Beatrice M\u00fcller\" \/>\n<meta property=\"og:description\" content=\"description du produit Nous gardons nos distances, mais dans nos c\u0153urs nous restons connect\u00e9s. Ce pendentif vous le rappelle tous les jours. Ce pendentif est destin\u00e9 au masque FFP2, \u00e0 accrocher et comme signe actuel vers le monde ext\u00e9rieur. Vous \u00eates important \u2013 montrez-le ! &nbsp; Masque facial CuNz-x Le masque est \u00e9quip\u00e9 d&#8217;une \u00e9tiquette [&hellip;]\" \/>\n<meta property=\"og:url\" content=\"https:\/\/beatrice-mueller.de\/fr\/produit\/etiquette-de-changement-cunz-x-abstand-mat\/\" \/>\n<meta property=\"og:site_name\" content=\"Beatrice M\u00fcller\" \/>\n<meta property=\"og:image\" content=\"https:\/\/beatrice-mueller.de\/wp-content\/uploads\/2022\/03\/CuNz-x-Wechsellabel-abstand-dunkelblau-1030x1030.png\" \/>\n\t<meta property=\"og:image:width\" content=\"1030\" \/>\n\t<meta property=\"og:image:height\" content=\"1030\" \/>\n\t<meta property=\"og:image:type\" content=\"image\/png\" \/>\n<meta name=\"twitter:card\" content=\"summary_large_image\" \/>\n<meta name=\"twitter:label1\" content=\"Dur\u00e9e de lecture estim\u00e9e\" \/>\n\t<meta name=\"twitter:data1\" content=\"2 minutes\" \/>\n<script type=\"application\/ld+json\" class=\"yoast-schema-graph\">{\"@context\":\"https:\/\/schema.org\",\"@graph\":[{\"@type\":\"WebPage\",\"@id\":\"https:\/\/beatrice-mueller.de\/fr\/produit\/etiquette-de-changement-cunz-x-abstand-mat\/\",\"url\":\"https:\/\/beatrice-mueller.de\/fr\/produit\/etiquette-de-changement-cunz-x-abstand-mat\/\",\"name\":\"\u00c9tiquette de changement CuNz-x ABSTAND mat - Beatrice M\u00fcller\",\"isPartOf\":{\"@id\":\"https:\/\/beatrice-mueller.de\/fr\/#website\"},\"primaryImageOfPage\":{\"@id\":\"https:\/\/beatrice-mueller.de\/fr\/produit\/etiquette-de-changement-cunz-x-abstand-mat\/#primaryimage\"},\"image\":{\"@id\":\"https:\/\/beatrice-mueller.de\/fr\/produit\/etiquette-de-changement-cunz-x-abstand-mat\/#primaryimage\"},\"thumbnailUrl\":\"https:\/\/beatrice-mueller.de\/wp-content\/uploads\/2022\/03\/CuNz-x-Wechsellabel-abstand-dunkelblau.png\",\"datePublished\":\"2025-02-16T11:58:04+00:00\",\"breadcrumb\":{\"@id\":\"https:\/\/beatrice-mueller.de\/fr\/produit\/etiquette-de-changement-cunz-x-abstand-mat\/#breadcrumb\"},\"inLanguage\":\"fr-FR\",\"potentialAction\":[{\"@type\":\"ReadAction\",\"target\":[\"https:\/\/beatrice-mueller.de\/fr\/produit\/etiquette-de-changement-cunz-x-abstand-mat\/\"]}]},{\"@type\":\"ImageObject\",\"inLanguage\":\"fr-FR\",\"@id\":\"https:\/\/beatrice-mueller.de\/fr\/produit\/etiquette-de-changement-cunz-x-abstand-mat\/#primaryimage\",\"url\":\"https:\/\/beatrice-mueller.de\/wp-content\/uploads\/2022\/03\/CuNz-x-Wechsellabel-abstand-dunkelblau.png\",\"contentUrl\":\"https:\/\/beatrice-mueller.de\/wp-content\/uploads\/2022\/03\/CuNz-x-Wechsellabel-abstand-dunkelblau.png\",\"width\":1500,\"height\":1500},{\"@type\":\"BreadcrumbList\",\"@id\":\"https:\/\/beatrice-mueller.de\/fr\/produit\/etiquette-de-changement-cunz-x-abstand-mat\/#breadcrumb\",\"itemListElement\":[{\"@type\":\"ListItem\",\"position\":1,\"name\":\"Startseite\",\"item\":\"https:\/\/beatrice-mueller.de\/fr\/\"},{\"@type\":\"ListItem\",\"position\":2,\"name\":\"Boutique\",\"item\":\"https:\/\/beatrice-mueller.de\/fr\/boutique-2\/\"},{\"@type\":\"ListItem\",\"position\":3,\"name\":\"\u00c9tiquette de changement CuNz-x ABSTAND mat\"}]},{\"@type\":\"WebSite\",\"@id\":\"https:\/\/beatrice-mueller.de\/fr\/#website\",\"url\":\"https:\/\/beatrice-mueller.de\/fr\/\",\"name\":\"Beatrice M\u00fcller\",\"description\":\"Schmuckdesign\",\"potentialAction\":[{\"@type\":\"SearchAction\",\"target\":{\"@type\":\"EntryPoint\",\"urlTemplate\":\"https:\/\/beatrice-mueller.de\/fr\/?s={search_term_string}\"},\"query-input\":{\"@type\":\"PropertyValueSpecification\",\"valueRequired\":true,\"valueName\":\"search_term_string\"}}],\"inLanguage\":\"fr-FR\"}]}<\/script>\n<!-- \/ Yoast SEO plugin. -->","yoast_head_json":{"title":"\u00c9tiquette de changement CuNz-x ABSTAND mat - Beatrice M\u00fcller","robots":{"index":"index","follow":"follow","max-snippet":"max-snippet:-1","max-image-preview":"max-image-preview:large","max-video-preview":"max-video-preview:-1"},"canonical":"https:\/\/beatrice-mueller.de\/fr\/produit\/etiquette-de-changement-cunz-x-abstand-mat\/","og_locale":"fr_FR","og_type":"article","og_title":"\u00c9tiquette de changement CuNz-x ABSTAND mat - Beatrice M\u00fcller","og_description":"description du produit Nous gardons nos distances, mais dans nos c\u0153urs nous restons connect\u00e9s. Ce pendentif vous le rappelle tous les jours. Ce pendentif est destin\u00e9 au masque FFP2, \u00e0 accrocher et comme signe actuel vers le monde ext\u00e9rieur. Vous \u00eates important \u2013 montrez-le ! &nbsp; Masque facial CuNz-x Le masque est \u00e9quip\u00e9 d&#8217;une \u00e9tiquette [&hellip;]","og_url":"https:\/\/beatrice-mueller.de\/fr\/produit\/etiquette-de-changement-cunz-x-abstand-mat\/","og_site_name":"Beatrice M\u00fcller","og_image":[{"width":1030,"height":1030,"url":"https:\/\/beatrice-mueller.de\/wp-content\/uploads\/2022\/03\/CuNz-x-Wechsellabel-abstand-dunkelblau-1030x1030.png","type":"image\/png"}],"twitter_card":"summary_large_image","twitter_misc":{"Dur\u00e9e de lecture estim\u00e9e":"2 minutes"},"schema":{"@context":"https:\/\/schema.org","@graph":[{"@type":"WebPage","@id":"https:\/\/beatrice-mueller.de\/fr\/produit\/etiquette-de-changement-cunz-x-abstand-mat\/","url":"https:\/\/beatrice-mueller.de\/fr\/produit\/etiquette-de-changement-cunz-x-abstand-mat\/","name":"\u00c9tiquette de changement CuNz-x ABSTAND mat - Beatrice M\u00fcller","isPartOf":{"@id":"https:\/\/beatrice-mueller.de\/fr\/#website"},"primaryImageOfPage":{"@id":"https:\/\/beatrice-mueller.de\/fr\/produit\/etiquette-de-changement-cunz-x-abstand-mat\/#primaryimage"},"image":{"@id":"https:\/\/beatrice-mueller.de\/fr\/produit\/etiquette-de-changement-cunz-x-abstand-mat\/#primaryimage"},"thumbnailUrl":"https:\/\/beatrice-mueller.de\/wp-content\/uploads\/2022\/03\/CuNz-x-Wechsellabel-abstand-dunkelblau.png","datePublished":"2025-02-16T11:58:04+00:00","breadcrumb":{"@id":"https:\/\/beatrice-mueller.de\/fr\/produit\/etiquette-de-changement-cunz-x-abstand-mat\/#breadcrumb"},"inLanguage":"fr-FR","potentialAction":[{"@type":"ReadAction","target":["https:\/\/beatrice-mueller.de\/fr\/produit\/etiquette-de-changement-cunz-x-abstand-mat\/"]}]},{"@type":"ImageObject","inLanguage":"fr-FR","@id":"https:\/\/beatrice-mueller.de\/fr\/produit\/etiquette-de-changement-cunz-x-abstand-mat\/#primaryimage","url":"https:\/\/beatrice-mueller.de\/wp-content\/uploads\/2022\/03\/CuNz-x-Wechsellabel-abstand-dunkelblau.png","contentUrl":"https:\/\/beatrice-mueller.de\/wp-content\/uploads\/2022\/03\/CuNz-x-Wechsellabel-abstand-dunkelblau.png","width":1500,"height":1500},{"@type":"BreadcrumbList","@id":"https:\/\/beatrice-mueller.de\/fr\/produit\/etiquette-de-changement-cunz-x-abstand-mat\/#breadcrumb","itemListElement":[{"@type":"ListItem","position":1,"name":"Startseite","item":"https:\/\/beatrice-mueller.de\/fr\/"},{"@type":"ListItem","position":2,"name":"Boutique","item":"https:\/\/beatrice-mueller.de\/fr\/boutique-2\/"},{"@type":"ListItem","position":3,"name":"\u00c9tiquette de changement CuNz-x ABSTAND mat"}]},{"@type":"WebSite","@id":"https:\/\/beatrice-mueller.de\/fr\/#website","url":"https:\/\/beatrice-mueller.de\/fr\/","name":"Beatrice M\u00fcller","description":"Schmuckdesign","potentialAction":[{"@type":"SearchAction","target":{"@type":"EntryPoint","urlTemplate":"https:\/\/beatrice-mueller.de\/fr\/?s={search_term_string}"},"query-input":{"@type":"PropertyValueSpecification","valueRequired":true,"valueName":"search_term_string"}}],"inLanguage":"fr-FR"}]}},"_links":{"self":[{"href":"https:\/\/beatrice-mueller.de\/fr\/wp-json\/wp\/v2\/product\/22749","targetHints":{"allow":["GET"]}}],"collection":[{"href":"https:\/\/beatrice-mueller.de\/fr\/wp-json\/wp\/v2\/product"}],"about":[{"href":"https:\/\/beatrice-mueller.de\/fr\/wp-json\/wp\/v2\/types\/product"}],"replies":[{"embeddable":true,"href":"https:\/\/beatrice-mueller.de\/fr\/wp-json\/wp\/v2\/comments?post=22749"}],"wp:featuredmedia":[{"embeddable":true,"href":"https:\/\/beatrice-mueller.de\/fr\/wp-json\/wp\/v2\/media\/22751"}],"wp:attachment":[{"href":"https:\/\/beatrice-mueller.de\/fr\/wp-json\/wp\/v2\/media?parent=22749"}],"wp:term":[{"taxonomy":"product_brand","embeddable":true,"href":"https:\/\/beatrice-mueller.de\/fr\/wp-json\/wp\/v2\/product_brand?post=22749"},{"taxonomy":"product_cat","embeddable":true,"href":"https:\/\/beatrice-mueller.de\/fr\/wp-json\/wp\/v2\/product_cat?post=22749"},{"taxonomy":"product_tag","embeddable":true,"href":"https:\/\/beatrice-mueller.de\/fr\/wp-json\/wp\/v2\/product_tag?post=22749"}],"curies":[{"name":"wp","href":"https:\/\/api.w.org\/{rel}","templated":true}]}}