{"id":22797,"date":"2025-02-16T12:58:25","date_gmt":"2025-02-16T11:58:25","guid":{"rendered":"https:\/\/beatrice-mueller.de\/produkt\/autocollant-cunz-x-peur-derriere-les-barreaux\/"},"modified":"2025-02-16T12:58:25","modified_gmt":"2025-02-16T11:58:25","slug":"autocollant-cunz-x-peur-derriere-les-barreaux","status":"publish","type":"product","link":"https:\/\/beatrice-mueller.de\/fr\/produit\/autocollant-cunz-x-peur-derriere-les-barreaux\/","title":{"rendered":"Autocollant CuNz-x Peur derri\u00e8re les barreaux"},"content":{"rendered":"<div>\n<div dir=\"auto\">\n<div dir=\"auto\">La broche peut \u00eatre attach\u00e9e n&#8217;importe o\u00f9 sur vos tenues. Il propose une approche pratique du sujet dont nous parlons tous. <\/div>\n<div dir=\"auto\">Avec notre autocollant \u00ab La peur derri\u00e8re les barreaux \u00bb, vous pouvez faire une d\u00e9claration et non seulement faire sourire quelqu\u2019un (y compris vous-m\u00eame, bien s\u00fbr), mais aussi vous prot\u00e9ger !<\/div>\n<\/div>\n<\/div>\n<div><\/div>\n<div><strong>Faits amusants sur le laiton<\/strong><\/div>\n<div>M\u00eame dans les temps anciens, les gens ont d\u00e9couvert que le laiton est un mat\u00e9riau tr\u00e8s sp\u00e9cial. Il est bact\u00e9ricide, ce qui signifie que les germes pr\u00e9sents \u00e0 la surface sont activement r\u00e9duits et ne peuvent pas se multiplier.  Le mot antibact\u00e9rien n&#8217;\u00e9tait certainement pas connu \u00e0 l&#8217;\u00e9poque, mais nos anc\u00eatres l&#8217;utilisaient intuitivement et utilisaient par exemple du sulfate de cuivre pour la d\u00e9sinfection.<\/div>\n<div><\/div>\n<div><strong>Design \u00e9l\u00e9gant<\/strong><\/div>\n<div>De plus, nos acheteurs aiment les accessoires non seulement en raison du mat\u00e9riau, mais aussi en raison de leur pouvoir symbolique et de leur design exceptionnel. La forme est simple \u2013 un cercle \u2013 et le design est frappant et inhabituel. Transmettez le message \u00ab secr\u00e8tement \u00bb ou ouvertement, comme vous le souhaitez.  <\/div>\n<div><\/div>\n<div><strong>avis de s\u00e9curit\u00e9<\/strong><\/div>\n<div>Nos bijoux rendent les propri\u00e9t\u00e9s ing\u00e9nieuses du laiton portables. Bien entendu, ils ne remplacent pas le masque ni la distance de s\u00e9curit\u00e9. Nos bijoux ne prot\u00e8gent pas contre l&#8217;infection par le Covid-19. Mais tenir dans sa main quelque chose qui repousse les virus et les bact\u00e9ries est quelque chose de rassurant, n&#8217;est-ce pas ?   <\/div>\n<div><\/div>\n<div><\/div>\n<div><strong>Note d&#8217;entretien<\/strong> En vieillissant, nous avons des rides. \u00c0 mesure que le laiton vieillit, il s&#8217;assombrit. Cela d\u00e9pend de la composition de la sueur, de l&#8217;humidit\u00e9 et du comportement de port. Donc, si vous \u00eates tellement amoureux de vos bijoux que vous les portez tout le temps, vous les verrez vieillir plus vite. Nous aimons personnellement l\u2019effet \u2013 on voit que le bijou a une histoire. Si cela ne vous pla\u00eet pas, vous pouvez frotter les bijoux avec un chiffon doux et les nettoyer dans de l&#8217;acide citrique dilu\u00e9 \u00e0 25 %.     <\/div>\n<p>&nbsp;<\/p>\n<div class=\"content--title\">\n<div class=\"product--description\">\n<p>&nbsp;<\/p>\n<div class=\"table-wrapper\">\n<table border=\"0\">\n<tbody>\n<tr style=\"height: 19px\">\n<td style=\"height: 19px;width: 277px\"><span data-mce-mark=\"1\"><strong>mat\u00e9riel<\/strong><\/span><\/td>\n<td style=\"height: 19px;width: 241px\">Laiton<\/td>\n<\/tr>\n<tr style=\"height: 19px\">\n<td style=\"height: 19px;width: 277px\"><span data-mce-mark=\"1\"><strong>surface<\/strong><\/span><\/td>\n<td style=\"height: 19px;width: 241px\"><span data-mce-mark=\"1\">brillant<\/span><\/td>\n<\/tr>\n<tr>\n<td style=\"width: 277px\"><span data-mce-mark=\"1\"><strong>tuiles de couleur<\/strong><\/span><\/td>\n<td style=\"width: 241px\"><span data-mce-mark=\"1\">Couleur du mat\u00e9riau<\/span><\/td>\n<\/tr>\n<tr style=\"height: 19px\">\n<td style=\"height: 19px;width: 277px\"><\/td>\n<td style=\"height: 19px;width: 241px\"><\/td>\n<\/tr>\n<tr style=\"height: 19px\">\n<td style=\"height: 19px;width: 277px\"><span data-mce-mark=\"1\"><strong>\u00e9paisseur du mat\u00e9riau<\/strong><\/span><\/td>\n<td style=\"height: 19px;width: 241px\"><span data-mce-mark=\"1\">1,1 mm<\/span><\/td>\n<\/tr>\n<tr style=\"height: 19px\">\n<td style=\"height: 19px;width: 277px\"><strong>Hauteur<\/strong><\/td>\n<td style=\"height: 19px;width: 241px\"><span data-mce-mark=\"1\">5,0 mm<\/span><\/td>\n<\/tr>\n<\/tbody>\n<\/table>\n<\/div>\n<\/div>\n<\/div>\n","protected":false},"excerpt":{"rendered":"<p>XS : 15 x 15 mm<br \/>\n S: 20 x 20 mm<br \/>\n M: 23 x 23 mm<br \/>\n L: 30 x 30 mm<\/p>\n","protected":false},"featured_media":22799,"comment_status":"closed","ping_status":"closed","template":"","meta":{"_glsr_average":0,"_glsr_ranking":0,"_glsr_reviews":0},"product_brand":[],"product_cat":[620],"product_tag":[607,614],"class_list":{"0":"post-22797","1":"product","2":"type-product","3":"status-publish","4":"has-post-thumbnail","6":"product_cat-autocollants","7":"product_tag-cunz-x-fr","8":"product_tag-il-etait-une-fois","9":"pa_groesse-l-fr","10":"pa_groesse-m-fr","11":"pa_groesse-s-fr","12":"pa_groesse-xs-fr-2","13":"pa_marke-cunz-x-fr-2","15":"first","16":"instock","17":"taxable","18":"shipping-taxable","19":"purchasable","20":"product-type-variable"},"exclude_global_add_ons":[],"addons":[],"yoast_head":"<!-- This site is optimized with the Yoast SEO plugin v25.6 - https:\/\/yoast.com\/wordpress\/plugins\/seo\/ -->\n<title>Autocollant CuNz-x Peur derri\u00e8re les barreaux - Beatrice M\u00fcller<\/title>\n<meta name=\"robots\" content=\"index, follow, max-snippet:-1, max-image-preview:large, max-video-preview:-1\" \/>\n<link rel=\"canonical\" href=\"https:\/\/beatrice-mueller.de\/fr\/produit\/autocollant-cunz-x-peur-derriere-les-barreaux\/\" \/>\n<meta property=\"og:locale\" content=\"fr_FR\" \/>\n<meta property=\"og:type\" content=\"article\" \/>\n<meta property=\"og:title\" content=\"Autocollant CuNz-x Peur derri\u00e8re les barreaux - Beatrice M\u00fcller\" \/>\n<meta property=\"og:description\" content=\"XS : 15 x 15 mm S: 20 x 20 mm M: 23 x 23 mm L: 30 x 30 mm\" \/>\n<meta property=\"og:url\" content=\"https:\/\/beatrice-mueller.de\/fr\/produit\/autocollant-cunz-x-peur-derriere-les-barreaux\/\" \/>\n<meta property=\"og:site_name\" content=\"Beatrice M\u00fcller\" \/>\n<meta property=\"og:image\" content=\"https:\/\/beatrice-mueller.de\/wp-content\/uploads\/CuNz-x-Sticker-no-virus-L-front.webp\" \/>\n\t<meta property=\"og:image:width\" content=\"1500\" \/>\n\t<meta property=\"og:image:height\" content=\"1500\" \/>\n\t<meta property=\"og:image:type\" content=\"image\/webp\" \/>\n<meta name=\"twitter:card\" content=\"summary_large_image\" \/>\n<meta name=\"twitter:label1\" content=\"Dur\u00e9e de lecture estim\u00e9e\" \/>\n\t<meta name=\"twitter:data1\" content=\"2 minutes\" \/>\n<script type=\"application\/ld+json\" class=\"yoast-schema-graph\">{\"@context\":\"https:\/\/schema.org\",\"@graph\":[{\"@type\":\"WebPage\",\"@id\":\"https:\/\/beatrice-mueller.de\/fr\/produit\/autocollant-cunz-x-peur-derriere-les-barreaux\/\",\"url\":\"https:\/\/beatrice-mueller.de\/fr\/produit\/autocollant-cunz-x-peur-derriere-les-barreaux\/\",\"name\":\"Autocollant CuNz-x Peur derri\u00e8re les barreaux - Beatrice M\u00fcller\",\"isPartOf\":{\"@id\":\"https:\/\/beatrice-mueller.de\/fr\/#website\"},\"primaryImageOfPage\":{\"@id\":\"https:\/\/beatrice-mueller.de\/fr\/produit\/autocollant-cunz-x-peur-derriere-les-barreaux\/#primaryimage\"},\"image\":{\"@id\":\"https:\/\/beatrice-mueller.de\/fr\/produit\/autocollant-cunz-x-peur-derriere-les-barreaux\/#primaryimage\"},\"thumbnailUrl\":\"https:\/\/beatrice-mueller.de\/wp-content\/uploads\/CuNz-x-Sticker-no-virus-L-front.webp\",\"datePublished\":\"2025-02-16T11:58:25+00:00\",\"breadcrumb\":{\"@id\":\"https:\/\/beatrice-mueller.de\/fr\/produit\/autocollant-cunz-x-peur-derriere-les-barreaux\/#breadcrumb\"},\"inLanguage\":\"fr-FR\",\"potentialAction\":[{\"@type\":\"ReadAction\",\"target\":[\"https:\/\/beatrice-mueller.de\/fr\/produit\/autocollant-cunz-x-peur-derriere-les-barreaux\/\"]}]},{\"@type\":\"ImageObject\",\"inLanguage\":\"fr-FR\",\"@id\":\"https:\/\/beatrice-mueller.de\/fr\/produit\/autocollant-cunz-x-peur-derriere-les-barreaux\/#primaryimage\",\"url\":\"https:\/\/beatrice-mueller.de\/wp-content\/uploads\/CuNz-x-Sticker-no-virus-L-front.webp\",\"contentUrl\":\"https:\/\/beatrice-mueller.de\/wp-content\/uploads\/CuNz-x-Sticker-no-virus-L-front.webp\",\"width\":1500,\"height\":1500},{\"@type\":\"BreadcrumbList\",\"@id\":\"https:\/\/beatrice-mueller.de\/fr\/produit\/autocollant-cunz-x-peur-derriere-les-barreaux\/#breadcrumb\",\"itemListElement\":[{\"@type\":\"ListItem\",\"position\":1,\"name\":\"Startseite\",\"item\":\"https:\/\/beatrice-mueller.de\/fr\/\"},{\"@type\":\"ListItem\",\"position\":2,\"name\":\"Boutique\",\"item\":\"https:\/\/beatrice-mueller.de\/fr\/boutique-2\/\"},{\"@type\":\"ListItem\",\"position\":3,\"name\":\"Autocollant CuNz-x Peur derri\u00e8re les barreaux\"}]},{\"@type\":\"WebSite\",\"@id\":\"https:\/\/beatrice-mueller.de\/fr\/#website\",\"url\":\"https:\/\/beatrice-mueller.de\/fr\/\",\"name\":\"Beatrice M\u00fcller\",\"description\":\"Schmuckdesign\",\"potentialAction\":[{\"@type\":\"SearchAction\",\"target\":{\"@type\":\"EntryPoint\",\"urlTemplate\":\"https:\/\/beatrice-mueller.de\/fr\/?s={search_term_string}\"},\"query-input\":{\"@type\":\"PropertyValueSpecification\",\"valueRequired\":true,\"valueName\":\"search_term_string\"}}],\"inLanguage\":\"fr-FR\"}]}<\/script>\n<!-- \/ Yoast SEO plugin. -->","yoast_head_json":{"title":"Autocollant CuNz-x Peur derri\u00e8re les barreaux - Beatrice M\u00fcller","robots":{"index":"index","follow":"follow","max-snippet":"max-snippet:-1","max-image-preview":"max-image-preview:large","max-video-preview":"max-video-preview:-1"},"canonical":"https:\/\/beatrice-mueller.de\/fr\/produit\/autocollant-cunz-x-peur-derriere-les-barreaux\/","og_locale":"fr_FR","og_type":"article","og_title":"Autocollant CuNz-x Peur derri\u00e8re les barreaux - Beatrice M\u00fcller","og_description":"XS : 15 x 15 mm S: 20 x 20 mm M: 23 x 23 mm L: 30 x 30 mm","og_url":"https:\/\/beatrice-mueller.de\/fr\/produit\/autocollant-cunz-x-peur-derriere-les-barreaux\/","og_site_name":"Beatrice M\u00fcller","og_image":[{"width":1500,"height":1500,"url":"https:\/\/beatrice-mueller.de\/wp-content\/uploads\/CuNz-x-Sticker-no-virus-L-front.webp","type":"image\/webp"}],"twitter_card":"summary_large_image","twitter_misc":{"Dur\u00e9e de lecture estim\u00e9e":"2 minutes"},"schema":{"@context":"https:\/\/schema.org","@graph":[{"@type":"WebPage","@id":"https:\/\/beatrice-mueller.de\/fr\/produit\/autocollant-cunz-x-peur-derriere-les-barreaux\/","url":"https:\/\/beatrice-mueller.de\/fr\/produit\/autocollant-cunz-x-peur-derriere-les-barreaux\/","name":"Autocollant CuNz-x Peur derri\u00e8re les barreaux - Beatrice M\u00fcller","isPartOf":{"@id":"https:\/\/beatrice-mueller.de\/fr\/#website"},"primaryImageOfPage":{"@id":"https:\/\/beatrice-mueller.de\/fr\/produit\/autocollant-cunz-x-peur-derriere-les-barreaux\/#primaryimage"},"image":{"@id":"https:\/\/beatrice-mueller.de\/fr\/produit\/autocollant-cunz-x-peur-derriere-les-barreaux\/#primaryimage"},"thumbnailUrl":"https:\/\/beatrice-mueller.de\/wp-content\/uploads\/CuNz-x-Sticker-no-virus-L-front.webp","datePublished":"2025-02-16T11:58:25+00:00","breadcrumb":{"@id":"https:\/\/beatrice-mueller.de\/fr\/produit\/autocollant-cunz-x-peur-derriere-les-barreaux\/#breadcrumb"},"inLanguage":"fr-FR","potentialAction":[{"@type":"ReadAction","target":["https:\/\/beatrice-mueller.de\/fr\/produit\/autocollant-cunz-x-peur-derriere-les-barreaux\/"]}]},{"@type":"ImageObject","inLanguage":"fr-FR","@id":"https:\/\/beatrice-mueller.de\/fr\/produit\/autocollant-cunz-x-peur-derriere-les-barreaux\/#primaryimage","url":"https:\/\/beatrice-mueller.de\/wp-content\/uploads\/CuNz-x-Sticker-no-virus-L-front.webp","contentUrl":"https:\/\/beatrice-mueller.de\/wp-content\/uploads\/CuNz-x-Sticker-no-virus-L-front.webp","width":1500,"height":1500},{"@type":"BreadcrumbList","@id":"https:\/\/beatrice-mueller.de\/fr\/produit\/autocollant-cunz-x-peur-derriere-les-barreaux\/#breadcrumb","itemListElement":[{"@type":"ListItem","position":1,"name":"Startseite","item":"https:\/\/beatrice-mueller.de\/fr\/"},{"@type":"ListItem","position":2,"name":"Boutique","item":"https:\/\/beatrice-mueller.de\/fr\/boutique-2\/"},{"@type":"ListItem","position":3,"name":"Autocollant CuNz-x Peur derri\u00e8re les barreaux"}]},{"@type":"WebSite","@id":"https:\/\/beatrice-mueller.de\/fr\/#website","url":"https:\/\/beatrice-mueller.de\/fr\/","name":"Beatrice M\u00fcller","description":"Schmuckdesign","potentialAction":[{"@type":"SearchAction","target":{"@type":"EntryPoint","urlTemplate":"https:\/\/beatrice-mueller.de\/fr\/?s={search_term_string}"},"query-input":{"@type":"PropertyValueSpecification","valueRequired":true,"valueName":"search_term_string"}}],"inLanguage":"fr-FR"}]}},"_links":{"self":[{"href":"https:\/\/beatrice-mueller.de\/fr\/wp-json\/wp\/v2\/product\/22797","targetHints":{"allow":["GET"]}}],"collection":[{"href":"https:\/\/beatrice-mueller.de\/fr\/wp-json\/wp\/v2\/product"}],"about":[{"href":"https:\/\/beatrice-mueller.de\/fr\/wp-json\/wp\/v2\/types\/product"}],"replies":[{"embeddable":true,"href":"https:\/\/beatrice-mueller.de\/fr\/wp-json\/wp\/v2\/comments?post=22797"}],"wp:featuredmedia":[{"embeddable":true,"href":"https:\/\/beatrice-mueller.de\/fr\/wp-json\/wp\/v2\/media\/22799"}],"wp:attachment":[{"href":"https:\/\/beatrice-mueller.de\/fr\/wp-json\/wp\/v2\/media?parent=22797"}],"wp:term":[{"taxonomy":"product_brand","embeddable":true,"href":"https:\/\/beatrice-mueller.de\/fr\/wp-json\/wp\/v2\/product_brand?post=22797"},{"taxonomy":"product_cat","embeddable":true,"href":"https:\/\/beatrice-mueller.de\/fr\/wp-json\/wp\/v2\/product_cat?post=22797"},{"taxonomy":"product_tag","embeddable":true,"href":"https:\/\/beatrice-mueller.de\/fr\/wp-json\/wp\/v2\/product_tag?post=22797"}],"curies":[{"name":"wp","href":"https:\/\/api.w.org\/{rel}","templated":true}]}}