{"id":22802,"date":"2025-02-16T12:58:27","date_gmt":"2025-02-16T11:58:27","guid":{"rendered":"https:\/\/beatrice-mueller.de\/produkt\/collier-cunz-x-coeur-m\/"},"modified":"2025-02-16T12:58:27","modified_gmt":"2025-02-16T11:58:27","slug":"collier-cunz-x-coeur-m","status":"publish","type":"product","link":"https:\/\/beatrice-mueller.de\/fr\/produit\/collier-cunz-x-coeur-m\/","title":{"rendered":"Collier CuNz-x Coeur M"},"content":{"rendered":"<div class=\"content--title\">\n<div>\n<div><strong>description du produit<\/strong><\/div>\n<div>\n<p>Profitez de la vie et ne laissez pas la n\u00e9gativit\u00e9 vous arr\u00eater. R\u00e9pandez la vitalit\u00e9 partout o\u00f9 vous allez et emportez votre message avec vous. Ce collier est votre bouclier protecteur personnel, votre talisman contre le stress quotidien. Il est en m\u00eame temps un ambassadeur qui rend votre pr\u00e9occupation visible et viable. Montrez ce que vous repr\u00e9sentez et gagnez en courage et en force pour votre vie. Le laiton le rend possible !     <\/p>\n<p>&nbsp;<\/p>\n<\/div>\n<div><\/div>\n<div><strong>Faits amusants sur le laiton<\/strong><\/div>\n<div>M\u00eame dans les temps anciens, les gens ont d\u00e9couvert que le laiton est un mat\u00e9riau tr\u00e8s sp\u00e9cial. Il est bact\u00e9ricide, ce qui signifie que les germes pr\u00e9sents \u00e0 la surface sont activement r\u00e9duits et ne peuvent pas se multiplier.  Le mot antibact\u00e9rien n&#8217;\u00e9tait certainement pas connu \u00e0 l&#8217;\u00e9poque, mais nos anc\u00eatres l&#8217;utilisaient intuitivement et utilisaient par exemple du sulfate de cuivre pour la d\u00e9sinfection.<\/div>\n<p>&nbsp;<\/p>\n<div><\/div>\n<div><strong>Design \u00e9l\u00e9gant<\/strong><\/div>\n<div>De plus, nos acheteurs aiment les cha\u00eenes non seulement en raison du mat\u00e9riau, mais aussi en raison de leur pouvoir symbolique et de leur design extraordinaire. La forme est simple \u2013 un cercle \u2013 le disque ne s\u2019accroche pas aux v\u00eatements \u2013 et le design est frappant et inhabituel. Transmettez le message \u00ab secr\u00e8tement \u00bb ou ouvertement, comme vous le souhaitez.  <\/div>\n<p>&nbsp;<\/p>\n<div><\/div>\n<div><strong>avis de s\u00e9curit\u00e9<\/strong><\/div>\n<div>Nos cha\u00eenes rendent les propri\u00e9t\u00e9s ing\u00e9nieuses du laiton portables. Bien entendu, ils ne remplacent pas le masque ni la distance de s\u00e9curit\u00e9. Nos cha\u00eenes n\u2019offrent pas de protection contre l\u2019infection au Covid-19.   Mais avoir quelque chose autour du cou qui repousse les virus et les bact\u00e9ries est en quelque sorte rassurant, n&#8217;est-ce pas ?<\/div>\n<p>&nbsp;<\/p>\n<div><\/div>\n<div><strong>instructions d&#8217;entretien<\/strong><\/div>\n<div>En vieillissant, nous avons des rides. \u00c0 mesure que le laiton vieillit, il s&#8217;assombrit. Cela d\u00e9pend de la composition de la sueur, de l&#8217;humidit\u00e9 et du comportement de port. Donc, si vous \u00eates tellement amoureux du collier que vous le portez tout le temps, vous le verrez vieillir plus vite. Nous aimons personnellement l\u2019effet \u2013 on voit que la cha\u00eene a une histoire. Si cela ne vous pla\u00eet pas, vous pouvez frotter la cha\u00eene avec un chiffon doux et la nettoyer dans de l&#8217;acide citrique dilu\u00e9 \u00e0 25 %.     <\/div>\n<\/div>\n<p>&nbsp;<\/p>\n<div class=\"product--description\">\n<table border=\"0\">\n<tbody>\n<tr>\n<td><span data-mce-mark=\"1\"><strong>mat\u00e9riel<\/strong><\/span><\/td>\n<td>Laiton<\/td>\n<\/tr>\n<tr>\n<td><span data-mce-mark=\"1\"><strong>surface<\/strong><\/span><\/td>\n<td><span data-mce-mark=\"1\">brillant<\/span><\/td>\n<\/tr>\n<tr>\n<td><span data-mce-mark=\"1\"><strong>tuiles de couleur<\/strong><\/span><\/td>\n<td><span data-mce-mark=\"1\">Couleur du mat\u00e9riau<\/span><\/td>\n<\/tr>\n<tr>\n<td><span data-mce-mark=\"1\"><strong>plaque \u00f8<\/strong><\/span><\/td>\n<td><span data-mce-mark=\"1\">20 mm<\/span><\/td>\n<\/tr>\n<tr>\n<td><span data-mce-mark=\"1\"><strong>\u00e9paisseur du mat\u00e9riau<\/strong><\/span><\/td>\n<td><span data-mce-mark=\"1\">1 mm<\/span><\/td>\n<\/tr>\n<\/tbody>\n<\/table>\n<\/div>\n<\/div>\n","protected":false},"excerpt":{"rendered":"<p>description du produit Profitez de la vie et ne laissez pas la n\u00e9gativit\u00e9 vous arr\u00eater. R\u00e9pandez la vitalit\u00e9 partout o\u00f9 vous allez et emportez votre message avec vous. Ce collier est votre bouclier protecteur personnel, votre talisman contre le stress quotidien. Il est en m\u00eame temps un ambassadeur qui rend votre pr\u00e9occupation visible et viable. [&hellip;]<\/p>\n","protected":false},"featured_media":22804,"comment_status":"closed","ping_status":"closed","template":"","meta":{"_glsr_average":0,"_glsr_ranking":0,"_glsr_reviews":0},"product_brand":[],"product_cat":[562],"product_tag":[609,608,607],"class_list":{"0":"post-22802","1":"product","2":"type-product","3":"status-publish","4":"has-post-thumbnail","6":"product_cat-colliers","7":"product_tag-collier-cunz-x","8":"product_tag-colliers-brillants","9":"product_tag-cunz-x-fr","10":"pa_kette-50-cm-mit-karabiner-fr","11":"pa_kette-90-cm-endlos-fr","12":"pa_marke-cunz-x-fr-2","14":"first","15":"instock","16":"taxable","17":"shipping-taxable","18":"purchasable","19":"product-type-simple"},"exclude_global_add_ons":[],"addons":[],"yoast_head":"<!-- This site is optimized with the Yoast SEO plugin v25.6 - https:\/\/yoast.com\/wordpress\/plugins\/seo\/ -->\n<title>Collier CuNz-x Coeur M - Beatrice M\u00fcller<\/title>\n<meta name=\"robots\" content=\"index, follow, max-snippet:-1, max-image-preview:large, max-video-preview:-1\" \/>\n<link rel=\"canonical\" href=\"https:\/\/beatrice-mueller.de\/fr\/produit\/collier-cunz-x-coeur-m\/\" \/>\n<meta property=\"og:locale\" content=\"fr_FR\" \/>\n<meta property=\"og:type\" content=\"article\" \/>\n<meta property=\"og:title\" content=\"Collier CuNz-x Coeur M - Beatrice M\u00fcller\" \/>\n<meta property=\"og:description\" content=\"description du produit Profitez de la vie et ne laissez pas la n\u00e9gativit\u00e9 vous arr\u00eater. R\u00e9pandez la vitalit\u00e9 partout o\u00f9 vous allez et emportez votre message avec vous. Ce collier est votre bouclier protecteur personnel, votre talisman contre le stress quotidien. Il est en m\u00eame temps un ambassadeur qui rend votre pr\u00e9occupation visible et viable. [&hellip;]\" \/>\n<meta property=\"og:url\" content=\"https:\/\/beatrice-mueller.de\/fr\/produit\/collier-cunz-x-coeur-m\/\" \/>\n<meta property=\"og:site_name\" content=\"Beatrice M\u00fcller\" \/>\n<meta property=\"og:image\" content=\"https:\/\/beatrice-mueller.de\/wp-content\/uploads\/Herz-Mittel-Front.jpg\" \/>\n\t<meta property=\"og:image:width\" content=\"1800\" \/>\n\t<meta property=\"og:image:height\" content=\"1800\" \/>\n\t<meta property=\"og:image:type\" content=\"image\/jpeg\" \/>\n<meta name=\"twitter:card\" content=\"summary_large_image\" \/>\n<meta name=\"twitter:label1\" content=\"Dur\u00e9e de lecture estim\u00e9e\" \/>\n\t<meta name=\"twitter:data1\" content=\"2 minutes\" \/>\n<script type=\"application\/ld+json\" class=\"yoast-schema-graph\">{\"@context\":\"https:\/\/schema.org\",\"@graph\":[{\"@type\":\"WebPage\",\"@id\":\"https:\/\/beatrice-mueller.de\/fr\/produit\/collier-cunz-x-coeur-m\/\",\"url\":\"https:\/\/beatrice-mueller.de\/fr\/produit\/collier-cunz-x-coeur-m\/\",\"name\":\"Collier CuNz-x Coeur M - Beatrice M\u00fcller\",\"isPartOf\":{\"@id\":\"https:\/\/beatrice-mueller.de\/fr\/#website\"},\"primaryImageOfPage\":{\"@id\":\"https:\/\/beatrice-mueller.de\/fr\/produit\/collier-cunz-x-coeur-m\/#primaryimage\"},\"image\":{\"@id\":\"https:\/\/beatrice-mueller.de\/fr\/produit\/collier-cunz-x-coeur-m\/#primaryimage\"},\"thumbnailUrl\":\"https:\/\/beatrice-mueller.de\/wp-content\/uploads\/Herz-Mittel-Front.jpg\",\"datePublished\":\"2025-02-16T11:58:27+00:00\",\"breadcrumb\":{\"@id\":\"https:\/\/beatrice-mueller.de\/fr\/produit\/collier-cunz-x-coeur-m\/#breadcrumb\"},\"inLanguage\":\"fr-FR\",\"potentialAction\":[{\"@type\":\"ReadAction\",\"target\":[\"https:\/\/beatrice-mueller.de\/fr\/produit\/collier-cunz-x-coeur-m\/\"]}]},{\"@type\":\"ImageObject\",\"inLanguage\":\"fr-FR\",\"@id\":\"https:\/\/beatrice-mueller.de\/fr\/produit\/collier-cunz-x-coeur-m\/#primaryimage\",\"url\":\"https:\/\/beatrice-mueller.de\/wp-content\/uploads\/Herz-Mittel-Front.jpg\",\"contentUrl\":\"https:\/\/beatrice-mueller.de\/wp-content\/uploads\/Herz-Mittel-Front.jpg\",\"width\":1800,\"height\":1800},{\"@type\":\"BreadcrumbList\",\"@id\":\"https:\/\/beatrice-mueller.de\/fr\/produit\/collier-cunz-x-coeur-m\/#breadcrumb\",\"itemListElement\":[{\"@type\":\"ListItem\",\"position\":1,\"name\":\"Startseite\",\"item\":\"https:\/\/beatrice-mueller.de\/fr\/\"},{\"@type\":\"ListItem\",\"position\":2,\"name\":\"Boutique\",\"item\":\"https:\/\/beatrice-mueller.de\/fr\/boutique-2\/\"},{\"@type\":\"ListItem\",\"position\":3,\"name\":\"Collier CuNz-x Coeur M\"}]},{\"@type\":\"WebSite\",\"@id\":\"https:\/\/beatrice-mueller.de\/fr\/#website\",\"url\":\"https:\/\/beatrice-mueller.de\/fr\/\",\"name\":\"Beatrice M\u00fcller\",\"description\":\"Schmuckdesign\",\"potentialAction\":[{\"@type\":\"SearchAction\",\"target\":{\"@type\":\"EntryPoint\",\"urlTemplate\":\"https:\/\/beatrice-mueller.de\/fr\/?s={search_term_string}\"},\"query-input\":{\"@type\":\"PropertyValueSpecification\",\"valueRequired\":true,\"valueName\":\"search_term_string\"}}],\"inLanguage\":\"fr-FR\"}]}<\/script>\n<!-- \/ Yoast SEO plugin. -->","yoast_head_json":{"title":"Collier CuNz-x Coeur M - Beatrice M\u00fcller","robots":{"index":"index","follow":"follow","max-snippet":"max-snippet:-1","max-image-preview":"max-image-preview:large","max-video-preview":"max-video-preview:-1"},"canonical":"https:\/\/beatrice-mueller.de\/fr\/produit\/collier-cunz-x-coeur-m\/","og_locale":"fr_FR","og_type":"article","og_title":"Collier CuNz-x Coeur M - Beatrice M\u00fcller","og_description":"description du produit Profitez de la vie et ne laissez pas la n\u00e9gativit\u00e9 vous arr\u00eater. R\u00e9pandez la vitalit\u00e9 partout o\u00f9 vous allez et emportez votre message avec vous. Ce collier est votre bouclier protecteur personnel, votre talisman contre le stress quotidien. Il est en m\u00eame temps un ambassadeur qui rend votre pr\u00e9occupation visible et viable. [&hellip;]","og_url":"https:\/\/beatrice-mueller.de\/fr\/produit\/collier-cunz-x-coeur-m\/","og_site_name":"Beatrice M\u00fcller","og_image":[{"width":1800,"height":1800,"url":"https:\/\/beatrice-mueller.de\/wp-content\/uploads\/Herz-Mittel-Front.jpg","type":"image\/jpeg"}],"twitter_card":"summary_large_image","twitter_misc":{"Dur\u00e9e de lecture estim\u00e9e":"2 minutes"},"schema":{"@context":"https:\/\/schema.org","@graph":[{"@type":"WebPage","@id":"https:\/\/beatrice-mueller.de\/fr\/produit\/collier-cunz-x-coeur-m\/","url":"https:\/\/beatrice-mueller.de\/fr\/produit\/collier-cunz-x-coeur-m\/","name":"Collier CuNz-x Coeur M - Beatrice M\u00fcller","isPartOf":{"@id":"https:\/\/beatrice-mueller.de\/fr\/#website"},"primaryImageOfPage":{"@id":"https:\/\/beatrice-mueller.de\/fr\/produit\/collier-cunz-x-coeur-m\/#primaryimage"},"image":{"@id":"https:\/\/beatrice-mueller.de\/fr\/produit\/collier-cunz-x-coeur-m\/#primaryimage"},"thumbnailUrl":"https:\/\/beatrice-mueller.de\/wp-content\/uploads\/Herz-Mittel-Front.jpg","datePublished":"2025-02-16T11:58:27+00:00","breadcrumb":{"@id":"https:\/\/beatrice-mueller.de\/fr\/produit\/collier-cunz-x-coeur-m\/#breadcrumb"},"inLanguage":"fr-FR","potentialAction":[{"@type":"ReadAction","target":["https:\/\/beatrice-mueller.de\/fr\/produit\/collier-cunz-x-coeur-m\/"]}]},{"@type":"ImageObject","inLanguage":"fr-FR","@id":"https:\/\/beatrice-mueller.de\/fr\/produit\/collier-cunz-x-coeur-m\/#primaryimage","url":"https:\/\/beatrice-mueller.de\/wp-content\/uploads\/Herz-Mittel-Front.jpg","contentUrl":"https:\/\/beatrice-mueller.de\/wp-content\/uploads\/Herz-Mittel-Front.jpg","width":1800,"height":1800},{"@type":"BreadcrumbList","@id":"https:\/\/beatrice-mueller.de\/fr\/produit\/collier-cunz-x-coeur-m\/#breadcrumb","itemListElement":[{"@type":"ListItem","position":1,"name":"Startseite","item":"https:\/\/beatrice-mueller.de\/fr\/"},{"@type":"ListItem","position":2,"name":"Boutique","item":"https:\/\/beatrice-mueller.de\/fr\/boutique-2\/"},{"@type":"ListItem","position":3,"name":"Collier CuNz-x Coeur M"}]},{"@type":"WebSite","@id":"https:\/\/beatrice-mueller.de\/fr\/#website","url":"https:\/\/beatrice-mueller.de\/fr\/","name":"Beatrice M\u00fcller","description":"Schmuckdesign","potentialAction":[{"@type":"SearchAction","target":{"@type":"EntryPoint","urlTemplate":"https:\/\/beatrice-mueller.de\/fr\/?s={search_term_string}"},"query-input":{"@type":"PropertyValueSpecification","valueRequired":true,"valueName":"search_term_string"}}],"inLanguage":"fr-FR"}]}},"_links":{"self":[{"href":"https:\/\/beatrice-mueller.de\/fr\/wp-json\/wp\/v2\/product\/22802","targetHints":{"allow":["GET"]}}],"collection":[{"href":"https:\/\/beatrice-mueller.de\/fr\/wp-json\/wp\/v2\/product"}],"about":[{"href":"https:\/\/beatrice-mueller.de\/fr\/wp-json\/wp\/v2\/types\/product"}],"replies":[{"embeddable":true,"href":"https:\/\/beatrice-mueller.de\/fr\/wp-json\/wp\/v2\/comments?post=22802"}],"wp:featuredmedia":[{"embeddable":true,"href":"https:\/\/beatrice-mueller.de\/fr\/wp-json\/wp\/v2\/media\/22804"}],"wp:attachment":[{"href":"https:\/\/beatrice-mueller.de\/fr\/wp-json\/wp\/v2\/media?parent=22802"}],"wp:term":[{"taxonomy":"product_brand","embeddable":true,"href":"https:\/\/beatrice-mueller.de\/fr\/wp-json\/wp\/v2\/product_brand?post=22802"},{"taxonomy":"product_cat","embeddable":true,"href":"https:\/\/beatrice-mueller.de\/fr\/wp-json\/wp\/v2\/product_cat?post=22802"},{"taxonomy":"product_tag","embeddable":true,"href":"https:\/\/beatrice-mueller.de\/fr\/wp-json\/wp\/v2\/product_tag?post=22802"}],"curies":[{"name":"wp","href":"https:\/\/api.w.org\/{rel}","templated":true}]}}