{"id":23446,"date":"2025-02-16T12:58:57","date_gmt":"2025-02-16T11:58:57","guid":{"rendered":"https:\/\/beatrice-mueller.de\/produkt\/autocollant-cunz-x-antenne-2020\/"},"modified":"2025-02-16T12:58:57","modified_gmt":"2025-02-16T11:58:57","slug":"autocollant-cunz-x-antenne-2020","status":"publish","type":"product","link":"https:\/\/beatrice-mueller.de\/fr\/produit\/autocollant-cunz-x-antenne-2020\/","title":{"rendered":"Autocollant CuNz-x ANTENNE 2020"},"content":{"rendered":"<div>Envoyer et recevoir. Envoyer des signaux. Symboles d&#8217;unit\u00e9. signal horaire. Capteur. Les expressions faciales et les gestes sont des moyens de communication importants, mais nous communiquons \u00e9galement avec notre environnement \u00e0 travers les bijoux. Avec l&#8217;autocollant <strong>d&#8217;antenne,<\/strong> nous \u00e9tendons d\u00e9lib\u00e9r\u00e9ment nos antennes.      <\/div>\n<div><\/div>\n<div><strong>Faits amusants sur le laiton<\/strong><\/div>\n<div>M\u00eame dans les temps anciens, les gens ont d\u00e9couvert que le laiton est un mat\u00e9riau tr\u00e8s sp\u00e9cial. Il est bact\u00e9ricide, ce qui signifie que les germes pr\u00e9sents \u00e0 la surface sont activement r\u00e9duits et ne peuvent pas se multiplier. Le mot antibact\u00e9rien n&#8217;\u00e9tait certainement pas connu \u00e0 l&#8217;\u00e9poque, mais nos anc\u00eatres l&#8217;utilisaient intuitivement et utilisaient par exemple du sulfate de cuivre pour la d\u00e9sinfection.  <\/div>\n<div><\/div>\n<div><strong>Design \u00e9l\u00e9gant<\/strong><\/div>\n<div>De plus, nos acheteurs aiment les accessoires non seulement en raison du mat\u00e9riau, mais aussi en raison de leur pouvoir symbolique et de leur design exceptionnel. La forme est simple \u2013 un cercle \u2013 et le design est frappant et inhabituel. Transmettez le message \u00ab secr\u00e8tement \u00bb ou ouvertement, comme vous le souhaitez.  <\/div>\n<div><\/div>\n<div><strong>avis de s\u00e9curit\u00e9<\/strong><\/div>\n<div>Nos bijoux rendent les propri\u00e9t\u00e9s ing\u00e9nieuses du laiton portables. Bien entendu, ils ne remplacent pas le masque ni la distance de s\u00e9curit\u00e9. Nos bijoux ne prot\u00e8gent pas contre l&#8217;infection par le Covid-19. Mais tenir dans sa main quelque chose qui repousse les virus et les bact\u00e9ries est quelque chose de rassurant, n&#8217;est-ce pas ?   <\/div>\n<div><\/div>\n<div><\/div>\n<div><strong>Note d&#8217;entretien<\/strong> En vieillissant, nous avons des rides. \u00c0 mesure que le laiton vieillit, il s&#8217;assombrit. Cela d\u00e9pend de la composition de la sueur, de l&#8217;humidit\u00e9 et du comportement de port. Donc, si vous \u00eates tellement amoureux de vos bijoux que vous les portez tout le temps, vous les verrez vieillir plus vite. Nous aimons personnellement l\u2019effet \u2013 on voit que le bijou a une histoire. Si cela ne vous pla\u00eet pas, vous pouvez frotter les bijoux avec un chiffon doux et les nettoyer dans de l&#8217;acide citrique dilu\u00e9 \u00e0 25 %.     <\/div>\n<p>&nbsp;<\/p>\n<div class=\"product--description\">\n<p>&nbsp;<\/p>\n<div class=\"table-wrapper\">\n<table border=\"0\">\n<tbody>\n<tr style=\"height: 19px\">\n<td style=\"height: 19px\"><span data-mce-mark=\"1\"><strong>mat\u00e9riel<\/strong><\/span><\/td>\n<td style=\"height: 19px\">Laiton<\/td>\n<\/tr>\n<tr style=\"height: 19px\">\n<td style=\"height: 19px\"><span data-mce-mark=\"1\"><strong>surface<\/strong><\/span><\/td>\n<td style=\"height: 19px\"><span data-mce-mark=\"1\">brillant<\/span><\/td>\n<\/tr>\n<tr>\n<td><span data-mce-mark=\"1\"><strong>tuiles de couleur<\/strong><\/span><\/td>\n<td><span data-mce-mark=\"1\">Couleur du mat\u00e9riau<\/span><\/td>\n<\/tr>\n<tr style=\"height: 19px\">\n<td style=\"height: 19px\"><strong>Brillant<\/strong><\/td>\n<td style=\"height: 19px\">0,008 ct<\/td>\n<\/tr>\n<tr style=\"height: 19px\">\n<td style=\"height: 19px\"><span data-mce-mark=\"1\"><strong>\u00e9paisseur du mat\u00e9riau<\/strong><\/span><\/td>\n<td style=\"height: 19px\"><span data-mce-mark=\"1\">1 mm<\/span><\/td>\n<\/tr>\n<\/tbody>\n<\/table>\n<\/div>\n<\/div>\n<p>&nbsp;<\/p>\n","protected":false},"excerpt":{"rendered":"<p>Envoyer et recevoir. Envoyer des signaux. Symboles d&#8217;unit\u00e9. signal horaire. Capteur. Les expressions faciales et les gestes sont des moyens de communication importants, mais nous communiquons \u00e9galement avec notre environnement \u00e0 travers les bijoux. Avec l&#8217;autocollant d&#8217;antenne, nous \u00e9tendons d\u00e9lib\u00e9r\u00e9ment nos antennes. Faits amusants sur le laiton M\u00eame dans les temps anciens, les gens ont [&hellip;]<\/p>\n","protected":false},"featured_media":23447,"comment_status":"closed","ping_status":"closed","template":"","meta":{"_glsr_average":0,"_glsr_ranking":0,"_glsr_reviews":0},"product_brand":[],"product_cat":[620],"product_tag":[607],"class_list":{"0":"post-23446","1":"product","2":"type-product","3":"status-publish","4":"has-post-thumbnail","6":"product_cat-autocollants","7":"product_tag-cunz-x-fr","8":"pa_marke-cunz-x-fr-2","10":"first","11":"instock","12":"taxable","13":"shipping-taxable","14":"purchasable","15":"product-type-simple"},"exclude_global_add_ons":[],"addons":[],"yoast_head":"<!-- This site is optimized with the Yoast SEO plugin v25.6 - https:\/\/yoast.com\/wordpress\/plugins\/seo\/ -->\n<title>Autocollant CuNz-x ANTENNE 2020 - Beatrice M\u00fcller<\/title>\n<meta name=\"description\" content=\"Envoyer et recevoir. Envoyer des signaux. Les expressions faciales et les gestes sont des moyens de communication, mais nous communiquons \u00e9galement avec notre environnement \u00e0 travers les bijoux.\" \/>\n<meta name=\"robots\" content=\"index, follow, max-snippet:-1, max-image-preview:large, max-video-preview:-1\" \/>\n<link rel=\"canonical\" href=\"https:\/\/beatrice-mueller.de\/fr\/produit\/autocollant-cunz-x-antenne-2020\/\" \/>\n<meta property=\"og:locale\" content=\"fr_FR\" \/>\n<meta property=\"og:type\" content=\"article\" \/>\n<meta property=\"og:title\" content=\"Autocollant CuNz-x ANTENNE 2020 - Beatrice M\u00fcller\" \/>\n<meta property=\"og:description\" content=\"Envoyer et recevoir. Envoyer des signaux. Les expressions faciales et les gestes sont des moyens de communication, mais nous communiquons \u00e9galement avec notre environnement \u00e0 travers les bijoux.\" \/>\n<meta property=\"og:url\" content=\"https:\/\/beatrice-mueller.de\/fr\/produit\/autocollant-cunz-x-antenne-2020\/\" \/>\n<meta property=\"og:site_name\" content=\"Beatrice M\u00fcller\" \/>\n<meta property=\"og:image\" content=\"https:\/\/beatrice-mueller.de\/wp-content\/uploads\/CuNz-x-Sticker-antenne-2020-front_25ca6555-6953-4fcb-9ae7-2da592c79781.webp\" \/>\n\t<meta property=\"og:image:width\" content=\"1500\" \/>\n\t<meta property=\"og:image:height\" content=\"1500\" \/>\n\t<meta property=\"og:image:type\" content=\"image\/webp\" \/>\n<meta name=\"twitter:card\" content=\"summary_large_image\" \/>\n<meta name=\"twitter:label1\" content=\"Dur\u00e9e de lecture estim\u00e9e\" \/>\n\t<meta name=\"twitter:data1\" content=\"2 minutes\" \/>\n<script type=\"application\/ld+json\" class=\"yoast-schema-graph\">{\"@context\":\"https:\/\/schema.org\",\"@graph\":[{\"@type\":\"WebPage\",\"@id\":\"https:\/\/beatrice-mueller.de\/fr\/produit\/autocollant-cunz-x-antenne-2020\/\",\"url\":\"https:\/\/beatrice-mueller.de\/fr\/produit\/autocollant-cunz-x-antenne-2020\/\",\"name\":\"Autocollant CuNz-x ANTENNE 2020 - Beatrice M\u00fcller\",\"isPartOf\":{\"@id\":\"https:\/\/beatrice-mueller.de\/fr\/#website\"},\"primaryImageOfPage\":{\"@id\":\"https:\/\/beatrice-mueller.de\/fr\/produit\/autocollant-cunz-x-antenne-2020\/#primaryimage\"},\"image\":{\"@id\":\"https:\/\/beatrice-mueller.de\/fr\/produit\/autocollant-cunz-x-antenne-2020\/#primaryimage\"},\"thumbnailUrl\":\"https:\/\/beatrice-mueller.de\/wp-content\/uploads\/CuNz-x-Sticker-antenne-2020-front_25ca6555-6953-4fcb-9ae7-2da592c79781.webp\",\"datePublished\":\"2025-02-16T11:58:57+00:00\",\"description\":\"Envoyer et recevoir. Envoyer des signaux. Les expressions faciales et les gestes sont des moyens de communication, mais nous communiquons \u00e9galement avec notre environnement \u00e0 travers les bijoux.\",\"breadcrumb\":{\"@id\":\"https:\/\/beatrice-mueller.de\/fr\/produit\/autocollant-cunz-x-antenne-2020\/#breadcrumb\"},\"inLanguage\":\"fr-FR\",\"potentialAction\":[{\"@type\":\"ReadAction\",\"target\":[\"https:\/\/beatrice-mueller.de\/fr\/produit\/autocollant-cunz-x-antenne-2020\/\"]}]},{\"@type\":\"ImageObject\",\"inLanguage\":\"fr-FR\",\"@id\":\"https:\/\/beatrice-mueller.de\/fr\/produit\/autocollant-cunz-x-antenne-2020\/#primaryimage\",\"url\":\"https:\/\/beatrice-mueller.de\/wp-content\/uploads\/CuNz-x-Sticker-antenne-2020-front_25ca6555-6953-4fcb-9ae7-2da592c79781.webp\",\"contentUrl\":\"https:\/\/beatrice-mueller.de\/wp-content\/uploads\/CuNz-x-Sticker-antenne-2020-front_25ca6555-6953-4fcb-9ae7-2da592c79781.webp\",\"width\":1500,\"height\":1500},{\"@type\":\"BreadcrumbList\",\"@id\":\"https:\/\/beatrice-mueller.de\/fr\/produit\/autocollant-cunz-x-antenne-2020\/#breadcrumb\",\"itemListElement\":[{\"@type\":\"ListItem\",\"position\":1,\"name\":\"Startseite\",\"item\":\"https:\/\/beatrice-mueller.de\/fr\/\"},{\"@type\":\"ListItem\",\"position\":2,\"name\":\"Boutique\",\"item\":\"https:\/\/beatrice-mueller.de\/fr\/boutique-2\/\"},{\"@type\":\"ListItem\",\"position\":3,\"name\":\"Autocollant CuNz-x ANTENNE 2020\"}]},{\"@type\":\"WebSite\",\"@id\":\"https:\/\/beatrice-mueller.de\/fr\/#website\",\"url\":\"https:\/\/beatrice-mueller.de\/fr\/\",\"name\":\"Beatrice M\u00fcller\",\"description\":\"Schmuckdesign\",\"potentialAction\":[{\"@type\":\"SearchAction\",\"target\":{\"@type\":\"EntryPoint\",\"urlTemplate\":\"https:\/\/beatrice-mueller.de\/fr\/?s={search_term_string}\"},\"query-input\":{\"@type\":\"PropertyValueSpecification\",\"valueRequired\":true,\"valueName\":\"search_term_string\"}}],\"inLanguage\":\"fr-FR\"}]}<\/script>\n<!-- \/ Yoast SEO plugin. -->","yoast_head_json":{"title":"Autocollant CuNz-x ANTENNE 2020 - Beatrice M\u00fcller","description":"Envoyer et recevoir. Envoyer des signaux. Les expressions faciales et les gestes sont des moyens de communication, mais nous communiquons \u00e9galement avec notre environnement \u00e0 travers les bijoux.","robots":{"index":"index","follow":"follow","max-snippet":"max-snippet:-1","max-image-preview":"max-image-preview:large","max-video-preview":"max-video-preview:-1"},"canonical":"https:\/\/beatrice-mueller.de\/fr\/produit\/autocollant-cunz-x-antenne-2020\/","og_locale":"fr_FR","og_type":"article","og_title":"Autocollant CuNz-x ANTENNE 2020 - Beatrice M\u00fcller","og_description":"Envoyer et recevoir. Envoyer des signaux. Les expressions faciales et les gestes sont des moyens de communication, mais nous communiquons \u00e9galement avec notre environnement \u00e0 travers les bijoux.","og_url":"https:\/\/beatrice-mueller.de\/fr\/produit\/autocollant-cunz-x-antenne-2020\/","og_site_name":"Beatrice M\u00fcller","og_image":[{"width":1500,"height":1500,"url":"https:\/\/beatrice-mueller.de\/wp-content\/uploads\/CuNz-x-Sticker-antenne-2020-front_25ca6555-6953-4fcb-9ae7-2da592c79781.webp","type":"image\/webp"}],"twitter_card":"summary_large_image","twitter_misc":{"Dur\u00e9e de lecture estim\u00e9e":"2 minutes"},"schema":{"@context":"https:\/\/schema.org","@graph":[{"@type":"WebPage","@id":"https:\/\/beatrice-mueller.de\/fr\/produit\/autocollant-cunz-x-antenne-2020\/","url":"https:\/\/beatrice-mueller.de\/fr\/produit\/autocollant-cunz-x-antenne-2020\/","name":"Autocollant CuNz-x ANTENNE 2020 - Beatrice M\u00fcller","isPartOf":{"@id":"https:\/\/beatrice-mueller.de\/fr\/#website"},"primaryImageOfPage":{"@id":"https:\/\/beatrice-mueller.de\/fr\/produit\/autocollant-cunz-x-antenne-2020\/#primaryimage"},"image":{"@id":"https:\/\/beatrice-mueller.de\/fr\/produit\/autocollant-cunz-x-antenne-2020\/#primaryimage"},"thumbnailUrl":"https:\/\/beatrice-mueller.de\/wp-content\/uploads\/CuNz-x-Sticker-antenne-2020-front_25ca6555-6953-4fcb-9ae7-2da592c79781.webp","datePublished":"2025-02-16T11:58:57+00:00","description":"Envoyer et recevoir. Envoyer des signaux. Les expressions faciales et les gestes sont des moyens de communication, mais nous communiquons \u00e9galement avec notre environnement \u00e0 travers les bijoux.","breadcrumb":{"@id":"https:\/\/beatrice-mueller.de\/fr\/produit\/autocollant-cunz-x-antenne-2020\/#breadcrumb"},"inLanguage":"fr-FR","potentialAction":[{"@type":"ReadAction","target":["https:\/\/beatrice-mueller.de\/fr\/produit\/autocollant-cunz-x-antenne-2020\/"]}]},{"@type":"ImageObject","inLanguage":"fr-FR","@id":"https:\/\/beatrice-mueller.de\/fr\/produit\/autocollant-cunz-x-antenne-2020\/#primaryimage","url":"https:\/\/beatrice-mueller.de\/wp-content\/uploads\/CuNz-x-Sticker-antenne-2020-front_25ca6555-6953-4fcb-9ae7-2da592c79781.webp","contentUrl":"https:\/\/beatrice-mueller.de\/wp-content\/uploads\/CuNz-x-Sticker-antenne-2020-front_25ca6555-6953-4fcb-9ae7-2da592c79781.webp","width":1500,"height":1500},{"@type":"BreadcrumbList","@id":"https:\/\/beatrice-mueller.de\/fr\/produit\/autocollant-cunz-x-antenne-2020\/#breadcrumb","itemListElement":[{"@type":"ListItem","position":1,"name":"Startseite","item":"https:\/\/beatrice-mueller.de\/fr\/"},{"@type":"ListItem","position":2,"name":"Boutique","item":"https:\/\/beatrice-mueller.de\/fr\/boutique-2\/"},{"@type":"ListItem","position":3,"name":"Autocollant CuNz-x ANTENNE 2020"}]},{"@type":"WebSite","@id":"https:\/\/beatrice-mueller.de\/fr\/#website","url":"https:\/\/beatrice-mueller.de\/fr\/","name":"Beatrice M\u00fcller","description":"Schmuckdesign","potentialAction":[{"@type":"SearchAction","target":{"@type":"EntryPoint","urlTemplate":"https:\/\/beatrice-mueller.de\/fr\/?s={search_term_string}"},"query-input":{"@type":"PropertyValueSpecification","valueRequired":true,"valueName":"search_term_string"}}],"inLanguage":"fr-FR"}]}},"_links":{"self":[{"href":"https:\/\/beatrice-mueller.de\/fr\/wp-json\/wp\/v2\/product\/23446","targetHints":{"allow":["GET"]}}],"collection":[{"href":"https:\/\/beatrice-mueller.de\/fr\/wp-json\/wp\/v2\/product"}],"about":[{"href":"https:\/\/beatrice-mueller.de\/fr\/wp-json\/wp\/v2\/types\/product"}],"replies":[{"embeddable":true,"href":"https:\/\/beatrice-mueller.de\/fr\/wp-json\/wp\/v2\/comments?post=23446"}],"wp:featuredmedia":[{"embeddable":true,"href":"https:\/\/beatrice-mueller.de\/fr\/wp-json\/wp\/v2\/media\/23447"}],"wp:attachment":[{"href":"https:\/\/beatrice-mueller.de\/fr\/wp-json\/wp\/v2\/media?parent=23446"}],"wp:term":[{"taxonomy":"product_brand","embeddable":true,"href":"https:\/\/beatrice-mueller.de\/fr\/wp-json\/wp\/v2\/product_brand?post=23446"},{"taxonomy":"product_cat","embeddable":true,"href":"https:\/\/beatrice-mueller.de\/fr\/wp-json\/wp\/v2\/product_cat?post=23446"},{"taxonomy":"product_tag","embeddable":true,"href":"https:\/\/beatrice-mueller.de\/fr\/wp-json\/wp\/v2\/product_tag?post=23446"}],"curies":[{"name":"wp","href":"https:\/\/api.w.org\/{rel}","templated":true}]}}