{"id":24058,"date":"2025-02-23T12:25:03","date_gmt":"2025-02-23T11:25:03","guid":{"rendered":"https:\/\/beatrice-mueller.de\/produkt\/bague-tampon-made-with-love-en-acier-inoxydable\/"},"modified":"2025-02-23T12:25:03","modified_gmt":"2025-02-23T11:25:03","slug":"bague-tampon-made-with-love-en-acier-inoxydable","status":"publish","type":"product","link":"https:\/\/beatrice-mueller.de\/fr\/produit\/bague-tampon-made-with-love-en-acier-inoxydable\/","title":{"rendered":"bague tampon MADE WITH LOVE en acier inoxydable"},"content":{"rendered":"<p>&nbsp;<\/p>\n<div class=\"product--description\">Le g\u00e2teau fait maison, la carte d&#8217;anniversaire joliment d\u00e9cor\u00e9e ou une chanson sp\u00e9cialement compos\u00e9e &#8211; toutes ces choses sont faites avec amour. Nos bijoux sont cr\u00e9\u00e9s avec la m\u00eame passion, et vous pouvez les porter \u00e0 l&#8217;ext\u00e9rieur ! Int\u00e9grez de petits actes de gentillesse envers les autres dans votre vie quotidienne et r\u00e9pandez la positivit\u00e9.  <\/div>\n<div class=\"product--description\"><\/div>\n<p><strong>Attention : cette bague n&#8217;est actuellement disponible qu&#8217;en taille 58.<\/strong><\/p>\n<p><span style=\"text-decoration: underline\">Caract\u00e9ristiques:<\/span><\/p>\n<p><span style=\"color: #ff0000\">\u2718<\/span> La bague est fabriqu\u00e9e en acier inoxydable 316L de haute qualit\u00e9 et robuste.<\/p>\n<p><span style=\"color: #ff0000\">\u2718<\/span> Contraste de mati\u00e8res agr\u00e9able gr\u00e2ce \u00e0 l&#8217;int\u00e9rieur c\u00f4tel\u00e9.<\/p>\n<p><span style=\"color: #ff0000\">\u2718<\/span> Fabriqu\u00e9 \u00e0 la main et qualit\u00e9 test\u00e9e dans notre propre atelier.<\/p>\n<p>&nbsp;<\/p>\n<table border=\"0\">\n<tbody>\n<tr>\n<td><span data-mce-mark=\"1\"><strong>Bijoux en mat\u00e9riaux<\/strong><\/span><\/td>\n<td><span data-mce-mark=\"1\">acier inoxydable<\/span><\/td>\n<\/tr>\n<tr>\n<td><span data-mce-mark=\"1\"><strong>surface<\/strong><\/span><\/td>\n<td><span data-mce-mark=\"1\">tapis fluide<\/span><\/td>\n<\/tr>\n<tr>\n<td><span data-mce-mark=\"1\"><strong>Couleur<\/strong><\/span><\/td>\n<td><span data-mce-mark=\"1\">blanc<\/span><\/td>\n<\/tr>\n<tr>\n<td><span data-mce-mark=\"1\"><strong>Caract\u00e9ristiques sp\u00e9ciales<\/strong><\/span><\/td>\n<td><span data-mce-mark=\"1\">gravure au laser<\/span><\/td>\n<\/tr>\n<\/tbody>\n<\/table>\n<p><span data-mce-mark=\"1\"><strong>D\u00c9TERMINER LA BONNE TAILLE DE BAGUE<\/strong><\/span><\/p>\n<p>La taille de la bague des bagues NO STRESS est d\u00e9termin\u00e9e en fonction de la circonf\u00e9rence de la bague int\u00e9rieure. Pour conna\u00eetre la circonf\u00e9rence correcte de la bague, il vous suffit d&#8217;un fil ou d&#8217;un morceau de papier. <\/p>\n<p>Enroulez le fil ou le papier autour de la partie du doigt o\u00f9 vous souhaitez porter la bague, puis mesurez la longueur. Les millim\u00e8tres mesur\u00e9s refl\u00e8tent la circonf\u00e9rence de la bague int\u00e9rieure. <\/p>\n","protected":false},"excerpt":{"rendered":"<p>&nbsp; Le g\u00e2teau fait maison, la carte d&#8217;anniversaire joliment d\u00e9cor\u00e9e ou une chanson sp\u00e9cialement compos\u00e9e &#8211; toutes ces choses sont faites avec amour. Nos bijoux sont cr\u00e9\u00e9s avec la m\u00eame passion, et vous pouvez les porter \u00e0 l&#8217;ext\u00e9rieur ! Int\u00e9grez de petits actes de gentillesse envers les autres dans votre vie quotidienne et r\u00e9pandez la [&hellip;]<\/p>\n","protected":false},"featured_media":24060,"comment_status":"closed","ping_status":"closed","template":"","meta":{"_glsr_average":0,"_glsr_ranking":0,"_glsr_reviews":0},"product_brand":[],"product_cat":[586],"product_tag":[563],"class_list":{"0":"post-24058","1":"product","2":"type-product","3":"status-publish","4":"has-post-thumbnail","6":"product_cat-anneau","7":"product_tag-conception-x","8":"pa_groesse-58-18-5-o-fr","9":"pa_marke-x-design-fr","11":"first","12":"instock","13":"taxable","14":"shipping-taxable","15":"purchasable","16":"product-type-simple"},"exclude_global_add_ons":[],"addons":[],"yoast_head":"<!-- This site is optimized with the Yoast SEO plugin v25.6 - https:\/\/yoast.com\/wordpress\/plugins\/seo\/ -->\n<title>bague tampon MADE WITH LOVE en acier inoxydable - Beatrice M\u00fcller<\/title>\n<meta name=\"robots\" content=\"index, follow, max-snippet:-1, max-image-preview:large, max-video-preview:-1\" \/>\n<link rel=\"canonical\" href=\"https:\/\/beatrice-mueller.de\/fr\/produit\/bague-tampon-made-with-love-en-acier-inoxydable\/\" \/>\n<meta property=\"og:locale\" content=\"fr_FR\" \/>\n<meta property=\"og:type\" content=\"article\" \/>\n<meta property=\"og:title\" content=\"bague tampon MADE WITH LOVE en acier inoxydable - Beatrice M\u00fcller\" \/>\n<meta property=\"og:description\" content=\"&nbsp; Le g\u00e2teau fait maison, la carte d&#8217;anniversaire joliment d\u00e9cor\u00e9e ou une chanson sp\u00e9cialement compos\u00e9e &#8211; toutes ces choses sont faites avec amour. Nos bijoux sont cr\u00e9\u00e9s avec la m\u00eame passion, et vous pouvez les porter \u00e0 l&#8217;ext\u00e9rieur ! Int\u00e9grez de petits actes de gentillesse envers les autres dans votre vie quotidienne et r\u00e9pandez la [&hellip;]\" \/>\n<meta property=\"og:url\" content=\"https:\/\/beatrice-mueller.de\/fr\/produit\/bague-tampon-made-with-love-en-acier-inoxydable\/\" \/>\n<meta property=\"og:site_name\" content=\"Beatrice M\u00fcller\" \/>\n<meta property=\"og:image\" content=\"https:\/\/beatrice-mueller.de\/wp-content\/uploads\/2022\/02\/X-Design_Ring_made_with_love_1.jpg\" \/>\n\t<meta property=\"og:image:width\" content=\"800\" \/>\n\t<meta property=\"og:image:height\" content=\"800\" \/>\n\t<meta property=\"og:image:type\" content=\"image\/jpeg\" \/>\n<meta name=\"twitter:card\" content=\"summary_large_image\" \/>\n<meta name=\"twitter:label1\" content=\"Dur\u00e9e de lecture estim\u00e9e\" \/>\n\t<meta name=\"twitter:data1\" content=\"1 minute\" \/>\n<script type=\"application\/ld+json\" class=\"yoast-schema-graph\">{\"@context\":\"https:\/\/schema.org\",\"@graph\":[{\"@type\":\"WebPage\",\"@id\":\"https:\/\/beatrice-mueller.de\/fr\/produit\/bague-tampon-made-with-love-en-acier-inoxydable\/\",\"url\":\"https:\/\/beatrice-mueller.de\/fr\/produit\/bague-tampon-made-with-love-en-acier-inoxydable\/\",\"name\":\"bague tampon MADE WITH LOVE en acier inoxydable - Beatrice M\u00fcller\",\"isPartOf\":{\"@id\":\"https:\/\/beatrice-mueller.de\/fr\/#website\"},\"primaryImageOfPage\":{\"@id\":\"https:\/\/beatrice-mueller.de\/fr\/produit\/bague-tampon-made-with-love-en-acier-inoxydable\/#primaryimage\"},\"image\":{\"@id\":\"https:\/\/beatrice-mueller.de\/fr\/produit\/bague-tampon-made-with-love-en-acier-inoxydable\/#primaryimage\"},\"thumbnailUrl\":\"https:\/\/beatrice-mueller.de\/wp-content\/uploads\/2022\/02\/X-Design_Ring_made_with_love_1.jpg\",\"datePublished\":\"2025-02-23T11:25:03+00:00\",\"breadcrumb\":{\"@id\":\"https:\/\/beatrice-mueller.de\/fr\/produit\/bague-tampon-made-with-love-en-acier-inoxydable\/#breadcrumb\"},\"inLanguage\":\"fr-FR\",\"potentialAction\":[{\"@type\":\"ReadAction\",\"target\":[\"https:\/\/beatrice-mueller.de\/fr\/produit\/bague-tampon-made-with-love-en-acier-inoxydable\/\"]}]},{\"@type\":\"ImageObject\",\"inLanguage\":\"fr-FR\",\"@id\":\"https:\/\/beatrice-mueller.de\/fr\/produit\/bague-tampon-made-with-love-en-acier-inoxydable\/#primaryimage\",\"url\":\"https:\/\/beatrice-mueller.de\/wp-content\/uploads\/2022\/02\/X-Design_Ring_made_with_love_1.jpg\",\"contentUrl\":\"https:\/\/beatrice-mueller.de\/wp-content\/uploads\/2022\/02\/X-Design_Ring_made_with_love_1.jpg\",\"width\":800,\"height\":800},{\"@type\":\"BreadcrumbList\",\"@id\":\"https:\/\/beatrice-mueller.de\/fr\/produit\/bague-tampon-made-with-love-en-acier-inoxydable\/#breadcrumb\",\"itemListElement\":[{\"@type\":\"ListItem\",\"position\":1,\"name\":\"Startseite\",\"item\":\"https:\/\/beatrice-mueller.de\/fr\/\"},{\"@type\":\"ListItem\",\"position\":2,\"name\":\"Boutique\",\"item\":\"https:\/\/beatrice-mueller.de\/fr\/boutique-2\/\"},{\"@type\":\"ListItem\",\"position\":3,\"name\":\"bague tampon MADE WITH LOVE en acier inoxydable\"}]},{\"@type\":\"WebSite\",\"@id\":\"https:\/\/beatrice-mueller.de\/fr\/#website\",\"url\":\"https:\/\/beatrice-mueller.de\/fr\/\",\"name\":\"Beatrice M\u00fcller\",\"description\":\"Schmuckdesign\",\"potentialAction\":[{\"@type\":\"SearchAction\",\"target\":{\"@type\":\"EntryPoint\",\"urlTemplate\":\"https:\/\/beatrice-mueller.de\/fr\/?s={search_term_string}\"},\"query-input\":{\"@type\":\"PropertyValueSpecification\",\"valueRequired\":true,\"valueName\":\"search_term_string\"}}],\"inLanguage\":\"fr-FR\"}]}<\/script>\n<!-- \/ Yoast SEO plugin. -->","yoast_head_json":{"title":"bague tampon MADE WITH LOVE en acier inoxydable - Beatrice M\u00fcller","robots":{"index":"index","follow":"follow","max-snippet":"max-snippet:-1","max-image-preview":"max-image-preview:large","max-video-preview":"max-video-preview:-1"},"canonical":"https:\/\/beatrice-mueller.de\/fr\/produit\/bague-tampon-made-with-love-en-acier-inoxydable\/","og_locale":"fr_FR","og_type":"article","og_title":"bague tampon MADE WITH LOVE en acier inoxydable - Beatrice M\u00fcller","og_description":"&nbsp; Le g\u00e2teau fait maison, la carte d&#8217;anniversaire joliment d\u00e9cor\u00e9e ou une chanson sp\u00e9cialement compos\u00e9e &#8211; toutes ces choses sont faites avec amour. Nos bijoux sont cr\u00e9\u00e9s avec la m\u00eame passion, et vous pouvez les porter \u00e0 l&#8217;ext\u00e9rieur ! Int\u00e9grez de petits actes de gentillesse envers les autres dans votre vie quotidienne et r\u00e9pandez la [&hellip;]","og_url":"https:\/\/beatrice-mueller.de\/fr\/produit\/bague-tampon-made-with-love-en-acier-inoxydable\/","og_site_name":"Beatrice M\u00fcller","og_image":[{"width":800,"height":800,"url":"https:\/\/beatrice-mueller.de\/wp-content\/uploads\/2022\/02\/X-Design_Ring_made_with_love_1.jpg","type":"image\/jpeg"}],"twitter_card":"summary_large_image","twitter_misc":{"Dur\u00e9e de lecture estim\u00e9e":"1 minute"},"schema":{"@context":"https:\/\/schema.org","@graph":[{"@type":"WebPage","@id":"https:\/\/beatrice-mueller.de\/fr\/produit\/bague-tampon-made-with-love-en-acier-inoxydable\/","url":"https:\/\/beatrice-mueller.de\/fr\/produit\/bague-tampon-made-with-love-en-acier-inoxydable\/","name":"bague tampon MADE WITH LOVE en acier inoxydable - Beatrice M\u00fcller","isPartOf":{"@id":"https:\/\/beatrice-mueller.de\/fr\/#website"},"primaryImageOfPage":{"@id":"https:\/\/beatrice-mueller.de\/fr\/produit\/bague-tampon-made-with-love-en-acier-inoxydable\/#primaryimage"},"image":{"@id":"https:\/\/beatrice-mueller.de\/fr\/produit\/bague-tampon-made-with-love-en-acier-inoxydable\/#primaryimage"},"thumbnailUrl":"https:\/\/beatrice-mueller.de\/wp-content\/uploads\/2022\/02\/X-Design_Ring_made_with_love_1.jpg","datePublished":"2025-02-23T11:25:03+00:00","breadcrumb":{"@id":"https:\/\/beatrice-mueller.de\/fr\/produit\/bague-tampon-made-with-love-en-acier-inoxydable\/#breadcrumb"},"inLanguage":"fr-FR","potentialAction":[{"@type":"ReadAction","target":["https:\/\/beatrice-mueller.de\/fr\/produit\/bague-tampon-made-with-love-en-acier-inoxydable\/"]}]},{"@type":"ImageObject","inLanguage":"fr-FR","@id":"https:\/\/beatrice-mueller.de\/fr\/produit\/bague-tampon-made-with-love-en-acier-inoxydable\/#primaryimage","url":"https:\/\/beatrice-mueller.de\/wp-content\/uploads\/2022\/02\/X-Design_Ring_made_with_love_1.jpg","contentUrl":"https:\/\/beatrice-mueller.de\/wp-content\/uploads\/2022\/02\/X-Design_Ring_made_with_love_1.jpg","width":800,"height":800},{"@type":"BreadcrumbList","@id":"https:\/\/beatrice-mueller.de\/fr\/produit\/bague-tampon-made-with-love-en-acier-inoxydable\/#breadcrumb","itemListElement":[{"@type":"ListItem","position":1,"name":"Startseite","item":"https:\/\/beatrice-mueller.de\/fr\/"},{"@type":"ListItem","position":2,"name":"Boutique","item":"https:\/\/beatrice-mueller.de\/fr\/boutique-2\/"},{"@type":"ListItem","position":3,"name":"bague tampon MADE WITH LOVE en acier inoxydable"}]},{"@type":"WebSite","@id":"https:\/\/beatrice-mueller.de\/fr\/#website","url":"https:\/\/beatrice-mueller.de\/fr\/","name":"Beatrice M\u00fcller","description":"Schmuckdesign","potentialAction":[{"@type":"SearchAction","target":{"@type":"EntryPoint","urlTemplate":"https:\/\/beatrice-mueller.de\/fr\/?s={search_term_string}"},"query-input":{"@type":"PropertyValueSpecification","valueRequired":true,"valueName":"search_term_string"}}],"inLanguage":"fr-FR"}]}},"_links":{"self":[{"href":"https:\/\/beatrice-mueller.de\/fr\/wp-json\/wp\/v2\/product\/24058","targetHints":{"allow":["GET"]}}],"collection":[{"href":"https:\/\/beatrice-mueller.de\/fr\/wp-json\/wp\/v2\/product"}],"about":[{"href":"https:\/\/beatrice-mueller.de\/fr\/wp-json\/wp\/v2\/types\/product"}],"replies":[{"embeddable":true,"href":"https:\/\/beatrice-mueller.de\/fr\/wp-json\/wp\/v2\/comments?post=24058"}],"wp:featuredmedia":[{"embeddable":true,"href":"https:\/\/beatrice-mueller.de\/fr\/wp-json\/wp\/v2\/media\/24060"}],"wp:attachment":[{"href":"https:\/\/beatrice-mueller.de\/fr\/wp-json\/wp\/v2\/media?parent=24058"}],"wp:term":[{"taxonomy":"product_brand","embeddable":true,"href":"https:\/\/beatrice-mueller.de\/fr\/wp-json\/wp\/v2\/product_brand?post=24058"},{"taxonomy":"product_cat","embeddable":true,"href":"https:\/\/beatrice-mueller.de\/fr\/wp-json\/wp\/v2\/product_cat?post=24058"},{"taxonomy":"product_tag","embeddable":true,"href":"https:\/\/beatrice-mueller.de\/fr\/wp-json\/wp\/v2\/product_tag?post=24058"}],"curies":[{"name":"wp","href":"https:\/\/api.w.org\/{rel}","templated":true}]}}