{"id":24066,"date":"2025-02-23T12:25:04","date_gmt":"2025-02-23T11:25:04","guid":{"rendered":"https:\/\/beatrice-mueller.de\/produkt\/masque-cunz-x-heart-mat\/"},"modified":"2025-02-23T12:25:04","modified_gmt":"2025-02-23T11:25:04","slug":"masque-cunz-x-heart-mat","status":"publish","type":"product","link":"https:\/\/beatrice-mueller.de\/fr\/produit\/masque-cunz-x-heart-mat\/","title":{"rendered":"Masque CuNz-x HEART mat"},"content":{"rendered":"<div class=\"content--title\">\n<div>\n<div><strong>Masque facial CuNz-x<\/strong><\/div>\n<div>\n<p class=\"p1\">La protection de la bouche et du nez CuNz-x est fabriqu\u00e9e dans un mat\u00e9riau doux et respirant et est lavable et r\u00e9utilisable. Le design est facile \u00e0 mettre gr\u00e2ce aux boucles d&#8217;oreilles \u00e9lastiques et est fait d&#8217;un mat\u00e9riau confortable et flexible qui couvre la bouche et le nez. Le masque est \u00e9quip\u00e9 d&#8217;une \u00e9tiquette en laiton \u00e0 l&#8217;int\u00e9rieur et \u00e0 l&#8217;ext\u00e9rieur. Chaque masque a un message sp\u00e9cial.   <\/p>\n<\/div>\n<div><span style=\"color: #b63116;\"><strong>Faites passer votre message !<\/strong><\/span><\/div>\n<p>&nbsp;<\/p>\n<div><strong>avis de s\u00e9curit\u00e9<\/strong><\/div>\n<div>\n<div>Nos masques rendent les propri\u00e9t\u00e9s ing\u00e9nieuses du laiton portables. L&#8217;\u00e9tiquette n&#8217;est pas seulement visible \u00e0 l&#8217;ext\u00e9rieur &#8211; l&#8217;\u00e9tiquette est \u00e9galement appos\u00e9e \u00e0 l&#8217;int\u00e9rieur afin qu&#8217;un contact direct avec la peau puisse avoir lieu. La protection de la bouche et du nez contribue \u00e0 une attitude consciente envers soi-m\u00eame et envers les autres au quotidien. Notre protection buccale et nasale n&#8217;est pas un dispositif m\u00e9dical certifi\u00e9 ni un \u00e9quipement de protection, mais elle peut aider \u00e0 r\u00e9duire la propagation de virus et d&#8217;agents pathog\u00e8nes par infection par gouttelettes. Mais porter quelque chose directement sur le visage et sentir que cela repousse les virus et les bact\u00e9ries est en quelque sorte rassurant, n&#8217;est-ce pas ?    <\/div>\n<div><\/div>\n<p>&nbsp;<\/p>\n<div><strong>Faits amusants sur le laiton<\/strong><\/div>\n<div>M\u00eame dans les temps anciens, les gens ont d\u00e9couvert que le laiton est un mat\u00e9riau tr\u00e8s sp\u00e9cial. Il est bact\u00e9ricide, ce qui signifie que les germes pr\u00e9sents \u00e0 la surface sont activement r\u00e9duits et ne peuvent pas se multiplier.  Le mot antibact\u00e9rien n&#8217;\u00e9tait certainement pas connu \u00e0 l&#8217;\u00e9poque, mais nos anc\u00eatres l&#8217;utilisaient intuitivement et utilisaient par exemple le sulfate de cuivre pour la d\u00e9sinfection.<\/div>\n<\/div>\n<\/div>\n<div><\/div>\n<div><strong>instructions d&#8217;entretien<\/strong><\/div>\n<div>confortable &#8211; lavable &#8211; r\u00e9utilisable<\/div>\n<div>En vieillissant, nous avons des rides. \u00c0 mesure que le laiton vieillit, il s&#8217;assombrit. Cela d\u00e9pend de la composition de la sueur, de l&#8217;humidit\u00e9 et du comportement de port. Les masques peuvent \u00eatre facilement lav\u00e9s \u00e0 40 degr\u00e9s.   <\/div>\n<\/div>\n<p>&nbsp;<\/p>\n<p>Pour chaque masque vendu, nous reversons 2 \u20ac au W\u00c4RMESTUBE de Nuremberg<\/p>\n<p><a href=\"https:\/\/www.stadtmission-nuernberg.de\/ich-brauche-hilfe\/beratung-und-begleitung\/armut-und-arbeitslosigkeit\/oekumenische-waermestube\/\">www.stadtmission-nuernberg.de<\/a><\/p>\n<div class=\"product--description\">\n<table border=\"0\">\n<tbody>\n<tr>\n<td><span data-mce-mark=\"1\"><strong>mat\u00e9riel<\/strong><\/span><\/td>\n<td>Laiton<\/td>\n<\/tr>\n<tr>\n<td><span data-mce-mark=\"1\"><strong>surface<\/strong><\/span><\/td>\n<td><span data-mce-mark=\"1\">mat<\/span><\/td>\n<\/tr>\n<tr>\n<td><span data-mce-mark=\"1\"><strong>tuiles de couleur<\/strong><\/span><\/td>\n<td><span data-mce-mark=\"1\">Couleur du mat\u00e9riau<\/span><\/td>\n<\/tr>\n<tr>\n<td><span data-mce-mark=\"1\"><strong>plaque \u00f8<\/strong><\/span><\/td>\n<td><span data-mce-mark=\"1\">14 mm<\/span><\/td>\n<\/tr>\n<tr>\n<td><span data-mce-mark=\"1\"><strong>\u00e9paisseur du mat\u00e9riau<\/strong><\/span><\/td>\n<td><span data-mce-mark=\"1\">0,8 mm<\/span><\/td>\n<\/tr>\n<\/tbody>\n<\/table>\n<\/div>\n","protected":false},"excerpt":{"rendered":"<p>Masque facial CuNz-x La protection de la bouche et du nez CuNz-x est fabriqu\u00e9e dans un mat\u00e9riau doux et respirant et est lavable et r\u00e9utilisable. Le design est facile \u00e0 mettre gr\u00e2ce aux boucles d&#8217;oreilles \u00e9lastiques et est fait d&#8217;un mat\u00e9riau confortable et flexible qui couvre la bouche et le nez. Le masque est \u00e9quip\u00e9 [&hellip;]<\/p>\n","protected":false},"featured_media":24068,"comment_status":"closed","ping_status":"closed","template":"","meta":{"_glsr_average":0,"_glsr_ranking":0,"_glsr_reviews":0},"product_brand":[],"product_cat":[612],"product_tag":[607,614],"class_list":{"0":"post-24066","1":"product","2":"type-product","3":"status-publish","4":"has-post-thumbnail","6":"product_cat-masques","7":"product_tag-cunz-x-fr","8":"product_tag-il-etait-une-fois","9":"pa_marke-cunz-x-fr-2","10":"pa_maske-schwarz-fr-2","12":"first","13":"instock","14":"taxable","15":"shipping-taxable","16":"purchasable","17":"product-type-simple"},"exclude_global_add_ons":[],"addons":[],"yoast_head":"<!-- This site is optimized with the Yoast SEO plugin v25.6 - https:\/\/yoast.com\/wordpress\/plugins\/seo\/ -->\n<title>Masque CuNz-x HEART mat - Beatrice M\u00fcller<\/title>\n<meta name=\"robots\" content=\"index, follow, max-snippet:-1, max-image-preview:large, max-video-preview:-1\" \/>\n<link rel=\"canonical\" href=\"https:\/\/beatrice-mueller.de\/fr\/produit\/masque-cunz-x-heart-mat\/\" \/>\n<meta property=\"og:locale\" content=\"fr_FR\" \/>\n<meta property=\"og:type\" content=\"article\" \/>\n<meta property=\"og:title\" content=\"Masque CuNz-x HEART mat - Beatrice M\u00fcller\" \/>\n<meta property=\"og:description\" content=\"Masque facial CuNz-x La protection de la bouche et du nez CuNz-x est fabriqu\u00e9e dans un mat\u00e9riau doux et respirant et est lavable et r\u00e9utilisable. Le design est facile \u00e0 mettre gr\u00e2ce aux boucles d&#8217;oreilles \u00e9lastiques et est fait d&#8217;un mat\u00e9riau confortable et flexible qui couvre la bouche et le nez. Le masque est \u00e9quip\u00e9 [&hellip;]\" \/>\n<meta property=\"og:url\" content=\"https:\/\/beatrice-mueller.de\/fr\/produit\/masque-cunz-x-heart-mat\/\" \/>\n<meta property=\"og:site_name\" content=\"Beatrice M\u00fcller\" \/>\n<meta property=\"og:image\" content=\"https:\/\/beatrice-mueller.de\/wp-content\/uploads\/2022\/03\/wibi_3_herz.jpg\" \/>\n\t<meta property=\"og:image:width\" content=\"2500\" \/>\n\t<meta property=\"og:image:height\" content=\"1078\" \/>\n\t<meta property=\"og:image:type\" content=\"image\/jpeg\" \/>\n<meta name=\"twitter:card\" content=\"summary_large_image\" \/>\n<meta name=\"twitter:label1\" content=\"Dur\u00e9e de lecture estim\u00e9e\" \/>\n\t<meta name=\"twitter:data1\" content=\"2 minutes\" \/>\n<script type=\"application\/ld+json\" class=\"yoast-schema-graph\">{\"@context\":\"https:\/\/schema.org\",\"@graph\":[{\"@type\":\"WebPage\",\"@id\":\"https:\/\/beatrice-mueller.de\/fr\/produit\/masque-cunz-x-heart-mat\/\",\"url\":\"https:\/\/beatrice-mueller.de\/fr\/produit\/masque-cunz-x-heart-mat\/\",\"name\":\"Masque CuNz-x HEART mat - Beatrice M\u00fcller\",\"isPartOf\":{\"@id\":\"https:\/\/beatrice-mueller.de\/fr\/#website\"},\"primaryImageOfPage\":{\"@id\":\"https:\/\/beatrice-mueller.de\/fr\/produit\/masque-cunz-x-heart-mat\/#primaryimage\"},\"image\":{\"@id\":\"https:\/\/beatrice-mueller.de\/fr\/produit\/masque-cunz-x-heart-mat\/#primaryimage\"},\"thumbnailUrl\":\"https:\/\/beatrice-mueller.de\/wp-content\/uploads\/2022\/03\/wibi_3_herz.jpg\",\"datePublished\":\"2025-02-23T11:25:04+00:00\",\"breadcrumb\":{\"@id\":\"https:\/\/beatrice-mueller.de\/fr\/produit\/masque-cunz-x-heart-mat\/#breadcrumb\"},\"inLanguage\":\"fr-FR\",\"potentialAction\":[{\"@type\":\"ReadAction\",\"target\":[\"https:\/\/beatrice-mueller.de\/fr\/produit\/masque-cunz-x-heart-mat\/\"]}]},{\"@type\":\"ImageObject\",\"inLanguage\":\"fr-FR\",\"@id\":\"https:\/\/beatrice-mueller.de\/fr\/produit\/masque-cunz-x-heart-mat\/#primaryimage\",\"url\":\"https:\/\/beatrice-mueller.de\/wp-content\/uploads\/2022\/03\/wibi_3_herz.jpg\",\"contentUrl\":\"https:\/\/beatrice-mueller.de\/wp-content\/uploads\/2022\/03\/wibi_3_herz.jpg\",\"width\":2500,\"height\":1078},{\"@type\":\"BreadcrumbList\",\"@id\":\"https:\/\/beatrice-mueller.de\/fr\/produit\/masque-cunz-x-heart-mat\/#breadcrumb\",\"itemListElement\":[{\"@type\":\"ListItem\",\"position\":1,\"name\":\"Startseite\",\"item\":\"https:\/\/beatrice-mueller.de\/fr\/\"},{\"@type\":\"ListItem\",\"position\":2,\"name\":\"Boutique\",\"item\":\"https:\/\/beatrice-mueller.de\/fr\/boutique-2\/\"},{\"@type\":\"ListItem\",\"position\":3,\"name\":\"Masque CuNz-x HEART mat\"}]},{\"@type\":\"WebSite\",\"@id\":\"https:\/\/beatrice-mueller.de\/fr\/#website\",\"url\":\"https:\/\/beatrice-mueller.de\/fr\/\",\"name\":\"Beatrice M\u00fcller\",\"description\":\"Schmuckdesign\",\"potentialAction\":[{\"@type\":\"SearchAction\",\"target\":{\"@type\":\"EntryPoint\",\"urlTemplate\":\"https:\/\/beatrice-mueller.de\/fr\/?s={search_term_string}\"},\"query-input\":{\"@type\":\"PropertyValueSpecification\",\"valueRequired\":true,\"valueName\":\"search_term_string\"}}],\"inLanguage\":\"fr-FR\"}]}<\/script>\n<!-- \/ Yoast SEO plugin. -->","yoast_head_json":{"title":"Masque CuNz-x HEART mat - Beatrice M\u00fcller","robots":{"index":"index","follow":"follow","max-snippet":"max-snippet:-1","max-image-preview":"max-image-preview:large","max-video-preview":"max-video-preview:-1"},"canonical":"https:\/\/beatrice-mueller.de\/fr\/produit\/masque-cunz-x-heart-mat\/","og_locale":"fr_FR","og_type":"article","og_title":"Masque CuNz-x HEART mat - Beatrice M\u00fcller","og_description":"Masque facial CuNz-x La protection de la bouche et du nez CuNz-x est fabriqu\u00e9e dans un mat\u00e9riau doux et respirant et est lavable et r\u00e9utilisable. Le design est facile \u00e0 mettre gr\u00e2ce aux boucles d&#8217;oreilles \u00e9lastiques et est fait d&#8217;un mat\u00e9riau confortable et flexible qui couvre la bouche et le nez. Le masque est \u00e9quip\u00e9 [&hellip;]","og_url":"https:\/\/beatrice-mueller.de\/fr\/produit\/masque-cunz-x-heart-mat\/","og_site_name":"Beatrice M\u00fcller","og_image":[{"width":2500,"height":1078,"url":"https:\/\/beatrice-mueller.de\/wp-content\/uploads\/2022\/03\/wibi_3_herz.jpg","type":"image\/jpeg"}],"twitter_card":"summary_large_image","twitter_misc":{"Dur\u00e9e de lecture estim\u00e9e":"2 minutes"},"schema":{"@context":"https:\/\/schema.org","@graph":[{"@type":"WebPage","@id":"https:\/\/beatrice-mueller.de\/fr\/produit\/masque-cunz-x-heart-mat\/","url":"https:\/\/beatrice-mueller.de\/fr\/produit\/masque-cunz-x-heart-mat\/","name":"Masque CuNz-x HEART mat - Beatrice M\u00fcller","isPartOf":{"@id":"https:\/\/beatrice-mueller.de\/fr\/#website"},"primaryImageOfPage":{"@id":"https:\/\/beatrice-mueller.de\/fr\/produit\/masque-cunz-x-heart-mat\/#primaryimage"},"image":{"@id":"https:\/\/beatrice-mueller.de\/fr\/produit\/masque-cunz-x-heart-mat\/#primaryimage"},"thumbnailUrl":"https:\/\/beatrice-mueller.de\/wp-content\/uploads\/2022\/03\/wibi_3_herz.jpg","datePublished":"2025-02-23T11:25:04+00:00","breadcrumb":{"@id":"https:\/\/beatrice-mueller.de\/fr\/produit\/masque-cunz-x-heart-mat\/#breadcrumb"},"inLanguage":"fr-FR","potentialAction":[{"@type":"ReadAction","target":["https:\/\/beatrice-mueller.de\/fr\/produit\/masque-cunz-x-heart-mat\/"]}]},{"@type":"ImageObject","inLanguage":"fr-FR","@id":"https:\/\/beatrice-mueller.de\/fr\/produit\/masque-cunz-x-heart-mat\/#primaryimage","url":"https:\/\/beatrice-mueller.de\/wp-content\/uploads\/2022\/03\/wibi_3_herz.jpg","contentUrl":"https:\/\/beatrice-mueller.de\/wp-content\/uploads\/2022\/03\/wibi_3_herz.jpg","width":2500,"height":1078},{"@type":"BreadcrumbList","@id":"https:\/\/beatrice-mueller.de\/fr\/produit\/masque-cunz-x-heart-mat\/#breadcrumb","itemListElement":[{"@type":"ListItem","position":1,"name":"Startseite","item":"https:\/\/beatrice-mueller.de\/fr\/"},{"@type":"ListItem","position":2,"name":"Boutique","item":"https:\/\/beatrice-mueller.de\/fr\/boutique-2\/"},{"@type":"ListItem","position":3,"name":"Masque CuNz-x HEART mat"}]},{"@type":"WebSite","@id":"https:\/\/beatrice-mueller.de\/fr\/#website","url":"https:\/\/beatrice-mueller.de\/fr\/","name":"Beatrice M\u00fcller","description":"Schmuckdesign","potentialAction":[{"@type":"SearchAction","target":{"@type":"EntryPoint","urlTemplate":"https:\/\/beatrice-mueller.de\/fr\/?s={search_term_string}"},"query-input":{"@type":"PropertyValueSpecification","valueRequired":true,"valueName":"search_term_string"}}],"inLanguage":"fr-FR"}]}},"_links":{"self":[{"href":"https:\/\/beatrice-mueller.de\/fr\/wp-json\/wp\/v2\/product\/24066","targetHints":{"allow":["GET"]}}],"collection":[{"href":"https:\/\/beatrice-mueller.de\/fr\/wp-json\/wp\/v2\/product"}],"about":[{"href":"https:\/\/beatrice-mueller.de\/fr\/wp-json\/wp\/v2\/types\/product"}],"replies":[{"embeddable":true,"href":"https:\/\/beatrice-mueller.de\/fr\/wp-json\/wp\/v2\/comments?post=24066"}],"wp:featuredmedia":[{"embeddable":true,"href":"https:\/\/beatrice-mueller.de\/fr\/wp-json\/wp\/v2\/media\/24068"}],"wp:attachment":[{"href":"https:\/\/beatrice-mueller.de\/fr\/wp-json\/wp\/v2\/media?parent=24066"}],"wp:term":[{"taxonomy":"product_brand","embeddable":true,"href":"https:\/\/beatrice-mueller.de\/fr\/wp-json\/wp\/v2\/product_brand?post=24066"},{"taxonomy":"product_cat","embeddable":true,"href":"https:\/\/beatrice-mueller.de\/fr\/wp-json\/wp\/v2\/product_cat?post=24066"},{"taxonomy":"product_tag","embeddable":true,"href":"https:\/\/beatrice-mueller.de\/fr\/wp-json\/wp\/v2\/product_tag?post=24066"}],"curies":[{"name":"wp","href":"https:\/\/api.w.org\/{rel}","templated":true}]}}