{"id":24720,"date":"2025-02-23T12:29:01","date_gmt":"2025-02-23T11:29:01","guid":{"rendered":"https:\/\/beatrice-mueller.de\/produkt\/bague-bulles-de-savon-argent-925-plaque-palladium-blanc\/"},"modified":"2025-02-23T12:29:01","modified_gmt":"2025-02-23T11:29:01","slug":"bague-bulles-de-savon-argent-925-plaque-palladium-blanc","status":"publish","type":"product","link":"https:\/\/beatrice-mueller.de\/fr\/produit\/bague-bulles-de-savon-argent-925-plaque-palladium-blanc\/","title":{"rendered":"Bague Bulles de Savon Argent 925 plaqu\u00e9 palladium blanc"},"content":{"rendered":"<h2><strong>Bulles de savon \u2013 une illusion devenue r\u00e9alit\u00e9<\/strong><\/h2>\n<h3>Portez vos r\u00eaves dans des bulles de savon<\/h3>\n<p>Voyez le monde comme une bulle de savon, color\u00e9e, \u00e9blouissante, incroyablement belle. Abandonnez-vous \u00e0 l\u2019illusion et accrochez-vous \u00e0 cette <span class=\"wrongWord\">vision du monde<\/span> dans tout ce que vous faites. L&#8217;anneau \u00e0 bulles de savon vous rappelle \u00e0 tout moment de percevoir votre environnement comme beau. Chaque vraie bulle \u00e9clate \u00e0 un moment donn\u00e9, mais les bulles de l&#8217;anneau enchanteur sont constantes et stables. Chaque bulle contient un r\u00eave. R\u00e9alisez vos r\u00eaves en vous souvenant de chacun d&#8217;eux en portant ce bijou.     <\/p>\n<p>On n\u2019est jamais trop vieux pour r\u00eaver, m\u00eame en dehors de la baignoire. Tout comme toute v\u00e9ritable bulle flottante, les bulles de la bague sont uniques et con\u00e7ues pour capturer vos r\u00eaves. La taille diff\u00e9rente de chaque bulle dans l&#8217;anneau cr\u00e9e une impression de l\u00e9g\u00e8ret\u00e9. Laissez vos r\u00eaves vous accompagner pour toujours avec cette <span class=\"wrongWord\">bague<\/span> au <span class=\"wrongWord\">design de bulle de savon<\/span> .   <\/p>\n<p>Chaque bague est faite \u00e0 la main et donc unique. La bague est en <span class=\"wrongWord\">argent sterling<\/span> 925 massif. Dans notre atelier interne, chaque article est contr\u00f4l\u00e9 en termes de qualit\u00e9 avant que vous ne le teniez entre vos mains apr\u00e8s environ 7 jours ouvrables.  <\/p>\n<h3><span style=\"text-decoration: underline;\">Caract\u00e9ristiques:<\/span><\/h3>\n<p><span style=\"color: #ff0000;\">\u2718<\/span> Avec certificat ! Les poin\u00e7ons d&#8217;authenticit\u00e9 sont situ\u00e9s sur le rail de l&#8217;anneau. <\/p>\n<p><span style=\"color: #ff0000;\">\u2718<\/span> Fabrication artisanale de notre propre maison &#8211; qualit\u00e9 test\u00e9e \u00e0 la main<\/p>\n<div class=\"product--description\">\n<table border=\"0\">\n<tbody>\n<tr>\n<td><span data-mce-mark=\"1\"><strong>Bijoux en mat\u00e9riaux<\/strong><\/span><\/td>\n<td><span data-mce-mark=\"1\">Argent 925 plaqu\u00e9 palladium blanc<br \/>\n<\/span><\/td>\n<\/tr>\n<tr>\n<td><span data-mce-mark=\"1\"><strong>surface<\/strong><\/span><\/td>\n<td><span data-mce-mark=\"1\">brillant<\/span><\/td>\n<\/tr>\n<tr>\n<td><span data-mce-mark=\"1\"><strong>\u00e9paisseur du mat\u00e9riau<\/strong><\/span><\/td>\n<td><span data-mce-mark=\"1\">6,0 mm<\/span><\/td>\n<\/tr>\n<tr>\n<td><strong>Largeur<\/strong><\/td>\n<td><span data-mce-mark=\"1\">10,5 mm<\/span><\/td>\n<\/tr>\n<\/tbody>\n<\/table>\n<h3><strong>D\u00c9TERMINER LA BONNE TAILLE DE BAGUE<\/strong><\/h3>\n<p>La taille de la bague est d\u00e9termin\u00e9e en fonction de la circonf\u00e9rence de la bague int\u00e9rieure. Pour conna\u00eetre la circonf\u00e9rence correcte de la bague, il vous suffit d&#8217;un fil ou d&#8217;un morceau de papier. <\/p>\n<p><span data-mce-mark=\"1\">Enroulez le fil ou le papier autour de la partie du doigt o\u00f9 vous souhaitez porter la bague, puis mesurez la longueur. Les millim\u00e8tres mesur\u00e9s refl\u00e8tent la circonf\u00e9rence de la bague int\u00e9rieure. <\/span><span data-mce-mark=\"1\"> <\/span><\/p>\n<table border=\"0\">\n<tbody>\n<tr>\n<td><span data-mce-mark=\"1\"><strong>circonf\u00e9rence mesur\u00e9e de la bague de jauge (mm)<\/strong><\/span><\/td>\n<td><span data-mce-mark=\"1\"><strong>Diam\u00e8tre de la bague de calibrage (mm)<\/strong><\/span><\/td>\n<\/tr>\n<tr>\n<td><span data-mce-mark=\"1\">52<\/span><\/td>\n<td><span data-mce-mark=\"1\">16,5<\/span><\/td>\n<\/tr>\n<tr>\n<td><span data-mce-mark=\"1\">53<\/span><\/td>\n<td><span data-mce-mark=\"1\">17<\/span><\/td>\n<\/tr>\n<tr>\n<td><span data-mce-mark=\"1\">54<\/span><\/td>\n<td><span data-mce-mark=\"1\">17.25<\/span><\/td>\n<\/tr>\n<tr>\n<td><span data-mce-mark=\"1\">55<\/span><\/td>\n<td><span data-mce-mark=\"1\">17,5<\/span><\/td>\n<\/tr>\n<tr>\n<td><span data-mce-mark=\"1\">56<\/span><\/td>\n<td><span data-mce-mark=\"1\">18<\/span><\/td>\n<\/tr>\n<tr>\n<td><span data-mce-mark=\"1\">57<\/span><\/td>\n<td><span data-mce-mark=\"1\">18.25<\/span><\/td>\n<\/tr>\n<tr>\n<td><span data-mce-mark=\"1\">58<\/span><\/td>\n<td><span data-mce-mark=\"1\">18,5<\/span><\/td>\n<\/tr>\n<tr>\n<td><span data-mce-mark=\"1\">59<\/span><\/td>\n<td><span data-mce-mark=\"1\">19<\/span><\/td>\n<\/tr>\n<tr>\n<td><span data-mce-mark=\"1\">60<\/span><\/td>\n<td><span data-mce-mark=\"1\">19.25<\/span><\/td>\n<\/tr>\n<tr>\n<td><span data-mce-mark=\"1\">61<\/span><\/td>\n<td><span data-mce-mark=\"1\">19,5<\/span><\/td>\n<\/tr>\n<tr>\n<td><span data-mce-mark=\"1\">62<\/span><\/td>\n<td><span data-mce-mark=\"1\">19,75<\/span><\/td>\n<\/tr>\n<tr>\n<td><span data-mce-mark=\"1\">63<\/span><\/td>\n<td><span data-mce-mark=\"1\">20<\/span><\/td>\n<\/tr>\n<tr>\n<td><span data-mce-mark=\"1\">64<\/span><\/td>\n<td><span data-mce-mark=\"1\">20.25<\/span><\/td>\n<\/tr>\n<tr>\n<td><span data-mce-mark=\"1\">65<\/span><\/td>\n<td><span data-mce-mark=\"1\">20,5<br \/>\n<\/span><\/td>\n<\/tr>\n<\/tbody>\n<\/table>\n<\/div>\n","protected":false},"excerpt":{"rendered":"<p>Bulles de savon \u2013 une illusion devenue r\u00e9alit\u00e9 Portez vos r\u00eaves dans des bulles de savon Voyez le monde comme une bulle de savon, color\u00e9e, \u00e9blouissante, incroyablement belle. Abandonnez-vous \u00e0 l\u2019illusion et accrochez-vous \u00e0 cette vision du monde dans tout ce que vous faites. L&#8217;anneau \u00e0 bulles de savon vous rappelle \u00e0 tout moment de [&hellip;]<\/p>\n","protected":false},"featured_media":24723,"comment_status":"closed","ping_status":"closed","template":"","meta":{"_glsr_average":0,"_glsr_ranking":0,"_glsr_reviews":0},"product_brand":[],"product_cat":[586],"product_tag":[587,563],"class_list":{"0":"post-24720","1":"product","2":"type-product","3":"status-publish","4":"has-post-thumbnail","6":"product_cat-anneau","7":"product_tag-anneaux","8":"product_tag-conception-x","9":"pa_groesse-52-16-5-o-fr","10":"pa_groesse-53-17-0-o-fr","11":"pa_groesse-54-17-25-o-fr","12":"pa_groesse-55-17-5-o-fr","13":"pa_groesse-56-18-0-o-fr","14":"pa_groesse-57-18-25-o-fr","15":"pa_groesse-58-18-5-o-fr","16":"pa_groesse-59-19-0-o-fr","17":"pa_groesse-60-19-25-o-fr","18":"pa_groesse-61-19-5-o-fr","19":"pa_groesse-62-19-75-o-fr","20":"pa_groesse-63-20-0-o-fr","21":"pa_groesse-64-20-25-o-fr","22":"pa_groesse-65-20-5-o-fr","24":"first","25":"instock","26":"taxable","27":"shipping-taxable","28":"product-type-variable"},"exclude_global_add_ons":[],"addons":[],"yoast_head":"<!-- This site is optimized with the Yoast SEO plugin v25.6 - https:\/\/yoast.com\/wordpress\/plugins\/seo\/ -->\n<title>Bague Bulles de Savon Argent 925 plaqu\u00e9 palladium blanc - Beatrice M\u00fcller<\/title>\n<meta name=\"robots\" content=\"index, follow, max-snippet:-1, max-image-preview:large, max-video-preview:-1\" \/>\n<link rel=\"canonical\" href=\"https:\/\/beatrice-mueller.de\/fr\/produit\/bague-bulles-de-savon-argent-925-plaque-palladium-blanc\/\" \/>\n<meta property=\"og:locale\" content=\"fr_FR\" \/>\n<meta property=\"og:type\" content=\"article\" \/>\n<meta property=\"og:title\" content=\"Bague Bulles de Savon Argent 925 plaqu\u00e9 palladium blanc - Beatrice M\u00fcller\" \/>\n<meta property=\"og:description\" content=\"Bulles de savon \u2013 une illusion devenue r\u00e9alit\u00e9 Portez vos r\u00eaves dans des bulles de savon Voyez le monde comme une bulle de savon, color\u00e9e, \u00e9blouissante, incroyablement belle. Abandonnez-vous \u00e0 l\u2019illusion et accrochez-vous \u00e0 cette vision du monde dans tout ce que vous faites. L&#8217;anneau \u00e0 bulles de savon vous rappelle \u00e0 tout moment de [&hellip;]\" \/>\n<meta property=\"og:url\" content=\"https:\/\/beatrice-mueller.de\/fr\/produit\/bague-bulles-de-savon-argent-925-plaque-palladium-blanc\/\" \/>\n<meta property=\"og:site_name\" content=\"Beatrice M\u00fcller\" \/>\n<meta property=\"og:image\" content=\"https:\/\/beatrice-mueller.de\/wp-content\/uploads\/2022\/02\/X-Design_Ring_Seifenblase.jpg\" \/>\n\t<meta property=\"og:image:width\" content=\"1000\" \/>\n\t<meta property=\"og:image:height\" content=\"1000\" \/>\n\t<meta property=\"og:image:type\" content=\"image\/jpeg\" \/>\n<meta name=\"twitter:card\" content=\"summary_large_image\" \/>\n<meta name=\"twitter:label1\" content=\"Dur\u00e9e de lecture estim\u00e9e\" \/>\n\t<meta name=\"twitter:data1\" content=\"2 minutes\" \/>\n<script type=\"application\/ld+json\" class=\"yoast-schema-graph\">{\"@context\":\"https:\/\/schema.org\",\"@graph\":[{\"@type\":\"WebPage\",\"@id\":\"https:\/\/beatrice-mueller.de\/fr\/produit\/bague-bulles-de-savon-argent-925-plaque-palladium-blanc\/\",\"url\":\"https:\/\/beatrice-mueller.de\/fr\/produit\/bague-bulles-de-savon-argent-925-plaque-palladium-blanc\/\",\"name\":\"Bague Bulles de Savon Argent 925 plaqu\u00e9 palladium blanc - Beatrice M\u00fcller\",\"isPartOf\":{\"@id\":\"https:\/\/beatrice-mueller.de\/fr\/#website\"},\"primaryImageOfPage\":{\"@id\":\"https:\/\/beatrice-mueller.de\/fr\/produit\/bague-bulles-de-savon-argent-925-plaque-palladium-blanc\/#primaryimage\"},\"image\":{\"@id\":\"https:\/\/beatrice-mueller.de\/fr\/produit\/bague-bulles-de-savon-argent-925-plaque-palladium-blanc\/#primaryimage\"},\"thumbnailUrl\":\"https:\/\/beatrice-mueller.de\/wp-content\/uploads\/2022\/02\/X-Design_Ring_Seifenblase.jpg\",\"datePublished\":\"2025-02-23T11:29:01+00:00\",\"breadcrumb\":{\"@id\":\"https:\/\/beatrice-mueller.de\/fr\/produit\/bague-bulles-de-savon-argent-925-plaque-palladium-blanc\/#breadcrumb\"},\"inLanguage\":\"fr-FR\",\"potentialAction\":[{\"@type\":\"ReadAction\",\"target\":[\"https:\/\/beatrice-mueller.de\/fr\/produit\/bague-bulles-de-savon-argent-925-plaque-palladium-blanc\/\"]}]},{\"@type\":\"ImageObject\",\"inLanguage\":\"fr-FR\",\"@id\":\"https:\/\/beatrice-mueller.de\/fr\/produit\/bague-bulles-de-savon-argent-925-plaque-palladium-blanc\/#primaryimage\",\"url\":\"https:\/\/beatrice-mueller.de\/wp-content\/uploads\/2022\/02\/X-Design_Ring_Seifenblase.jpg\",\"contentUrl\":\"https:\/\/beatrice-mueller.de\/wp-content\/uploads\/2022\/02\/X-Design_Ring_Seifenblase.jpg\",\"width\":1000,\"height\":1000},{\"@type\":\"BreadcrumbList\",\"@id\":\"https:\/\/beatrice-mueller.de\/fr\/produit\/bague-bulles-de-savon-argent-925-plaque-palladium-blanc\/#breadcrumb\",\"itemListElement\":[{\"@type\":\"ListItem\",\"position\":1,\"name\":\"Startseite\",\"item\":\"https:\/\/beatrice-mueller.de\/fr\/\"},{\"@type\":\"ListItem\",\"position\":2,\"name\":\"Boutique\",\"item\":\"https:\/\/beatrice-mueller.de\/fr\/boutique-2\/\"},{\"@type\":\"ListItem\",\"position\":3,\"name\":\"Bague Bulles de Savon Argent 925 plaqu\u00e9 palladium blanc\"}]},{\"@type\":\"WebSite\",\"@id\":\"https:\/\/beatrice-mueller.de\/fr\/#website\",\"url\":\"https:\/\/beatrice-mueller.de\/fr\/\",\"name\":\"Beatrice M\u00fcller\",\"description\":\"Schmuckdesign\",\"potentialAction\":[{\"@type\":\"SearchAction\",\"target\":{\"@type\":\"EntryPoint\",\"urlTemplate\":\"https:\/\/beatrice-mueller.de\/fr\/?s={search_term_string}\"},\"query-input\":{\"@type\":\"PropertyValueSpecification\",\"valueRequired\":true,\"valueName\":\"search_term_string\"}}],\"inLanguage\":\"fr-FR\"}]}<\/script>\n<!-- \/ Yoast SEO plugin. -->","yoast_head_json":{"title":"Bague Bulles de Savon Argent 925 plaqu\u00e9 palladium blanc - Beatrice M\u00fcller","robots":{"index":"index","follow":"follow","max-snippet":"max-snippet:-1","max-image-preview":"max-image-preview:large","max-video-preview":"max-video-preview:-1"},"canonical":"https:\/\/beatrice-mueller.de\/fr\/produit\/bague-bulles-de-savon-argent-925-plaque-palladium-blanc\/","og_locale":"fr_FR","og_type":"article","og_title":"Bague Bulles de Savon Argent 925 plaqu\u00e9 palladium blanc - Beatrice M\u00fcller","og_description":"Bulles de savon \u2013 une illusion devenue r\u00e9alit\u00e9 Portez vos r\u00eaves dans des bulles de savon Voyez le monde comme une bulle de savon, color\u00e9e, \u00e9blouissante, incroyablement belle. Abandonnez-vous \u00e0 l\u2019illusion et accrochez-vous \u00e0 cette vision du monde dans tout ce que vous faites. L&#8217;anneau \u00e0 bulles de savon vous rappelle \u00e0 tout moment de [&hellip;]","og_url":"https:\/\/beatrice-mueller.de\/fr\/produit\/bague-bulles-de-savon-argent-925-plaque-palladium-blanc\/","og_site_name":"Beatrice M\u00fcller","og_image":[{"width":1000,"height":1000,"url":"https:\/\/beatrice-mueller.de\/wp-content\/uploads\/2022\/02\/X-Design_Ring_Seifenblase.jpg","type":"image\/jpeg"}],"twitter_card":"summary_large_image","twitter_misc":{"Dur\u00e9e de lecture estim\u00e9e":"2 minutes"},"schema":{"@context":"https:\/\/schema.org","@graph":[{"@type":"WebPage","@id":"https:\/\/beatrice-mueller.de\/fr\/produit\/bague-bulles-de-savon-argent-925-plaque-palladium-blanc\/","url":"https:\/\/beatrice-mueller.de\/fr\/produit\/bague-bulles-de-savon-argent-925-plaque-palladium-blanc\/","name":"Bague Bulles de Savon Argent 925 plaqu\u00e9 palladium blanc - Beatrice M\u00fcller","isPartOf":{"@id":"https:\/\/beatrice-mueller.de\/fr\/#website"},"primaryImageOfPage":{"@id":"https:\/\/beatrice-mueller.de\/fr\/produit\/bague-bulles-de-savon-argent-925-plaque-palladium-blanc\/#primaryimage"},"image":{"@id":"https:\/\/beatrice-mueller.de\/fr\/produit\/bague-bulles-de-savon-argent-925-plaque-palladium-blanc\/#primaryimage"},"thumbnailUrl":"https:\/\/beatrice-mueller.de\/wp-content\/uploads\/2022\/02\/X-Design_Ring_Seifenblase.jpg","datePublished":"2025-02-23T11:29:01+00:00","breadcrumb":{"@id":"https:\/\/beatrice-mueller.de\/fr\/produit\/bague-bulles-de-savon-argent-925-plaque-palladium-blanc\/#breadcrumb"},"inLanguage":"fr-FR","potentialAction":[{"@type":"ReadAction","target":["https:\/\/beatrice-mueller.de\/fr\/produit\/bague-bulles-de-savon-argent-925-plaque-palladium-blanc\/"]}]},{"@type":"ImageObject","inLanguage":"fr-FR","@id":"https:\/\/beatrice-mueller.de\/fr\/produit\/bague-bulles-de-savon-argent-925-plaque-palladium-blanc\/#primaryimage","url":"https:\/\/beatrice-mueller.de\/wp-content\/uploads\/2022\/02\/X-Design_Ring_Seifenblase.jpg","contentUrl":"https:\/\/beatrice-mueller.de\/wp-content\/uploads\/2022\/02\/X-Design_Ring_Seifenblase.jpg","width":1000,"height":1000},{"@type":"BreadcrumbList","@id":"https:\/\/beatrice-mueller.de\/fr\/produit\/bague-bulles-de-savon-argent-925-plaque-palladium-blanc\/#breadcrumb","itemListElement":[{"@type":"ListItem","position":1,"name":"Startseite","item":"https:\/\/beatrice-mueller.de\/fr\/"},{"@type":"ListItem","position":2,"name":"Boutique","item":"https:\/\/beatrice-mueller.de\/fr\/boutique-2\/"},{"@type":"ListItem","position":3,"name":"Bague Bulles de Savon Argent 925 plaqu\u00e9 palladium blanc"}]},{"@type":"WebSite","@id":"https:\/\/beatrice-mueller.de\/fr\/#website","url":"https:\/\/beatrice-mueller.de\/fr\/","name":"Beatrice M\u00fcller","description":"Schmuckdesign","potentialAction":[{"@type":"SearchAction","target":{"@type":"EntryPoint","urlTemplate":"https:\/\/beatrice-mueller.de\/fr\/?s={search_term_string}"},"query-input":{"@type":"PropertyValueSpecification","valueRequired":true,"valueName":"search_term_string"}}],"inLanguage":"fr-FR"}]}},"_links":{"self":[{"href":"https:\/\/beatrice-mueller.de\/fr\/wp-json\/wp\/v2\/product\/24720","targetHints":{"allow":["GET"]}}],"collection":[{"href":"https:\/\/beatrice-mueller.de\/fr\/wp-json\/wp\/v2\/product"}],"about":[{"href":"https:\/\/beatrice-mueller.de\/fr\/wp-json\/wp\/v2\/types\/product"}],"replies":[{"embeddable":true,"href":"https:\/\/beatrice-mueller.de\/fr\/wp-json\/wp\/v2\/comments?post=24720"}],"wp:featuredmedia":[{"embeddable":true,"href":"https:\/\/beatrice-mueller.de\/fr\/wp-json\/wp\/v2\/media\/24723"}],"wp:attachment":[{"href":"https:\/\/beatrice-mueller.de\/fr\/wp-json\/wp\/v2\/media?parent=24720"}],"wp:term":[{"taxonomy":"product_brand","embeddable":true,"href":"https:\/\/beatrice-mueller.de\/fr\/wp-json\/wp\/v2\/product_brand?post=24720"},{"taxonomy":"product_cat","embeddable":true,"href":"https:\/\/beatrice-mueller.de\/fr\/wp-json\/wp\/v2\/product_cat?post=24720"},{"taxonomy":"product_tag","embeddable":true,"href":"https:\/\/beatrice-mueller.de\/fr\/wp-json\/wp\/v2\/product_tag?post=24720"}],"curies":[{"name":"wp","href":"https:\/\/api.w.org\/{rel}","templated":true}]}}