{"id":24736,"date":"2025-02-23T12:29:03","date_gmt":"2025-02-23T11:29:03","guid":{"rendered":"https:\/\/beatrice-mueller.de\/produkt\/bague-spalt-en-argent-925-plaque-palladium-blanc\/"},"modified":"2025-02-23T12:29:03","modified_gmt":"2025-02-23T11:29:03","slug":"bague-spalt-en-argent-925-plaque-palladium-blanc","status":"publish","type":"product","link":"https:\/\/beatrice-mueller.de\/fr\/produit\/bague-spalt-en-argent-925-plaque-palladium-blanc\/","title":{"rendered":"Bague SPALT en argent 925 plaqu\u00e9 palladium blanc"},"content":{"rendered":"<div class=\"product--description\">\n<h2><strong>Spalt repr\u00e9sente le courage de laisser des espaces vides<\/strong><\/h2>\n<h3>Spalt repr\u00e9sente le courage de laisser des espaces vides<\/h3>\n<p>Ouvrez-vous une <span class=\"wrongWord\">fissure<\/span> et laissez de nouvelles impressions entrer dans votre vie. Soyez ouvert aux nouveaut\u00e9s et faites preuve de courage pour laisser des espaces. \u00c9tablissez ceci comme <span class=\"wrongWord\">devise de votre vie<\/span> et laissez la bague vous le rappeler. Il n\u2019est pas toujours facile de nager \u00e0 contre-courant, mais c\u2019est votre vie et vos d\u00e9cisions.   <\/p>\n<p>La forme de la <span class=\"wrongWord\">bague<\/span> avec la d\u00e9coupe asym\u00e9trique repr\u00e9sente pr\u00e9cis\u00e9ment que nous ne devons pas toujours prendre le chemin droit dans la vie.<\/p>\n<p>La bague, en argent massif 925, repr\u00e9sente votre d\u00e9termination in\u00e9branlable et votre courage \u00e0 prendre des risques. Un gaufrage \u00e0 l&#8217;int\u00e9rieur confirme l&#8217;authenticit\u00e9 du mat\u00e9riau.<br \/>\n Choisissez votre entreb\u00e2illement d&#8217;anneau avec une surface <span class=\"wrongWord\">mate diamant\u00e9e<\/span> ou <span class=\"wrongWord\">mate fluide<\/span> . La surface <span class=\"wrongWord\">mate du diamant<\/span> montre une vari\u00e9t\u00e9 de facettes, tout comme votre personnalit\u00e9. La surface <span class=\"wrongWord\">mate<\/span> filigrane a une apparence calme et subtile.   <\/p>\n<p>Cette <span class=\"wrongWord\">bague<\/span> est fabriqu\u00e9e \u00e0 la main dans notre atelier, chaque pi\u00e8ce ne quitte donc notre maison qu&#8217;apr\u00e8s un contr\u00f4le qualit\u00e9 approfondi. La production et la livraison de votre bijou prennent environ 7 jours ouvr\u00e9s. <\/p>\n<h3>Caract\u00e9ristiques:<\/h3>\n<p><span style=\"color: #ff0000;\">\u2718<\/span> Avec certificat ! Les poin\u00e7ons d&#8217;authenticit\u00e9 sont situ\u00e9s sur le rail de l&#8217;anneau. <\/p>\n<p><span style=\"color: #ff0000;\">\u2718<\/span> Fabrication artisanale de notre propre maison &#8211; qualit\u00e9 test\u00e9e \u00e0 la main<\/p>\n<div class=\"product--description\">\n<table border=\"0\">\n<tbody>\n<tr>\n<td><span data-mce-mark=\"1\"><strong>Bijoux en mat\u00e9riaux<\/strong><\/span><\/td>\n<td><span data-mce-mark=\"1\">Argent 925 plaqu\u00e9 palladium blanc<br \/>\n<\/span><\/td>\n<\/tr>\n<tr>\n<td><span data-mce-mark=\"1\"><strong>surface<\/strong><\/span><\/td>\n<td><span data-mce-mark=\"1\">fluide mat \/ diamant mat<\/span><\/td>\n<\/tr>\n<tr>\n<td><span data-mce-mark=\"1\"><strong>\u00e9paisseur du mat\u00e9riau<\/strong><\/span><\/td>\n<td><span data-mce-mark=\"1\">2,0 mm<\/span><\/td>\n<\/tr>\n<tr>\n<td><strong>Largeur<\/strong><\/td>\n<td><span data-mce-mark=\"1\">haut 17 mm \/ bas 9 mm<\/span><\/td>\n<\/tr>\n<\/tbody>\n<\/table>\n<h3><strong>D\u00c9TERMINER LA BONNE TAILLE DE BAGUE<\/strong><\/h3>\n<p>La taille de la bague est d\u00e9termin\u00e9e en fonction de la circonf\u00e9rence de la bague int\u00e9rieure. Pour conna\u00eetre la circonf\u00e9rence correcte de la bague, il vous suffit d&#8217;un fil ou d&#8217;un morceau de papier. <\/p>\n<p><span data-mce-mark=\"1\">Enroulez le fil ou le papier autour de la partie du doigt o\u00f9 vous souhaitez porter la bague, puis mesurez la longueur. Les millim\u00e8tres mesur\u00e9s refl\u00e8tent la circonf\u00e9rence de la bague int\u00e9rieure. <\/span><span data-mce-mark=\"1\"> <\/span><\/p>\n<table border=\"0\">\n<tbody>\n<tr>\n<td><span data-mce-mark=\"1\"><strong>circonf\u00e9rence mesur\u00e9e de la bague de jauge (mm)<\/strong><\/span><\/td>\n<td><span data-mce-mark=\"1\"><strong>Diam\u00e8tre de la bague de calibrage (mm)<\/strong><\/span><\/td>\n<\/tr>\n<tr>\n<td><span data-mce-mark=\"1\">52<\/span><\/td>\n<td><span data-mce-mark=\"1\">16,5<\/span><\/td>\n<\/tr>\n<tr>\n<td><span data-mce-mark=\"1\">53<\/span><\/td>\n<td><span data-mce-mark=\"1\">17<\/span><\/td>\n<\/tr>\n<tr>\n<td><span data-mce-mark=\"1\">54<\/span><\/td>\n<td><span data-mce-mark=\"1\">17.25<\/span><\/td>\n<\/tr>\n<tr>\n<td><span data-mce-mark=\"1\">55<\/span><\/td>\n<td><span data-mce-mark=\"1\">17,5<\/span><\/td>\n<\/tr>\n<tr>\n<td><span data-mce-mark=\"1\">56<\/span><\/td>\n<td><span data-mce-mark=\"1\">18<\/span><\/td>\n<\/tr>\n<tr>\n<td><span data-mce-mark=\"1\">57<\/span><\/td>\n<td><span data-mce-mark=\"1\">18.25<\/span><\/td>\n<\/tr>\n<tr>\n<td><span data-mce-mark=\"1\">58<\/span><\/td>\n<td><span data-mce-mark=\"1\">18,5<\/span><\/td>\n<\/tr>\n<tr>\n<td><span data-mce-mark=\"1\">59<\/span><\/td>\n<td><span data-mce-mark=\"1\">19<\/span><\/td>\n<\/tr>\n<tr>\n<td><span data-mce-mark=\"1\">60<\/span><\/td>\n<td><span data-mce-mark=\"1\">19.25<\/span><\/td>\n<\/tr>\n<tr>\n<td><span data-mce-mark=\"1\">61<\/span><\/td>\n<td><span data-mce-mark=\"1\">19,5<\/span><\/td>\n<\/tr>\n<tr>\n<td><span data-mce-mark=\"1\">62<\/span><\/td>\n<td><span data-mce-mark=\"1\">19,75<\/span><\/td>\n<\/tr>\n<tr>\n<td><span data-mce-mark=\"1\">63<\/span><\/td>\n<td><span data-mce-mark=\"1\">20<\/span><\/td>\n<\/tr>\n<tr>\n<td><span data-mce-mark=\"1\">64<\/span><\/td>\n<td><span data-mce-mark=\"1\">20.25<\/span><\/td>\n<\/tr>\n<tr>\n<td><span data-mce-mark=\"1\">65<\/span><\/td>\n<td><span data-mce-mark=\"1\">20,5<br \/>\n<\/span><\/td>\n<\/tr>\n<\/tbody>\n<\/table>\n<\/div>\n<\/div>\n","protected":false},"excerpt":{"rendered":"<p>Spalt repr\u00e9sente le courage de laisser des espaces vides Spalt repr\u00e9sente le courage de laisser des espaces vides Ouvrez-vous une fissure et laissez de nouvelles impressions entrer dans votre vie. Soyez ouvert aux nouveaut\u00e9s et faites preuve de courage pour laisser des espaces. \u00c9tablissez ceci comme devise de votre vie et laissez la bague vous [&hellip;]<\/p>\n","protected":false},"featured_media":24740,"comment_status":"closed","ping_status":"closed","template":"","meta":{"_glsr_average":0,"_glsr_ranking":0,"_glsr_reviews":0},"product_brand":[],"product_cat":[586],"product_tag":[587,563],"class_list":{"0":"post-24736","1":"product","2":"type-product","3":"status-publish","4":"has-post-thumbnail","6":"product_cat-anneau","7":"product_tag-anneaux","8":"product_tag-conception-x","9":"pa_groesse-52-16-5-o-fr","10":"pa_groesse-53-17-0-o-fr","11":"pa_groesse-54-17-25-o-fr","12":"pa_groesse-55-17-5-o-fr","13":"pa_groesse-56-18-0-o-fr","14":"pa_groesse-57-18-25-o-fr","15":"pa_groesse-58-18-5-o-fr","16":"pa_groesse-59-19-0-o-fr","17":"pa_groesse-60-19-25-o-fr","18":"pa_groesse-61-19-5-o-fr","19":"pa_groesse-62-19-75-o-fr","20":"pa_groesse-63-20-0-o-fr","21":"pa_groesse-64-20-25-o-fr","22":"pa_groesse-65-20-5-o-fr","23":"pa_oberflaeche-diamantmatt-fr","24":"pa_oberflaeche-fliessmatt-fr","26":"first","27":"instock","28":"taxable","29":"shipping-taxable","30":"purchasable","31":"product-type-variable"},"exclude_global_add_ons":[],"addons":[],"yoast_head":"<!-- This site is optimized with the Yoast SEO plugin v25.6 - https:\/\/yoast.com\/wordpress\/plugins\/seo\/ -->\n<title>Bague SPALT en argent 925 plaqu\u00e9 palladium blanc - Beatrice M\u00fcller<\/title>\n<meta name=\"robots\" content=\"index, follow, max-snippet:-1, max-image-preview:large, max-video-preview:-1\" \/>\n<link rel=\"canonical\" href=\"https:\/\/beatrice-mueller.de\/fr\/produit\/bague-spalt-en-argent-925-plaque-palladium-blanc\/\" \/>\n<meta property=\"og:locale\" content=\"fr_FR\" \/>\n<meta property=\"og:type\" content=\"article\" \/>\n<meta property=\"og:title\" content=\"Bague SPALT en argent 925 plaqu\u00e9 palladium blanc - Beatrice M\u00fcller\" \/>\n<meta property=\"og:description\" content=\"Spalt repr\u00e9sente le courage de laisser des espaces vides Spalt repr\u00e9sente le courage de laisser des espaces vides Ouvrez-vous une fissure et laissez de nouvelles impressions entrer dans votre vie. Soyez ouvert aux nouveaut\u00e9s et faites preuve de courage pour laisser des espaces. \u00c9tablissez ceci comme devise de votre vie et laissez la bague vous [&hellip;]\" \/>\n<meta property=\"og:url\" content=\"https:\/\/beatrice-mueller.de\/fr\/produit\/bague-spalt-en-argent-925-plaque-palladium-blanc\/\" \/>\n<meta property=\"og:site_name\" content=\"Beatrice M\u00fcller\" \/>\n<meta property=\"og:image\" content=\"https:\/\/beatrice-mueller.de\/wp-content\/uploads\/2022\/02\/X-Design_Ring_Spalt_fliessmatt.jpg\" \/>\n\t<meta property=\"og:image:width\" content=\"1000\" \/>\n\t<meta property=\"og:image:height\" content=\"1000\" \/>\n\t<meta property=\"og:image:type\" content=\"image\/jpeg\" \/>\n<meta name=\"twitter:card\" content=\"summary_large_image\" \/>\n<meta name=\"twitter:label1\" content=\"Dur\u00e9e de lecture estim\u00e9e\" \/>\n\t<meta name=\"twitter:data1\" content=\"2 minutes\" \/>\n<script type=\"application\/ld+json\" class=\"yoast-schema-graph\">{\"@context\":\"https:\/\/schema.org\",\"@graph\":[{\"@type\":\"WebPage\",\"@id\":\"https:\/\/beatrice-mueller.de\/fr\/produit\/bague-spalt-en-argent-925-plaque-palladium-blanc\/\",\"url\":\"https:\/\/beatrice-mueller.de\/fr\/produit\/bague-spalt-en-argent-925-plaque-palladium-blanc\/\",\"name\":\"Bague SPALT en argent 925 plaqu\u00e9 palladium blanc - Beatrice M\u00fcller\",\"isPartOf\":{\"@id\":\"https:\/\/beatrice-mueller.de\/fr\/#website\"},\"primaryImageOfPage\":{\"@id\":\"https:\/\/beatrice-mueller.de\/fr\/produit\/bague-spalt-en-argent-925-plaque-palladium-blanc\/#primaryimage\"},\"image\":{\"@id\":\"https:\/\/beatrice-mueller.de\/fr\/produit\/bague-spalt-en-argent-925-plaque-palladium-blanc\/#primaryimage\"},\"thumbnailUrl\":\"https:\/\/beatrice-mueller.de\/wp-content\/uploads\/2022\/02\/X-Design_Ring_Spalt_fliessmatt.jpg\",\"datePublished\":\"2025-02-23T11:29:03+00:00\",\"breadcrumb\":{\"@id\":\"https:\/\/beatrice-mueller.de\/fr\/produit\/bague-spalt-en-argent-925-plaque-palladium-blanc\/#breadcrumb\"},\"inLanguage\":\"fr-FR\",\"potentialAction\":[{\"@type\":\"ReadAction\",\"target\":[\"https:\/\/beatrice-mueller.de\/fr\/produit\/bague-spalt-en-argent-925-plaque-palladium-blanc\/\"]}]},{\"@type\":\"ImageObject\",\"inLanguage\":\"fr-FR\",\"@id\":\"https:\/\/beatrice-mueller.de\/fr\/produit\/bague-spalt-en-argent-925-plaque-palladium-blanc\/#primaryimage\",\"url\":\"https:\/\/beatrice-mueller.de\/wp-content\/uploads\/2022\/02\/X-Design_Ring_Spalt_fliessmatt.jpg\",\"contentUrl\":\"https:\/\/beatrice-mueller.de\/wp-content\/uploads\/2022\/02\/X-Design_Ring_Spalt_fliessmatt.jpg\",\"width\":1000,\"height\":1000},{\"@type\":\"BreadcrumbList\",\"@id\":\"https:\/\/beatrice-mueller.de\/fr\/produit\/bague-spalt-en-argent-925-plaque-palladium-blanc\/#breadcrumb\",\"itemListElement\":[{\"@type\":\"ListItem\",\"position\":1,\"name\":\"Startseite\",\"item\":\"https:\/\/beatrice-mueller.de\/fr\/\"},{\"@type\":\"ListItem\",\"position\":2,\"name\":\"Boutique\",\"item\":\"https:\/\/beatrice-mueller.de\/fr\/boutique-2\/\"},{\"@type\":\"ListItem\",\"position\":3,\"name\":\"Bague SPALT en argent 925 plaqu\u00e9 palladium blanc\"}]},{\"@type\":\"WebSite\",\"@id\":\"https:\/\/beatrice-mueller.de\/fr\/#website\",\"url\":\"https:\/\/beatrice-mueller.de\/fr\/\",\"name\":\"Beatrice M\u00fcller\",\"description\":\"Schmuckdesign\",\"potentialAction\":[{\"@type\":\"SearchAction\",\"target\":{\"@type\":\"EntryPoint\",\"urlTemplate\":\"https:\/\/beatrice-mueller.de\/fr\/?s={search_term_string}\"},\"query-input\":{\"@type\":\"PropertyValueSpecification\",\"valueRequired\":true,\"valueName\":\"search_term_string\"}}],\"inLanguage\":\"fr-FR\"}]}<\/script>\n<!-- \/ Yoast SEO plugin. -->","yoast_head_json":{"title":"Bague SPALT en argent 925 plaqu\u00e9 palladium blanc - Beatrice M\u00fcller","robots":{"index":"index","follow":"follow","max-snippet":"max-snippet:-1","max-image-preview":"max-image-preview:large","max-video-preview":"max-video-preview:-1"},"canonical":"https:\/\/beatrice-mueller.de\/fr\/produit\/bague-spalt-en-argent-925-plaque-palladium-blanc\/","og_locale":"fr_FR","og_type":"article","og_title":"Bague SPALT en argent 925 plaqu\u00e9 palladium blanc - Beatrice M\u00fcller","og_description":"Spalt repr\u00e9sente le courage de laisser des espaces vides Spalt repr\u00e9sente le courage de laisser des espaces vides Ouvrez-vous une fissure et laissez de nouvelles impressions entrer dans votre vie. Soyez ouvert aux nouveaut\u00e9s et faites preuve de courage pour laisser des espaces. \u00c9tablissez ceci comme devise de votre vie et laissez la bague vous [&hellip;]","og_url":"https:\/\/beatrice-mueller.de\/fr\/produit\/bague-spalt-en-argent-925-plaque-palladium-blanc\/","og_site_name":"Beatrice M\u00fcller","og_image":[{"width":1000,"height":1000,"url":"https:\/\/beatrice-mueller.de\/wp-content\/uploads\/2022\/02\/X-Design_Ring_Spalt_fliessmatt.jpg","type":"image\/jpeg"}],"twitter_card":"summary_large_image","twitter_misc":{"Dur\u00e9e de lecture estim\u00e9e":"2 minutes"},"schema":{"@context":"https:\/\/schema.org","@graph":[{"@type":"WebPage","@id":"https:\/\/beatrice-mueller.de\/fr\/produit\/bague-spalt-en-argent-925-plaque-palladium-blanc\/","url":"https:\/\/beatrice-mueller.de\/fr\/produit\/bague-spalt-en-argent-925-plaque-palladium-blanc\/","name":"Bague SPALT en argent 925 plaqu\u00e9 palladium blanc - Beatrice M\u00fcller","isPartOf":{"@id":"https:\/\/beatrice-mueller.de\/fr\/#website"},"primaryImageOfPage":{"@id":"https:\/\/beatrice-mueller.de\/fr\/produit\/bague-spalt-en-argent-925-plaque-palladium-blanc\/#primaryimage"},"image":{"@id":"https:\/\/beatrice-mueller.de\/fr\/produit\/bague-spalt-en-argent-925-plaque-palladium-blanc\/#primaryimage"},"thumbnailUrl":"https:\/\/beatrice-mueller.de\/wp-content\/uploads\/2022\/02\/X-Design_Ring_Spalt_fliessmatt.jpg","datePublished":"2025-02-23T11:29:03+00:00","breadcrumb":{"@id":"https:\/\/beatrice-mueller.de\/fr\/produit\/bague-spalt-en-argent-925-plaque-palladium-blanc\/#breadcrumb"},"inLanguage":"fr-FR","potentialAction":[{"@type":"ReadAction","target":["https:\/\/beatrice-mueller.de\/fr\/produit\/bague-spalt-en-argent-925-plaque-palladium-blanc\/"]}]},{"@type":"ImageObject","inLanguage":"fr-FR","@id":"https:\/\/beatrice-mueller.de\/fr\/produit\/bague-spalt-en-argent-925-plaque-palladium-blanc\/#primaryimage","url":"https:\/\/beatrice-mueller.de\/wp-content\/uploads\/2022\/02\/X-Design_Ring_Spalt_fliessmatt.jpg","contentUrl":"https:\/\/beatrice-mueller.de\/wp-content\/uploads\/2022\/02\/X-Design_Ring_Spalt_fliessmatt.jpg","width":1000,"height":1000},{"@type":"BreadcrumbList","@id":"https:\/\/beatrice-mueller.de\/fr\/produit\/bague-spalt-en-argent-925-plaque-palladium-blanc\/#breadcrumb","itemListElement":[{"@type":"ListItem","position":1,"name":"Startseite","item":"https:\/\/beatrice-mueller.de\/fr\/"},{"@type":"ListItem","position":2,"name":"Boutique","item":"https:\/\/beatrice-mueller.de\/fr\/boutique-2\/"},{"@type":"ListItem","position":3,"name":"Bague SPALT en argent 925 plaqu\u00e9 palladium blanc"}]},{"@type":"WebSite","@id":"https:\/\/beatrice-mueller.de\/fr\/#website","url":"https:\/\/beatrice-mueller.de\/fr\/","name":"Beatrice M\u00fcller","description":"Schmuckdesign","potentialAction":[{"@type":"SearchAction","target":{"@type":"EntryPoint","urlTemplate":"https:\/\/beatrice-mueller.de\/fr\/?s={search_term_string}"},"query-input":{"@type":"PropertyValueSpecification","valueRequired":true,"valueName":"search_term_string"}}],"inLanguage":"fr-FR"}]}},"_links":{"self":[{"href":"https:\/\/beatrice-mueller.de\/fr\/wp-json\/wp\/v2\/product\/24736","targetHints":{"allow":["GET"]}}],"collection":[{"href":"https:\/\/beatrice-mueller.de\/fr\/wp-json\/wp\/v2\/product"}],"about":[{"href":"https:\/\/beatrice-mueller.de\/fr\/wp-json\/wp\/v2\/types\/product"}],"replies":[{"embeddable":true,"href":"https:\/\/beatrice-mueller.de\/fr\/wp-json\/wp\/v2\/comments?post=24736"}],"wp:featuredmedia":[{"embeddable":true,"href":"https:\/\/beatrice-mueller.de\/fr\/wp-json\/wp\/v2\/media\/24740"}],"wp:attachment":[{"href":"https:\/\/beatrice-mueller.de\/fr\/wp-json\/wp\/v2\/media?parent=24736"}],"wp:term":[{"taxonomy":"product_brand","embeddable":true,"href":"https:\/\/beatrice-mueller.de\/fr\/wp-json\/wp\/v2\/product_brand?post=24736"},{"taxonomy":"product_cat","embeddable":true,"href":"https:\/\/beatrice-mueller.de\/fr\/wp-json\/wp\/v2\/product_cat?post=24736"},{"taxonomy":"product_tag","embeddable":true,"href":"https:\/\/beatrice-mueller.de\/fr\/wp-json\/wp\/v2\/product_tag?post=24736"}],"curies":[{"name":"wp","href":"https:\/\/api.w.org\/{rel}","templated":true}]}}