{"id":24961,"date":"2025-02-23T12:29:13","date_gmt":"2025-02-23T11:29:13","guid":{"rendered":"https:\/\/beatrice-mueller.de\/produkt\/bague-no-stress-x\/"},"modified":"2025-02-23T12:29:13","modified_gmt":"2025-02-23T11:29:13","slug":"bague-no-stress-x","status":"publish","type":"product","link":"https:\/\/beatrice-mueller.de\/fr\/produit\/bague-no-stress-x\/","title":{"rendered":"Bague NO STRESS X"},"content":{"rendered":"<h2><b>PAS DE STRESS \u2013 votre d\u00e9claration directe<\/b><\/h2>\n<h3><strong>AUCUN STRESS \u00e0 porter<\/strong><\/h3>\n<p>Le stress est un compagnon quotidien pour la plupart des gens. Raison suffisante pour se rappeler la devise NO STRESS aussi souvent que possible. Cette bague est id\u00e9ale \u00e0 cet effet. Sa forme en croix droite vous rappelle de vous concentrer sur les choses essentielles de la vie. La croix peut symboliser la r\u00e9duction \u00e0 votre centre int\u00e9rieur. Cela vous oblige \u00e0 prendre une d\u00e9cision consciente de r\u00e9duire votre niveau de stress et d\u2019\u00e9liminer le stress dans votre vie.     <\/p>\n<p>Ce bijou impressionne par son purisme en forme de X, c&#8217;est pourquoi les pierres d\u00e9coratives sont volontairement omises. Vous pouvez r\u00e9fl\u00e9chir et d\u00e9cider de vous retrouver avec le X sur votre main. <\/p>\n<p>La bague est disponible en argent 925 et en argent 925 noirci. Ceci est confirm\u00e9 par un certificat et un cachet d&#8217;authenticit\u00e9 \u00e0 l&#8217;int\u00e9rieur de la bague. En ce qui concerne la finition de surface, vous pouvez choisir entre le mat fluide et le mat diamant. Ce bijou est issu de notre atelier maison. C&#8217;est pourquoi la qualit\u00e9 de chaque sp\u00e9cimen est contr\u00f4l\u00e9e \u00e0 la main.    <\/p>\n<p>L&#8217;anneau a les dimensions de longueur 28,5 mm, largeur 21,8 mm, hauteur 25 mm. La production et la livraison de votre pi\u00e8ce pr\u00e9f\u00e9r\u00e9e prennent environ 7 jours ouvrables.<\/p>\n<p>&nbsp;<\/p>\n<p><strong>Attention : Cette bague n&#8217;est actuellement disponible qu&#8217;en taille 53\/54\/55.<\/strong><\/p>\n<h3>Caract\u00e9ristiques:<\/h3>\n<p><span style=\"color: #ff0000;\">\u2718<\/span> Comprend un certificat et un cachet d&#8217;authenticit\u00e9 sur le rail de l&#8217;anneau int\u00e9rieur.<\/p>\n<p><span style=\"color: #ff0000;\">\u2718<\/span> Disponible en surfaces mates fluides ou mates diamant\u00e9es.<\/p>\n<p><span style=\"color: #ff0000;\">\u2718<\/span> Argent 925 ou argent 925 noirci.<\/p>\n<p><span style=\"color: #ff0000;\">\u2718<\/span> Fabriqu\u00e9 dans notre propre atelier, qualit\u00e9 test\u00e9e \u00e0 la main.<\/p>\n<table border=\"0\" width=\"533\" frame=\"box\">\n<tbody>\n<tr>\n<td style=\"width: 189.7px;\"><span data-mce-mark=\"1\"><strong>Bijoux en mat\u00e9riaux<\/strong><\/span><\/td>\n<td style=\"width: 328.3px;\">Argent 925 noirci \/ Argent 925<\/td>\n<\/tr>\n<tr>\n<td style=\"width: 189.7px;\"><span data-mce-mark=\"1\"><strong>surface<\/strong><\/span><\/td>\n<td style=\"width: 328.3px;\"><span data-mce-mark=\"1\">fluide mat \/ diamant mat<\/span><\/td>\n<\/tr>\n<tr>\n<td style=\"width: 189.7px;\"><span data-mce-mark=\"1\"><strong>Hauteur<\/strong><\/span><\/td>\n<td style=\"width: 328.3px;\">2,0 mm<\/td>\n<\/tr>\n<tr>\n<td style=\"width: 189.7px;\"><span data-mce-mark=\"1\"><strong>Largeur<\/strong><\/span><\/td>\n<td style=\"width: 328.3px;\">25,0 mm<\/td>\n<\/tr>\n<\/tbody>\n<\/table>\n<h2><strong>D\u00c9TERMINER LA BONNE TAILLE DE BAGUE<\/strong><\/h2>\n<p>La taille de la bague des bagues NO STRESS est d\u00e9termin\u00e9e en fonction de la circonf\u00e9rence de la bague int\u00e9rieure. Pour conna\u00eetre la circonf\u00e9rence correcte de la bague, il vous suffit d&#8217;un fil ou d&#8217;un morceau de papier. <\/p>\n<p><span data-mce-mark=\"1\">Enroulez le fil ou le papier autour de la partie du doigt o\u00f9 vous souhaitez porter la bague, puis mesurez la longueur. Les millim\u00e8tres mesur\u00e9s refl\u00e8tent la circonf\u00e9rence de la bague int\u00e9rieure. <\/span><span data-mce-mark=\"1\"> <\/span><\/p>\n<table border=\"0\">\n<tbody>\n<tr>\n<td><span data-mce-mark=\"1\"><strong>circonf\u00e9rence mesur\u00e9e de la bague de jauge (mm)<\/strong><\/span><\/td>\n<td><span data-mce-mark=\"1\"><strong>Diam\u00e8tre de la bague de calibrage (mm)<\/strong><\/span><\/td>\n<\/tr>\n<tr>\n<td><span data-mce-mark=\"1\">52<\/span><\/td>\n<td><span data-mce-mark=\"1\">16,5<\/span><\/td>\n<\/tr>\n<tr>\n<td><span data-mce-mark=\"1\">53<\/span><\/td>\n<td><span data-mce-mark=\"1\">17<\/span><\/td>\n<\/tr>\n<tr>\n<td><span data-mce-mark=\"1\">54<\/span><\/td>\n<td><span data-mce-mark=\"1\">17.25<\/span><\/td>\n<\/tr>\n<tr>\n<td><span data-mce-mark=\"1\">55<\/span><\/td>\n<td><span data-mce-mark=\"1\">17,5<\/span><\/td>\n<\/tr>\n<tr>\n<td><span data-mce-mark=\"1\">56<\/span><\/td>\n<td><span data-mce-mark=\"1\">18<\/span><\/td>\n<\/tr>\n<tr>\n<td><span data-mce-mark=\"1\">57<\/span><\/td>\n<td><span data-mce-mark=\"1\">18.25<\/span><\/td>\n<\/tr>\n<tr>\n<td><span data-mce-mark=\"1\">58<\/span><\/td>\n<td><span data-mce-mark=\"1\">18,5<\/span><\/td>\n<\/tr>\n<tr>\n<td><span data-mce-mark=\"1\">59<\/span><\/td>\n<td><span data-mce-mark=\"1\">19<\/span><\/td>\n<\/tr>\n<tr>\n<td><span data-mce-mark=\"1\">60<\/span><\/td>\n<td><span data-mce-mark=\"1\">19.25<\/span><\/td>\n<\/tr>\n<tr>\n<td><span data-mce-mark=\"1\">61<\/span><\/td>\n<td><span data-mce-mark=\"1\">19,5<\/span><\/td>\n<\/tr>\n<tr>\n<td><span data-mce-mark=\"1\">62<\/span><\/td>\n<td><span data-mce-mark=\"1\">19,75<\/span><\/td>\n<\/tr>\n<tr>\n<td><span data-mce-mark=\"1\">63<\/span><\/td>\n<td><span data-mce-mark=\"1\">20<\/span><\/td>\n<\/tr>\n<tr>\n<td><span data-mce-mark=\"1\">64<\/span><\/td>\n<td><span data-mce-mark=\"1\">20.25<\/span><\/td>\n<\/tr>\n<tr>\n<td><span data-mce-mark=\"1\">65<\/span><\/td>\n<td><span data-mce-mark=\"1\">20,5<br \/>\n<\/span><\/td>\n<\/tr>\n<\/tbody>\n<\/table>\n","protected":false},"excerpt":{"rendered":"<p>PAS DE STRESS \u2013 votre d\u00e9claration directe AUCUN STRESS \u00e0 porter Le stress est un compagnon quotidien pour la plupart des gens. Raison suffisante pour se rappeler la devise NO STRESS aussi souvent que possible. Cette bague est id\u00e9ale \u00e0 cet effet. Sa forme en croix droite vous rappelle de vous concentrer sur les choses [&hellip;]<\/p>\n","protected":false},"featured_media":24962,"comment_status":"closed","ping_status":"closed","template":"","meta":{"_glsr_average":0,"_glsr_ranking":0,"_glsr_reviews":0},"product_brand":[],"product_cat":[586],"product_tag":[587,563],"class_list":{"0":"post-24961","1":"product","2":"type-product","3":"status-publish","4":"has-post-thumbnail","6":"product_cat-anneau","7":"product_tag-anneaux","8":"product_tag-conception-x","9":"pa_groesse-53-17-0-o-fr","10":"pa_groesse-54-17-25-o-fr","11":"pa_groesse-55-17-5-o-fr","12":"pa_material-silber-fr","13":"pa_material-silber-geschwaerzt-fr","14":"pa_oberflaeche-diamantmatt-fr","15":"pa_oberflaeche-fliessmatt-fr","17":"first","18":"instock","19":"taxable","20":"shipping-taxable","21":"purchasable","22":"product-type-variable"},"exclude_global_add_ons":[],"addons":[],"yoast_head":"<!-- This site is optimized with the Yoast SEO plugin v25.6 - https:\/\/yoast.com\/wordpress\/plugins\/seo\/ -->\n<title>Bague NO STRESS X - Beatrice M\u00fcller<\/title>\n<meta name=\"robots\" content=\"index, follow, max-snippet:-1, max-image-preview:large, max-video-preview:-1\" \/>\n<link rel=\"canonical\" href=\"https:\/\/beatrice-mueller.de\/fr\/produit\/bague-no-stress-x\/\" \/>\n<meta property=\"og:locale\" content=\"fr_FR\" \/>\n<meta property=\"og:type\" content=\"article\" \/>\n<meta property=\"og:title\" content=\"Bague NO STRESS X - Beatrice M\u00fcller\" \/>\n<meta property=\"og:description\" content=\"PAS DE STRESS \u2013 votre d\u00e9claration directe AUCUN STRESS \u00e0 porter Le stress est un compagnon quotidien pour la plupart des gens. Raison suffisante pour se rappeler la devise NO STRESS aussi souvent que possible. Cette bague est id\u00e9ale \u00e0 cet effet. Sa forme en croix droite vous rappelle de vous concentrer sur les choses [&hellip;]\" \/>\n<meta property=\"og:url\" content=\"https:\/\/beatrice-mueller.de\/fr\/produit\/bague-no-stress-x\/\" \/>\n<meta property=\"og:site_name\" content=\"Beatrice M\u00fcller\" \/>\n<meta property=\"og:image\" content=\"https:\/\/beatrice-mueller.de\/wp-content\/uploads\/2022\/02\/X_Design_Ring_X_oberflaeche_fliessmatt_schwarz.jpg\" \/>\n\t<meta property=\"og:image:width\" content=\"1000\" \/>\n\t<meta property=\"og:image:height\" content=\"1000\" \/>\n\t<meta property=\"og:image:type\" content=\"image\/jpeg\" \/>\n<meta name=\"twitter:card\" content=\"summary_large_image\" \/>\n<meta name=\"twitter:label1\" content=\"Dur\u00e9e de lecture estim\u00e9e\" \/>\n\t<meta name=\"twitter:data1\" content=\"2 minutes\" \/>\n<script type=\"application\/ld+json\" class=\"yoast-schema-graph\">{\"@context\":\"https:\/\/schema.org\",\"@graph\":[{\"@type\":\"WebPage\",\"@id\":\"https:\/\/beatrice-mueller.de\/fr\/produit\/bague-no-stress-x\/\",\"url\":\"https:\/\/beatrice-mueller.de\/fr\/produit\/bague-no-stress-x\/\",\"name\":\"Bague NO STRESS X - Beatrice M\u00fcller\",\"isPartOf\":{\"@id\":\"https:\/\/beatrice-mueller.de\/fr\/#website\"},\"primaryImageOfPage\":{\"@id\":\"https:\/\/beatrice-mueller.de\/fr\/produit\/bague-no-stress-x\/#primaryimage\"},\"image\":{\"@id\":\"https:\/\/beatrice-mueller.de\/fr\/produit\/bague-no-stress-x\/#primaryimage\"},\"thumbnailUrl\":\"https:\/\/beatrice-mueller.de\/wp-content\/uploads\/2022\/02\/X_Design_Ring_X_oberflaeche_fliessmatt_schwarz.jpg\",\"datePublished\":\"2025-02-23T11:29:13+00:00\",\"breadcrumb\":{\"@id\":\"https:\/\/beatrice-mueller.de\/fr\/produit\/bague-no-stress-x\/#breadcrumb\"},\"inLanguage\":\"fr-FR\",\"potentialAction\":[{\"@type\":\"ReadAction\",\"target\":[\"https:\/\/beatrice-mueller.de\/fr\/produit\/bague-no-stress-x\/\"]}]},{\"@type\":\"ImageObject\",\"inLanguage\":\"fr-FR\",\"@id\":\"https:\/\/beatrice-mueller.de\/fr\/produit\/bague-no-stress-x\/#primaryimage\",\"url\":\"https:\/\/beatrice-mueller.de\/wp-content\/uploads\/2022\/02\/X_Design_Ring_X_oberflaeche_fliessmatt_schwarz.jpg\",\"contentUrl\":\"https:\/\/beatrice-mueller.de\/wp-content\/uploads\/2022\/02\/X_Design_Ring_X_oberflaeche_fliessmatt_schwarz.jpg\",\"width\":1000,\"height\":1000},{\"@type\":\"BreadcrumbList\",\"@id\":\"https:\/\/beatrice-mueller.de\/fr\/produit\/bague-no-stress-x\/#breadcrumb\",\"itemListElement\":[{\"@type\":\"ListItem\",\"position\":1,\"name\":\"Startseite\",\"item\":\"https:\/\/beatrice-mueller.de\/fr\/\"},{\"@type\":\"ListItem\",\"position\":2,\"name\":\"Boutique\",\"item\":\"https:\/\/beatrice-mueller.de\/fr\/boutique-2\/\"},{\"@type\":\"ListItem\",\"position\":3,\"name\":\"Bague NO STRESS X\"}]},{\"@type\":\"WebSite\",\"@id\":\"https:\/\/beatrice-mueller.de\/fr\/#website\",\"url\":\"https:\/\/beatrice-mueller.de\/fr\/\",\"name\":\"Beatrice M\u00fcller\",\"description\":\"Schmuckdesign\",\"potentialAction\":[{\"@type\":\"SearchAction\",\"target\":{\"@type\":\"EntryPoint\",\"urlTemplate\":\"https:\/\/beatrice-mueller.de\/fr\/?s={search_term_string}\"},\"query-input\":{\"@type\":\"PropertyValueSpecification\",\"valueRequired\":true,\"valueName\":\"search_term_string\"}}],\"inLanguage\":\"fr-FR\"}]}<\/script>\n<!-- \/ Yoast SEO plugin. -->","yoast_head_json":{"title":"Bague NO STRESS X - Beatrice M\u00fcller","robots":{"index":"index","follow":"follow","max-snippet":"max-snippet:-1","max-image-preview":"max-image-preview:large","max-video-preview":"max-video-preview:-1"},"canonical":"https:\/\/beatrice-mueller.de\/fr\/produit\/bague-no-stress-x\/","og_locale":"fr_FR","og_type":"article","og_title":"Bague NO STRESS X - Beatrice M\u00fcller","og_description":"PAS DE STRESS \u2013 votre d\u00e9claration directe AUCUN STRESS \u00e0 porter Le stress est un compagnon quotidien pour la plupart des gens. Raison suffisante pour se rappeler la devise NO STRESS aussi souvent que possible. Cette bague est id\u00e9ale \u00e0 cet effet. Sa forme en croix droite vous rappelle de vous concentrer sur les choses [&hellip;]","og_url":"https:\/\/beatrice-mueller.de\/fr\/produit\/bague-no-stress-x\/","og_site_name":"Beatrice M\u00fcller","og_image":[{"width":1000,"height":1000,"url":"https:\/\/beatrice-mueller.de\/wp-content\/uploads\/2022\/02\/X_Design_Ring_X_oberflaeche_fliessmatt_schwarz.jpg","type":"image\/jpeg"}],"twitter_card":"summary_large_image","twitter_misc":{"Dur\u00e9e de lecture estim\u00e9e":"2 minutes"},"schema":{"@context":"https:\/\/schema.org","@graph":[{"@type":"WebPage","@id":"https:\/\/beatrice-mueller.de\/fr\/produit\/bague-no-stress-x\/","url":"https:\/\/beatrice-mueller.de\/fr\/produit\/bague-no-stress-x\/","name":"Bague NO STRESS X - Beatrice M\u00fcller","isPartOf":{"@id":"https:\/\/beatrice-mueller.de\/fr\/#website"},"primaryImageOfPage":{"@id":"https:\/\/beatrice-mueller.de\/fr\/produit\/bague-no-stress-x\/#primaryimage"},"image":{"@id":"https:\/\/beatrice-mueller.de\/fr\/produit\/bague-no-stress-x\/#primaryimage"},"thumbnailUrl":"https:\/\/beatrice-mueller.de\/wp-content\/uploads\/2022\/02\/X_Design_Ring_X_oberflaeche_fliessmatt_schwarz.jpg","datePublished":"2025-02-23T11:29:13+00:00","breadcrumb":{"@id":"https:\/\/beatrice-mueller.de\/fr\/produit\/bague-no-stress-x\/#breadcrumb"},"inLanguage":"fr-FR","potentialAction":[{"@type":"ReadAction","target":["https:\/\/beatrice-mueller.de\/fr\/produit\/bague-no-stress-x\/"]}]},{"@type":"ImageObject","inLanguage":"fr-FR","@id":"https:\/\/beatrice-mueller.de\/fr\/produit\/bague-no-stress-x\/#primaryimage","url":"https:\/\/beatrice-mueller.de\/wp-content\/uploads\/2022\/02\/X_Design_Ring_X_oberflaeche_fliessmatt_schwarz.jpg","contentUrl":"https:\/\/beatrice-mueller.de\/wp-content\/uploads\/2022\/02\/X_Design_Ring_X_oberflaeche_fliessmatt_schwarz.jpg","width":1000,"height":1000},{"@type":"BreadcrumbList","@id":"https:\/\/beatrice-mueller.de\/fr\/produit\/bague-no-stress-x\/#breadcrumb","itemListElement":[{"@type":"ListItem","position":1,"name":"Startseite","item":"https:\/\/beatrice-mueller.de\/fr\/"},{"@type":"ListItem","position":2,"name":"Boutique","item":"https:\/\/beatrice-mueller.de\/fr\/boutique-2\/"},{"@type":"ListItem","position":3,"name":"Bague NO STRESS X"}]},{"@type":"WebSite","@id":"https:\/\/beatrice-mueller.de\/fr\/#website","url":"https:\/\/beatrice-mueller.de\/fr\/","name":"Beatrice M\u00fcller","description":"Schmuckdesign","potentialAction":[{"@type":"SearchAction","target":{"@type":"EntryPoint","urlTemplate":"https:\/\/beatrice-mueller.de\/fr\/?s={search_term_string}"},"query-input":{"@type":"PropertyValueSpecification","valueRequired":true,"valueName":"search_term_string"}}],"inLanguage":"fr-FR"}]}},"_links":{"self":[{"href":"https:\/\/beatrice-mueller.de\/fr\/wp-json\/wp\/v2\/product\/24961","targetHints":{"allow":["GET"]}}],"collection":[{"href":"https:\/\/beatrice-mueller.de\/fr\/wp-json\/wp\/v2\/product"}],"about":[{"href":"https:\/\/beatrice-mueller.de\/fr\/wp-json\/wp\/v2\/types\/product"}],"replies":[{"embeddable":true,"href":"https:\/\/beatrice-mueller.de\/fr\/wp-json\/wp\/v2\/comments?post=24961"}],"wp:featuredmedia":[{"embeddable":true,"href":"https:\/\/beatrice-mueller.de\/fr\/wp-json\/wp\/v2\/media\/24962"}],"wp:attachment":[{"href":"https:\/\/beatrice-mueller.de\/fr\/wp-json\/wp\/v2\/media?parent=24961"}],"wp:term":[{"taxonomy":"product_brand","embeddable":true,"href":"https:\/\/beatrice-mueller.de\/fr\/wp-json\/wp\/v2\/product_brand?post=24961"},{"taxonomy":"product_cat","embeddable":true,"href":"https:\/\/beatrice-mueller.de\/fr\/wp-json\/wp\/v2\/product_cat?post=24961"},{"taxonomy":"product_tag","embeddable":true,"href":"https:\/\/beatrice-mueller.de\/fr\/wp-json\/wp\/v2\/product_tag?post=24961"}],"curies":[{"name":"wp","href":"https:\/\/api.w.org\/{rel}","templated":true}]}}