{"id":25489,"date":"2022-03-17T08:19:26","date_gmt":"2025-02-23T11:29:43","guid":{"rendered":"https:\/\/beatrice-mueller.de\/produkt\/loeffelweisheiten-iv-en-acier-inoxydable\/"},"modified":"2025-03-20T03:55:05","modified_gmt":"2025-03-20T02:55:05","slug":"loeffelweisheiten-iv-en-acier-inoxydable","status":"publish","type":"product","link":"https:\/\/beatrice-mueller.de\/fr\/produit\/loeffelweisheiten-iv-en-acier-inoxydable\/","title":{"rendered":"L\u00f6ffelWEISHEITEN IV en acier inoxydable"},"content":{"rendered":"<p>Votre sagesse mang\u00e9e \u00e0 la petite cuill\u00e8re\u2026<\/p>\n<p>Vos couverts re\u00e7oivent une touche individuelle avec notre cuill\u00e8re WISDOM. D\u00e9corez la poign\u00e9e et le bol avec une belle image, un dicton amusant ou votre devise personnelle. <\/p>\n<p>L&#8217;\u0153illet mobile vous montre ce qu&#8217;il tourne. Avec son design unique sur votre cuill\u00e8re, elle attirera tous les regards dans n&#8217;importe quel tiroir \u00e0 couverts.  Id\u00e9al comme cadeau ou comme extra unique pour la maison.<\/p>\n<p>La gravure laser permanente sur le manche et dans le bol, visible lors de l&#8217;utilisation, en fait un accroche-regard \u00e0 tous \u00e9gards.<\/p>\n<p>Ce qui est particulier, c&#8217;est le double lettrage sur le bol et sur la poign\u00e9e.<\/p>\n<p>La cuill\u00e8re \u00e0 soupe est en acier inoxydable mat et passe au lave-vaisselle.<\/p>\n<p><span style=\"color: #ff0000;\">\u2718<\/span> Si vous souhaitez concevoir votre propre cuill\u00e8re individuelle, jetez un \u0153il \u00e0 notre cuill\u00e8re personnalisable : <a title=\"Cuill\u00e8res personnalisables\" href=\"https:\/\/beatrice-mueller.de\/fr\/produkt-schlagwort\/personnalise\/\" target=\"_blank\" rel=\"noopener noreferrer\"><strong>Cuill\u00e8re personnalis\u00e9e<\/strong><\/a><\/p>\n<p>&nbsp;<\/p>\n<table border=\"0\" frame=\"void\">\n<tbody>\n<tr>\n<td><span data-mce-mark=\"1\"><strong>mat\u00e9riel<\/strong><\/span><\/td>\n<td><span data-mce-mark=\"1\">acier inoxydable<\/span><\/td>\n<\/tr>\n<tr>\n<td><span data-mce-mark=\"1\"><strong>longueur<\/strong><\/span><\/td>\n<td>19,5 mm<\/td>\n<\/tr>\n<tr>\n<td><span data-mce-mark=\"1\"><strong>surface<\/strong><\/span><\/td>\n<td><span data-mce-mark=\"1\">tapis fluide<\/span><\/td>\n<\/tr>\n<tr>\n<td><span data-mce-mark=\"1\"><strong>Caract\u00e9ristiques sp\u00e9ciales<\/strong><\/span><\/td>\n<td><span data-mce-mark=\"1\">gravure laser, oeillet en argent 925<\/span><\/td>\n<\/tr>\n<\/tbody>\n<\/table>\n","protected":false},"excerpt":{"rendered":"<p>Votre sagesse mang\u00e9e \u00e0 la petite cuill\u00e8re\u2026 Vos couverts re\u00e7oivent une touche individuelle avec notre cuill\u00e8re WISDOM. D\u00e9corez la poign\u00e9e et le bol avec une belle image, un dicton amusant ou votre devise personnelle. L&#8217;\u0153illet mobile vous montre ce qu&#8217;il tourne. Avec son design unique sur votre cuill\u00e8re, elle attirera tous les regards dans n&#8217;importe [&hellip;]<\/p>\n","protected":false},"featured_media":25511,"comment_status":"closed","ping_status":"closed","template":"","meta":{"_glsr_average":0,"_glsr_ranking":0,"_glsr_reviews":0},"product_brand":[],"product_cat":[588],"product_tag":[1564,563,589],"class_list":{"0":"post-25489","1":"product","2":"type-product","3":"status-publish","4":"has-post-thumbnail","6":"product_cat-culture-de-la-table","7":"product_tag-cadeau","8":"product_tag-conception-x","9":"product_tag-culture-de-la-table","10":"pa_marke-x-design-fr","12":"first","13":"instock","14":"taxable","15":"shipping-taxable","16":"purchasable","17":"product-type-simple"},"exclude_global_add_ons":[],"addons":[],"yoast_head":"<!-- This site is optimized with the Yoast SEO plugin v25.6 - https:\/\/yoast.com\/wordpress\/plugins\/seo\/ -->\n<title>L\u00f6ffelWEISHEITEN IV en acier inoxydable - Beatrice M\u00fcller<\/title>\n<meta name=\"robots\" content=\"index, follow, max-snippet:-1, max-image-preview:large, max-video-preview:-1\" \/>\n<link rel=\"canonical\" href=\"https:\/\/beatrice-mueller.de\/fr\/produit\/loeffelweisheiten-iv-en-acier-inoxydable\/\" \/>\n<meta property=\"og:locale\" content=\"fr_FR\" \/>\n<meta property=\"og:type\" content=\"article\" \/>\n<meta property=\"og:title\" content=\"L\u00f6ffelWEISHEITEN IV en acier inoxydable - Beatrice M\u00fcller\" \/>\n<meta property=\"og:description\" content=\"Votre sagesse mang\u00e9e \u00e0 la petite cuill\u00e8re\u2026 Vos couverts re\u00e7oivent une touche individuelle avec notre cuill\u00e8re WISDOM. D\u00e9corez la poign\u00e9e et le bol avec une belle image, un dicton amusant ou votre devise personnelle. L&#8217;\u0153illet mobile vous montre ce qu&#8217;il tourne. Avec son design unique sur votre cuill\u00e8re, elle attirera tous les regards dans n&#8217;importe [&hellip;]\" \/>\n<meta property=\"og:url\" content=\"https:\/\/beatrice-mueller.de\/fr\/produit\/loeffelweisheiten-iv-en-acier-inoxydable\/\" \/>\n<meta property=\"og:site_name\" content=\"Beatrice M\u00fcller\" \/>\n<meta property=\"article:modified_time\" content=\"2025-03-20T02:55:05+00:00\" \/>\n<meta property=\"og:image\" content=\"https:\/\/beatrice-mueller.de\/wp-content\/uploads\/2022\/02\/Loefel_Glueksmomente_II_mit_oesen.jpg\" \/>\n\t<meta property=\"og:image:width\" content=\"700\" \/>\n\t<meta property=\"og:image:height\" content=\"700\" \/>\n\t<meta property=\"og:image:type\" content=\"image\/jpeg\" \/>\n<meta name=\"twitter:card\" content=\"summary_large_image\" \/>\n<meta name=\"twitter:label1\" content=\"Dur\u00e9e de lecture estim\u00e9e\" \/>\n\t<meta name=\"twitter:data1\" content=\"1 minute\" \/>\n<script type=\"application\/ld+json\" class=\"yoast-schema-graph\">{\"@context\":\"https:\/\/schema.org\",\"@graph\":[{\"@type\":\"WebPage\",\"@id\":\"https:\/\/beatrice-mueller.de\/fr\/produit\/loeffelweisheiten-iv-en-acier-inoxydable\/\",\"url\":\"https:\/\/beatrice-mueller.de\/fr\/produit\/loeffelweisheiten-iv-en-acier-inoxydable\/\",\"name\":\"L\u00f6ffelWEISHEITEN IV en acier inoxydable - Beatrice M\u00fcller\",\"isPartOf\":{\"@id\":\"https:\/\/beatrice-mueller.de\/fr\/#website\"},\"primaryImageOfPage\":{\"@id\":\"https:\/\/beatrice-mueller.de\/fr\/produit\/loeffelweisheiten-iv-en-acier-inoxydable\/#primaryimage\"},\"image\":{\"@id\":\"https:\/\/beatrice-mueller.de\/fr\/produit\/loeffelweisheiten-iv-en-acier-inoxydable\/#primaryimage\"},\"thumbnailUrl\":\"https:\/\/beatrice-mueller.de\/wp-content\/uploads\/2022\/02\/Loefel_Glueksmomente_II_mit_oesen.jpg\",\"datePublished\":\"2025-02-23T11:29:43+00:00\",\"dateModified\":\"2025-03-20T02:55:05+00:00\",\"breadcrumb\":{\"@id\":\"https:\/\/beatrice-mueller.de\/fr\/produit\/loeffelweisheiten-iv-en-acier-inoxydable\/#breadcrumb\"},\"inLanguage\":\"fr-FR\",\"potentialAction\":[{\"@type\":\"ReadAction\",\"target\":[\"https:\/\/beatrice-mueller.de\/fr\/produit\/loeffelweisheiten-iv-en-acier-inoxydable\/\"]}]},{\"@type\":\"ImageObject\",\"inLanguage\":\"fr-FR\",\"@id\":\"https:\/\/beatrice-mueller.de\/fr\/produit\/loeffelweisheiten-iv-en-acier-inoxydable\/#primaryimage\",\"url\":\"https:\/\/beatrice-mueller.de\/wp-content\/uploads\/2022\/02\/Loefel_Glueksmomente_II_mit_oesen.jpg\",\"contentUrl\":\"https:\/\/beatrice-mueller.de\/wp-content\/uploads\/2022\/02\/Loefel_Glueksmomente_II_mit_oesen.jpg\",\"width\":700,\"height\":700},{\"@type\":\"BreadcrumbList\",\"@id\":\"https:\/\/beatrice-mueller.de\/fr\/produit\/loeffelweisheiten-iv-en-acier-inoxydable\/#breadcrumb\",\"itemListElement\":[{\"@type\":\"ListItem\",\"position\":1,\"name\":\"Startseite\",\"item\":\"https:\/\/beatrice-mueller.de\/fr\/\"},{\"@type\":\"ListItem\",\"position\":2,\"name\":\"Boutique\",\"item\":\"https:\/\/beatrice-mueller.de\/fr\/boutique-2\/\"},{\"@type\":\"ListItem\",\"position\":3,\"name\":\"L\u00f6ffelWEISHEITEN IV en acier inoxydable\"}]},{\"@type\":\"WebSite\",\"@id\":\"https:\/\/beatrice-mueller.de\/fr\/#website\",\"url\":\"https:\/\/beatrice-mueller.de\/fr\/\",\"name\":\"Beatrice M\u00fcller\",\"description\":\"Schmuckdesign\",\"potentialAction\":[{\"@type\":\"SearchAction\",\"target\":{\"@type\":\"EntryPoint\",\"urlTemplate\":\"https:\/\/beatrice-mueller.de\/fr\/?s={search_term_string}\"},\"query-input\":{\"@type\":\"PropertyValueSpecification\",\"valueRequired\":true,\"valueName\":\"search_term_string\"}}],\"inLanguage\":\"fr-FR\"}]}<\/script>\n<!-- \/ Yoast SEO plugin. -->","yoast_head_json":{"title":"L\u00f6ffelWEISHEITEN IV en acier inoxydable - Beatrice M\u00fcller","robots":{"index":"index","follow":"follow","max-snippet":"max-snippet:-1","max-image-preview":"max-image-preview:large","max-video-preview":"max-video-preview:-1"},"canonical":"https:\/\/beatrice-mueller.de\/fr\/produit\/loeffelweisheiten-iv-en-acier-inoxydable\/","og_locale":"fr_FR","og_type":"article","og_title":"L\u00f6ffelWEISHEITEN IV en acier inoxydable - Beatrice M\u00fcller","og_description":"Votre sagesse mang\u00e9e \u00e0 la petite cuill\u00e8re\u2026 Vos couverts re\u00e7oivent une touche individuelle avec notre cuill\u00e8re WISDOM. D\u00e9corez la poign\u00e9e et le bol avec une belle image, un dicton amusant ou votre devise personnelle. L&#8217;\u0153illet mobile vous montre ce qu&#8217;il tourne. Avec son design unique sur votre cuill\u00e8re, elle attirera tous les regards dans n&#8217;importe [&hellip;]","og_url":"https:\/\/beatrice-mueller.de\/fr\/produit\/loeffelweisheiten-iv-en-acier-inoxydable\/","og_site_name":"Beatrice M\u00fcller","article_modified_time":"2025-03-20T02:55:05+00:00","og_image":[{"width":700,"height":700,"url":"https:\/\/beatrice-mueller.de\/wp-content\/uploads\/2022\/02\/Loefel_Glueksmomente_II_mit_oesen.jpg","type":"image\/jpeg"}],"twitter_card":"summary_large_image","twitter_misc":{"Dur\u00e9e de lecture estim\u00e9e":"1 minute"},"schema":{"@context":"https:\/\/schema.org","@graph":[{"@type":"WebPage","@id":"https:\/\/beatrice-mueller.de\/fr\/produit\/loeffelweisheiten-iv-en-acier-inoxydable\/","url":"https:\/\/beatrice-mueller.de\/fr\/produit\/loeffelweisheiten-iv-en-acier-inoxydable\/","name":"L\u00f6ffelWEISHEITEN IV en acier inoxydable - Beatrice M\u00fcller","isPartOf":{"@id":"https:\/\/beatrice-mueller.de\/fr\/#website"},"primaryImageOfPage":{"@id":"https:\/\/beatrice-mueller.de\/fr\/produit\/loeffelweisheiten-iv-en-acier-inoxydable\/#primaryimage"},"image":{"@id":"https:\/\/beatrice-mueller.de\/fr\/produit\/loeffelweisheiten-iv-en-acier-inoxydable\/#primaryimage"},"thumbnailUrl":"https:\/\/beatrice-mueller.de\/wp-content\/uploads\/2022\/02\/Loefel_Glueksmomente_II_mit_oesen.jpg","datePublished":"2025-02-23T11:29:43+00:00","dateModified":"2025-03-20T02:55:05+00:00","breadcrumb":{"@id":"https:\/\/beatrice-mueller.de\/fr\/produit\/loeffelweisheiten-iv-en-acier-inoxydable\/#breadcrumb"},"inLanguage":"fr-FR","potentialAction":[{"@type":"ReadAction","target":["https:\/\/beatrice-mueller.de\/fr\/produit\/loeffelweisheiten-iv-en-acier-inoxydable\/"]}]},{"@type":"ImageObject","inLanguage":"fr-FR","@id":"https:\/\/beatrice-mueller.de\/fr\/produit\/loeffelweisheiten-iv-en-acier-inoxydable\/#primaryimage","url":"https:\/\/beatrice-mueller.de\/wp-content\/uploads\/2022\/02\/Loefel_Glueksmomente_II_mit_oesen.jpg","contentUrl":"https:\/\/beatrice-mueller.de\/wp-content\/uploads\/2022\/02\/Loefel_Glueksmomente_II_mit_oesen.jpg","width":700,"height":700},{"@type":"BreadcrumbList","@id":"https:\/\/beatrice-mueller.de\/fr\/produit\/loeffelweisheiten-iv-en-acier-inoxydable\/#breadcrumb","itemListElement":[{"@type":"ListItem","position":1,"name":"Startseite","item":"https:\/\/beatrice-mueller.de\/fr\/"},{"@type":"ListItem","position":2,"name":"Boutique","item":"https:\/\/beatrice-mueller.de\/fr\/boutique-2\/"},{"@type":"ListItem","position":3,"name":"L\u00f6ffelWEISHEITEN IV en acier inoxydable"}]},{"@type":"WebSite","@id":"https:\/\/beatrice-mueller.de\/fr\/#website","url":"https:\/\/beatrice-mueller.de\/fr\/","name":"Beatrice M\u00fcller","description":"Schmuckdesign","potentialAction":[{"@type":"SearchAction","target":{"@type":"EntryPoint","urlTemplate":"https:\/\/beatrice-mueller.de\/fr\/?s={search_term_string}"},"query-input":{"@type":"PropertyValueSpecification","valueRequired":true,"valueName":"search_term_string"}}],"inLanguage":"fr-FR"}]}},"_links":{"self":[{"href":"https:\/\/beatrice-mueller.de\/fr\/wp-json\/wp\/v2\/product\/25489","targetHints":{"allow":["GET"]}}],"collection":[{"href":"https:\/\/beatrice-mueller.de\/fr\/wp-json\/wp\/v2\/product"}],"about":[{"href":"https:\/\/beatrice-mueller.de\/fr\/wp-json\/wp\/v2\/types\/product"}],"replies":[{"embeddable":true,"href":"https:\/\/beatrice-mueller.de\/fr\/wp-json\/wp\/v2\/comments?post=25489"}],"wp:featuredmedia":[{"embeddable":true,"href":"https:\/\/beatrice-mueller.de\/fr\/wp-json\/wp\/v2\/media\/25511"}],"wp:attachment":[{"href":"https:\/\/beatrice-mueller.de\/fr\/wp-json\/wp\/v2\/media?parent=25489"}],"wp:term":[{"taxonomy":"product_brand","embeddable":true,"href":"https:\/\/beatrice-mueller.de\/fr\/wp-json\/wp\/v2\/product_brand?post=25489"},{"taxonomy":"product_cat","embeddable":true,"href":"https:\/\/beatrice-mueller.de\/fr\/wp-json\/wp\/v2\/product_cat?post=25489"},{"taxonomy":"product_tag","embeddable":true,"href":"https:\/\/beatrice-mueller.de\/fr\/wp-json\/wp\/v2\/product_tag?post=25489"}],"curies":[{"name":"wp","href":"https:\/\/api.w.org\/{rel}","templated":true}]}}