{"id":25517,"date":"2025-02-23T12:29:44","date_gmt":"2025-02-23T11:29:44","guid":{"rendered":"https:\/\/beatrice-mueller.de\/produkt\/bracelet-connect-en-argent-925-plaque-rhodium-noir\/"},"modified":"2025-02-23T12:29:44","modified_gmt":"2025-02-23T11:29:44","slug":"bracelet-connect-en-argent-925-plaque-rhodium-noir","status":"publish","type":"product","link":"https:\/\/beatrice-mueller.de\/fr\/produit\/bracelet-connect-en-argent-925-plaque-rhodium-noir\/","title":{"rendered":"Bracelet CONNECT en argent 925 plaqu\u00e9 rhodium noir"},"content":{"rendered":"<p>Ce bracelet poss\u00e8de une barre en argent 925 plaqu\u00e9 rhodium noir et peut \u00e9galement \u00eatre port\u00e9 en collier. La partie m\u00e9diane a une forme incurv\u00e9e pour s&#8217;adapter \u00e0 la courbure du bras. Gr\u00e2ce au m\u00e9canisme enfichable, l&#8217;anneau en silicone peut \u00eatre remplac\u00e9 \u00e0 tout moment par une version de couleur diff\u00e9rente.  <\/p>\n<p><span style=\"text-decoration: underline;\">Caract\u00e9ristiques:<\/span><\/p>\n<p><span style=\"color: #ff0000;\">\u2718<\/span> Manipulation pratique, il suffit de le brancher une seule fois lors de la mise en place et de le d\u00e9brancher lors du retrait.<\/p>\n<p><span style=\"color: #ff0000;\">\u2718<\/span> Silicone doux sur la peau, argent massif \u00e0 l&#8217;int\u00e9rieur.<\/p>\n<p><span style=\"color: #ff0000;\">\u2718<\/span> Peut \u00eatre transport\u00e9 partout, robuste et facile \u00e0 nettoyer.<\/p>\n<div class=\"product--description\">\n<table border=\"0\" frame=\"void\">\n<tbody>\n<tr>\n<td><strong>Bracelet en mati\u00e8re<\/strong><\/td>\n<td>silicone<\/td>\n<\/tr>\n<tr>\n<td><strong>anneau en silicone \u00d8<\/strong><\/td>\n<td>57,70 mm<\/td>\n<\/tr>\n<tr>\n<td><strong>Pont mat\u00e9riel<\/strong><\/td>\n<td>Argent 925 plaqu\u00e9 rhodium noir<\/td>\n<\/tr>\n<tr>\n<td><strong>Web<\/strong><\/td>\n<td>49,60 mm<\/td>\n<\/tr>\n<tr>\n<td><strong>section transversale (carr\u00e9e)<br \/>\n<\/strong><\/td>\n<td>2,3 mm x 2,3 mm<\/td>\n<\/tr>\n<tr>\n<td><strong>Caract\u00e9ristiques sp\u00e9ciales<\/strong><\/td>\n<td>syst\u00e8me de branchement simple<\/td>\n<\/tr>\n<\/tbody>\n<\/table>\n<\/div>\n","protected":false},"excerpt":{"rendered":"<p>Ce bracelet poss\u00e8de une barre en argent 925 plaqu\u00e9 rhodium noir et peut \u00e9galement \u00eatre port\u00e9 en collier. La partie m\u00e9diane a une forme incurv\u00e9e pour s&#8217;adapter \u00e0 la courbure du bras. Gr\u00e2ce au m\u00e9canisme enfichable, l&#8217;anneau en silicone peut \u00eatre remplac\u00e9 \u00e0 tout moment par une version de couleur diff\u00e9rente. Caract\u00e9ristiques: \u2718 Manipulation pratique, [&hellip;]<\/p>\n","protected":false},"featured_media":25519,"comment_status":"closed","ping_status":"closed","template":"","meta":{"_glsr_average":0,"_glsr_ranking":0,"_glsr_reviews":0},"product_brand":[],"product_cat":[570],"product_tag":[571,563],"class_list":{"0":"post-25517","1":"product","2":"type-product","3":"status-publish","4":"has-post-thumbnail","6":"product_cat-bracelet","7":"product_tag-bracelets","8":"product_tag-conception-x","9":"pa_farbe-silikon-braun-fr-2","10":"pa_farbe-silikon-dunkelblau-fr","11":"pa_farbe-silikon-gruen-fr","12":"pa_farbe-silikon-himmelblau-fr-2","13":"pa_farbe-silikon-lila-fr","14":"pa_farbe-silikon-magenta-fr-2","15":"pa_farbe-silikon-mittelblau-fr-2","16":"pa_farbe-silikon-orange-fr-2","17":"pa_farbe-silikon-ozeanblau-fr","18":"pa_farbe-silikon-rosa-fr","19":"pa_farbe-silikon-rot-fr-2","20":"pa_farbe-silikon-schlamm-fr-2","21":"pa_farbe-silikon-schwarz-fr","22":"pa_farbe-silikon-transparent-klar-fr-2","23":"pa_farbe-silikon-transparent-matt-fr","24":"pa_mittelstegoberflaeche-poliert-seiten-diamantmatt-fr-2","26":"first","27":"instock","28":"taxable","29":"shipping-taxable","30":"purchasable","31":"product-type-variable"},"exclude_global_add_ons":[],"addons":[],"yoast_head":"<!-- This site is optimized with the Yoast SEO plugin v25.6 - https:\/\/yoast.com\/wordpress\/plugins\/seo\/ -->\n<title>Bracelet CONNECT en argent 925 plaqu\u00e9 rhodium noir - Beatrice M\u00fcller<\/title>\n<meta name=\"robots\" content=\"index, follow, max-snippet:-1, max-image-preview:large, max-video-preview:-1\" \/>\n<link rel=\"canonical\" href=\"https:\/\/beatrice-mueller.de\/fr\/produit\/bracelet-connect-en-argent-925-plaque-rhodium-noir\/\" \/>\n<meta property=\"og:locale\" content=\"fr_FR\" \/>\n<meta property=\"og:type\" content=\"article\" \/>\n<meta property=\"og:title\" content=\"Bracelet CONNECT en argent 925 plaqu\u00e9 rhodium noir - Beatrice M\u00fcller\" \/>\n<meta property=\"og:description\" content=\"Ce bracelet poss\u00e8de une barre en argent 925 plaqu\u00e9 rhodium noir et peut \u00e9galement \u00eatre port\u00e9 en collier. La partie m\u00e9diane a une forme incurv\u00e9e pour s&#8217;adapter \u00e0 la courbure du bras. Gr\u00e2ce au m\u00e9canisme enfichable, l&#8217;anneau en silicone peut \u00eatre remplac\u00e9 \u00e0 tout moment par une version de couleur diff\u00e9rente. Caract\u00e9ristiques: \u2718 Manipulation pratique, [&hellip;]\" \/>\n<meta property=\"og:url\" content=\"https:\/\/beatrice-mueller.de\/fr\/produit\/bracelet-connect-en-argent-925-plaque-rhodium-noir\/\" \/>\n<meta property=\"og:site_name\" content=\"Beatrice M\u00fcller\" \/>\n<meta property=\"og:image\" content=\"https:\/\/beatrice-mueller.de\/wp-content\/uploads\/2022\/02\/X-Design-Armband_silikon_diamantmatt_schwarz_schwarz.jpg\" \/>\n\t<meta property=\"og:image:width\" content=\"828\" \/>\n\t<meta property=\"og:image:height\" content=\"828\" \/>\n\t<meta property=\"og:image:type\" content=\"image\/jpeg\" \/>\n<meta name=\"twitter:card\" content=\"summary_large_image\" \/>\n<meta name=\"twitter:label1\" content=\"Dur\u00e9e de lecture estim\u00e9e\" \/>\n\t<meta name=\"twitter:data1\" content=\"1 minute\" \/>\n<script type=\"application\/ld+json\" class=\"yoast-schema-graph\">{\"@context\":\"https:\/\/schema.org\",\"@graph\":[{\"@type\":\"WebPage\",\"@id\":\"https:\/\/beatrice-mueller.de\/fr\/produit\/bracelet-connect-en-argent-925-plaque-rhodium-noir\/\",\"url\":\"https:\/\/beatrice-mueller.de\/fr\/produit\/bracelet-connect-en-argent-925-plaque-rhodium-noir\/\",\"name\":\"Bracelet CONNECT en argent 925 plaqu\u00e9 rhodium noir - Beatrice M\u00fcller\",\"isPartOf\":{\"@id\":\"https:\/\/beatrice-mueller.de\/fr\/#website\"},\"primaryImageOfPage\":{\"@id\":\"https:\/\/beatrice-mueller.de\/fr\/produit\/bracelet-connect-en-argent-925-plaque-rhodium-noir\/#primaryimage\"},\"image\":{\"@id\":\"https:\/\/beatrice-mueller.de\/fr\/produit\/bracelet-connect-en-argent-925-plaque-rhodium-noir\/#primaryimage\"},\"thumbnailUrl\":\"https:\/\/beatrice-mueller.de\/wp-content\/uploads\/2022\/02\/X-Design-Armband_silikon_diamantmatt_schwarz_schwarz.jpg\",\"datePublished\":\"2025-02-23T11:29:44+00:00\",\"breadcrumb\":{\"@id\":\"https:\/\/beatrice-mueller.de\/fr\/produit\/bracelet-connect-en-argent-925-plaque-rhodium-noir\/#breadcrumb\"},\"inLanguage\":\"fr-FR\",\"potentialAction\":[{\"@type\":\"ReadAction\",\"target\":[\"https:\/\/beatrice-mueller.de\/fr\/produit\/bracelet-connect-en-argent-925-plaque-rhodium-noir\/\"]}]},{\"@type\":\"ImageObject\",\"inLanguage\":\"fr-FR\",\"@id\":\"https:\/\/beatrice-mueller.de\/fr\/produit\/bracelet-connect-en-argent-925-plaque-rhodium-noir\/#primaryimage\",\"url\":\"https:\/\/beatrice-mueller.de\/wp-content\/uploads\/2022\/02\/X-Design-Armband_silikon_diamantmatt_schwarz_schwarz.jpg\",\"contentUrl\":\"https:\/\/beatrice-mueller.de\/wp-content\/uploads\/2022\/02\/X-Design-Armband_silikon_diamantmatt_schwarz_schwarz.jpg\",\"width\":828,\"height\":828},{\"@type\":\"BreadcrumbList\",\"@id\":\"https:\/\/beatrice-mueller.de\/fr\/produit\/bracelet-connect-en-argent-925-plaque-rhodium-noir\/#breadcrumb\",\"itemListElement\":[{\"@type\":\"ListItem\",\"position\":1,\"name\":\"Startseite\",\"item\":\"https:\/\/beatrice-mueller.de\/fr\/\"},{\"@type\":\"ListItem\",\"position\":2,\"name\":\"Boutique\",\"item\":\"https:\/\/beatrice-mueller.de\/fr\/boutique-2\/\"},{\"@type\":\"ListItem\",\"position\":3,\"name\":\"Bracelet CONNECT en argent 925 plaqu\u00e9 rhodium noir\"}]},{\"@type\":\"WebSite\",\"@id\":\"https:\/\/beatrice-mueller.de\/fr\/#website\",\"url\":\"https:\/\/beatrice-mueller.de\/fr\/\",\"name\":\"Beatrice M\u00fcller\",\"description\":\"Schmuckdesign\",\"potentialAction\":[{\"@type\":\"SearchAction\",\"target\":{\"@type\":\"EntryPoint\",\"urlTemplate\":\"https:\/\/beatrice-mueller.de\/fr\/?s={search_term_string}\"},\"query-input\":{\"@type\":\"PropertyValueSpecification\",\"valueRequired\":true,\"valueName\":\"search_term_string\"}}],\"inLanguage\":\"fr-FR\"}]}<\/script>\n<!-- \/ Yoast SEO plugin. -->","yoast_head_json":{"title":"Bracelet CONNECT en argent 925 plaqu\u00e9 rhodium noir - Beatrice M\u00fcller","robots":{"index":"index","follow":"follow","max-snippet":"max-snippet:-1","max-image-preview":"max-image-preview:large","max-video-preview":"max-video-preview:-1"},"canonical":"https:\/\/beatrice-mueller.de\/fr\/produit\/bracelet-connect-en-argent-925-plaque-rhodium-noir\/","og_locale":"fr_FR","og_type":"article","og_title":"Bracelet CONNECT en argent 925 plaqu\u00e9 rhodium noir - Beatrice M\u00fcller","og_description":"Ce bracelet poss\u00e8de une barre en argent 925 plaqu\u00e9 rhodium noir et peut \u00e9galement \u00eatre port\u00e9 en collier. La partie m\u00e9diane a une forme incurv\u00e9e pour s&#8217;adapter \u00e0 la courbure du bras. Gr\u00e2ce au m\u00e9canisme enfichable, l&#8217;anneau en silicone peut \u00eatre remplac\u00e9 \u00e0 tout moment par une version de couleur diff\u00e9rente. Caract\u00e9ristiques: \u2718 Manipulation pratique, [&hellip;]","og_url":"https:\/\/beatrice-mueller.de\/fr\/produit\/bracelet-connect-en-argent-925-plaque-rhodium-noir\/","og_site_name":"Beatrice M\u00fcller","og_image":[{"width":828,"height":828,"url":"https:\/\/beatrice-mueller.de\/wp-content\/uploads\/2022\/02\/X-Design-Armband_silikon_diamantmatt_schwarz_schwarz.jpg","type":"image\/jpeg"}],"twitter_card":"summary_large_image","twitter_misc":{"Dur\u00e9e de lecture estim\u00e9e":"1 minute"},"schema":{"@context":"https:\/\/schema.org","@graph":[{"@type":"WebPage","@id":"https:\/\/beatrice-mueller.de\/fr\/produit\/bracelet-connect-en-argent-925-plaque-rhodium-noir\/","url":"https:\/\/beatrice-mueller.de\/fr\/produit\/bracelet-connect-en-argent-925-plaque-rhodium-noir\/","name":"Bracelet CONNECT en argent 925 plaqu\u00e9 rhodium noir - Beatrice M\u00fcller","isPartOf":{"@id":"https:\/\/beatrice-mueller.de\/fr\/#website"},"primaryImageOfPage":{"@id":"https:\/\/beatrice-mueller.de\/fr\/produit\/bracelet-connect-en-argent-925-plaque-rhodium-noir\/#primaryimage"},"image":{"@id":"https:\/\/beatrice-mueller.de\/fr\/produit\/bracelet-connect-en-argent-925-plaque-rhodium-noir\/#primaryimage"},"thumbnailUrl":"https:\/\/beatrice-mueller.de\/wp-content\/uploads\/2022\/02\/X-Design-Armband_silikon_diamantmatt_schwarz_schwarz.jpg","datePublished":"2025-02-23T11:29:44+00:00","breadcrumb":{"@id":"https:\/\/beatrice-mueller.de\/fr\/produit\/bracelet-connect-en-argent-925-plaque-rhodium-noir\/#breadcrumb"},"inLanguage":"fr-FR","potentialAction":[{"@type":"ReadAction","target":["https:\/\/beatrice-mueller.de\/fr\/produit\/bracelet-connect-en-argent-925-plaque-rhodium-noir\/"]}]},{"@type":"ImageObject","inLanguage":"fr-FR","@id":"https:\/\/beatrice-mueller.de\/fr\/produit\/bracelet-connect-en-argent-925-plaque-rhodium-noir\/#primaryimage","url":"https:\/\/beatrice-mueller.de\/wp-content\/uploads\/2022\/02\/X-Design-Armband_silikon_diamantmatt_schwarz_schwarz.jpg","contentUrl":"https:\/\/beatrice-mueller.de\/wp-content\/uploads\/2022\/02\/X-Design-Armband_silikon_diamantmatt_schwarz_schwarz.jpg","width":828,"height":828},{"@type":"BreadcrumbList","@id":"https:\/\/beatrice-mueller.de\/fr\/produit\/bracelet-connect-en-argent-925-plaque-rhodium-noir\/#breadcrumb","itemListElement":[{"@type":"ListItem","position":1,"name":"Startseite","item":"https:\/\/beatrice-mueller.de\/fr\/"},{"@type":"ListItem","position":2,"name":"Boutique","item":"https:\/\/beatrice-mueller.de\/fr\/boutique-2\/"},{"@type":"ListItem","position":3,"name":"Bracelet CONNECT en argent 925 plaqu\u00e9 rhodium noir"}]},{"@type":"WebSite","@id":"https:\/\/beatrice-mueller.de\/fr\/#website","url":"https:\/\/beatrice-mueller.de\/fr\/","name":"Beatrice M\u00fcller","description":"Schmuckdesign","potentialAction":[{"@type":"SearchAction","target":{"@type":"EntryPoint","urlTemplate":"https:\/\/beatrice-mueller.de\/fr\/?s={search_term_string}"},"query-input":{"@type":"PropertyValueSpecification","valueRequired":true,"valueName":"search_term_string"}}],"inLanguage":"fr-FR"}]}},"_links":{"self":[{"href":"https:\/\/beatrice-mueller.de\/fr\/wp-json\/wp\/v2\/product\/25517","targetHints":{"allow":["GET"]}}],"collection":[{"href":"https:\/\/beatrice-mueller.de\/fr\/wp-json\/wp\/v2\/product"}],"about":[{"href":"https:\/\/beatrice-mueller.de\/fr\/wp-json\/wp\/v2\/types\/product"}],"replies":[{"embeddable":true,"href":"https:\/\/beatrice-mueller.de\/fr\/wp-json\/wp\/v2\/comments?post=25517"}],"wp:featuredmedia":[{"embeddable":true,"href":"https:\/\/beatrice-mueller.de\/fr\/wp-json\/wp\/v2\/media\/25519"}],"wp:attachment":[{"href":"https:\/\/beatrice-mueller.de\/fr\/wp-json\/wp\/v2\/media?parent=25517"}],"wp:term":[{"taxonomy":"product_brand","embeddable":true,"href":"https:\/\/beatrice-mueller.de\/fr\/wp-json\/wp\/v2\/product_brand?post=25517"},{"taxonomy":"product_cat","embeddable":true,"href":"https:\/\/beatrice-mueller.de\/fr\/wp-json\/wp\/v2\/product_cat?post=25517"},{"taxonomy":"product_tag","embeddable":true,"href":"https:\/\/beatrice-mueller.de\/fr\/wp-json\/wp\/v2\/product_tag?post=25517"}],"curies":[{"name":"wp","href":"https:\/\/api.w.org\/{rel}","templated":true}]}}