{"id":25578,"date":"2025-02-23T12:29:51","date_gmt":"2025-02-23T11:29:51","guid":{"rendered":"https:\/\/beatrice-mueller.de\/produkt\/etiquette-de-chaussure-herz-argent-925-acier-inoxydable\/"},"modified":"2025-02-23T12:29:51","modified_gmt":"2025-02-23T11:29:51","slug":"etiquette-de-chaussure-herz-argent-925-acier-inoxydable","status":"publish","type":"product","link":"https:\/\/beatrice-mueller.de\/fr\/produit\/etiquette-de-chaussure-herz-argent-925-acier-inoxydable\/","title":{"rendered":"\u00e9tiquette de chaussure HERZ argent 925 \/ acier inoxydable"},"content":{"rendered":"<div class=\"content--title\"><\/div>\n<div class=\"content--title\"><\/div>\n<div class=\"content--title\"><\/div>\n<div class=\"content--title\"><\/div>\n<div class=\"product--description\">\n<p>Ayez un c\u0153ur pour vos chaussures et d\u00e9corez vos lacets ! Gardez les c\u0153urs pour vous ou offrez-les \u00e0 des personnes qui comptent pour vous. <\/p>\n<p><img decoding=\"async\" src=\"https:\/\/cdn.shopify.com\/s\/files\/1\/0342\/3538\/3945\/files\/showe_your_mind_480x480.jpg?v=1588173006\" alt=\"conception x\"><\/p>\n<p>Choisissez soigneusement vos pas et \u00e9vitez les situations stressantes. Avec nos \u00e9tiquettes chaussures, l&#8217;id\u00e9e NO STRESS vous accompagne \u00e0 chaque \u00e9tape. Un v\u00e9ritable artisanat de notre usine, avec gravure au laser sur les plaques, souligne votre personnalit\u00e9 individuelle et l&#8217;\u00e9voque sur vos chaussures.  <\/p>\n<\/div>\n<p><strong><span style=\"color: #ff0000;\">\u2718<\/span> Souhaitez-vous faire graver votre propre motif ? <a title=\"Envoyer un courrier \u00e0 X-Design\" href=\"mailto:info@x-design.shop\" target=\"_blank\" rel=\"noopener noreferrer\"><br \/>\n\u00c9crivez-nous simplement un e-mail.<\/a> <\/strong><\/p>\n<div class=\"product--description\">\n<table border=\"1\" frame=\"box\">\n<tbody>\n<tr>\n<td><span data-mce-mark=\"1\"><strong>Bijoux en mat\u00e9riaux<\/strong><\/span><\/td>\n<td><span data-mce-mark=\"1\">Argent 925 \/ acier inoxydable<\/span><\/td>\n<\/tr>\n<tr>\n<td><span data-mce-mark=\"1\"><strong>surface<\/strong><\/span><\/td>\n<td><span data-mce-mark=\"1\">mat<\/span><\/td>\n<\/tr>\n<tr>\n<td><span data-mce-mark=\"1\"><strong>\u00e9paisseur du mat\u00e9riau<\/strong><\/span><\/td>\n<td><span data-mce-mark=\"1\">1,0 mm<\/span><\/td>\n<\/tr>\n<tr>\n<td><span data-mce-mark=\"1\"><strong>Largeur<\/strong><\/span><\/td>\n<td><span data-mce-mark=\"1\">7,0 mm<\/span><\/td>\n<\/tr>\n<tr>\n<td><span data-mce-mark=\"1\"><strong>longueur<\/strong><\/span><\/td>\n<td><span data-mce-mark=\"1\">24 mm<\/span><\/td>\n<\/tr>\n<tr>\n<td><span data-mce-mark=\"1\"><strong>Couleur<\/strong><\/span><\/td>\n<td><span data-mce-mark=\"1\">blanc<\/span><\/td>\n<\/tr>\n<tr>\n<td><span data-mce-mark=\"1\"><strong>Caract\u00e9ristiques sp\u00e9ciales<\/strong><\/span><\/td>\n<td><span data-mce-mark=\"1\">gravure au laser<\/span><\/td>\n<\/tr>\n<tr>\n<td><span data-mce-mark=\"1\"><strong>Conditionnement<\/strong><\/span><\/td>\n<td><span data-mce-mark=\"1\">aluminium<\/span><\/td>\n<\/tr>\n<\/tbody>\n<\/table>\n<\/div>\n","protected":false},"excerpt":{"rendered":"<p>Ayez un c\u0153ur pour vos chaussures et d\u00e9corez vos lacets ! Gardez les c\u0153urs pour vous ou offrez-les \u00e0 des personnes qui comptent pour vous. Choisissez soigneusement vos pas et \u00e9vitez les situations stressantes. Avec nos \u00e9tiquettes chaussures, l&#8217;id\u00e9e NO STRESS vous accompagne \u00e0 chaque \u00e9tape. Un v\u00e9ritable artisanat de notre usine, avec gravure au [&hellip;]<\/p>\n","protected":false},"featured_media":25581,"comment_status":"closed","ping_status":"closed","template":"","meta":{"_glsr_average":0,"_glsr_ranking":0,"_glsr_reviews":0},"product_brand":[],"product_cat":[624],"product_tag":[563,625],"class_list":{"0":"post-25578","1":"product","2":"type-product","3":"status-publish","4":"has-post-thumbnail","6":"product_cat-etiquette-de-chaussure","7":"product_tag-conception-x","8":"product_tag-etiquette-de-chaussure","9":"pa_marke-x-design-fr","10":"pa_material-925-silber-fr","11":"pa_material-edelstahl-fr","13":"first","14":"instock","15":"taxable","16":"shipping-taxable","17":"product-type-variable"},"exclude_global_add_ons":[],"addons":[],"yoast_head":"<!-- This site is optimized with the Yoast SEO plugin v25.6 - https:\/\/yoast.com\/wordpress\/plugins\/seo\/ -->\n<title>\u00e9tiquette de chaussure HERZ argent 925 \/ acier inoxydable - Beatrice M\u00fcller<\/title>\n<meta name=\"robots\" content=\"index, follow, max-snippet:-1, max-image-preview:large, max-video-preview:-1\" \/>\n<link rel=\"canonical\" href=\"https:\/\/beatrice-mueller.de\/fr\/produit\/etiquette-de-chaussure-herz-argent-925-acier-inoxydable\/\" \/>\n<meta property=\"og:locale\" content=\"fr_FR\" \/>\n<meta property=\"og:type\" content=\"article\" \/>\n<meta property=\"og:title\" content=\"\u00e9tiquette de chaussure HERZ argent 925 \/ acier inoxydable - Beatrice M\u00fcller\" \/>\n<meta property=\"og:description\" content=\"Ayez un c\u0153ur pour vos chaussures et d\u00e9corez vos lacets ! Gardez les c\u0153urs pour vous ou offrez-les \u00e0 des personnes qui comptent pour vous. Choisissez soigneusement vos pas et \u00e9vitez les situations stressantes. Avec nos \u00e9tiquettes chaussures, l&#8217;id\u00e9e NO STRESS vous accompagne \u00e0 chaque \u00e9tape. Un v\u00e9ritable artisanat de notre usine, avec gravure au [&hellip;]\" \/>\n<meta property=\"og:url\" content=\"https:\/\/beatrice-mueller.de\/fr\/produit\/etiquette-de-chaussure-herz-argent-925-acier-inoxydable\/\" \/>\n<meta property=\"og:site_name\" content=\"Beatrice M\u00fcller\" \/>\n<meta property=\"og:image\" content=\"https:\/\/beatrice-mueller.de\/wp-content\/uploads\/2022\/02\/XD_Schuhlabel_Herz_emotional.jpg\" \/>\n\t<meta property=\"og:image:width\" content=\"1000\" \/>\n\t<meta property=\"og:image:height\" content=\"1000\" \/>\n\t<meta property=\"og:image:type\" content=\"image\/jpeg\" \/>\n<meta name=\"twitter:card\" content=\"summary_large_image\" \/>\n<meta name=\"twitter:label1\" content=\"Dur\u00e9e de lecture estim\u00e9e\" \/>\n\t<meta name=\"twitter:data1\" content=\"1 minute\" \/>\n<script type=\"application\/ld+json\" class=\"yoast-schema-graph\">{\"@context\":\"https:\/\/schema.org\",\"@graph\":[{\"@type\":\"WebPage\",\"@id\":\"https:\/\/beatrice-mueller.de\/fr\/produit\/etiquette-de-chaussure-herz-argent-925-acier-inoxydable\/\",\"url\":\"https:\/\/beatrice-mueller.de\/fr\/produit\/etiquette-de-chaussure-herz-argent-925-acier-inoxydable\/\",\"name\":\"\u00e9tiquette de chaussure HERZ argent 925 \/ acier inoxydable - Beatrice M\u00fcller\",\"isPartOf\":{\"@id\":\"https:\/\/beatrice-mueller.de\/fr\/#website\"},\"primaryImageOfPage\":{\"@id\":\"https:\/\/beatrice-mueller.de\/fr\/produit\/etiquette-de-chaussure-herz-argent-925-acier-inoxydable\/#primaryimage\"},\"image\":{\"@id\":\"https:\/\/beatrice-mueller.de\/fr\/produit\/etiquette-de-chaussure-herz-argent-925-acier-inoxydable\/#primaryimage\"},\"thumbnailUrl\":\"https:\/\/beatrice-mueller.de\/wp-content\/uploads\/2022\/02\/XD_Schuhlabel_Herz_emotional.jpg\",\"datePublished\":\"2025-02-23T11:29:51+00:00\",\"breadcrumb\":{\"@id\":\"https:\/\/beatrice-mueller.de\/fr\/produit\/etiquette-de-chaussure-herz-argent-925-acier-inoxydable\/#breadcrumb\"},\"inLanguage\":\"fr-FR\",\"potentialAction\":[{\"@type\":\"ReadAction\",\"target\":[\"https:\/\/beatrice-mueller.de\/fr\/produit\/etiquette-de-chaussure-herz-argent-925-acier-inoxydable\/\"]}]},{\"@type\":\"ImageObject\",\"inLanguage\":\"fr-FR\",\"@id\":\"https:\/\/beatrice-mueller.de\/fr\/produit\/etiquette-de-chaussure-herz-argent-925-acier-inoxydable\/#primaryimage\",\"url\":\"https:\/\/beatrice-mueller.de\/wp-content\/uploads\/2022\/02\/XD_Schuhlabel_Herz_emotional.jpg\",\"contentUrl\":\"https:\/\/beatrice-mueller.de\/wp-content\/uploads\/2022\/02\/XD_Schuhlabel_Herz_emotional.jpg\",\"width\":1000,\"height\":1000},{\"@type\":\"BreadcrumbList\",\"@id\":\"https:\/\/beatrice-mueller.de\/fr\/produit\/etiquette-de-chaussure-herz-argent-925-acier-inoxydable\/#breadcrumb\",\"itemListElement\":[{\"@type\":\"ListItem\",\"position\":1,\"name\":\"Startseite\",\"item\":\"https:\/\/beatrice-mueller.de\/fr\/\"},{\"@type\":\"ListItem\",\"position\":2,\"name\":\"Boutique\",\"item\":\"https:\/\/beatrice-mueller.de\/fr\/boutique-2\/\"},{\"@type\":\"ListItem\",\"position\":3,\"name\":\"\u00e9tiquette de chaussure HERZ argent 925 \/ acier inoxydable\"}]},{\"@type\":\"WebSite\",\"@id\":\"https:\/\/beatrice-mueller.de\/fr\/#website\",\"url\":\"https:\/\/beatrice-mueller.de\/fr\/\",\"name\":\"Beatrice M\u00fcller\",\"description\":\"Schmuckdesign\",\"potentialAction\":[{\"@type\":\"SearchAction\",\"target\":{\"@type\":\"EntryPoint\",\"urlTemplate\":\"https:\/\/beatrice-mueller.de\/fr\/?s={search_term_string}\"},\"query-input\":{\"@type\":\"PropertyValueSpecification\",\"valueRequired\":true,\"valueName\":\"search_term_string\"}}],\"inLanguage\":\"fr-FR\"}]}<\/script>\n<!-- \/ Yoast SEO plugin. -->","yoast_head_json":{"title":"\u00e9tiquette de chaussure HERZ argent 925 \/ acier inoxydable - Beatrice M\u00fcller","robots":{"index":"index","follow":"follow","max-snippet":"max-snippet:-1","max-image-preview":"max-image-preview:large","max-video-preview":"max-video-preview:-1"},"canonical":"https:\/\/beatrice-mueller.de\/fr\/produit\/etiquette-de-chaussure-herz-argent-925-acier-inoxydable\/","og_locale":"fr_FR","og_type":"article","og_title":"\u00e9tiquette de chaussure HERZ argent 925 \/ acier inoxydable - Beatrice M\u00fcller","og_description":"Ayez un c\u0153ur pour vos chaussures et d\u00e9corez vos lacets ! Gardez les c\u0153urs pour vous ou offrez-les \u00e0 des personnes qui comptent pour vous. Choisissez soigneusement vos pas et \u00e9vitez les situations stressantes. Avec nos \u00e9tiquettes chaussures, l&#8217;id\u00e9e NO STRESS vous accompagne \u00e0 chaque \u00e9tape. Un v\u00e9ritable artisanat de notre usine, avec gravure au [&hellip;]","og_url":"https:\/\/beatrice-mueller.de\/fr\/produit\/etiquette-de-chaussure-herz-argent-925-acier-inoxydable\/","og_site_name":"Beatrice M\u00fcller","og_image":[{"width":1000,"height":1000,"url":"https:\/\/beatrice-mueller.de\/wp-content\/uploads\/2022\/02\/XD_Schuhlabel_Herz_emotional.jpg","type":"image\/jpeg"}],"twitter_card":"summary_large_image","twitter_misc":{"Dur\u00e9e de lecture estim\u00e9e":"1 minute"},"schema":{"@context":"https:\/\/schema.org","@graph":[{"@type":"WebPage","@id":"https:\/\/beatrice-mueller.de\/fr\/produit\/etiquette-de-chaussure-herz-argent-925-acier-inoxydable\/","url":"https:\/\/beatrice-mueller.de\/fr\/produit\/etiquette-de-chaussure-herz-argent-925-acier-inoxydable\/","name":"\u00e9tiquette de chaussure HERZ argent 925 \/ acier inoxydable - Beatrice M\u00fcller","isPartOf":{"@id":"https:\/\/beatrice-mueller.de\/fr\/#website"},"primaryImageOfPage":{"@id":"https:\/\/beatrice-mueller.de\/fr\/produit\/etiquette-de-chaussure-herz-argent-925-acier-inoxydable\/#primaryimage"},"image":{"@id":"https:\/\/beatrice-mueller.de\/fr\/produit\/etiquette-de-chaussure-herz-argent-925-acier-inoxydable\/#primaryimage"},"thumbnailUrl":"https:\/\/beatrice-mueller.de\/wp-content\/uploads\/2022\/02\/XD_Schuhlabel_Herz_emotional.jpg","datePublished":"2025-02-23T11:29:51+00:00","breadcrumb":{"@id":"https:\/\/beatrice-mueller.de\/fr\/produit\/etiquette-de-chaussure-herz-argent-925-acier-inoxydable\/#breadcrumb"},"inLanguage":"fr-FR","potentialAction":[{"@type":"ReadAction","target":["https:\/\/beatrice-mueller.de\/fr\/produit\/etiquette-de-chaussure-herz-argent-925-acier-inoxydable\/"]}]},{"@type":"ImageObject","inLanguage":"fr-FR","@id":"https:\/\/beatrice-mueller.de\/fr\/produit\/etiquette-de-chaussure-herz-argent-925-acier-inoxydable\/#primaryimage","url":"https:\/\/beatrice-mueller.de\/wp-content\/uploads\/2022\/02\/XD_Schuhlabel_Herz_emotional.jpg","contentUrl":"https:\/\/beatrice-mueller.de\/wp-content\/uploads\/2022\/02\/XD_Schuhlabel_Herz_emotional.jpg","width":1000,"height":1000},{"@type":"BreadcrumbList","@id":"https:\/\/beatrice-mueller.de\/fr\/produit\/etiquette-de-chaussure-herz-argent-925-acier-inoxydable\/#breadcrumb","itemListElement":[{"@type":"ListItem","position":1,"name":"Startseite","item":"https:\/\/beatrice-mueller.de\/fr\/"},{"@type":"ListItem","position":2,"name":"Boutique","item":"https:\/\/beatrice-mueller.de\/fr\/boutique-2\/"},{"@type":"ListItem","position":3,"name":"\u00e9tiquette de chaussure HERZ argent 925 \/ acier inoxydable"}]},{"@type":"WebSite","@id":"https:\/\/beatrice-mueller.de\/fr\/#website","url":"https:\/\/beatrice-mueller.de\/fr\/","name":"Beatrice M\u00fcller","description":"Schmuckdesign","potentialAction":[{"@type":"SearchAction","target":{"@type":"EntryPoint","urlTemplate":"https:\/\/beatrice-mueller.de\/fr\/?s={search_term_string}"},"query-input":{"@type":"PropertyValueSpecification","valueRequired":true,"valueName":"search_term_string"}}],"inLanguage":"fr-FR"}]}},"_links":{"self":[{"href":"https:\/\/beatrice-mueller.de\/fr\/wp-json\/wp\/v2\/product\/25578","targetHints":{"allow":["GET"]}}],"collection":[{"href":"https:\/\/beatrice-mueller.de\/fr\/wp-json\/wp\/v2\/product"}],"about":[{"href":"https:\/\/beatrice-mueller.de\/fr\/wp-json\/wp\/v2\/types\/product"}],"replies":[{"embeddable":true,"href":"https:\/\/beatrice-mueller.de\/fr\/wp-json\/wp\/v2\/comments?post=25578"}],"wp:featuredmedia":[{"embeddable":true,"href":"https:\/\/beatrice-mueller.de\/fr\/wp-json\/wp\/v2\/media\/25581"}],"wp:attachment":[{"href":"https:\/\/beatrice-mueller.de\/fr\/wp-json\/wp\/v2\/media?parent=25578"}],"wp:term":[{"taxonomy":"product_brand","embeddable":true,"href":"https:\/\/beatrice-mueller.de\/fr\/wp-json\/wp\/v2\/product_brand?post=25578"},{"taxonomy":"product_cat","embeddable":true,"href":"https:\/\/beatrice-mueller.de\/fr\/wp-json\/wp\/v2\/product_cat?post=25578"},{"taxonomy":"product_tag","embeddable":true,"href":"https:\/\/beatrice-mueller.de\/fr\/wp-json\/wp\/v2\/product_tag?post=25578"}],"curies":[{"name":"wp","href":"https:\/\/api.w.org\/{rel}","templated":true}]}}