{"id":27509,"date":"2022-12-13T21:54:21","date_gmt":"2025-03-20T02:54:33","guid":{"rendered":"https:\/\/beatrice-mueller.de\/produkt\/le-livre-de-beatrice-mueller\/"},"modified":"2025-03-20T03:54:33","modified_gmt":"2025-03-20T02:54:33","slug":"le-livre-de-beatrice-mueller","status":"publish","type":"product","link":"https:\/\/beatrice-mueller.de\/fr\/produit\/le-livre-de-beatrice-mueller\/","title":{"rendered":"Le livre de Beatrice M\u00fcller"},"content":{"rendered":"<p><span style=\"display: inline-block;width: 0px;overflow: hidden;line-height: 0\" data-mce-type=\"bookmark\" class=\"mce_SELRES_start\"><\/span>Quelle est la signification des bijoux ? Beatrice M\u00fcller aborde le sujet dans une revue de sa carri\u00e8re professionnelle. Avec le titre \u00ab Les bijoux ne sont pas une d\u00e9coration\u2026 et celui qui les porte n\u2019est pas une colonne publicitaire \u00bb, la nouvelle auteure met sur papier ce que ses \u0153uvres d\u2019art incarnent depuis longtemps. Ils v\u00e9hiculent des messages qui capturent l\u2019esprit du temps et mettent en valeur la personnalit\u00e9 de celui qui les porte.   <\/p>\n<p>Le livre vous invite \u00e0 un voyage qui commence avant m\u00eame la fondation du studio et vous conduit \u00e0 travers la cr\u00e9ation des projets les plus extraordinaires de la vie du cr\u00e9ateur de bijoux. Les pages sont d\u00e9cor\u00e9es de nombreuses photos de ses \u00e9v\u00e9nements marquants et de ses \u0153uvres les plus c\u00e9l\u00e8bres. Dans des passages parfois plus longs, parfois plus courts, Beatrice M\u00fcller explique en quoi consistent ses bagues et ses collections. La deuxi\u00e8me partie du livre pr\u00e9sente quelques-unes des r\u00e9ussites et r\u00e9compenses du propri\u00e9taire du studio qui ont retenu l&#8217;attention de la presse. Parsem\u00e9 de petites histoires et d&#8217;anecdotes, c&#8217;est un retour sur la vie mouvement\u00e9e d&#8217;un artiste qui, au d\u00e9part, ne voulait pas l&#8217;\u00eatre.    <\/p>\n","protected":false},"excerpt":{"rendered":"<p>Quelle est la signification des bijoux ? Beatrice M\u00fcller aborde le sujet dans une revue de sa carri\u00e8re professionnelle. Avec le titre \u00ab Les bijoux ne sont pas une d\u00e9coration\u2026 et celui qui les porte n\u2019est pas une colonne publicitaire \u00bb, la nouvelle auteure met sur papier ce que ses \u0153uvres d\u2019art incarnent depuis longtemps. [&hellip;]<\/p>\n","protected":false},"featured_media":27510,"comment_status":"closed","ping_status":"closed","template":"","meta":{"_glsr_average":0,"_glsr_ranking":0,"_glsr_reviews":0},"product_brand":[],"product_cat":[1562],"product_tag":[],"class_list":{"0":"post-27509","1":"product","2":"type-product","3":"status-publish","4":"has-post-thumbnail","6":"product_cat-livres","8":"first","9":"instock","10":"taxable","11":"shipping-taxable","12":"purchasable","13":"product-type-simple"},"exclude_global_add_ons":[],"addons":[],"yoast_head":"<!-- This site is optimized with the Yoast SEO plugin v25.6 - https:\/\/yoast.com\/wordpress\/plugins\/seo\/ -->\n<title>Le livre de Beatrice M\u00fcller - Beatrice M\u00fcller<\/title>\n<meta name=\"description\" content=\"Quelle est la signification des bijoux ? Beatrice M\u00fcller aborde le sujet dans une revue de sa carri\u00e8re professionnelle.\" \/>\n<meta name=\"robots\" content=\"index, follow, max-snippet:-1, max-image-preview:large, max-video-preview:-1\" \/>\n<link rel=\"canonical\" href=\"https:\/\/beatrice-mueller.de\/fr\/produit\/le-livre-de-beatrice-mueller\/\" \/>\n<meta property=\"og:locale\" content=\"fr_FR\" \/>\n<meta property=\"og:type\" content=\"article\" \/>\n<meta property=\"og:title\" content=\"Le livre de Beatrice M\u00fcller - Beatrice M\u00fcller\" \/>\n<meta property=\"og:description\" content=\"Quelle est la signification des bijoux ? Beatrice M\u00fcller aborde le sujet dans une revue de sa carri\u00e8re professionnelle.\" \/>\n<meta property=\"og:url\" content=\"https:\/\/beatrice-mueller.de\/fr\/produit\/le-livre-de-beatrice-mueller\/\" \/>\n<meta property=\"og:site_name\" content=\"Beatrice M\u00fcller\" \/>\n<meta property=\"og:image\" content=\"https:\/\/beatrice-mueller.de\/wp-content\/uploads\/2020\/10\/beatrice-mueller-buch-klein.jpg\" \/>\n\t<meta property=\"og:image:width\" content=\"914\" \/>\n\t<meta property=\"og:image:height\" content=\"1208\" \/>\n\t<meta property=\"og:image:type\" content=\"image\/jpeg\" \/>\n<meta name=\"twitter:card\" content=\"summary_large_image\" \/>\n<meta name=\"twitter:label1\" content=\"Dur\u00e9e de lecture estim\u00e9e\" \/>\n\t<meta name=\"twitter:data1\" content=\"1 minute\" \/>\n<script type=\"application\/ld+json\" class=\"yoast-schema-graph\">{\"@context\":\"https:\/\/schema.org\",\"@graph\":[{\"@type\":\"WebPage\",\"@id\":\"https:\/\/beatrice-mueller.de\/fr\/produit\/le-livre-de-beatrice-mueller\/\",\"url\":\"https:\/\/beatrice-mueller.de\/fr\/produit\/le-livre-de-beatrice-mueller\/\",\"name\":\"Le livre de Beatrice M\u00fcller - Beatrice M\u00fcller\",\"isPartOf\":{\"@id\":\"https:\/\/beatrice-mueller.de\/fr\/#website\"},\"primaryImageOfPage\":{\"@id\":\"https:\/\/beatrice-mueller.de\/fr\/produit\/le-livre-de-beatrice-mueller\/#primaryimage\"},\"image\":{\"@id\":\"https:\/\/beatrice-mueller.de\/fr\/produit\/le-livre-de-beatrice-mueller\/#primaryimage\"},\"thumbnailUrl\":\"https:\/\/beatrice-mueller.de\/wp-content\/uploads\/2020\/10\/beatrice-mueller-buch-klein.jpg\",\"datePublished\":\"2025-03-20T02:54:33+00:00\",\"description\":\"Quelle est la signification des bijoux ? Beatrice M\u00fcller aborde le sujet dans une revue de sa carri\u00e8re professionnelle.\",\"breadcrumb\":{\"@id\":\"https:\/\/beatrice-mueller.de\/fr\/produit\/le-livre-de-beatrice-mueller\/#breadcrumb\"},\"inLanguage\":\"fr-FR\",\"potentialAction\":[{\"@type\":\"ReadAction\",\"target\":[\"https:\/\/beatrice-mueller.de\/fr\/produit\/le-livre-de-beatrice-mueller\/\"]}]},{\"@type\":\"ImageObject\",\"inLanguage\":\"fr-FR\",\"@id\":\"https:\/\/beatrice-mueller.de\/fr\/produit\/le-livre-de-beatrice-mueller\/#primaryimage\",\"url\":\"https:\/\/beatrice-mueller.de\/wp-content\/uploads\/2020\/10\/beatrice-mueller-buch-klein.jpg\",\"contentUrl\":\"https:\/\/beatrice-mueller.de\/wp-content\/uploads\/2020\/10\/beatrice-mueller-buch-klein.jpg\",\"width\":914,\"height\":1208},{\"@type\":\"BreadcrumbList\",\"@id\":\"https:\/\/beatrice-mueller.de\/fr\/produit\/le-livre-de-beatrice-mueller\/#breadcrumb\",\"itemListElement\":[{\"@type\":\"ListItem\",\"position\":1,\"name\":\"Startseite\",\"item\":\"https:\/\/beatrice-mueller.de\/fr\/\"},{\"@type\":\"ListItem\",\"position\":2,\"name\":\"Boutique\",\"item\":\"https:\/\/beatrice-mueller.de\/fr\/boutique-2\/\"},{\"@type\":\"ListItem\",\"position\":3,\"name\":\"Le livre de Beatrice M\u00fcller\"}]},{\"@type\":\"WebSite\",\"@id\":\"https:\/\/beatrice-mueller.de\/fr\/#website\",\"url\":\"https:\/\/beatrice-mueller.de\/fr\/\",\"name\":\"Beatrice M\u00fcller\",\"description\":\"Schmuckdesign\",\"potentialAction\":[{\"@type\":\"SearchAction\",\"target\":{\"@type\":\"EntryPoint\",\"urlTemplate\":\"https:\/\/beatrice-mueller.de\/fr\/?s={search_term_string}\"},\"query-input\":{\"@type\":\"PropertyValueSpecification\",\"valueRequired\":true,\"valueName\":\"search_term_string\"}}],\"inLanguage\":\"fr-FR\"}]}<\/script>\n<!-- \/ Yoast SEO plugin. -->","yoast_head_json":{"title":"Le livre de Beatrice M\u00fcller - Beatrice M\u00fcller","description":"Quelle est la signification des bijoux ? Beatrice M\u00fcller aborde le sujet dans une revue de sa carri\u00e8re professionnelle.","robots":{"index":"index","follow":"follow","max-snippet":"max-snippet:-1","max-image-preview":"max-image-preview:large","max-video-preview":"max-video-preview:-1"},"canonical":"https:\/\/beatrice-mueller.de\/fr\/produit\/le-livre-de-beatrice-mueller\/","og_locale":"fr_FR","og_type":"article","og_title":"Le livre de Beatrice M\u00fcller - Beatrice M\u00fcller","og_description":"Quelle est la signification des bijoux ? Beatrice M\u00fcller aborde le sujet dans une revue de sa carri\u00e8re professionnelle.","og_url":"https:\/\/beatrice-mueller.de\/fr\/produit\/le-livre-de-beatrice-mueller\/","og_site_name":"Beatrice M\u00fcller","og_image":[{"width":914,"height":1208,"url":"https:\/\/beatrice-mueller.de\/wp-content\/uploads\/2020\/10\/beatrice-mueller-buch-klein.jpg","type":"image\/jpeg"}],"twitter_card":"summary_large_image","twitter_misc":{"Dur\u00e9e de lecture estim\u00e9e":"1 minute"},"schema":{"@context":"https:\/\/schema.org","@graph":[{"@type":"WebPage","@id":"https:\/\/beatrice-mueller.de\/fr\/produit\/le-livre-de-beatrice-mueller\/","url":"https:\/\/beatrice-mueller.de\/fr\/produit\/le-livre-de-beatrice-mueller\/","name":"Le livre de Beatrice M\u00fcller - Beatrice M\u00fcller","isPartOf":{"@id":"https:\/\/beatrice-mueller.de\/fr\/#website"},"primaryImageOfPage":{"@id":"https:\/\/beatrice-mueller.de\/fr\/produit\/le-livre-de-beatrice-mueller\/#primaryimage"},"image":{"@id":"https:\/\/beatrice-mueller.de\/fr\/produit\/le-livre-de-beatrice-mueller\/#primaryimage"},"thumbnailUrl":"https:\/\/beatrice-mueller.de\/wp-content\/uploads\/2020\/10\/beatrice-mueller-buch-klein.jpg","datePublished":"2025-03-20T02:54:33+00:00","description":"Quelle est la signification des bijoux ? Beatrice M\u00fcller aborde le sujet dans une revue de sa carri\u00e8re professionnelle.","breadcrumb":{"@id":"https:\/\/beatrice-mueller.de\/fr\/produit\/le-livre-de-beatrice-mueller\/#breadcrumb"},"inLanguage":"fr-FR","potentialAction":[{"@type":"ReadAction","target":["https:\/\/beatrice-mueller.de\/fr\/produit\/le-livre-de-beatrice-mueller\/"]}]},{"@type":"ImageObject","inLanguage":"fr-FR","@id":"https:\/\/beatrice-mueller.de\/fr\/produit\/le-livre-de-beatrice-mueller\/#primaryimage","url":"https:\/\/beatrice-mueller.de\/wp-content\/uploads\/2020\/10\/beatrice-mueller-buch-klein.jpg","contentUrl":"https:\/\/beatrice-mueller.de\/wp-content\/uploads\/2020\/10\/beatrice-mueller-buch-klein.jpg","width":914,"height":1208},{"@type":"BreadcrumbList","@id":"https:\/\/beatrice-mueller.de\/fr\/produit\/le-livre-de-beatrice-mueller\/#breadcrumb","itemListElement":[{"@type":"ListItem","position":1,"name":"Startseite","item":"https:\/\/beatrice-mueller.de\/fr\/"},{"@type":"ListItem","position":2,"name":"Boutique","item":"https:\/\/beatrice-mueller.de\/fr\/boutique-2\/"},{"@type":"ListItem","position":3,"name":"Le livre de Beatrice M\u00fcller"}]},{"@type":"WebSite","@id":"https:\/\/beatrice-mueller.de\/fr\/#website","url":"https:\/\/beatrice-mueller.de\/fr\/","name":"Beatrice M\u00fcller","description":"Schmuckdesign","potentialAction":[{"@type":"SearchAction","target":{"@type":"EntryPoint","urlTemplate":"https:\/\/beatrice-mueller.de\/fr\/?s={search_term_string}"},"query-input":{"@type":"PropertyValueSpecification","valueRequired":true,"valueName":"search_term_string"}}],"inLanguage":"fr-FR"}]}},"_links":{"self":[{"href":"https:\/\/beatrice-mueller.de\/fr\/wp-json\/wp\/v2\/product\/27509","targetHints":{"allow":["GET"]}}],"collection":[{"href":"https:\/\/beatrice-mueller.de\/fr\/wp-json\/wp\/v2\/product"}],"about":[{"href":"https:\/\/beatrice-mueller.de\/fr\/wp-json\/wp\/v2\/types\/product"}],"replies":[{"embeddable":true,"href":"https:\/\/beatrice-mueller.de\/fr\/wp-json\/wp\/v2\/comments?post=27509"}],"wp:featuredmedia":[{"embeddable":true,"href":"https:\/\/beatrice-mueller.de\/fr\/wp-json\/wp\/v2\/media\/27510"}],"wp:attachment":[{"href":"https:\/\/beatrice-mueller.de\/fr\/wp-json\/wp\/v2\/media?parent=27509"}],"wp:term":[{"taxonomy":"product_brand","embeddable":true,"href":"https:\/\/beatrice-mueller.de\/fr\/wp-json\/wp\/v2\/product_brand?post=27509"},{"taxonomy":"product_cat","embeddable":true,"href":"https:\/\/beatrice-mueller.de\/fr\/wp-json\/wp\/v2\/product_cat?post=27509"},{"taxonomy":"product_tag","embeddable":true,"href":"https:\/\/beatrice-mueller.de\/fr\/wp-json\/wp\/v2\/product_tag?post=27509"}],"curies":[{"name":"wp","href":"https:\/\/api.w.org\/{rel}","templated":true}]}}