{"id":27544,"date":"2022-03-17T08:19:26","date_gmt":"2025-03-20T02:55:07","guid":{"rendered":"https:\/\/beatrice-mueller.de\/produkt\/cuillere-wisdom-i-acier-inoxydable-personnalisable\/"},"modified":"2025-03-20T03:55:07","modified_gmt":"2025-03-20T02:55:07","slug":"cuillere-wisdom-i-acier-inoxydable-personnalisable","status":"publish","type":"product","link":"https:\/\/beatrice-mueller.de\/fr\/produit\/cuillere-wisdom-i-acier-inoxydable-personnalisable\/","title":{"rendered":"Cuill\u00e8re WISDOM I Acier inoxydable personnalisable"},"content":{"rendered":"<p>Votre sagesse mang\u00e9e \u00e0 la petite cuill\u00e8re\u2026<\/p>\n<p>Vos couverts re\u00e7oivent une touche individuelle avec notre cuill\u00e8re WISDOM. D\u00e9corez la poign\u00e9e et\/ou le bol avec votre texte individuel, un dicton amusant ou votre devise personnelle. <\/p>\n<p><strong>Sur demande, une gravure laser individuelle avec un symbole, un logo ou un dessin peut \u00eatre r\u00e9alis\u00e9e. Veuillez nous contacter par <a title=\"Envoyer un courrier \u00e0 X-Design\" href=\"mailto:bm@schmuck-design-objekte.de\" target=\"_blank\" rel=\"noopener noreferrer\">e-mail<\/a> et nous discuterons de tout le reste. <\/strong><\/p>\n<p><span style=\"color: #ff0000;\">\u2718<\/span> Id\u00e9al comme cadeau ou comme extra unique pour la maison.<\/p>\n<p><span style=\"color: #ff0000;\">\u2718<\/span> La cuill\u00e8re \u00e0 soupe est en acier inoxydable mat et passe au lave-vaisselle.<\/p>\n<div class=\"product--description\"><\/div>\n<div class=\"product--description\">\n<p>&nbsp;<\/p>\n<table border=\"0\" frame=\"void\">\n<tbody>\n<tr>\n<td><span data-mce-mark=\"1\"><strong>mat\u00e9riel<\/strong><\/span><\/td>\n<td><span data-mce-mark=\"1\">acier inoxydable<\/span><\/td>\n<\/tr>\n<tr>\n<td><span data-mce-mark=\"1\"><strong>longueur<\/strong><\/span><\/td>\n<td>19,5 mm<\/td>\n<\/tr>\n<tr>\n<td><span data-mce-mark=\"1\"><strong>surface<\/strong><\/span><\/td>\n<td><span data-mce-mark=\"1\">tapis fluide<\/span><\/td>\n<\/tr>\n<tr>\n<td><span data-mce-mark=\"1\"><strong>Caract\u00e9ristiques sp\u00e9ciales<\/strong><\/span><\/td>\n<td><span data-mce-mark=\"1\">gravure au laser<br \/>\n<\/span><\/td>\n<\/tr>\n<\/tbody>\n<\/table>\n<\/div>\n","protected":false},"excerpt":{"rendered":"<p>Votre sagesse mang\u00e9e \u00e0 la petite cuill\u00e8re\u2026 Vos couverts re\u00e7oivent une touche individuelle avec notre cuill\u00e8re WISDOM. D\u00e9corez la poign\u00e9e et\/ou le bol avec votre texte individuel, un dicton amusant ou votre devise personnelle. Sur demande, une gravure laser individuelle avec un symbole, un logo ou un dessin peut \u00eatre r\u00e9alis\u00e9e. Veuillez nous contacter par [&hellip;]<\/p>\n","protected":false},"featured_media":27545,"comment_status":"closed","ping_status":"closed","template":"","meta":{"_glsr_average":0,"_glsr_ranking":0,"_glsr_reviews":0},"product_brand":[],"product_cat":[588],"product_tag":[1564,563,589,629],"class_list":{"0":"post-27544","1":"product","2":"type-product","3":"status-publish","4":"has-post-thumbnail","6":"product_cat-culture-de-la-table","7":"product_tag-cadeau","8":"product_tag-conception-x","9":"product_tag-culture-de-la-table","10":"product_tag-personnalise","11":"pa_marke-x-design-fr","13":"first","14":"instock","15":"taxable","16":"shipping-taxable","17":"purchasable","18":"product-type-simple"},"exclude_global_add_ons":false,"addons":[{"name":"texte","type":"custom_text","position":0,"required":false,"title_format":"label","default":"","description_enable":false,"description":null,"placeholder_enable":false,"placeholder":null,"display":"select","restrictions_type":"any_text","adjust_price":false,"price":"","price_type":"flat_fee","restrictions":false,"min":"0","max":"0","options":[]},{"name":"Cuill\u00e8re","type":"multiple_choice","position":1,"required":false,"title_format":"label","default":"","description_enable":false,"description":null,"placeholder_enable":false,"placeholder":null,"display":"radiobutton","restrictions_type":"any_text","adjust_price":false,"price":"","price_type":"flat_fee","restrictions":false,"min":"0","max":"0","options":[{"label":"Texte sur la poign\u00e9e","price":"","price_type":"flat_fee","image":0,"visibility":true},{"label":"Texte ou image sur le bol","price":"","price_type":"flat_fee","image":0,"visibility":true},{"label":"Texte\/image sur la poign\u00e9e et le bol","price":"","price_type":"flat_fee","image":0,"visibility":true}]}],"yoast_head":"<!-- This site is optimized with the Yoast SEO plugin v25.6 - https:\/\/yoast.com\/wordpress\/plugins\/seo\/ -->\n<title>Cuill\u00e8re WISDOM I Acier inoxydable personnalisable - Beatrice M\u00fcller<\/title>\n<meta name=\"robots\" content=\"index, follow, max-snippet:-1, max-image-preview:large, max-video-preview:-1\" \/>\n<link rel=\"canonical\" href=\"https:\/\/beatrice-mueller.de\/fr\/produit\/cuillere-wisdom-i-acier-inoxydable-personnalisable\/\" \/>\n<meta property=\"og:locale\" content=\"fr_FR\" \/>\n<meta property=\"og:type\" content=\"article\" \/>\n<meta property=\"og:title\" content=\"Cuill\u00e8re WISDOM I Acier inoxydable personnalisable - Beatrice M\u00fcller\" \/>\n<meta property=\"og:description\" content=\"Votre sagesse mang\u00e9e \u00e0 la petite cuill\u00e8re\u2026 Vos couverts re\u00e7oivent une touche individuelle avec notre cuill\u00e8re WISDOM. D\u00e9corez la poign\u00e9e et\/ou le bol avec votre texte individuel, un dicton amusant ou votre devise personnelle. Sur demande, une gravure laser individuelle avec un symbole, un logo ou un dessin peut \u00eatre r\u00e9alis\u00e9e. Veuillez nous contacter par [&hellip;]\" \/>\n<meta property=\"og:url\" content=\"https:\/\/beatrice-mueller.de\/fr\/produit\/cuillere-wisdom-i-acier-inoxydable-personnalisable\/\" \/>\n<meta property=\"og:site_name\" content=\"Beatrice M\u00fcller\" \/>\n<meta property=\"og:image\" content=\"https:\/\/beatrice-mueller.de\/wp-content\/uploads\/2022\/02\/Loeffel_ohne_oesen_clean.jpg\" \/>\n\t<meta property=\"og:image:width\" content=\"700\" \/>\n\t<meta property=\"og:image:height\" content=\"700\" \/>\n\t<meta property=\"og:image:type\" content=\"image\/jpeg\" \/>\n<meta name=\"twitter:card\" content=\"summary_large_image\" \/>\n<meta name=\"twitter:label1\" content=\"Dur\u00e9e de lecture estim\u00e9e\" \/>\n\t<meta name=\"twitter:data1\" content=\"1 minute\" \/>\n<script type=\"application\/ld+json\" class=\"yoast-schema-graph\">{\"@context\":\"https:\/\/schema.org\",\"@graph\":[{\"@type\":\"WebPage\",\"@id\":\"https:\/\/beatrice-mueller.de\/fr\/produit\/cuillere-wisdom-i-acier-inoxydable-personnalisable\/\",\"url\":\"https:\/\/beatrice-mueller.de\/fr\/produit\/cuillere-wisdom-i-acier-inoxydable-personnalisable\/\",\"name\":\"Cuill\u00e8re WISDOM I Acier inoxydable personnalisable - Beatrice M\u00fcller\",\"isPartOf\":{\"@id\":\"https:\/\/beatrice-mueller.de\/fr\/#website\"},\"primaryImageOfPage\":{\"@id\":\"https:\/\/beatrice-mueller.de\/fr\/produit\/cuillere-wisdom-i-acier-inoxydable-personnalisable\/#primaryimage\"},\"image\":{\"@id\":\"https:\/\/beatrice-mueller.de\/fr\/produit\/cuillere-wisdom-i-acier-inoxydable-personnalisable\/#primaryimage\"},\"thumbnailUrl\":\"https:\/\/beatrice-mueller.de\/wp-content\/uploads\/2022\/02\/Loeffel_ohne_oesen_clean.jpg\",\"datePublished\":\"2025-03-20T02:55:07+00:00\",\"breadcrumb\":{\"@id\":\"https:\/\/beatrice-mueller.de\/fr\/produit\/cuillere-wisdom-i-acier-inoxydable-personnalisable\/#breadcrumb\"},\"inLanguage\":\"fr-FR\",\"potentialAction\":[{\"@type\":\"ReadAction\",\"target\":[\"https:\/\/beatrice-mueller.de\/fr\/produit\/cuillere-wisdom-i-acier-inoxydable-personnalisable\/\"]}]},{\"@type\":\"ImageObject\",\"inLanguage\":\"fr-FR\",\"@id\":\"https:\/\/beatrice-mueller.de\/fr\/produit\/cuillere-wisdom-i-acier-inoxydable-personnalisable\/#primaryimage\",\"url\":\"https:\/\/beatrice-mueller.de\/wp-content\/uploads\/2022\/02\/Loeffel_ohne_oesen_clean.jpg\",\"contentUrl\":\"https:\/\/beatrice-mueller.de\/wp-content\/uploads\/2022\/02\/Loeffel_ohne_oesen_clean.jpg\",\"width\":700,\"height\":700},{\"@type\":\"BreadcrumbList\",\"@id\":\"https:\/\/beatrice-mueller.de\/fr\/produit\/cuillere-wisdom-i-acier-inoxydable-personnalisable\/#breadcrumb\",\"itemListElement\":[{\"@type\":\"ListItem\",\"position\":1,\"name\":\"Startseite\",\"item\":\"https:\/\/beatrice-mueller.de\/fr\/\"},{\"@type\":\"ListItem\",\"position\":2,\"name\":\"Boutique\",\"item\":\"https:\/\/beatrice-mueller.de\/fr\/boutique-2\/\"},{\"@type\":\"ListItem\",\"position\":3,\"name\":\"Cuill\u00e8re WISDOM I Acier inoxydable personnalisable\"}]},{\"@type\":\"WebSite\",\"@id\":\"https:\/\/beatrice-mueller.de\/fr\/#website\",\"url\":\"https:\/\/beatrice-mueller.de\/fr\/\",\"name\":\"Beatrice M\u00fcller\",\"description\":\"Schmuckdesign\",\"potentialAction\":[{\"@type\":\"SearchAction\",\"target\":{\"@type\":\"EntryPoint\",\"urlTemplate\":\"https:\/\/beatrice-mueller.de\/fr\/?s={search_term_string}\"},\"query-input\":{\"@type\":\"PropertyValueSpecification\",\"valueRequired\":true,\"valueName\":\"search_term_string\"}}],\"inLanguage\":\"fr-FR\"}]}<\/script>\n<!-- \/ Yoast SEO plugin. -->","yoast_head_json":{"title":"Cuill\u00e8re WISDOM I Acier inoxydable personnalisable - Beatrice M\u00fcller","robots":{"index":"index","follow":"follow","max-snippet":"max-snippet:-1","max-image-preview":"max-image-preview:large","max-video-preview":"max-video-preview:-1"},"canonical":"https:\/\/beatrice-mueller.de\/fr\/produit\/cuillere-wisdom-i-acier-inoxydable-personnalisable\/","og_locale":"fr_FR","og_type":"article","og_title":"Cuill\u00e8re WISDOM I Acier inoxydable personnalisable - Beatrice M\u00fcller","og_description":"Votre sagesse mang\u00e9e \u00e0 la petite cuill\u00e8re\u2026 Vos couverts re\u00e7oivent une touche individuelle avec notre cuill\u00e8re WISDOM. D\u00e9corez la poign\u00e9e et\/ou le bol avec votre texte individuel, un dicton amusant ou votre devise personnelle. Sur demande, une gravure laser individuelle avec un symbole, un logo ou un dessin peut \u00eatre r\u00e9alis\u00e9e. Veuillez nous contacter par [&hellip;]","og_url":"https:\/\/beatrice-mueller.de\/fr\/produit\/cuillere-wisdom-i-acier-inoxydable-personnalisable\/","og_site_name":"Beatrice M\u00fcller","og_image":[{"width":700,"height":700,"url":"https:\/\/beatrice-mueller.de\/wp-content\/uploads\/2022\/02\/Loeffel_ohne_oesen_clean.jpg","type":"image\/jpeg"}],"twitter_card":"summary_large_image","twitter_misc":{"Dur\u00e9e de lecture estim\u00e9e":"1 minute"},"schema":{"@context":"https:\/\/schema.org","@graph":[{"@type":"WebPage","@id":"https:\/\/beatrice-mueller.de\/fr\/produit\/cuillere-wisdom-i-acier-inoxydable-personnalisable\/","url":"https:\/\/beatrice-mueller.de\/fr\/produit\/cuillere-wisdom-i-acier-inoxydable-personnalisable\/","name":"Cuill\u00e8re WISDOM I Acier inoxydable personnalisable - Beatrice M\u00fcller","isPartOf":{"@id":"https:\/\/beatrice-mueller.de\/fr\/#website"},"primaryImageOfPage":{"@id":"https:\/\/beatrice-mueller.de\/fr\/produit\/cuillere-wisdom-i-acier-inoxydable-personnalisable\/#primaryimage"},"image":{"@id":"https:\/\/beatrice-mueller.de\/fr\/produit\/cuillere-wisdom-i-acier-inoxydable-personnalisable\/#primaryimage"},"thumbnailUrl":"https:\/\/beatrice-mueller.de\/wp-content\/uploads\/2022\/02\/Loeffel_ohne_oesen_clean.jpg","datePublished":"2025-03-20T02:55:07+00:00","breadcrumb":{"@id":"https:\/\/beatrice-mueller.de\/fr\/produit\/cuillere-wisdom-i-acier-inoxydable-personnalisable\/#breadcrumb"},"inLanguage":"fr-FR","potentialAction":[{"@type":"ReadAction","target":["https:\/\/beatrice-mueller.de\/fr\/produit\/cuillere-wisdom-i-acier-inoxydable-personnalisable\/"]}]},{"@type":"ImageObject","inLanguage":"fr-FR","@id":"https:\/\/beatrice-mueller.de\/fr\/produit\/cuillere-wisdom-i-acier-inoxydable-personnalisable\/#primaryimage","url":"https:\/\/beatrice-mueller.de\/wp-content\/uploads\/2022\/02\/Loeffel_ohne_oesen_clean.jpg","contentUrl":"https:\/\/beatrice-mueller.de\/wp-content\/uploads\/2022\/02\/Loeffel_ohne_oesen_clean.jpg","width":700,"height":700},{"@type":"BreadcrumbList","@id":"https:\/\/beatrice-mueller.de\/fr\/produit\/cuillere-wisdom-i-acier-inoxydable-personnalisable\/#breadcrumb","itemListElement":[{"@type":"ListItem","position":1,"name":"Startseite","item":"https:\/\/beatrice-mueller.de\/fr\/"},{"@type":"ListItem","position":2,"name":"Boutique","item":"https:\/\/beatrice-mueller.de\/fr\/boutique-2\/"},{"@type":"ListItem","position":3,"name":"Cuill\u00e8re WISDOM I Acier inoxydable personnalisable"}]},{"@type":"WebSite","@id":"https:\/\/beatrice-mueller.de\/fr\/#website","url":"https:\/\/beatrice-mueller.de\/fr\/","name":"Beatrice M\u00fcller","description":"Schmuckdesign","potentialAction":[{"@type":"SearchAction","target":{"@type":"EntryPoint","urlTemplate":"https:\/\/beatrice-mueller.de\/fr\/?s={search_term_string}"},"query-input":{"@type":"PropertyValueSpecification","valueRequired":true,"valueName":"search_term_string"}}],"inLanguage":"fr-FR"}]}},"_links":{"self":[{"href":"https:\/\/beatrice-mueller.de\/fr\/wp-json\/wp\/v2\/product\/27544","targetHints":{"allow":["GET"]}}],"collection":[{"href":"https:\/\/beatrice-mueller.de\/fr\/wp-json\/wp\/v2\/product"}],"about":[{"href":"https:\/\/beatrice-mueller.de\/fr\/wp-json\/wp\/v2\/types\/product"}],"replies":[{"embeddable":true,"href":"https:\/\/beatrice-mueller.de\/fr\/wp-json\/wp\/v2\/comments?post=27544"}],"wp:featuredmedia":[{"embeddable":true,"href":"https:\/\/beatrice-mueller.de\/fr\/wp-json\/wp\/v2\/media\/27545"}],"wp:attachment":[{"href":"https:\/\/beatrice-mueller.de\/fr\/wp-json\/wp\/v2\/media?parent=27544"}],"wp:term":[{"taxonomy":"product_brand","embeddable":true,"href":"https:\/\/beatrice-mueller.de\/fr\/wp-json\/wp\/v2\/product_brand?post=27544"},{"taxonomy":"product_cat","embeddable":true,"href":"https:\/\/beatrice-mueller.de\/fr\/wp-json\/wp\/v2\/product_cat?post=27544"},{"taxonomy":"product_tag","embeddable":true,"href":"https:\/\/beatrice-mueller.de\/fr\/wp-json\/wp\/v2\/product_tag?post=27544"}],"curies":[{"name":"wp","href":"https:\/\/api.w.org\/{rel}","templated":true}]}}