{"id":34603,"date":"2022-03-17T08:20:41","date_gmt":"2025-05-05T04:25:55","guid":{"rendered":"https:\/\/beatrice-mueller.de\/produkt\/bague-luxury-no-stress-x-en-or-jaune-750\/"},"modified":"2025-05-05T06:25:55","modified_gmt":"2025-05-05T04:25:55","slug":"bague-luxury-no-stress-x-en-or-jaune-750","status":"publish","type":"product","link":"https:\/\/beatrice-mueller.de\/fr\/produit\/bague-luxury-no-stress-x-en-or-jaune-750\/","title":{"rendered":"Bague LUXURY NO STRESS X en or jaune 750"},"content":{"rendered":"<div class=\"product--description\">Ce petit plus pour les femmes qui aiment les bijoux en or simples : la bague de luxe NO STRESS. Il renonce volontairement aux pierres d\u00e9coratives et s&#8217;appuie plut\u00f4t sur le fil conducteur comme ligne directrice. Un v\u00e9ritable mod\u00e8le polyvalent qui s&#8217;adapte habilement \u00e0 une grande vari\u00e9t\u00e9 de tenues.  <\/div>\n<p><strong>Attention : Cette bague n&#8217;est actuellement disponible qu&#8217;en taille 56.<\/strong><\/p>\n<p><span style=\"text-decoration: underline\">Caract\u00e9ristiques:<\/span><\/p>\n<p><span style=\"color: #ff0000\">\u2718<\/span> Comprend un certificat et un cachet d&#8217;authenticit\u00e9 (18K) sur le rail de l&#8217;anneau int\u00e9rieur.<\/p>\n<p><span style=\"color: #ff0000\">\u2718<\/span> Structure exceptionnelle gr\u00e2ce \u00e0 l&#8217;incorporation du fil.<\/p>\n<p><span style=\"color: #ff0000\">\u2718<\/span> Fabriqu\u00e9 dans notre propre atelier, qualit\u00e9 test\u00e9e \u00e0 la main.<\/p>\n<div class=\"product--description\">\n<p>&nbsp;<\/p>\n<table border=\"0\">\n<tbody>\n<tr>\n<td><span data-mce-mark=\"1\"><strong>Bijoux en mat\u00e9riaux<\/strong><\/span><\/td>\n<td><span data-mce-mark=\"1\">or jaune 750<\/span><\/td>\n<\/tr>\n<tr>\n<td><span data-mce-mark=\"1\"><strong>surface<\/strong><\/span><\/td>\n<td><span data-mce-mark=\"1\">structur\u00e9<\/span><\/td>\n<\/tr>\n<tr>\n<td><span data-mce-mark=\"1\"><strong>Hauteur<\/strong><\/span><\/td>\n<td>3,0 mm<\/td>\n<\/tr>\n<tr>\n<td><span data-mce-mark=\"1\"><strong>Largeur<\/strong><\/span><\/td>\n<td>14,5 mm<\/td>\n<\/tr>\n<tr>\n<td><span data-mce-mark=\"1\"><strong>Caract\u00e9ristiques sp\u00e9ciales<\/strong><\/span><\/td>\n<td><span data-mce-mark=\"1\">fil rouge<\/span><\/td>\n<\/tr>\n<\/tbody>\n<\/table>\n<\/div>\n<p><strong>D\u00c9TERMINER LA BONNE TAILLE DE BAGUE<\/strong><\/p>\n<p>La taille de la bague des bagues NO STRESS est d\u00e9termin\u00e9e en fonction de la circonf\u00e9rence de la bague int\u00e9rieure. Pour conna\u00eetre la circonf\u00e9rence correcte de la bague, il vous suffit d&#8217;un morceau de ficelle ou de papier. <\/p>\n<p><span data-mce-mark=\"1\">Enroulez le fil ou le papier autour de la partie du doigt o\u00f9 vous souhaitez porter la bague, puis mesurez la longueur. Les millim\u00e8tres mesur\u00e9s refl\u00e8tent la circonf\u00e9rence de la bague int\u00e9rieure. <\/span><span data-mce-mark=\"1\"> <\/span><\/p>\n<table border=\"0\">\n<tbody>\n<tr>\n<td><span data-mce-mark=\"1\"><strong>calibre annulaire de circonf\u00e9rence mesur\u00e9 (mm)<\/strong><\/span><\/td>\n<td><span data-mce-mark=\"1\"><strong>Diam\u00e8tre de la bague de jauge (mm)<\/strong><\/span><\/td>\n<\/tr>\n<tr>\n<td><span data-mce-mark=\"1\">52<\/span><\/td>\n<td><span data-mce-mark=\"1\">16,5<\/span><\/td>\n<\/tr>\n<tr>\n<td><span data-mce-mark=\"1\">53<\/span><\/td>\n<td><span data-mce-mark=\"1\">17<\/span><\/td>\n<\/tr>\n<tr>\n<td><span data-mce-mark=\"1\">54<\/span><\/td>\n<td><span data-mce-mark=\"1\">17h25<\/span><\/td>\n<\/tr>\n<tr>\n<td><span data-mce-mark=\"1\">55<\/span><\/td>\n<td><span data-mce-mark=\"1\">17,5<\/span><\/td>\n<\/tr>\n<tr>\n<td><span data-mce-mark=\"1\">56<\/span><\/td>\n<td><span data-mce-mark=\"1\">18<\/span><\/td>\n<\/tr>\n<tr>\n<td><span data-mce-mark=\"1\">57<\/span><\/td>\n<td><span data-mce-mark=\"1\">18h25<\/span><\/td>\n<\/tr>\n<tr>\n<td><span data-mce-mark=\"1\">58<\/span><\/td>\n<td><span data-mce-mark=\"1\">18,5<\/span><\/td>\n<\/tr>\n<tr>\n<td><span data-mce-mark=\"1\">59<\/span><\/td>\n<td><span data-mce-mark=\"1\">19<\/span><\/td>\n<\/tr>\n<tr>\n<td><span data-mce-mark=\"1\">60<\/span><\/td>\n<td><span data-mce-mark=\"1\">19h25<\/span><\/td>\n<\/tr>\n<tr>\n<td><span data-mce-mark=\"1\">61<\/span><\/td>\n<td><span data-mce-mark=\"1\">19,5<\/span><\/td>\n<\/tr>\n<tr>\n<td><span data-mce-mark=\"1\">62<\/span><\/td>\n<td><span data-mce-mark=\"1\">19,75<\/span><\/td>\n<\/tr>\n<tr>\n<td><span data-mce-mark=\"1\">63<\/span><\/td>\n<td><span data-mce-mark=\"1\">20<\/span><\/td>\n<\/tr>\n<tr>\n<td><span data-mce-mark=\"1\">64<\/span><\/td>\n<td><span data-mce-mark=\"1\">20.25<\/span><\/td>\n<\/tr>\n<tr>\n<td><span data-mce-mark=\"1\">65<\/span><\/td>\n<td><span data-mce-mark=\"1\">20,5<br \/>\n<\/span><\/td>\n<\/tr>\n<\/tbody>\n<\/table>\n","protected":false},"excerpt":{"rendered":"<p>Ce petit plus pour les femmes qui aiment les bijoux en or simples : la bague de luxe NO STRESS. Il renonce volontairement aux pierres d\u00e9coratives et s&#8217;appuie plut\u00f4t sur le fil conducteur comme ligne directrice. Un v\u00e9ritable mod\u00e8le polyvalent qui s&#8217;adapte habilement \u00e0 une grande vari\u00e9t\u00e9 de tenues. Attention : Cette bague n&#8217;est actuellement [&hellip;]<\/p>\n","protected":false},"featured_media":34604,"comment_status":"closed","ping_status":"closed","template":"","meta":{"_glsr_average":0,"_glsr_ranking":0,"_glsr_reviews":0},"product_brand":[],"product_cat":[586],"product_tag":[587,563],"class_list":{"0":"post-34603","1":"product","2":"type-product","3":"status-publish","4":"has-post-thumbnail","6":"product_cat-anneau","7":"product_tag-anneaux","8":"product_tag-conception-x","9":"pa_groesse-52-16-5-o-fr","10":"pa_groesse-53-17-0-o-fr","11":"pa_groesse-54-17-25-o-fr","12":"pa_groesse-55-17-5-o-fr","13":"pa_groesse-56-18-0-o-fr","14":"pa_groesse-57-18-25-o-fr","15":"pa_groesse-58-18-5-o-fr","16":"pa_groesse-59-19-0-o-fr","17":"pa_groesse-60-19-25-o-fr","18":"pa_groesse-61-19-5-o-fr","19":"pa_groesse-62-19-75-o-fr","20":"pa_groesse-63-20-0-o-fr","21":"pa_groesse-64-20-25-o-fr","22":"pa_groesse-65-20-5-o-fr","23":"pa_marke-x-design-fr","25":"first","26":"instock","27":"taxable","28":"shipping-taxable","29":"product-type-variable"},"exclude_global_add_ons":[],"addons":[],"yoast_head":"<!-- This site is optimized with the Yoast SEO plugin v25.6 - https:\/\/yoast.com\/wordpress\/plugins\/seo\/ -->\n<title>Bague LUXURY NO STRESS X en or jaune 750 - Beatrice M\u00fcller<\/title>\n<meta name=\"robots\" content=\"index, follow, max-snippet:-1, max-image-preview:large, max-video-preview:-1\" \/>\n<link rel=\"canonical\" href=\"https:\/\/beatrice-mueller.de\/fr\/produit\/bague-luxury-no-stress-x-en-or-jaune-750\/\" \/>\n<meta property=\"og:locale\" content=\"fr_FR\" \/>\n<meta property=\"og:type\" content=\"article\" \/>\n<meta property=\"og:title\" content=\"Bague LUXURY NO STRESS X en or jaune 750 - Beatrice M\u00fcller\" \/>\n<meta property=\"og:description\" content=\"Ce petit plus pour les femmes qui aiment les bijoux en or simples : la bague de luxe NO STRESS. Il renonce volontairement aux pierres d\u00e9coratives et s&#8217;appuie plut\u00f4t sur le fil conducteur comme ligne directrice. Un v\u00e9ritable mod\u00e8le polyvalent qui s&#8217;adapte habilement \u00e0 une grande vari\u00e9t\u00e9 de tenues. Attention : Cette bague n&#8217;est actuellement [&hellip;]\" \/>\n<meta property=\"og:url\" content=\"https:\/\/beatrice-mueller.de\/fr\/produit\/bague-luxury-no-stress-x-en-or-jaune-750\/\" \/>\n<meta property=\"og:site_name\" content=\"Beatrice M\u00fcller\" \/>\n<meta property=\"og:image\" content=\"https:\/\/beatrice-mueller.de\/wp-content\/uploads\/2022\/02\/1_b50ad373-9575-41be-8021-086c0e0148fa.jpg\" \/>\n\t<meta property=\"og:image:width\" content=\"800\" \/>\n\t<meta property=\"og:image:height\" content=\"800\" \/>\n\t<meta property=\"og:image:type\" content=\"image\/jpeg\" \/>\n<meta name=\"twitter:card\" content=\"summary_large_image\" \/>\n<meta name=\"twitter:label1\" content=\"Dur\u00e9e de lecture estim\u00e9e\" \/>\n\t<meta name=\"twitter:data1\" content=\"1 minute\" \/>\n<script type=\"application\/ld+json\" class=\"yoast-schema-graph\">{\"@context\":\"https:\/\/schema.org\",\"@graph\":[{\"@type\":\"WebPage\",\"@id\":\"https:\/\/beatrice-mueller.de\/fr\/produit\/bague-luxury-no-stress-x-en-or-jaune-750\/\",\"url\":\"https:\/\/beatrice-mueller.de\/fr\/produit\/bague-luxury-no-stress-x-en-or-jaune-750\/\",\"name\":\"Bague LUXURY NO STRESS X en or jaune 750 - Beatrice M\u00fcller\",\"isPartOf\":{\"@id\":\"https:\/\/beatrice-mueller.de\/fr\/#website\"},\"primaryImageOfPage\":{\"@id\":\"https:\/\/beatrice-mueller.de\/fr\/produit\/bague-luxury-no-stress-x-en-or-jaune-750\/#primaryimage\"},\"image\":{\"@id\":\"https:\/\/beatrice-mueller.de\/fr\/produit\/bague-luxury-no-stress-x-en-or-jaune-750\/#primaryimage\"},\"thumbnailUrl\":\"https:\/\/beatrice-mueller.de\/wp-content\/uploads\/2022\/02\/1_b50ad373-9575-41be-8021-086c0e0148fa.jpg\",\"datePublished\":\"2025-05-05T04:25:55+00:00\",\"breadcrumb\":{\"@id\":\"https:\/\/beatrice-mueller.de\/fr\/produit\/bague-luxury-no-stress-x-en-or-jaune-750\/#breadcrumb\"},\"inLanguage\":\"fr-FR\",\"potentialAction\":[{\"@type\":\"ReadAction\",\"target\":[\"https:\/\/beatrice-mueller.de\/fr\/produit\/bague-luxury-no-stress-x-en-or-jaune-750\/\"]}]},{\"@type\":\"ImageObject\",\"inLanguage\":\"fr-FR\",\"@id\":\"https:\/\/beatrice-mueller.de\/fr\/produit\/bague-luxury-no-stress-x-en-or-jaune-750\/#primaryimage\",\"url\":\"https:\/\/beatrice-mueller.de\/wp-content\/uploads\/2022\/02\/1_b50ad373-9575-41be-8021-086c0e0148fa.jpg\",\"contentUrl\":\"https:\/\/beatrice-mueller.de\/wp-content\/uploads\/2022\/02\/1_b50ad373-9575-41be-8021-086c0e0148fa.jpg\",\"width\":800,\"height\":800},{\"@type\":\"BreadcrumbList\",\"@id\":\"https:\/\/beatrice-mueller.de\/fr\/produit\/bague-luxury-no-stress-x-en-or-jaune-750\/#breadcrumb\",\"itemListElement\":[{\"@type\":\"ListItem\",\"position\":1,\"name\":\"Startseite\",\"item\":\"https:\/\/beatrice-mueller.de\/fr\/\"},{\"@type\":\"ListItem\",\"position\":2,\"name\":\"Boutique\",\"item\":\"https:\/\/beatrice-mueller.de\/fr\/boutique-2\/\"},{\"@type\":\"ListItem\",\"position\":3,\"name\":\"Bague LUXURY NO STRESS X en or jaune 750\"}]},{\"@type\":\"WebSite\",\"@id\":\"https:\/\/beatrice-mueller.de\/fr\/#website\",\"url\":\"https:\/\/beatrice-mueller.de\/fr\/\",\"name\":\"Beatrice M\u00fcller\",\"description\":\"Schmuckdesign\",\"potentialAction\":[{\"@type\":\"SearchAction\",\"target\":{\"@type\":\"EntryPoint\",\"urlTemplate\":\"https:\/\/beatrice-mueller.de\/fr\/?s={search_term_string}\"},\"query-input\":{\"@type\":\"PropertyValueSpecification\",\"valueRequired\":true,\"valueName\":\"search_term_string\"}}],\"inLanguage\":\"fr-FR\"}]}<\/script>\n<!-- \/ Yoast SEO plugin. -->","yoast_head_json":{"title":"Bague LUXURY NO STRESS X en or jaune 750 - Beatrice M\u00fcller","robots":{"index":"index","follow":"follow","max-snippet":"max-snippet:-1","max-image-preview":"max-image-preview:large","max-video-preview":"max-video-preview:-1"},"canonical":"https:\/\/beatrice-mueller.de\/fr\/produit\/bague-luxury-no-stress-x-en-or-jaune-750\/","og_locale":"fr_FR","og_type":"article","og_title":"Bague LUXURY NO STRESS X en or jaune 750 - Beatrice M\u00fcller","og_description":"Ce petit plus pour les femmes qui aiment les bijoux en or simples : la bague de luxe NO STRESS. Il renonce volontairement aux pierres d\u00e9coratives et s&#8217;appuie plut\u00f4t sur le fil conducteur comme ligne directrice. Un v\u00e9ritable mod\u00e8le polyvalent qui s&#8217;adapte habilement \u00e0 une grande vari\u00e9t\u00e9 de tenues. Attention : Cette bague n&#8217;est actuellement [&hellip;]","og_url":"https:\/\/beatrice-mueller.de\/fr\/produit\/bague-luxury-no-stress-x-en-or-jaune-750\/","og_site_name":"Beatrice M\u00fcller","og_image":[{"width":800,"height":800,"url":"https:\/\/beatrice-mueller.de\/wp-content\/uploads\/2022\/02\/1_b50ad373-9575-41be-8021-086c0e0148fa.jpg","type":"image\/jpeg"}],"twitter_card":"summary_large_image","twitter_misc":{"Dur\u00e9e de lecture estim\u00e9e":"1 minute"},"schema":{"@context":"https:\/\/schema.org","@graph":[{"@type":"WebPage","@id":"https:\/\/beatrice-mueller.de\/fr\/produit\/bague-luxury-no-stress-x-en-or-jaune-750\/","url":"https:\/\/beatrice-mueller.de\/fr\/produit\/bague-luxury-no-stress-x-en-or-jaune-750\/","name":"Bague LUXURY NO STRESS X en or jaune 750 - Beatrice M\u00fcller","isPartOf":{"@id":"https:\/\/beatrice-mueller.de\/fr\/#website"},"primaryImageOfPage":{"@id":"https:\/\/beatrice-mueller.de\/fr\/produit\/bague-luxury-no-stress-x-en-or-jaune-750\/#primaryimage"},"image":{"@id":"https:\/\/beatrice-mueller.de\/fr\/produit\/bague-luxury-no-stress-x-en-or-jaune-750\/#primaryimage"},"thumbnailUrl":"https:\/\/beatrice-mueller.de\/wp-content\/uploads\/2022\/02\/1_b50ad373-9575-41be-8021-086c0e0148fa.jpg","datePublished":"2025-05-05T04:25:55+00:00","breadcrumb":{"@id":"https:\/\/beatrice-mueller.de\/fr\/produit\/bague-luxury-no-stress-x-en-or-jaune-750\/#breadcrumb"},"inLanguage":"fr-FR","potentialAction":[{"@type":"ReadAction","target":["https:\/\/beatrice-mueller.de\/fr\/produit\/bague-luxury-no-stress-x-en-or-jaune-750\/"]}]},{"@type":"ImageObject","inLanguage":"fr-FR","@id":"https:\/\/beatrice-mueller.de\/fr\/produit\/bague-luxury-no-stress-x-en-or-jaune-750\/#primaryimage","url":"https:\/\/beatrice-mueller.de\/wp-content\/uploads\/2022\/02\/1_b50ad373-9575-41be-8021-086c0e0148fa.jpg","contentUrl":"https:\/\/beatrice-mueller.de\/wp-content\/uploads\/2022\/02\/1_b50ad373-9575-41be-8021-086c0e0148fa.jpg","width":800,"height":800},{"@type":"BreadcrumbList","@id":"https:\/\/beatrice-mueller.de\/fr\/produit\/bague-luxury-no-stress-x-en-or-jaune-750\/#breadcrumb","itemListElement":[{"@type":"ListItem","position":1,"name":"Startseite","item":"https:\/\/beatrice-mueller.de\/fr\/"},{"@type":"ListItem","position":2,"name":"Boutique","item":"https:\/\/beatrice-mueller.de\/fr\/boutique-2\/"},{"@type":"ListItem","position":3,"name":"Bague LUXURY NO STRESS X en or jaune 750"}]},{"@type":"WebSite","@id":"https:\/\/beatrice-mueller.de\/fr\/#website","url":"https:\/\/beatrice-mueller.de\/fr\/","name":"Beatrice M\u00fcller","description":"Schmuckdesign","potentialAction":[{"@type":"SearchAction","target":{"@type":"EntryPoint","urlTemplate":"https:\/\/beatrice-mueller.de\/fr\/?s={search_term_string}"},"query-input":{"@type":"PropertyValueSpecification","valueRequired":true,"valueName":"search_term_string"}}],"inLanguage":"fr-FR"}]}},"_links":{"self":[{"href":"https:\/\/beatrice-mueller.de\/fr\/wp-json\/wp\/v2\/product\/34603","targetHints":{"allow":["GET"]}}],"collection":[{"href":"https:\/\/beatrice-mueller.de\/fr\/wp-json\/wp\/v2\/product"}],"about":[{"href":"https:\/\/beatrice-mueller.de\/fr\/wp-json\/wp\/v2\/types\/product"}],"replies":[{"embeddable":true,"href":"https:\/\/beatrice-mueller.de\/fr\/wp-json\/wp\/v2\/comments?post=34603"}],"wp:featuredmedia":[{"embeddable":true,"href":"https:\/\/beatrice-mueller.de\/fr\/wp-json\/wp\/v2\/media\/34604"}],"wp:attachment":[{"href":"https:\/\/beatrice-mueller.de\/fr\/wp-json\/wp\/v2\/media?parent=34603"}],"wp:term":[{"taxonomy":"product_brand","embeddable":true,"href":"https:\/\/beatrice-mueller.de\/fr\/wp-json\/wp\/v2\/product_brand?post=34603"},{"taxonomy":"product_cat","embeddable":true,"href":"https:\/\/beatrice-mueller.de\/fr\/wp-json\/wp\/v2\/product_cat?post=34603"},{"taxonomy":"product_tag","embeddable":true,"href":"https:\/\/beatrice-mueller.de\/fr\/wp-json\/wp\/v2\/product_tag?post=34603"}],"curies":[{"name":"wp","href":"https:\/\/api.w.org\/{rel}","templated":true}]}}