{"id":17809,"date":"2024-09-20T12:32:44","date_gmt":"2024-09-20T10:32:44","guid":{"rendered":"https:\/\/beatrice-mueller.de\/ueber-beatrice-mueller\/"},"modified":"2025-05-23T04:04:28","modified_gmt":"2025-05-23T02:04:28","slug":"ueber-beatrice-mueller","status":"publish","type":"page","link":"https:\/\/beatrice-mueller.de\/it\/ueber-beatrice-mueller\/","title":{"rendered":"Informazioni su Beatrice M\u00fcller"},"content":{"rendered":"\n<style type=\"text\/css\" data-created_by=\"avia_inline_auto\" id=\"style-css-av-a3bnc-4e6cde240b6be3ee0022a7133affb933\">\n.avia-section.av-a3bnc-4e6cde240b6be3ee0022a7133affb933{\nbackground-repeat:no-repeat;\nbackground-image:url(https:\/\/beatrice-mueller.de\/wp-content\/uploads\/2021\/11\/BM_Homepage-Bildvorlage_BeatriceMueller-NEU.jpg);\nbackground-position:50% 0%;\nbackground-attachment:scroll;\n}\n<\/style>\n<div id='av_section_1'  class='avia-section av-a3bnc-4e6cde240b6be3ee0022a7133affb933 main_color avia-section-default avia-no-border-styling  avia-builder-el-0  el_before_av_one_half  avia-builder-el-first  avia-full-stretch avia-bg-style-scroll av-minimum-height av-minimum-height-75 av-height-75  container_wrap sidebar_right'  data-section-bg-repeat='stretch' data-av_minimum_height_pc='75' data-av_min_height_opt='75'><div class='container av-section-cont-open' ><main  role=\"main\" itemprop=\"mainContentOfPage\"  class='template-page content  av-content-small alpha units'><div class='post-entry post-entry-type-page post-entry-17809'><div class='entry-content-wrapper clearfix'>\n\n<style type=\"text\/css\" data-created_by=\"avia_inline_auto\" id=\"style-css-av-l4eeacny-ad679c6f05ab6c53792b980a601848e2\">\n#top .av-special-heading.av-l4eeacny-ad679c6f05ab6c53792b980a601848e2{\npadding-bottom:10px;\ncolor:#ffffff;\n}\nbody .av-special-heading.av-l4eeacny-ad679c6f05ab6c53792b980a601848e2 .av-special-heading-tag .heading-char{\nfont-size:25px;\n}\n.av-special-heading.av-l4eeacny-ad679c6f05ab6c53792b980a601848e2 .special-heading-inner-border{\nborder-color:#ffffff;\n}\n.av-special-heading.av-l4eeacny-ad679c6f05ab6c53792b980a601848e2 .av-subheading{\nfont-size:34px;\n}\n<\/style>\n<div  id=\"caption-bottom\"  class='av-special-heading av-l4eeacny-ad679c6f05ab6c53792b980a601848e2 av-special-heading-h1 custom-color-heading blockquote modern-quote modern-centered  avia-builder-el-1  avia-builder-el-no-sibling '><h1 class='av-special-heading-tag '  itemprop=\"headline\"  >INFORMAZIONI SU BEATRICE M\u00dcLLER<\/h1><div class=\"special-heading-border\"><div class=\"special-heading-inner-border\"><\/div><\/div><\/div>\n<\/div><\/div><\/main><!-- close content main element --><\/div><\/div><div id='after_section_1'  class='main_color av_default_container_wrap container_wrap sidebar_right'  ><div class='container av-section-cont-open' ><div class='template-page content  av-content-small alpha units'><div class='post-entry post-entry-type-page post-entry-17809'><div class='entry-content-wrapper clearfix'>\n<div class='flex_column_table av-kvha6m77-d5819ee43a034c4c3b5df9b598db1238 sc-av_one_half av-equal-height-column-flextable'><div  class='flex_column av-kvha6m77-d5819ee43a034c4c3b5df9b598db1238 av_one_half  avia-builder-el-2  el_after_av_section  el_before_av_one_half  avia-builder-el-first  first flex_column_table_cell av-equal-height-column av-align-top  '     ><section  class='av_textblock_section av-kvha55fp-888287d2aff15bdc796fbb2f69086671 '   itemscope=\"itemscope\" itemtype=\"https:\/\/schema.org\/CreativeWork\" ><div class='avia_textblock'  itemprop=\"text\" ><p>Tutto \u00e8 iniziato a 17 anni. Beatrice M\u00fcller decise di seguire la propria strada. Si iscrisse alla scuola di teatro Otto Falckenberg di Monaco e fu invitata a sostenere l&#8217;esame di ammissione. Super\u00f2 l&#8217;esame di ammissione al primo tentativo. Secondo le regole della scuola statale, tuttavia, era troppo giovane per entrare direttamente. Ha quindi lasciato la Germania e ha conseguito gli esami di maturit\u00e0 in Inghilterra. L\u00ec decise di diventare orafa, cio\u00e8 di imparare un mestiere solido. La formazione classica da orafo \u00e8 stata seguita da un esame da maestro artigiano e dagli studi presso la Scuola di Gioielleria e Design di Idar-Oberstein, dove si \u00e8 diplomata come designer certificata dallo Stato. Infine, ha ricevuto il premio per il design di gemme e gioielli.<\/p>\n<p>Nel 1992, Beatrice M\u00fcller ha fondato lo studio Schmuck Design Objekte<sup>\u00ae<\/sup> a Stein, vicino a Norimberga. Da allora si \u00e8 fatta un nome nel settore della gioielleria, sia a livello nazionale che internazionale.<\/p>\n<\/div><\/section><\/div>\n<div class='av-flex-placeholder'><\/div><div  class='flex_column av-eauw8-890e45f2cc427cbaa227a101394b0d71 av_one_half  avia-builder-el-4  el_after_av_one_half  el_before_av_one_full  flex_column_table_cell av-equal-height-column av-align-top  '     ><section  class='av_textblock_section av-kvha6gdr-4f688de1e6d78aca741f86011206d628 '   itemscope=\"itemscope\" itemtype=\"https:\/\/schema.org\/CreativeWork\" ><div class='avia_textblock'  itemprop=\"text\" ><p>Lo testimoniano i clienti entusiasti, i vari premi e l&#8217;appartenenza onoraria al \u201cwho&#8217;s who\u201d.<\/p>\n<p>Le sue straordinarie collezioni non solo testimoniano la sua inesauribile creativit\u00e0, ma anche il suo coraggio di sfidare le convenzioni. Sia in termini di forma che di materiale. Non solo utilizza i metalli pi\u00f9 pregiati, ma lavora anche con il cemento e l&#8217;ottone.<\/p>\n<p>\u201cRendo i temi indossabili&#8221;: questa massima si applica a tutti i gioielli e gli oggetti di Beatrice M\u00fcller. Dietro ogni creazione &#8211; sia che si tratti di disegni propri che di lavori commissionati &#8211; c&#8217;\u00e8 un messaggio, un&#8217;emozione, un pensiero o un aneddoto.<\/p>\n<p>La designer e imprenditrice di gioielli ha recentemente intrapreso un&#8217;altra strada ed \u00e8 attiva anche come mentore e relatrice.<\/p>\n<\/div><\/section><\/div><\/div><!--close column table wrapper. Autoclose: 1 --><div  class='flex_column av-1wnazs-c977d794a7e22e36ab451ea9f16a2611 av_one_full  avia-builder-el-6  el_after_av_one_half  avia-builder-el-last  first flex_column_div  column-top-margin'     ><p>\n<style type=\"text\/css\" data-created_by=\"avia_inline_auto\" id=\"style-css-av-kvha77zl-8a548e11dfae356a77a729eb418fe0bd\">\n#top .av-special-heading.av-kvha77zl-8a548e11dfae356a77a729eb418fe0bd{\npadding-bottom:10px;\n}\nbody .av-special-heading.av-kvha77zl-8a548e11dfae356a77a729eb418fe0bd .av-special-heading-tag .heading-char{\nfont-size:25px;\n}\n.av-special-heading.av-kvha77zl-8a548e11dfae356a77a729eb418fe0bd .av-subheading{\nfont-size:15px;\n}\n<\/style>\n<div  class='av-special-heading av-kvha77zl-8a548e11dfae356a77a729eb418fe0bd av-special-heading-h2 blockquote modern-quote  avia-builder-el-7  el_before_av_textblock  avia-builder-el-first '><h2 class='av-special-heading-tag '  itemprop=\"headline\"  >Vita<\/h2><div class=\"special-heading-border\"><div class=\"special-heading-inner-border\"><\/div><\/div><\/div><br \/>\n<section  class='av_textblock_section av-mb05qqr7-8b2b7764718e54167b8050135b6136a4 '   itemscope=\"itemscope\" itemtype=\"https:\/\/schema.org\/CreativeWork\" ><div class='avia_textblock'  itemprop=\"text\" ><table>\n<tbody>\n<tr>\n<td width=\"130\"><strong>1983-1986<\/strong><\/td>\n<td>Formazione come orafo<\/td>\n<\/tr>\n<tr>\n<td width=\"130\"><strong>1986-1989<\/strong><\/td>\n<td>Lavorato come orafo qualificato<\/td>\n<\/tr>\n<tr>\n<td width=\"130\"><strong>1989-1994<\/strong><\/td>\n<td>Studi di design del gioiello presso l\u2019Universit\u00e0 di Scienze Applicate per Gioielli e Design, Idar-Oberstein, diplomata come designer certificata dallo Stato, contemporaneamente formata come maestro orafo<\/td>\n<\/tr>\n<tr>\n<td width=\"130\"><strong>1990<\/strong><\/td>\n<td>Premio in design di pietre preziose e gioielli<\/td>\n<\/tr>\n<tr>\n<td width=\"130\"><strong>dal 1991<\/strong><\/td>\n<td>Lavoro per l\u2019industria e produttori di gioielli<\/td>\n<\/tr>\n<tr>\n<td width=\"130\"><strong>1992<\/strong><\/td>\n<td>Fondazione di\u00a0<a href=\"https:\/\/beatrice-mueller.de\/atelier\/\"><strong>ATELIER SCHMUCK DESIGN OBJEKTE<sup>\u00ae<\/sup><\/strong><\/a><\/td>\n<\/tr>\n<tr>\n<td width=\"130\"><strong>1993-1999<\/strong><\/td>\n<td>Varie mostre a Norimberga, in tutta la Germania e all\u2019estero; apparizioni televisive su RTL, Sat 1 e Bayerischer Rundfunk, vari reportage<\/td>\n<\/tr>\n<tr>\n<td width=\"130\"><strong>dal 1994<\/strong><\/td>\n<td>Mostre a tema negli spazi del proprio atelier, sfilate di moda<\/td>\n<\/tr>\n<tr>\n<td width=\"130\"><strong>dal 1996<\/strong><\/td>\n<td>Pittura su tela e sculture pittoriche<\/td>\n<\/tr>\n<tr>\n<td width=\"130\"><strong>1999<\/strong><\/td>\n<td>Brevetto per gioielli da cappello e corpo<\/td>\n<\/tr>\n<tr>\n<td width=\"130\"><strong>2000<\/strong><\/td>\n<td>Membro onorario di Who\u2019s Who<\/td>\n<\/tr>\n<tr>\n<td width=\"130\"><strong>2001<\/strong><\/td>\n<td>Brevetto per\u00a0<a href=\"https:\/\/beatrice-mueller.de\/it\/kollektion\/antenne\/\"><strong>ANTENNEN<\/strong><\/a><\/td>\n<\/tr>\n<tr>\n<td width=\"130\"><strong>2002<\/strong><\/td>\n<td>Inclusione del tema gioielli\u00a0<a href=\"https:\/\/beatrice-mueller.de\/it\/kollektion\/antenne\/\"><strong>ANTENNEN<\/strong><\/a>\u00a0nella Gallery of Designer Jewelry Stuart Moore, New York e San Francisco; varie mostre in Germania e all\u2019estero<\/td>\n<\/tr>\n<tr>\n<td width=\"130\"><strong>2004<\/strong><\/td>\n<td>Fondazione di\u00a0<a href=\"https:\/\/beatrice-mueller.de\/it\/splendore-e-gloria\/\"><strong>Glanz und Gloria by Beatrice M\u00fcller\u00a9<\/strong><\/a><\/td>\n<\/tr>\n<tr>\n<td width=\"130\"><strong>2011<\/strong><\/td>\n<td>Premio nella categoria gioielli maschili al concorso Platinum Promenade della Platinum Guild Germany per lo sticker da risvolto della collezione\u00a0<a href=\"https:\/\/beatrice-mueller.de\/it\/se-puoi-puoi\/\"><strong>WER KANN, DER KANN<\/strong><\/a><\/td>\n<\/tr>\n<tr>\n<td width=\"130\"><strong>2012<\/strong><\/td>\n<td>20 anni di\u00a0<a href=\"https:\/\/beatrice-mueller.de\/atelier\/\"><strong>ATELIER SCHMUCK DESIGN OBJEKTE<sup>\u00ae<\/sup><\/strong><\/a><\/td>\n<\/tr>\n<tr>\n<td><strong>2012<\/strong><\/td>\n<td>La collezione\u00a0<a href=\"https:\/\/beatrice-mueller.de\/second-skin\/\"><strong>SECOND SKIN<\/strong><\/a>\u00a0creata in collaborazione con il\u00a0<a href=\"https:\/\/www.wolfordshop.de\/\" target=\"_blank\" rel=\"noopener\">marchio Wolford<\/a><\/td>\n<\/tr>\n<tr>\n<td><strong>2013<\/strong><\/td>\n<td>Collaborazione con la manifattura Rosenthal e brevetto per la collezione\u00a0<a href=\"https:\/\/beatrice-mueller.de\/perfect-glas\/\"><strong>PERFECT GLAS<\/strong><\/a>. L\u2019atelier diventa un ufficiale \u201cRosenthal Approved Shop\u201d<\/td>\n<\/tr>\n<tr>\n<td><strong>2015<\/strong><\/td>\n<td>Creazione della collezione\u00a0<a href=\"https:\/\/beatrice-mueller.de\/it\/progettazione-x-2\/\"><strong>X-Design<\/strong><\/a>, incentrata sul tema \u201cNo Stress\u201d<\/td>\n<\/tr>\n<tr>\n<td><strong>2017\/2018<\/strong><\/td>\n<td>Collaborazione con\u00a0<a href=\"https:\/\/www.golfhouse.de\/\" target=\"_blank\" rel=\"noopener\">Golf House Norimberga<\/a><\/td>\n<\/tr>\n<tr>\n<td><strong>2020<\/strong><\/td>\n<td>La crisi del Corona ispira la collezione\u00a0<a href=\"https:\/\/beatrice-mueller.de\/it\/cunz-x-2\/\"><strong>CuNz-x<\/strong><\/a>\u00a0con gioielli anti-Corona in ottone<\/td>\n<\/tr>\n<tr>\n<td><strong>2020<\/strong><\/td>\n<td>Pubblicazione del libro:\u00a0<strong>\u201cI gioielli non sono decorazioni \u2026 e chi li indossa non \u00e8 un cartellone pubblicitario\u201d<\/strong><\/td>\n<\/tr>\n<\/tbody>\n<\/table>\n<\/div><\/section><\/p><\/div><\/p>\n","protected":false},"excerpt":{"rendered":"","protected":false},"author":1,"featured_media":0,"parent":0,"menu_order":0,"comment_status":"closed","ping_status":"closed","template":"","meta":{"_glsr_average":0,"_glsr_ranking":0,"_glsr_reviews":0,"footnotes":""},"class_list":["post-17809","page","type-page","status-publish","hentry"],"yoast_head":"<!-- This site is optimized with the Yoast SEO plugin v25.6 - https:\/\/yoast.com\/wordpress\/plugins\/seo\/ -->\n<title>Informazioni su Beatrice M\u00fcller - Beatrice M\u00fcller<\/title>\n<meta name=\"description\" content=\"Tutto \u00e8 iniziato quando aveva 17 anni. Beatrice M\u00fcller decise di seguire la sua strada. Si iscrisse alla scuola di teatro Otto Falckenberg.\" \/>\n<meta name=\"robots\" content=\"index, follow, max-snippet:-1, max-image-preview:large, max-video-preview:-1\" \/>\n<link rel=\"canonical\" href=\"https:\/\/beatrice-mueller.de\/it\/ueber-beatrice-mueller\/\" \/>\n<meta property=\"og:locale\" content=\"it_IT\" \/>\n<meta property=\"og:type\" content=\"article\" \/>\n<meta property=\"og:title\" content=\"Informazioni su Beatrice M\u00fcller - Beatrice M\u00fcller\" \/>\n<meta property=\"og:description\" content=\"Tutto \u00e8 iniziato quando aveva 17 anni. Beatrice M\u00fcller decise di seguire la sua strada. Si iscrisse alla scuola di teatro Otto Falckenberg.\" \/>\n<meta property=\"og:url\" content=\"https:\/\/beatrice-mueller.de\/it\/ueber-beatrice-mueller\/\" \/>\n<meta property=\"og:site_name\" content=\"Beatrice M\u00fcller\" \/>\n<meta property=\"article:modified_time\" content=\"2025-05-23T02:04:28+00:00\" \/>\n<meta name=\"twitter:card\" content=\"summary_large_image\" \/>\n<meta name=\"twitter:label1\" content=\"Tempo di lettura stimato\" \/>\n\t<meta name=\"twitter:data1\" content=\"3 minuti\" \/>\n<script type=\"application\/ld+json\" class=\"yoast-schema-graph\">{\"@context\":\"https:\/\/schema.org\",\"@graph\":[{\"@type\":\"WebPage\",\"@id\":\"https:\/\/beatrice-mueller.de\/it\/ueber-beatrice-mueller\/\",\"url\":\"https:\/\/beatrice-mueller.de\/it\/ueber-beatrice-mueller\/\",\"name\":\"Informazioni su Beatrice M\u00fcller - Beatrice M\u00fcller\",\"isPartOf\":{\"@id\":\"https:\/\/beatrice-mueller.de\/it\/#website\"},\"datePublished\":\"2024-09-20T10:32:44+00:00\",\"dateModified\":\"2025-05-23T02:04:28+00:00\",\"description\":\"Tutto \u00e8 iniziato quando aveva 17 anni. Beatrice M\u00fcller decise di seguire la sua strada. Si iscrisse alla scuola di teatro Otto Falckenberg.\",\"breadcrumb\":{\"@id\":\"https:\/\/beatrice-mueller.de\/it\/ueber-beatrice-mueller\/#breadcrumb\"},\"inLanguage\":\"it-IT\",\"potentialAction\":[{\"@type\":\"ReadAction\",\"target\":[\"https:\/\/beatrice-mueller.de\/it\/ueber-beatrice-mueller\/\"]}]},{\"@type\":\"BreadcrumbList\",\"@id\":\"https:\/\/beatrice-mueller.de\/it\/ueber-beatrice-mueller\/#breadcrumb\",\"itemListElement\":[{\"@type\":\"ListItem\",\"position\":1,\"name\":\"Startseite\",\"item\":\"https:\/\/beatrice-mueller.de\/it\/\"},{\"@type\":\"ListItem\",\"position\":2,\"name\":\"Informazioni su Beatrice M\u00fcller\"}]},{\"@type\":\"WebSite\",\"@id\":\"https:\/\/beatrice-mueller.de\/it\/#website\",\"url\":\"https:\/\/beatrice-mueller.de\/it\/\",\"name\":\"Beatrice M\u00fcller\",\"description\":\"Schmuckdesign\",\"potentialAction\":[{\"@type\":\"SearchAction\",\"target\":{\"@type\":\"EntryPoint\",\"urlTemplate\":\"https:\/\/beatrice-mueller.de\/it\/?s={search_term_string}\"},\"query-input\":{\"@type\":\"PropertyValueSpecification\",\"valueRequired\":true,\"valueName\":\"search_term_string\"}}],\"inLanguage\":\"it-IT\"}]}<\/script>\n<!-- \/ Yoast SEO plugin. -->","yoast_head_json":{"title":"Informazioni su Beatrice M\u00fcller - Beatrice M\u00fcller","description":"Tutto \u00e8 iniziato quando aveva 17 anni. Beatrice M\u00fcller decise di seguire la sua strada. Si iscrisse alla scuola di teatro Otto Falckenberg.","robots":{"index":"index","follow":"follow","max-snippet":"max-snippet:-1","max-image-preview":"max-image-preview:large","max-video-preview":"max-video-preview:-1"},"canonical":"https:\/\/beatrice-mueller.de\/it\/ueber-beatrice-mueller\/","og_locale":"it_IT","og_type":"article","og_title":"Informazioni su Beatrice M\u00fcller - Beatrice M\u00fcller","og_description":"Tutto \u00e8 iniziato quando aveva 17 anni. Beatrice M\u00fcller decise di seguire la sua strada. Si iscrisse alla scuola di teatro Otto Falckenberg.","og_url":"https:\/\/beatrice-mueller.de\/it\/ueber-beatrice-mueller\/","og_site_name":"Beatrice M\u00fcller","article_modified_time":"2025-05-23T02:04:28+00:00","twitter_card":"summary_large_image","twitter_misc":{"Tempo di lettura stimato":"3 minuti"},"schema":{"@context":"https:\/\/schema.org","@graph":[{"@type":"WebPage","@id":"https:\/\/beatrice-mueller.de\/it\/ueber-beatrice-mueller\/","url":"https:\/\/beatrice-mueller.de\/it\/ueber-beatrice-mueller\/","name":"Informazioni su Beatrice M\u00fcller - Beatrice M\u00fcller","isPartOf":{"@id":"https:\/\/beatrice-mueller.de\/it\/#website"},"datePublished":"2024-09-20T10:32:44+00:00","dateModified":"2025-05-23T02:04:28+00:00","description":"Tutto \u00e8 iniziato quando aveva 17 anni. Beatrice M\u00fcller decise di seguire la sua strada. Si iscrisse alla scuola di teatro Otto Falckenberg.","breadcrumb":{"@id":"https:\/\/beatrice-mueller.de\/it\/ueber-beatrice-mueller\/#breadcrumb"},"inLanguage":"it-IT","potentialAction":[{"@type":"ReadAction","target":["https:\/\/beatrice-mueller.de\/it\/ueber-beatrice-mueller\/"]}]},{"@type":"BreadcrumbList","@id":"https:\/\/beatrice-mueller.de\/it\/ueber-beatrice-mueller\/#breadcrumb","itemListElement":[{"@type":"ListItem","position":1,"name":"Startseite","item":"https:\/\/beatrice-mueller.de\/it\/"},{"@type":"ListItem","position":2,"name":"Informazioni su Beatrice M\u00fcller"}]},{"@type":"WebSite","@id":"https:\/\/beatrice-mueller.de\/it\/#website","url":"https:\/\/beatrice-mueller.de\/it\/","name":"Beatrice M\u00fcller","description":"Schmuckdesign","potentialAction":[{"@type":"SearchAction","target":{"@type":"EntryPoint","urlTemplate":"https:\/\/beatrice-mueller.de\/it\/?s={search_term_string}"},"query-input":{"@type":"PropertyValueSpecification","valueRequired":true,"valueName":"search_term_string"}}],"inLanguage":"it-IT"}]}},"_links":{"self":[{"href":"https:\/\/beatrice-mueller.de\/it\/wp-json\/wp\/v2\/pages\/17809","targetHints":{"allow":["GET"]}}],"collection":[{"href":"https:\/\/beatrice-mueller.de\/it\/wp-json\/wp\/v2\/pages"}],"about":[{"href":"https:\/\/beatrice-mueller.de\/it\/wp-json\/wp\/v2\/types\/page"}],"author":[{"embeddable":true,"href":"https:\/\/beatrice-mueller.de\/it\/wp-json\/wp\/v2\/users\/1"}],"replies":[{"embeddable":true,"href":"https:\/\/beatrice-mueller.de\/it\/wp-json\/wp\/v2\/comments?post=17809"}],"version-history":[{"count":9,"href":"https:\/\/beatrice-mueller.de\/it\/wp-json\/wp\/v2\/pages\/17809\/revisions"}],"predecessor-version":[{"id":35387,"href":"https:\/\/beatrice-mueller.de\/it\/wp-json\/wp\/v2\/pages\/17809\/revisions\/35387"}],"wp:attachment":[{"href":"https:\/\/beatrice-mueller.de\/it\/wp-json\/wp\/v2\/media?parent=17809"}],"curies":[{"name":"wp","href":"https:\/\/api.w.org\/{rel}","templated":true}]}}