{"id":19738,"date":"2025-02-16T12:48:53","date_gmt":"2025-02-16T11:48:53","guid":{"rendered":"https:\/\/beatrice-mueller.de\/golf\/"},"modified":"2025-02-16T12:48:56","modified_gmt":"2025-02-16T11:48:56","slug":"golf","status":"publish","type":"page","link":"https:\/\/beatrice-mueller.de\/it\/golf\/","title":{"rendered":"golf"},"content":{"rendered":"<div id='av-layout-grid-1'  class='av-layout-grid-container av-d45749-85454168d631029bcc9cda0b2a314fca entry-content-wrapper main_color av-flex-cells  avia-builder-el-0  el_before_av_masonry_gallery  avia-builder-el-first   container_wrap sidebar_right'  >\n<div class='flex_cell av-ag5oyx-5c8802a9eb04f5e5ec11accf9328fa6d av-gridrow-cell av_one_half no_margin  avia-builder-el-1  el_before_av_cell_one_half  avia-builder-el-first '  ><div class='flex_cell_inner'>\n<style type=\"text\/css\" data-created_by=\"avia_inline_auto\" id=\"style-css-av-984wi1-69e7fa0dffcb78734f29b76e59903183\">\n#top .avia-gallery.av-984wi1-69e7fa0dffcb78734f29b76e59903183 .avia-gallery-thumb a{\nwidth:33.3333%;\n}\n<\/style>\n<div  class='avia-gallery av-984wi1-69e7fa0dffcb78734f29b76e59903183 avia_animate_when_visible  avia-builder-el-2  avia-builder-el-no-sibling  avia_lazyload av-slideshow-ui av-loop-manual-endless av-control-hidden av-navigate-arrows av-navigate-dots hover-effect av-control-hidden avia-gallery-animate avia-gallery-1'  itemprop=\"image\" itemscope=\"itemscope\" itemtype=\"https:\/\/schema.org\/ImageObject\" ><meta itemprop=\"contentURL\" content=\"https:\/\/beatrice-mueller.de\/it\/golf\/\"><a class='avia-gallery-big fakeLightbox lightbox avia-gallery-big-crop-thumb ' href=\"https:\/\/beatrice-mueller.de\/wp-content\/uploads\/2021\/10\/golf1.jpg\" data-srcset=\"https:\/\/beatrice-mueller.de\/wp-content\/uploads\/2021\/10\/golf1.jpg 800w, https:\/\/beatrice-mueller.de\/wp-content\/uploads\/2021\/10\/golf1-600x375.jpg 600w, https:\/\/beatrice-mueller.de\/wp-content\/uploads\/2021\/10\/golf1-300x188.jpg 300w, https:\/\/beatrice-mueller.de\/wp-content\/uploads\/2021\/10\/golf1-768x480.jpg 768w, https:\/\/beatrice-mueller.de\/wp-content\/uploads\/2021\/10\/golf1-705x441.jpg 705w\" data-sizes=\"(max-width: 800px) 100vw, 800px\"  data-onclick='1' title='GOLF' ><span class='avia-gallery-big-inner'  itemprop=\"thumbnailUrl\" ><img decoding=\"async\" fetchpriority=\"high\" class=\"wp-image-18111 avia-img-lazy-loading-not-18111\"  width=\"800\" height=\"500\" src=\"https:\/\/beatrice-mueller.de\/wp-content\/uploads\/2021\/10\/golf1.jpg\" title='golf1' alt='' srcset=\"https:\/\/beatrice-mueller.de\/wp-content\/uploads\/2021\/10\/golf1.jpg 800w, https:\/\/beatrice-mueller.de\/wp-content\/uploads\/2021\/10\/golf1-600x375.jpg 600w, https:\/\/beatrice-mueller.de\/wp-content\/uploads\/2021\/10\/golf1-300x188.jpg 300w, https:\/\/beatrice-mueller.de\/wp-content\/uploads\/2021\/10\/golf1-768x480.jpg 768w, https:\/\/beatrice-mueller.de\/wp-content\/uploads\/2021\/10\/golf1-705x441.jpg 705w\" sizes=\"(max-width: 800px) 100vw, 800px\" \/><span class='avia-gallery-caption'>GOLF<\/span><\/span><\/a><div class='avia-gallery-thumb'><a href=\"https:\/\/beatrice-mueller.de\/wp-content\/uploads\/2021\/10\/golf1.jpg\" data-srcset=\"https:\/\/beatrice-mueller.de\/wp-content\/uploads\/2021\/10\/golf1.jpg 800w, https:\/\/beatrice-mueller.de\/wp-content\/uploads\/2021\/10\/golf1-600x375.jpg 600w, https:\/\/beatrice-mueller.de\/wp-content\/uploads\/2021\/10\/golf1-300x188.jpg 300w, https:\/\/beatrice-mueller.de\/wp-content\/uploads\/2021\/10\/golf1-768x480.jpg 768w, https:\/\/beatrice-mueller.de\/wp-content\/uploads\/2021\/10\/golf1-705x441.jpg 705w\" data-sizes=\"(max-width: 800px) 100vw, 800px\" data-rel='gallery-1' data-prev-img='https:\/\/beatrice-mueller.de\/wp-content\/uploads\/2021\/10\/golf1.jpg' class='first_thumb lightbox ' data-onclick='1' title='GOLF'  itemprop=\"thumbnailUrl\"  ><img decoding=\"async\" fetchpriority=\"high\" class=\"wp-image-18111 avia-img-lazy-loading-not-18111\"  data-avia-tooltip='GOLF' src=\"https:\/\/beatrice-mueller.de\/wp-content\/uploads\/2021\/10\/golf1-495x400.jpg\" width=\"495\" height=\"400\"  title='golf1' alt='' \/><div class='big-prev-fake'><img decoding=\"async\" loading=\"lazy\" class=\"wp-image-18111 avia-img-lazy-loading-18111\"  width=\"800\" height=\"500\" src=\"https:\/\/beatrice-mueller.de\/wp-content\/uploads\/2021\/10\/golf1.jpg\" title='golf1' alt='' srcset=\"https:\/\/beatrice-mueller.de\/wp-content\/uploads\/2021\/10\/golf1.jpg 800w, https:\/\/beatrice-mueller.de\/wp-content\/uploads\/2021\/10\/golf1-600x375.jpg 600w, https:\/\/beatrice-mueller.de\/wp-content\/uploads\/2021\/10\/golf1-300x188.jpg 300w, https:\/\/beatrice-mueller.de\/wp-content\/uploads\/2021\/10\/golf1-768x480.jpg 768w, https:\/\/beatrice-mueller.de\/wp-content\/uploads\/2021\/10\/golf1-705x441.jpg 705w\" sizes=\"auto, (max-width: 800px) 100vw, 800px\" \/><\/div><\/a><a href=\"https:\/\/beatrice-mueller.de\/wp-content\/uploads\/2021\/10\/golf2.jpg\" data-srcset=\"https:\/\/beatrice-mueller.de\/wp-content\/uploads\/2021\/10\/golf2.jpg 800w, https:\/\/beatrice-mueller.de\/wp-content\/uploads\/2021\/10\/golf2-600x375.jpg 600w, https:\/\/beatrice-mueller.de\/wp-content\/uploads\/2021\/10\/golf2-300x188.jpg 300w, https:\/\/beatrice-mueller.de\/wp-content\/uploads\/2021\/10\/golf2-768x480.jpg 768w, https:\/\/beatrice-mueller.de\/wp-content\/uploads\/2021\/10\/golf2-705x441.jpg 705w\" data-sizes=\"(max-width: 800px) 100vw, 800px\" data-rel='gallery-1' data-prev-img='https:\/\/beatrice-mueller.de\/wp-content\/uploads\/2021\/10\/golf2.jpg' class='lightbox ' data-onclick='2' title='golf2'  itemprop=\"thumbnailUrl\"  ><img decoding=\"async\" fetchpriority=\"high\" class=\"wp-image-38766 avia-img-lazy-loading-not-38766\"   src=\"https:\/\/beatrice-mueller.de\/wp-content\/uploads\/2021\/10\/golf2-495x400.jpg\" width=\"495\" height=\"400\"  title='golf2' alt='' \/><div class='big-prev-fake'><img decoding=\"async\" loading=\"lazy\" class=\"wp-image-38766 avia-img-lazy-loading-38766\"  width=\"800\" height=\"500\" src=\"https:\/\/beatrice-mueller.de\/wp-content\/uploads\/2021\/10\/golf2.jpg\" title='golf2' alt='' srcset=\"https:\/\/beatrice-mueller.de\/wp-content\/uploads\/2021\/10\/golf2.jpg 800w, https:\/\/beatrice-mueller.de\/wp-content\/uploads\/2021\/10\/golf2-600x375.jpg 600w, https:\/\/beatrice-mueller.de\/wp-content\/uploads\/2021\/10\/golf2-300x188.jpg 300w, https:\/\/beatrice-mueller.de\/wp-content\/uploads\/2021\/10\/golf2-768x480.jpg 768w, https:\/\/beatrice-mueller.de\/wp-content\/uploads\/2021\/10\/golf2-705x441.jpg 705w\" sizes=\"auto, (max-width: 800px) 100vw, 800px\" \/><\/div><\/a><a href=\"https:\/\/beatrice-mueller.de\/wp-content\/uploads\/2021\/10\/golf3.jpg\" data-srcset=\"https:\/\/beatrice-mueller.de\/wp-content\/uploads\/2021\/10\/golf3.jpg 800w, https:\/\/beatrice-mueller.de\/wp-content\/uploads\/2021\/10\/golf3-600x375.jpg 600w, https:\/\/beatrice-mueller.de\/wp-content\/uploads\/2021\/10\/golf3-300x188.jpg 300w, https:\/\/beatrice-mueller.de\/wp-content\/uploads\/2021\/10\/golf3-768x480.jpg 768w, https:\/\/beatrice-mueller.de\/wp-content\/uploads\/2021\/10\/golf3-705x441.jpg 705w\" data-sizes=\"(max-width: 800px) 100vw, 800px\" data-rel='gallery-1' data-prev-img='https:\/\/beatrice-mueller.de\/wp-content\/uploads\/2021\/10\/golf3.jpg' class='lightbox ' data-onclick='3' title='golf3'  itemprop=\"thumbnailUrl\"  ><img decoding=\"async\" fetchpriority=\"high\" class=\"wp-image-38768 avia-img-lazy-loading-not-38768\"   src=\"https:\/\/beatrice-mueller.de\/wp-content\/uploads\/2021\/10\/golf3-495x400.jpg\" width=\"495\" height=\"400\"  title='golf3' alt='' \/><div class='big-prev-fake'><img decoding=\"async\" loading=\"lazy\" class=\"wp-image-38768 avia-img-lazy-loading-38768\"  width=\"800\" height=\"500\" src=\"https:\/\/beatrice-mueller.de\/wp-content\/uploads\/2021\/10\/golf3.jpg\" title='golf3' alt='' srcset=\"https:\/\/beatrice-mueller.de\/wp-content\/uploads\/2021\/10\/golf3.jpg 800w, https:\/\/beatrice-mueller.de\/wp-content\/uploads\/2021\/10\/golf3-600x375.jpg 600w, https:\/\/beatrice-mueller.de\/wp-content\/uploads\/2021\/10\/golf3-300x188.jpg 300w, https:\/\/beatrice-mueller.de\/wp-content\/uploads\/2021\/10\/golf3-768x480.jpg 768w, https:\/\/beatrice-mueller.de\/wp-content\/uploads\/2021\/10\/golf3-705x441.jpg 705w\" sizes=\"auto, (max-width: 800px) 100vw, 800px\" \/><\/div><\/a><\/div><\/div>\n<\/div><\/div><div class='flex_cell av-6vh2a1-ab0ac9a7946c56cae82e446caebe84f9 av-gridrow-cell av_one_half no_margin  avia-builder-el-3  el_after_av_cell_one_half  avia-builder-el-last '  ><div class='flex_cell_inner'><p>\n<style type=\"text\/css\" data-created_by=\"avia_inline_auto\" id=\"style-css-av-68788p-218ebb1c144fbee4b672c1bd02196c53\">\n#top .av-special-heading.av-68788p-218ebb1c144fbee4b672c1bd02196c53{\npadding-bottom:10px;\n}\nbody .av-special-heading.av-68788p-218ebb1c144fbee4b672c1bd02196c53 .av-special-heading-tag .heading-char{\nfont-size:25px;\n}\n.av-special-heading.av-68788p-218ebb1c144fbee4b672c1bd02196c53 .av-subheading{\nfont-size:15px;\n}\n<\/style>\n<div  class='av-special-heading av-68788p-218ebb1c144fbee4b672c1bd02196c53 av-special-heading-h1 blockquote modern-quote  avia-builder-el-4  el_before_av_hr  avia-builder-el-first '><h1 class='av-special-heading-tag '  itemprop=\"headline\"  >golf<\/h1><div class=\"special-heading-border\"><div class=\"special-heading-inner-border\"><\/div><\/div><\/div><br \/>\n<div  class='hr av-4s8ik9-7ae98f393e62254c032f10fe87e3e3fe hr-default  avia-builder-el-5  el_after_av_heading  el_before_av_textblock '><span class='hr-inner '><span class=\"hr-inner-style\"><\/span><\/span><\/div><br \/>\n<section  class='av_textblock_section av-2op1bt-c296008d7b9d4e478377b4e3b17828b3 '   itemscope=\"itemscope\" itemtype=\"https:\/\/schema.org\/CreativeWork\" ><div class='avia_textblock'  itemprop=\"text\" ><div id=\"sdo-contentpage-right\">\n<div class=\"product-info\">\n<p class=\"desc\">Uno sport con tradizione e stile. L&#8217;iconica pallina da golf diventa gioiello grazie a Beatrice M\u00fcller. Realizzato artigianalmente in howlite bianca con le sue caratteristiche fossette, diventa un elemento di design per creazioni semplici ma d&#8217;effetto, con l&#8217;eleganza sportiva che incarna il gioco del golf.  <\/p>\n<p>Ma il golf \u00e8 molto pi\u00f9 di uno sport. Il golf \u00e8 uno stile di vita. Amato e vissuto da \u201clei\u201d e da \u201clui\u201d, attraverso le generazioni. Ecco perch\u00e9 il gioco viene interpretato in molti modi diversi nella gioielleria. Con elementi tradizionali e non convenzionali.    <\/p>\n<\/div>\n<\/div>\n<\/div><\/section><\/p>\n<\/div><\/div>\n<\/div>\n<div id='av-masonry-1' class='av-masonry av-kv9w5g58-596140d58f4e3511b3a794a62d0fdf7e noHover av-fixed-size av-large-gap av-hover-overlay- av-masonry-animation-active av-masonry-col-flexible av-caption-always av-caption-style- av-masonry-gallery av-orientation-portrait ' data-post_id=\"19738\"><div class=\"av-masonry-container isotope av-js-disabled\"><div class='av-masonry-entry isotope-item av-masonry-item-no-image '><\/div><div id='av-masonry-1-item-37878' data-av-masonry-item='37878' class='av-masonry-entry isotope-item post-37878 attachment type-attachment status-inherit hentry  av-masonry-item-with-image'    itemprop=\"thumbnailUrl\" ><div class='av-inner-masonry-sizer'><\/div><figure class='av-inner-masonry main_color'><div class=\"av-masonry-outerimage-container\"><div class='av-masonry-image-container' style=\"background-image: url(https:\/\/beatrice-mueller.de\/wp-content\/uploads\/2021\/10\/SECOND_SKIN_schwarz_mit_Anhaenger_GOLF_Howlith_KRONE_OESE_GG-7-705x705.jpg);\"  title=\"SECOND_SKIN_schwarz_mit_Anhaenger_GOLF_Howlith_KRONE_OESE_GG\" ><\/div><\/div><figcaption class='av-inner-masonry-content site-background'><div class='av-inner-masonry-content-pos'><div class='av-inner-masonry-content-pos-content'><div class='avia-arrow'><\/div><div class='av-masonry-entry-content entry-content'  itemprop=\"text\" >Textil<\/div><\/div><\/div><\/figcaption><\/figure><\/div><!--end av-masonry entry--><div id='av-masonry-1-item-36154' data-av-masonry-item='36154' class='av-masonry-entry isotope-item post-36154 attachment type-attachment status-inherit hentry  av-masonry-item-with-image'    itemprop=\"thumbnailUrl\" ><div class='av-inner-masonry-sizer'><\/div><figure class='av-inner-masonry main_color'><div class=\"av-masonry-outerimage-container\"><div class='av-masonry-image-container' style=\"background-image: url(https:\/\/beatrice-mueller.de\/wp-content\/uploads\/2021\/09\/PERFECT_Glas_Scheibe_ALPHA_mit_Anhaenger_GOLF_750GG_poliert_F_Titel.jpg);\"  title=\"PERFECT_Glas_Scheibe_ALPHA_mit_Anhaenger_GOLF_750GG_poliert_F_Titel\" ><\/div><\/div><figcaption class='av-inner-masonry-content site-background'><div class='av-inner-masonry-content-pos'><div class='av-inner-masonry-content-pos-content'><div class='avia-arrow'><\/div><div class='av-masonry-entry-content entry-content'  itemprop=\"text\" >Perfect Glas\u00ae<\/div><\/div><\/div><\/figcaption><\/figure><\/div><!--end av-masonry entry--><div id='av-masonry-1-item-36108' data-av-masonry-item='36108' class='av-masonry-entry isotope-item post-36108 attachment type-attachment status-inherit hentry  av-masonry-item-with-image'    itemprop=\"thumbnailUrl\" ><div class='av-inner-masonry-sizer'><\/div><figure class='av-inner-masonry main_color'><div class=\"av-masonry-outerimage-container\"><div class='av-masonry-image-container' style=\"background-image: url(https:\/\/beatrice-mueller.de\/wp-content\/uploads\/2021\/09\/Ringe_WKDK_GOLF_03-705x705.jpg);\"  title=\"Ringe_WKDK_GOLF_03\" ><\/div><\/div><figcaption class='av-inner-masonry-content site-background'><div class='av-inner-masonry-content-pos'><div class='av-inner-masonry-content-pos-content'><div class='avia-arrow'><\/div><div class='av-masonry-entry-content entry-content'  itemprop=\"text\" >Ringe<\/div><\/div><\/div><\/figcaption><\/figure><\/div><!--end av-masonry entry--><div id='av-masonry-1-item-38516' data-av-masonry-item='38516' class='av-masonry-entry isotope-item post-38516 attachment type-attachment status-inherit hentry  av-masonry-item-with-image'    itemprop=\"thumbnailUrl\" ><div class='av-inner-masonry-sizer'><\/div><figure class='av-inner-masonry main_color'><div class=\"av-masonry-outerimage-container\"><div class='av-masonry-image-container' style=\"background-image: url(https:\/\/beatrice-mueller.de\/wp-content\/uploads\/2021\/10\/Ohrhaenge_Golf_750GG_Howlith-4-705x705.jpg);\"  title=\"Ohrhaenge_Golf_750GG_Howlith\" ><\/div><\/div><figcaption class='av-inner-masonry-content site-background'><div class='av-inner-masonry-content-pos'><div class='av-inner-masonry-content-pos-content'><div class='avia-arrow'><\/div><div class='av-masonry-entry-content entry-content'  itemprop=\"text\" >Ohrschmuck<\/div><\/div><\/div><\/figcaption><\/figure><\/div><!--end av-masonry entry--><div id='av-masonry-1-item-18111' data-av-masonry-item='18111' class='av-masonry-entry isotope-item post-18111 attachment type-attachment status-inherit hentry  av-masonry-item-with-image'    itemprop=\"thumbnailUrl\" ><div class='av-inner-masonry-sizer'><\/div><figure class='av-inner-masonry main_color'><div class=\"av-masonry-outerimage-container\"><div class='av-masonry-image-container' style=\"background-image: url(https:\/\/beatrice-mueller.de\/wp-content\/uploads\/2021\/10\/golf1-705x441.jpg);\"  title=\"golf1\" ><\/div><\/div><figcaption class='av-inner-masonry-content site-background'><div class='av-inner-masonry-content-pos'><div class='av-inner-masonry-content-pos-content'><div class='avia-arrow'><\/div><div class='av-masonry-entry-content entry-content'  itemprop=\"text\" >GOLF<\/div><\/div><\/div><\/figcaption><\/figure><\/div><!--end av-masonry entry--><div id='av-masonry-1-item-37904' data-av-masonry-item='37904' class='av-masonry-entry isotope-item post-37904 attachment type-attachment status-inherit hentry  av-masonry-item-with-image'    itemprop=\"thumbnailUrl\" ><div class='av-inner-masonry-sizer'><\/div><figure class='av-inner-masonry main_color'><div class=\"av-masonry-outerimage-container\"><div class='av-masonry-image-container' style=\"background-image: url(https:\/\/beatrice-mueller.de\/wp-content\/uploads\/2021\/10\/Manschettenknoepfe_Golf_ohne_kanten_GG-9-705x705.jpg);\"  title=\"Manschettenknoepfe_Golf_ohne_kanten_GG\" ><\/div><\/div><figcaption class='av-inner-masonry-content site-background'><div class='av-inner-masonry-content-pos'><div class='av-inner-masonry-content-pos-content'><div class='avia-arrow'><\/div><div class='av-masonry-entry-content entry-content'  itemprop=\"text\" >Steckschmuck<\/div><\/div><\/div><\/figcaption><\/figure><\/div><!--end av-masonry entry--><\/div><\/div>\n","protected":false},"excerpt":{"rendered":"","protected":false},"author":1,"featured_media":0,"parent":0,"menu_order":0,"comment_status":"closed","ping_status":"closed","template":"","meta":{"_glsr_average":0,"_glsr_ranking":0,"_glsr_reviews":0,"footnotes":""},"class_list":["post-19738","page","type-page","status-publish","hentry"],"yoast_head":"<!-- This site is optimized with the Yoast SEO plugin v25.6 - https:\/\/yoast.com\/wordpress\/plugins\/seo\/ -->\n<title>golf - Beatrice M\u00fcller<\/title>\n<meta name=\"robots\" content=\"index, follow, max-snippet:-1, max-image-preview:large, max-video-preview:-1\" \/>\n<link rel=\"canonical\" href=\"https:\/\/beatrice-mueller.de\/it\/golf\/\" \/>\n<meta property=\"og:locale\" content=\"it_IT\" \/>\n<meta property=\"og:type\" content=\"article\" \/>\n<meta property=\"og:title\" content=\"golf - Beatrice M\u00fcller\" \/>\n<meta property=\"og:url\" content=\"https:\/\/beatrice-mueller.de\/it\/golf\/\" \/>\n<meta property=\"og:site_name\" content=\"Beatrice M\u00fcller\" \/>\n<meta property=\"article:modified_time\" content=\"2025-02-16T11:48:56+00:00\" \/>\n<meta name=\"twitter:card\" content=\"summary_large_image\" \/>\n<meta name=\"twitter:label1\" content=\"Tempo di lettura stimato\" \/>\n\t<meta name=\"twitter:data1\" content=\"3 minuti\" \/>\n<script type=\"application\/ld+json\" class=\"yoast-schema-graph\">{\"@context\":\"https:\/\/schema.org\",\"@graph\":[{\"@type\":\"WebPage\",\"@id\":\"https:\/\/beatrice-mueller.de\/it\/golf\/\",\"url\":\"https:\/\/beatrice-mueller.de\/it\/golf\/\",\"name\":\"golf - Beatrice M\u00fcller\",\"isPartOf\":{\"@id\":\"https:\/\/beatrice-mueller.de\/it\/#website\"},\"datePublished\":\"2025-02-16T11:48:53+00:00\",\"dateModified\":\"2025-02-16T11:48:56+00:00\",\"breadcrumb\":{\"@id\":\"https:\/\/beatrice-mueller.de\/it\/golf\/#breadcrumb\"},\"inLanguage\":\"it-IT\",\"potentialAction\":[{\"@type\":\"ReadAction\",\"target\":[\"https:\/\/beatrice-mueller.de\/it\/golf\/\"]}]},{\"@type\":\"BreadcrumbList\",\"@id\":\"https:\/\/beatrice-mueller.de\/it\/golf\/#breadcrumb\",\"itemListElement\":[{\"@type\":\"ListItem\",\"position\":1,\"name\":\"Startseite\",\"item\":\"https:\/\/beatrice-mueller.de\/it\/\"},{\"@type\":\"ListItem\",\"position\":2,\"name\":\"golf\"}]},{\"@type\":\"WebSite\",\"@id\":\"https:\/\/beatrice-mueller.de\/it\/#website\",\"url\":\"https:\/\/beatrice-mueller.de\/it\/\",\"name\":\"Beatrice M\u00fcller\",\"description\":\"Schmuckdesign\",\"potentialAction\":[{\"@type\":\"SearchAction\",\"target\":{\"@type\":\"EntryPoint\",\"urlTemplate\":\"https:\/\/beatrice-mueller.de\/it\/?s={search_term_string}\"},\"query-input\":{\"@type\":\"PropertyValueSpecification\",\"valueRequired\":true,\"valueName\":\"search_term_string\"}}],\"inLanguage\":\"it-IT\"}]}<\/script>\n<!-- \/ Yoast SEO plugin. -->","yoast_head_json":{"title":"golf - Beatrice M\u00fcller","robots":{"index":"index","follow":"follow","max-snippet":"max-snippet:-1","max-image-preview":"max-image-preview:large","max-video-preview":"max-video-preview:-1"},"canonical":"https:\/\/beatrice-mueller.de\/it\/golf\/","og_locale":"it_IT","og_type":"article","og_title":"golf - Beatrice M\u00fcller","og_url":"https:\/\/beatrice-mueller.de\/it\/golf\/","og_site_name":"Beatrice M\u00fcller","article_modified_time":"2025-02-16T11:48:56+00:00","twitter_card":"summary_large_image","twitter_misc":{"Tempo di lettura stimato":"3 minuti"},"schema":{"@context":"https:\/\/schema.org","@graph":[{"@type":"WebPage","@id":"https:\/\/beatrice-mueller.de\/it\/golf\/","url":"https:\/\/beatrice-mueller.de\/it\/golf\/","name":"golf - Beatrice M\u00fcller","isPartOf":{"@id":"https:\/\/beatrice-mueller.de\/it\/#website"},"datePublished":"2025-02-16T11:48:53+00:00","dateModified":"2025-02-16T11:48:56+00:00","breadcrumb":{"@id":"https:\/\/beatrice-mueller.de\/it\/golf\/#breadcrumb"},"inLanguage":"it-IT","potentialAction":[{"@type":"ReadAction","target":["https:\/\/beatrice-mueller.de\/it\/golf\/"]}]},{"@type":"BreadcrumbList","@id":"https:\/\/beatrice-mueller.de\/it\/golf\/#breadcrumb","itemListElement":[{"@type":"ListItem","position":1,"name":"Startseite","item":"https:\/\/beatrice-mueller.de\/it\/"},{"@type":"ListItem","position":2,"name":"golf"}]},{"@type":"WebSite","@id":"https:\/\/beatrice-mueller.de\/it\/#website","url":"https:\/\/beatrice-mueller.de\/it\/","name":"Beatrice M\u00fcller","description":"Schmuckdesign","potentialAction":[{"@type":"SearchAction","target":{"@type":"EntryPoint","urlTemplate":"https:\/\/beatrice-mueller.de\/it\/?s={search_term_string}"},"query-input":{"@type":"PropertyValueSpecification","valueRequired":true,"valueName":"search_term_string"}}],"inLanguage":"it-IT"}]}},"_links":{"self":[{"href":"https:\/\/beatrice-mueller.de\/it\/wp-json\/wp\/v2\/pages\/19738","targetHints":{"allow":["GET"]}}],"collection":[{"href":"https:\/\/beatrice-mueller.de\/it\/wp-json\/wp\/v2\/pages"}],"about":[{"href":"https:\/\/beatrice-mueller.de\/it\/wp-json\/wp\/v2\/types\/page"}],"author":[{"embeddable":true,"href":"https:\/\/beatrice-mueller.de\/it\/wp-json\/wp\/v2\/users\/1"}],"replies":[{"embeddable":true,"href":"https:\/\/beatrice-mueller.de\/it\/wp-json\/wp\/v2\/comments?post=19738"}],"version-history":[{"count":1,"href":"https:\/\/beatrice-mueller.de\/it\/wp-json\/wp\/v2\/pages\/19738\/revisions"}],"predecessor-version":[{"id":19740,"href":"https:\/\/beatrice-mueller.de\/it\/wp-json\/wp\/v2\/pages\/19738\/revisions\/19740"}],"wp:attachment":[{"href":"https:\/\/beatrice-mueller.de\/it\/wp-json\/wp\/v2\/media?parent=19738"}],"curies":[{"name":"wp","href":"https:\/\/api.w.org\/{rel}","templated":true}]}}