{"id":19742,"date":"2025-02-16T12:48:54","date_gmt":"2025-02-16T11:48:54","guid":{"rendered":"https:\/\/beatrice-mueller.de\/paradiso\/"},"modified":"2025-02-16T12:48:56","modified_gmt":"2025-02-16T11:48:56","slug":"paradiso","status":"publish","type":"page","link":"https:\/\/beatrice-mueller.de\/it\/paradiso\/","title":{"rendered":"paradiso"},"content":{"rendered":"<div id='av-layout-grid-1'  class='av-layout-grid-container av-9duvmj-b14efad1588f9ffafdc332714c07fb14 entry-content-wrapper main_color av-flex-cells  avia-builder-el-0  el_before_av_masonry_gallery  avia-builder-el-first   container_wrap sidebar_right'  >\n<div class='flex_cell av-7caru3-0cad52db58babd01eb5cd001ed14d51f av-gridrow-cell av_one_half no_margin  avia-builder-el-1  el_before_av_cell_one_half  avia-builder-el-first '  ><div class='flex_cell_inner'>\n<style type=\"text\/css\" data-created_by=\"avia_inline_auto\" id=\"style-css-av-67s0ej-566ee37bb7e0ed8fa42108d7f990b098\">\n#top .avia-gallery.av-67s0ej-566ee37bb7e0ed8fa42108d7f990b098 .avia-gallery-thumb a{\nwidth:25%;\n}\n<\/style>\n<div  class='avia-gallery av-67s0ej-566ee37bb7e0ed8fa42108d7f990b098 avia_animate_when_visible  avia-builder-el-2  avia-builder-el-no-sibling  avia_lazyload av-slideshow-ui av-loop-manual-endless av-control-hidden av-navigate-arrows av-navigate-dots hover-effect av-control-hidden avia-gallery-animate avia-gallery-1'  itemprop=\"image\" itemscope=\"itemscope\" itemtype=\"https:\/\/schema.org\/ImageObject\" ><meta itemprop=\"contentURL\" content=\"https:\/\/beatrice-mueller.de\/it\/paradiso\/\"><a class='avia-gallery-big fakeLightbox lightbox avia-gallery-big-crop-thumb ' href=\"https:\/\/beatrice-mueller.de\/wp-content\/uploads\/2021\/10\/paradies1.jpg\" data-srcset=\"https:\/\/beatrice-mueller.de\/wp-content\/uploads\/2021\/10\/paradies1.jpg 800w, https:\/\/beatrice-mueller.de\/wp-content\/uploads\/2021\/10\/paradies1-600x375.jpg 600w, https:\/\/beatrice-mueller.de\/wp-content\/uploads\/2021\/10\/paradies1-300x188.jpg 300w, https:\/\/beatrice-mueller.de\/wp-content\/uploads\/2021\/10\/paradies1-768x480.jpg 768w, https:\/\/beatrice-mueller.de\/wp-content\/uploads\/2021\/10\/paradies1-705x441.jpg 705w\" data-sizes=\"(max-width: 800px) 100vw, 800px\"  data-onclick='1' title='paradies1' ><span class='avia-gallery-big-inner'  itemprop=\"thumbnailUrl\" ><img decoding=\"async\" fetchpriority=\"high\" class=\"wp-image-38715 avia-img-lazy-loading-not-38715\"  width=\"800\" height=\"500\" src=\"https:\/\/beatrice-mueller.de\/wp-content\/uploads\/2021\/10\/paradies1.jpg\" title='paradies1' alt='' srcset=\"https:\/\/beatrice-mueller.de\/wp-content\/uploads\/2021\/10\/paradies1.jpg 800w, https:\/\/beatrice-mueller.de\/wp-content\/uploads\/2021\/10\/paradies1-600x375.jpg 600w, https:\/\/beatrice-mueller.de\/wp-content\/uploads\/2021\/10\/paradies1-300x188.jpg 300w, https:\/\/beatrice-mueller.de\/wp-content\/uploads\/2021\/10\/paradies1-768x480.jpg 768w, https:\/\/beatrice-mueller.de\/wp-content\/uploads\/2021\/10\/paradies1-705x441.jpg 705w\" sizes=\"(max-width: 800px) 100vw, 800px\" \/><\/span><\/a><div class='avia-gallery-thumb'><a href=\"https:\/\/beatrice-mueller.de\/wp-content\/uploads\/2021\/10\/paradies1.jpg\" data-srcset=\"https:\/\/beatrice-mueller.de\/wp-content\/uploads\/2021\/10\/paradies1.jpg 800w, https:\/\/beatrice-mueller.de\/wp-content\/uploads\/2021\/10\/paradies1-600x375.jpg 600w, https:\/\/beatrice-mueller.de\/wp-content\/uploads\/2021\/10\/paradies1-300x188.jpg 300w, https:\/\/beatrice-mueller.de\/wp-content\/uploads\/2021\/10\/paradies1-768x480.jpg 768w, https:\/\/beatrice-mueller.de\/wp-content\/uploads\/2021\/10\/paradies1-705x441.jpg 705w\" data-sizes=\"(max-width: 800px) 100vw, 800px\" data-rel='gallery-1' data-prev-img='https:\/\/beatrice-mueller.de\/wp-content\/uploads\/2021\/10\/paradies1.jpg' class='first_thumb lightbox ' data-onclick='1' title='paradies1'  itemprop=\"thumbnailUrl\"  ><img decoding=\"async\" fetchpriority=\"high\" class=\"wp-image-38715 avia-img-lazy-loading-not-38715\"   src=\"https:\/\/beatrice-mueller.de\/wp-content\/uploads\/2021\/10\/paradies1-495x400.jpg\" width=\"495\" height=\"400\"  title='paradies1' alt='' \/><div class='big-prev-fake'><img decoding=\"async\" loading=\"lazy\" class=\"wp-image-38715 avia-img-lazy-loading-38715\"  width=\"800\" height=\"500\" src=\"https:\/\/beatrice-mueller.de\/wp-content\/uploads\/2021\/10\/paradies1.jpg\" title='paradies1' alt='' srcset=\"https:\/\/beatrice-mueller.de\/wp-content\/uploads\/2021\/10\/paradies1.jpg 800w, https:\/\/beatrice-mueller.de\/wp-content\/uploads\/2021\/10\/paradies1-600x375.jpg 600w, https:\/\/beatrice-mueller.de\/wp-content\/uploads\/2021\/10\/paradies1-300x188.jpg 300w, https:\/\/beatrice-mueller.de\/wp-content\/uploads\/2021\/10\/paradies1-768x480.jpg 768w, https:\/\/beatrice-mueller.de\/wp-content\/uploads\/2021\/10\/paradies1-705x441.jpg 705w\" sizes=\"auto, (max-width: 800px) 100vw, 800px\" \/><\/div><\/a><a href=\"https:\/\/beatrice-mueller.de\/wp-content\/uploads\/2021\/10\/paradies2.jpg\" data-srcset=\"https:\/\/beatrice-mueller.de\/wp-content\/uploads\/2021\/10\/paradies2.jpg 800w, https:\/\/beatrice-mueller.de\/wp-content\/uploads\/2021\/10\/paradies2-600x375.jpg 600w, https:\/\/beatrice-mueller.de\/wp-content\/uploads\/2021\/10\/paradies2-300x188.jpg 300w, https:\/\/beatrice-mueller.de\/wp-content\/uploads\/2021\/10\/paradies2-768x480.jpg 768w, https:\/\/beatrice-mueller.de\/wp-content\/uploads\/2021\/10\/paradies2-705x441.jpg 705w\" data-sizes=\"(max-width: 800px) 100vw, 800px\" data-rel='gallery-1' data-prev-img='https:\/\/beatrice-mueller.de\/wp-content\/uploads\/2021\/10\/paradies2.jpg' class='lightbox ' data-onclick='2' title='paradies2'  itemprop=\"thumbnailUrl\"  ><img decoding=\"async\" fetchpriority=\"high\" class=\"wp-image-38717 avia-img-lazy-loading-not-38717\"   src=\"https:\/\/beatrice-mueller.de\/wp-content\/uploads\/2021\/10\/paradies2-495x400.jpg\" width=\"495\" height=\"400\"  title='paradies2' alt='' \/><div class='big-prev-fake'><img decoding=\"async\" loading=\"lazy\" class=\"wp-image-38717 avia-img-lazy-loading-38717\"  width=\"800\" height=\"500\" src=\"https:\/\/beatrice-mueller.de\/wp-content\/uploads\/2021\/10\/paradies2.jpg\" title='paradies2' alt='' srcset=\"https:\/\/beatrice-mueller.de\/wp-content\/uploads\/2021\/10\/paradies2.jpg 800w, https:\/\/beatrice-mueller.de\/wp-content\/uploads\/2021\/10\/paradies2-600x375.jpg 600w, https:\/\/beatrice-mueller.de\/wp-content\/uploads\/2021\/10\/paradies2-300x188.jpg 300w, https:\/\/beatrice-mueller.de\/wp-content\/uploads\/2021\/10\/paradies2-768x480.jpg 768w, https:\/\/beatrice-mueller.de\/wp-content\/uploads\/2021\/10\/paradies2-705x441.jpg 705w\" sizes=\"auto, (max-width: 800px) 100vw, 800px\" \/><\/div><\/a><a href=\"https:\/\/beatrice-mueller.de\/wp-content\/uploads\/2021\/10\/paradies3.jpg\" data-srcset=\"https:\/\/beatrice-mueller.de\/wp-content\/uploads\/2021\/10\/paradies3.jpg 800w, https:\/\/beatrice-mueller.de\/wp-content\/uploads\/2021\/10\/paradies3-600x375.jpg 600w, https:\/\/beatrice-mueller.de\/wp-content\/uploads\/2021\/10\/paradies3-300x188.jpg 300w, https:\/\/beatrice-mueller.de\/wp-content\/uploads\/2021\/10\/paradies3-768x480.jpg 768w, https:\/\/beatrice-mueller.de\/wp-content\/uploads\/2021\/10\/paradies3-705x441.jpg 705w\" data-sizes=\"(max-width: 800px) 100vw, 800px\" data-rel='gallery-1' data-prev-img='https:\/\/beatrice-mueller.de\/wp-content\/uploads\/2021\/10\/paradies3.jpg' class='lightbox ' data-onclick='3' title='paradies3'  itemprop=\"thumbnailUrl\"  ><img decoding=\"async\" fetchpriority=\"high\" class=\"wp-image-38719 avia-img-lazy-loading-not-38719\"   src=\"https:\/\/beatrice-mueller.de\/wp-content\/uploads\/2021\/10\/paradies3-495x400.jpg\" width=\"495\" height=\"400\"  title='paradies3' alt='' \/><div class='big-prev-fake'><img decoding=\"async\" loading=\"lazy\" class=\"wp-image-38719 avia-img-lazy-loading-38719\"  width=\"800\" height=\"500\" src=\"https:\/\/beatrice-mueller.de\/wp-content\/uploads\/2021\/10\/paradies3.jpg\" title='paradies3' alt='' srcset=\"https:\/\/beatrice-mueller.de\/wp-content\/uploads\/2021\/10\/paradies3.jpg 800w, https:\/\/beatrice-mueller.de\/wp-content\/uploads\/2021\/10\/paradies3-600x375.jpg 600w, https:\/\/beatrice-mueller.de\/wp-content\/uploads\/2021\/10\/paradies3-300x188.jpg 300w, https:\/\/beatrice-mueller.de\/wp-content\/uploads\/2021\/10\/paradies3-768x480.jpg 768w, https:\/\/beatrice-mueller.de\/wp-content\/uploads\/2021\/10\/paradies3-705x441.jpg 705w\" sizes=\"auto, (max-width: 800px) 100vw, 800px\" \/><\/div><\/a><a href=\"https:\/\/beatrice-mueller.de\/wp-content\/uploads\/2021\/10\/paradies4.jpg\" data-srcset=\"https:\/\/beatrice-mueller.de\/wp-content\/uploads\/2021\/10\/paradies4.jpg 800w, https:\/\/beatrice-mueller.de\/wp-content\/uploads\/2021\/10\/paradies4-600x375.jpg 600w, https:\/\/beatrice-mueller.de\/wp-content\/uploads\/2021\/10\/paradies4-300x188.jpg 300w, https:\/\/beatrice-mueller.de\/wp-content\/uploads\/2021\/10\/paradies4-768x480.jpg 768w, https:\/\/beatrice-mueller.de\/wp-content\/uploads\/2021\/10\/paradies4-705x441.jpg 705w\" data-sizes=\"(max-width: 800px) 100vw, 800px\" data-rel='gallery-1' data-prev-img='https:\/\/beatrice-mueller.de\/wp-content\/uploads\/2021\/10\/paradies4.jpg' class='lightbox ' data-onclick='4' title='paradies4'  itemprop=\"thumbnailUrl\"  ><img decoding=\"async\" fetchpriority=\"high\" class=\"wp-image-38721 avia-img-lazy-loading-not-38721\"   src=\"https:\/\/beatrice-mueller.de\/wp-content\/uploads\/2021\/10\/paradies4-495x400.jpg\" width=\"495\" height=\"400\"  title='paradies4' alt='' \/><div class='big-prev-fake'><img decoding=\"async\" loading=\"lazy\" class=\"wp-image-38721 avia-img-lazy-loading-38721\"  width=\"800\" height=\"500\" src=\"https:\/\/beatrice-mueller.de\/wp-content\/uploads\/2021\/10\/paradies4.jpg\" title='paradies4' alt='' srcset=\"https:\/\/beatrice-mueller.de\/wp-content\/uploads\/2021\/10\/paradies4.jpg 800w, https:\/\/beatrice-mueller.de\/wp-content\/uploads\/2021\/10\/paradies4-600x375.jpg 600w, https:\/\/beatrice-mueller.de\/wp-content\/uploads\/2021\/10\/paradies4-300x188.jpg 300w, https:\/\/beatrice-mueller.de\/wp-content\/uploads\/2021\/10\/paradies4-768x480.jpg 768w, https:\/\/beatrice-mueller.de\/wp-content\/uploads\/2021\/10\/paradies4-705x441.jpg 705w\" sizes=\"auto, (max-width: 800px) 100vw, 800px\" \/><\/div><\/a><\/div><\/div>\n<\/div><\/div><div class='flex_cell av-3o1yy3-4f99325db774804545146b48583a7777 av-gridrow-cell av_one_half no_margin  avia-builder-el-3  el_after_av_cell_one_half  avia-builder-el-last '  ><div class='flex_cell_inner'><p>\n<style type=\"text\/css\" data-created_by=\"avia_inline_auto\" id=\"style-css-av-kv8l4kwp-16d97cb016dd07e1e79ffdf1216674f1\">\n#top .av-special-heading.av-kv8l4kwp-16d97cb016dd07e1e79ffdf1216674f1{\npadding-bottom:10px;\n}\nbody .av-special-heading.av-kv8l4kwp-16d97cb016dd07e1e79ffdf1216674f1 .av-special-heading-tag .heading-char{\nfont-size:25px;\n}\n.av-special-heading.av-kv8l4kwp-16d97cb016dd07e1e79ffdf1216674f1 .av-subheading{\nfont-size:15px;\n}\n<\/style>\n<div  class='av-special-heading av-kv8l4kwp-16d97cb016dd07e1e79ffdf1216674f1 av-special-heading-h1 blockquote modern-quote  avia-builder-el-4  el_before_av_hr  avia-builder-el-first '><h1 class='av-special-heading-tag '  itemprop=\"headline\"  >paradiso<\/h1><div class=\"special-heading-border\"><div class=\"special-heading-inner-border\"><\/div><\/div><\/div><br \/>\n<div  class='hr av-2rb4ob-e986d9a058262fd0ebb8833edcb7aeaa hr-default  avia-builder-el-5  el_after_av_heading  el_before_av_textblock '><span class='hr-inner '><span class=\"hr-inner-style\"><\/span><\/span><\/div><br \/>\n<section  class='av_textblock_section av-1wwy8r-0ce571ba64a38947a7c73934ffaba451 '   itemscope=\"itemscope\" itemtype=\"https:\/\/schema.org\/CreativeWork\" ><div class='avia_textblock'  itemprop=\"text\" ><p>Paradiso \u2013 il Giardino dell\u2019Eden\u2026 abbondanza, dolce tentazione, beatitudine\u2026 La collezione GLANZ UND GLORIA BY Beatrice M\u00fcller <strong><sup>\u00ae<\/sup><\/strong> \u00e8 figurativa e prende in prestito le sue forme dal ricco tesoro della natura.<\/p>\n<p>La fonte di ispirazione \u00e8 la mela, il cui consumo port\u00f2 alla cacciata di Adamo ed Eva dal paradiso. Simbolo di amore e fertilit\u00e0, di vita ma anche di caducit\u00e0. Come mela d&#8217;oro, \u00e8 simbolo di potere e cibo degli dei per raggiungere l&#8217;eterna giovinezza.  <\/p>\n<p>Per la sua collezione PARADISE, Beatrice M\u00fcller ha disegnato la mela come anello, ciondolo, orecchini o spilla in oro e platino, anche con diamanti. Piccole e giocose, civettuole o molto presenti.<\/p>\n<\/div><\/section><\/p>\n<\/div><\/div>\n<\/div>\n<div id='av-masonry-1' class='av-masonry av-kv9wch0m-e6539c48d7aaebee292af0f61499d5d1 noHover av-fixed-size av-large-gap av-hover-overlay- av-masonry-animation-active av-masonry-col-flexible av-caption-always av-caption-style- av-masonry-gallery av-orientation-portrait ' data-post_id=\"19742\"><div class=\"av-masonry-container isotope av-js-disabled\"><div class='av-masonry-entry isotope-item av-masonry-item-no-image '><\/div><div id='av-masonry-1-item-36950' data-av-masonry-item='36950' class='av-masonry-entry isotope-item post-36950 attachment type-attachment status-inherit hentry  av-masonry-item-with-image'    itemprop=\"thumbnailUrl\" ><div class='av-inner-masonry-sizer'><\/div><figure class='av-inner-masonry main_color'><div class=\"av-masonry-outerimage-container\"><div class='av-masonry-image-container' style=\"background-image: url(https:\/\/beatrice-mueller.de\/wp-content\/uploads\/2021\/09\/Paradiesische-Liebe-705x705.jpg);\"  title=\"Paradiesische-Liebe\" ><\/div><\/div><figcaption class='av-inner-masonry-content site-background'><div class='av-inner-masonry-content-pos'><div class='av-inner-masonry-content-pos-content'><div class='avia-arrow'><\/div><div class='av-masonry-entry-content entry-content'  itemprop=\"text\" >Ringe<\/div><\/div><\/div><\/figcaption><\/figure><\/div><!--end av-masonry entry--><div id='av-masonry-1-item-36632' data-av-masonry-item='36632' class='av-masonry-entry isotope-item post-36632 attachment type-attachment status-inherit hentry  av-masonry-item-with-image'    itemprop=\"thumbnailUrl\" ><div class='av-inner-masonry-sizer'><\/div><figure class='av-inner-masonry main_color'><div class=\"av-masonry-outerimage-container\"><div class='av-masonry-image-container' style=\"background-image: url(https:\/\/beatrice-mueller.de\/wp-content\/uploads\/2021\/09\/Paradies-1-705x470.jpg);\"  title=\"Paradies-1\" ><\/div><\/div><figcaption class='av-inner-masonry-content site-background'><div class='av-inner-masonry-content-pos'><div class='av-inner-masonry-content-pos-content'><div class='avia-arrow'><\/div><div class='av-masonry-entry-content entry-content'  itemprop=\"text\" >Halsschmuck<\/div><\/div><\/div><\/figcaption><\/figure><\/div><!--end av-masonry entry--><\/div><\/div>\n","protected":false},"excerpt":{"rendered":"","protected":false},"author":1,"featured_media":0,"parent":0,"menu_order":0,"comment_status":"closed","ping_status":"closed","template":"","meta":{"_glsr_average":0,"_glsr_ranking":0,"_glsr_reviews":0,"footnotes":""},"class_list":["post-19742","page","type-page","status-publish","hentry"],"yoast_head":"<!-- This site is optimized with the Yoast SEO plugin v25.6 - https:\/\/yoast.com\/wordpress\/plugins\/seo\/ -->\n<title>paradiso - Beatrice M\u00fcller<\/title>\n<meta name=\"robots\" content=\"index, follow, max-snippet:-1, max-image-preview:large, max-video-preview:-1\" \/>\n<link rel=\"canonical\" href=\"https:\/\/beatrice-mueller.de\/it\/paradiso\/\" \/>\n<meta property=\"og:locale\" content=\"it_IT\" \/>\n<meta property=\"og:type\" content=\"article\" \/>\n<meta property=\"og:title\" content=\"paradiso - Beatrice M\u00fcller\" \/>\n<meta property=\"og:url\" content=\"https:\/\/beatrice-mueller.de\/it\/paradiso\/\" \/>\n<meta property=\"og:site_name\" content=\"Beatrice M\u00fcller\" \/>\n<meta property=\"article:modified_time\" content=\"2025-02-16T11:48:56+00:00\" \/>\n<meta name=\"twitter:card\" content=\"summary_large_image\" \/>\n<meta name=\"twitter:label1\" content=\"Tempo di lettura stimato\" \/>\n\t<meta name=\"twitter:data1\" content=\"3 minuti\" \/>\n<script type=\"application\/ld+json\" class=\"yoast-schema-graph\">{\"@context\":\"https:\/\/schema.org\",\"@graph\":[{\"@type\":\"WebPage\",\"@id\":\"https:\/\/beatrice-mueller.de\/it\/paradiso\/\",\"url\":\"https:\/\/beatrice-mueller.de\/it\/paradiso\/\",\"name\":\"paradiso - Beatrice M\u00fcller\",\"isPartOf\":{\"@id\":\"https:\/\/beatrice-mueller.de\/it\/#website\"},\"datePublished\":\"2025-02-16T11:48:54+00:00\",\"dateModified\":\"2025-02-16T11:48:56+00:00\",\"breadcrumb\":{\"@id\":\"https:\/\/beatrice-mueller.de\/it\/paradiso\/#breadcrumb\"},\"inLanguage\":\"it-IT\",\"potentialAction\":[{\"@type\":\"ReadAction\",\"target\":[\"https:\/\/beatrice-mueller.de\/it\/paradiso\/\"]}]},{\"@type\":\"BreadcrumbList\",\"@id\":\"https:\/\/beatrice-mueller.de\/it\/paradiso\/#breadcrumb\",\"itemListElement\":[{\"@type\":\"ListItem\",\"position\":1,\"name\":\"Startseite\",\"item\":\"https:\/\/beatrice-mueller.de\/it\/\"},{\"@type\":\"ListItem\",\"position\":2,\"name\":\"paradiso\"}]},{\"@type\":\"WebSite\",\"@id\":\"https:\/\/beatrice-mueller.de\/it\/#website\",\"url\":\"https:\/\/beatrice-mueller.de\/it\/\",\"name\":\"Beatrice M\u00fcller\",\"description\":\"Schmuckdesign\",\"potentialAction\":[{\"@type\":\"SearchAction\",\"target\":{\"@type\":\"EntryPoint\",\"urlTemplate\":\"https:\/\/beatrice-mueller.de\/it\/?s={search_term_string}\"},\"query-input\":{\"@type\":\"PropertyValueSpecification\",\"valueRequired\":true,\"valueName\":\"search_term_string\"}}],\"inLanguage\":\"it-IT\"}]}<\/script>\n<!-- \/ Yoast SEO plugin. -->","yoast_head_json":{"title":"paradiso - Beatrice M\u00fcller","robots":{"index":"index","follow":"follow","max-snippet":"max-snippet:-1","max-image-preview":"max-image-preview:large","max-video-preview":"max-video-preview:-1"},"canonical":"https:\/\/beatrice-mueller.de\/it\/paradiso\/","og_locale":"it_IT","og_type":"article","og_title":"paradiso - Beatrice M\u00fcller","og_url":"https:\/\/beatrice-mueller.de\/it\/paradiso\/","og_site_name":"Beatrice M\u00fcller","article_modified_time":"2025-02-16T11:48:56+00:00","twitter_card":"summary_large_image","twitter_misc":{"Tempo di lettura stimato":"3 minuti"},"schema":{"@context":"https:\/\/schema.org","@graph":[{"@type":"WebPage","@id":"https:\/\/beatrice-mueller.de\/it\/paradiso\/","url":"https:\/\/beatrice-mueller.de\/it\/paradiso\/","name":"paradiso - Beatrice M\u00fcller","isPartOf":{"@id":"https:\/\/beatrice-mueller.de\/it\/#website"},"datePublished":"2025-02-16T11:48:54+00:00","dateModified":"2025-02-16T11:48:56+00:00","breadcrumb":{"@id":"https:\/\/beatrice-mueller.de\/it\/paradiso\/#breadcrumb"},"inLanguage":"it-IT","potentialAction":[{"@type":"ReadAction","target":["https:\/\/beatrice-mueller.de\/it\/paradiso\/"]}]},{"@type":"BreadcrumbList","@id":"https:\/\/beatrice-mueller.de\/it\/paradiso\/#breadcrumb","itemListElement":[{"@type":"ListItem","position":1,"name":"Startseite","item":"https:\/\/beatrice-mueller.de\/it\/"},{"@type":"ListItem","position":2,"name":"paradiso"}]},{"@type":"WebSite","@id":"https:\/\/beatrice-mueller.de\/it\/#website","url":"https:\/\/beatrice-mueller.de\/it\/","name":"Beatrice M\u00fcller","description":"Schmuckdesign","potentialAction":[{"@type":"SearchAction","target":{"@type":"EntryPoint","urlTemplate":"https:\/\/beatrice-mueller.de\/it\/?s={search_term_string}"},"query-input":{"@type":"PropertyValueSpecification","valueRequired":true,"valueName":"search_term_string"}}],"inLanguage":"it-IT"}]}},"_links":{"self":[{"href":"https:\/\/beatrice-mueller.de\/it\/wp-json\/wp\/v2\/pages\/19742","targetHints":{"allow":["GET"]}}],"collection":[{"href":"https:\/\/beatrice-mueller.de\/it\/wp-json\/wp\/v2\/pages"}],"about":[{"href":"https:\/\/beatrice-mueller.de\/it\/wp-json\/wp\/v2\/types\/page"}],"author":[{"embeddable":true,"href":"https:\/\/beatrice-mueller.de\/it\/wp-json\/wp\/v2\/users\/1"}],"replies":[{"embeddable":true,"href":"https:\/\/beatrice-mueller.de\/it\/wp-json\/wp\/v2\/comments?post=19742"}],"version-history":[{"count":1,"href":"https:\/\/beatrice-mueller.de\/it\/wp-json\/wp\/v2\/pages\/19742\/revisions"}],"predecessor-version":[{"id":19745,"href":"https:\/\/beatrice-mueller.de\/it\/wp-json\/wp\/v2\/pages\/19742\/revisions\/19745"}],"wp:attachment":[{"href":"https:\/\/beatrice-mueller.de\/it\/wp-json\/wp\/v2\/media?parent=19742"}],"curies":[{"name":"wp","href":"https:\/\/api.w.org\/{rel}","templated":true}]}}