{"id":19757,"date":"2025-02-16T12:49:01","date_gmt":"2025-02-16T11:49:01","guid":{"rendered":"https:\/\/beatrice-mueller.de\/libro\/"},"modified":"2025-02-16T12:49:05","modified_gmt":"2025-02-16T11:49:05","slug":"libro","status":"publish","type":"page","link":"https:\/\/beatrice-mueller.de\/it\/libro\/","title":{"rendered":"Libro"},"content":{"rendered":"\n<style type=\"text\/css\" data-created_by=\"avia_inline_auto\" id=\"style-css-av-kw4u9oce-6d7496b7a1d782697303d6fff449f9f8\">\n.avia-section.av-kw4u9oce-6d7496b7a1d782697303d6fff449f9f8{\nbackground-color:#0a0a0a;\nbackground-image:unset;\n}\n<\/style>\n<div id='av_section_1'  class='avia-section av-kw4u9oce-6d7496b7a1d782697303d6fff449f9f8 main_color avia-section-default avia-no-border-styling  avia-builder-el-0  avia-builder-el-no-sibling  avia-bg-style-scroll container_wrap sidebar_right'  ><div class='container av-section-cont-open' ><main  role=\"main\" itemprop=\"mainContentOfPage\"  class='template-page content  av-content-small alpha units'><div class='post-entry post-entry-type-page post-entry-19757'><div class='entry-content-wrapper clearfix'>\n<div  class='flex_column av-4m8zyw-090b7a1a343de025a6196cb3dd3cd0db av_one_half  avia-builder-el-1  el_before_av_one_half  avia-builder-el-first  first flex_column_div  '     ><style type=\"text\/css\" data-created_by=\"avia_inline_auto\" id=\"style-css-av-kw4ua7v7-067b67978e08b056f0e55172a81b92ee\">\n.avia-image-container.av-kw4ua7v7-067b67978e08b056f0e55172a81b92ee img.avia_image{\nbox-shadow:none;\n}\n.avia-image-container.av-kw4ua7v7-067b67978e08b056f0e55172a81b92ee .av-image-caption-overlay-center{\ncolor:#ffffff;\n}\n<\/style>\n<div  class='avia-image-container av-kw4ua7v7-067b67978e08b056f0e55172a81b92ee av-styling- avia-align-center  avia-builder-el-2  avia-builder-el-no-sibling '   itemprop=\"image\" itemscope=\"itemscope\" itemtype=\"https:\/\/schema.org\/ImageObject\" ><div class=\"avia-image-container-inner\"><div class=\"avia-image-overlay-wrap\"><img decoding=\"async\" fetchpriority=\"high\" class='wp-image-27499 avia-img-lazy-loading-not-27499 avia_image ' src=\"https:\/\/beatrice-mueller.de\/wp-content\/uploads\/2020\/10\/beatrice-mueller-buch.jpg\" alt='' title='beatrice-mueller-buch'  height=\"715\" width=\"1030\"  itemprop=\"thumbnailUrl\"  \/><\/div><\/div><\/div><\/div><div  class='flex_column av-1vn6rc-28bbc41443a27737bbb3811c69e53f40 av_one_half  avia-builder-el-3  el_after_av_one_half  avia-builder-el-last  flex_column_div  '     ><p>\n<style type=\"text\/css\" data-created_by=\"avia_inline_auto\" id=\"style-css-av-kw4ubks7-c097ec1693756987c25561d12d2944db\">\n#top .av-special-heading.av-kw4ubks7-c097ec1693756987c25561d12d2944db{\npadding-bottom:10px;\ncolor:#ffffff;\n}\nbody .av-special-heading.av-kw4ubks7-c097ec1693756987c25561d12d2944db .av-special-heading-tag .heading-char{\nfont-size:25px;\n}\n.av-special-heading.av-kw4ubks7-c097ec1693756987c25561d12d2944db .special-heading-inner-border{\nborder-color:#ffffff;\n}\n.av-special-heading.av-kw4ubks7-c097ec1693756987c25561d12d2944db .av-subheading{\nfont-size:15px;\n}\n<\/style>\n<div  class='av-special-heading av-kw4ubks7-c097ec1693756987c25561d12d2944db av-special-heading-h1 custom-color-heading blockquote modern-quote  avia-builder-el-4  el_before_av_hr  avia-builder-el-first '><h1 class='av-special-heading-tag '  itemprop=\"headline\"  >I gioielli non sono una decorazione\u2026e chi li indossa non \u00e8 una colonna pubblicitaria<\/h1><div class='av_custom_color av-subheading av-subheading_below'><p>Il libro di Beatrice M\u00fcller<\/p>\n<\/div><div class=\"special-heading-border\"><div class=\"special-heading-inner-border\"><\/div><\/div><\/div><br \/>\n\n<style type=\"text\/css\" data-created_by=\"avia_inline_auto\" id=\"style-css-av-kw4uferz-3c064cea12fab26998dcfb7ccda7e093\">\n#top .hr.hr-invisible.av-kw4uferz-3c064cea12fab26998dcfb7ccda7e093{\nheight:50px;\n}\n<\/style>\n<div  class='hr av-kw4uferz-3c064cea12fab26998dcfb7ccda7e093 hr-invisible  avia-builder-el-5  el_after_av_heading  el_before_av_textblock '><span class='hr-inner '><span class=\"hr-inner-style\"><\/span><\/span><\/div><br \/>\n\n<style type=\"text\/css\" data-created_by=\"avia_inline_auto\" id=\"style-css-av-kwak7cq4-fa7beb4e8499bc80d8b91510a60fa3b3\">\n#top .av_textblock_section.av-kwak7cq4-fa7beb4e8499bc80d8b91510a60fa3b3 .avia_textblock{\ncolor:#ffffff;\n}\n<\/style>\n<section  class='av_textblock_section av-kwak7cq4-fa7beb4e8499bc80d8b91510a60fa3b3 '   itemscope=\"itemscope\" itemtype=\"https:\/\/schema.org\/CreativeWork\" ><div class='avia_textblock av_inherit_color'  itemprop=\"text\" ><p>Qual \u00e8 il significato dei gioielli? Qual \u00e8 il significato nascosto nei gioielli di Beatrice M\u00fcller? E da dove nasce l&#8217;ispirazione? Nel suo libro, la designer di gioielli e nuova autrice fornisce le risposte a queste domande. Allo stesso tempo, accompagna i lettori in un viaggio emozionante attraverso la sua vita e la sua carriera ricche di eventi.<\/p>\n<\/div><\/section><br \/>\n<div  class='avia-button-wrap av-kw4ueq7b-bf5897d6e966559b7023e874484c498d-wrap avia-button-left  avia-builder-el-7  el_after_av_textblock  avia-builder-el-last '>\n<style type=\"text\/css\" data-created_by=\"avia_inline_auto\" id=\"style-css-av-kw4ueq7b-bf5897d6e966559b7023e874484c498d\">\n#top #wrap_all .avia-button.av-kw4ueq7b-bf5897d6e966559b7023e874484c498d:hover{\ncolor:white;\ntransition:all 0.4s ease-in-out;\n}\n<\/style>\n<a href='https:\/\/www.cunz-x.shop\/collections\/das-buch\/products\/das-buch-von-beatrice-muller' class='avia-button av-kw4ueq7b-bf5897d6e966559b7023e874484c498d av-link-btn avia-icon_select-yes-left-icon avia-size-medium avia-position-left avia-color-light avia-font-color-theme-color' target=\"_blank\" rel=\"noopener noreferrer\" aria-label=\"ulteriori dettagli\"><span class='avia_button_icon avia_button_icon_left' aria-hidden='true' data-av_icon='\ue835' data-av_iconfont='entypo-fontello'><\/span><span class='avia_iconbox_title' >ulteriori dettagli<\/span><span class='avia_button_background avia-button avia-color-light' ><\/span><\/a><\/div><\/p><\/div><\/div><\/div><\/main><!-- close content main element --><\/div><\/div><div id='after_section_1'  class='main_color av_default_container_wrap container_wrap sidebar_right'  ><div class='container av-section-cont-open' ><div class='template-page content  av-content-small alpha units'><div class='post-entry post-entry-type-page post-entry-19757'><div class='entry-content-wrapper clearfix'>\n","protected":false},"excerpt":{"rendered":"","protected":false},"author":1,"featured_media":0,"parent":0,"menu_order":0,"comment_status":"closed","ping_status":"closed","template":"","meta":{"_glsr_average":0,"_glsr_ranking":0,"_glsr_reviews":0,"footnotes":""},"class_list":["post-19757","page","type-page","status-publish","hentry"],"yoast_head":"<!-- This site is optimized with the Yoast SEO plugin v25.6 - https:\/\/yoast.com\/wordpress\/plugins\/seo\/ -->\n<title>Libro - Beatrice M\u00fcller<\/title>\n<meta name=\"description\" content=\"Lasciatevi ispirare dal libro di Beatrice M\u00fcller e lasciatevi trasportare in un altro mondo.\" \/>\n<meta name=\"robots\" content=\"index, follow, max-snippet:-1, max-image-preview:large, max-video-preview:-1\" \/>\n<link rel=\"canonical\" href=\"https:\/\/beatrice-mueller.de\/it\/libro\/\" \/>\n<meta property=\"og:locale\" content=\"it_IT\" \/>\n<meta property=\"og:type\" content=\"article\" \/>\n<meta property=\"og:title\" content=\"Libro - Beatrice M\u00fcller\" \/>\n<meta property=\"og:description\" content=\"Lasciatevi ispirare dal libro di Beatrice M\u00fcller e lasciatevi trasportare in un altro mondo.\" \/>\n<meta property=\"og:url\" content=\"https:\/\/beatrice-mueller.de\/it\/libro\/\" \/>\n<meta property=\"og:site_name\" content=\"Beatrice M\u00fcller\" \/>\n<meta property=\"article:modified_time\" content=\"2025-02-16T11:49:05+00:00\" \/>\n<meta name=\"twitter:card\" content=\"summary_large_image\" \/>\n<meta name=\"twitter:label1\" content=\"Tempo di lettura stimato\" \/>\n\t<meta name=\"twitter:data1\" content=\"6 minuti\" \/>\n<script type=\"application\/ld+json\" class=\"yoast-schema-graph\">{\"@context\":\"https:\/\/schema.org\",\"@graph\":[{\"@type\":\"WebPage\",\"@id\":\"https:\/\/beatrice-mueller.de\/it\/libro\/\",\"url\":\"https:\/\/beatrice-mueller.de\/it\/libro\/\",\"name\":\"Libro - Beatrice M\u00fcller\",\"isPartOf\":{\"@id\":\"https:\/\/beatrice-mueller.de\/it\/#website\"},\"datePublished\":\"2025-02-16T11:49:01+00:00\",\"dateModified\":\"2025-02-16T11:49:05+00:00\",\"description\":\"Lasciatevi ispirare dal libro di Beatrice M\u00fcller e lasciatevi trasportare in un altro mondo.\",\"breadcrumb\":{\"@id\":\"https:\/\/beatrice-mueller.de\/it\/libro\/#breadcrumb\"},\"inLanguage\":\"it-IT\",\"potentialAction\":[{\"@type\":\"ReadAction\",\"target\":[\"https:\/\/beatrice-mueller.de\/it\/libro\/\"]}]},{\"@type\":\"BreadcrumbList\",\"@id\":\"https:\/\/beatrice-mueller.de\/it\/libro\/#breadcrumb\",\"itemListElement\":[{\"@type\":\"ListItem\",\"position\":1,\"name\":\"Startseite\",\"item\":\"https:\/\/beatrice-mueller.de\/it\/\"},{\"@type\":\"ListItem\",\"position\":2,\"name\":\"Libro\"}]},{\"@type\":\"WebSite\",\"@id\":\"https:\/\/beatrice-mueller.de\/it\/#website\",\"url\":\"https:\/\/beatrice-mueller.de\/it\/\",\"name\":\"Beatrice M\u00fcller\",\"description\":\"Schmuckdesign\",\"potentialAction\":[{\"@type\":\"SearchAction\",\"target\":{\"@type\":\"EntryPoint\",\"urlTemplate\":\"https:\/\/beatrice-mueller.de\/it\/?s={search_term_string}\"},\"query-input\":{\"@type\":\"PropertyValueSpecification\",\"valueRequired\":true,\"valueName\":\"search_term_string\"}}],\"inLanguage\":\"it-IT\"}]}<\/script>\n<!-- \/ Yoast SEO plugin. -->","yoast_head_json":{"title":"Libro - Beatrice M\u00fcller","description":"Lasciatevi ispirare dal libro di Beatrice M\u00fcller e lasciatevi trasportare in un altro mondo.","robots":{"index":"index","follow":"follow","max-snippet":"max-snippet:-1","max-image-preview":"max-image-preview:large","max-video-preview":"max-video-preview:-1"},"canonical":"https:\/\/beatrice-mueller.de\/it\/libro\/","og_locale":"it_IT","og_type":"article","og_title":"Libro - Beatrice M\u00fcller","og_description":"Lasciatevi ispirare dal libro di Beatrice M\u00fcller e lasciatevi trasportare in un altro mondo.","og_url":"https:\/\/beatrice-mueller.de\/it\/libro\/","og_site_name":"Beatrice M\u00fcller","article_modified_time":"2025-02-16T11:49:05+00:00","twitter_card":"summary_large_image","twitter_misc":{"Tempo di lettura stimato":"6 minuti"},"schema":{"@context":"https:\/\/schema.org","@graph":[{"@type":"WebPage","@id":"https:\/\/beatrice-mueller.de\/it\/libro\/","url":"https:\/\/beatrice-mueller.de\/it\/libro\/","name":"Libro - Beatrice M\u00fcller","isPartOf":{"@id":"https:\/\/beatrice-mueller.de\/it\/#website"},"datePublished":"2025-02-16T11:49:01+00:00","dateModified":"2025-02-16T11:49:05+00:00","description":"Lasciatevi ispirare dal libro di Beatrice M\u00fcller e lasciatevi trasportare in un altro mondo.","breadcrumb":{"@id":"https:\/\/beatrice-mueller.de\/it\/libro\/#breadcrumb"},"inLanguage":"it-IT","potentialAction":[{"@type":"ReadAction","target":["https:\/\/beatrice-mueller.de\/it\/libro\/"]}]},{"@type":"BreadcrumbList","@id":"https:\/\/beatrice-mueller.de\/it\/libro\/#breadcrumb","itemListElement":[{"@type":"ListItem","position":1,"name":"Startseite","item":"https:\/\/beatrice-mueller.de\/it\/"},{"@type":"ListItem","position":2,"name":"Libro"}]},{"@type":"WebSite","@id":"https:\/\/beatrice-mueller.de\/it\/#website","url":"https:\/\/beatrice-mueller.de\/it\/","name":"Beatrice M\u00fcller","description":"Schmuckdesign","potentialAction":[{"@type":"SearchAction","target":{"@type":"EntryPoint","urlTemplate":"https:\/\/beatrice-mueller.de\/it\/?s={search_term_string}"},"query-input":{"@type":"PropertyValueSpecification","valueRequired":true,"valueName":"search_term_string"}}],"inLanguage":"it-IT"}]}},"_links":{"self":[{"href":"https:\/\/beatrice-mueller.de\/it\/wp-json\/wp\/v2\/pages\/19757","targetHints":{"allow":["GET"]}}],"collection":[{"href":"https:\/\/beatrice-mueller.de\/it\/wp-json\/wp\/v2\/pages"}],"about":[{"href":"https:\/\/beatrice-mueller.de\/it\/wp-json\/wp\/v2\/types\/page"}],"author":[{"embeddable":true,"href":"https:\/\/beatrice-mueller.de\/it\/wp-json\/wp\/v2\/users\/1"}],"replies":[{"embeddable":true,"href":"https:\/\/beatrice-mueller.de\/it\/wp-json\/wp\/v2\/comments?post=19757"}],"version-history":[{"count":1,"href":"https:\/\/beatrice-mueller.de\/it\/wp-json\/wp\/v2\/pages\/19757\/revisions"}],"predecessor-version":[{"id":19759,"href":"https:\/\/beatrice-mueller.de\/it\/wp-json\/wp\/v2\/pages\/19757\/revisions\/19759"}],"wp:attachment":[{"href":"https:\/\/beatrice-mueller.de\/it\/wp-json\/wp\/v2\/media?parent=19757"}],"curies":[{"name":"wp","href":"https:\/\/api.w.org\/{rel}","templated":true}]}}