{"id":19762,"date":"2025-02-16T12:49:03","date_gmt":"2025-02-16T11:49:03","guid":{"rendered":"https:\/\/beatrice-mueller.de\/raccolta-di-detti\/"},"modified":"2025-02-16T12:49:03","modified_gmt":"2025-02-16T11:49:03","slug":"raccolta-di-detti","status":"publish","type":"page","link":"https:\/\/beatrice-mueller.de\/it\/raccolta-di-detti\/","title":{"rendered":"raccolta di detti"},"content":{"rendered":"","protected":false},"excerpt":{"rendered":"","protected":false},"author":1,"featured_media":0,"parent":0,"menu_order":0,"comment_status":"closed","ping_status":"closed","template":"","meta":{"_glsr_average":0,"_glsr_ranking":0,"_glsr_reviews":0,"footnotes":""},"class_list":["post-19762","page","type-page","status-publish","hentry"],"yoast_head":"<!-- This site is optimized with the Yoast SEO plugin v25.6 - https:\/\/yoast.com\/wordpress\/plugins\/seo\/ -->\n<title>raccolta di detti - Beatrice M\u00fcller<\/title>\n<meta name=\"description\" content=\"L&#039;arte nasce dall&#039;abilit\u00e0. Lo afferma anche Beatrice M\u00fcller nella sua raccolta di detti. Un piccolo libro divertente con pensieri e saggezza\" \/>\n<meta name=\"robots\" content=\"index, follow, max-snippet:-1, max-image-preview:large, max-video-preview:-1\" \/>\n<link rel=\"canonical\" href=\"https:\/\/beatrice-mueller.de\/it\/raccolta-di-detti\/\" \/>\n<meta property=\"og:locale\" content=\"it_IT\" \/>\n<meta property=\"og:type\" content=\"article\" \/>\n<meta property=\"og:title\" content=\"raccolta di detti - Beatrice M\u00fcller\" \/>\n<meta property=\"og:description\" content=\"L&#039;arte nasce dall&#039;abilit\u00e0. Lo afferma anche Beatrice M\u00fcller nella sua raccolta di detti. Un piccolo libro divertente con pensieri e saggezza\" \/>\n<meta property=\"og:url\" content=\"https:\/\/beatrice-mueller.de\/it\/raccolta-di-detti\/\" \/>\n<meta property=\"og:site_name\" content=\"Beatrice M\u00fcller\" \/>\n<meta name=\"twitter:card\" content=\"summary_large_image\" \/>\n<script type=\"application\/ld+json\" class=\"yoast-schema-graph\">{\"@context\":\"https:\/\/schema.org\",\"@graph\":[{\"@type\":\"WebPage\",\"@id\":\"https:\/\/beatrice-mueller.de\/it\/raccolta-di-detti\/\",\"url\":\"https:\/\/beatrice-mueller.de\/it\/raccolta-di-detti\/\",\"name\":\"raccolta di detti - Beatrice M\u00fcller\",\"isPartOf\":{\"@id\":\"https:\/\/beatrice-mueller.de\/it\/#website\"},\"datePublished\":\"2025-02-16T11:49:03+00:00\",\"description\":\"L'arte nasce dall'abilit\u00e0. Lo afferma anche Beatrice M\u00fcller nella sua raccolta di detti. Un piccolo libro divertente con pensieri e saggezza\",\"breadcrumb\":{\"@id\":\"https:\/\/beatrice-mueller.de\/it\/raccolta-di-detti\/#breadcrumb\"},\"inLanguage\":\"it-IT\",\"potentialAction\":[{\"@type\":\"ReadAction\",\"target\":[\"https:\/\/beatrice-mueller.de\/it\/raccolta-di-detti\/\"]}]},{\"@type\":\"BreadcrumbList\",\"@id\":\"https:\/\/beatrice-mueller.de\/it\/raccolta-di-detti\/#breadcrumb\",\"itemListElement\":[{\"@type\":\"ListItem\",\"position\":1,\"name\":\"Startseite\",\"item\":\"https:\/\/beatrice-mueller.de\/it\/\"},{\"@type\":\"ListItem\",\"position\":2,\"name\":\"raccolta di detti\"}]},{\"@type\":\"WebSite\",\"@id\":\"https:\/\/beatrice-mueller.de\/it\/#website\",\"url\":\"https:\/\/beatrice-mueller.de\/it\/\",\"name\":\"Beatrice M\u00fcller\",\"description\":\"Schmuckdesign\",\"potentialAction\":[{\"@type\":\"SearchAction\",\"target\":{\"@type\":\"EntryPoint\",\"urlTemplate\":\"https:\/\/beatrice-mueller.de\/it\/?s={search_term_string}\"},\"query-input\":{\"@type\":\"PropertyValueSpecification\",\"valueRequired\":true,\"valueName\":\"search_term_string\"}}],\"inLanguage\":\"it-IT\"}]}<\/script>\n<!-- \/ Yoast SEO plugin. -->","yoast_head_json":{"title":"raccolta di detti - Beatrice M\u00fcller","description":"L'arte nasce dall'abilit\u00e0. Lo afferma anche Beatrice M\u00fcller nella sua raccolta di detti. Un piccolo libro divertente con pensieri e saggezza","robots":{"index":"index","follow":"follow","max-snippet":"max-snippet:-1","max-image-preview":"max-image-preview:large","max-video-preview":"max-video-preview:-1"},"canonical":"https:\/\/beatrice-mueller.de\/it\/raccolta-di-detti\/","og_locale":"it_IT","og_type":"article","og_title":"raccolta di detti - Beatrice M\u00fcller","og_description":"L'arte nasce dall'abilit\u00e0. Lo afferma anche Beatrice M\u00fcller nella sua raccolta di detti. Un piccolo libro divertente con pensieri e saggezza","og_url":"https:\/\/beatrice-mueller.de\/it\/raccolta-di-detti\/","og_site_name":"Beatrice M\u00fcller","twitter_card":"summary_large_image","schema":{"@context":"https:\/\/schema.org","@graph":[{"@type":"WebPage","@id":"https:\/\/beatrice-mueller.de\/it\/raccolta-di-detti\/","url":"https:\/\/beatrice-mueller.de\/it\/raccolta-di-detti\/","name":"raccolta di detti - Beatrice M\u00fcller","isPartOf":{"@id":"https:\/\/beatrice-mueller.de\/it\/#website"},"datePublished":"2025-02-16T11:49:03+00:00","description":"L'arte nasce dall'abilit\u00e0. Lo afferma anche Beatrice M\u00fcller nella sua raccolta di detti. Un piccolo libro divertente con pensieri e saggezza","breadcrumb":{"@id":"https:\/\/beatrice-mueller.de\/it\/raccolta-di-detti\/#breadcrumb"},"inLanguage":"it-IT","potentialAction":[{"@type":"ReadAction","target":["https:\/\/beatrice-mueller.de\/it\/raccolta-di-detti\/"]}]},{"@type":"BreadcrumbList","@id":"https:\/\/beatrice-mueller.de\/it\/raccolta-di-detti\/#breadcrumb","itemListElement":[{"@type":"ListItem","position":1,"name":"Startseite","item":"https:\/\/beatrice-mueller.de\/it\/"},{"@type":"ListItem","position":2,"name":"raccolta di detti"}]},{"@type":"WebSite","@id":"https:\/\/beatrice-mueller.de\/it\/#website","url":"https:\/\/beatrice-mueller.de\/it\/","name":"Beatrice M\u00fcller","description":"Schmuckdesign","potentialAction":[{"@type":"SearchAction","target":{"@type":"EntryPoint","urlTemplate":"https:\/\/beatrice-mueller.de\/it\/?s={search_term_string}"},"query-input":{"@type":"PropertyValueSpecification","valueRequired":true,"valueName":"search_term_string"}}],"inLanguage":"it-IT"}]}},"_links":{"self":[{"href":"https:\/\/beatrice-mueller.de\/it\/wp-json\/wp\/v2\/pages\/19762","targetHints":{"allow":["GET"]}}],"collection":[{"href":"https:\/\/beatrice-mueller.de\/it\/wp-json\/wp\/v2\/pages"}],"about":[{"href":"https:\/\/beatrice-mueller.de\/it\/wp-json\/wp\/v2\/types\/page"}],"author":[{"embeddable":true,"href":"https:\/\/beatrice-mueller.de\/it\/wp-json\/wp\/v2\/users\/1"}],"replies":[{"embeddable":true,"href":"https:\/\/beatrice-mueller.de\/it\/wp-json\/wp\/v2\/comments?post=19762"}],"version-history":[{"count":0,"href":"https:\/\/beatrice-mueller.de\/it\/wp-json\/wp\/v2\/pages\/19762\/revisions"}],"wp:attachment":[{"href":"https:\/\/beatrice-mueller.de\/it\/wp-json\/wp\/v2\/media?parent=19762"}],"curies":[{"name":"wp","href":"https:\/\/api.w.org\/{rel}","templated":true}]}}