{"id":19778,"date":"2025-02-16T12:49:12","date_gmt":"2025-02-16T11:49:12","guid":{"rendered":"https:\/\/beatrice-mueller.de\/revoca\/"},"modified":"2025-03-20T03:49:06","modified_gmt":"2025-03-20T02:49:06","slug":"revoca","status":"publish","type":"page","link":"https:\/\/beatrice-mueller.de\/it\/revoca\/","title":{"rendered":"revoca"},"content":{"rendered":"\n<h3 class=\"wp-block-heading\">DIRITTO DI RECESSO PER I CONSUMATORI<\/h3>\n\n<p>(Il consumatore \u00e8 qualsiasi persona fisica che conclude un negozio giuridico per scopi che non possono essere prevalentemente attribuiti n\u00e9 alla sua attivit\u00e0 commerciale n\u00e9 alla sua attivit\u00e0 professionale autonoma.)<\/p>\n\n<h1 class=\"wp-block-heading\">POLITICA DI CANCELLAZIONE<\/h1>\n\n<h3 class=\"wp-block-heading\">DIRITTO DI RECESSO<\/h3>\n\n<p>Lei ha il diritto di recedere dal presente contratto entro quattordici giorni senza indicarne le ragioni.<\/p>\n\n<p>Il termine di recesso \u00e8 di quattordici giorni a partire dal giorno<\/p>\n\n<ul class=\"wp-block-list\"><li>in cui tu o un terzo diverso dal vettore da te designato prende possesso dei beni, a condizione che tu abbia ordinato uno o pi\u00f9 beni come parte di un unico ordine e questi vengano consegnati come un unico articolo, oppure<\/li><li>in cui Lei o un terzo, diverso dal vettore da Lei designato, ha preso possesso dell&#8217;ultimo bene, a condizione che Lei abbia ordinato pi\u00f9 beni con un unico ordine e questi vengano consegnati separatamente, oppure<\/li><li>in cui tu o un terzo diverso dal vettore da te designato ha preso possesso dell&#8217;ultima spedizione parziale o dell&#8217;ultimo articolo, a condizione che tu abbia ordinato beni che vengono consegnati in pi\u00f9 spedizioni parziali o articoli, oppure<\/li><li>in cui tu o un terzo, diverso dal vettore da te designato, ha preso possesso della prima merce, a condizione che abbiate concluso un contratto per la consegna regolare di merci per un periodo di tempo determinato.<\/li><\/ul>\n\n<p>Per esercitare il diritto di recesso, \u00e8 necessario informarci Atelier Schmuck Design Objekte Beatrice M\u00fcller, Hauptstra\u00dfe 51, 90547 Stein, Germania, numero di telefono: <a href=\"tel:0049911674958\">+49 (0)911 67 49 58<\/a> , indirizzo e-mail: info@beatrice-mueller.de tramite una dichiarazione chiara (ad esempio lettera inviata per posta, posta elettronica) della decisione di recedere dal presente contratto. A tale scopo \u00e8 possibile utilizzare il modulo tipo di recesso allegato, sebbene non sia obbligatorio. <\/p>\n\n<p>Per rispettare il termine di recesso, \u00e8 sufficiente che tu invii la comunicazione relativa all&#8217;esercizio del diritto di recesso prima della scadenza del periodo di recesso.<\/p>\n\n<h3 class=\"wp-block-heading\">CONSEGUENZE DELLA REVOCA<\/h3>\n\n<p>Se Lei recede dal presente contratto, Le saranno rimborsati tutti i pagamenti che abbiamo ricevuto da Lei, compresi i costi di consegna (ad eccezione dei costi supplementari derivanti dalla Sua eventuale scelta di un tipo di consegna diverso dal tipo meno costoso di consegna standard da noi offerto), tempestivamente e in ogni caso non oltre quattordici giorni dal giorno in cui siamo informati della Sua decisione di recedere dal presente contratto. Per questo rimborso utilizzeremo lo stesso mezzo di pagamento da te impiegato per la transazione originale, a meno che tu non abbia espressamente concordato diversamente; In nessun caso ti verr\u00e0 addebitato alcun costo per questo rimborso. <\/p>\n\n<p>Potremmo rifiutare il rimborso finch\u00e9 non avremo ricevuto indietro i beni oppure finch\u00e9 non avrai fornito la prova di aver rispedito i beni, a seconda di quale situazione si verifichi per prima.<\/p>\n\n<p>\u00c8 necessario restituire o consegnare i beni tempestivamente e in ogni caso entro quattordici giorni dalla data in cui ci si comunica l&#8217;annullamento del presente contratto. Il termine \u00e8 rispettato se rispedisci la merce prima della scadenza del periodo di quattordici giorni. <\/p>\n\n<p>I costi diretti della restituzione dei beni saranno a tuo carico.<\/p>\n\n<p>Dovrai rispondere dell&#8217;eventuale perdita di valore della merce solo se tale perdita di valore \u00e8 dovuta a una manipolazione della merce non necessaria per verificarne la qualit\u00e0, le propriet\u00e0 e il funzionamento.<\/p>\n\n<h2 class=\"wp-block-heading\">MODELLO DI MODULO DI ANNULLAMENTO<\/h2>\n\n<p>(Se desideri recedere dal contratto, compila questo modulo e rispediscilo.)<\/p>\n\n<p>&#8211; UN<\/p>\n\n<p>Atelier Schmuck Design Oggetti Beatrice M\u00fcller<br\/> Strada principale 51<br\/> 90547 Pietra<br\/> Germania<\/p>\n\n<p>Numero di telefono: <a href=\"tel:0049911674958\">+49 (0)911 67 49 58<\/a><br\/> Indirizzo e-mail: info@beatrice-mueller.de<\/p>\n\n<p>\u2013 Con la presente io\/noi (*) revoco\/revochiamo il contratto da me\/noi (*) concluso per l\u2019acquisto dei seguenti beni (*)\/la fornitura del seguente servizio (*)<\/p>\n\n<p>\u2013 Ordinato il (*)\/ricevuto il (*)<\/p>\n\n<p>\u2013 Nome del\/dei consumatore\/i<\/p>\n\n<p>\u2013 Indirizzo del\/dei consumatore\/i<\/p>\n\n<p>\u2013 Firma del\/dei consumatore\/i (solo se la notifica \u00e8 cartacea)<\/p>\n\n<p>&#8211; Data<\/p>\n\n<p>Vedi anche:<br\/> (*) Cancellare la dicitura non pertinente.<\/p>\n","protected":false},"excerpt":{"rendered":"<p>DIRITTO DI RECESSO PER I CONSUMATORI (Il consumatore \u00e8 qualsiasi persona fisica che conclude un negozio giuridico per scopi che non possono essere prevalentemente attribuiti n\u00e9 alla sua attivit\u00e0 commerciale n\u00e9 alla sua attivit\u00e0 professionale autonoma.) POLITICA DI CANCELLAZIONE DIRITTO DI RECESSO Lei ha il diritto di recedere dal presente contratto entro quattordici giorni senza [&hellip;]<\/p>\n","protected":false},"author":1,"featured_media":0,"parent":0,"menu_order":0,"comment_status":"closed","ping_status":"closed","template":"","meta":{"_glsr_average":0,"_glsr_ranking":0,"_glsr_reviews":0,"footnotes":""},"class_list":["post-19778","page","type-page","status-publish","hentry"],"yoast_head":"<!-- This site is optimized with the Yoast SEO plugin v25.6 - https:\/\/yoast.com\/wordpress\/plugins\/seo\/ -->\n<title>revoca - Beatrice M\u00fcller<\/title>\n<meta name=\"robots\" content=\"index, follow, max-snippet:-1, max-image-preview:large, max-video-preview:-1\" \/>\n<link rel=\"canonical\" href=\"https:\/\/beatrice-mueller.de\/it\/revoca\/\" \/>\n<meta property=\"og:locale\" content=\"it_IT\" \/>\n<meta property=\"og:type\" content=\"article\" \/>\n<meta property=\"og:title\" content=\"revoca - Beatrice M\u00fcller\" \/>\n<meta property=\"og:description\" content=\"DIRITTO DI RECESSO PER I CONSUMATORI (Il consumatore \u00e8 qualsiasi persona fisica che conclude un negozio giuridico per scopi che non possono essere prevalentemente attribuiti n\u00e9 alla sua attivit\u00e0 commerciale n\u00e9 alla sua attivit\u00e0 professionale autonoma.) POLITICA DI CANCELLAZIONE DIRITTO DI RECESSO Lei ha il diritto di recedere dal presente contratto entro quattordici giorni senza [&hellip;]\" \/>\n<meta property=\"og:url\" content=\"https:\/\/beatrice-mueller.de\/it\/revoca\/\" \/>\n<meta property=\"og:site_name\" content=\"Beatrice M\u00fcller\" \/>\n<meta property=\"article:modified_time\" content=\"2025-03-20T02:49:06+00:00\" \/>\n<meta name=\"twitter:card\" content=\"summary_large_image\" \/>\n<meta name=\"twitter:label1\" content=\"Tempo di lettura stimato\" \/>\n\t<meta name=\"twitter:data1\" content=\"3 minuti\" \/>\n<script type=\"application\/ld+json\" class=\"yoast-schema-graph\">{\"@context\":\"https:\/\/schema.org\",\"@graph\":[{\"@type\":\"WebPage\",\"@id\":\"https:\/\/beatrice-mueller.de\/it\/revoca\/\",\"url\":\"https:\/\/beatrice-mueller.de\/it\/revoca\/\",\"name\":\"revoca - Beatrice M\u00fcller\",\"isPartOf\":{\"@id\":\"https:\/\/beatrice-mueller.de\/it\/#website\"},\"datePublished\":\"2025-02-16T11:49:12+00:00\",\"dateModified\":\"2025-03-20T02:49:06+00:00\",\"breadcrumb\":{\"@id\":\"https:\/\/beatrice-mueller.de\/it\/revoca\/#breadcrumb\"},\"inLanguage\":\"it-IT\",\"potentialAction\":[{\"@type\":\"ReadAction\",\"target\":[\"https:\/\/beatrice-mueller.de\/it\/revoca\/\"]}]},{\"@type\":\"BreadcrumbList\",\"@id\":\"https:\/\/beatrice-mueller.de\/it\/revoca\/#breadcrumb\",\"itemListElement\":[{\"@type\":\"ListItem\",\"position\":1,\"name\":\"Startseite\",\"item\":\"https:\/\/beatrice-mueller.de\/it\/\"},{\"@type\":\"ListItem\",\"position\":2,\"name\":\"revoca\"}]},{\"@type\":\"WebSite\",\"@id\":\"https:\/\/beatrice-mueller.de\/it\/#website\",\"url\":\"https:\/\/beatrice-mueller.de\/it\/\",\"name\":\"Beatrice M\u00fcller\",\"description\":\"Schmuckdesign\",\"potentialAction\":[{\"@type\":\"SearchAction\",\"target\":{\"@type\":\"EntryPoint\",\"urlTemplate\":\"https:\/\/beatrice-mueller.de\/it\/?s={search_term_string}\"},\"query-input\":{\"@type\":\"PropertyValueSpecification\",\"valueRequired\":true,\"valueName\":\"search_term_string\"}}],\"inLanguage\":\"it-IT\"}]}<\/script>\n<!-- \/ Yoast SEO plugin. -->","yoast_head_json":{"title":"revoca - Beatrice M\u00fcller","robots":{"index":"index","follow":"follow","max-snippet":"max-snippet:-1","max-image-preview":"max-image-preview:large","max-video-preview":"max-video-preview:-1"},"canonical":"https:\/\/beatrice-mueller.de\/it\/revoca\/","og_locale":"it_IT","og_type":"article","og_title":"revoca - Beatrice M\u00fcller","og_description":"DIRITTO DI RECESSO PER I CONSUMATORI (Il consumatore \u00e8 qualsiasi persona fisica che conclude un negozio giuridico per scopi che non possono essere prevalentemente attribuiti n\u00e9 alla sua attivit\u00e0 commerciale n\u00e9 alla sua attivit\u00e0 professionale autonoma.) POLITICA DI CANCELLAZIONE DIRITTO DI RECESSO Lei ha il diritto di recedere dal presente contratto entro quattordici giorni senza [&hellip;]","og_url":"https:\/\/beatrice-mueller.de\/it\/revoca\/","og_site_name":"Beatrice M\u00fcller","article_modified_time":"2025-03-20T02:49:06+00:00","twitter_card":"summary_large_image","twitter_misc":{"Tempo di lettura stimato":"3 minuti"},"schema":{"@context":"https:\/\/schema.org","@graph":[{"@type":"WebPage","@id":"https:\/\/beatrice-mueller.de\/it\/revoca\/","url":"https:\/\/beatrice-mueller.de\/it\/revoca\/","name":"revoca - Beatrice M\u00fcller","isPartOf":{"@id":"https:\/\/beatrice-mueller.de\/it\/#website"},"datePublished":"2025-02-16T11:49:12+00:00","dateModified":"2025-03-20T02:49:06+00:00","breadcrumb":{"@id":"https:\/\/beatrice-mueller.de\/it\/revoca\/#breadcrumb"},"inLanguage":"it-IT","potentialAction":[{"@type":"ReadAction","target":["https:\/\/beatrice-mueller.de\/it\/revoca\/"]}]},{"@type":"BreadcrumbList","@id":"https:\/\/beatrice-mueller.de\/it\/revoca\/#breadcrumb","itemListElement":[{"@type":"ListItem","position":1,"name":"Startseite","item":"https:\/\/beatrice-mueller.de\/it\/"},{"@type":"ListItem","position":2,"name":"revoca"}]},{"@type":"WebSite","@id":"https:\/\/beatrice-mueller.de\/it\/#website","url":"https:\/\/beatrice-mueller.de\/it\/","name":"Beatrice M\u00fcller","description":"Schmuckdesign","potentialAction":[{"@type":"SearchAction","target":{"@type":"EntryPoint","urlTemplate":"https:\/\/beatrice-mueller.de\/it\/?s={search_term_string}"},"query-input":{"@type":"PropertyValueSpecification","valueRequired":true,"valueName":"search_term_string"}}],"inLanguage":"it-IT"}]}},"_links":{"self":[{"href":"https:\/\/beatrice-mueller.de\/it\/wp-json\/wp\/v2\/pages\/19778","targetHints":{"allow":["GET"]}}],"collection":[{"href":"https:\/\/beatrice-mueller.de\/it\/wp-json\/wp\/v2\/pages"}],"about":[{"href":"https:\/\/beatrice-mueller.de\/it\/wp-json\/wp\/v2\/types\/page"}],"author":[{"embeddable":true,"href":"https:\/\/beatrice-mueller.de\/it\/wp-json\/wp\/v2\/users\/1"}],"replies":[{"embeddable":true,"href":"https:\/\/beatrice-mueller.de\/it\/wp-json\/wp\/v2\/comments?post=19778"}],"version-history":[{"count":2,"href":"https:\/\/beatrice-mueller.de\/it\/wp-json\/wp\/v2\/pages\/19778\/revisions"}],"predecessor-version":[{"id":27242,"href":"https:\/\/beatrice-mueller.de\/it\/wp-json\/wp\/v2\/pages\/19778\/revisions\/27242"}],"wp:attachment":[{"href":"https:\/\/beatrice-mueller.de\/it\/wp-json\/wp\/v2\/media?parent=19778"}],"curies":[{"name":"wp","href":"https:\/\/api.w.org\/{rel}","templated":true}]}}