{"id":27202,"date":"2025-03-20T03:48:03","date_gmt":"2025-03-20T02:48:03","guid":{"rendered":"https:\/\/beatrice-mueller.de\/di-prima-classe\/"},"modified":"2025-03-20T03:48:04","modified_gmt":"2025-03-20T02:48:04","slug":"di-prima-classe","status":"publish","type":"page","link":"https:\/\/beatrice-mueller.de\/it\/di-prima-classe\/","title":{"rendered":"Di prima classe"},"content":{"rendered":"<div id='av_section_1'  class='avia-section av-m5oics0w-614416e978818389f1657d2a2c3ef991 main_color avia-section-default avia-no-border-styling  avia-builder-el-0  el_before_av_section  avia-builder-el-first  avia-bg-style-scroll av-minimum-height av-minimum-height-60 av-height-percent  av-section-with-video-bg container_wrap sidebar_right'   data-av_minimum_height_pc='60' data-av_min_height_opt='percent' data-section-video-ratio='16:9'><div  class='avia-slideshow av_slideshow_obj-1-69e6096aae32d avia-slideshow-featured av_slideshow avia-slide-slider av-slideshow-ui av-control-default av-slideshow-manual av-loop-once av-loop-manual-endless av-default-height-applied  av-section-video-bg avia-slideshow-1' data-slideshow-options=\"{&quot;animation&quot;:&quot;slide&quot;,&quot;autoplay&quot;:false,&quot;loop_autoplay&quot;:&quot;once&quot;,&quot;interval&quot;:5,&quot;loop_manual&quot;:&quot;manual-endless&quot;,&quot;autoplay_stopper&quot;:false,&quot;noNavigation&quot;:false,&quot;bg_slider&quot;:false,&quot;keep_padding&quot;:false,&quot;hoverpause&quot;:false,&quot;show_slide_delay&quot;:0}\"  itemprop=\"image\" itemscope=\"itemscope\" itemtype=\"https:\/\/schema.org\/ImageObject\" ><ul class='avia-slideshow-inner ' style='padding-bottom: 28.6666666667%;'><li  data-controls='disabled' data-mute='aviaTBaviaTBvideo_mute' data-loop='1' data-disable-autoplay=''  data-video-ratio='1.77777777778' class='avia-slideshow-slide av_slideshow_obj-1-69e6096aae32d__0  av-video-slide  av-video-service-youtube  av-hide-video-controls av-mute-video av-loop-video  av-single-slide slide-1 slide-odd'><div data-rel='slideshow-1' class='avia-slide-wrap '   ><div class='av-click-overlay'><\/div><div class='mejs-mediaelement'  itemprop=\"video\" itemtype=\"https:\/\/schema.org\/VideoObject\" ><div height='1600' width='900' class='av_youtube_frame' id='player_27202_885741602_317069422'  data-autoplay='0'  data-videoid='cpZczkux6-M'  data-hd='1'  data-rel='0'  data-wmode='opaque'  data-loop='0'  data-version='3'  data-autohide='1'  data-color='white'  data-controls='0'  data-iv_load_policy='3'  data-original_url='https:\/\/www.youtube.com\/watch?v=cpZczkux6-M' ><\/div><\/div><div class=\"av-click-to-play-overlay\"><div class=\"avia_playpause_icon\"><\/div><\/div><\/div><\/li><\/ul><\/div><div class='container av-section-cont-open' ><main  role=\"main\" itemprop=\"mainContentOfPage\"  class='template-page content  av-content-small alpha units'><div class='post-entry post-entry-type-page post-entry-27202'><div class='entry-content-wrapper clearfix'>\n<\/div><\/div><\/main><!-- close content main element --><\/div><\/div><div id='av_section_2'  class='avia-section av-2qnpq0b-1e4d3b7bc43c2731c73ac4f7327595db main_color avia-section-default avia-no-border-styling  avia-builder-el-1  el_after_av_section  el_before_av_masonry_gallery  avia-bg-style-scroll container_wrap sidebar_right'  ><div class='container av-section-cont-open' ><div class='template-page content  av-content-small alpha units'><div class='post-entry post-entry-type-page post-entry-27202'><div class='entry-content-wrapper clearfix'>\n\n<style type=\"text\/css\" data-created_by=\"avia_inline_auto\" id=\"style-css-av-7o31yj-081fef8dad59ca2fe9e04d6eba681b0d\">\n#top .flex_column.av-7o31yj-081fef8dad59ca2fe9e04d6eba681b0d{\nmargin-top:0px;\nmargin-bottom:0px;\n}\n.responsive #top #wrap_all .flex_column.av-7o31yj-081fef8dad59ca2fe9e04d6eba681b0d{\nmargin-top:0px;\nmargin-bottom:0px;\n}\n<\/style>\n<div  class='flex_column av-7o31yj-081fef8dad59ca2fe9e04d6eba681b0d av_one_full  avia-builder-el-2  el_before_av_one_half  avia-builder-el-first  first flex_column_div  '     ><style type=\"text\/css\" data-created_by=\"avia_inline_auto\" id=\"style-css-av-m5oii9iq-9b6abed924a1a38d0fb0005b5566fdf6\">\n#top .av-special-heading.av-m5oii9iq-9b6abed924a1a38d0fb0005b5566fdf6{\npadding-bottom:10px;\n}\nbody .av-special-heading.av-m5oii9iq-9b6abed924a1a38d0fb0005b5566fdf6 .av-special-heading-tag .heading-char{\nfont-size:25px;\n}\n.av-special-heading.av-m5oii9iq-9b6abed924a1a38d0fb0005b5566fdf6 .av-subheading{\nfont-size:15px;\n}\n<\/style>\n<div  class='av-special-heading av-m5oii9iq-9b6abed924a1a38d0fb0005b5566fdf6 av-special-heading-h1 blockquote modern-quote  avia-builder-el-3  avia-builder-el-no-sibling '><h1 class='av-special-heading-tag '  itemprop=\"headline\"  >ALTO CARATO<\/h1><div class=\"special-heading-border\"><div class=\"special-heading-inner-border\"><\/div><\/div><\/div><\/div><div class='flex_column_table av-1fuzfij-4df9060a4ff5d0b66e20fbedec53bdf7 sc-av_one_half av-equal-height-column-flextable'>\n<style type=\"text\/css\" data-created_by=\"avia_inline_auto\" id=\"style-css-av-1fuzfij-4df9060a4ff5d0b66e20fbedec53bdf7\">\n#top .flex_column_table.av-equal-height-column-flextable.av-1fuzfij-4df9060a4ff5d0b66e20fbedec53bdf7{\nmargin-top:0px;\nmargin-bottom:0px;\n}\n<\/style>\n<div  class='flex_column av-1fuzfij-4df9060a4ff5d0b66e20fbedec53bdf7 av_one_half  avia-builder-el-4  el_after_av_one_full  el_before_av_one_half  first flex_column_table_cell av-equal-height-column av-align-top  column-top-margin'     ><section  class='av_textblock_section av-1abcsdn-41c6d541fe39bf22caab9873d56a529d '   itemscope=\"itemscope\" itemtype=\"https:\/\/schema.org\/CreativeWork\" ><div class='avia_textblock'  itemprop=\"text\" ><p>Hochkarat presenta elementi di ogni linea di prodotti e riflette l&#8217;esperienza di quasi 30 anni di progettazione di gioielli e arte orafa. I prodotti sono unici, vivaci e giocano con le forme e i materiali. Qui l&#8217;arte incontra l&#8217;artigianato. Opulenza e altissima arte orafa sono il filo conduttore di Hochkarat. Beatrice M\u00fcller rende le storie indossabili e crea pezzi che sono pi\u00f9 di semplici gioielli e decorazioni. Hochkarat punta sulla diversit\u00e0 dei materiali. Nelle collezioni vengono utilizzati diamanti, oro e platino, ma anche materiali non convenzionali come il vetro o i tessuti.<\/p>\n<\/div><\/section><\/div><div class='av-flex-placeholder'><\/div>\n<style type=\"text\/css\" data-created_by=\"avia_inline_auto\" id=\"style-css-av-rqmppn-ef0ff186ea6bd5d0b37bb22cb15c17c6\">\n#top .flex_column_table.av-equal-height-column-flextable.av-rqmppn-ef0ff186ea6bd5d0b37bb22cb15c17c6{\nmargin-top:0px;\nmargin-bottom:0px;\n}\n<\/style>\n<div  class='flex_column av-rqmppn-ef0ff186ea6bd5d0b37bb22cb15c17c6 av_one_half  avia-builder-el-6  el_after_av_one_half  avia-builder-el-last  flex_column_table_cell av-equal-height-column av-align-top  column-top-margin'     ><section  class='av_textblock_section av-m5oik4s2-f15e7f2b4283c3c02603c1c2cc568327 '   itemscope=\"itemscope\" itemtype=\"https:\/\/schema.org\/CreativeWork\" ><div class='avia_textblock'  itemprop=\"text\" ><h2>Le 4 C dell&#8217;alta caratura<\/h2>\n<p>I diamanti sono caratterizzati dalle quattro C (Colore, Taglio, Purezza, Carati),<br \/>\nHochkarat ha anche quattro C che caratterizzano la linea<\/p>\n<p><strong>Caos<\/strong> : cos\u00ec chiamiamo il mix colorato di materiali che trovi da Hochkarat.<\/p>\n<p><strong>Carattere<\/strong> : La caratura elevata \u00e8 anticonformista e quindi adatta a chi la indossa.<\/p>\n<p><strong>Composizione<\/strong> : ogni gioiello \u00e8 una composizione di pietre e metalli preziosi.<\/p>\n<p><strong>Coraggio<\/strong> : High Carat \u00e8 un invito a mettersi in discussione e a trovare il coraggio di provare qualcosa di nuovo.<\/p>\n<\/div><\/section><\/div><\/div><!--close column table wrapper. Autoclose: 1 -->\n\n<div id='av-masonry-1' class='av-masonry av-m5ojkgmv-6e0bad7583fcace45766f4e86c936575 noHover av-fixed-size av-large-gap av-hover-overlay-active av-masonry-animation-active av-masonry-col-4 av-caption-always av-caption-style- av-masonry-gallery av-orientation-portrait ' data-post_id=\"27202\"><div class=\"av-masonry-container isotope av-js-disabled\"><div class='av-masonry-entry isotope-item av-masonry-item-no-image '><\/div><div id='av-masonry-1-item-18123' data-av-masonry-item='18123' class='av-masonry-entry isotope-item post-18123 attachment type-attachment status-inherit hentry  av-masonry-item-with-image'    itemprop=\"thumbnailUrl\" ><div class='av-inner-masonry-sizer'><\/div><figure class='av-inner-masonry main_color'><div class=\"av-masonry-outerimage-container\"><div class='av-masonry-image-container' style=\"background-image: url(https:\/\/beatrice-mueller.de\/wp-content\/uploads\/2-1.jpg);\"  title=\"Der-Weise-Gold-Brillant-Hochkarat\" ><\/div><\/div><figcaption class='av-inner-masonry-content site-background'><div class='av-inner-masonry-content-pos'><div class='av-inner-masonry-content-pos-content'><div class='avia-arrow'><\/div><div class='av-masonry-entry-content entry-content'  itemprop=\"text\" >Der Weise<\/div><\/div><\/div><\/figcaption><\/figure><\/div><!--end av-masonry entry--><div id='av-masonry-1-item-18133' data-av-masonry-item='18133' class='av-masonry-entry isotope-item post-18133 attachment type-attachment status-inherit hentry  av-masonry-item-with-image'    itemprop=\"thumbnailUrl\" ><div class='av-inner-masonry-sizer'><\/div><figure class='av-inner-masonry main_color'><div class=\"av-masonry-outerimage-container\"><div class='av-masonry-image-container' style=\"background-image: url(https:\/\/beatrice-mueller.de\/wp-content\/uploads\/2-1-1.jpg);\"  title=\"Schl\u00fcssel-Paradies-Liebe-Gold-Brillant-Hochkarat\" ><\/div><\/div><figcaption class='av-inner-masonry-content site-background'><div class='av-inner-masonry-content-pos'><div class='av-inner-masonry-content-pos-content'><div class='avia-arrow'><\/div><div class='av-masonry-entry-content entry-content'  itemprop=\"text\" >Der Schl\u00fcssel zum Paradies<\/div><\/div><\/div><\/figcaption><\/figure><\/div><!--end av-masonry entry--><div id='av-masonry-1-item-18135' data-av-masonry-item='18135' class='av-masonry-entry isotope-item post-18135 attachment type-attachment status-inherit hentry  av-masonry-item-with-image'    itemprop=\"thumbnailUrl\" ><div class='av-inner-masonry-sizer'><\/div><figure class='av-inner-masonry main_color'><div class=\"av-masonry-outerimage-container\"><div class='av-masonry-image-container' style=\"background-image: url(https:\/\/beatrice-mueller.de\/wp-content\/uploads\/6.jpg);\"  title=\"Der-Geber-Brillant-Gold-Hochkarat\" ><\/div><\/div><figcaption class='av-inner-masonry-content site-background'><div class='av-inner-masonry-content-pos'><div class='av-inner-masonry-content-pos-content'><div class='avia-arrow'><\/div><div class='av-masonry-entry-content entry-content'  itemprop=\"text\" >Der Geber<\/div><\/div><\/div><\/figcaption><\/figure><\/div><!--end av-masonry entry--><div id='av-masonry-1-item-18129' data-av-masonry-item='18129' class='av-masonry-entry isotope-item post-18129 attachment type-attachment status-inherit hentry  av-masonry-item-with-image'    itemprop=\"thumbnailUrl\" ><div class='av-inner-masonry-sizer'><\/div><figure class='av-inner-masonry main_color'><div class=\"av-masonry-outerimage-container\"><div class='av-masonry-image-container' style=\"background-image: url(https:\/\/beatrice-mueller.de\/wp-content\/uploads\/750-GG-068-ct-tw-if-1-1.jpg);\"  title=\"Das-wachende-Auge-Gelbgold-Hochkarat-Brillant\" ><\/div><\/div><figcaption class='av-inner-masonry-content site-background'><div class='av-inner-masonry-content-pos'><div class='av-inner-masonry-content-pos-content'><div class='avia-arrow'><\/div><div class='av-masonry-entry-content entry-content'  itemprop=\"text\" >Das wachende Auge<\/div><\/div><\/div><\/figcaption><\/figure><\/div><!--end av-masonry entry--><div id='av-masonry-1-item-18131' data-av-masonry-item='18131' class='av-masonry-entry isotope-item post-18131 attachment type-attachment status-inherit hentry  av-masonry-item-with-image'    itemprop=\"thumbnailUrl\" ><div class='av-inner-masonry-sizer'><\/div><figure class='av-inner-masonry main_color'><div class=\"av-masonry-outerimage-container\"><div class='av-masonry-image-container' style=\"background-image: url(https:\/\/beatrice-mueller.de\/wp-content\/uploads\/750-GG-068-ct-tw-if-2.jpg);\"  title=\"Ring-Vollendung-Gelbgold-Brillanten-Hochkarat\" ><\/div><\/div><figcaption class='av-inner-masonry-content site-background'><div class='av-inner-masonry-content-pos'><div class='av-inner-masonry-content-pos-content'><div class='avia-arrow'><\/div><div class='av-masonry-entry-content entry-content'  itemprop=\"text\" >Vollendung<\/div><\/div><\/div><\/figcaption><\/figure><\/div><!--end av-masonry entry--><\/div><\/div>\n","protected":false},"excerpt":{"rendered":"","protected":false},"author":2,"featured_media":0,"parent":0,"menu_order":0,"comment_status":"closed","ping_status":"closed","template":"","meta":{"_glsr_average":0,"_glsr_ranking":0,"_glsr_reviews":0,"footnotes":""},"class_list":["post-27202","page","type-page","status-publish","hentry"],"yoast_head":"<!-- This site is optimized with the Yoast SEO plugin v25.6 - https:\/\/yoast.com\/wordpress\/plugins\/seo\/ -->\n<title>Di prima classe - Beatrice M\u00fcller<\/title>\n<meta name=\"description\" content=\"Il meglio del meglio dell&#039;opera di Beatrice M\u00fcller ha un nome: &quot;Hochkarat di Beatrice M\u00fcller&quot;.\" \/>\n<meta name=\"robots\" content=\"index, follow, max-snippet:-1, max-image-preview:large, max-video-preview:-1\" \/>\n<link rel=\"canonical\" href=\"https:\/\/beatrice-mueller.de\/it\/di-prima-classe\/\" \/>\n<meta property=\"og:locale\" content=\"it_IT\" \/>\n<meta property=\"og:type\" content=\"article\" \/>\n<meta property=\"og:title\" content=\"Di prima classe - Beatrice M\u00fcller\" \/>\n<meta property=\"og:description\" content=\"Il meglio del meglio dell&#039;opera di Beatrice M\u00fcller ha un nome: &quot;Hochkarat di Beatrice M\u00fcller&quot;.\" \/>\n<meta property=\"og:url\" content=\"https:\/\/beatrice-mueller.de\/it\/di-prima-classe\/\" \/>\n<meta property=\"og:site_name\" content=\"Beatrice M\u00fcller\" \/>\n<meta property=\"article:modified_time\" content=\"2025-03-20T02:48:04+00:00\" \/>\n<meta name=\"twitter:card\" content=\"summary_large_image\" \/>\n<meta name=\"twitter:label1\" content=\"Tempo di lettura stimato\" \/>\n\t<meta name=\"twitter:data1\" content=\"13 minuti\" \/>\n<script type=\"application\/ld+json\" class=\"yoast-schema-graph\">{\"@context\":\"https:\/\/schema.org\",\"@graph\":[{\"@type\":\"WebPage\",\"@id\":\"https:\/\/beatrice-mueller.de\/it\/di-prima-classe\/\",\"url\":\"https:\/\/beatrice-mueller.de\/it\/di-prima-classe\/\",\"name\":\"Di prima classe - Beatrice M\u00fcller\",\"isPartOf\":{\"@id\":\"https:\/\/beatrice-mueller.de\/it\/#website\"},\"datePublished\":\"2025-03-20T02:48:03+00:00\",\"dateModified\":\"2025-03-20T02:48:04+00:00\",\"description\":\"Il meglio del meglio dell'opera di Beatrice M\u00fcller ha un nome: \\\"Hochkarat di Beatrice M\u00fcller\\\".\",\"breadcrumb\":{\"@id\":\"https:\/\/beatrice-mueller.de\/it\/di-prima-classe\/#breadcrumb\"},\"inLanguage\":\"it-IT\",\"potentialAction\":[{\"@type\":\"ReadAction\",\"target\":[\"https:\/\/beatrice-mueller.de\/it\/di-prima-classe\/\"]}]},{\"@type\":\"BreadcrumbList\",\"@id\":\"https:\/\/beatrice-mueller.de\/it\/di-prima-classe\/#breadcrumb\",\"itemListElement\":[{\"@type\":\"ListItem\",\"position\":1,\"name\":\"Startseite\",\"item\":\"https:\/\/beatrice-mueller.de\/it\/\"},{\"@type\":\"ListItem\",\"position\":2,\"name\":\"Di prima classe\"}]},{\"@type\":\"WebSite\",\"@id\":\"https:\/\/beatrice-mueller.de\/it\/#website\",\"url\":\"https:\/\/beatrice-mueller.de\/it\/\",\"name\":\"Beatrice M\u00fcller\",\"description\":\"Schmuckdesign\",\"potentialAction\":[{\"@type\":\"SearchAction\",\"target\":{\"@type\":\"EntryPoint\",\"urlTemplate\":\"https:\/\/beatrice-mueller.de\/it\/?s={search_term_string}\"},\"query-input\":{\"@type\":\"PropertyValueSpecification\",\"valueRequired\":true,\"valueName\":\"search_term_string\"}}],\"inLanguage\":\"it-IT\"}]}<\/script>\n<!-- \/ Yoast SEO plugin. -->","yoast_head_json":{"title":"Di prima classe - Beatrice M\u00fcller","description":"Il meglio del meglio dell'opera di Beatrice M\u00fcller ha un nome: \"Hochkarat di Beatrice M\u00fcller\".","robots":{"index":"index","follow":"follow","max-snippet":"max-snippet:-1","max-image-preview":"max-image-preview:large","max-video-preview":"max-video-preview:-1"},"canonical":"https:\/\/beatrice-mueller.de\/it\/di-prima-classe\/","og_locale":"it_IT","og_type":"article","og_title":"Di prima classe - Beatrice M\u00fcller","og_description":"Il meglio del meglio dell'opera di Beatrice M\u00fcller ha un nome: \"Hochkarat di Beatrice M\u00fcller\".","og_url":"https:\/\/beatrice-mueller.de\/it\/di-prima-classe\/","og_site_name":"Beatrice M\u00fcller","article_modified_time":"2025-03-20T02:48:04+00:00","twitter_card":"summary_large_image","twitter_misc":{"Tempo di lettura stimato":"13 minuti"},"schema":{"@context":"https:\/\/schema.org","@graph":[{"@type":"WebPage","@id":"https:\/\/beatrice-mueller.de\/it\/di-prima-classe\/","url":"https:\/\/beatrice-mueller.de\/it\/di-prima-classe\/","name":"Di prima classe - Beatrice M\u00fcller","isPartOf":{"@id":"https:\/\/beatrice-mueller.de\/it\/#website"},"datePublished":"2025-03-20T02:48:03+00:00","dateModified":"2025-03-20T02:48:04+00:00","description":"Il meglio del meglio dell'opera di Beatrice M\u00fcller ha un nome: \"Hochkarat di Beatrice M\u00fcller\".","breadcrumb":{"@id":"https:\/\/beatrice-mueller.de\/it\/di-prima-classe\/#breadcrumb"},"inLanguage":"it-IT","potentialAction":[{"@type":"ReadAction","target":["https:\/\/beatrice-mueller.de\/it\/di-prima-classe\/"]}]},{"@type":"BreadcrumbList","@id":"https:\/\/beatrice-mueller.de\/it\/di-prima-classe\/#breadcrumb","itemListElement":[{"@type":"ListItem","position":1,"name":"Startseite","item":"https:\/\/beatrice-mueller.de\/it\/"},{"@type":"ListItem","position":2,"name":"Di prima classe"}]},{"@type":"WebSite","@id":"https:\/\/beatrice-mueller.de\/it\/#website","url":"https:\/\/beatrice-mueller.de\/it\/","name":"Beatrice M\u00fcller","description":"Schmuckdesign","potentialAction":[{"@type":"SearchAction","target":{"@type":"EntryPoint","urlTemplate":"https:\/\/beatrice-mueller.de\/it\/?s={search_term_string}"},"query-input":{"@type":"PropertyValueSpecification","valueRequired":true,"valueName":"search_term_string"}}],"inLanguage":"it-IT"}]}},"_links":{"self":[{"href":"https:\/\/beatrice-mueller.de\/it\/wp-json\/wp\/v2\/pages\/27202","targetHints":{"allow":["GET"]}}],"collection":[{"href":"https:\/\/beatrice-mueller.de\/it\/wp-json\/wp\/v2\/pages"}],"about":[{"href":"https:\/\/beatrice-mueller.de\/it\/wp-json\/wp\/v2\/types\/page"}],"author":[{"embeddable":true,"href":"https:\/\/beatrice-mueller.de\/it\/wp-json\/wp\/v2\/users\/2"}],"replies":[{"embeddable":true,"href":"https:\/\/beatrice-mueller.de\/it\/wp-json\/wp\/v2\/comments?post=27202"}],"version-history":[{"count":1,"href":"https:\/\/beatrice-mueller.de\/it\/wp-json\/wp\/v2\/pages\/27202\/revisions"}],"predecessor-version":[{"id":27207,"href":"https:\/\/beatrice-mueller.de\/it\/wp-json\/wp\/v2\/pages\/27202\/revisions\/27207"}],"wp:attachment":[{"href":"https:\/\/beatrice-mueller.de\/it\/wp-json\/wp\/v2\/media?parent=27202"}],"curies":[{"name":"wp","href":"https:\/\/api.w.org\/{rel}","templated":true}]}}