{"id":27227,"date":"2025-03-20T03:48:46","date_gmt":"2025-03-20T02:48:46","guid":{"rendered":"https:\/\/beatrice-mueller.de\/rivista\/"},"modified":"2025-03-20T03:48:59","modified_gmt":"2025-03-20T02:48:59","slug":"rivista","status":"publish","type":"page","link":"https:\/\/beatrice-mueller.de\/it\/rivista\/","title":{"rendered":"rivista"},"content":{"rendered":"<div  class='flex_column av-nqjs0s-3615555e85d7103bacfe4f5a34408801 av_one_full  avia-builder-el-0  el_before_av_one_full  avia-builder-el-first  first flex_column_div  '     ><style type=\"text\/css\" data-created_by=\"avia_inline_auto\" id=\"style-css-av-l6ewx2rg-9f1d7fdb93dd61ca06dac4d6e5bf06c3\">\n#top .av-special-heading.av-l6ewx2rg-9f1d7fdb93dd61ca06dac4d6e5bf06c3{\npadding-bottom:10px;\n}\nbody .av-special-heading.av-l6ewx2rg-9f1d7fdb93dd61ca06dac4d6e5bf06c3 .av-special-heading-tag .heading-char{\nfont-size:25px;\n}\n.av-special-heading.av-l6ewx2rg-9f1d7fdb93dd61ca06dac4d6e5bf06c3 .av-subheading{\nfont-size:15px;\n}\n<\/style>\n<div  class='av-special-heading av-l6ewx2rg-9f1d7fdb93dd61ca06dac4d6e5bf06c3 av-special-heading-h1 blockquote modern-quote modern-centered  avia-builder-el-1  avia-builder-el-no-sibling '><h1 class='av-special-heading-tag '  itemprop=\"headline\"  >rivista<\/h1><div class=\"special-heading-border\"><div class=\"special-heading-inner-border\"><\/div><\/div><\/div><\/div><div  class='flex_column av-t5po4c-b50845ee67cd5bd433175eba628348b5 av_one_full  avia-builder-el-2  el_after_av_one_full  avia-builder-el-last  first flex_column_div  column-top-margin'     ><div id='av-masonry-1' class='av-masonry av-l6ex39f5-a656b39b5bff08a0efee5d1a85cc1e15 noHover av-fixed-size av-large-gap av-hover-overlay-active av-masonry-animation-active av-masonry-col-3 av-caption-always av-caption-style- av-masonry-entries av-orientation-square ' data-post_id=\"27227\"><div class=\"av-masonry-container isotope av-js-disabled\"><div class='av-masonry-entry isotope-item av-masonry-item-no-image '><\/div><a href=\"https:\/\/beatrice-mueller.de\/it\/illusione\/\"  id='av-masonry-1-item-27555' data-av-masonry-item='27555' class='av-masonry-entry isotope-item post-27555 post type-post status-publish format-standard has-post-thumbnail hentry category-atelier-schmuck-design-oggetti-2 category-non-categorizzato  av-masonry-item-with-image' title=\"Einladungskarte Illusion (210 x 105 mm) (214 x 109 mm) (420 x 297 mm) (297 x 420 mm) (595 x 840 mm) (595 x 841 mm) (1500 x 841 mm) (1200 x 1200 mm) (2)\"   itemscope=\"itemscope\" itemtype=\"https:\/\/schema.org\/CreativeWork\" ><div class='av-inner-masonry-sizer'><\/div><figure class='av-inner-masonry main_color'><div class=\"av-masonry-outerimage-container\"><div class='av-masonry-image-container' style=\"background-image: url(https:\/\/beatrice-mueller.de\/wp-content\/uploads\/Einladungskarte-Illusion-210-x-105-mm-214-x-109-mm-420-x-297-mm-297-x-420-mm-595-x-840-mm-595-x-841-mm-1500-x-841-mm-1200-x-1200-mm-2-705x705.png);\"  title=\"Einladungskarte Illusion (210 x 105 mm) (214 x 109 mm) (420 x 297 mm) (297 x 420 mm) (595 x 840 mm) (595 x 841 mm) (1500 x 841 mm) (1200 x 1200 mm) (2)\" ><\/div><\/div><\/figure><\/a><!--end av-masonry entry--><a href=\"https:\/\/beatrice-mueller.de\/it\/vincitore-dellinternational-speaker-slam-world-championship\/\"  id='av-masonry-1-item-27125' data-av-masonry-item='27125' class='av-masonry-entry isotope-item post-27125 post type-post status-publish format-standard has-post-thumbnail hentry category-beatrice-mueller-it  av-masonry-item-with-image' title=\"beatrice-mueller-hermann-scherer\"   itemscope=\"itemscope\" itemtype=\"https:\/\/schema.org\/CreativeWork\" ><div class='av-inner-masonry-sizer'><\/div><figure class='av-inner-masonry main_color'><div class=\"av-masonry-outerimage-container\"><div class='av-masonry-image-container' style=\"background-image: url(https:\/\/beatrice-mueller.de\/wp-content\/uploads\/2020\/10\/beatrice-mueller-hermann-scherer-705x470.jpg);\"  title=\"beatrice-mueller-hermann-scherer\" ><\/div><\/div><\/figure><\/a><!--end av-masonry entry--><a href=\"https:\/\/beatrice-mueller.de\/it\/in-tv-beatrice-mueller-festeggia-il-primo-compleanno-di-cunz-x\/\"  id='av-masonry-1-item-27077' data-av-masonry-item='27077' class='av-masonry-entry isotope-item post-27077 post type-post status-publish format-standard has-post-thumbnail hentry category-beatrice-mueller-it category-beatrice-mueller-oratrice category-cunz-it  av-masonry-item-with-image' title=\"mutmacherschmuck-corona\"   itemscope=\"itemscope\" itemtype=\"https:\/\/schema.org\/CreativeWork\" ><div class='av-inner-masonry-sizer'><\/div><figure class='av-inner-masonry main_color'><div class=\"av-masonry-outerimage-container\"><div class='av-masonry-image-container' style=\"background-image: url(https:\/\/beatrice-mueller.de\/wp-content\/uploads\/2021\/02\/mutmacherschmuck-corona-705x469.jpg);\"  title=\"mutmacherschmuck-corona\" ><\/div><\/div><\/figure><\/a><!--end av-masonry entry--><a href=\"https:\/\/beatrice-mueller.de\/it\/notte-lunga-e-giornata-aperta\/\"  id='av-masonry-1-item-27075' data-av-masonry-item='27075' class='av-masonry-entry isotope-item post-27075 post type-post status-publish format-standard has-post-thumbnail hentry category-atelier-schmuck-design-oggetti-2  av-masonry-item-with-image' title=\"Tag-offenen-Tur-2021\"   itemscope=\"itemscope\" itemtype=\"https:\/\/schema.org\/CreativeWork\" ><div class='av-inner-masonry-sizer'><\/div><figure class='av-inner-masonry main_color'><div class=\"av-masonry-outerimage-container\"><div class='av-masonry-image-container' style=\"background-image: url(https:\/\/beatrice-mueller.de\/wp-content\/uploads\/2021\/09\/Tag-offenen-Tur-2021-705x454.jpeg);\"  title=\"Tag-offenen-Tur-2021\" ><\/div><\/div><\/figure><\/a><!--end av-masonry entry--><a href=\"https:\/\/beatrice-mueller.de\/it\/ce-un-grande-bisogno-perche-ora-sono-anche-un-mentore\/\"  id='av-masonry-1-item-27055' data-av-masonry-item='27055' class='av-masonry-entry isotope-item post-27055 post type-post status-publish format-standard has-post-thumbnail hentry category-beatrice-mueller-it  av-masonry-item-with-image' title=\"BM_Homepage-Vorlagen_Headerbild_Speaker_Neu\"   itemscope=\"itemscope\" itemtype=\"https:\/\/schema.org\/CreativeWork\" ><div class='av-inner-masonry-sizer'><\/div><figure class='av-inner-masonry main_color'><div class=\"av-masonry-outerimage-container\"><div class='av-masonry-image-container' style=\"background-image: url(https:\/\/beatrice-mueller.de\/wp-content\/uploads\/2021\/11\/BM_Homepage-Vorlagen_Headerbild_Speaker_Neu-705x397.jpg);\"  title=\"BM_Homepage-Vorlagen_Headerbild_Speaker_Neu\" ><\/div><\/div><\/figure><\/a><!--end av-masonry entry--><a href=\"https:\/\/beatrice-mueller.de\/it\/ordine-decorativo\/\"  id='av-masonry-1-item-27030' data-av-masonry-item='27030' class='av-masonry-entry isotope-item post-27030 post type-post status-publish format-standard has-post-thumbnail hentry category-atelier-schmuck-design-oggetti-2  av-masonry-item-with-image' title=\"Blog-Beatrice-Mueller-Schmuckorden-Glanz-und-Gloria-Liebesorden-Geschenk\"   itemscope=\"itemscope\" itemtype=\"https:\/\/schema.org\/CreativeWork\" ><div class='av-inner-masonry-sizer'><\/div><figure class='av-inner-masonry main_color'><div class=\"av-masonry-outerimage-container\"><div class='av-masonry-image-container' style=\"background-image: url(https:\/\/beatrice-mueller.de\/wp-content\/uploads\/Blog-Beatrice-Mueller-Schmuckorden-Glanz-und-Gloria-Liebesorden-Geschenk-705x705.jpg);\"  title=\"Blog-Beatrice-Mueller-Schmuckorden-Glanz-und-Gloria-Liebesorden-Geschenk\" ><\/div><\/div><\/figure><\/a><!--end av-masonry entry--><a href=\"https:\/\/beatrice-mueller.de\/it\/la-medusa\/\"  id='av-masonry-1-item-27033' data-av-masonry-item='27033' class='av-masonry-entry isotope-item post-27033 post type-post status-publish format-standard has-post-thumbnail hentry category-atelier-schmuck-design-oggetti-2 category-non-categorizzato  av-masonry-item-with-image' title=\"Medusa-Hochkarat-rotgold-Wei\u00dfgold-Brillanten\"   itemscope=\"itemscope\" itemtype=\"https:\/\/schema.org\/CreativeWork\" ><div class='av-inner-masonry-sizer'><\/div><figure class='av-inner-masonry main_color'><div class=\"av-masonry-outerimage-container\"><div class='av-masonry-image-container' style=\"background-image: url(https:\/\/beatrice-mueller.de\/wp-content\/uploads\/Medusa-1-1.jpg);\"  title=\"Medusa-Hochkarat-rotgold-Wei\u00dfgold-Brillanten\" ><\/div><\/div><\/figure><\/a><!--end av-masonry entry--><a href=\"https:\/\/beatrice-mueller.de\/it\/la-chiave-del-paradiso\/\"  id='av-masonry-1-item-27011' data-av-masonry-item='27011' class='av-masonry-entry isotope-item post-27011 post type-post status-publish format-standard has-post-thumbnail hentry category-atelier-schmuck-design-oggetti-2 category-non-categorizzato  av-masonry-item-with-image' title=\"Schl\u00fcssel-Paradies-Liebe-Platin-Brillant-Hochkarat\"   itemscope=\"itemscope\" itemtype=\"https:\/\/schema.org\/CreativeWork\" ><div class='av-inner-masonry-sizer'><\/div><figure class='av-inner-masonry main_color'><div class=\"av-masonry-outerimage-container\"><div class='av-masonry-image-container' style=\"background-image: url(https:\/\/beatrice-mueller.de\/wp-content\/uploads\/1-2-1.jpg);\"  title=\"Schl\u00fcssel-Paradies-Liebe-Platin-Brillant-Hochkarat\" ><\/div><\/div><\/figure><\/a><!--end av-masonry entry--><a href=\"https:\/\/beatrice-mueller.de\/it\/il-completamento\/\"  id='av-masonry-1-item-26997' data-av-masonry-item='26997' class='av-masonry-entry isotope-item post-26997 post type-post status-publish format-standard has-post-thumbnail hentry category-atelier-schmuck-design-oggetti-2 category-non-categorizzato  av-masonry-item-with-image' title=\"Ring-Vollendung-Gelbgold-Brillanten-Hochkarat\"   itemscope=\"itemscope\" itemtype=\"https:\/\/schema.org\/CreativeWork\" ><div class='av-inner-masonry-sizer'><\/div><figure class='av-inner-masonry main_color'><div class=\"av-masonry-outerimage-container\"><div class='av-masonry-image-container' style=\"background-image: url(https:\/\/beatrice-mueller.de\/wp-content\/uploads\/750-GG-068-ct-tw-if-2.jpg);\"  title=\"Ring-Vollendung-Gelbgold-Brillanten-Hochkarat\" ><\/div><\/div><\/figure><\/a><!--end av-masonry entry--><a href=\"https:\/\/beatrice-mueller.de\/it\/locchio-vigile\/\"  id='av-masonry-1-item-26981' data-av-masonry-item='26981' class='av-masonry-entry isotope-item post-26981 post type-post status-publish format-standard has-post-thumbnail hentry category-atelier-schmuck-design-oggetti-2 category-non-categorizzato  av-masonry-item-with-image' title=\"Das-wachende-Auge-Gelbgold-Hochkarat-Brillant\"   itemscope=\"itemscope\" itemtype=\"https:\/\/schema.org\/CreativeWork\" ><div class='av-inner-masonry-sizer'><\/div><figure class='av-inner-masonry main_color'><div class=\"av-masonry-outerimage-container\"><div class='av-masonry-image-container' style=\"background-image: url(https:\/\/beatrice-mueller.de\/wp-content\/uploads\/750-GG-068-ct-tw-if-1-1.jpg);\"  title=\"Das-wachende-Auge-Gelbgold-Hochkarat-Brillant\" ><\/div><\/div><\/figure><\/a><!--end av-masonry entry--><a href=\"https:\/\/beatrice-mueller.de\/it\/il-donatore\/\"  id='av-masonry-1-item-26982' data-av-masonry-item='26982' class='av-masonry-entry isotope-item post-26982 post type-post status-publish format-standard has-post-thumbnail hentry category-atelier-schmuck-design-oggetti-2 category-non-categorizzato  av-masonry-item-with-image' title=\"Der-Geber-Brillant-Gold-Hochkarat\"   itemscope=\"itemscope\" itemtype=\"https:\/\/schema.org\/CreativeWork\" ><div class='av-inner-masonry-sizer'><\/div><figure class='av-inner-masonry main_color'><div class=\"av-masonry-outerimage-container\"><div class='av-masonry-image-container' style=\"background-image: url(https:\/\/beatrice-mueller.de\/wp-content\/uploads\/1-2.jpg);\"  title=\"Der-Geber-Brillant-Gold-Hochkarat\" ><\/div><\/div><\/figure><\/a><!--end av-masonry entry--><\/div><\/div><\/div><\/p>\n","protected":false},"excerpt":{"rendered":"","protected":false},"author":1,"featured_media":0,"parent":0,"menu_order":0,"comment_status":"closed","ping_status":"closed","template":"","meta":{"_glsr_average":0,"_glsr_ranking":0,"_glsr_reviews":0,"footnotes":""},"class_list":["post-27227","page","type-page","status-publish","hentry"],"yoast_head":"<!-- This site is optimized with the Yoast SEO plugin v25.6 - https:\/\/yoast.com\/wordpress\/plugins\/seo\/ -->\n<title>rivista - Beatrice M\u00fcller<\/title>\n<meta name=\"description\" content=\"Scopri di pi\u00f9 sull&#039;arte del design dei gioielli e lasciati ispirare. Beatrice M\u00fcller vi tiene aggiornati sul suo blog.\" \/>\n<meta name=\"robots\" content=\"index, follow, max-snippet:-1, max-image-preview:large, max-video-preview:-1\" \/>\n<link rel=\"canonical\" href=\"https:\/\/beatrice-mueller.de\/it\/rivista\/\" \/>\n<meta property=\"og:locale\" content=\"it_IT\" \/>\n<meta property=\"og:type\" content=\"article\" \/>\n<meta property=\"og:title\" content=\"rivista - Beatrice M\u00fcller\" \/>\n<meta property=\"og:description\" content=\"Scopri di pi\u00f9 sull&#039;arte del design dei gioielli e lasciati ispirare. Beatrice M\u00fcller vi tiene aggiornati sul suo blog.\" \/>\n<meta property=\"og:url\" content=\"https:\/\/beatrice-mueller.de\/it\/rivista\/\" \/>\n<meta property=\"og:site_name\" content=\"Beatrice M\u00fcller\" \/>\n<meta property=\"article:modified_time\" content=\"2025-03-20T02:48:59+00:00\" \/>\n<meta name=\"twitter:card\" content=\"summary_large_image\" \/>\n<meta name=\"twitter:label1\" content=\"Tempo di lettura stimato\" \/>\n\t<meta name=\"twitter:data1\" content=\"4 minuti\" \/>\n<script type=\"application\/ld+json\" class=\"yoast-schema-graph\">{\"@context\":\"https:\/\/schema.org\",\"@graph\":[{\"@type\":\"WebPage\",\"@id\":\"https:\/\/beatrice-mueller.de\/it\/rivista\/\",\"url\":\"https:\/\/beatrice-mueller.de\/it\/rivista\/\",\"name\":\"rivista - Beatrice M\u00fcller\",\"isPartOf\":{\"@id\":\"https:\/\/beatrice-mueller.de\/it\/#website\"},\"datePublished\":\"2025-03-20T02:48:46+00:00\",\"dateModified\":\"2025-03-20T02:48:59+00:00\",\"description\":\"Scopri di pi\u00f9 sull'arte del design dei gioielli e lasciati ispirare. Beatrice M\u00fcller vi tiene aggiornati sul suo blog.\",\"breadcrumb\":{\"@id\":\"https:\/\/beatrice-mueller.de\/it\/rivista\/#breadcrumb\"},\"inLanguage\":\"it-IT\",\"potentialAction\":[{\"@type\":\"ReadAction\",\"target\":[\"https:\/\/beatrice-mueller.de\/it\/rivista\/\"]}]},{\"@type\":\"BreadcrumbList\",\"@id\":\"https:\/\/beatrice-mueller.de\/it\/rivista\/#breadcrumb\",\"itemListElement\":[{\"@type\":\"ListItem\",\"position\":1,\"name\":\"Startseite\",\"item\":\"https:\/\/beatrice-mueller.de\/it\/\"},{\"@type\":\"ListItem\",\"position\":2,\"name\":\"rivista\"}]},{\"@type\":\"WebSite\",\"@id\":\"https:\/\/beatrice-mueller.de\/it\/#website\",\"url\":\"https:\/\/beatrice-mueller.de\/it\/\",\"name\":\"Beatrice M\u00fcller\",\"description\":\"Schmuckdesign\",\"potentialAction\":[{\"@type\":\"SearchAction\",\"target\":{\"@type\":\"EntryPoint\",\"urlTemplate\":\"https:\/\/beatrice-mueller.de\/it\/?s={search_term_string}\"},\"query-input\":{\"@type\":\"PropertyValueSpecification\",\"valueRequired\":true,\"valueName\":\"search_term_string\"}}],\"inLanguage\":\"it-IT\"}]}<\/script>\n<!-- \/ Yoast SEO plugin. -->","yoast_head_json":{"title":"rivista - Beatrice M\u00fcller","description":"Scopri di pi\u00f9 sull'arte del design dei gioielli e lasciati ispirare. Beatrice M\u00fcller vi tiene aggiornati sul suo blog.","robots":{"index":"index","follow":"follow","max-snippet":"max-snippet:-1","max-image-preview":"max-image-preview:large","max-video-preview":"max-video-preview:-1"},"canonical":"https:\/\/beatrice-mueller.de\/it\/rivista\/","og_locale":"it_IT","og_type":"article","og_title":"rivista - Beatrice M\u00fcller","og_description":"Scopri di pi\u00f9 sull'arte del design dei gioielli e lasciati ispirare. Beatrice M\u00fcller vi tiene aggiornati sul suo blog.","og_url":"https:\/\/beatrice-mueller.de\/it\/rivista\/","og_site_name":"Beatrice M\u00fcller","article_modified_time":"2025-03-20T02:48:59+00:00","twitter_card":"summary_large_image","twitter_misc":{"Tempo di lettura stimato":"4 minuti"},"schema":{"@context":"https:\/\/schema.org","@graph":[{"@type":"WebPage","@id":"https:\/\/beatrice-mueller.de\/it\/rivista\/","url":"https:\/\/beatrice-mueller.de\/it\/rivista\/","name":"rivista - Beatrice M\u00fcller","isPartOf":{"@id":"https:\/\/beatrice-mueller.de\/it\/#website"},"datePublished":"2025-03-20T02:48:46+00:00","dateModified":"2025-03-20T02:48:59+00:00","description":"Scopri di pi\u00f9 sull'arte del design dei gioielli e lasciati ispirare. Beatrice M\u00fcller vi tiene aggiornati sul suo blog.","breadcrumb":{"@id":"https:\/\/beatrice-mueller.de\/it\/rivista\/#breadcrumb"},"inLanguage":"it-IT","potentialAction":[{"@type":"ReadAction","target":["https:\/\/beatrice-mueller.de\/it\/rivista\/"]}]},{"@type":"BreadcrumbList","@id":"https:\/\/beatrice-mueller.de\/it\/rivista\/#breadcrumb","itemListElement":[{"@type":"ListItem","position":1,"name":"Startseite","item":"https:\/\/beatrice-mueller.de\/it\/"},{"@type":"ListItem","position":2,"name":"rivista"}]},{"@type":"WebSite","@id":"https:\/\/beatrice-mueller.de\/it\/#website","url":"https:\/\/beatrice-mueller.de\/it\/","name":"Beatrice M\u00fcller","description":"Schmuckdesign","potentialAction":[{"@type":"SearchAction","target":{"@type":"EntryPoint","urlTemplate":"https:\/\/beatrice-mueller.de\/it\/?s={search_term_string}"},"query-input":{"@type":"PropertyValueSpecification","valueRequired":true,"valueName":"search_term_string"}}],"inLanguage":"it-IT"}]}},"_links":{"self":[{"href":"https:\/\/beatrice-mueller.de\/it\/wp-json\/wp\/v2\/pages\/27227","targetHints":{"allow":["GET"]}}],"collection":[{"href":"https:\/\/beatrice-mueller.de\/it\/wp-json\/wp\/v2\/pages"}],"about":[{"href":"https:\/\/beatrice-mueller.de\/it\/wp-json\/wp\/v2\/types\/page"}],"author":[{"embeddable":true,"href":"https:\/\/beatrice-mueller.de\/it\/wp-json\/wp\/v2\/users\/1"}],"replies":[{"embeddable":true,"href":"https:\/\/beatrice-mueller.de\/it\/wp-json\/wp\/v2\/comments?post=27227"}],"version-history":[{"count":1,"href":"https:\/\/beatrice-mueller.de\/it\/wp-json\/wp\/v2\/pages\/27227\/revisions"}],"predecessor-version":[{"id":27233,"href":"https:\/\/beatrice-mueller.de\/it\/wp-json\/wp\/v2\/pages\/27227\/revisions\/27233"}],"wp:attachment":[{"href":"https:\/\/beatrice-mueller.de\/it\/wp-json\/wp\/v2\/media?parent=27227"}],"curies":[{"name":"wp","href":"https:\/\/api.w.org\/{rel}","templated":true}]}}