{"id":27559,"date":"2025-03-20T03:55:27","date_gmt":"2025-03-20T02:55:27","guid":{"rendered":"https:\/\/beatrice-mueller.de\/atelier-schmuck-design-oggetti\/"},"modified":"2025-03-20T03:55:35","modified_gmt":"2025-03-20T02:55:35","slug":"atelier-schmuck-design-oggetti","status":"publish","type":"page","link":"https:\/\/beatrice-mueller.de\/it\/atelier-schmuck-design-oggetti\/","title":{"rendered":"Atelier Schmuck Design Oggetti"},"content":{"rendered":"\n<style type=\"text\/css\" data-created_by=\"avia_inline_auto\" id=\"style-css-av-kw43a28p-b3cf117460df4f2a3cd86a58bbfe2a10\">\n.avia-section.av-kw43a28p-b3cf117460df4f2a3cd86a58bbfe2a10{\nbackground-repeat:no-repeat;\nbackground-image:url(https:\/\/beatrice-mueller.de\/wp-content\/uploads\/2021\/11\/BM_Homepage-Vorlagen_Headerbild_KollektionenAtelier-01.jpg);\nbackground-position:50% 50%;\nbackground-attachment:scroll;\n}\n<\/style>\n<div id='av_section_1'  class='avia-section av-kw43a28p-b3cf117460df4f2a3cd86a58bbfe2a10 main_color avia-section-default avia-no-border-styling  avia-builder-el-0  el_before_av_layout_row  avia-builder-el-first  avia-full-stretch avia-bg-style-scroll av-minimum-height av-minimum-height-75 av-height-75  container_wrap sidebar_right'  data-section-bg-repeat='stretch' data-av_minimum_height_pc='75' data-av_min_height_opt='75'><div class='container av-section-cont-open' ><main  role=\"main\" itemprop=\"mainContentOfPage\"  class='template-page content  av-content-small alpha units'><div class='post-entry post-entry-type-page post-entry-27559'><div class='entry-content-wrapper clearfix'>\n\n<style type=\"text\/css\" data-created_by=\"avia_inline_auto\" id=\"style-css-av-kw43az1i-36917c1785491fae7004a366d8ef539c\">\n#top .av-special-heading.av-kw43az1i-36917c1785491fae7004a366d8ef539c{\npadding-bottom:10px;\n}\nbody .av-special-heading.av-kw43az1i-36917c1785491fae7004a366d8ef539c .av-special-heading-tag .heading-char{\nfont-size:25px;\n}\n.av-special-heading.av-kw43az1i-36917c1785491fae7004a366d8ef539c .av-subheading{\nfont-size:34px;\n}\n<\/style>\n<div  id=\"caption-top\"  class='av-special-heading av-kw43az1i-36917c1785491fae7004a366d8ef539c av-special-heading-h1 blockquote modern-quote modern-centered  avia-builder-el-1  avia-builder-el-no-sibling '><h1 class='av-special-heading-tag '  itemprop=\"headline\"  >ATELIER SCHMUCK OGGETTI DI DESIGN<\/h1><div class='av-subheading av-subheading_below'><p>PEZZI UNICI FATTI A MANO<br \/>\n DI BEATRICE M\u00dcLLER<\/p>\n<\/div><div class=\"special-heading-border\"><div class=\"special-heading-inner-border\"><\/div><\/div><\/div>\n\n<\/div><\/div><\/main><!-- close content main element --><\/div><\/div><div id='av-layout-grid-1'  class='av-layout-grid-container av-7n7jcf-3beb4d25687ef2ccec6e0d8221c85e70 entry-content-wrapper main_color av-flex-cells  avia-builder-el-2  el_after_av_section  el_before_av_masonry_gallery  grid-row-not-first  container_wrap sidebar_right'  >\n<div class='flex_cell av-6i175b-8346302d54c6cb5471ecf62aa3d8a3c6 av-gridrow-cell av_one_third no_margin  avia-builder-el-3  el_before_av_cell_one_third  avia-builder-el-first '  ><div class='flex_cell_inner'><\/div><\/div><div class='flex_cell av-4gldof-74d8f8d6934385406247e79b32bebc3e av-gridrow-cell av_one_third no_margin  avia-builder-el-4  el_after_av_cell_one_third  el_before_av_cell_one_third '  ><div class='flex_cell_inner'><section  class='av_textblock_section av-kw43ztao-438c9d47621230263321c2232b79c1c2 '   itemscope=\"itemscope\" itemtype=\"https:\/\/schema.org\/CreativeWork\" ><div class='avia_textblock'  itemprop=\"text\" ><p>L&#8217;attenzione delle collezioni dello studio Beatrice Mueller \u00e8 sempre rivolta a gioielli opulenti e non convenzionali, a volte quasi fiabeschi. Dietro ogni creazione si nasconde un messaggio, una saggezza, un aneddoto o un desiderio. Le forme e i materiali utilizzati riflettono la straordinaria creativit\u00e0 e la maestria artigianale di Beatrice M\u00fcller. Il designer di gioielli lavora con i metalli e le pietre pi\u00f9 pregiati, ma anche con piccole piume o cemento.   <\/p>\n<p>I gioielli delle collezioni dello studio sono pezzi unici e disponibili solo presso l&#8217;Atelier Schmuck Design Objekte\u00ae a Stein, vicino a Norimberga. I rispettivi pezzi vengono adattati individualmente a chi li indossa e, su richiesta, vengono aggiunti dettagli personali. I materiali e le pietre preziose possono essere scelti liberamente.<\/p>\n<\/div><\/section>\n<\/div><\/div>\n<style type=\"text\/css\" data-created_by=\"avia_inline_auto\" id=\"style-css-av-2cjwan-c93172f89a9adde18865326ed0ccbf17\">\n.flex_cell.av-2cjwan-c93172f89a9adde18865326ed0ccbf17{\nvertical-align:top;\n}\n.responsive #top #wrap_all .flex_cell.av-2cjwan-c93172f89a9adde18865326ed0ccbf17{\npadding:30px 30px 30px 30px !important;\n}\n<\/style>\n<div class='flex_cell av-2cjwan-c93172f89a9adde18865326ed0ccbf17 av-gridrow-cell av_one_third no_margin  avia-builder-el-6  el_after_av_cell_one_third  avia-builder-el-last '  ><div class='flex_cell_inner'><\/div><\/div>\n<\/div>\n<div id='av-masonry-1' class='av-masonry av-kw43qksb-7cf7547f40e083715713554f0e904709 noHover av-fixed-size av-large-gap av-hover-overlay-active av-masonry-animation-active av-masonry-col-4 av-caption-always av-caption-style- av-masonry-gallery av-orientation-portrait ' data-post_id=\"27559\"><div class=\"av-masonry-container isotope av-js-disabled\"><div class='av-masonry-entry isotope-item av-masonry-item-no-image '><\/div><div id='av-masonry-1-item-38736' data-av-masonry-item='38736' class='av-masonry-entry isotope-item post-38736 attachment type-attachment status-inherit hentry  av-masonry-item-with-image'    itemprop=\"thumbnailUrl\" ><div class='av-inner-masonry-sizer'><\/div><figure class='av-inner-masonry main_color'><div class=\"av-masonry-outerimage-container\"><div class='av-masonry-image-container' style=\"background-image: url(https:\/\/beatrice-mueller.de\/wp-content\/uploads\/2021\/10\/antennen1-705x441.jpg);\"  title=\"antennen1\" ><\/div><\/div><figcaption class='av-inner-masonry-content site-background'><div class='av-inner-masonry-content-pos'><div class='av-inner-masonry-content-pos-content'><div class='avia-arrow'><\/div><div class='av-masonry-entry-content entry-content'  itemprop=\"text\" >Antennen<\/div><\/div><\/div><\/figcaption><\/figure><\/div><!--end av-masonry entry--><div id='av-masonry-1-item-17923' data-av-masonry-item='17923' class='av-masonry-entry isotope-item post-17923 attachment type-attachment status-inherit hentry  av-masonry-item-with-image'    itemprop=\"thumbnailUrl\" ><div class='av-inner-masonry-sizer'><\/div><figure class='av-inner-masonry main_color'><div class=\"av-masonry-outerimage-container\"><div class='av-masonry-image-container' style=\"background-image: url(https:\/\/beatrice-mueller.de\/wp-content\/uploads\/2021\/10\/energetic1-705x441.jpg);\"  title=\"energetic1\" ><\/div><\/div><figcaption class='av-inner-masonry-content site-background'><div class='av-inner-masonry-content-pos'><div class='av-inner-masonry-content-pos-content'><div class='avia-arrow'><\/div><div class='av-masonry-entry-content entry-content'  itemprop=\"text\" >E<\/div><\/div><\/div><\/figcaption><\/figure><\/div><!--end av-masonry entry--><div id='av-masonry-1-item-17924' data-av-masonry-item='17924' class='av-masonry-entry isotope-item post-17924 attachment type-attachment status-inherit hentry  av-masonry-item-with-image'    itemprop=\"thumbnailUrl\" ><div class='av-inner-masonry-sizer'><\/div><figure class='av-inner-masonry main_color'><div class=\"av-masonry-outerimage-container\"><div class='av-masonry-image-container' style=\"background-image: url(https:\/\/beatrice-mueller.de\/wp-content\/uploads\/2021\/10\/filigranus1-705x441.jpg);\"  title=\"filigranus1\" ><\/div><\/div><figcaption class='av-inner-masonry-content site-background'><div class='av-inner-masonry-content-pos'><div class='av-inner-masonry-content-pos-content'><div class='avia-arrow'><\/div><div class='av-masonry-entry-content entry-content'  itemprop=\"text\" >Filigranus<\/div><\/div><\/div><\/figcaption><\/figure><\/div><!--end av-masonry entry--><div id='av-masonry-1-item-17931' data-av-masonry-item='17931' class='av-masonry-entry isotope-item post-17931 attachment type-attachment status-inherit hentry  av-masonry-item-with-image'    itemprop=\"thumbnailUrl\" ><div class='av-inner-masonry-sizer'><\/div><figure class='av-inner-masonry main_color'><div class=\"av-masonry-outerimage-container\"><div class='av-masonry-image-container' style=\"background-image: url(https:\/\/beatrice-mueller.de\/wp-content\/uploads\/2021\/10\/huf1-705x441.jpg);\"  title=\"huf1\" ><\/div><\/div><figcaption class='av-inner-masonry-content site-background'><div class='av-inner-masonry-content-pos'><div class='av-inner-masonry-content-pos-content'><div class='avia-arrow'><\/div><div class='av-masonry-entry-content entry-content'  itemprop=\"text\" >H<\/div><\/div><\/div><\/figcaption><\/figure><\/div><!--end av-masonry entry--><div id='av-masonry-1-item-17925' data-av-masonry-item='17925' class='av-masonry-entry isotope-item post-17925 attachment type-attachment status-inherit hentry  av-masonry-item-with-image'    itemprop=\"thumbnailUrl\" ><div class='av-inner-masonry-sizer'><\/div><figure class='av-inner-masonry main_color'><div class=\"av-masonry-outerimage-container\"><div class='av-masonry-image-container' style=\"background-image: url(https:\/\/beatrice-mueller.de\/wp-content\/uploads\/2021\/10\/labyrinth1-705x441.jpg);\"  title=\"labyrinth1\" ><\/div><\/div><figcaption class='av-inner-masonry-content site-background'><div class='av-inner-masonry-content-pos'><div class='av-inner-masonry-content-pos-content'><div class='avia-arrow'><\/div><div class='av-masonry-entry-content entry-content'  itemprop=\"text\" >Labyrinth<\/div><\/div><\/div><\/figcaption><\/figure><\/div><!--end av-masonry entry--><div id='av-masonry-1-item-17926' data-av-masonry-item='17926' class='av-masonry-entry isotope-item post-17926 attachment type-attachment status-inherit hentry  av-masonry-item-with-image'    itemprop=\"thumbnailUrl\" ><div class='av-inner-masonry-sizer'><\/div><figure class='av-inner-masonry main_color'><div class=\"av-masonry-outerimage-container\"><div class='av-masonry-image-container' style=\"background-image: url(https:\/\/beatrice-mueller.de\/wp-content\/uploads\/2021\/10\/meilenstein1-705x441.jpg);\"  title=\"Kampagne Meilenstein 2013\" ><\/div><\/div><figcaption class='av-inner-masonry-content site-background'><div class='av-inner-masonry-content-pos'><div class='av-inner-masonry-content-pos-content'><div class='avia-arrow'><\/div><div class='av-masonry-entry-content entry-content'  itemprop=\"text\" >Kampagne Meilenstein 2013<\/div><\/div><\/div><\/figcaption><\/figure><\/div><!--end av-masonry entry--><div id='av-masonry-1-item-17927' data-av-masonry-item='17927' class='av-masonry-entry isotope-item post-17927 attachment type-attachment status-inherit hentry  av-masonry-item-with-image'    itemprop=\"thumbnailUrl\" ><div class='av-inner-masonry-sizer'><\/div><figure class='av-inner-masonry main_color'><div class=\"av-masonry-outerimage-container\"><div class='av-masonry-image-container' style=\"background-image: url(https:\/\/beatrice-mueller.de\/wp-content\/uploads\/2021\/10\/orden1-705x441.jpg);\"  title=\"orden1\" ><\/div><\/div><figcaption class='av-inner-masonry-content site-background'><div class='av-inner-masonry-content-pos'><div class='av-inner-masonry-content-pos-content'><div class='avia-arrow'><\/div><div class='av-masonry-entry-content entry-content'  itemprop=\"text\" >Orden<\/div><\/div><\/div><\/figcaption><\/figure><\/div><!--end av-masonry entry--><div id='av-masonry-1-item-17928' data-av-masonry-item='17928' class='av-masonry-entry isotope-item post-17928 attachment type-attachment status-inherit hentry  av-masonry-item-with-image'    itemprop=\"thumbnailUrl\" ><div class='av-inner-masonry-sizer'><\/div><figure class='av-inner-masonry main_color'><div class=\"av-masonry-outerimage-container\"><div class='av-masonry-image-container' style=\"background-image: url(https:\/\/beatrice-mueller.de\/wp-content\/uploads\/2021\/10\/optimal1-705x441.jpg);\"  title=\"optimal1\" ><\/div><\/div><figcaption class='av-inner-masonry-content site-background'><div class='av-inner-masonry-content-pos'><div class='av-inner-masonry-content-pos-content'><div class='avia-arrow'><\/div><div class='av-masonry-entry-content entry-content'  itemprop=\"text\" >Optimal<\/div><\/div><\/div><\/figcaption><\/figure><\/div><!--end av-masonry entry--><div id='av-masonry-1-item-17929' data-av-masonry-item='17929' class='av-masonry-entry isotope-item post-17929 attachment type-attachment status-inherit hentry  av-masonry-item-with-image'    itemprop=\"thumbnailUrl\" ><div class='av-inner-masonry-sizer'><\/div><figure class='av-inner-masonry main_color'><div class=\"av-masonry-outerimage-container\"><div class='av-masonry-image-container' style=\"background-image: url(https:\/\/beatrice-mueller.de\/wp-content\/uploads\/2021\/10\/sdo2014-verrueckt-705x441.jpg);\"  title=\"sdo2014-verrueckt\" ><\/div><\/div><figcaption class='av-inner-masonry-content site-background'><div class='av-inner-masonry-content-pos'><div class='av-inner-masonry-content-pos-content'><div class='avia-arrow'><\/div><div class='av-masonry-entry-content entry-content'  itemprop=\"text\" >Verr\u00fcckt<\/div><\/div><\/div><\/figcaption><\/figure><\/div><!--end av-masonry entry--><\/div><\/div>\n","protected":false},"excerpt":{"rendered":"","protected":false},"author":1,"featured_media":0,"parent":0,"menu_order":0,"comment_status":"closed","ping_status":"closed","template":"","meta":{"_glsr_average":0,"_glsr_ranking":0,"_glsr_reviews":0,"footnotes":""},"class_list":["post-27559","page","type-page","status-publish","hentry"],"yoast_head":"<!-- This site is optimized with the Yoast SEO plugin v25.6 - https:\/\/yoast.com\/wordpress\/plugins\/seo\/ -->\n<title>Atelier Schmuck Design Oggetti - Beatrice M\u00fcller<\/title>\n<meta name=\"description\" content=\"L&#039;attenzione dello studio di design di gioielli e oggetti di Beatrice Mueller \u00e8 sempre rivolta a pezzi non convenzionali e talvolta fiabeschi.\" \/>\n<meta name=\"robots\" content=\"index, follow, max-snippet:-1, max-image-preview:large, max-video-preview:-1\" \/>\n<link rel=\"canonical\" href=\"https:\/\/beatrice-mueller.de\/it\/atelier-schmuck-design-oggetti\/\" \/>\n<meta property=\"og:locale\" content=\"it_IT\" \/>\n<meta property=\"og:type\" content=\"article\" \/>\n<meta property=\"og:title\" content=\"Atelier Schmuck Design Oggetti - Beatrice M\u00fcller\" \/>\n<meta property=\"og:description\" content=\"L&#039;attenzione dello studio di design di gioielli e oggetti di Beatrice Mueller \u00e8 sempre rivolta a pezzi non convenzionali e talvolta fiabeschi.\" \/>\n<meta property=\"og:url\" content=\"https:\/\/beatrice-mueller.de\/it\/atelier-schmuck-design-oggetti\/\" \/>\n<meta property=\"og:site_name\" content=\"Beatrice M\u00fcller\" \/>\n<meta property=\"article:modified_time\" content=\"2025-03-20T02:55:35+00:00\" \/>\n<meta name=\"twitter:card\" content=\"summary_large_image\" \/>\n<meta name=\"twitter:label1\" content=\"Tempo di lettura stimato\" \/>\n\t<meta name=\"twitter:data1\" content=\"5 minuti\" \/>\n<script type=\"application\/ld+json\" class=\"yoast-schema-graph\">{\"@context\":\"https:\/\/schema.org\",\"@graph\":[{\"@type\":\"WebPage\",\"@id\":\"https:\/\/beatrice-mueller.de\/it\/atelier-schmuck-design-oggetti\/\",\"url\":\"https:\/\/beatrice-mueller.de\/it\/atelier-schmuck-design-oggetti\/\",\"name\":\"Atelier Schmuck Design Oggetti - Beatrice M\u00fcller\",\"isPartOf\":{\"@id\":\"https:\/\/beatrice-mueller.de\/it\/#website\"},\"datePublished\":\"2025-03-20T02:55:27+00:00\",\"dateModified\":\"2025-03-20T02:55:35+00:00\",\"description\":\"L'attenzione dello studio di design di gioielli e oggetti di Beatrice Mueller \u00e8 sempre rivolta a pezzi non convenzionali e talvolta fiabeschi.\",\"breadcrumb\":{\"@id\":\"https:\/\/beatrice-mueller.de\/it\/atelier-schmuck-design-oggetti\/#breadcrumb\"},\"inLanguage\":\"it-IT\",\"potentialAction\":[{\"@type\":\"ReadAction\",\"target\":[\"https:\/\/beatrice-mueller.de\/it\/atelier-schmuck-design-oggetti\/\"]}]},{\"@type\":\"BreadcrumbList\",\"@id\":\"https:\/\/beatrice-mueller.de\/it\/atelier-schmuck-design-oggetti\/#breadcrumb\",\"itemListElement\":[{\"@type\":\"ListItem\",\"position\":1,\"name\":\"Startseite\",\"item\":\"https:\/\/beatrice-mueller.de\/it\/\"},{\"@type\":\"ListItem\",\"position\":2,\"name\":\"Atelier Schmuck Design Oggetti\"}]},{\"@type\":\"WebSite\",\"@id\":\"https:\/\/beatrice-mueller.de\/it\/#website\",\"url\":\"https:\/\/beatrice-mueller.de\/it\/\",\"name\":\"Beatrice M\u00fcller\",\"description\":\"Schmuckdesign\",\"potentialAction\":[{\"@type\":\"SearchAction\",\"target\":{\"@type\":\"EntryPoint\",\"urlTemplate\":\"https:\/\/beatrice-mueller.de\/it\/?s={search_term_string}\"},\"query-input\":{\"@type\":\"PropertyValueSpecification\",\"valueRequired\":true,\"valueName\":\"search_term_string\"}}],\"inLanguage\":\"it-IT\"}]}<\/script>\n<!-- \/ Yoast SEO plugin. -->","yoast_head_json":{"title":"Atelier Schmuck Design Oggetti - Beatrice M\u00fcller","description":"L'attenzione dello studio di design di gioielli e oggetti di Beatrice Mueller \u00e8 sempre rivolta a pezzi non convenzionali e talvolta fiabeschi.","robots":{"index":"index","follow":"follow","max-snippet":"max-snippet:-1","max-image-preview":"max-image-preview:large","max-video-preview":"max-video-preview:-1"},"canonical":"https:\/\/beatrice-mueller.de\/it\/atelier-schmuck-design-oggetti\/","og_locale":"it_IT","og_type":"article","og_title":"Atelier Schmuck Design Oggetti - Beatrice M\u00fcller","og_description":"L'attenzione dello studio di design di gioielli e oggetti di Beatrice Mueller \u00e8 sempre rivolta a pezzi non convenzionali e talvolta fiabeschi.","og_url":"https:\/\/beatrice-mueller.de\/it\/atelier-schmuck-design-oggetti\/","og_site_name":"Beatrice M\u00fcller","article_modified_time":"2025-03-20T02:55:35+00:00","twitter_card":"summary_large_image","twitter_misc":{"Tempo di lettura stimato":"5 minuti"},"schema":{"@context":"https:\/\/schema.org","@graph":[{"@type":"WebPage","@id":"https:\/\/beatrice-mueller.de\/it\/atelier-schmuck-design-oggetti\/","url":"https:\/\/beatrice-mueller.de\/it\/atelier-schmuck-design-oggetti\/","name":"Atelier Schmuck Design Oggetti - Beatrice M\u00fcller","isPartOf":{"@id":"https:\/\/beatrice-mueller.de\/it\/#website"},"datePublished":"2025-03-20T02:55:27+00:00","dateModified":"2025-03-20T02:55:35+00:00","description":"L'attenzione dello studio di design di gioielli e oggetti di Beatrice Mueller \u00e8 sempre rivolta a pezzi non convenzionali e talvolta fiabeschi.","breadcrumb":{"@id":"https:\/\/beatrice-mueller.de\/it\/atelier-schmuck-design-oggetti\/#breadcrumb"},"inLanguage":"it-IT","potentialAction":[{"@type":"ReadAction","target":["https:\/\/beatrice-mueller.de\/it\/atelier-schmuck-design-oggetti\/"]}]},{"@type":"BreadcrumbList","@id":"https:\/\/beatrice-mueller.de\/it\/atelier-schmuck-design-oggetti\/#breadcrumb","itemListElement":[{"@type":"ListItem","position":1,"name":"Startseite","item":"https:\/\/beatrice-mueller.de\/it\/"},{"@type":"ListItem","position":2,"name":"Atelier Schmuck Design Oggetti"}]},{"@type":"WebSite","@id":"https:\/\/beatrice-mueller.de\/it\/#website","url":"https:\/\/beatrice-mueller.de\/it\/","name":"Beatrice M\u00fcller","description":"Schmuckdesign","potentialAction":[{"@type":"SearchAction","target":{"@type":"EntryPoint","urlTemplate":"https:\/\/beatrice-mueller.de\/it\/?s={search_term_string}"},"query-input":{"@type":"PropertyValueSpecification","valueRequired":true,"valueName":"search_term_string"}}],"inLanguage":"it-IT"}]}},"_links":{"self":[{"href":"https:\/\/beatrice-mueller.de\/it\/wp-json\/wp\/v2\/pages\/27559","targetHints":{"allow":["GET"]}}],"collection":[{"href":"https:\/\/beatrice-mueller.de\/it\/wp-json\/wp\/v2\/pages"}],"about":[{"href":"https:\/\/beatrice-mueller.de\/it\/wp-json\/wp\/v2\/types\/page"}],"author":[{"embeddable":true,"href":"https:\/\/beatrice-mueller.de\/it\/wp-json\/wp\/v2\/users\/1"}],"replies":[{"embeddable":true,"href":"https:\/\/beatrice-mueller.de\/it\/wp-json\/wp\/v2\/comments?post=27559"}],"version-history":[{"count":10,"href":"https:\/\/beatrice-mueller.de\/it\/wp-json\/wp\/v2\/pages\/27559\/revisions"}],"predecessor-version":[{"id":27587,"href":"https:\/\/beatrice-mueller.de\/it\/wp-json\/wp\/v2\/pages\/27559\/revisions\/27587"}],"wp:attachment":[{"href":"https:\/\/beatrice-mueller.de\/it\/wp-json\/wp\/v2\/media?parent=27559"}],"curies":[{"name":"wp","href":"https:\/\/api.w.org\/{rel}","templated":true}]}}