{"id":27570,"date":"2025-03-20T03:55:30","date_gmt":"2025-03-20T02:55:30","guid":{"rendered":"https:\/\/beatrice-mueller.de\/cunz-x-2\/"},"modified":"2025-03-20T03:55:35","modified_gmt":"2025-03-20T02:55:35","slug":"cunz-x-2","status":"publish","type":"page","link":"https:\/\/beatrice-mueller.de\/it\/cunz-x-2\/","title":{"rendered":"CUNZ-X"},"content":{"rendered":"\n<style type=\"text\/css\" data-created_by=\"avia_inline_auto\" id=\"style-css-av-ku6d9kpb-02713d8f5a6c4eed178af3d8a01b4ef8\">\n.avia-section.av-ku6d9kpb-02713d8f5a6c4eed178af3d8a01b4ef8{\nbackground-repeat:no-repeat;\nbackground-image:url(https:\/\/beatrice-mueller.de\/wp-content\/uploads\/CuNz-2025.webp);\nbackground-position:50% 50%;\nbackground-attachment:scroll;\n}\n<\/style>\n<div id='av_section_1'  class='avia-section av-ku6d9kpb-02713d8f5a6c4eed178af3d8a01b4ef8 main_color avia-section-default avia-no-border-styling  avia-builder-el-0  el_before_av_one_full  avia-builder-el-first  avia-full-stretch avia-bg-style-scroll av-minimum-height av-minimum-height-75 av-height-75  container_wrap sidebar_right'  data-section-bg-repeat='stretch' data-av_minimum_height_pc='75' data-av_min_height_opt='75'><div class='container av-section-cont-open' ><main  role=\"main\" itemprop=\"mainContentOfPage\"  class='template-page content  av-content-small alpha units'><div class='post-entry post-entry-type-page post-entry-27570'><div class='entry-content-wrapper clearfix'>\n\n<style type=\"text\/css\" data-created_by=\"avia_inline_auto\" id=\"style-css-av-ku6d91jh-6d7cbc28486fe0190a7843402d5af5bf\">\n#top .av-special-heading.av-ku6d91jh-6d7cbc28486fe0190a7843402d5af5bf{\npadding-bottom:10px;\ncolor:#ffffff;\n}\nbody .av-special-heading.av-ku6d91jh-6d7cbc28486fe0190a7843402d5af5bf .av-special-heading-tag .heading-char{\nfont-size:25px;\n}\n.av-special-heading.av-ku6d91jh-6d7cbc28486fe0190a7843402d5af5bf .special-heading-inner-border{\nborder-color:#ffffff;\n}\n.av-special-heading.av-ku6d91jh-6d7cbc28486fe0190a7843402d5af5bf .av-subheading{\nfont-size:34px;\n}\n<\/style>\n<div  class='av-special-heading av-ku6d91jh-6d7cbc28486fe0190a7843402d5af5bf av-special-heading-h1 custom-color-heading blockquote modern-quote modern-centered  avia-builder-el-1  avia-builder-el-no-sibling '><h1 class='av-special-heading-tag '  itemprop=\"headline\"  >CUNZ-X<\/h1><div class='av_custom_color av-subheading av-subheading_below'><p>RENDI IL DRAMMA UN<br \/>\n COLPIRE IL CONTO<\/p>\n<\/div><div class=\"special-heading-border\"><div class=\"special-heading-inner-border\"><\/div><\/div><\/div>\n<\/div><\/div><\/main><!-- close content main element --><\/div><\/div><div id='after_section_1'  class='main_color av_default_container_wrap container_wrap sidebar_right'  ><div class='container av-section-cont-open' ><div class='template-page content  av-content-small alpha units'><div class='post-entry post-entry-type-page post-entry-27570'><div class='entry-content-wrapper clearfix'>\n<div  class='flex_column av-nypkq0-ddd01f263293bea81dd63949154cf040 av_one_full  avia-builder-el-2  el_after_av_section  el_before_av_one_half  avia-builder-el-first  first flex_column_div  '     ><p>\n<style type=\"text\/css\" data-created_by=\"avia_inline_auto\" id=\"style-css-av-lzi93cfy-f5027a1f2cad83752b38d3e397a97045\">\n#top .av-special-heading.av-lzi93cfy-f5027a1f2cad83752b38d3e397a97045{\npadding-bottom:10px;\n}\nbody .av-special-heading.av-lzi93cfy-f5027a1f2cad83752b38d3e397a97045 .av-special-heading-tag .heading-char{\nfont-size:25px;\n}\n.av-special-heading.av-lzi93cfy-f5027a1f2cad83752b38d3e397a97045 .av-subheading{\nfont-size:15px;\n}\n<\/style>\n<div  class='av-special-heading av-lzi93cfy-f5027a1f2cad83752b38d3e397a97045 av-special-heading-h2 blockquote modern-quote  avia-builder-el-3  el_before_av_heading  avia-builder-el-first '><h2 class='av-special-heading-tag '  itemprop=\"headline\"  >Come porre fine al dramma  <\/h2><div class=\"special-heading-border\"><div class=\"special-heading-inner-border\"><\/div><\/div><\/div><br \/>\n\n<style type=\"text\/css\" data-created_by=\"avia_inline_auto\" id=\"style-css-av-lzi93kr6-bc43531e3016060319bc1ed2ed7db5cf\">\n#top .av-special-heading.av-lzi93kr6-bc43531e3016060319bc1ed2ed7db5cf{\npadding-bottom:10px;\n}\nbody .av-special-heading.av-lzi93kr6-bc43531e3016060319bc1ed2ed7db5cf .av-special-heading-tag .heading-char{\nfont-size:25px;\n}\n.av-special-heading.av-lzi93kr6-bc43531e3016060319bc1ed2ed7db5cf .av-subheading{\nfont-size:15px;\n}\n<\/style>\n<div  class='av-special-heading av-lzi93kr6-bc43531e3016060319bc1ed2ed7db5cf av-special-heading-h2 blockquote modern-quote  avia-builder-el-4  el_after_av_heading  avia-builder-el-last '><h2 class='av-special-heading-tag '  itemprop=\"headline\"  >Vuoi contrastare la paura?<\/h2><div class=\"special-heading-border\"><div class=\"special-heading-inner-border\"><\/div><\/div><\/div><\/p><\/div>\n<div  class='flex_column av-mzy2pk-5012dc3c4aa5122c91a0d070b9a8e415 av_one_half  avia-builder-el-5  el_after_av_one_full  el_before_av_one_half  first flex_column_div  column-top-margin'     ><section  class='av_textblock_section av-lzi7mqof-da526e3e7e69769e1d8f5eea8ac0f0a1 '   itemscope=\"itemscope\" itemtype=\"https:\/\/schema.org\/CreativeWork\" ><div class='avia_textblock'  itemprop=\"text\" ><p>Ecco la nostra risposta ai tempi folli in cui viviamo: gioielli anti-ansia e anti-preoccupazioni, realizzati a mano in ottone. Un materiale noto da migliaia di anni, tra le altre cose, per il suo effetto antivirale. E questa non \u00e8 una teoria folle: <a href=\"https:\/\/www.cunz-x.shop\/pages\/messing-ist-ein-ideales-material-fur-schmuck\"><strong>scopri di pi\u00f9 qui<\/strong><\/a><\/p>\n<\/div><\/section><\/div>\n<div  class='flex_column av-l5ddug-e6817a06cf9ebf95a8a252d807df9c35 av_one_half  avia-builder-el-7  el_after_av_one_half  el_before_av_one_full  flex_column_div  column-top-margin'     ><section  class='av_textblock_section av-lzi7n6be-39d709cb86ae5eea63fbda9e69b33803 '   itemscope=\"itemscope\" itemtype=\"https:\/\/schema.org\/CreativeWork\" ><div class='avia_textblock'  itemprop=\"text\" ><p>Le collane con pendenti CuNz-x sono un\u2019anticipazione del tempo \u201cdopo\u201d, un mantra protettivo, una credenza da portare al collo.<\/p>\n<\/div><\/section><\/div>\n<div  class='flex_column av-jp6ye0-d343c34d5ffff8b7508c6725a87e457a av_one_full  avia-builder-el-9  el_after_av_one_half  el_before_av_one_half  first flex_column_div  column-top-margin'     ><style type=\"text\/css\" data-created_by=\"avia_inline_auto\" id=\"style-css-av-lzi9421r-b6ffbe709b2bf466a6bcf58affaaaabe\">\n#top .av-special-heading.av-lzi9421r-b6ffbe709b2bf466a6bcf58affaaaabe{\npadding-bottom:10px;\n}\nbody .av-special-heading.av-lzi9421r-b6ffbe709b2bf466a6bcf58affaaaabe .av-special-heading-tag .heading-char{\nfont-size:25px;\n}\n.av-special-heading.av-lzi9421r-b6ffbe709b2bf466a6bcf58affaaaabe .av-subheading{\nfont-size:15px;\n}\n<\/style>\n<div  class='av-special-heading av-lzi9421r-b6ffbe709b2bf466a6bcf58affaaaabe av-special-heading-h2 blockquote modern-quote  avia-builder-el-10  avia-builder-el-no-sibling '><h2 class='av-special-heading-tag '  itemprop=\"headline\"  >La conclusione \u00e8 che tutto \u00e8 uguale: la cosa principale \u00e8 andarsene  <\/h2><div class=\"special-heading-border\"><div class=\"special-heading-inner-border\"><\/div><\/div><\/div><\/div>\n<div  class='flex_column av-hsith4-63a4135318d22d8e570087204303f25c av_one_half  avia-builder-el-11  el_after_av_one_full  el_before_av_one_half  first flex_column_div  column-top-margin'     ><section  class='av_textblock_section av-lzi7x9w6-b3d9acd8d4a98525c9c70fa75885895a '   itemscope=\"itemscope\" itemtype=\"https:\/\/schema.org\/CreativeWork\" ><div class='avia_textblock'  itemprop=\"text\" ><p>Le collane sono pezzi unici realizzati a mano, ideati dalla designer di gioielli e artista Beatrice M\u00fcller. Naturalmente con tanto amore e concetto: puoi trovare maggiori informazioni qui. I pendenti in ottone vengono tagliati singolarmente al laser e accuratamente lucidati o opachi a mano.<\/p>\n<\/div><\/section><\/div>\n<div  class='flex_column av-ftonx4-a7a41a4c38b4d7eee1f7366c8133e134 av_one_half  avia-builder-el-13  el_after_av_one_half  el_before_av_one_full  flex_column_div  column-top-margin'     ><section  class='av_textblock_section av-lzi7wx1m-1ad3765b29c0f38dc3bf14832c12c0c9 '   itemscope=\"itemscope\" itemtype=\"https:\/\/schema.org\/CreativeWork\" ><div class='avia_textblock'  itemprop=\"text\" ><p>L&#8217;idea: cancelliamo tutto ci\u00f2 che non dovrebbe esserci. Al di sopra c&#8217;\u00e8 ci\u00f2 che desideriamo.<\/p>\n<\/div><\/section><\/div>\n<div  class='flex_column av-en3baw-f08e942b44f9a12b88be814096045344 av_one_full  avia-builder-el-15  el_after_av_one_half  el_before_av_one_half  first flex_column_div  column-top-margin'     ><p>\n<style type=\"text\/css\" data-created_by=\"avia_inline_auto\" id=\"style-css-av-lzi94mla-42ee95238b7f5042a58393cdf1e99e0b\">\n#top .av-special-heading.av-lzi94mla-42ee95238b7f5042a58393cdf1e99e0b{\npadding-bottom:10px;\n}\nbody .av-special-heading.av-lzi94mla-42ee95238b7f5042a58393cdf1e99e0b .av-special-heading-tag .heading-char{\nfont-size:25px;\n}\n.av-special-heading.av-lzi94mla-42ee95238b7f5042a58393cdf1e99e0b .av-subheading{\nfont-size:15px;\n}\n<\/style>\n<div  class='av-special-heading av-lzi94mla-42ee95238b7f5042a58393cdf1e99e0b av-special-heading-h2 blockquote modern-quote  avia-builder-el-16  el_before_av_heading  avia-builder-el-first '><h2 class='av-special-heading-tag '  itemprop=\"headline\"  >Cosa significa esattamente CuNz-x?  <\/h2><div class=\"special-heading-border\"><div class=\"special-heading-inner-border\"><\/div><\/div><\/div><br \/>\n\n<style type=\"text\/css\" data-created_by=\"avia_inline_auto\" id=\"style-css-av-lzi94r2m-edd98c05563e1ed5c530ee956fee2597\">\n#top .av-special-heading.av-lzi94r2m-edd98c05563e1ed5c530ee956fee2597{\npadding-bottom:10px;\n}\nbody .av-special-heading.av-lzi94r2m-edd98c05563e1ed5c530ee956fee2597 .av-special-heading-tag .heading-char{\nfont-size:25px;\n}\n.av-special-heading.av-lzi94r2m-edd98c05563e1ed5c530ee956fee2597 .av-subheading{\nfont-size:15px;\n}\n<\/style>\n<div  class='av-special-heading av-lzi94r2m-edd98c05563e1ed5c530ee956fee2597 av-special-heading-h2 blockquote modern-quote  avia-builder-el-17  el_after_av_heading  avia-builder-el-last '><h2 class='av-special-heading-tag '  itemprop=\"headline\"  >Il rame \u00e8 Cu, la formula chimica dello zinco \u00e8 Zn, ma aspetta, abbiamo commesso un errore?  <\/h2><div class=\"special-heading-border\"><div class=\"special-heading-inner-border\"><\/div><\/div><\/div><\/p><\/div>\n<div  class='flex_column av-4mde0-b825b79d7ecbd29c7c66ce35e45cf76c av_one_half  avia-builder-el-18  el_after_av_one_full  el_before_av_one_half  first flex_column_div  column-top-margin'     ><section  class='av_textblock_section av-aubei0-c4befa46ebd440906931ed6af70de3f5 '   itemscope=\"itemscope\" itemtype=\"https:\/\/schema.org\/CreativeWork\" ><div class='avia_textblock'  itemprop=\"text\" ><p>No, lo spostamento delle lettere \u00e8 intenzionale: la formula in realt\u00e0 \u00e8 CuZn-x. Abbiamo confrontato la potenza dell&#8217;ottone con quella del virus e il risultato \u00e8 stata questa folle formula CuNz-x. Con questa formula unica, affermiamo ci\u00f2 che \u00e8 stato spostato, dentro di noi e nel nostro ambiente.<\/p>\n<\/div><\/section><\/div>\n<div  class='flex_column av-9pza9k-4736cc7cf3a4d0be284041f042403651 av_one_half  avia-builder-el-20  el_after_av_one_half  el_before_av_one_full  flex_column_div  column-top-margin'     ><\/div>\n<div  class='flex_column av-6vusvc-bbed8edd51a72cacdb2b616602fdb92c av_one_full  avia-builder-el-21  el_after_av_one_half  el_before_av_one_half  first flex_column_div  column-top-margin'     ><style type=\"text\/css\" data-created_by=\"avia_inline_auto\" id=\"style-css-av-lzi958d2-60247ddfa40441239a79bd29fb4f21c9\">\n#top .av-special-heading.av-lzi958d2-60247ddfa40441239a79bd29fb4f21c9{\npadding-bottom:10px;\n}\nbody .av-special-heading.av-lzi958d2-60247ddfa40441239a79bd29fb4f21c9 .av-special-heading-tag .heading-char{\nfont-size:25px;\n}\n.av-special-heading.av-lzi958d2-60247ddfa40441239a79bd29fb4f21c9 .av-subheading{\nfont-size:15px;\n}\n<\/style>\n<div  class='av-special-heading av-lzi958d2-60247ddfa40441239a79bd29fb4f21c9 av-special-heading-h2 blockquote modern-quote  avia-builder-el-22  avia-builder-el-no-sibling '><h2 class='av-special-heading-tag '  itemprop=\"headline\"  >3 fatti che dimostrano che l\u2019ottone non \u00e8 solo bello<\/h2><div class=\"special-heading-border\"><div class=\"special-heading-inner-border\"><\/div><\/div><\/div><\/div>\n<div  class='flex_column av-5rztx4-525083e167e7f3901fe7736c75efe86a av_one_half  avia-builder-el-23  el_after_av_one_full  el_before_av_one_half  first flex_column_div  column-top-margin'     ><section  class='av_textblock_section av-4bf97c-a2cf287570a1d57ce5d2d73ac54196bc '   itemscope=\"itemscope\" itemtype=\"https:\/\/schema.org\/CreativeWork\" ><div class='avia_textblock'  itemprop=\"text\" ><p>L&#8217;ottone \u00e8 una lega: il rame rosso \u00e8 mescolato allo zinco grigio, che ne determina la durezza e gli conferisce una bella e calda tonalit\u00e0 giallo oro. Ma non \u00e8 solo visivamente accattivante; Una volta che inizi a lavorare con il materiale, rimarrai stupito: ecco solo tre esempi:<\/p>\n<\/div><\/section><\/div>\n<div  class='flex_column av-2639fs-4a149eda9d419383ea7a84d101c5f3b8 av_one_half  avia-builder-el-25  el_after_av_one_half  el_before_av_textblock  flex_column_div  column-top-margin'     ><section  class='av_textblock_section av-lzi7pa0t-c89aac27fcfcfe3137d50b55974e630d '   itemscope=\"itemscope\" itemtype=\"https:\/\/schema.org\/CreativeWork\" ><div class='avia_textblock'  itemprop=\"text\" ><p><strong>x L&#8217;ottone \u00e8 battericida<\/strong><br \/>\n uccide i batteri. Si suppone inoltre che i virus non possano sopravvivere sull&#8217;ottone o che non possano sopravvivere a lungo. Ecco perch\u00e9 le maniglie delle porte negli ospedali e negli edifici pubblici, ad esempio, sono spesso realizzate in ottone.  <\/p>\n<p><strong>x I suoni si dispiegano meravigliosamente<\/strong><br \/>\n con questo splendido materiale: ecco perch\u00e9 molti strumenti a fiato sono realizzati in ottone.<\/p>\n<p><strong>x L&#8217;ottone ha una buona conduttivit\u00e0 elettrica.<\/strong><br \/>\n Allo stesso tempo \u00e8 amagnetico, non pu\u00f2 essere influenzato dai campi magnetici e non produce scintille<\/p>\n<p><strong>Quindi, dietro la bellezza visibile, c&#8217;\u00e8 ancora molto nascosto<\/strong> &#8211; ed \u00e8 esattamente questo il principio alla base delle nostre collane: sono belle e sono un sentiero nascosto che cammina: sono il tuo talismano personale antivirale in questo momento che sta facendo la storia.<\/p>\n<\/div><\/section><\/div>\n<section  class='av_textblock_section av-kv9gwof8-d90a3afd3123cc492dedd4db5df5ecbf '   itemscope=\"itemscope\" itemtype=\"https:\/\/schema.org\/CreativeWork\" ><div class='avia_textblock'  itemprop=\"text\" ><p><strong>Fonti e link<br \/>\n<\/strong> <a href=\"https:\/\/de.wikipedia.org\/wiki\/Messing\"><em>https:\/\/de.wikipedia.org\/wiki\/Messing<\/em><\/a><br \/>\n <a href=\"https:\/\/www.krankenhaushygiene.de\/referate\/3e4eac51d6763b0b3bb25d4ff9e66751.pdf\"><em>Italiano: https:\/\/www.krankenhaushygiene.de\/referate\/3e4eac51d6763b0b3bb25d4ff9e66751.pdf<\/em><br \/>\n<\/a> <a href=\"https:\/\/www.rime.de\/wiki\/messing\/\"><em>https:\/\/www.rime.de\/wiki\/messing\/<\/em><br \/>\n<\/a><\/p>\n<\/div><\/section>\n<div  class='avia-button-wrap av-kw44cmev-61b3dcff642a2185dc1c6debb086169e-wrap avia-button-center  avia-builder-el-28  el_after_av_textblock  avia-builder-el-last '><a href='https:\/\/beatrice-mueller.de\/it\/negozio-cunz-x\/'  class='avia-button av-kw44cmev-61b3dcff642a2185dc1c6debb086169e av-link-btn avia-icon_select-yes-left-icon avia-size-medium avia-position-center avia-color-theme-color'   aria-label=\"Al negozio online\"><span class='avia_button_icon avia_button_icon_left' aria-hidden='true' data-av_icon='\ue859' data-av_iconfont='entypo-fontello'><\/span><span class='avia_iconbox_title' >Al negozio online<\/span><\/a><\/div>\n","protected":false},"excerpt":{"rendered":"","protected":false},"author":1,"featured_media":0,"parent":0,"menu_order":0,"comment_status":"closed","ping_status":"closed","template":"","meta":{"_glsr_average":0,"_glsr_ranking":0,"_glsr_reviews":0,"footnotes":""},"class_list":["post-27570","page","type-page","status-publish","hentry"],"yoast_head":"<!-- This site is optimized with the Yoast SEO plugin v25.6 - https:\/\/yoast.com\/wordpress\/plugins\/seo\/ -->\n<title>CUNZ-X - Beatrice M\u00fcller<\/title>\n<meta name=\"description\" content=\"Con Cunz vi diamo la risposta ai tempi folli in cui viviamo: gioielli anti-ansia e anti-preoccupazioni, realizzati a mano in ottone.\" \/>\n<meta name=\"robots\" content=\"index, follow, max-snippet:-1, max-image-preview:large, max-video-preview:-1\" \/>\n<link rel=\"canonical\" href=\"https:\/\/beatrice-mueller.de\/it\/cunz-x-2\/\" \/>\n<meta property=\"og:locale\" content=\"it_IT\" \/>\n<meta property=\"og:type\" content=\"article\" \/>\n<meta property=\"og:title\" content=\"CUNZ-X - Beatrice M\u00fcller\" \/>\n<meta property=\"og:description\" content=\"Con Cunz vi diamo la risposta ai tempi folli in cui viviamo: gioielli anti-ansia e anti-preoccupazioni, realizzati a mano in ottone.\" \/>\n<meta property=\"og:url\" content=\"https:\/\/beatrice-mueller.de\/it\/cunz-x-2\/\" \/>\n<meta property=\"og:site_name\" content=\"Beatrice M\u00fcller\" \/>\n<meta property=\"article:modified_time\" content=\"2025-03-20T02:55:35+00:00\" \/>\n<meta name=\"twitter:card\" content=\"summary_large_image\" \/>\n<meta name=\"twitter:label1\" content=\"Tempo di lettura stimato\" \/>\n\t<meta name=\"twitter:data1\" content=\"42 minuti\" \/>\n<script type=\"application\/ld+json\" class=\"yoast-schema-graph\">{\"@context\":\"https:\/\/schema.org\",\"@graph\":[{\"@type\":\"WebPage\",\"@id\":\"https:\/\/beatrice-mueller.de\/it\/cunz-x-2\/\",\"url\":\"https:\/\/beatrice-mueller.de\/it\/cunz-x-2\/\",\"name\":\"CUNZ-X - Beatrice M\u00fcller\",\"isPartOf\":{\"@id\":\"https:\/\/beatrice-mueller.de\/it\/#website\"},\"datePublished\":\"2025-03-20T02:55:30+00:00\",\"dateModified\":\"2025-03-20T02:55:35+00:00\",\"description\":\"Con Cunz vi diamo la risposta ai tempi folli in cui viviamo: gioielli anti-ansia e anti-preoccupazioni, realizzati a mano in ottone.\",\"breadcrumb\":{\"@id\":\"https:\/\/beatrice-mueller.de\/it\/cunz-x-2\/#breadcrumb\"},\"inLanguage\":\"it-IT\",\"potentialAction\":[{\"@type\":\"ReadAction\",\"target\":[\"https:\/\/beatrice-mueller.de\/it\/cunz-x-2\/\"]}]},{\"@type\":\"BreadcrumbList\",\"@id\":\"https:\/\/beatrice-mueller.de\/it\/cunz-x-2\/#breadcrumb\",\"itemListElement\":[{\"@type\":\"ListItem\",\"position\":1,\"name\":\"Startseite\",\"item\":\"https:\/\/beatrice-mueller.de\/it\/\"},{\"@type\":\"ListItem\",\"position\":2,\"name\":\"CUNZ-X\"}]},{\"@type\":\"WebSite\",\"@id\":\"https:\/\/beatrice-mueller.de\/it\/#website\",\"url\":\"https:\/\/beatrice-mueller.de\/it\/\",\"name\":\"Beatrice M\u00fcller\",\"description\":\"Schmuckdesign\",\"potentialAction\":[{\"@type\":\"SearchAction\",\"target\":{\"@type\":\"EntryPoint\",\"urlTemplate\":\"https:\/\/beatrice-mueller.de\/it\/?s={search_term_string}\"},\"query-input\":{\"@type\":\"PropertyValueSpecification\",\"valueRequired\":true,\"valueName\":\"search_term_string\"}}],\"inLanguage\":\"it-IT\"}]}<\/script>\n<!-- \/ Yoast SEO plugin. -->","yoast_head_json":{"title":"CUNZ-X - Beatrice M\u00fcller","description":"Con Cunz vi diamo la risposta ai tempi folli in cui viviamo: gioielli anti-ansia e anti-preoccupazioni, realizzati a mano in ottone.","robots":{"index":"index","follow":"follow","max-snippet":"max-snippet:-1","max-image-preview":"max-image-preview:large","max-video-preview":"max-video-preview:-1"},"canonical":"https:\/\/beatrice-mueller.de\/it\/cunz-x-2\/","og_locale":"it_IT","og_type":"article","og_title":"CUNZ-X - Beatrice M\u00fcller","og_description":"Con Cunz vi diamo la risposta ai tempi folli in cui viviamo: gioielli anti-ansia e anti-preoccupazioni, realizzati a mano in ottone.","og_url":"https:\/\/beatrice-mueller.de\/it\/cunz-x-2\/","og_site_name":"Beatrice M\u00fcller","article_modified_time":"2025-03-20T02:55:35+00:00","twitter_card":"summary_large_image","twitter_misc":{"Tempo di lettura stimato":"42 minuti"},"schema":{"@context":"https:\/\/schema.org","@graph":[{"@type":"WebPage","@id":"https:\/\/beatrice-mueller.de\/it\/cunz-x-2\/","url":"https:\/\/beatrice-mueller.de\/it\/cunz-x-2\/","name":"CUNZ-X - Beatrice M\u00fcller","isPartOf":{"@id":"https:\/\/beatrice-mueller.de\/it\/#website"},"datePublished":"2025-03-20T02:55:30+00:00","dateModified":"2025-03-20T02:55:35+00:00","description":"Con Cunz vi diamo la risposta ai tempi folli in cui viviamo: gioielli anti-ansia e anti-preoccupazioni, realizzati a mano in ottone.","breadcrumb":{"@id":"https:\/\/beatrice-mueller.de\/it\/cunz-x-2\/#breadcrumb"},"inLanguage":"it-IT","potentialAction":[{"@type":"ReadAction","target":["https:\/\/beatrice-mueller.de\/it\/cunz-x-2\/"]}]},{"@type":"BreadcrumbList","@id":"https:\/\/beatrice-mueller.de\/it\/cunz-x-2\/#breadcrumb","itemListElement":[{"@type":"ListItem","position":1,"name":"Startseite","item":"https:\/\/beatrice-mueller.de\/it\/"},{"@type":"ListItem","position":2,"name":"CUNZ-X"}]},{"@type":"WebSite","@id":"https:\/\/beatrice-mueller.de\/it\/#website","url":"https:\/\/beatrice-mueller.de\/it\/","name":"Beatrice M\u00fcller","description":"Schmuckdesign","potentialAction":[{"@type":"SearchAction","target":{"@type":"EntryPoint","urlTemplate":"https:\/\/beatrice-mueller.de\/it\/?s={search_term_string}"},"query-input":{"@type":"PropertyValueSpecification","valueRequired":true,"valueName":"search_term_string"}}],"inLanguage":"it-IT"}]}},"_links":{"self":[{"href":"https:\/\/beatrice-mueller.de\/it\/wp-json\/wp\/v2\/pages\/27570","targetHints":{"allow":["GET"]}}],"collection":[{"href":"https:\/\/beatrice-mueller.de\/it\/wp-json\/wp\/v2\/pages"}],"about":[{"href":"https:\/\/beatrice-mueller.de\/it\/wp-json\/wp\/v2\/types\/page"}],"author":[{"embeddable":true,"href":"https:\/\/beatrice-mueller.de\/it\/wp-json\/wp\/v2\/users\/1"}],"replies":[{"embeddable":true,"href":"https:\/\/beatrice-mueller.de\/it\/wp-json\/wp\/v2\/comments?post=27570"}],"version-history":[{"count":1,"href":"https:\/\/beatrice-mueller.de\/it\/wp-json\/wp\/v2\/pages\/27570\/revisions"}],"predecessor-version":[{"id":27574,"href":"https:\/\/beatrice-mueller.de\/it\/wp-json\/wp\/v2\/pages\/27570\/revisions\/27574"}],"wp:attachment":[{"href":"https:\/\/beatrice-mueller.de\/it\/wp-json\/wp\/v2\/media?parent=27570"}],"curies":[{"name":"wp","href":"https:\/\/api.w.org\/{rel}","templated":true}]}}