{"id":27577,"date":"2025-03-20T03:55:31","date_gmt":"2025-03-20T02:55:31","guid":{"rendered":"https:\/\/beatrice-mueller.de\/progettazione-x-2\/"},"modified":"2025-03-20T03:55:36","modified_gmt":"2025-03-20T02:55:36","slug":"progettazione-x-2","status":"publish","type":"page","link":"https:\/\/beatrice-mueller.de\/it\/progettazione-x-2\/","title":{"rendered":"PROGETTAZIONE X"},"content":{"rendered":"\n<style type=\"text\/css\" data-created_by=\"avia_inline_auto\" id=\"style-css-av-ku6d6qrv-10da9eb7df80fd817c1c37caee0c944f\">\n.avia-section.av-ku6d6qrv-10da9eb7df80fd817c1c37caee0c944f{\nbackground-repeat:no-repeat;\nbackground-image:url(https:\/\/beatrice-mueller.de\/wp-content\/uploads\/2021\/09\/BM_Homepage-Vorlagen_Headerbild_XDesign.jpg);\nbackground-position:50% 50%;\nbackground-attachment:scroll;\n}\n<\/style>\n<div id='av_section_1'  class='avia-section av-ku6d6qrv-10da9eb7df80fd817c1c37caee0c944f main_color avia-section-default avia-no-border-styling  avia-builder-el-0  el_before_av_one_half  avia-builder-el-first  avia-full-stretch avia-bg-style-scroll av-minimum-height av-minimum-height-75 av-height-75  container_wrap sidebar_right'  data-section-bg-repeat='stretch' data-av_minimum_height_pc='75' data-av_min_height_opt='75'><div class='container av-section-cont-open' ><main  role=\"main\" itemprop=\"mainContentOfPage\"  class='template-page content  av-content-small alpha units'><div class='post-entry post-entry-type-page post-entry-27577'><div class='entry-content-wrapper clearfix'>\n\n<style type=\"text\/css\" data-created_by=\"avia_inline_auto\" id=\"style-css-av-ku6d78hw-d91ffcb363a456470809d8b2cd6664fc\">\n#top .av-special-heading.av-ku6d78hw-d91ffcb363a456470809d8b2cd6664fc{\npadding-bottom:10px;\ncolor:#ffffff;\n}\nbody .av-special-heading.av-ku6d78hw-d91ffcb363a456470809d8b2cd6664fc .av-special-heading-tag .heading-char{\nfont-size:25px;\n}\n.av-special-heading.av-ku6d78hw-d91ffcb363a456470809d8b2cd6664fc .special-heading-inner-border{\nborder-color:#ffffff;\n}\n.av-special-heading.av-ku6d78hw-d91ffcb363a456470809d8b2cd6664fc .av-subheading{\nfont-size:34px;\n}\n<\/style>\n<div  id=\"caption-bottom\"  class='av-special-heading av-ku6d78hw-d91ffcb363a456470809d8b2cd6664fc av-special-heading-h1 custom-color-heading blockquote modern-quote modern-centered  avia-builder-el-1  avia-builder-el-no-sibling '><h1 class='av-special-heading-tag '  itemprop=\"headline\"  >PROGETTAZIONE X<\/h1><div class='av_custom_color av-subheading av-subheading_below'><p>GIOIELLI ESCLUSIVI CON GRANDE ATTENZIONE AI DETTAGLI<\/p>\n<\/div><div class=\"special-heading-border\"><div class=\"special-heading-inner-border\"><\/div><\/div><\/div>\n<\/div><\/div><\/main><!-- close content main element --><\/div><\/div><div id='after_section_1'  class='main_color av_default_container_wrap container_wrap sidebar_right'  ><div class='container av-section-cont-open' ><div class='template-page content  av-content-small alpha units'><div class='post-entry post-entry-type-page post-entry-27577'><div class='entry-content-wrapper clearfix'>\n<div  class='flex_column av-2ye7ja-3be74cc6772f27ebfb9e3ec2dd4b6a06 av_one_half  avia-builder-el-2  el_after_av_section  el_before_av_one_half  avia-builder-el-first  first flex_column_div  '     ><section  class='av_textblock_section av-lzi78fi9-5d76e5839ee437d871b55a4b21413c52 '   itemscope=\"itemscope\" itemtype=\"https:\/\/schema.org\/CreativeWork\" ><div class='avia_textblock'  itemprop=\"text\" ><p>STAI FRESCO E NIENTE SORELLA!<br \/>\n Rallenta e sii consapevole!<br \/>\n Gioco creativo con materiali e temi:<br \/>\n Gioielli, pezzi di tendenza e design con messaggi individuali<\/p>\n<\/div><\/section><\/div>\n<div  class='flex_column av-s2ifna-4b526965dcbe36176944276511c6d007 av_one_half  avia-builder-el-4  el_after_av_one_half  el_before_av_one_full  flex_column_div  '     ><div  class='avia-button-wrap av-q6ub12-fade32173c541729b7e710ec440a10bf-wrap avia-button-center  avia-builder-el-5  avia-builder-el-no-sibling '><a href='https:\/\/beatrice-mueller.de\/it\/negozio-x-design\/'  class='avia-button av-q6ub12-fade32173c541729b7e710ec440a10bf av-link-btn avia-icon_select-yes-left-icon avia-size-medium avia-position-center avia-color-theme-color'  target=\"_blank\"  rel=\"noopener noreferrer\"  aria-label=\"Al negozio online\"><span class='avia_button_icon avia_button_icon_left' aria-hidden='true' data-av_icon='\ue859' data-av_iconfont='entypo-fontello'><\/span><span class='avia_iconbox_title' >Al negozio online<\/span><\/a><\/div><\/div>\n<div  class='flex_column av-obn3za-dbbf3511eb2c8ed8207d68d7a8a30306 av_one_full  avia-builder-el-6  el_after_av_one_half  el_before_av_one_half  first flex_column_div  column-top-margin'     ><style type=\"text\/css\" data-created_by=\"avia_inline_auto\" id=\"style-css-av-lzi98526-eba1b5b0d60f5bf786b2852deced0c6e\">\n#top .av-special-heading.av-lzi98526-eba1b5b0d60f5bf786b2852deced0c6e{\npadding-bottom:10px;\n}\nbody .av-special-heading.av-lzi98526-eba1b5b0d60f5bf786b2852deced0c6e .av-special-heading-tag .heading-char{\nfont-size:25px;\n}\n.av-special-heading.av-lzi98526-eba1b5b0d60f5bf786b2852deced0c6e .av-subheading{\nfont-size:15px;\n}\n<\/style>\n<div  class='av-special-heading av-lzi98526-eba1b5b0d60f5bf786b2852deced0c6e av-special-heading-h2 blockquote modern-quote  avia-builder-el-7  avia-builder-el-no-sibling '><h2 class='av-special-heading-tag '  itemprop=\"headline\"  >Informazioni su X-Design<\/h2><div class=\"special-heading-border\"><div class=\"special-heading-inner-border\"><\/div><\/div><\/div><\/div><div  class='flex_column av-mh5f52-8ffd338decee7c2bda4e121f50e9ae90 av_one_half  avia-builder-el-8  el_after_av_one_full  el_before_av_one_half  first flex_column_div  column-top-margin'     ><section  class='av_textblock_section av-lzi796ar-903750f38accdd25598f50ae886b3990 '   itemscope=\"itemscope\" itemtype=\"https:\/\/schema.org\/CreativeWork\" ><div class='avia_textblock'  itemprop=\"text\" ><p>Il marchio X-Design di Beatrice M\u00fcller \u00e8 sinonimo di gioielli esclusivi e fuori dal comune, realizzati artigianalmente con grande attenzione ai dettagli e utilizzando materiali pregiati e di alta qualit\u00e0.<br \/>\n L&#8217;interazione tra gioiello, chi lo indossa e mondo esterno \u00e8 il filo conduttore del lavoro di Beatrice M\u00fcller, che entra in gioco in un duplice senso presso X-Design.<br \/>\n Per il marchio, temi e messaggi quotidiani e reali vengono tradotti in modo creativo in gioielli. I temi principali sono <a href=\"..\/seminare-erwachsene\/\">NO STRESS<\/a> , rallentare ed essere consapevoli nella vita di tutti i giorni. La T attorcigliata sui prodotti, realizzata con un filo rosso, mostra che un cambiamento di orientamento \u00e8 sufficiente per eliminare la potenza dello stress.<\/p>\n<\/div><\/section><\/div><\/p>\n<div  class='flex_column av-kzqu6e-7a8af9800069fb2b6cb477c21bc1bd97 av_one_half  avia-builder-el-10  el_after_av_one_half  el_before_av_one_full  flex_column_div  column-top-margin'     ><section  class='av_textblock_section av-lzi79xgi-b7a471e4715cffa32e65e6748657309c '   itemscope=\"itemscope\" itemtype=\"https:\/\/schema.org\/CreativeWork\" ><div class='avia_textblock'  itemprop=\"text\" ><p>Con i suoi gioielli, Beatrice M\u00fcller si propone di dare forma individuale ai sentimenti e ai desideri dei suoi clienti; questa preoccupazione \u00e8 centrale anche per X-Design.<br \/>\n I gioielli e gli accessori X-Design possono essere personalizzati. Vi offriamo la possibilit\u00e0 di progettare i gioielli secondo i vostri desideri, sia nel nostro studio che nel <a href=\"..\/x-design-shop\/\">nostro negozio online<\/a> .<\/p>\n<\/div><\/section><\/div>\n<div  class='flex_column av-jbd206-c86b23f42ffabd2d6a4a660ff3355959 av_one_full  avia-builder-el-12  el_after_av_one_half  el_before_av_one_half  first flex_column_div  column-top-margin'     ><style type=\"text\/css\" data-created_by=\"avia_inline_auto\" id=\"style-css-av-lzia4knx-861253c9ae054e73fd25ef7d309e7a71\">\n#top .av-special-heading.av-lzia4knx-861253c9ae054e73fd25ef7d309e7a71{\npadding-bottom:10px;\n}\nbody .av-special-heading.av-lzia4knx-861253c9ae054e73fd25ef7d309e7a71 .av-special-heading-tag .heading-char{\nfont-size:25px;\n}\n.av-special-heading.av-lzia4knx-861253c9ae054e73fd25ef7d309e7a71 .av-subheading{\nfont-size:15px;\n}\n<\/style>\n<div  class='av-special-heading av-lzia4knx-861253c9ae054e73fd25ef7d309e7a71 av-special-heading-h2 blockquote modern-quote  avia-builder-el-13  avia-builder-el-no-sibling '><h2 class='av-special-heading-tag '  itemprop=\"headline\"  >LA FILOSOFIA NO STRESS E LA DOMANDA: COME SI AFFRONTA IL POTERE DELLO STRESS?<\/h2><div class=\"special-heading-border\"><div class=\"special-heading-inner-border\"><\/div><\/div><\/div><\/div><div  class='flex_column av-hzivjq-cbfc84f8989b791aa4153de211461955 av_one_half  avia-builder-el-14  el_after_av_one_full  el_before_av_one_half  first flex_column_div  column-top-margin'     ><section  class='av_textblock_section av-giaxs6-47f2a82788b18a22c60fc02ca9891d73 '   itemscope=\"itemscope\" itemtype=\"https:\/\/schema.org\/CreativeWork\" ><div class='avia_textblock'  itemprop=\"text\" ><p>La stesura delle corde rosse durante il kite ha dato a Beatrice M\u00fcller il suo personalissimo filo rosso, che \u00e8 diventato il simbolo guida della filosofia NO STRESS e ha portato alla fondazione del marchio X-Design by Beatrice M\u00fcller.<br \/>\n Era il 2015. Da allora sono successe molte cose. Beatrice M\u00fcller pu\u00f2 oggi vantare 30 anni di attivit\u00e0 autonoma nel settore della gioielleria. Doveva affrontare lo stress quotidianamente. Che si tratti di imprenditrice o di madre di due figli. Si \u00e8 spesso interrogata su come affrontare al meglio lo stress nella vita di tutti i giorni, o addirittura su come eliminarne il potere.<br \/>\n Perch\u00e9 lo stress colpisce sempre da direzioni diverse. Come le onde quando facciamo kite, lo stress ha la capacit\u00e0 di continuare a colpire la nostra prua. A volte pi\u00f9 alto, a volte pi\u00f9 basso. A volte con pi\u00f9 intensit\u00e0, a volte con meno.<br \/>\n Questa \u00e8 l&#8217;idea alla base del tema NO STRESS e del marchio X-Design di Beatrice M\u00fcller. Ma l&#8217;argomento porta con s\u00e9 molto di pi\u00f9. Lo stress influenza e condiziona molti ambiti della vita odierna. Sempre pi\u00f9 persone hanno la sensazione di aver raggiunto i limiti della propria resilienza nella vita quotidiana. Sei stressato: il risultato \u00e8 uno squilibrio e una disfunzione interiore.<\/p>\n<\/div><\/section><\/div><\/p>\n<div  class='flex_column av-e2usg6-9d50c94817b77b939ab8de738171205d av_one_half  avia-builder-el-16  el_after_av_one_half  el_before_av_one_full  flex_column_div  column-top-margin'     ><section  class='av_textblock_section av-lzi7d4no-7d3156ada5d6f15b9255ce0e2040d9a0 '   itemscope=\"itemscope\" itemtype=\"https:\/\/schema.org\/CreativeWork\" ><div class='avia_textblock'  itemprop=\"text\" ><p>Per questo motivo, affrontare lo stress in modo consapevole sta diventando sempre pi\u00f9 importante, perch\u00e9 non \u00e8 possibile evitarlo. Possiamo solo cambiare il nostro atteggiamento nei suoi confronti, privandolo del suo significato e del suo potere. Essere consapevoli della presenza di stress non significa doverlo affrontare sempre. Hai sempre la libert\u00e0 di decidere su quale onda surfare e quando desideri ritrovare la pace interiore.   <\/p>\n<p>NIENTE STRESS\u2026\u00c8 UNA QUESTIONE DI ATTEGGIAMENTO!<br \/>\nNO STRESS significa che sei nel \u201ctuo tempo\u201d e sei consapevole di cosa stai facendo e quando. Ti permetti di provare stress solo quando lo fai consapevolmente e quando \u00e8 necessario. Allo stesso tempo, puoi tornare attivamente alla pace interiore.<\/p>\n<\/div><\/section><\/div>\n<div  class='flex_column av-cht19i-b18461fd05697fe982611a47ccaf098f av_one_full  avia-builder-el-18  el_after_av_one_half  el_before_av_one_half  first flex_column_div  column-top-margin'     ><style type=\"text\/css\" data-created_by=\"avia_inline_auto\" id=\"style-css-av-lzia56va-b5196e5fd4044f5cabf0a198d93466ec\">\n#top .av-special-heading.av-lzia56va-b5196e5fd4044f5cabf0a198d93466ec{\npadding-bottom:10px;\n}\nbody .av-special-heading.av-lzia56va-b5196e5fd4044f5cabf0a198d93466ec .av-special-heading-tag .heading-char{\nfont-size:25px;\n}\n.av-special-heading.av-lzia56va-b5196e5fd4044f5cabf0a198d93466ec .av-subheading{\nfont-size:15px;\n}\n<\/style>\n<div  class='av-special-heading av-lzia56va-b5196e5fd4044f5cabf0a198d93466ec av-special-heading-h2 blockquote modern-quote  avia-builder-el-19  avia-builder-el-no-sibling '><h2 class='av-special-heading-tag '  itemprop=\"headline\"  >COME \u00c8 NATA LA LETTERA?<\/h2><div class=\"special-heading-border\"><div class=\"special-heading-inner-border\"><\/div><\/div><\/div><\/div><div  class='flex_column av-8nx1k6-e5aa5a712a912eb734fb1e58240e6503 av_one_half  avia-builder-el-20  el_after_av_one_full  el_before_av_one_half  first flex_column_div  column-top-margin'     ><section  class='av_textblock_section av-7k4ux2-f17998f25dd80c83cd8da0afb8e3f6fe '   itemscope=\"itemscope\" itemtype=\"https:\/\/schema.org\/CreativeWork\" ><div class='avia_textblock'  itemprop=\"text\" ><p>Quando \u00e8 nato il marchio X-Design di Beatrice M\u00fcller e la filosofia NO STRESS ad esso associata, la designer si \u00e8 resa conto che \u201cSTRESS\u201d \u00e8 una parola molto pi\u00f9 importante di \u201cNO\u201d. Ci\u00f2 significava che entrambe le parole avevano diversa forza. Ruotando la \u201cT\u201d, questo rapporto ha ricevuto una ponderazione diversa. Lo \u201cSTRESS\u201d si \u00e8 fermato e il filo conduttore ha potuto continuare.<\/p>\n<\/div><\/section><\/div><\/p>\n<div  class='flex_column av-62pf3a-df34d100c6407a4708ee4e96940acc8f av_one_half  avia-builder-el-22  el_after_av_one_half  el_before_av_one_full  flex_column_div  column-top-margin'     ><section  class='av_textblock_section av-lzi7cr4m-638e58f4a21e54228dd1bd187ea78124 '   itemscope=\"itemscope\" itemtype=\"https:\/\/schema.org\/CreativeWork\" ><div class='avia_textblock'  itemprop=\"text\" ><p>\u201cLa \u201cT\u201d bugiarda simboleggia che puoi eliminare il potere dello stress attraverso piccoli cambiamenti. &#8220;Il filo conduttore continua&#8221;, spiega Beatrice M\u00fcller.<\/p>\n<\/div><\/section><\/div>\n<div  class='flex_column av-4bneeu-686f9f708444986823bc53f8c18ea28e av_one_full  avia-builder-el-24  el_after_av_one_half  el_before_av_one_half  first flex_column_div  column-top-margin'     ><style type=\"text\/css\" data-created_by=\"avia_inline_auto\" id=\"style-css-av-lzia5o59-7be9b54339ba6c47ca27cc286fa575ee\">\n#top .av-special-heading.av-lzia5o59-7be9b54339ba6c47ca27cc286fa575ee{\npadding-bottom:10px;\n}\nbody .av-special-heading.av-lzia5o59-7be9b54339ba6c47ca27cc286fa575ee .av-special-heading-tag .heading-char{\nfont-size:25px;\n}\n.av-special-heading.av-lzia5o59-7be9b54339ba6c47ca27cc286fa575ee .av-subheading{\nfont-size:15px;\n}\n<\/style>\n<div  class='av-special-heading av-lzia5o59-7be9b54339ba6c47ca27cc286fa575ee av-special-heading-h2 blockquote modern-quote  avia-builder-el-25  avia-builder-el-no-sibling '><h2 class='av-special-heading-tag '  itemprop=\"headline\"  >QUAL \u00c8 L\u2019IDEA DI BASE DEL TEMA?<\/h2><div class=\"special-heading-border\"><div class=\"special-heading-inner-border\"><\/div><\/div><\/div><\/div><div  class='flex_column av-8frdi-9c0018d3c14e56bf121b16f9fd3490c3 av_one_half  avia-builder-el-26  el_after_av_one_full  el_before_av_button  first flex_column_div  column-top-margin'     ><section  class='av_textblock_section av-lzi7fa1y-adfadf89e329aa2ea2381a7ea138ce63 '   itemscope=\"itemscope\" itemtype=\"https:\/\/schema.org\/CreativeWork\" ><div class='avia_textblock'  itemprop=\"text\" ><p>Il tema NO STRESS \u00e8 il proseguimento delle <a href=\"..\/kollektion\/antennen\/\">antenne<\/a> create 15 anni fa, l&#8217;11 settembre. Si trattava e si tratta di comunicazione, invio e ricezione. Le antenne stanno per: &#8220;Ci\u00f2 che emetto torna indietro a me&#8221;. Con NO STRESS, \u00e8 molto simile: &#8220;Se vivo in pace interiore, incontro la pace dall&#8217;esterno. Se sono stressato, lo stress vive dentro di me e intorno a me.&#8221;<\/p>\n<\/div><\/section><\/div><\/p>\n<div  class='avia-button-wrap av-kw44b8u8-fabe183896f4a9e12896640deb318cb8-wrap avia-button-center  avia-builder-el-28  el_after_av_one_half  avia-builder-el-last '><a href='https:\/\/beatrice-mueller.de\/it\/negozio-x-design\/'  class='avia-button av-kw44b8u8-fabe183896f4a9e12896640deb318cb8 av-link-btn avia-icon_select-yes-left-icon avia-size-medium avia-position-center avia-color-theme-color'  target=\"_blank\"  rel=\"noopener noreferrer\"  aria-label=\"Al negozio online\"><span class='avia_button_icon avia_button_icon_left' aria-hidden='true' data-av_icon='\ue859' data-av_iconfont='entypo-fontello'><\/span><span class='avia_iconbox_title' >Al negozio online<\/span><\/a><\/div>\n","protected":false},"excerpt":{"rendered":"","protected":false},"author":1,"featured_media":0,"parent":0,"menu_order":0,"comment_status":"closed","ping_status":"closed","template":"","meta":{"_glsr_average":0,"_glsr_ranking":0,"_glsr_reviews":0,"footnotes":""},"class_list":["post-27577","page","type-page","status-publish","hentry"],"yoast_head":"<!-- This site is optimized with the Yoast SEO plugin v25.6 - https:\/\/yoast.com\/wordpress\/plugins\/seo\/ -->\n<title>PROGETTAZIONE X - Beatrice M\u00fcller<\/title>\n<meta name=\"description\" content=\"MANTIENI FRESCO E NIENTE STRESS! Rallenta e sii consapevole! Gioca con materiali e temi: gioielli e design con messaggi individuali\" \/>\n<meta name=\"robots\" content=\"index, follow, max-snippet:-1, max-image-preview:large, max-video-preview:-1\" \/>\n<link rel=\"canonical\" href=\"https:\/\/beatrice-mueller.de\/it\/progettazione-x-2\/\" \/>\n<meta property=\"og:locale\" content=\"it_IT\" \/>\n<meta property=\"og:type\" content=\"article\" \/>\n<meta property=\"og:title\" content=\"PROGETTAZIONE X - Beatrice M\u00fcller\" \/>\n<meta property=\"og:description\" content=\"MANTIENI FRESCO E NIENTE STRESS! Rallenta e sii consapevole! Gioca con materiali e temi: gioielli e design con messaggi individuali\" \/>\n<meta property=\"og:url\" content=\"https:\/\/beatrice-mueller.de\/it\/progettazione-x-2\/\" \/>\n<meta property=\"og:site_name\" content=\"Beatrice M\u00fcller\" \/>\n<meta property=\"article:modified_time\" content=\"2025-03-20T02:55:36+00:00\" \/>\n<meta name=\"twitter:card\" content=\"summary_large_image\" \/>\n<meta name=\"twitter:label1\" content=\"Tempo di lettura stimato\" \/>\n\t<meta name=\"twitter:data1\" content=\"44 minuti\" \/>\n<script type=\"application\/ld+json\" class=\"yoast-schema-graph\">{\"@context\":\"https:\/\/schema.org\",\"@graph\":[{\"@type\":\"WebPage\",\"@id\":\"https:\/\/beatrice-mueller.de\/it\/progettazione-x-2\/\",\"url\":\"https:\/\/beatrice-mueller.de\/it\/progettazione-x-2\/\",\"name\":\"PROGETTAZIONE X - Beatrice M\u00fcller\",\"isPartOf\":{\"@id\":\"https:\/\/beatrice-mueller.de\/it\/#website\"},\"datePublished\":\"2025-03-20T02:55:31+00:00\",\"dateModified\":\"2025-03-20T02:55:36+00:00\",\"description\":\"MANTIENI FRESCO E NIENTE STRESS! Rallenta e sii consapevole! Gioca con materiali e temi: gioielli e design con messaggi individuali\",\"breadcrumb\":{\"@id\":\"https:\/\/beatrice-mueller.de\/it\/progettazione-x-2\/#breadcrumb\"},\"inLanguage\":\"it-IT\",\"potentialAction\":[{\"@type\":\"ReadAction\",\"target\":[\"https:\/\/beatrice-mueller.de\/it\/progettazione-x-2\/\"]}]},{\"@type\":\"BreadcrumbList\",\"@id\":\"https:\/\/beatrice-mueller.de\/it\/progettazione-x-2\/#breadcrumb\",\"itemListElement\":[{\"@type\":\"ListItem\",\"position\":1,\"name\":\"Startseite\",\"item\":\"https:\/\/beatrice-mueller.de\/it\/\"},{\"@type\":\"ListItem\",\"position\":2,\"name\":\"PROGETTAZIONE X\"}]},{\"@type\":\"WebSite\",\"@id\":\"https:\/\/beatrice-mueller.de\/it\/#website\",\"url\":\"https:\/\/beatrice-mueller.de\/it\/\",\"name\":\"Beatrice M\u00fcller\",\"description\":\"Schmuckdesign\",\"potentialAction\":[{\"@type\":\"SearchAction\",\"target\":{\"@type\":\"EntryPoint\",\"urlTemplate\":\"https:\/\/beatrice-mueller.de\/it\/?s={search_term_string}\"},\"query-input\":{\"@type\":\"PropertyValueSpecification\",\"valueRequired\":true,\"valueName\":\"search_term_string\"}}],\"inLanguage\":\"it-IT\"}]}<\/script>\n<!-- \/ Yoast SEO plugin. -->","yoast_head_json":{"title":"PROGETTAZIONE X - Beatrice M\u00fcller","description":"MANTIENI FRESCO E NIENTE STRESS! Rallenta e sii consapevole! Gioca con materiali e temi: gioielli e design con messaggi individuali","robots":{"index":"index","follow":"follow","max-snippet":"max-snippet:-1","max-image-preview":"max-image-preview:large","max-video-preview":"max-video-preview:-1"},"canonical":"https:\/\/beatrice-mueller.de\/it\/progettazione-x-2\/","og_locale":"it_IT","og_type":"article","og_title":"PROGETTAZIONE X - Beatrice M\u00fcller","og_description":"MANTIENI FRESCO E NIENTE STRESS! Rallenta e sii consapevole! Gioca con materiali e temi: gioielli e design con messaggi individuali","og_url":"https:\/\/beatrice-mueller.de\/it\/progettazione-x-2\/","og_site_name":"Beatrice M\u00fcller","article_modified_time":"2025-03-20T02:55:36+00:00","twitter_card":"summary_large_image","twitter_misc":{"Tempo di lettura stimato":"44 minuti"},"schema":{"@context":"https:\/\/schema.org","@graph":[{"@type":"WebPage","@id":"https:\/\/beatrice-mueller.de\/it\/progettazione-x-2\/","url":"https:\/\/beatrice-mueller.de\/it\/progettazione-x-2\/","name":"PROGETTAZIONE X - Beatrice M\u00fcller","isPartOf":{"@id":"https:\/\/beatrice-mueller.de\/it\/#website"},"datePublished":"2025-03-20T02:55:31+00:00","dateModified":"2025-03-20T02:55:36+00:00","description":"MANTIENI FRESCO E NIENTE STRESS! Rallenta e sii consapevole! Gioca con materiali e temi: gioielli e design con messaggi individuali","breadcrumb":{"@id":"https:\/\/beatrice-mueller.de\/it\/progettazione-x-2\/#breadcrumb"},"inLanguage":"it-IT","potentialAction":[{"@type":"ReadAction","target":["https:\/\/beatrice-mueller.de\/it\/progettazione-x-2\/"]}]},{"@type":"BreadcrumbList","@id":"https:\/\/beatrice-mueller.de\/it\/progettazione-x-2\/#breadcrumb","itemListElement":[{"@type":"ListItem","position":1,"name":"Startseite","item":"https:\/\/beatrice-mueller.de\/it\/"},{"@type":"ListItem","position":2,"name":"PROGETTAZIONE X"}]},{"@type":"WebSite","@id":"https:\/\/beatrice-mueller.de\/it\/#website","url":"https:\/\/beatrice-mueller.de\/it\/","name":"Beatrice M\u00fcller","description":"Schmuckdesign","potentialAction":[{"@type":"SearchAction","target":{"@type":"EntryPoint","urlTemplate":"https:\/\/beatrice-mueller.de\/it\/?s={search_term_string}"},"query-input":{"@type":"PropertyValueSpecification","valueRequired":true,"valueName":"search_term_string"}}],"inLanguage":"it-IT"}]}},"_links":{"self":[{"href":"https:\/\/beatrice-mueller.de\/it\/wp-json\/wp\/v2\/pages\/27577","targetHints":{"allow":["GET"]}}],"collection":[{"href":"https:\/\/beatrice-mueller.de\/it\/wp-json\/wp\/v2\/pages"}],"about":[{"href":"https:\/\/beatrice-mueller.de\/it\/wp-json\/wp\/v2\/types\/page"}],"author":[{"embeddable":true,"href":"https:\/\/beatrice-mueller.de\/it\/wp-json\/wp\/v2\/users\/1"}],"replies":[{"embeddable":true,"href":"https:\/\/beatrice-mueller.de\/it\/wp-json\/wp\/v2\/comments?post=27577"}],"version-history":[{"count":1,"href":"https:\/\/beatrice-mueller.de\/it\/wp-json\/wp\/v2\/pages\/27577\/revisions"}],"predecessor-version":[{"id":27580,"href":"https:\/\/beatrice-mueller.de\/it\/wp-json\/wp\/v2\/pages\/27577\/revisions\/27580"}],"wp:attachment":[{"href":"https:\/\/beatrice-mueller.de\/it\/wp-json\/wp\/v2\/media?parent=27577"}],"curies":[{"name":"wp","href":"https:\/\/api.w.org\/{rel}","templated":true}]}}