{"id":27582,"date":"2025-03-20T03:55:32","date_gmt":"2025-03-20T02:55:32","guid":{"rendered":"https:\/\/beatrice-mueller.de\/splendore-e-gloria\/"},"modified":"2025-09-24T17:55:46","modified_gmt":"2025-09-24T15:55:46","slug":"splendore-e-gloria","status":"publish","type":"page","link":"https:\/\/beatrice-mueller.de\/it\/splendore-e-gloria\/","title":{"rendered":"Splendore e gloria"},"content":{"rendered":"\n<style type=\"text\/css\" data-created_by=\"avia_inline_auto\" id=\"style-css-av-mfy0igzb-e83a6d8cd8725c4a2d069d2cfa553409\">\n.avia-section.av-mfy0igzb-e83a6d8cd8725c4a2d069d2cfa553409{\nbackground-color:#000000;\nbackground-image:unset;\n}\n<\/style>\n<div id='av_section_1'  class='avia-section av-mfy0igzb-e83a6d8cd8725c4a2d069d2cfa553409 main_color avia-section-default avia-no-border-styling  avia-builder-el-0  el_before_av_section  avia-builder-el-first  av-mini-hide avia-bg-style-scroll av-minimum-height av-minimum-height-custom av-height-custom  av-section-with-video-bg container_wrap sidebar_right'   data-av_minimum_height_px='800' data-section-video-ratio='16:9'><div  class='avia-slideshow av_slideshow_obj-1-69dcd6fb3d990 avia-slideshow-featured av_slideshow avia-slide-slider av-slideshow-ui av-control-default av-slideshow-manual av-loop-once av-loop-manual-endless av-default-height-applied  av-section-video-bg avia-slideshow-1' data-slideshow-options=\"{&quot;animation&quot;:&quot;slide&quot;,&quot;autoplay&quot;:false,&quot;loop_autoplay&quot;:&quot;once&quot;,&quot;interval&quot;:5,&quot;loop_manual&quot;:&quot;manual-endless&quot;,&quot;autoplay_stopper&quot;:false,&quot;noNavigation&quot;:false,&quot;bg_slider&quot;:false,&quot;keep_padding&quot;:false,&quot;hoverpause&quot;:false,&quot;show_slide_delay&quot;:0}\"  itemprop=\"image\" itemscope=\"itemscope\" itemtype=\"https:\/\/schema.org\/ImageObject\" ><ul class='avia-slideshow-inner ' style='padding-bottom: 28.6666666667%;'><li  data-controls='disabled' data-mute='aviaTBaviaTBvideo_mute' data-loop='1' data-disable-autoplay=''  data-video-ratio='1.77777777778' class='avia-slideshow-slide av_slideshow_obj-1-69dcd6fb3d990__0  av-video-slide  av-video-service-html5  av-hide-video-controls av-mute-video av-loop-video  av-single-slide slide-1 slide-odd'><div data-rel='slideshow-1' class='avia-slide-wrap '    itemprop=\"video\" itemtype=\"https:\/\/schema.org\/VideoObject\" ><div class='av-click-overlay'><\/div><video class='avia_video'  autoplay playsinline loop preload=\"metadata\" muted  id='player_27582_1075709216_1642957193'><source src=\"https:\/\/beatrice-mueller.de\/wp-content\/uploads\/Einig-Ring_01-1.mp4\" type=\"video\/mp4\" \/><\/video><div class=\"av-click-to-play-overlay\"><div class=\"avia_playpause_icon\"><\/div><\/div><\/div><\/li><\/ul><\/div><div class='container av-section-cont-open' style='height:800px'><main  role=\"main\" itemprop=\"mainContentOfPage\"  class='template-page content  av-content-small alpha units'><div class='post-entry post-entry-type-page post-entry-27582'><div class='entry-content-wrapper clearfix'>\n\n<style type=\"text\/css\" data-created_by=\"avia_inline_auto\" id=\"style-css-av-mfy0h4tj-571feb2fd576de5c4a490e5c2cdc97e5\">\n#top .av-special-heading.av-mfy0h4tj-571feb2fd576de5c4a490e5c2cdc97e5{\npadding-bottom:10px;\ncolor:#ffffff;\n}\nbody .av-special-heading.av-mfy0h4tj-571feb2fd576de5c4a490e5c2cdc97e5 .av-special-heading-tag .heading-char{\nfont-size:25px;\n}\n.av-special-heading.av-mfy0h4tj-571feb2fd576de5c4a490e5c2cdc97e5 .special-heading-inner-border{\nborder-color:#ffffff;\n}\n.av-special-heading.av-mfy0h4tj-571feb2fd576de5c4a490e5c2cdc97e5 .av-subheading{\nfont-size:15px;\n}\n<\/style>\n<div  id=\"caption-bottom\"  class='av-special-heading av-mfy0h4tj-571feb2fd576de5c4a490e5c2cdc97e5 av-special-heading-h1 custom-color-heading blockquote modern-quote  avia-builder-el-1  avia-builder-el-no-sibling  caption-bottom'><h1 class='av-special-heading-tag '  itemprop=\"headline\"  >GLORIA E INCANTESIMO<br \/> GIOIELLI ESCLUSIVI<br \/> PER TUTTI I SENSI<\/h1><div class=\"special-heading-border\"><div class=\"special-heading-inner-border\"><\/div><\/div><\/div>\n\n<\/div><\/div><\/main><!-- close content main element --><\/div><\/div>\n<style type=\"text\/css\" data-created_by=\"avia_inline_auto\" id=\"style-css-av-mfy0wv7l-da91fc89dd7c6cebc458cbb2ba13e84a\">\n.avia-section.av-mfy0wv7l-da91fc89dd7c6cebc458cbb2ba13e84a{\nbackground-color:#000000;\nbackground-image:unset;\n}\n<\/style>\n<div id='av_section_2'  class='avia-section av-mfy0wv7l-da91fc89dd7c6cebc458cbb2ba13e84a main_color avia-section-default avia-no-border-styling  avia-builder-el-2  el_after_av_section  el_before_av_one_full  av-desktop-hide av-medium-hide av-small-hide avia-bg-style-scroll av-minimum-height av-minimum-height-custom av-height-custom  av-section-with-video-bg container_wrap sidebar_right'   data-av_minimum_height_px='450' data-section-video-ratio='16:9'><div  class='avia-slideshow av_slideshow_obj-2-69dcd6fe05958 avia-slideshow-featured av_slideshow avia-slide-slider av-slideshow-ui av-control-default av-slideshow-manual av-loop-once av-loop-manual-endless av-default-height-applied  av-section-video-bg avia-slideshow-2' data-slideshow-options=\"{&quot;animation&quot;:&quot;slide&quot;,&quot;autoplay&quot;:false,&quot;loop_autoplay&quot;:&quot;once&quot;,&quot;interval&quot;:5,&quot;loop_manual&quot;:&quot;manual-endless&quot;,&quot;autoplay_stopper&quot;:false,&quot;noNavigation&quot;:false,&quot;bg_slider&quot;:false,&quot;keep_padding&quot;:false,&quot;hoverpause&quot;:false,&quot;show_slide_delay&quot;:0}\"  itemprop=\"image\" itemscope=\"itemscope\" itemtype=\"https:\/\/schema.org\/ImageObject\" ><ul class='avia-slideshow-inner ' style='padding-bottom: 28.6666666667%;'><li  data-controls='disabled' data-mute='aviaTBaviaTBvideo_mute' data-loop='1' data-disable-autoplay=''  data-video-ratio='1.77777777778' class='avia-slideshow-slide av_slideshow_obj-2-69dcd6fe05958__0  av-video-slide  av-video-service-html5  av-hide-video-controls av-mute-video av-loop-video  av-single-slide slide-1 slide-odd'><div data-rel='slideshow-2' class='avia-slide-wrap '    itemprop=\"video\" itemtype=\"https:\/\/schema.org\/VideoObject\" ><div class='av-click-overlay'><\/div><video class='avia_video'  autoplay playsinline loop preload=\"metadata\" muted  id='player_27582_1355557116_1772812981'><source src=\"https:\/\/beatrice-mueller.de\/wp-content\/uploads\/Einig-Ring_01-1.mp4\" type=\"video\/mp4\" \/><\/video><div class=\"av-click-to-play-overlay\"><div class=\"avia_playpause_icon\"><\/div><\/div><\/div><\/li><\/ul><\/div><div class='container av-section-cont-open' style='height:450px'><div class='template-page content  av-content-small alpha units'><div class='post-entry post-entry-type-page post-entry-27582'><div class='entry-content-wrapper clearfix'>\n\n<style type=\"text\/css\" data-created_by=\"avia_inline_auto\" id=\"style-css-av-4un4lt-3a59595ca3ee705db7404d02c3e26773\">\n#top .hr.hr-invisible.av-4un4lt-3a59595ca3ee705db7404d02c3e26773{\nheight:250px;\n}\n<\/style>\n<div  class='hr av-4un4lt-3a59595ca3ee705db7404d02c3e26773 hr-invisible  avia-builder-el-3  el_before_av_heading  avia-builder-el-first '><span class='hr-inner '><span class=\"hr-inner-style\"><\/span><\/span><\/div>\n\n<style type=\"text\/css\" data-created_by=\"avia_inline_auto\" id=\"style-css-av-1v23ld-2fd685f5190c679a7273d0a267038aa1\">\n#top .av-special-heading.av-1v23ld-2fd685f5190c679a7273d0a267038aa1{\npadding-bottom:10px;\ncolor:#ffffff;\n}\nbody .av-special-heading.av-1v23ld-2fd685f5190c679a7273d0a267038aa1 .av-special-heading-tag .heading-char{\nfont-size:25px;\n}\n.av-special-heading.av-1v23ld-2fd685f5190c679a7273d0a267038aa1 .special-heading-inner-border{\nborder-color:#ffffff;\n}\n.av-special-heading.av-1v23ld-2fd685f5190c679a7273d0a267038aa1 .av-subheading{\nfont-size:15px;\n}\n<\/style>\n<div  id=\"caption-bottom\"  class='av-special-heading av-1v23ld-2fd685f5190c679a7273d0a267038aa1 av-special-heading-h1 custom-color-heading blockquote modern-quote  avia-builder-el-4  el_after_av_hr  avia-builder-el-last  caption-bottom'><h1 class='av-special-heading-tag '  itemprop=\"headline\"  >GLORIA E INCANTESIMO<br \/> GIOIELLI ESCLUSIVI<br \/> PER TUTTI I SENSI<\/h1><div class=\"special-heading-border\"><div class=\"special-heading-inner-border\"><\/div><\/div><\/div>\n<\/div><\/div><\/div><!-- close content main div --><\/div><\/div><div id='after_section_2'  class='main_color av_default_container_wrap container_wrap sidebar_right'  ><div class='container av-section-cont-open' ><div class='template-page content  av-content-small alpha units'><div class='post-entry post-entry-type-page post-entry-27582'><div class='entry-content-wrapper clearfix'>\n<div class='flex_column_table av-8ooh7l-3de9b76224fc879c6da102e9ad2aa016 sc-av_one_full av-equal-height-column-flextable'><div  class='flex_column av-8ooh7l-3de9b76224fc879c6da102e9ad2aa016 av_one_full  avia-builder-el-5  el_after_av_section  el_before_av_section  avia-builder-el-no-sibling  first flex_column_table_cell av-equal-height-column av-align-middle avia-link-column av-column-link  '    data-link-column-url=\"https:\/\/beatrice-mueller.de\/glanz-und-gloria\/\"   ><a class=\"av-screen-reader-only\" href=https:\/\/beatrice-mueller.de\/glanz-und-gloria\/ >Segui un collegamento aggiunto manuale<\/a><style type=\"text\/css\" data-created_by=\"avia_inline_auto\" id=\"style-css-av-84ho35-4e21495c4069955a676c948d5379a2ac\">\n.avia-image-container.av-84ho35-4e21495c4069955a676c948d5379a2ac img.avia_image{\nbox-shadow:none;\n}\n.avia-image-container.av-84ho35-4e21495c4069955a676c948d5379a2ac .av-image-caption-overlay-center{\ncolor:#ffffff;\n}\n<\/style>\n<div  class='avia-image-container av-84ho35-4e21495c4069955a676c948d5379a2ac av-styling- avia-align-center  avia-builder-el-6  avia-builder-el-no-sibling '   itemprop=\"image\" itemscope=\"itemscope\" itemtype=\"https:\/\/schema.org\/ImageObject\" ><div class=\"avia-image-container-inner\"><div class=\"avia-image-overlay-wrap\"><img decoding=\"async\" fetchpriority=\"high\" class='wp-image-37212 avia-img-lazy-loading-not-37212 avia_image ' src=\"https:\/\/beatrice-mueller.de\/wp-content\/uploads\/2021\/09\/glanz-gloria-logo.png\" alt='' title='glanz-gloria-logo'  height=\"150\" width=\"216\"  itemprop=\"thumbnailUrl\"  \/><\/div><\/div><\/div><\/div><\/div><!--close column table wrapper. Autoclose: 1 -->\n<\/div><\/div><\/div><!-- close content main div --><\/div><\/div><div id='av_section_3'  class='avia-section av-25jr9t-541c7ec450d26150118aeea75d84f164 main_color avia-section-default avia-no-border-styling  avia-builder-el-7  el_after_av_one_full  el_before_av_masonry_gallery  avia-bg-style-scroll container_wrap sidebar_right'  ><div class='container av-section-cont-open' ><div class='template-page content  av-content-small alpha units'><div class='post-entry post-entry-type-page post-entry-27582'><div class='entry-content-wrapper clearfix'>\n<div  class='flex_column av-4b393l-7b859de6ece7c5f214f39be1eafa75cb av_one_half  avia-builder-el-8  el_before_av_one_half  avia-builder-el-first  first flex_column_div  '     ><section  class='av_textblock_section av-lzi75ti2-1f5c296d3ee3ad980de8db53b2179b4a '   itemscope=\"itemscope\" itemtype=\"https:\/\/schema.org\/CreativeWork\" ><div class='avia_textblock'  itemprop=\"text\" ><p>Opulenza e splendore, messaggi sottili, umorismo raffinato ed emozioni rassicuranti: questa \u00e8 l&#8217;essenza delle collezioni <strong>GLANZ UND GLORIA di Beatrice M\u00fcller <sup>\u00ae<\/sup><\/strong> . I gioielli sono ambasciatori di gioia di vivere, potenza e forza, che sottolineano e rafforzano la presenza di chi li indossa. <\/p>\n<p>Oltre a gioielli eccezionali, come quelli delle linee GOLF o PARADIES, tra i pezzi di <strong>GLANZ UND GLORIA <sup>\u00ae<\/sup><\/strong> figurano anche gli accessori di SECOND SKIN\u00ae o gli occhiali con elementi decorativi di PERFECT GLAS\u00ae.<\/p>\n<\/div><\/section><\/div><div  class='flex_column av-25prbl-daad2acadd61a45db01ff8241659944a av_one_half  avia-builder-el-10  el_after_av_one_half  avia-builder-el-last  flex_column_div  '     ><section  class='av_textblock_section av-lzi764au-ad58336a1804392cb35d473e61529130 '   itemscope=\"itemscope\" itemtype=\"https:\/\/schema.org\/CreativeWork\" ><div class='avia_textblock'  itemprop=\"text\" ><p>I materiali selezionati conferiscono ad anelli e collane, bracciali, orecchini e accessori la loro espressione inimitabile: Beatrice M\u00fcller utilizza il ricco oro giallo o rosso e l&#8217;intramontabile platino e li abbina a pietre preziose e magnifiche perle.<\/p>\n<p> Le collezioni <strong>GLANZ UND GLORIA <sup>\u00ae<\/sup><\/strong> sono disponibili presso lo studio Schmuck Design Objekte\u00ae a Stein vicino a Norimberga e presso rivenditori selezionati in tutta la Germania.<\/p>\n<\/div><\/section><\/div>\n\n<div id='av-masonry-1' class='av-masonry av-kv9lamer-341134b75380a8570996d906a12032b9 noHover av-fixed-size av-large-gap av-hover-overlay- av-masonry-animation-active av-masonry-col-4 av-caption-always av-caption-style- av-masonry-gallery av-orientation-portrait ' data-post_id=\"27582\"><div class=\"av-masonry-container isotope av-js-disabled\"><div class='av-masonry-entry isotope-item av-masonry-item-no-image '><\/div><div id='av-masonry-1-item-37368' data-av-masonry-item='37368' class='av-masonry-entry isotope-item post-37368 attachment type-attachment status-inherit hentry  av-masonry-item-with-image'    itemprop=\"thumbnailUrl\" ><div class='av-inner-masonry-sizer'><\/div><figure class='av-inner-masonry main_color'><div class=\"av-masonry-outerimage-container\"><div class='av-masonry-image-container' style=\"background-image: url(https:\/\/beatrice-mueller.de\/wp-content\/uploads\/2021\/10\/Beatrice_Mueller_Diamant_Einig_-705x705.jpg);\"  title=\"Beatrice_Mueller_Diamant_Einig_\" ><\/div><\/div><figcaption class='av-inner-masonry-content site-background'><div class='av-inner-masonry-content-pos'><div class='av-inner-masonry-content-pos-content'><div class='avia-arrow'><\/div><div class='av-masonry-entry-content entry-content'  itemprop=\"text\" >Einig\u00ae<\/div><\/div><\/div><\/figcaption><\/figure><\/div><!--end av-masonry entry--><div id='av-masonry-1-item-18111' data-av-masonry-item='18111' class='av-masonry-entry isotope-item post-18111 attachment type-attachment status-inherit hentry  av-masonry-item-with-image'    itemprop=\"thumbnailUrl\" ><div class='av-inner-masonry-sizer'><\/div><figure class='av-inner-masonry main_color'><div class=\"av-masonry-outerimage-container\"><div class='av-masonry-image-container' style=\"background-image: url(https:\/\/beatrice-mueller.de\/wp-content\/uploads\/2021\/10\/golf1-705x441.jpg);\"  title=\"golf1\" ><\/div><\/div><figcaption class='av-inner-masonry-content site-background'><div class='av-inner-masonry-content-pos'><div class='av-inner-masonry-content-pos-content'><div class='avia-arrow'><\/div><div class='av-masonry-entry-content entry-content'  itemprop=\"text\" >GOLF<\/div><\/div><\/div><\/figcaption><\/figure><\/div><!--end av-masonry entry--><div id='av-masonry-1-item-37134' data-av-masonry-item='37134' class='av-masonry-entry isotope-item post-37134 attachment type-attachment status-inherit hentry  av-masonry-item-with-image'    itemprop=\"thumbnailUrl\" ><div class='av-inner-masonry-sizer'><\/div><figure class='av-inner-masonry main_color'><div class=\"av-masonry-outerimage-container\"><div class='av-masonry-image-container' style=\"background-image: url(https:\/\/beatrice-mueller.de\/wp-content\/uploads\/2021\/09\/title-paradies-1.jpg);\"  title=\"title-paradies-1\" ><\/div><\/div><figcaption class='av-inner-masonry-content site-background'><div class='av-inner-masonry-content-pos'><div class='av-inner-masonry-content-pos-content'><div class='avia-arrow'><\/div><div class='av-masonry-entry-content entry-content'  itemprop=\"text\" >Paradies<\/div><\/div><\/div><\/figcaption><\/figure><\/div><!--end av-masonry entry--><div id='av-masonry-1-item-37144' data-av-masonry-item='37144' class='av-masonry-entry isotope-item post-37144 attachment type-attachment status-inherit hentry  av-masonry-item-with-image'    itemprop=\"thumbnailUrl\" ><div class='av-inner-masonry-sizer'><\/div><figure class='av-inner-masonry main_color'><div class=\"av-masonry-outerimage-container\"><div class='av-masonry-image-container' style=\"background-image: url(https:\/\/beatrice-mueller.de\/wp-content\/uploads\/2021\/09\/perfect-glas-header-1.jpg);\"  title=\"perfect-glas-header-1\" ><\/div><\/div><figcaption class='av-inner-masonry-content site-background'><div class='av-inner-masonry-content-pos'><div class='av-inner-masonry-content-pos-content'><div class='avia-arrow'><\/div><div class='av-masonry-entry-content entry-content'  itemprop=\"text\" >Perfect Glas\u00ae<\/div><\/div><\/div><\/figcaption><\/figure><\/div><!--end av-masonry entry--><div id='av-masonry-1-item-34347' data-av-masonry-item='34347' class='av-masonry-entry isotope-item post-34347 attachment type-attachment status-inherit hentry  av-masonry-item-with-image'    itemprop=\"thumbnailUrl\" ><div class='av-inner-masonry-sizer'><\/div><figure class='av-inner-masonry main_color'><div class=\"av-masonry-outerimage-container\"><div class='av-masonry-image-container' style=\"background-image: url(https:\/\/beatrice-mueller.de\/wp-content\/uploads\/2021\/09\/header-secondskin-1.jpg);\"  title=\"header-secondskin-1\" ><\/div><\/div><figcaption class='av-inner-masonry-content site-background'><div class='av-inner-masonry-content-pos'><div class='av-inner-masonry-content-pos-content'><div class='avia-arrow'><\/div><div class='av-masonry-entry-content entry-content'  itemprop=\"text\" >Second Skin\u00ae<\/div><\/div><\/div><\/figcaption><\/figure><\/div><!--end av-masonry entry--><div id='av-masonry-1-item-38809' data-av-masonry-item='38809' class='av-masonry-entry isotope-item post-38809 attachment type-attachment status-inherit hentry  av-masonry-item-with-image'    itemprop=\"thumbnailUrl\" ><div class='av-inner-masonry-sizer'><\/div><figure class='av-inner-masonry main_color'><div class=\"av-masonry-outerimage-container\"><div class='av-masonry-image-container' style=\"background-image: url(https:\/\/beatrice-mueller.de\/wp-content\/uploads\/2021\/10\/wkdktitle1.jpg);\"  title=\"wkdktitle1\" ><\/div><\/div><figcaption class='av-inner-masonry-content site-background'><div class='av-inner-masonry-content-pos'><div class='av-inner-masonry-content-pos-content'><div class='avia-arrow'><\/div><div class='av-masonry-entry-content entry-content'  itemprop=\"text\" >Wer kann, der kann\u00ae<\/div><\/div><\/div><\/figcaption><\/figure><\/div><!--end av-masonry entry--><div id='av-masonry-1-item-34162' data-av-masonry-item='34162' class='av-masonry-entry isotope-item post-34162 attachment type-attachment status-inherit hentry  av-masonry-item-with-image'    itemprop=\"thumbnailUrl\" ><div class='av-inner-masonry-sizer'><\/div><figure class='av-inner-masonry main_color'><div class=\"av-masonry-outerimage-container\"><div class='av-masonry-image-container' style=\"background-image: url(https:\/\/beatrice-mueller.de\/wp-content\/uploads\/2021\/09\/wohlig-title-1.jpg);\"  title=\"wohlig-title-1\" ><\/div><\/div><figcaption class='av-inner-masonry-content site-background'><div class='av-inner-masonry-content-pos'><div class='av-inner-masonry-content-pos-content'><div class='avia-arrow'><\/div><div class='av-masonry-entry-content entry-content'  itemprop=\"text\" >Wohlig<\/div><\/div><\/div><\/figcaption><\/figure><\/div><!--end av-masonry entry--><div id='av-masonry-1-item-34213' data-av-masonry-item='34213' class='av-masonry-entry isotope-item post-34213 attachment type-attachment status-inherit hentry  av-masonry-item-with-image'    itemprop=\"thumbnailUrl\" ><div class='av-inner-masonry-sizer'><\/div><figure class='av-inner-masonry main_color'><div class=\"av-masonry-outerimage-container\"><div class='av-masonry-image-container' style=\"background-image: url(https:\/\/beatrice-mueller.de\/wp-content\/uploads\/2021\/09\/180grad-title1-1.jpg);\"  title=\"180grad-title1-1\" ><\/div><\/div><figcaption class='av-inner-masonry-content site-background'><div class='av-inner-masonry-content-pos'><div class='av-inner-masonry-content-pos-content'><div class='avia-arrow'><\/div><div class='av-masonry-entry-content entry-content'  itemprop=\"text\" >180 Grad\u00ae<\/div><\/div><\/div><\/figcaption><\/figure><\/div><!--end av-masonry entry--><\/div><\/div>\n","protected":false},"excerpt":{"rendered":"","protected":false},"author":1,"featured_media":0,"parent":0,"menu_order":0,"comment_status":"closed","ping_status":"closed","template":"","meta":{"_glsr_average":0,"_glsr_ranking":0,"_glsr_reviews":0,"footnotes":""},"class_list":["post-27582","page","type-page","status-publish","hentry"],"yoast_head":"<!-- This site is optimized with the Yoast SEO plugin v25.6 - https:\/\/yoast.com\/wordpress\/plugins\/seo\/ -->\n<title>Splendore e gloria - Beatrice M\u00fcller<\/title>\n<meta name=\"description\" content=\"Gioielli esclusivi per tutti i sensi: questo \u00e8 ci\u00f2 che promette il nostro marchio di lusso Glanz und Gloria. I materiali selezionati garantiscono l&#039;unicit\u00e0.\" \/>\n<meta name=\"robots\" content=\"index, follow, max-snippet:-1, max-image-preview:large, max-video-preview:-1\" \/>\n<link rel=\"canonical\" href=\"https:\/\/beatrice-mueller.de\/it\/splendore-e-gloria\/\" \/>\n<meta property=\"og:locale\" content=\"it_IT\" \/>\n<meta property=\"og:type\" content=\"article\" \/>\n<meta property=\"og:title\" content=\"Splendore e gloria - Beatrice M\u00fcller\" \/>\n<meta property=\"og:description\" content=\"Gioielli esclusivi per tutti i sensi: questo \u00e8 ci\u00f2 che promette il nostro marchio di lusso Glanz und Gloria. I materiali selezionati garantiscono l&#039;unicit\u00e0.\" \/>\n<meta property=\"og:url\" content=\"https:\/\/beatrice-mueller.de\/it\/splendore-e-gloria\/\" \/>\n<meta property=\"og:site_name\" content=\"Beatrice M\u00fcller\" \/>\n<meta property=\"article:modified_time\" content=\"2025-09-24T15:55:46+00:00\" \/>\n<meta name=\"twitter:card\" content=\"summary_large_image\" \/>\n<meta name=\"twitter:label1\" content=\"Tempo di lettura stimato\" \/>\n\t<meta name=\"twitter:data1\" content=\"18 minuti\" \/>\n<script type=\"application\/ld+json\" class=\"yoast-schema-graph\">{\"@context\":\"https:\/\/schema.org\",\"@graph\":[{\"@type\":\"WebPage\",\"@id\":\"https:\/\/beatrice-mueller.de\/it\/splendore-e-gloria\/\",\"url\":\"https:\/\/beatrice-mueller.de\/it\/splendore-e-gloria\/\",\"name\":\"Splendore e gloria - Beatrice M\u00fcller\",\"isPartOf\":{\"@id\":\"https:\/\/beatrice-mueller.de\/it\/#website\"},\"datePublished\":\"2025-03-20T02:55:32+00:00\",\"dateModified\":\"2025-09-24T15:55:46+00:00\",\"description\":\"Gioielli esclusivi per tutti i sensi: questo \u00e8 ci\u00f2 che promette il nostro marchio di lusso Glanz und Gloria. I materiali selezionati garantiscono l'unicit\u00e0.\",\"breadcrumb\":{\"@id\":\"https:\/\/beatrice-mueller.de\/it\/splendore-e-gloria\/#breadcrumb\"},\"inLanguage\":\"it-IT\",\"potentialAction\":[{\"@type\":\"ReadAction\",\"target\":[\"https:\/\/beatrice-mueller.de\/it\/splendore-e-gloria\/\"]}]},{\"@type\":\"BreadcrumbList\",\"@id\":\"https:\/\/beatrice-mueller.de\/it\/splendore-e-gloria\/#breadcrumb\",\"itemListElement\":[{\"@type\":\"ListItem\",\"position\":1,\"name\":\"Startseite\",\"item\":\"https:\/\/beatrice-mueller.de\/it\/\"},{\"@type\":\"ListItem\",\"position\":2,\"name\":\"Splendore e gloria\"}]},{\"@type\":\"WebSite\",\"@id\":\"https:\/\/beatrice-mueller.de\/it\/#website\",\"url\":\"https:\/\/beatrice-mueller.de\/it\/\",\"name\":\"Beatrice M\u00fcller\",\"description\":\"Schmuckdesign\",\"potentialAction\":[{\"@type\":\"SearchAction\",\"target\":{\"@type\":\"EntryPoint\",\"urlTemplate\":\"https:\/\/beatrice-mueller.de\/it\/?s={search_term_string}\"},\"query-input\":{\"@type\":\"PropertyValueSpecification\",\"valueRequired\":true,\"valueName\":\"search_term_string\"}}],\"inLanguage\":\"it-IT\"}]}<\/script>\n<!-- \/ Yoast SEO plugin. -->","yoast_head_json":{"title":"Splendore e gloria - Beatrice M\u00fcller","description":"Gioielli esclusivi per tutti i sensi: questo \u00e8 ci\u00f2 che promette il nostro marchio di lusso Glanz und Gloria. I materiali selezionati garantiscono l'unicit\u00e0.","robots":{"index":"index","follow":"follow","max-snippet":"max-snippet:-1","max-image-preview":"max-image-preview:large","max-video-preview":"max-video-preview:-1"},"canonical":"https:\/\/beatrice-mueller.de\/it\/splendore-e-gloria\/","og_locale":"it_IT","og_type":"article","og_title":"Splendore e gloria - Beatrice M\u00fcller","og_description":"Gioielli esclusivi per tutti i sensi: questo \u00e8 ci\u00f2 che promette il nostro marchio di lusso Glanz und Gloria. I materiali selezionati garantiscono l'unicit\u00e0.","og_url":"https:\/\/beatrice-mueller.de\/it\/splendore-e-gloria\/","og_site_name":"Beatrice M\u00fcller","article_modified_time":"2025-09-24T15:55:46+00:00","twitter_card":"summary_large_image","twitter_misc":{"Tempo di lettura stimato":"18 minuti"},"schema":{"@context":"https:\/\/schema.org","@graph":[{"@type":"WebPage","@id":"https:\/\/beatrice-mueller.de\/it\/splendore-e-gloria\/","url":"https:\/\/beatrice-mueller.de\/it\/splendore-e-gloria\/","name":"Splendore e gloria - Beatrice M\u00fcller","isPartOf":{"@id":"https:\/\/beatrice-mueller.de\/it\/#website"},"datePublished":"2025-03-20T02:55:32+00:00","dateModified":"2025-09-24T15:55:46+00:00","description":"Gioielli esclusivi per tutti i sensi: questo \u00e8 ci\u00f2 che promette il nostro marchio di lusso Glanz und Gloria. I materiali selezionati garantiscono l'unicit\u00e0.","breadcrumb":{"@id":"https:\/\/beatrice-mueller.de\/it\/splendore-e-gloria\/#breadcrumb"},"inLanguage":"it-IT","potentialAction":[{"@type":"ReadAction","target":["https:\/\/beatrice-mueller.de\/it\/splendore-e-gloria\/"]}]},{"@type":"BreadcrumbList","@id":"https:\/\/beatrice-mueller.de\/it\/splendore-e-gloria\/#breadcrumb","itemListElement":[{"@type":"ListItem","position":1,"name":"Startseite","item":"https:\/\/beatrice-mueller.de\/it\/"},{"@type":"ListItem","position":2,"name":"Splendore e gloria"}]},{"@type":"WebSite","@id":"https:\/\/beatrice-mueller.de\/it\/#website","url":"https:\/\/beatrice-mueller.de\/it\/","name":"Beatrice M\u00fcller","description":"Schmuckdesign","potentialAction":[{"@type":"SearchAction","target":{"@type":"EntryPoint","urlTemplate":"https:\/\/beatrice-mueller.de\/it\/?s={search_term_string}"},"query-input":{"@type":"PropertyValueSpecification","valueRequired":true,"valueName":"search_term_string"}}],"inLanguage":"it-IT"}]}},"_links":{"self":[{"href":"https:\/\/beatrice-mueller.de\/it\/wp-json\/wp\/v2\/pages\/27582","targetHints":{"allow":["GET"]}}],"collection":[{"href":"https:\/\/beatrice-mueller.de\/it\/wp-json\/wp\/v2\/pages"}],"about":[{"href":"https:\/\/beatrice-mueller.de\/it\/wp-json\/wp\/v2\/types\/page"}],"author":[{"embeddable":true,"href":"https:\/\/beatrice-mueller.de\/it\/wp-json\/wp\/v2\/users\/1"}],"replies":[{"embeddable":true,"href":"https:\/\/beatrice-mueller.de\/it\/wp-json\/wp\/v2\/comments?post=27582"}],"version-history":[{"count":10,"href":"https:\/\/beatrice-mueller.de\/it\/wp-json\/wp\/v2\/pages\/27582\/revisions"}],"predecessor-version":[{"id":41099,"href":"https:\/\/beatrice-mueller.de\/it\/wp-json\/wp\/v2\/pages\/27582\/revisions\/41099"}],"wp:attachment":[{"href":"https:\/\/beatrice-mueller.de\/it\/wp-json\/wp\/v2\/media?parent=27582"}],"curies":[{"name":"wp","href":"https:\/\/api.w.org\/{rel}","templated":true}]}}