{"id":27615,"date":"2025-03-20T03:55:42","date_gmt":"2025-03-20T02:55:42","guid":{"rendered":"https:\/\/beatrice-mueller.de\/seminari-e-workshop-per-adulti\/"},"modified":"2025-03-20T03:55:43","modified_gmt":"2025-03-20T02:55:43","slug":"seminari-e-workshop-per-adulti","status":"publish","type":"page","link":"https:\/\/beatrice-mueller.de\/it\/seminari-e-workshop-per-adulti\/","title":{"rendered":"Seminari e workshop per adulti"},"content":{"rendered":"<div  class='flex_column av-pig8i-6b2f4cc07cde6ea6e490a8d9eb252e6a av_one_fifth  avia-builder-el-0  el_before_av_three_fifth  avia-builder-el-first  first flex_column_div  '     ><\/div>\n\n<style type=\"text\/css\" data-created_by=\"avia_inline_auto\" id=\"style-css-av-68r5tu-29d106f2cd5c493de9458253d666ea96\">\n.flex_column.av-68r5tu-29d106f2cd5c493de9458253d666ea96{\nborder-radius:0px 0px 0px 0px;\npadding:0px 0px 0px 0px;\n}\n<\/style>\n<div  class='flex_column av-68r5tu-29d106f2cd5c493de9458253d666ea96 av_three_fifth  avia-builder-el-1  el_after_av_one_fifth  el_before_av_one_fifth  flex_column_div av-zero-column-padding  '     ><style type=\"text\/css\" data-created_by=\"avia_inline_auto\" id=\"style-css-av-49t5du-ebac2086ef465080ef20e2d861cfe462\">\n.avia-image-container.av-49t5du-ebac2086ef465080ef20e2d861cfe462 img.avia_image{\nbox-shadow:none;\n}\n.avia-image-container.av-49t5du-ebac2086ef465080ef20e2d861cfe462 .av-image-caption-overlay-center{\ncolor:#ffffff;\n}\n<\/style>\n<div  class='avia-image-container av-49t5du-ebac2086ef465080ef20e2d861cfe462 av-styling- avia-align-center  avia-builder-el-2  avia-builder-el-no-sibling '   itemprop=\"image\" itemscope=\"itemscope\" itemtype=\"https:\/\/schema.org\/ImageObject\" ><div class=\"avia-image-container-inner\"><div class=\"avia-image-overlay-wrap\"><img decoding=\"async\" fetchpriority=\"high\" class='wp-image-35555 avia-img-lazy-loading-not-35555 avia_image ' src=\"https:\/\/beatrice-mueller.de\/wp-content\/uploads\/2020\/11\/beatrice-mueller-workshop.png\" alt='' title='beatrice-mueller-workshop'  height=\"932\" width=\"1728\"  itemprop=\"thumbnailUrl\" srcset=\"https:\/\/beatrice-mueller.de\/wp-content\/uploads\/2020\/11\/beatrice-mueller-workshop.png 1728w, https:\/\/beatrice-mueller.de\/wp-content\/uploads\/2020\/11\/beatrice-mueller-workshop-600x324.png 600w, https:\/\/beatrice-mueller.de\/wp-content\/uploads\/2020\/11\/beatrice-mueller-workshop-300x162.png 300w, https:\/\/beatrice-mueller.de\/wp-content\/uploads\/2020\/11\/beatrice-mueller-workshop-1030x556.png 1030w, https:\/\/beatrice-mueller.de\/wp-content\/uploads\/2020\/11\/beatrice-mueller-workshop-768x414.png 768w, https:\/\/beatrice-mueller.de\/wp-content\/uploads\/2020\/11\/beatrice-mueller-workshop-1536x828.png 1536w, https:\/\/beatrice-mueller.de\/wp-content\/uploads\/2020\/11\/beatrice-mueller-workshop-1500x809.png 1500w, https:\/\/beatrice-mueller.de\/wp-content\/uploads\/2020\/11\/beatrice-mueller-workshop-705x380.png 705w\" sizes=\"(max-width: 1728px) 100vw, 1728px\" \/><\/div><\/div><\/div><\/div>\n<div  class='flex_column av-2k0zxu-4be8b2acd34e154c033bd34e10e14c89 av_one_fifth  avia-builder-el-3  el_after_av_three_fifth  el_before_av_one_full  flex_column_div  '     ><\/div>\n<div  class='flex_column av-f9kwy-787352be0a68332890a13108991f8f57 av_one_full  avia-builder-el-4  el_after_av_one_fifth  el_before_av_one_half  first flex_column_div  column-top-margin'     ><style type=\"text\/css\" data-created_by=\"avia_inline_auto\" id=\"style-css-av-kw44menj-07ef6dbd9b75f8c8c783a251698e1c5b\">\n#top .av-special-heading.av-kw44menj-07ef6dbd9b75f8c8c783a251698e1c5b{\npadding-bottom:10px;\n}\nbody .av-special-heading.av-kw44menj-07ef6dbd9b75f8c8c783a251698e1c5b .av-special-heading-tag .heading-char{\nfont-size:25px;\n}\n.av-special-heading.av-kw44menj-07ef6dbd9b75f8c8c783a251698e1c5b .av-subheading{\nfont-size:15px;\n}\n<\/style>\n<div  class='av-special-heading av-kw44menj-07ef6dbd9b75f8c8c783a251698e1c5b av-special-heading-h1 blockquote modern-quote  avia-builder-el-5  avia-builder-el-no-sibling '><h1 class='av-special-heading-tag '  itemprop=\"headline\"  >SEMINARI E WORKSHOP PER ADULTI<\/h1><div class=\"special-heading-border\"><div class=\"special-heading-inner-border\"><\/div><\/div><\/div><\/div><div  class='flex_column av-5vup5e-8f3742f3152370af499f7bda140549c3 av_one_half  avia-builder-el-6  el_after_av_one_full  el_before_av_one_half  first flex_column_div  column-top-margin'     ><section  class='av_textblock_section av-lzi6v8gw-47c6542b853443c884107fd1b9ad2f80 '   itemscope=\"itemscope\" itemtype=\"https:\/\/schema.org\/CreativeWork\" ><div class='avia_textblock'  itemprop=\"text\" ><p>Beatrice M\u00fcller \u00e8 una rinomata maestra orafa e designer di gioielli, ma anche imprenditrice, madre e persona privata: ha alle spalle una carriera ricca di successi e di esperienza. Doveva anche trovare un modo per gestire lo stress, trovare il modo giusto e positivo di comunicare e trovare costantemente nuove motivazioni per il suo lavoro. Si \u00e8 occupata intensamente di questi argomenti e ha sviluppato strategie per identificare ed eliminare i fattori di stress sia nella vita professionale che in quella privata. Uno dei suoi segreti del successo \u00e8 affrontare i suoi compiti ogni giorno con energia e gioia.   <\/p>\n<p>Beatrice M\u00fcller condivide le sue conoscenze, strategie ed esperienze su questi argomenti anche nei seminari.<\/p>\n<p>Un seminario per tutti, ma non con Beatrice M\u00fcller. Entrambi gli argomenti non riguardano solo gli imprenditori. Ma anche i bambini e i ragazzi, i genitori e molti gruppi professionali si confrontano quotidianamente con fattori di stress e hanno bisogno di trovare nuove motivazioni. Per questo motivo Beatrice M\u00fcller adatta sempre il contenuto dei suoi seminari al gruppo target. Ma non \u00e8 solo il contenuto, bens\u00ec anche il suo approccio coinvolgente e sensibile, il suo rapporto personale e i suoi amici che condividono la loro conoscenza a rendere un seminario di Beatrice M\u00fcller un&#8217;esperienza &#8220;istruttiva&#8221; e duratura.<\/p>\n<\/div><\/section><\/div><div  class='flex_column av-h78mq-62bf7ce239941b17bcde094ec3b761a2 av_one_half  avia-builder-el-8  el_after_av_one_half  el_before_av_one_full  flex_column_div  column-top-margin'     ><section  class='av_textblock_section av-lzi6vo2a-9fb7bb507326bba24efd5d56fa193aed '   itemscope=\"itemscope\" itemtype=\"https:\/\/schema.org\/CreativeWork\" ><div class='avia_textblock'  itemprop=\"text\" ><p><strong>Scopri Beatrice M\u00fcller in un seminario sul tema:<\/strong><\/p>\n<p> <strong>Beatrice M\u00fcller offre seminari per diversi gruppi target:<\/strong><\/p>\n<p> <strong>Sei interessato a un seminario di Beatrice M\u00fcller?<\/strong><\/p>\n<p> Contattateci: insieme a voi stabiliremo le condizioni quadro pi\u00f9 adatte a voi.<\/p>\n<p> E-mail: info@schmuck-design-objekte.de<\/p>\n<\/div><\/section><\/div><div  class='flex_column av-8d60i-87b05e7629ea5185ad07da8739b2ed80 av_one_full  avia-builder-el-10  el_after_av_one_half  el_before_av_textblock  first flex_column_div  column-top-margin'     ><style type=\"text\/css\" data-created_by=\"avia_inline_auto\" id=\"style-css-av-kw4v8tdu-5424a306a34bf555ee1274c50f7e74c9\">\n#top .av-special-heading.av-kw4v8tdu-5424a306a34bf555ee1274c50f7e74c9{\npadding-bottom:10px;\n}\nbody .av-special-heading.av-kw4v8tdu-5424a306a34bf555ee1274c50f7e74c9 .av-special-heading-tag .heading-char{\nfont-size:25px;\n}\n.av-special-heading.av-kw4v8tdu-5424a306a34bf555ee1274c50f7e74c9 .av-subheading{\nfont-size:15px;\n}\n<\/style>\n<div  class='av-special-heading av-kw4v8tdu-5424a306a34bf555ee1274c50f7e74c9 av-special-heading-h2 blockquote modern-quote  avia-builder-el-11  avia-builder-el-no-sibling '><h2 class='av-special-heading-tag '  itemprop=\"headline\"  >Laboratorio NO STRESS per bambini e ragazzi<\/h2><div class=\"special-heading-border\"><div class=\"special-heading-inner-border\"><\/div><\/div><\/div><\/div><section  class='av_textblock_section av-kw4v9r7g-a6b45022d03cc2646dd054920a012bee '   itemscope=\"itemscope\" itemtype=\"https:\/\/schema.org\/CreativeWork\" ><div class='avia_textblock'  itemprop=\"text\" ><p>Beatrice M\u00fcller porta NO STRESS nelle scuole e riflette con gli studenti su ci\u00f2 che scatena lo stress.<\/p>\n<p>Insieme ai bambini e ai ragazzi scoprirete come creare un equilibrio con lo stress attraverso la calma e la risolutezza, in modo che lo stress perda importanza e peso.<\/p>\n<p>Il mentore lavora con il simbolo del filo conduttore, che forma ripetutamente interfacce. Attraverso la percezione consapevole e la riflessione della propria situazione di vita, tali \u201cinterfacce X\u201d possono essere riconosciute e quindi agite consapevolmente. <\/p>\n<p>Puoi decidere tu stesso:<\/p>\n<\/div><\/section><\/p>\n\n<style type=\"text\/css\" data-created_by=\"avia_inline_auto\" id=\"style-css-av-iro89e-cbbd3d903bed98d0bccfa859960a800c\">\n.avia-image-container.av-iro89e-cbbd3d903bed98d0bccfa859960a800c img.avia_image{\nbox-shadow:none;\n}\n.avia-image-container.av-iro89e-cbbd3d903bed98d0bccfa859960a800c .av-image-caption-overlay-center{\ncolor:#ffffff;\n}\n<\/style>\n<div  class='avia-image-container av-iro89e-cbbd3d903bed98d0bccfa859960a800c av-styling- avia-align-center  avia-builder-el-13  el_after_av_textblock  el_before_av_textblock '   itemprop=\"image\" itemscope=\"itemscope\" itemtype=\"https:\/\/schema.org\/ImageObject\" ><div class=\"avia-image-container-inner\"><div class=\"avia-image-overlay-wrap\"><img decoding=\"async\" fetchpriority=\"high\" class='wp-image-35567 avia-img-lazy-loading-not-35567 avia_image ' src=\"https:\/\/beatrice-mueller.de\/wp-content\/uploads\/2020\/11\/no-stress-entscheidung-300x194.png\" alt='' title='no-stress-entscheidung'  height=\"194\" width=\"300\"  itemprop=\"thumbnailUrl\" srcset=\"https:\/\/beatrice-mueller.de\/wp-content\/uploads\/2020\/11\/no-stress-entscheidung-300x194.png 300w, https:\/\/beatrice-mueller.de\/wp-content\/uploads\/2020\/11\/no-stress-entscheidung-600x387.png 600w, https:\/\/beatrice-mueller.de\/wp-content\/uploads\/2020\/11\/no-stress-entscheidung-768x496.png 768w, https:\/\/beatrice-mueller.de\/wp-content\/uploads\/2020\/11\/no-stress-entscheidung-705x455.png 705w, https:\/\/beatrice-mueller.de\/wp-content\/uploads\/2020\/11\/no-stress-entscheidung.png 832w\" sizes=\"(max-width: 300px) 100vw, 300px\" \/><\/div><\/div><\/div>\n<section  class='av_textblock_section av-kw4va6h5-fd6694764eed369947485beed97d6986 '   itemscope=\"itemscope\" itemtype=\"https:\/\/schema.org\/CreativeWork\" ><div class='avia_textblock'  itemprop=\"text\" ><p>Interfacce X NO STRESS:<br \/>\n Se seguiamo consapevolmente il filo conduttore della nostra vita, incontreremo ripetutamente interfacce X dinamiche in cui si aprono per noi nuovi percorsi, possibilit\u00e0 e stati: in questi punti possiamo riorientarci e decidere di cambiare direzione o, in modo del tutto consapevole, continuare nelle direzioni in cui stiamo gi\u00e0 vivendo.<\/p>\n<\/div><\/section>\n<div class='flex_column_table av-1g564i-1d4a0c0b1c9846ada74e8068ca752349 sc-av_one_fifth av-equal-height-column-flextable'>\n<style type=\"text\/css\" data-created_by=\"avia_inline_auto\" id=\"style-css-av-1g564i-1d4a0c0b1c9846ada74e8068ca752349\">\n.flex_column.av-1g564i-1d4a0c0b1c9846ada74e8068ca752349{\nborder-radius:0px 0px 0px 0px;\npadding:0px 0px 0px 0px;\n}\n<\/style>\n<div  class='flex_column av-1g564i-1d4a0c0b1c9846ada74e8068ca752349 av_one_fifth  avia-builder-el-15  el_after_av_textblock  el_before_av_one_fifth  first no_margin flex_column_table_cell av-equal-height-column av-align-top av-zero-column-padding  column-top-margin'     ><style type=\"text\/css\" data-created_by=\"avia_inline_auto\" id=\"style-css-av-98ah42-f5d7843af08c2f100f740afb0a04f179\">\n.avia-image-container.av-98ah42-f5d7843af08c2f100f740afb0a04f179 img.avia_image{\nbox-shadow:none;\n}\n.avia-image-container.av-98ah42-f5d7843af08c2f100f740afb0a04f179 .av-image-caption-overlay-center{\ncolor:#ffffff;\n}\n<\/style>\n<div  class='avia-image-container av-98ah42-f5d7843af08c2f100f740afb0a04f179 av-styling- av-img-linked avia-align-center  avia-builder-el-16  avia-builder-el-no-sibling '   itemprop=\"image\" itemscope=\"itemscope\" itemtype=\"https:\/\/schema.org\/ImageObject\" ><div class=\"avia-image-container-inner\"><div class=\"avia-image-overlay-wrap\"><a href=\"scatola luminosa\" class='avia_image '  ><img decoding=\"async\" fetchpriority=\"high\" class='wp-image- avia-img-lazy-loading-not- avia_image ' src=\"https:\/\/beatrice-mueller.de\/wp-content\/uploads\/no-stress-team-495x400-1.png\" alt='' title=''   itemprop=\"thumbnailUrl\"  \/><\/a><\/div><\/div><\/div><\/div>\n\n<style type=\"text\/css\" data-created_by=\"avia_inline_auto\" id=\"style-css-av-1q8gtu-1eb5b9b5f0ae9169cc3a3e90fdafb5e3\">\n.flex_column.av-1q8gtu-1eb5b9b5f0ae9169cc3a3e90fdafb5e3{\nborder-radius:0px 0px 0px 0px;\npadding:0px 0px 0px 0px;\n}\n<\/style>\n<div  class='flex_column av-1q8gtu-1eb5b9b5f0ae9169cc3a3e90fdafb5e3 av_one_fifth  avia-builder-el-17  el_after_av_one_fifth  el_before_av_one_fifth  no_margin flex_column_table_cell av-equal-height-column av-align-top av-zero-column-padding  column-top-margin'     ><style type=\"text\/css\" data-created_by=\"avia_inline_auto\" id=\"style-css-av-fr9mfm-63f68f10a3ed970dbdc4e9c127c7f5ff\">\n.avia-image-container.av-fr9mfm-63f68f10a3ed970dbdc4e9c127c7f5ff img.avia_image{\nbox-shadow:none;\n}\n.avia-image-container.av-fr9mfm-63f68f10a3ed970dbdc4e9c127c7f5ff .av-image-caption-overlay-center{\ncolor:#ffffff;\n}\n<\/style>\n<div  class='avia-image-container av-fr9mfm-63f68f10a3ed970dbdc4e9c127c7f5ff av-styling- av-img-linked avia-align-center  avia-builder-el-18  avia-builder-el-no-sibling '   itemprop=\"image\" itemscope=\"itemscope\" itemtype=\"https:\/\/schema.org\/ImageObject\" ><div class=\"avia-image-container-inner\"><div class=\"avia-image-overlay-wrap\"><a href=\"scatola luminosa\" class='avia_image '  aria-label='Workshop-1'><img decoding=\"async\" fetchpriority=\"high\" class='wp-image-35561 avia-img-lazy-loading-not-35561 avia_image ' src=\"https:\/\/beatrice-mueller.de\/wp-content\/uploads\/2020\/11\/Workshop-1-495x400.jpg\" alt='' title='Workshop-1'  height=\"400\" width=\"495\"  itemprop=\"thumbnailUrl\"  \/><\/a><\/div><\/div><\/div><\/div>\n\n<style type=\"text\/css\" data-created_by=\"avia_inline_auto\" id=\"style-css-av-b32vr6-fd8c932686eb3596a8ac4ae14d2afff8\">\n.flex_column.av-b32vr6-fd8c932686eb3596a8ac4ae14d2afff8{\nborder-radius:0px 0px 0px 0px;\npadding:0px 0px 0px 0px;\n}\n<\/style>\n<div  class='flex_column av-b32vr6-fd8c932686eb3596a8ac4ae14d2afff8 av_one_fifth  avia-builder-el-19  el_after_av_one_fifth  el_before_av_one_fifth  no_margin flex_column_table_cell av-equal-height-column av-align-top av-zero-column-padding  column-top-margin'     ><style type=\"text\/css\" data-created_by=\"avia_inline_auto\" id=\"style-css-av-clh1ky-0f12f2e67dba47c1398b7eb5e608941c\">\n.avia-image-container.av-clh1ky-0f12f2e67dba47c1398b7eb5e608941c img.avia_image{\nbox-shadow:none;\n}\n.avia-image-container.av-clh1ky-0f12f2e67dba47c1398b7eb5e608941c .av-image-caption-overlay-center{\ncolor:#ffffff;\n}\n<\/style>\n<div  class='avia-image-container av-clh1ky-0f12f2e67dba47c1398b7eb5e608941c av-styling- av-img-linked avia-align-center  avia-builder-el-20  avia-builder-el-no-sibling '   itemprop=\"image\" itemscope=\"itemscope\" itemtype=\"https:\/\/schema.org\/ImageObject\" ><div class=\"avia-image-container-inner\"><div class=\"avia-image-overlay-wrap\"><a href=\"scatola luminosa\" class='avia_image '  aria-label='no-stress-team'><img decoding=\"async\" fetchpriority=\"high\" class='wp-image-35565 avia-img-lazy-loading-not-35565 avia_image ' src=\"https:\/\/beatrice-mueller.de\/wp-content\/uploads\/2020\/11\/no-stress-team-495x400.jpg\" alt='' title='no-stress-team'  height=\"400\" width=\"495\"  itemprop=\"thumbnailUrl\" srcset=\"https:\/\/beatrice-mueller.de\/wp-content\/uploads\/2020\/11\/no-stress-team-495x400.jpg 495w, https:\/\/beatrice-mueller.de\/wp-content\/uploads\/2020\/11\/no-stress-team-845x684.jpg 845w\" sizes=\"(max-width: 495px) 100vw, 495px\" \/><\/a><\/div><\/div><\/div><\/div>\n\n<style type=\"text\/css\" data-created_by=\"avia_inline_auto\" id=\"style-css-av-730mia-58bc3092d8fc62cda25bdfb1e9473656\">\n.flex_column.av-730mia-58bc3092d8fc62cda25bdfb1e9473656{\nborder-radius:0px 0px 0px 0px;\npadding:0px 0px 0px 0px;\n}\n<\/style>\n<div  class='flex_column av-730mia-58bc3092d8fc62cda25bdfb1e9473656 av_one_fifth  avia-builder-el-21  el_after_av_one_fifth  el_before_av_one_fifth  no_margin flex_column_table_cell av-equal-height-column av-align-top av-zero-column-padding  column-top-margin'     ><style type=\"text\/css\" data-created_by=\"avia_inline_auto\" id=\"style-css-av-5xxxhe-94071fa3c31d5b880341c4e54c686faa\">\n.avia-image-container.av-5xxxhe-94071fa3c31d5b880341c4e54c686faa img.avia_image{\nbox-shadow:none;\n}\n.avia-image-container.av-5xxxhe-94071fa3c31d5b880341c4e54c686faa .av-image-caption-overlay-center{\ncolor:#ffffff;\n}\n<\/style>\n<div  class='avia-image-container av-5xxxhe-94071fa3c31d5b880341c4e54c686faa av-styling- av-img-linked avia-align-center  avia-builder-el-22  avia-builder-el-no-sibling '   itemprop=\"image\" itemscope=\"itemscope\" itemtype=\"https:\/\/schema.org\/ImageObject\" ><div class=\"avia-image-container-inner\"><div class=\"avia-image-overlay-wrap\"><a href=\"scatola luminosa\" class='avia_image '  aria-label='Stadt-Verfuerung-1'><img decoding=\"async\" fetchpriority=\"high\" class='wp-image-35559 avia-img-lazy-loading-not-35559 avia_image ' src=\"https:\/\/beatrice-mueller.de\/wp-content\/uploads\/2020\/11\/Stadt-Verfuerung-1-495x400.jpg\" alt='' title='Stadt-Verfuerung-1'  height=\"400\" width=\"495\"  itemprop=\"thumbnailUrl\"  \/><\/a><\/div><\/div><\/div><\/div>\n\n<style type=\"text\/css\" data-created_by=\"avia_inline_auto\" id=\"style-css-av-4d26ci-6f052232319df898ad4cdaa57c02b0c1\">\n.flex_column.av-4d26ci-6f052232319df898ad4cdaa57c02b0c1{\nborder-radius:0px 0px 0px 0px;\npadding:0px 0px 0px 0px;\n}\n<\/style>\n<div  class='flex_column av-4d26ci-6f052232319df898ad4cdaa57c02b0c1 av_one_fifth  avia-builder-el-23  el_after_av_one_fifth  avia-builder-el-last  no_margin flex_column_table_cell av-equal-height-column av-align-top av-zero-column-padding  column-top-margin'     ><style type=\"text\/css\" data-created_by=\"avia_inline_auto\" id=\"style-css-av-1tocpe-fda24f569169c1234fa9f61c28cdebf1\">\n.avia-image-container.av-1tocpe-fda24f569169c1234fa9f61c28cdebf1 img.avia_image{\nbox-shadow:none;\n}\n.avia-image-container.av-1tocpe-fda24f569169c1234fa9f61c28cdebf1 .av-image-caption-overlay-center{\ncolor:#ffffff;\n}\n<\/style>\n<div  class='avia-image-container av-1tocpe-fda24f569169c1234fa9f61c28cdebf1 av-styling- av-img-linked avia-align-center  avia-builder-el-24  avia-builder-el-no-sibling '   itemprop=\"image\" itemscope=\"itemscope\" itemtype=\"https:\/\/schema.org\/ImageObject\" ><div class=\"avia-image-container-inner\"><div class=\"avia-image-overlay-wrap\"><a href=\"scatola luminosa\" class='avia_image '  aria-label='Stadt-Verfuerung'><img decoding=\"async\" fetchpriority=\"high\" class='wp-image-35557 avia-img-lazy-loading-not-35557 avia_image ' src=\"https:\/\/beatrice-mueller.de\/wp-content\/uploads\/2020\/11\/Stadt-Verfuerung-495x400.jpg\" alt='' title='Stadt-Verfuerung'  height=\"400\" width=\"495\"  itemprop=\"thumbnailUrl\" srcset=\"https:\/\/beatrice-mueller.de\/wp-content\/uploads\/2020\/11\/Stadt-Verfuerung-495x400.jpg 495w, https:\/\/beatrice-mueller.de\/wp-content\/uploads\/2020\/11\/Stadt-Verfuerung-845x684.jpg 845w\" sizes=\"(max-width: 495px) 100vw, 495px\" \/><\/a><\/div><\/div><\/div><\/div><\/div><!--close column table wrapper. Autoclose: 1 -->\n","protected":false},"excerpt":{"rendered":"","protected":false},"author":1,"featured_media":0,"parent":0,"menu_order":0,"comment_status":"closed","ping_status":"closed","template":"","meta":{"_glsr_average":0,"_glsr_ranking":0,"_glsr_reviews":0,"footnotes":""},"class_list":["post-27615","page","type-page","status-publish","hentry"],"yoast_head":"<!-- This site is optimized with the Yoast SEO plugin v25.6 - https:\/\/yoast.com\/wordpress\/plugins\/seo\/ -->\n<title>Seminari e workshop per adulti - Beatrice M\u00fcller<\/title>\n<meta name=\"robots\" content=\"index, follow, max-snippet:-1, max-image-preview:large, max-video-preview:-1\" \/>\n<link rel=\"canonical\" href=\"https:\/\/beatrice-mueller.de\/it\/seminari-e-workshop-per-adulti\/\" \/>\n<meta property=\"og:locale\" content=\"it_IT\" \/>\n<meta property=\"og:type\" content=\"article\" \/>\n<meta property=\"og:title\" content=\"Seminari e workshop per adulti - Beatrice M\u00fcller\" \/>\n<meta property=\"og:url\" content=\"https:\/\/beatrice-mueller.de\/it\/seminari-e-workshop-per-adulti\/\" \/>\n<meta property=\"og:site_name\" content=\"Beatrice M\u00fcller\" \/>\n<meta property=\"article:modified_time\" content=\"2025-03-20T02:55:43+00:00\" \/>\n<meta name=\"twitter:card\" content=\"summary_large_image\" \/>\n<meta name=\"twitter:label1\" content=\"Tempo di lettura stimato\" \/>\n\t<meta name=\"twitter:data1\" content=\"25 minuti\" \/>\n<script type=\"application\/ld+json\" class=\"yoast-schema-graph\">{\"@context\":\"https:\/\/schema.org\",\"@graph\":[{\"@type\":\"WebPage\",\"@id\":\"https:\/\/beatrice-mueller.de\/it\/seminari-e-workshop-per-adulti\/\",\"url\":\"https:\/\/beatrice-mueller.de\/it\/seminari-e-workshop-per-adulti\/\",\"name\":\"Seminari e workshop per adulti - Beatrice M\u00fcller\",\"isPartOf\":{\"@id\":\"https:\/\/beatrice-mueller.de\/it\/#website\"},\"datePublished\":\"2025-03-20T02:55:42+00:00\",\"dateModified\":\"2025-03-20T02:55:43+00:00\",\"breadcrumb\":{\"@id\":\"https:\/\/beatrice-mueller.de\/it\/seminari-e-workshop-per-adulti\/#breadcrumb\"},\"inLanguage\":\"it-IT\",\"potentialAction\":[{\"@type\":\"ReadAction\",\"target\":[\"https:\/\/beatrice-mueller.de\/it\/seminari-e-workshop-per-adulti\/\"]}]},{\"@type\":\"BreadcrumbList\",\"@id\":\"https:\/\/beatrice-mueller.de\/it\/seminari-e-workshop-per-adulti\/#breadcrumb\",\"itemListElement\":[{\"@type\":\"ListItem\",\"position\":1,\"name\":\"Startseite\",\"item\":\"https:\/\/beatrice-mueller.de\/it\/\"},{\"@type\":\"ListItem\",\"position\":2,\"name\":\"Seminari e workshop per adulti\"}]},{\"@type\":\"WebSite\",\"@id\":\"https:\/\/beatrice-mueller.de\/it\/#website\",\"url\":\"https:\/\/beatrice-mueller.de\/it\/\",\"name\":\"Beatrice M\u00fcller\",\"description\":\"Schmuckdesign\",\"potentialAction\":[{\"@type\":\"SearchAction\",\"target\":{\"@type\":\"EntryPoint\",\"urlTemplate\":\"https:\/\/beatrice-mueller.de\/it\/?s={search_term_string}\"},\"query-input\":{\"@type\":\"PropertyValueSpecification\",\"valueRequired\":true,\"valueName\":\"search_term_string\"}}],\"inLanguage\":\"it-IT\"}]}<\/script>\n<!-- \/ Yoast SEO plugin. -->","yoast_head_json":{"title":"Seminari e workshop per adulti - Beatrice M\u00fcller","robots":{"index":"index","follow":"follow","max-snippet":"max-snippet:-1","max-image-preview":"max-image-preview:large","max-video-preview":"max-video-preview:-1"},"canonical":"https:\/\/beatrice-mueller.de\/it\/seminari-e-workshop-per-adulti\/","og_locale":"it_IT","og_type":"article","og_title":"Seminari e workshop per adulti - Beatrice M\u00fcller","og_url":"https:\/\/beatrice-mueller.de\/it\/seminari-e-workshop-per-adulti\/","og_site_name":"Beatrice M\u00fcller","article_modified_time":"2025-03-20T02:55:43+00:00","twitter_card":"summary_large_image","twitter_misc":{"Tempo di lettura stimato":"25 minuti"},"schema":{"@context":"https:\/\/schema.org","@graph":[{"@type":"WebPage","@id":"https:\/\/beatrice-mueller.de\/it\/seminari-e-workshop-per-adulti\/","url":"https:\/\/beatrice-mueller.de\/it\/seminari-e-workshop-per-adulti\/","name":"Seminari e workshop per adulti - Beatrice M\u00fcller","isPartOf":{"@id":"https:\/\/beatrice-mueller.de\/it\/#website"},"datePublished":"2025-03-20T02:55:42+00:00","dateModified":"2025-03-20T02:55:43+00:00","breadcrumb":{"@id":"https:\/\/beatrice-mueller.de\/it\/seminari-e-workshop-per-adulti\/#breadcrumb"},"inLanguage":"it-IT","potentialAction":[{"@type":"ReadAction","target":["https:\/\/beatrice-mueller.de\/it\/seminari-e-workshop-per-adulti\/"]}]},{"@type":"BreadcrumbList","@id":"https:\/\/beatrice-mueller.de\/it\/seminari-e-workshop-per-adulti\/#breadcrumb","itemListElement":[{"@type":"ListItem","position":1,"name":"Startseite","item":"https:\/\/beatrice-mueller.de\/it\/"},{"@type":"ListItem","position":2,"name":"Seminari e workshop per adulti"}]},{"@type":"WebSite","@id":"https:\/\/beatrice-mueller.de\/it\/#website","url":"https:\/\/beatrice-mueller.de\/it\/","name":"Beatrice M\u00fcller","description":"Schmuckdesign","potentialAction":[{"@type":"SearchAction","target":{"@type":"EntryPoint","urlTemplate":"https:\/\/beatrice-mueller.de\/it\/?s={search_term_string}"},"query-input":{"@type":"PropertyValueSpecification","valueRequired":true,"valueName":"search_term_string"}}],"inLanguage":"it-IT"}]}},"_links":{"self":[{"href":"https:\/\/beatrice-mueller.de\/it\/wp-json\/wp\/v2\/pages\/27615","targetHints":{"allow":["GET"]}}],"collection":[{"href":"https:\/\/beatrice-mueller.de\/it\/wp-json\/wp\/v2\/pages"}],"about":[{"href":"https:\/\/beatrice-mueller.de\/it\/wp-json\/wp\/v2\/types\/page"}],"author":[{"embeddable":true,"href":"https:\/\/beatrice-mueller.de\/it\/wp-json\/wp\/v2\/users\/1"}],"replies":[{"embeddable":true,"href":"https:\/\/beatrice-mueller.de\/it\/wp-json\/wp\/v2\/comments?post=27615"}],"version-history":[{"count":1,"href":"https:\/\/beatrice-mueller.de\/it\/wp-json\/wp\/v2\/pages\/27615\/revisions"}],"predecessor-version":[{"id":27622,"href":"https:\/\/beatrice-mueller.de\/it\/wp-json\/wp\/v2\/pages\/27615\/revisions\/27622"}],"wp:attachment":[{"href":"https:\/\/beatrice-mueller.de\/it\/wp-json\/wp\/v2\/media?parent=27615"}],"curies":[{"name":"wp","href":"https:\/\/api.w.org\/{rel}","templated":true}]}}