{"id":20490,"date":"2025-02-16T12:56:09","date_gmt":"2025-02-16T11:56:09","guid":{"rendered":"https:\/\/beatrice-mueller.de\/produkt\/bracciale-rose-argento-925-placcato-palladio-bianco-placcato-oro-giallo-platino-placcato-oro-rosa-platino\/"},"modified":"2025-02-16T12:56:09","modified_gmt":"2025-02-16T11:56:09","slug":"bracciale-rose-argento-925-placcato-palladio-bianco-placcato-oro-giallo-platino-placcato-oro-rosa-platino","status":"publish","type":"product","link":"https:\/\/beatrice-mueller.de\/it\/prodotto\/bracciale-rose-argento-925-placcato-palladio-bianco-placcato-oro-giallo-platino-placcato-oro-rosa-platino\/","title":{"rendered":"Bracciale ROSE Argento 925 placcato palladio bianco \/ placcato oro giallo platino \/ placcato oro rosa platino"},"content":{"rendered":"<p>Nobile e delicatamente profumata, la rosa \u00e8 uno dei fiori pi\u00f9 amati in assoluto. \u00c8 il simbolo della bellezza e dell&#8217;amore ed \u00e8 sempre magnifica da guardare. Questo pendente fatto a mano non ha nulla da invidiare all&#8217;originale ed \u00e8 perfetto come elegante gioiello.  <\/p>\n<div class=\"product--description\">\n<p>&nbsp;<\/p>\n<p><span style=\"text-decoration: underline\">Caratteristiche:<\/span><\/p>\n<p><span style=\"color: #ff0000\">\u2718<\/span> Aspetto naturale e unico con petali in filigrana forgiati a mano.<\/p>\n<p><span style=\"color: #ff0000\">\u2718<\/span> Appendere sul retro in modo che la rosa possa essere esposta completamente.<\/p>\n<p><span style=\"color: #ff0000\">\u2718<\/span> Superficie liscia e altamente lucidata per una sensazione di comfort.<\/p>\n<table border=\"0\">\n<tbody>\n<tr>\n<td><span data-mce-mark=\"1\"><strong>piastrine materiali<br \/>\n<\/strong><\/span><\/td>\n<td><span data-mce-mark=\"1\">Argento 925 placcato palladio bianco \/ oro giallo \/ oro rosa placcato platino<\/span><\/td>\n<\/tr>\n<tr>\n<td><span data-mce-mark=\"1\"><strong>superficie<\/strong><\/span><\/td>\n<td><span data-mce-mark=\"1\">lucido<\/span><\/td>\n<\/tr>\n<tr>\n<td><span data-mce-mark=\"1\"><strong>banda<\/strong><\/span><\/td>\n<td><span data-mce-mark=\"1\">filato industriale, antistrappo<br \/>\n<\/span><\/td>\n<\/tr>\n<\/tbody>\n<\/table>\n<\/div>\n","protected":false},"excerpt":{"rendered":"<p>Nobile e delicatamente profumata, la rosa \u00e8 uno dei fiori pi\u00f9 amati in assoluto. \u00c8 il simbolo della bellezza e dell&#8217;amore ed \u00e8 sempre magnifica da guardare. Questo pendente fatto a mano non ha nulla da invidiare all&#8217;originale ed \u00e8 perfetto come elegante gioiello. &nbsp; Caratteristiche: \u2718 Aspetto naturale e unico con petali in filigrana [&hellip;]<\/p>\n","protected":false},"featured_media":20603,"comment_status":"closed","ping_status":"closed","template":"","meta":{"_glsr_average":0,"_glsr_ranking":0,"_glsr_reviews":0},"product_brand":[],"product_cat":[568],"product_tag":[569,561],"class_list":{"0":"post-20490","1":"product","2":"type-product","3":"status-publish","4":"has-post-thumbnail","6":"product_cat-braccialetto","7":"product_tag-bracciali","8":"product_tag-progettazione-x","9":"pa_fadenfarbe-ametista","10":"pa_fadenfarbe-beige-it","11":"pa_fadenfarbe-blu","12":"pa_fadenfarbe-blu-scuro","13":"pa_fadenfarbe-caccia-verde","14":"pa_fadenfarbe-giallo","15":"pa_fadenfarbe-grigio","16":"pa_fadenfarbe-nero","17":"pa_fadenfarbe-olive-it-2","18":"pa_fadenfarbe-rosa-scuro","19":"pa_fadenfarbe-rosso","20":"pa_fadenfarbe-rosso-corallo","21":"pa_fadenfarbe-rosso-granato","22":"pa_fadenfarbe-turchese","23":"pa_fadenfarbe-verde","24":"pa_fadenfarbe-viola","25":"pa_marke-x-design-it-2","26":"pa_material-925-silber-gelb-platiniert-it-2","27":"pa_material-925-silber-rot-platiniert-it-2","28":"pa_material-925-silber-weiss-palladiniert-it-2","30":"first","31":"instock","32":"taxable","33":"shipping-taxable","34":"purchasable","35":"product-type-variable"},"exclude_global_add_ons":[],"addons":[],"yoast_head":"<!-- This site is optimized with the Yoast SEO plugin v25.6 - https:\/\/yoast.com\/wordpress\/plugins\/seo\/ -->\n<title>Bracciale ROSE Argento 925 placcato palladio bianco \/ placcato oro giallo platino \/ placcato oro rosa platino - Beatrice M\u00fcller<\/title>\n<meta name=\"robots\" content=\"index, follow, max-snippet:-1, max-image-preview:large, max-video-preview:-1\" \/>\n<link rel=\"canonical\" href=\"https:\/\/beatrice-mueller.de\/it\/prodotto\/bracciale-rose-argento-925-placcato-palladio-bianco-placcato-oro-giallo-platino-placcato-oro-rosa-platino\/\" \/>\n<meta property=\"og:locale\" content=\"it_IT\" \/>\n<meta property=\"og:type\" content=\"article\" \/>\n<meta property=\"og:title\" content=\"Bracciale ROSE Argento 925 placcato palladio bianco \/ placcato oro giallo platino \/ placcato oro rosa platino - Beatrice M\u00fcller\" \/>\n<meta property=\"og:description\" content=\"Nobile e delicatamente profumata, la rosa \u00e8 uno dei fiori pi\u00f9 amati in assoluto. \u00c8 il simbolo della bellezza e dell&#8217;amore ed \u00e8 sempre magnifica da guardare. Questo pendente fatto a mano non ha nulla da invidiare all&#8217;originale ed \u00e8 perfetto come elegante gioiello. &nbsp; Caratteristiche: \u2718 Aspetto naturale e unico con petali in filigrana [&hellip;]\" \/>\n<meta property=\"og:url\" content=\"https:\/\/beatrice-mueller.de\/it\/prodotto\/bracciale-rose-argento-925-placcato-palladio-bianco-placcato-oro-giallo-platino-placcato-oro-rosa-platino\/\" \/>\n<meta property=\"og:site_name\" content=\"Beatrice M\u00fcller\" \/>\n<meta property=\"og:image\" content=\"https:\/\/beatrice-mueller.de\/wp-content\/uploads\/2022\/02\/X-Design_Armkette_rose_grau_gold_65301e27-3e1b-4730-8d57-953e2197b3e0.jpg\" \/>\n\t<meta property=\"og:image:width\" content=\"850\" \/>\n\t<meta property=\"og:image:height\" content=\"850\" \/>\n\t<meta property=\"og:image:type\" content=\"image\/jpeg\" \/>\n<meta name=\"twitter:card\" content=\"summary_large_image\" \/>\n<script type=\"application\/ld+json\" class=\"yoast-schema-graph\">{\"@context\":\"https:\/\/schema.org\",\"@graph\":[{\"@type\":\"WebPage\",\"@id\":\"https:\/\/beatrice-mueller.de\/it\/prodotto\/bracciale-rose-argento-925-placcato-palladio-bianco-placcato-oro-giallo-platino-placcato-oro-rosa-platino\/\",\"url\":\"https:\/\/beatrice-mueller.de\/it\/prodotto\/bracciale-rose-argento-925-placcato-palladio-bianco-placcato-oro-giallo-platino-placcato-oro-rosa-platino\/\",\"name\":\"Bracciale ROSE Argento 925 placcato palladio bianco \/ placcato oro giallo platino \/ placcato oro rosa platino - Beatrice M\u00fcller\",\"isPartOf\":{\"@id\":\"https:\/\/beatrice-mueller.de\/it\/#website\"},\"primaryImageOfPage\":{\"@id\":\"https:\/\/beatrice-mueller.de\/it\/prodotto\/bracciale-rose-argento-925-placcato-palladio-bianco-placcato-oro-giallo-platino-placcato-oro-rosa-platino\/#primaryimage\"},\"image\":{\"@id\":\"https:\/\/beatrice-mueller.de\/it\/prodotto\/bracciale-rose-argento-925-placcato-palladio-bianco-placcato-oro-giallo-platino-placcato-oro-rosa-platino\/#primaryimage\"},\"thumbnailUrl\":\"https:\/\/beatrice-mueller.de\/wp-content\/uploads\/2022\/02\/X-Design_Armkette_rose_grau_gold_65301e27-3e1b-4730-8d57-953e2197b3e0.jpg\",\"datePublished\":\"2025-02-16T11:56:09+00:00\",\"breadcrumb\":{\"@id\":\"https:\/\/beatrice-mueller.de\/it\/prodotto\/bracciale-rose-argento-925-placcato-palladio-bianco-placcato-oro-giallo-platino-placcato-oro-rosa-platino\/#breadcrumb\"},\"inLanguage\":\"it-IT\",\"potentialAction\":[{\"@type\":\"ReadAction\",\"target\":[\"https:\/\/beatrice-mueller.de\/it\/prodotto\/bracciale-rose-argento-925-placcato-palladio-bianco-placcato-oro-giallo-platino-placcato-oro-rosa-platino\/\"]}]},{\"@type\":\"ImageObject\",\"inLanguage\":\"it-IT\",\"@id\":\"https:\/\/beatrice-mueller.de\/it\/prodotto\/bracciale-rose-argento-925-placcato-palladio-bianco-placcato-oro-giallo-platino-placcato-oro-rosa-platino\/#primaryimage\",\"url\":\"https:\/\/beatrice-mueller.de\/wp-content\/uploads\/2022\/02\/X-Design_Armkette_rose_grau_gold_65301e27-3e1b-4730-8d57-953e2197b3e0.jpg\",\"contentUrl\":\"https:\/\/beatrice-mueller.de\/wp-content\/uploads\/2022\/02\/X-Design_Armkette_rose_grau_gold_65301e27-3e1b-4730-8d57-953e2197b3e0.jpg\",\"width\":850,\"height\":850},{\"@type\":\"BreadcrumbList\",\"@id\":\"https:\/\/beatrice-mueller.de\/it\/prodotto\/bracciale-rose-argento-925-placcato-palladio-bianco-placcato-oro-giallo-platino-placcato-oro-rosa-platino\/#breadcrumb\",\"itemListElement\":[{\"@type\":\"ListItem\",\"position\":1,\"name\":\"Startseite\",\"item\":\"https:\/\/beatrice-mueller.de\/it\/\"},{\"@type\":\"ListItem\",\"position\":2,\"name\":\"Negozio\",\"item\":\"https:\/\/beatrice-mueller.de\/it\/negozio-2\/\"},{\"@type\":\"ListItem\",\"position\":3,\"name\":\"Bracciale ROSE Argento 925 placcato palladio bianco \/ placcato oro giallo platino \/ placcato oro rosa platino\"}]},{\"@type\":\"WebSite\",\"@id\":\"https:\/\/beatrice-mueller.de\/it\/#website\",\"url\":\"https:\/\/beatrice-mueller.de\/it\/\",\"name\":\"Beatrice M\u00fcller\",\"description\":\"Schmuckdesign\",\"potentialAction\":[{\"@type\":\"SearchAction\",\"target\":{\"@type\":\"EntryPoint\",\"urlTemplate\":\"https:\/\/beatrice-mueller.de\/it\/?s={search_term_string}\"},\"query-input\":{\"@type\":\"PropertyValueSpecification\",\"valueRequired\":true,\"valueName\":\"search_term_string\"}}],\"inLanguage\":\"it-IT\"}]}<\/script>\n<!-- \/ Yoast SEO plugin. -->","yoast_head_json":{"title":"Bracciale ROSE Argento 925 placcato palladio bianco \/ placcato oro giallo platino \/ placcato oro rosa platino - Beatrice M\u00fcller","robots":{"index":"index","follow":"follow","max-snippet":"max-snippet:-1","max-image-preview":"max-image-preview:large","max-video-preview":"max-video-preview:-1"},"canonical":"https:\/\/beatrice-mueller.de\/it\/prodotto\/bracciale-rose-argento-925-placcato-palladio-bianco-placcato-oro-giallo-platino-placcato-oro-rosa-platino\/","og_locale":"it_IT","og_type":"article","og_title":"Bracciale ROSE Argento 925 placcato palladio bianco \/ placcato oro giallo platino \/ placcato oro rosa platino - Beatrice M\u00fcller","og_description":"Nobile e delicatamente profumata, la rosa \u00e8 uno dei fiori pi\u00f9 amati in assoluto. \u00c8 il simbolo della bellezza e dell&#8217;amore ed \u00e8 sempre magnifica da guardare. Questo pendente fatto a mano non ha nulla da invidiare all&#8217;originale ed \u00e8 perfetto come elegante gioiello. &nbsp; Caratteristiche: \u2718 Aspetto naturale e unico con petali in filigrana [&hellip;]","og_url":"https:\/\/beatrice-mueller.de\/it\/prodotto\/bracciale-rose-argento-925-placcato-palladio-bianco-placcato-oro-giallo-platino-placcato-oro-rosa-platino\/","og_site_name":"Beatrice M\u00fcller","og_image":[{"width":850,"height":850,"url":"https:\/\/beatrice-mueller.de\/wp-content\/uploads\/2022\/02\/X-Design_Armkette_rose_grau_gold_65301e27-3e1b-4730-8d57-953e2197b3e0.jpg","type":"image\/jpeg"}],"twitter_card":"summary_large_image","schema":{"@context":"https:\/\/schema.org","@graph":[{"@type":"WebPage","@id":"https:\/\/beatrice-mueller.de\/it\/prodotto\/bracciale-rose-argento-925-placcato-palladio-bianco-placcato-oro-giallo-platino-placcato-oro-rosa-platino\/","url":"https:\/\/beatrice-mueller.de\/it\/prodotto\/bracciale-rose-argento-925-placcato-palladio-bianco-placcato-oro-giallo-platino-placcato-oro-rosa-platino\/","name":"Bracciale ROSE Argento 925 placcato palladio bianco \/ placcato oro giallo platino \/ placcato oro rosa platino - Beatrice M\u00fcller","isPartOf":{"@id":"https:\/\/beatrice-mueller.de\/it\/#website"},"primaryImageOfPage":{"@id":"https:\/\/beatrice-mueller.de\/it\/prodotto\/bracciale-rose-argento-925-placcato-palladio-bianco-placcato-oro-giallo-platino-placcato-oro-rosa-platino\/#primaryimage"},"image":{"@id":"https:\/\/beatrice-mueller.de\/it\/prodotto\/bracciale-rose-argento-925-placcato-palladio-bianco-placcato-oro-giallo-platino-placcato-oro-rosa-platino\/#primaryimage"},"thumbnailUrl":"https:\/\/beatrice-mueller.de\/wp-content\/uploads\/2022\/02\/X-Design_Armkette_rose_grau_gold_65301e27-3e1b-4730-8d57-953e2197b3e0.jpg","datePublished":"2025-02-16T11:56:09+00:00","breadcrumb":{"@id":"https:\/\/beatrice-mueller.de\/it\/prodotto\/bracciale-rose-argento-925-placcato-palladio-bianco-placcato-oro-giallo-platino-placcato-oro-rosa-platino\/#breadcrumb"},"inLanguage":"it-IT","potentialAction":[{"@type":"ReadAction","target":["https:\/\/beatrice-mueller.de\/it\/prodotto\/bracciale-rose-argento-925-placcato-palladio-bianco-placcato-oro-giallo-platino-placcato-oro-rosa-platino\/"]}]},{"@type":"ImageObject","inLanguage":"it-IT","@id":"https:\/\/beatrice-mueller.de\/it\/prodotto\/bracciale-rose-argento-925-placcato-palladio-bianco-placcato-oro-giallo-platino-placcato-oro-rosa-platino\/#primaryimage","url":"https:\/\/beatrice-mueller.de\/wp-content\/uploads\/2022\/02\/X-Design_Armkette_rose_grau_gold_65301e27-3e1b-4730-8d57-953e2197b3e0.jpg","contentUrl":"https:\/\/beatrice-mueller.de\/wp-content\/uploads\/2022\/02\/X-Design_Armkette_rose_grau_gold_65301e27-3e1b-4730-8d57-953e2197b3e0.jpg","width":850,"height":850},{"@type":"BreadcrumbList","@id":"https:\/\/beatrice-mueller.de\/it\/prodotto\/bracciale-rose-argento-925-placcato-palladio-bianco-placcato-oro-giallo-platino-placcato-oro-rosa-platino\/#breadcrumb","itemListElement":[{"@type":"ListItem","position":1,"name":"Startseite","item":"https:\/\/beatrice-mueller.de\/it\/"},{"@type":"ListItem","position":2,"name":"Negozio","item":"https:\/\/beatrice-mueller.de\/it\/negozio-2\/"},{"@type":"ListItem","position":3,"name":"Bracciale ROSE Argento 925 placcato palladio bianco \/ placcato oro giallo platino \/ placcato oro rosa platino"}]},{"@type":"WebSite","@id":"https:\/\/beatrice-mueller.de\/it\/#website","url":"https:\/\/beatrice-mueller.de\/it\/","name":"Beatrice M\u00fcller","description":"Schmuckdesign","potentialAction":[{"@type":"SearchAction","target":{"@type":"EntryPoint","urlTemplate":"https:\/\/beatrice-mueller.de\/it\/?s={search_term_string}"},"query-input":{"@type":"PropertyValueSpecification","valueRequired":true,"valueName":"search_term_string"}}],"inLanguage":"it-IT"}]}},"_links":{"self":[{"href":"https:\/\/beatrice-mueller.de\/it\/wp-json\/wp\/v2\/product\/20490","targetHints":{"allow":["GET"]}}],"collection":[{"href":"https:\/\/beatrice-mueller.de\/it\/wp-json\/wp\/v2\/product"}],"about":[{"href":"https:\/\/beatrice-mueller.de\/it\/wp-json\/wp\/v2\/types\/product"}],"replies":[{"embeddable":true,"href":"https:\/\/beatrice-mueller.de\/it\/wp-json\/wp\/v2\/comments?post=20490"}],"wp:featuredmedia":[{"embeddable":true,"href":"https:\/\/beatrice-mueller.de\/it\/wp-json\/wp\/v2\/media\/20603"}],"wp:attachment":[{"href":"https:\/\/beatrice-mueller.de\/it\/wp-json\/wp\/v2\/media?parent=20490"}],"wp:term":[{"taxonomy":"product_brand","embeddable":true,"href":"https:\/\/beatrice-mueller.de\/it\/wp-json\/wp\/v2\/product_brand?post=20490"},{"taxonomy":"product_cat","embeddable":true,"href":"https:\/\/beatrice-mueller.de\/it\/wp-json\/wp\/v2\/product_cat?post=20490"},{"taxonomy":"product_tag","embeddable":true,"href":"https:\/\/beatrice-mueller.de\/it\/wp-json\/wp\/v2\/product_tag?post=20490"}],"curies":[{"name":"wp","href":"https:\/\/api.w.org\/{rel}","templated":true}]}}