{"id":20764,"date":"2025-02-16T12:56:13","date_gmt":"2025-02-16T11:56:13","guid":{"rendered":"https:\/\/beatrice-mueller.de\/produkt\/bracciale-late-night-argento-925-placcato-palladio-bianco-placcato-oro-giallo-platino\/"},"modified":"2025-02-16T12:56:13","modified_gmt":"2025-02-16T11:56:13","slug":"bracciale-late-night-argento-925-placcato-palladio-bianco-placcato-oro-giallo-platino","status":"publish","type":"product","link":"https:\/\/beatrice-mueller.de\/it\/prodotto\/bracciale-late-night-argento-925-placcato-palladio-bianco-placcato-oro-giallo-platino\/","title":{"rendered":"Bracciale LATE NIGHT argento 925 placcato palladio bianco \/ placcato oro giallo platino"},"content":{"rendered":"<div class=\"product--description\">\n<p>Le scarpe sono molto pi\u00f9 di una semplice protezione per i nostri piedi. Sono alla moda, funzionali o eleganti, e quindi dicono qualcosa sul tuo stile di vita. <\/p>\n<p style=\"text-align: left\" align=\"center\">Il modello Latenight \u00e8 composto da tacchi alti fatti a mano, uniti tra loro. Avrai sempre con te un paio di scarpe di classe! <\/p>\n<p><span style=\"text-decoration: underline\">Caratteristiche:<\/span><\/p>\n<p>&nbsp;<\/p>\n<\/div>\n<p style=\"text-align: left\" align=\"center\"><span data-mce-mark=\"1\"><span style=\"color: #ff0000\">\u2718<\/span> Superficie altamente lucidata: brilla alla luce.<\/span><\/p>\n<p style=\"text-align: left\" align=\"center\"><span style=\"color: #ff0000\">\u2718<\/span> Ogni pezzo \u00e8 un po&#8217; unico perch\u00e9 \u00e8 realizzato completamente a mano.<\/p>\n<p style=\"text-align: left\" align=\"center\"><span style=\"color: #ff0000\">\u2718<\/span> Si adatta a ogni polso grazie alla funzione scorrevole.<\/p>\n<table border=\"0\">\n<tbody>\n<tr>\n<td><span data-mce-mark=\"1\"><strong>piastrine materiali<br \/>\n<\/strong><\/span><\/td>\n<td><span data-mce-mark=\"1\">Argento 925 placcato oro giallo platino<\/span><\/td>\n<\/tr>\n<tr>\n<td><span data-mce-mark=\"1\"><strong>superficie<\/strong><\/span><\/td>\n<td><span data-mce-mark=\"1\">lucido<\/span><\/td>\n<\/tr>\n<tr>\n<td><span data-mce-mark=\"1\"><strong>lunghezza<\/strong><\/span><\/td>\n<td><span data-mce-mark=\"1\">11,9 millimetri<\/span><\/td>\n<\/tr>\n<tr>\n<td><strong>Larghezza<\/strong><\/td>\n<td>4,9 millimetri<\/td>\n<\/tr>\n<tr>\n<td><strong>Altezza<\/strong><\/td>\n<td>5,3 millimetri<\/td>\n<\/tr>\n<tr>\n<td><span data-mce-mark=\"1\"><strong>banda<\/strong><\/span><\/td>\n<td><span data-mce-mark=\"1\">filato industriale, antistrappo<br \/>\n<\/span><\/td>\n<\/tr>\n<\/tbody>\n<\/table>\n<p>&nbsp;<\/p>\n","protected":false},"excerpt":{"rendered":"<p>Le scarpe sono molto pi\u00f9 di una semplice protezione per i nostri piedi. Sono alla moda, funzionali o eleganti, e quindi dicono qualcosa sul tuo stile di vita. Il modello Latenight \u00e8 composto da tacchi alti fatti a mano, uniti tra loro. Avrai sempre con te un paio di scarpe di classe! Caratteristiche: &nbsp; \u2718 [&hellip;]<\/p>\n","protected":false},"featured_media":20793,"comment_status":"closed","ping_status":"closed","template":"","meta":{"_glsr_average":0,"_glsr_ranking":0,"_glsr_reviews":0},"product_brand":[],"product_cat":[568],"product_tag":[569,561],"class_list":{"0":"post-20764","1":"product","2":"type-product","3":"status-publish","4":"has-post-thumbnail","6":"product_cat-braccialetto","7":"product_tag-bracciali","8":"product_tag-progettazione-x","9":"pa_fadenfarbe-ametista","10":"pa_fadenfarbe-beige-it","11":"pa_fadenfarbe-blu","12":"pa_fadenfarbe-blu-scuro","13":"pa_fadenfarbe-caccia-verde","14":"pa_fadenfarbe-colore-del-filo","15":"pa_fadenfarbe-giallo","16":"pa_fadenfarbe-grigio","17":"pa_fadenfarbe-nero","18":"pa_fadenfarbe-olive-it-2","19":"pa_fadenfarbe-rosa-scuro","20":"pa_fadenfarbe-rosso","21":"pa_fadenfarbe-rosso-corallo","22":"pa_fadenfarbe-rosso-granato","23":"pa_fadenfarbe-turchese","24":"pa_fadenfarbe-verde","25":"pa_fadenfarbe-viola","26":"pa_marke-x-design-it-2","27":"pa_material-925-silber-gelb-platiniert-it-2","28":"pa_material-925-silber-rot-platiniert-it-2","29":"pa_material-925-silber-weiss-palladiniert-it-2","31":"first","32":"instock","33":"taxable","34":"shipping-taxable","35":"purchasable","36":"product-type-variable"},"exclude_global_add_ons":[],"addons":[],"yoast_head":"<!-- This site is optimized with the Yoast SEO plugin v25.6 - https:\/\/yoast.com\/wordpress\/plugins\/seo\/ -->\n<title>Bracciale LATE NIGHT argento 925 placcato palladio bianco \/ placcato oro giallo platino - Beatrice M\u00fcller<\/title>\n<meta name=\"robots\" content=\"index, follow, max-snippet:-1, max-image-preview:large, max-video-preview:-1\" \/>\n<link rel=\"canonical\" href=\"https:\/\/beatrice-mueller.de\/it\/prodotto\/bracciale-late-night-argento-925-placcato-palladio-bianco-placcato-oro-giallo-platino\/\" \/>\n<meta property=\"og:locale\" content=\"it_IT\" \/>\n<meta property=\"og:type\" content=\"article\" \/>\n<meta property=\"og:title\" content=\"Bracciale LATE NIGHT argento 925 placcato palladio bianco \/ placcato oro giallo platino - Beatrice M\u00fcller\" \/>\n<meta property=\"og:description\" content=\"Le scarpe sono molto pi\u00f9 di una semplice protezione per i nostri piedi. Sono alla moda, funzionali o eleganti, e quindi dicono qualcosa sul tuo stile di vita. Il modello Latenight \u00e8 composto da tacchi alti fatti a mano, uniti tra loro. Avrai sempre con te un paio di scarpe di classe! Caratteristiche: &nbsp; \u2718 [&hellip;]\" \/>\n<meta property=\"og:url\" content=\"https:\/\/beatrice-mueller.de\/it\/prodotto\/bracciale-late-night-argento-925-placcato-palladio-bianco-placcato-oro-giallo-platino\/\" \/>\n<meta property=\"og:site_name\" content=\"Beatrice M\u00fcller\" \/>\n<meta property=\"og:image\" content=\"https:\/\/beatrice-mueller.de\/wp-content\/uploads\/2022\/02\/X-Design_Armkette_late_night_beige_silber.jpg\" \/>\n\t<meta property=\"og:image:width\" content=\"850\" \/>\n\t<meta property=\"og:image:height\" content=\"850\" \/>\n\t<meta property=\"og:image:type\" content=\"image\/jpeg\" \/>\n<meta name=\"twitter:card\" content=\"summary_large_image\" \/>\n<script type=\"application\/ld+json\" class=\"yoast-schema-graph\">{\"@context\":\"https:\/\/schema.org\",\"@graph\":[{\"@type\":\"WebPage\",\"@id\":\"https:\/\/beatrice-mueller.de\/it\/prodotto\/bracciale-late-night-argento-925-placcato-palladio-bianco-placcato-oro-giallo-platino\/\",\"url\":\"https:\/\/beatrice-mueller.de\/it\/prodotto\/bracciale-late-night-argento-925-placcato-palladio-bianco-placcato-oro-giallo-platino\/\",\"name\":\"Bracciale LATE NIGHT argento 925 placcato palladio bianco \/ placcato oro giallo platino - Beatrice M\u00fcller\",\"isPartOf\":{\"@id\":\"https:\/\/beatrice-mueller.de\/it\/#website\"},\"primaryImageOfPage\":{\"@id\":\"https:\/\/beatrice-mueller.de\/it\/prodotto\/bracciale-late-night-argento-925-placcato-palladio-bianco-placcato-oro-giallo-platino\/#primaryimage\"},\"image\":{\"@id\":\"https:\/\/beatrice-mueller.de\/it\/prodotto\/bracciale-late-night-argento-925-placcato-palladio-bianco-placcato-oro-giallo-platino\/#primaryimage\"},\"thumbnailUrl\":\"https:\/\/beatrice-mueller.de\/wp-content\/uploads\/2022\/02\/X-Design_Armkette_late_night_beige_silber.jpg\",\"datePublished\":\"2025-02-16T11:56:13+00:00\",\"breadcrumb\":{\"@id\":\"https:\/\/beatrice-mueller.de\/it\/prodotto\/bracciale-late-night-argento-925-placcato-palladio-bianco-placcato-oro-giallo-platino\/#breadcrumb\"},\"inLanguage\":\"it-IT\",\"potentialAction\":[{\"@type\":\"ReadAction\",\"target\":[\"https:\/\/beatrice-mueller.de\/it\/prodotto\/bracciale-late-night-argento-925-placcato-palladio-bianco-placcato-oro-giallo-platino\/\"]}]},{\"@type\":\"ImageObject\",\"inLanguage\":\"it-IT\",\"@id\":\"https:\/\/beatrice-mueller.de\/it\/prodotto\/bracciale-late-night-argento-925-placcato-palladio-bianco-placcato-oro-giallo-platino\/#primaryimage\",\"url\":\"https:\/\/beatrice-mueller.de\/wp-content\/uploads\/2022\/02\/X-Design_Armkette_late_night_beige_silber.jpg\",\"contentUrl\":\"https:\/\/beatrice-mueller.de\/wp-content\/uploads\/2022\/02\/X-Design_Armkette_late_night_beige_silber.jpg\",\"width\":850,\"height\":850},{\"@type\":\"BreadcrumbList\",\"@id\":\"https:\/\/beatrice-mueller.de\/it\/prodotto\/bracciale-late-night-argento-925-placcato-palladio-bianco-placcato-oro-giallo-platino\/#breadcrumb\",\"itemListElement\":[{\"@type\":\"ListItem\",\"position\":1,\"name\":\"Startseite\",\"item\":\"https:\/\/beatrice-mueller.de\/it\/\"},{\"@type\":\"ListItem\",\"position\":2,\"name\":\"Negozio\",\"item\":\"https:\/\/beatrice-mueller.de\/it\/negozio-2\/\"},{\"@type\":\"ListItem\",\"position\":3,\"name\":\"Bracciale LATE NIGHT argento 925 placcato palladio bianco \/ placcato oro giallo platino\"}]},{\"@type\":\"WebSite\",\"@id\":\"https:\/\/beatrice-mueller.de\/it\/#website\",\"url\":\"https:\/\/beatrice-mueller.de\/it\/\",\"name\":\"Beatrice M\u00fcller\",\"description\":\"Schmuckdesign\",\"potentialAction\":[{\"@type\":\"SearchAction\",\"target\":{\"@type\":\"EntryPoint\",\"urlTemplate\":\"https:\/\/beatrice-mueller.de\/it\/?s={search_term_string}\"},\"query-input\":{\"@type\":\"PropertyValueSpecification\",\"valueRequired\":true,\"valueName\":\"search_term_string\"}}],\"inLanguage\":\"it-IT\"}]}<\/script>\n<!-- \/ Yoast SEO plugin. -->","yoast_head_json":{"title":"Bracciale LATE NIGHT argento 925 placcato palladio bianco \/ placcato oro giallo platino - Beatrice M\u00fcller","robots":{"index":"index","follow":"follow","max-snippet":"max-snippet:-1","max-image-preview":"max-image-preview:large","max-video-preview":"max-video-preview:-1"},"canonical":"https:\/\/beatrice-mueller.de\/it\/prodotto\/bracciale-late-night-argento-925-placcato-palladio-bianco-placcato-oro-giallo-platino\/","og_locale":"it_IT","og_type":"article","og_title":"Bracciale LATE NIGHT argento 925 placcato palladio bianco \/ placcato oro giallo platino - Beatrice M\u00fcller","og_description":"Le scarpe sono molto pi\u00f9 di una semplice protezione per i nostri piedi. Sono alla moda, funzionali o eleganti, e quindi dicono qualcosa sul tuo stile di vita. Il modello Latenight \u00e8 composto da tacchi alti fatti a mano, uniti tra loro. Avrai sempre con te un paio di scarpe di classe! Caratteristiche: &nbsp; \u2718 [&hellip;]","og_url":"https:\/\/beatrice-mueller.de\/it\/prodotto\/bracciale-late-night-argento-925-placcato-palladio-bianco-placcato-oro-giallo-platino\/","og_site_name":"Beatrice M\u00fcller","og_image":[{"width":850,"height":850,"url":"https:\/\/beatrice-mueller.de\/wp-content\/uploads\/2022\/02\/X-Design_Armkette_late_night_beige_silber.jpg","type":"image\/jpeg"}],"twitter_card":"summary_large_image","schema":{"@context":"https:\/\/schema.org","@graph":[{"@type":"WebPage","@id":"https:\/\/beatrice-mueller.de\/it\/prodotto\/bracciale-late-night-argento-925-placcato-palladio-bianco-placcato-oro-giallo-platino\/","url":"https:\/\/beatrice-mueller.de\/it\/prodotto\/bracciale-late-night-argento-925-placcato-palladio-bianco-placcato-oro-giallo-platino\/","name":"Bracciale LATE NIGHT argento 925 placcato palladio bianco \/ placcato oro giallo platino - Beatrice M\u00fcller","isPartOf":{"@id":"https:\/\/beatrice-mueller.de\/it\/#website"},"primaryImageOfPage":{"@id":"https:\/\/beatrice-mueller.de\/it\/prodotto\/bracciale-late-night-argento-925-placcato-palladio-bianco-placcato-oro-giallo-platino\/#primaryimage"},"image":{"@id":"https:\/\/beatrice-mueller.de\/it\/prodotto\/bracciale-late-night-argento-925-placcato-palladio-bianco-placcato-oro-giallo-platino\/#primaryimage"},"thumbnailUrl":"https:\/\/beatrice-mueller.de\/wp-content\/uploads\/2022\/02\/X-Design_Armkette_late_night_beige_silber.jpg","datePublished":"2025-02-16T11:56:13+00:00","breadcrumb":{"@id":"https:\/\/beatrice-mueller.de\/it\/prodotto\/bracciale-late-night-argento-925-placcato-palladio-bianco-placcato-oro-giallo-platino\/#breadcrumb"},"inLanguage":"it-IT","potentialAction":[{"@type":"ReadAction","target":["https:\/\/beatrice-mueller.de\/it\/prodotto\/bracciale-late-night-argento-925-placcato-palladio-bianco-placcato-oro-giallo-platino\/"]}]},{"@type":"ImageObject","inLanguage":"it-IT","@id":"https:\/\/beatrice-mueller.de\/it\/prodotto\/bracciale-late-night-argento-925-placcato-palladio-bianco-placcato-oro-giallo-platino\/#primaryimage","url":"https:\/\/beatrice-mueller.de\/wp-content\/uploads\/2022\/02\/X-Design_Armkette_late_night_beige_silber.jpg","contentUrl":"https:\/\/beatrice-mueller.de\/wp-content\/uploads\/2022\/02\/X-Design_Armkette_late_night_beige_silber.jpg","width":850,"height":850},{"@type":"BreadcrumbList","@id":"https:\/\/beatrice-mueller.de\/it\/prodotto\/bracciale-late-night-argento-925-placcato-palladio-bianco-placcato-oro-giallo-platino\/#breadcrumb","itemListElement":[{"@type":"ListItem","position":1,"name":"Startseite","item":"https:\/\/beatrice-mueller.de\/it\/"},{"@type":"ListItem","position":2,"name":"Negozio","item":"https:\/\/beatrice-mueller.de\/it\/negozio-2\/"},{"@type":"ListItem","position":3,"name":"Bracciale LATE NIGHT argento 925 placcato palladio bianco \/ placcato oro giallo platino"}]},{"@type":"WebSite","@id":"https:\/\/beatrice-mueller.de\/it\/#website","url":"https:\/\/beatrice-mueller.de\/it\/","name":"Beatrice M\u00fcller","description":"Schmuckdesign","potentialAction":[{"@type":"SearchAction","target":{"@type":"EntryPoint","urlTemplate":"https:\/\/beatrice-mueller.de\/it\/?s={search_term_string}"},"query-input":{"@type":"PropertyValueSpecification","valueRequired":true,"valueName":"search_term_string"}}],"inLanguage":"it-IT"}]}},"_links":{"self":[{"href":"https:\/\/beatrice-mueller.de\/it\/wp-json\/wp\/v2\/product\/20764","targetHints":{"allow":["GET"]}}],"collection":[{"href":"https:\/\/beatrice-mueller.de\/it\/wp-json\/wp\/v2\/product"}],"about":[{"href":"https:\/\/beatrice-mueller.de\/it\/wp-json\/wp\/v2\/types\/product"}],"replies":[{"embeddable":true,"href":"https:\/\/beatrice-mueller.de\/it\/wp-json\/wp\/v2\/comments?post=20764"}],"wp:featuredmedia":[{"embeddable":true,"href":"https:\/\/beatrice-mueller.de\/it\/wp-json\/wp\/v2\/media\/20793"}],"wp:attachment":[{"href":"https:\/\/beatrice-mueller.de\/it\/wp-json\/wp\/v2\/media?parent=20764"}],"wp:term":[{"taxonomy":"product_brand","embeddable":true,"href":"https:\/\/beatrice-mueller.de\/it\/wp-json\/wp\/v2\/product_brand?post=20764"},{"taxonomy":"product_cat","embeddable":true,"href":"https:\/\/beatrice-mueller.de\/it\/wp-json\/wp\/v2\/product_cat?post=20764"},{"taxonomy":"product_tag","embeddable":true,"href":"https:\/\/beatrice-mueller.de\/it\/wp-json\/wp\/v2\/product_tag?post=20764"}],"curies":[{"name":"wp","href":"https:\/\/api.w.org\/{rel}","templated":true}]}}