{"id":21029,"date":"2025-02-16T12:56:15","date_gmt":"2025-02-16T11:56:15","guid":{"rendered":"https:\/\/beatrice-mueller.de\/produkt\/bracciale-horse-argento-925-placcato-palladio-bianco\/"},"modified":"2025-02-16T12:56:15","modified_gmt":"2025-02-16T11:56:15","slug":"bracciale-horse-argento-925-placcato-palladio-bianco","status":"publish","type":"product","link":"https:\/\/beatrice-mueller.de\/it\/prodotto\/bracciale-horse-argento-925-placcato-palladio-bianco\/","title":{"rendered":"Bracciale HORSE argento 925 placcato palladio bianco"},"content":{"rendered":"<p>&#8220;La felicit\u00e0 della terra \u00e8 riposta sul dorso del cavallo.&#8221; Questo braccialetto con testa di cavallo, presentato in stile moderno con linee leggere, \u00e8 pensato per gli amanti dei cavalli di tutte le et\u00e0. <\/p>\n<p style=\"text-align: left\"><span style=\"text-decoration: underline\">Caratteristiche:<\/span><\/p>\n<p style=\"text-align: left\"><span data-mce-mark=\"1\"><span style=\"color: #ff0000\">\u2718<\/span> Disponibile nelle versioni lucido, opaco e diamante opaco.<br \/>\n<\/span><\/p>\n<p style=\"text-align: left\"><span style=\"color: #ff0000\">\u2718<\/span> Grazie al meccanismo scorrevole, il cinturino pu\u00f2 essere regolato per adattarsi a qualsiasi polso.<\/p>\n<p style=\"text-align: left\"><span style=\"color: #ff0000\">\u2718<\/span> Realizzato nel nostro laboratorio: qualit\u00e0 testata a mano.<\/p>\n<p>&nbsp;<\/p>\n<div class=\"product--description\">\n<table border=\"0\">\n<tbody>\n<tr>\n<td><strong>Materiale Gioielleria<\/strong><\/td>\n<td>Argento 925 placcato platino bianco<\/td>\n<\/tr>\n<tr>\n<td><strong>superficie<\/strong><\/td>\n<td>lucido \/ opaco fluido \/ opaco diamantato<\/td>\n<\/tr>\n<tr>\n<td><strong>piastra \u00f8<\/strong><\/td>\n<td>14,9 millimetri<\/td>\n<\/tr>\n<tr>\n<td><strong>spessore del materiale<br \/>\n piastrine<\/strong><\/td>\n<td>0,9 millimetri<\/td>\n<\/tr>\n<tr>\n<td><strong>banda<\/strong><\/td>\n<td>filato industriale, antistrappo<\/td>\n<\/tr>\n<\/tbody>\n<\/table>\n<\/div>\n","protected":false},"excerpt":{"rendered":"<p>&#8220;La felicit\u00e0 della terra \u00e8 riposta sul dorso del cavallo.&#8221; Questo braccialetto con testa di cavallo, presentato in stile moderno con linee leggere, \u00e8 pensato per gli amanti dei cavalli di tutte le et\u00e0. Caratteristiche: \u2718 Disponibile nelle versioni lucido, opaco e diamante opaco. \u2718 Grazie al meccanismo scorrevole, il cinturino pu\u00f2 essere regolato per [&hellip;]<\/p>\n","protected":false},"featured_media":21080,"comment_status":"closed","ping_status":"closed","template":"","meta":{"_glsr_average":0,"_glsr_ranking":0,"_glsr_reviews":0},"product_brand":[],"product_cat":[568],"product_tag":[569,561],"class_list":{"0":"post-21029","1":"product","2":"type-product","3":"status-publish","4":"has-post-thumbnail","6":"product_cat-braccialetto","7":"product_tag-bracciali","8":"product_tag-progettazione-x","9":"pa_fadenfarbe-ametista","10":"pa_fadenfarbe-beige-it","11":"pa_fadenfarbe-blu","12":"pa_fadenfarbe-blu-scuro","13":"pa_fadenfarbe-caccia-verde","14":"pa_fadenfarbe-giallo","15":"pa_fadenfarbe-grigio","16":"pa_fadenfarbe-nero","17":"pa_fadenfarbe-olive-it-2","18":"pa_fadenfarbe-rosa-scuro","19":"pa_fadenfarbe-rosso","20":"pa_fadenfarbe-rosso-corallo","21":"pa_fadenfarbe-rosso-granato","22":"pa_fadenfarbe-turchese","23":"pa_fadenfarbe-verde","24":"pa_fadenfarbe-verde-giada","25":"pa_fadenfarbe-viola","26":"pa_marke-x-design-it-2","27":"pa_oberflaeche-diamantmatt-it-2","28":"pa_oberflaeche-fliessmatt-it-2","29":"pa_oberflaeche-poliert-it-2","31":"first","32":"instock","33":"taxable","34":"shipping-taxable","35":"purchasable","36":"product-type-variable"},"exclude_global_add_ons":[],"addons":[],"yoast_head":"<!-- This site is optimized with the Yoast SEO plugin v25.6 - https:\/\/yoast.com\/wordpress\/plugins\/seo\/ -->\n<title>Bracciale HORSE argento 925 placcato palladio bianco - Beatrice M\u00fcller<\/title>\n<meta name=\"robots\" content=\"index, follow, max-snippet:-1, max-image-preview:large, max-video-preview:-1\" \/>\n<link rel=\"canonical\" href=\"https:\/\/beatrice-mueller.de\/it\/prodotto\/bracciale-horse-argento-925-placcato-palladio-bianco\/\" \/>\n<meta property=\"og:locale\" content=\"it_IT\" \/>\n<meta property=\"og:type\" content=\"article\" \/>\n<meta property=\"og:title\" content=\"Bracciale HORSE argento 925 placcato palladio bianco - Beatrice M\u00fcller\" \/>\n<meta property=\"og:description\" content=\"&#8220;La felicit\u00e0 della terra \u00e8 riposta sul dorso del cavallo.&#8221; Questo braccialetto con testa di cavallo, presentato in stile moderno con linee leggere, \u00e8 pensato per gli amanti dei cavalli di tutte le et\u00e0. Caratteristiche: \u2718 Disponibile nelle versioni lucido, opaco e diamante opaco. \u2718 Grazie al meccanismo scorrevole, il cinturino pu\u00f2 essere regolato per [&hellip;]\" \/>\n<meta property=\"og:url\" content=\"https:\/\/beatrice-mueller.de\/it\/prodotto\/bracciale-horse-argento-925-placcato-palladio-bianco\/\" \/>\n<meta property=\"og:site_name\" content=\"Beatrice M\u00fcller\" \/>\n<meta property=\"og:image\" content=\"https:\/\/beatrice-mueller.de\/wp-content\/uploads\/2022\/02\/X-Design_Armkette_Horse_schwarz_silber_poliert.png\" \/>\n\t<meta property=\"og:image:width\" content=\"2000\" \/>\n\t<meta property=\"og:image:height\" content=\"2000\" \/>\n\t<meta property=\"og:image:type\" content=\"image\/png\" \/>\n<meta name=\"twitter:card\" content=\"summary_large_image\" \/>\n<script type=\"application\/ld+json\" class=\"yoast-schema-graph\">{\"@context\":\"https:\/\/schema.org\",\"@graph\":[{\"@type\":\"WebPage\",\"@id\":\"https:\/\/beatrice-mueller.de\/it\/prodotto\/bracciale-horse-argento-925-placcato-palladio-bianco\/\",\"url\":\"https:\/\/beatrice-mueller.de\/it\/prodotto\/bracciale-horse-argento-925-placcato-palladio-bianco\/\",\"name\":\"Bracciale HORSE argento 925 placcato palladio bianco - Beatrice M\u00fcller\",\"isPartOf\":{\"@id\":\"https:\/\/beatrice-mueller.de\/it\/#website\"},\"primaryImageOfPage\":{\"@id\":\"https:\/\/beatrice-mueller.de\/it\/prodotto\/bracciale-horse-argento-925-placcato-palladio-bianco\/#primaryimage\"},\"image\":{\"@id\":\"https:\/\/beatrice-mueller.de\/it\/prodotto\/bracciale-horse-argento-925-placcato-palladio-bianco\/#primaryimage\"},\"thumbnailUrl\":\"https:\/\/beatrice-mueller.de\/wp-content\/uploads\/2022\/02\/X-Design_Armkette_Horse_schwarz_silber_poliert.png\",\"datePublished\":\"2025-02-16T11:56:15+00:00\",\"breadcrumb\":{\"@id\":\"https:\/\/beatrice-mueller.de\/it\/prodotto\/bracciale-horse-argento-925-placcato-palladio-bianco\/#breadcrumb\"},\"inLanguage\":\"it-IT\",\"potentialAction\":[{\"@type\":\"ReadAction\",\"target\":[\"https:\/\/beatrice-mueller.de\/it\/prodotto\/bracciale-horse-argento-925-placcato-palladio-bianco\/\"]}]},{\"@type\":\"ImageObject\",\"inLanguage\":\"it-IT\",\"@id\":\"https:\/\/beatrice-mueller.de\/it\/prodotto\/bracciale-horse-argento-925-placcato-palladio-bianco\/#primaryimage\",\"url\":\"https:\/\/beatrice-mueller.de\/wp-content\/uploads\/2022\/02\/X-Design_Armkette_Horse_schwarz_silber_poliert.png\",\"contentUrl\":\"https:\/\/beatrice-mueller.de\/wp-content\/uploads\/2022\/02\/X-Design_Armkette_Horse_schwarz_silber_poliert.png\",\"width\":2000,\"height\":2000},{\"@type\":\"BreadcrumbList\",\"@id\":\"https:\/\/beatrice-mueller.de\/it\/prodotto\/bracciale-horse-argento-925-placcato-palladio-bianco\/#breadcrumb\",\"itemListElement\":[{\"@type\":\"ListItem\",\"position\":1,\"name\":\"Startseite\",\"item\":\"https:\/\/beatrice-mueller.de\/it\/\"},{\"@type\":\"ListItem\",\"position\":2,\"name\":\"Negozio\",\"item\":\"https:\/\/beatrice-mueller.de\/it\/negozio-2\/\"},{\"@type\":\"ListItem\",\"position\":3,\"name\":\"Bracciale HORSE argento 925 placcato palladio bianco\"}]},{\"@type\":\"WebSite\",\"@id\":\"https:\/\/beatrice-mueller.de\/it\/#website\",\"url\":\"https:\/\/beatrice-mueller.de\/it\/\",\"name\":\"Beatrice M\u00fcller\",\"description\":\"Schmuckdesign\",\"potentialAction\":[{\"@type\":\"SearchAction\",\"target\":{\"@type\":\"EntryPoint\",\"urlTemplate\":\"https:\/\/beatrice-mueller.de\/it\/?s={search_term_string}\"},\"query-input\":{\"@type\":\"PropertyValueSpecification\",\"valueRequired\":true,\"valueName\":\"search_term_string\"}}],\"inLanguage\":\"it-IT\"}]}<\/script>\n<!-- \/ Yoast SEO plugin. -->","yoast_head_json":{"title":"Bracciale HORSE argento 925 placcato palladio bianco - Beatrice M\u00fcller","robots":{"index":"index","follow":"follow","max-snippet":"max-snippet:-1","max-image-preview":"max-image-preview:large","max-video-preview":"max-video-preview:-1"},"canonical":"https:\/\/beatrice-mueller.de\/it\/prodotto\/bracciale-horse-argento-925-placcato-palladio-bianco\/","og_locale":"it_IT","og_type":"article","og_title":"Bracciale HORSE argento 925 placcato palladio bianco - Beatrice M\u00fcller","og_description":"&#8220;La felicit\u00e0 della terra \u00e8 riposta sul dorso del cavallo.&#8221; Questo braccialetto con testa di cavallo, presentato in stile moderno con linee leggere, \u00e8 pensato per gli amanti dei cavalli di tutte le et\u00e0. Caratteristiche: \u2718 Disponibile nelle versioni lucido, opaco e diamante opaco. \u2718 Grazie al meccanismo scorrevole, il cinturino pu\u00f2 essere regolato per [&hellip;]","og_url":"https:\/\/beatrice-mueller.de\/it\/prodotto\/bracciale-horse-argento-925-placcato-palladio-bianco\/","og_site_name":"Beatrice M\u00fcller","og_image":[{"width":2000,"height":2000,"url":"https:\/\/beatrice-mueller.de\/wp-content\/uploads\/2022\/02\/X-Design_Armkette_Horse_schwarz_silber_poliert.png","type":"image\/png"}],"twitter_card":"summary_large_image","schema":{"@context":"https:\/\/schema.org","@graph":[{"@type":"WebPage","@id":"https:\/\/beatrice-mueller.de\/it\/prodotto\/bracciale-horse-argento-925-placcato-palladio-bianco\/","url":"https:\/\/beatrice-mueller.de\/it\/prodotto\/bracciale-horse-argento-925-placcato-palladio-bianco\/","name":"Bracciale HORSE argento 925 placcato palladio bianco - Beatrice M\u00fcller","isPartOf":{"@id":"https:\/\/beatrice-mueller.de\/it\/#website"},"primaryImageOfPage":{"@id":"https:\/\/beatrice-mueller.de\/it\/prodotto\/bracciale-horse-argento-925-placcato-palladio-bianco\/#primaryimage"},"image":{"@id":"https:\/\/beatrice-mueller.de\/it\/prodotto\/bracciale-horse-argento-925-placcato-palladio-bianco\/#primaryimage"},"thumbnailUrl":"https:\/\/beatrice-mueller.de\/wp-content\/uploads\/2022\/02\/X-Design_Armkette_Horse_schwarz_silber_poliert.png","datePublished":"2025-02-16T11:56:15+00:00","breadcrumb":{"@id":"https:\/\/beatrice-mueller.de\/it\/prodotto\/bracciale-horse-argento-925-placcato-palladio-bianco\/#breadcrumb"},"inLanguage":"it-IT","potentialAction":[{"@type":"ReadAction","target":["https:\/\/beatrice-mueller.de\/it\/prodotto\/bracciale-horse-argento-925-placcato-palladio-bianco\/"]}]},{"@type":"ImageObject","inLanguage":"it-IT","@id":"https:\/\/beatrice-mueller.de\/it\/prodotto\/bracciale-horse-argento-925-placcato-palladio-bianco\/#primaryimage","url":"https:\/\/beatrice-mueller.de\/wp-content\/uploads\/2022\/02\/X-Design_Armkette_Horse_schwarz_silber_poliert.png","contentUrl":"https:\/\/beatrice-mueller.de\/wp-content\/uploads\/2022\/02\/X-Design_Armkette_Horse_schwarz_silber_poliert.png","width":2000,"height":2000},{"@type":"BreadcrumbList","@id":"https:\/\/beatrice-mueller.de\/it\/prodotto\/bracciale-horse-argento-925-placcato-palladio-bianco\/#breadcrumb","itemListElement":[{"@type":"ListItem","position":1,"name":"Startseite","item":"https:\/\/beatrice-mueller.de\/it\/"},{"@type":"ListItem","position":2,"name":"Negozio","item":"https:\/\/beatrice-mueller.de\/it\/negozio-2\/"},{"@type":"ListItem","position":3,"name":"Bracciale HORSE argento 925 placcato palladio bianco"}]},{"@type":"WebSite","@id":"https:\/\/beatrice-mueller.de\/it\/#website","url":"https:\/\/beatrice-mueller.de\/it\/","name":"Beatrice M\u00fcller","description":"Schmuckdesign","potentialAction":[{"@type":"SearchAction","target":{"@type":"EntryPoint","urlTemplate":"https:\/\/beatrice-mueller.de\/it\/?s={search_term_string}"},"query-input":{"@type":"PropertyValueSpecification","valueRequired":true,"valueName":"search_term_string"}}],"inLanguage":"it-IT"}]}},"_links":{"self":[{"href":"https:\/\/beatrice-mueller.de\/it\/wp-json\/wp\/v2\/product\/21029","targetHints":{"allow":["GET"]}}],"collection":[{"href":"https:\/\/beatrice-mueller.de\/it\/wp-json\/wp\/v2\/product"}],"about":[{"href":"https:\/\/beatrice-mueller.de\/it\/wp-json\/wp\/v2\/types\/product"}],"replies":[{"embeddable":true,"href":"https:\/\/beatrice-mueller.de\/it\/wp-json\/wp\/v2\/comments?post=21029"}],"wp:featuredmedia":[{"embeddable":true,"href":"https:\/\/beatrice-mueller.de\/it\/wp-json\/wp\/v2\/media\/21080"}],"wp:attachment":[{"href":"https:\/\/beatrice-mueller.de\/it\/wp-json\/wp\/v2\/media?parent=21029"}],"wp:term":[{"taxonomy":"product_brand","embeddable":true,"href":"https:\/\/beatrice-mueller.de\/it\/wp-json\/wp\/v2\/product_brand?post=21029"},{"taxonomy":"product_cat","embeddable":true,"href":"https:\/\/beatrice-mueller.de\/it\/wp-json\/wp\/v2\/product_cat?post=21029"},{"taxonomy":"product_tag","embeddable":true,"href":"https:\/\/beatrice-mueller.de\/it\/wp-json\/wp\/v2\/product_tag?post=21029"}],"curies":[{"name":"wp","href":"https:\/\/api.w.org\/{rel}","templated":true}]}}