{"id":21320,"date":"2025-02-16T12:56:40","date_gmt":"2025-02-16T11:56:40","guid":{"rendered":"https:\/\/beatrice-mueller.de\/produkt\/anello-sole-acciaio-inox\/"},"modified":"2025-02-16T12:56:40","modified_gmt":"2025-02-16T11:56:40","slug":"anello-sole-acciaio-inox","status":"publish","type":"product","link":"https:\/\/beatrice-mueller.de\/it\/prodotto\/anello-sole-acciaio-inox\/","title":{"rendered":"Anello SOLE acciaio inox"},"content":{"rendered":"<div class=\"content--title\">\n<div class=\"content--title\">Il sole ci d\u00e0 tutto ci\u00f2 di cui abbiamo bisogno per vivere: calore, luce e buon umore. Fa germogliare i fiori e risvegliare il mondo animale. Questo anello \u00e8 perfetto per gli amanti del sole, dell&#8217;aria fresca e delle anime allegre, ovunque e ti fa brillare.  <\/div>\n<p>&nbsp;<\/p>\n<p><strong>Vuoi progettare il tuo anello?  <a title=\"Invia una mail a X-Design\" href=\"mailto:info@x-design.shop\" target=\"_blank\" rel=\"noopener noreferrer\">Basta scriverci una e-mail.<\/a><\/strong><\/p>\n<p><span style=\"text-decoration: underline\">Caratteristiche:<\/span><\/p>\n<p><span style=\"color: #ff0000\">\u2718<\/span> L&#8217;anello \u00e8 realizzato in acciaio inossidabile 316L di alta qualit\u00e0 e robusto.<\/p>\n<p><span style=\"color: #ff0000\">\u2718<\/span> Pu\u00f2 essere inciso sia all&#8217;interno che all&#8217;esterno.<\/p>\n<p><span style=\"color: #ff0000\">\u2718<\/span> Fatto a mano e testato nella nostra officina.<\/p>\n<table border=\"0\">\n<tbody>\n<tr>\n<td><span data-mce-mark=\"1\"><strong>Materiale Gioielleria<\/strong><\/span><\/td>\n<td><span data-mce-mark=\"1\">acciaio inossidabile<\/span><\/td>\n<\/tr>\n<tr>\n<td><span data-mce-mark=\"1\"><strong>superficie<\/strong><\/span><\/td>\n<td><span data-mce-mark=\"1\">flusso opaco<\/span><\/td>\n<\/tr>\n<tr>\n<td><span data-mce-mark=\"1\"><strong>Caratteristiche speciali<\/strong><\/span><\/td>\n<td><span data-mce-mark=\"1\">incisione laser<br \/>\n<\/span><\/td>\n<\/tr>\n<\/tbody>\n<\/table>\n<p><strong>DETERMINAZIONE DELLA MISURA CORRETTA DELL&#8217;ANELLO<\/strong><\/p>\n<p>La misura degli anelli NO STRESS \u00e8 determinata in base alla circonferenza interna dell&#8217;anello. Per scoprire la circonferenza corretta dell&#8217;anello, tutto ci\u00f2 di cui hai bisogno \u00e8 un filo o un pezzo di carta. <\/p>\n<p>Avvolgi il filo o la carta attorno alla parte del dito in cui vuoi indossare l&#8217;anello e poi misurane la lunghezza. I millimetri misurati riflettono la circonferenza dell&#8217;anello interno. <\/p>\n<table border=\"0\">\n<tbody>\n<tr>\n<td><span data-mce-mark=\"1\"><strong>calibro ad anello della circonferenza misurata (mm)<\/strong><\/span><\/td>\n<td><span data-mce-mark=\"1\"><strong>Diametro anello calibro (mm)<\/strong><\/span><\/td>\n<\/tr>\n<tr>\n<td><span data-mce-mark=\"1\">52<\/span><\/td>\n<td><span data-mce-mark=\"1\">16.5<\/span><\/td>\n<\/tr>\n<tr>\n<td><span data-mce-mark=\"1\">53<\/span><\/td>\n<td><span data-mce-mark=\"1\">17<\/span><\/td>\n<\/tr>\n<tr>\n<td><span data-mce-mark=\"1\">54<\/span><\/td>\n<td><span data-mce-mark=\"1\">17.25<\/span><\/td>\n<\/tr>\n<tr>\n<td><span data-mce-mark=\"1\">55<\/span><\/td>\n<td><span data-mce-mark=\"1\">17.5<\/span><\/td>\n<\/tr>\n<tr>\n<td><span data-mce-mark=\"1\">56<\/span><\/td>\n<td><span data-mce-mark=\"1\">18<\/span><\/td>\n<\/tr>\n<tr>\n<td><span data-mce-mark=\"1\">57<\/span><\/td>\n<td><span data-mce-mark=\"1\">18.25<\/span><\/td>\n<\/tr>\n<tr>\n<td><span data-mce-mark=\"1\">58<\/span><\/td>\n<td><span data-mce-mark=\"1\">18.5<\/span><\/td>\n<\/tr>\n<tr>\n<td><span data-mce-mark=\"1\">59<\/span><\/td>\n<td><span data-mce-mark=\"1\">19<\/span><\/td>\n<\/tr>\n<tr>\n<td><span data-mce-mark=\"1\">60<\/span><\/td>\n<td><span data-mce-mark=\"1\">19.25<\/span><\/td>\n<\/tr>\n<tr>\n<td><span data-mce-mark=\"1\">61<\/span><\/td>\n<td><span data-mce-mark=\"1\">19.5<\/span><\/td>\n<\/tr>\n<tr>\n<td><span data-mce-mark=\"1\">62<\/span><\/td>\n<td><span data-mce-mark=\"1\">19.75<\/span><\/td>\n<\/tr>\n<tr>\n<td><span data-mce-mark=\"1\">63<\/span><\/td>\n<td><span data-mce-mark=\"1\">20<\/span><\/td>\n<\/tr>\n<tr>\n<td><span data-mce-mark=\"1\">64<\/span><\/td>\n<td><span data-mce-mark=\"1\">20.25<\/span><\/td>\n<\/tr>\n<tr>\n<td><span data-mce-mark=\"1\">65<\/span><\/td>\n<td><span data-mce-mark=\"1\">20.5<br \/>\n<\/span><\/td>\n<\/tr>\n<\/tbody>\n<\/table>\n<\/div>\n","protected":false},"excerpt":{"rendered":"<p>Il sole ci d\u00e0 tutto ci\u00f2 di cui abbiamo bisogno per vivere: calore, luce e buon umore. Fa germogliare i fiori e risvegliare il mondo animale. Questo anello \u00e8 perfetto per gli amanti del sole, dell&#8217;aria fresca e delle anime allegre, ovunque e ti fa brillare. &nbsp; Vuoi progettare il tuo anello? Basta scriverci una [&hellip;]<\/p>\n","protected":false},"featured_media":21325,"comment_status":"closed","ping_status":"closed","template":"","meta":{"_glsr_average":0,"_glsr_ranking":0,"_glsr_reviews":0},"product_brand":[],"product_cat":[582],"product_tag":[583,561],"class_list":{"0":"post-21320","1":"product","2":"type-product","3":"status-publish","4":"has-post-thumbnail","6":"product_cat-squillo","7":"product_tag-anelli","8":"product_tag-progettazione-x","9":"pa_groesse-52-16-5-o-it","10":"pa_groesse-53-17-0-o-it-2","11":"pa_groesse-54-17-25-o-it-2","12":"pa_groesse-55-17-5-o-it-2","13":"pa_groesse-56-18-0-o-it-2","14":"pa_groesse-57-18-25-o-it-2","15":"pa_groesse-58-18-5-o-it","16":"pa_groesse-59-19-0-o-it-2","17":"pa_groesse-60-19-25-o-it","18":"pa_groesse-61-19-5-o-it","19":"pa_groesse-62-19-75-o-it","20":"pa_groesse-63-20-0-o-it-2","21":"pa_groesse-64-20-25-o-it-2","22":"pa_groesse-65-20-5-o-it-2","23":"pa_marke-x-design-it-2","25":"first","26":"instock","27":"taxable","28":"shipping-taxable","29":"purchasable","30":"product-type-variable"},"exclude_global_add_ons":[],"addons":[],"yoast_head":"<!-- This site is optimized with the Yoast SEO plugin v25.6 - https:\/\/yoast.com\/wordpress\/plugins\/seo\/ -->\n<title>Anello SOLE acciaio inox - Beatrice M\u00fcller<\/title>\n<meta name=\"robots\" content=\"index, follow, max-snippet:-1, max-image-preview:large, max-video-preview:-1\" \/>\n<link rel=\"canonical\" href=\"https:\/\/beatrice-mueller.de\/it\/prodotto\/anello-sole-acciaio-inox\/\" \/>\n<meta property=\"og:locale\" content=\"it_IT\" \/>\n<meta property=\"og:type\" content=\"article\" \/>\n<meta property=\"og:title\" content=\"Anello SOLE acciaio inox - Beatrice M\u00fcller\" \/>\n<meta property=\"og:description\" content=\"Il sole ci d\u00e0 tutto ci\u00f2 di cui abbiamo bisogno per vivere: calore, luce e buon umore. Fa germogliare i fiori e risvegliare il mondo animale. Questo anello \u00e8 perfetto per gli amanti del sole, dell&#8217;aria fresca e delle anime allegre, ovunque e ti fa brillare. &nbsp; Vuoi progettare il tuo anello? Basta scriverci una [&hellip;]\" \/>\n<meta property=\"og:url\" content=\"https:\/\/beatrice-mueller.de\/it\/prodotto\/anello-sole-acciaio-inox\/\" \/>\n<meta property=\"og:site_name\" content=\"Beatrice M\u00fcller\" \/>\n<meta property=\"og:image\" content=\"https:\/\/beatrice-mueller.de\/wp-content\/uploads\/2022\/02\/x-design_Ring-Sonne.png\" \/>\n\t<meta property=\"og:image:width\" content=\"671\" \/>\n\t<meta property=\"og:image:height\" content=\"635\" \/>\n\t<meta property=\"og:image:type\" content=\"image\/png\" \/>\n<meta name=\"twitter:card\" content=\"summary_large_image\" \/>\n<meta name=\"twitter:label1\" content=\"Tempo di lettura stimato\" \/>\n\t<meta name=\"twitter:data1\" content=\"1 minuto\" \/>\n<script type=\"application\/ld+json\" class=\"yoast-schema-graph\">{\"@context\":\"https:\/\/schema.org\",\"@graph\":[{\"@type\":\"WebPage\",\"@id\":\"https:\/\/beatrice-mueller.de\/it\/prodotto\/anello-sole-acciaio-inox\/\",\"url\":\"https:\/\/beatrice-mueller.de\/it\/prodotto\/anello-sole-acciaio-inox\/\",\"name\":\"Anello SOLE acciaio inox - Beatrice M\u00fcller\",\"isPartOf\":{\"@id\":\"https:\/\/beatrice-mueller.de\/it\/#website\"},\"primaryImageOfPage\":{\"@id\":\"https:\/\/beatrice-mueller.de\/it\/prodotto\/anello-sole-acciaio-inox\/#primaryimage\"},\"image\":{\"@id\":\"https:\/\/beatrice-mueller.de\/it\/prodotto\/anello-sole-acciaio-inox\/#primaryimage\"},\"thumbnailUrl\":\"https:\/\/beatrice-mueller.de\/wp-content\/uploads\/2022\/02\/x-design_Ring-Sonne.png\",\"datePublished\":\"2025-02-16T11:56:40+00:00\",\"breadcrumb\":{\"@id\":\"https:\/\/beatrice-mueller.de\/it\/prodotto\/anello-sole-acciaio-inox\/#breadcrumb\"},\"inLanguage\":\"it-IT\",\"potentialAction\":[{\"@type\":\"ReadAction\",\"target\":[\"https:\/\/beatrice-mueller.de\/it\/prodotto\/anello-sole-acciaio-inox\/\"]}]},{\"@type\":\"ImageObject\",\"inLanguage\":\"it-IT\",\"@id\":\"https:\/\/beatrice-mueller.de\/it\/prodotto\/anello-sole-acciaio-inox\/#primaryimage\",\"url\":\"https:\/\/beatrice-mueller.de\/wp-content\/uploads\/2022\/02\/x-design_Ring-Sonne.png\",\"contentUrl\":\"https:\/\/beatrice-mueller.de\/wp-content\/uploads\/2022\/02\/x-design_Ring-Sonne.png\",\"width\":671,\"height\":635},{\"@type\":\"BreadcrumbList\",\"@id\":\"https:\/\/beatrice-mueller.de\/it\/prodotto\/anello-sole-acciaio-inox\/#breadcrumb\",\"itemListElement\":[{\"@type\":\"ListItem\",\"position\":1,\"name\":\"Startseite\",\"item\":\"https:\/\/beatrice-mueller.de\/it\/\"},{\"@type\":\"ListItem\",\"position\":2,\"name\":\"Negozio\",\"item\":\"https:\/\/beatrice-mueller.de\/it\/negozio-2\/\"},{\"@type\":\"ListItem\",\"position\":3,\"name\":\"Anello SOLE acciaio inox\"}]},{\"@type\":\"WebSite\",\"@id\":\"https:\/\/beatrice-mueller.de\/it\/#website\",\"url\":\"https:\/\/beatrice-mueller.de\/it\/\",\"name\":\"Beatrice M\u00fcller\",\"description\":\"Schmuckdesign\",\"potentialAction\":[{\"@type\":\"SearchAction\",\"target\":{\"@type\":\"EntryPoint\",\"urlTemplate\":\"https:\/\/beatrice-mueller.de\/it\/?s={search_term_string}\"},\"query-input\":{\"@type\":\"PropertyValueSpecification\",\"valueRequired\":true,\"valueName\":\"search_term_string\"}}],\"inLanguage\":\"it-IT\"}]}<\/script>\n<!-- \/ Yoast SEO plugin. -->","yoast_head_json":{"title":"Anello SOLE acciaio inox - Beatrice M\u00fcller","robots":{"index":"index","follow":"follow","max-snippet":"max-snippet:-1","max-image-preview":"max-image-preview:large","max-video-preview":"max-video-preview:-1"},"canonical":"https:\/\/beatrice-mueller.de\/it\/prodotto\/anello-sole-acciaio-inox\/","og_locale":"it_IT","og_type":"article","og_title":"Anello SOLE acciaio inox - Beatrice M\u00fcller","og_description":"Il sole ci d\u00e0 tutto ci\u00f2 di cui abbiamo bisogno per vivere: calore, luce e buon umore. Fa germogliare i fiori e risvegliare il mondo animale. Questo anello \u00e8 perfetto per gli amanti del sole, dell&#8217;aria fresca e delle anime allegre, ovunque e ti fa brillare. &nbsp; Vuoi progettare il tuo anello? Basta scriverci una [&hellip;]","og_url":"https:\/\/beatrice-mueller.de\/it\/prodotto\/anello-sole-acciaio-inox\/","og_site_name":"Beatrice M\u00fcller","og_image":[{"width":671,"height":635,"url":"https:\/\/beatrice-mueller.de\/wp-content\/uploads\/2022\/02\/x-design_Ring-Sonne.png","type":"image\/png"}],"twitter_card":"summary_large_image","twitter_misc":{"Tempo di lettura stimato":"1 minuto"},"schema":{"@context":"https:\/\/schema.org","@graph":[{"@type":"WebPage","@id":"https:\/\/beatrice-mueller.de\/it\/prodotto\/anello-sole-acciaio-inox\/","url":"https:\/\/beatrice-mueller.de\/it\/prodotto\/anello-sole-acciaio-inox\/","name":"Anello SOLE acciaio inox - Beatrice M\u00fcller","isPartOf":{"@id":"https:\/\/beatrice-mueller.de\/it\/#website"},"primaryImageOfPage":{"@id":"https:\/\/beatrice-mueller.de\/it\/prodotto\/anello-sole-acciaio-inox\/#primaryimage"},"image":{"@id":"https:\/\/beatrice-mueller.de\/it\/prodotto\/anello-sole-acciaio-inox\/#primaryimage"},"thumbnailUrl":"https:\/\/beatrice-mueller.de\/wp-content\/uploads\/2022\/02\/x-design_Ring-Sonne.png","datePublished":"2025-02-16T11:56:40+00:00","breadcrumb":{"@id":"https:\/\/beatrice-mueller.de\/it\/prodotto\/anello-sole-acciaio-inox\/#breadcrumb"},"inLanguage":"it-IT","potentialAction":[{"@type":"ReadAction","target":["https:\/\/beatrice-mueller.de\/it\/prodotto\/anello-sole-acciaio-inox\/"]}]},{"@type":"ImageObject","inLanguage":"it-IT","@id":"https:\/\/beatrice-mueller.de\/it\/prodotto\/anello-sole-acciaio-inox\/#primaryimage","url":"https:\/\/beatrice-mueller.de\/wp-content\/uploads\/2022\/02\/x-design_Ring-Sonne.png","contentUrl":"https:\/\/beatrice-mueller.de\/wp-content\/uploads\/2022\/02\/x-design_Ring-Sonne.png","width":671,"height":635},{"@type":"BreadcrumbList","@id":"https:\/\/beatrice-mueller.de\/it\/prodotto\/anello-sole-acciaio-inox\/#breadcrumb","itemListElement":[{"@type":"ListItem","position":1,"name":"Startseite","item":"https:\/\/beatrice-mueller.de\/it\/"},{"@type":"ListItem","position":2,"name":"Negozio","item":"https:\/\/beatrice-mueller.de\/it\/negozio-2\/"},{"@type":"ListItem","position":3,"name":"Anello SOLE acciaio inox"}]},{"@type":"WebSite","@id":"https:\/\/beatrice-mueller.de\/it\/#website","url":"https:\/\/beatrice-mueller.de\/it\/","name":"Beatrice M\u00fcller","description":"Schmuckdesign","potentialAction":[{"@type":"SearchAction","target":{"@type":"EntryPoint","urlTemplate":"https:\/\/beatrice-mueller.de\/it\/?s={search_term_string}"},"query-input":{"@type":"PropertyValueSpecification","valueRequired":true,"valueName":"search_term_string"}}],"inLanguage":"it-IT"}]}},"_links":{"self":[{"href":"https:\/\/beatrice-mueller.de\/it\/wp-json\/wp\/v2\/product\/21320","targetHints":{"allow":["GET"]}}],"collection":[{"href":"https:\/\/beatrice-mueller.de\/it\/wp-json\/wp\/v2\/product"}],"about":[{"href":"https:\/\/beatrice-mueller.de\/it\/wp-json\/wp\/v2\/types\/product"}],"replies":[{"embeddable":true,"href":"https:\/\/beatrice-mueller.de\/it\/wp-json\/wp\/v2\/comments?post=21320"}],"wp:featuredmedia":[{"embeddable":true,"href":"https:\/\/beatrice-mueller.de\/it\/wp-json\/wp\/v2\/media\/21325"}],"wp:attachment":[{"href":"https:\/\/beatrice-mueller.de\/it\/wp-json\/wp\/v2\/media?parent=21320"}],"wp:term":[{"taxonomy":"product_brand","embeddable":true,"href":"https:\/\/beatrice-mueller.de\/it\/wp-json\/wp\/v2\/product_brand?post=21320"},{"taxonomy":"product_cat","embeddable":true,"href":"https:\/\/beatrice-mueller.de\/it\/wp-json\/wp\/v2\/product_cat?post=21320"},{"taxonomy":"product_tag","embeddable":true,"href":"https:\/\/beatrice-mueller.de\/it\/wp-json\/wp\/v2\/product_tag?post=21320"}],"curies":[{"name":"wp","href":"https:\/\/api.w.org\/{rel}","templated":true}]}}