{"id":21446,"date":"2025-02-16T12:56:50","date_gmt":"2025-02-16T11:56:50","guid":{"rendered":"https:\/\/beatrice-mueller.de\/produkt\/ciondolo-segni-zodiacali-argento-925\/"},"modified":"2025-02-16T12:56:50","modified_gmt":"2025-02-16T11:56:50","slug":"ciondolo-segni-zodiacali-argento-925","status":"publish","type":"product","link":"https:\/\/beatrice-mueller.de\/it\/prodotto\/ciondolo-segni-zodiacali-argento-925\/","title":{"rendered":"Ciondolo SEGNI ZODIACALI Argento 925"},"content":{"rendered":"<div class=\"content--title\" style=\"text-align: left;\">Porta sempre con te il tuo segno zodiacale! La piastra d&#8217;argento pu\u00f2 essere fissata ovunque ed \u00e8 resistente al vento e alle intemperie. Ideale per bracciali e collane, ma adatto anche come decorazione per portachiavi ecc.  <\/div>\n<div class=\"content--title\" style=\"text-align: left;\"><\/div>\n<p><span style=\"text-decoration: underline;\">Caratteristiche:<\/span><\/p>\n<p><span style=\"color: #ff0000;\">\u2718<\/span> Ciondolo bifacciale con costellazione e periodo corrispondente sul retro.<\/p>\n<p style=\"text-align: left;\"><span style=\"color: #ff0000;\">\u2718<\/span> Ottima mobilit\u00e0 grazie alla sospensione su un anello d&#8217;argento.<\/p>\n<p style=\"text-align: left;\"><span data-mce-mark=\"1\"><span style=\"color: #ff0000;\">\u2718<\/span> Realizzato nel nostro laboratorio: qualit\u00e0 testata a mano.<\/span><\/p>\n<table border=\"0\">\n<tbody>\n<tr>\n<td><span data-mce-mark=\"1\"><strong>piastrine materiali<\/strong><\/span><\/td>\n<td>Argento 925 placcato palladio bianco<\/td>\n<\/tr>\n<tr>\n<td><span data-mce-mark=\"1\"><strong>superficie<\/strong><\/span><\/td>\n<td>opaco<\/td>\n<\/tr>\n<tr>\n<td><span data-mce-mark=\"1\"><strong>incisione laser a colori<\/strong><\/span><\/td>\n<td><span data-mce-mark=\"1\">colore del materiale<\/span><\/td>\n<\/tr>\n<tr>\n<td><span data-mce-mark=\"1\"><strong>piastra \u00f8<\/strong><\/span><\/td>\n<td><span data-mce-mark=\"1\">14,9 millimetri<\/span><\/td>\n<\/tr>\n<tr>\n<td><span data-mce-mark=\"1\"><strong>piastra di spessore del materiale<\/strong><\/span><\/td>\n<td><span data-mce-mark=\"1\">0,8 millimetri<\/span><\/td>\n<\/tr>\n<\/tbody>\n<\/table>\n","protected":false},"excerpt":{"rendered":"<p>Porta sempre con te il tuo segno zodiacale! La piastra d&#8217;argento pu\u00f2 essere fissata ovunque ed \u00e8 resistente al vento e alle intemperie. Ideale per bracciali e collane, ma adatto anche come decorazione per portachiavi ecc. Caratteristiche: \u2718 Ciondolo bifacciale con costellazione e periodo corrispondente sul retro. \u2718 Ottima mobilit\u00e0 grazie alla sospensione su un [&hellip;]<\/p>\n","protected":false},"featured_media":21472,"comment_status":"closed","ping_status":"closed","template":"","meta":{"_glsr_average":0,"_glsr_ranking":0,"_glsr_reviews":0},"product_brand":[],"product_cat":[594,592],"product_tag":[593,561],"class_list":{"0":"post-21446","1":"product","2":"type-product","3":"status-publish","4":"has-post-thumbnail","6":"product_cat-rimorchio","7":"product_cat-segno-zodiacale","8":"product_tag-gioielli-zodiacali","9":"product_tag-progettazione-x","10":"pa_marke-x-design-it-2","11":"pa_sternzeichen-fische-it","12":"pa_sternzeichen-jungfrau-it","13":"pa_sternzeichen-krebs-it","14":"pa_sternzeichen-loewe-it","15":"pa_sternzeichen-schuetze-it","16":"pa_sternzeichen-skorpion-it","17":"pa_sternzeichen-steinbock-it","18":"pa_sternzeichen-stier-it","19":"pa_sternzeichen-waage-it","20":"pa_sternzeichen-wassermann-it","21":"pa_sternzeichen-widder-it","22":"pa_sternzeichen-zwillinge-it","24":"first","25":"instock","26":"taxable","27":"shipping-taxable","28":"purchasable","29":"product-type-variable"},"exclude_global_add_ons":[],"addons":[],"yoast_head":"<!-- This site is optimized with the Yoast SEO plugin v25.6 - https:\/\/yoast.com\/wordpress\/plugins\/seo\/ -->\n<title>Ciondolo SEGNI ZODIACALI Argento 925 - Beatrice M\u00fcller<\/title>\n<meta name=\"robots\" content=\"index, follow, max-snippet:-1, max-image-preview:large, max-video-preview:-1\" \/>\n<link rel=\"canonical\" href=\"https:\/\/beatrice-mueller.de\/it\/prodotto\/ciondolo-segni-zodiacali-argento-925\/\" \/>\n<meta property=\"og:locale\" content=\"it_IT\" \/>\n<meta property=\"og:type\" content=\"article\" \/>\n<meta property=\"og:title\" content=\"Ciondolo SEGNI ZODIACALI Argento 925 - Beatrice M\u00fcller\" \/>\n<meta property=\"og:description\" content=\"Porta sempre con te il tuo segno zodiacale! La piastra d&#8217;argento pu\u00f2 essere fissata ovunque ed \u00e8 resistente al vento e alle intemperie. Ideale per bracciali e collane, ma adatto anche come decorazione per portachiavi ecc. Caratteristiche: \u2718 Ciondolo bifacciale con costellazione e periodo corrispondente sul retro. \u2718 Ottima mobilit\u00e0 grazie alla sospensione su un [&hellip;]\" \/>\n<meta property=\"og:url\" content=\"https:\/\/beatrice-mueller.de\/it\/prodotto\/ciondolo-segni-zodiacali-argento-925\/\" \/>\n<meta property=\"og:site_name\" content=\"Beatrice M\u00fcller\" \/>\n<meta property=\"og:image\" content=\"https:\/\/beatrice-mueller.de\/wp-content\/uploads\/2022\/02\/Steinbock_7e1016e2-e35e-4918-ad20-cb086f7b04e7.png\" \/>\n\t<meta property=\"og:image:width\" content=\"671\" \/>\n\t<meta property=\"og:image:height\" content=\"635\" \/>\n\t<meta property=\"og:image:type\" content=\"image\/png\" \/>\n<meta name=\"twitter:card\" content=\"summary_large_image\" \/>\n<script type=\"application\/ld+json\" class=\"yoast-schema-graph\">{\"@context\":\"https:\/\/schema.org\",\"@graph\":[{\"@type\":\"WebPage\",\"@id\":\"https:\/\/beatrice-mueller.de\/it\/prodotto\/ciondolo-segni-zodiacali-argento-925\/\",\"url\":\"https:\/\/beatrice-mueller.de\/it\/prodotto\/ciondolo-segni-zodiacali-argento-925\/\",\"name\":\"Ciondolo SEGNI ZODIACALI Argento 925 - Beatrice M\u00fcller\",\"isPartOf\":{\"@id\":\"https:\/\/beatrice-mueller.de\/it\/#website\"},\"primaryImageOfPage\":{\"@id\":\"https:\/\/beatrice-mueller.de\/it\/prodotto\/ciondolo-segni-zodiacali-argento-925\/#primaryimage\"},\"image\":{\"@id\":\"https:\/\/beatrice-mueller.de\/it\/prodotto\/ciondolo-segni-zodiacali-argento-925\/#primaryimage\"},\"thumbnailUrl\":\"https:\/\/beatrice-mueller.de\/wp-content\/uploads\/2022\/02\/Steinbock_7e1016e2-e35e-4918-ad20-cb086f7b04e7.png\",\"datePublished\":\"2025-02-16T11:56:50+00:00\",\"breadcrumb\":{\"@id\":\"https:\/\/beatrice-mueller.de\/it\/prodotto\/ciondolo-segni-zodiacali-argento-925\/#breadcrumb\"},\"inLanguage\":\"it-IT\",\"potentialAction\":[{\"@type\":\"ReadAction\",\"target\":[\"https:\/\/beatrice-mueller.de\/it\/prodotto\/ciondolo-segni-zodiacali-argento-925\/\"]}]},{\"@type\":\"ImageObject\",\"inLanguage\":\"it-IT\",\"@id\":\"https:\/\/beatrice-mueller.de\/it\/prodotto\/ciondolo-segni-zodiacali-argento-925\/#primaryimage\",\"url\":\"https:\/\/beatrice-mueller.de\/wp-content\/uploads\/2022\/02\/Steinbock_7e1016e2-e35e-4918-ad20-cb086f7b04e7.png\",\"contentUrl\":\"https:\/\/beatrice-mueller.de\/wp-content\/uploads\/2022\/02\/Steinbock_7e1016e2-e35e-4918-ad20-cb086f7b04e7.png\",\"width\":671,\"height\":635},{\"@type\":\"BreadcrumbList\",\"@id\":\"https:\/\/beatrice-mueller.de\/it\/prodotto\/ciondolo-segni-zodiacali-argento-925\/#breadcrumb\",\"itemListElement\":[{\"@type\":\"ListItem\",\"position\":1,\"name\":\"Startseite\",\"item\":\"https:\/\/beatrice-mueller.de\/it\/\"},{\"@type\":\"ListItem\",\"position\":2,\"name\":\"Negozio\",\"item\":\"https:\/\/beatrice-mueller.de\/it\/negozio-2\/\"},{\"@type\":\"ListItem\",\"position\":3,\"name\":\"Ciondolo SEGNI ZODIACALI Argento 925\"}]},{\"@type\":\"WebSite\",\"@id\":\"https:\/\/beatrice-mueller.de\/it\/#website\",\"url\":\"https:\/\/beatrice-mueller.de\/it\/\",\"name\":\"Beatrice M\u00fcller\",\"description\":\"Schmuckdesign\",\"potentialAction\":[{\"@type\":\"SearchAction\",\"target\":{\"@type\":\"EntryPoint\",\"urlTemplate\":\"https:\/\/beatrice-mueller.de\/it\/?s={search_term_string}\"},\"query-input\":{\"@type\":\"PropertyValueSpecification\",\"valueRequired\":true,\"valueName\":\"search_term_string\"}}],\"inLanguage\":\"it-IT\"}]}<\/script>\n<!-- \/ Yoast SEO plugin. -->","yoast_head_json":{"title":"Ciondolo SEGNI ZODIACALI Argento 925 - Beatrice M\u00fcller","robots":{"index":"index","follow":"follow","max-snippet":"max-snippet:-1","max-image-preview":"max-image-preview:large","max-video-preview":"max-video-preview:-1"},"canonical":"https:\/\/beatrice-mueller.de\/it\/prodotto\/ciondolo-segni-zodiacali-argento-925\/","og_locale":"it_IT","og_type":"article","og_title":"Ciondolo SEGNI ZODIACALI Argento 925 - Beatrice M\u00fcller","og_description":"Porta sempre con te il tuo segno zodiacale! La piastra d&#8217;argento pu\u00f2 essere fissata ovunque ed \u00e8 resistente al vento e alle intemperie. Ideale per bracciali e collane, ma adatto anche come decorazione per portachiavi ecc. Caratteristiche: \u2718 Ciondolo bifacciale con costellazione e periodo corrispondente sul retro. \u2718 Ottima mobilit\u00e0 grazie alla sospensione su un [&hellip;]","og_url":"https:\/\/beatrice-mueller.de\/it\/prodotto\/ciondolo-segni-zodiacali-argento-925\/","og_site_name":"Beatrice M\u00fcller","og_image":[{"width":671,"height":635,"url":"https:\/\/beatrice-mueller.de\/wp-content\/uploads\/2022\/02\/Steinbock_7e1016e2-e35e-4918-ad20-cb086f7b04e7.png","type":"image\/png"}],"twitter_card":"summary_large_image","schema":{"@context":"https:\/\/schema.org","@graph":[{"@type":"WebPage","@id":"https:\/\/beatrice-mueller.de\/it\/prodotto\/ciondolo-segni-zodiacali-argento-925\/","url":"https:\/\/beatrice-mueller.de\/it\/prodotto\/ciondolo-segni-zodiacali-argento-925\/","name":"Ciondolo SEGNI ZODIACALI Argento 925 - Beatrice M\u00fcller","isPartOf":{"@id":"https:\/\/beatrice-mueller.de\/it\/#website"},"primaryImageOfPage":{"@id":"https:\/\/beatrice-mueller.de\/it\/prodotto\/ciondolo-segni-zodiacali-argento-925\/#primaryimage"},"image":{"@id":"https:\/\/beatrice-mueller.de\/it\/prodotto\/ciondolo-segni-zodiacali-argento-925\/#primaryimage"},"thumbnailUrl":"https:\/\/beatrice-mueller.de\/wp-content\/uploads\/2022\/02\/Steinbock_7e1016e2-e35e-4918-ad20-cb086f7b04e7.png","datePublished":"2025-02-16T11:56:50+00:00","breadcrumb":{"@id":"https:\/\/beatrice-mueller.de\/it\/prodotto\/ciondolo-segni-zodiacali-argento-925\/#breadcrumb"},"inLanguage":"it-IT","potentialAction":[{"@type":"ReadAction","target":["https:\/\/beatrice-mueller.de\/it\/prodotto\/ciondolo-segni-zodiacali-argento-925\/"]}]},{"@type":"ImageObject","inLanguage":"it-IT","@id":"https:\/\/beatrice-mueller.de\/it\/prodotto\/ciondolo-segni-zodiacali-argento-925\/#primaryimage","url":"https:\/\/beatrice-mueller.de\/wp-content\/uploads\/2022\/02\/Steinbock_7e1016e2-e35e-4918-ad20-cb086f7b04e7.png","contentUrl":"https:\/\/beatrice-mueller.de\/wp-content\/uploads\/2022\/02\/Steinbock_7e1016e2-e35e-4918-ad20-cb086f7b04e7.png","width":671,"height":635},{"@type":"BreadcrumbList","@id":"https:\/\/beatrice-mueller.de\/it\/prodotto\/ciondolo-segni-zodiacali-argento-925\/#breadcrumb","itemListElement":[{"@type":"ListItem","position":1,"name":"Startseite","item":"https:\/\/beatrice-mueller.de\/it\/"},{"@type":"ListItem","position":2,"name":"Negozio","item":"https:\/\/beatrice-mueller.de\/it\/negozio-2\/"},{"@type":"ListItem","position":3,"name":"Ciondolo SEGNI ZODIACALI Argento 925"}]},{"@type":"WebSite","@id":"https:\/\/beatrice-mueller.de\/it\/#website","url":"https:\/\/beatrice-mueller.de\/it\/","name":"Beatrice M\u00fcller","description":"Schmuckdesign","potentialAction":[{"@type":"SearchAction","target":{"@type":"EntryPoint","urlTemplate":"https:\/\/beatrice-mueller.de\/it\/?s={search_term_string}"},"query-input":{"@type":"PropertyValueSpecification","valueRequired":true,"valueName":"search_term_string"}}],"inLanguage":"it-IT"}]}},"_links":{"self":[{"href":"https:\/\/beatrice-mueller.de\/it\/wp-json\/wp\/v2\/product\/21446","targetHints":{"allow":["GET"]}}],"collection":[{"href":"https:\/\/beatrice-mueller.de\/it\/wp-json\/wp\/v2\/product"}],"about":[{"href":"https:\/\/beatrice-mueller.de\/it\/wp-json\/wp\/v2\/types\/product"}],"replies":[{"embeddable":true,"href":"https:\/\/beatrice-mueller.de\/it\/wp-json\/wp\/v2\/comments?post=21446"}],"wp:featuredmedia":[{"embeddable":true,"href":"https:\/\/beatrice-mueller.de\/it\/wp-json\/wp\/v2\/media\/21472"}],"wp:attachment":[{"href":"https:\/\/beatrice-mueller.de\/it\/wp-json\/wp\/v2\/media?parent=21446"}],"wp:term":[{"taxonomy":"product_brand","embeddable":true,"href":"https:\/\/beatrice-mueller.de\/it\/wp-json\/wp\/v2\/product_brand?post=21446"},{"taxonomy":"product_cat","embeddable":true,"href":"https:\/\/beatrice-mueller.de\/it\/wp-json\/wp\/v2\/product_cat?post=21446"},{"taxonomy":"product_tag","embeddable":true,"href":"https:\/\/beatrice-mueller.de\/it\/wp-json\/wp\/v2\/product_tag?post=21446"}],"curies":[{"name":"wp","href":"https:\/\/api.w.org\/{rel}","templated":true}]}}