{"id":21572,"date":"2025-02-16T12:56:57","date_gmt":"2025-02-16T11:56:57","guid":{"rendered":"https:\/\/beatrice-mueller.de\/produkt\/bracciale-apple-argento-925-placcato-palladio-bianco\/"},"modified":"2025-02-16T12:56:57","modified_gmt":"2025-02-16T11:56:57","slug":"bracciale-apple-argento-925-placcato-palladio-bianco","status":"publish","type":"product","link":"https:\/\/beatrice-mueller.de\/it\/prodotto\/bracciale-apple-argento-925-placcato-palladio-bianco\/","title":{"rendered":"Bracciale APPLE argento 925 placcato palladio bianco"},"content":{"rendered":"<p>In molte culture la mela \u00e8 simbolo di saggezza, immortalit\u00e0, bellezza e giovinezza. Oltretutto fa bene alla salute e, come dice un vecchio proverbio, toglie il medico di torno. Decidi tu cosa significa per te il frutto.  <\/p>\n<div class=\"product--description\">\n<p style=\"text-align: left\" align=\"center\"><span style=\"text-decoration: underline\">Caratteristiche:<\/span><\/p>\n<p style=\"text-align: left\" align=\"center\"><span style=\"color: #ff0000\">\u2718<\/span> Superficie in argento lucidata a mano con marchio sul retro.<\/p>\n<p style=\"text-align: left\" align=\"center\"><span style=\"color: #ff0000\">\u2718<\/span> Facile da applicare e con dimensioni regolabili per adattarsi a qualsiasi polso.<\/p>\n<p style=\"text-align: left\" align=\"center\"><span style=\"color: #ff0000\">\u2718<\/span> Le foglie mobili conferiscono un aspetto realistico.<\/p>\n<table border=\"0\">\n<tbody>\n<tr>\n<td><span data-mce-mark=\"1\"><strong>Materiale Gioielleria<\/strong><\/span><\/td>\n<td>Argento 925 placcato palladio bianco<\/td>\n<\/tr>\n<tr>\n<td><span data-mce-mark=\"1\"><strong>superficie<\/strong><\/span><\/td>\n<td><span data-mce-mark=\"1\">lucido<\/span><\/td>\n<\/tr>\n<tr>\n<td><strong>pendente mela \u00f8<\/strong><\/td>\n<td>6,3 millimetri<\/td>\n<\/tr>\n<tr>\n<td><span data-mce-mark=\"1\"><strong>banda<\/strong><\/span><\/td>\n<td><span data-mce-mark=\"1\">filato industriale, antistrappo<br \/>\n<\/span><\/td>\n<\/tr>\n<\/tbody>\n<\/table>\n<\/div>\n","protected":false},"excerpt":{"rendered":"<p>In molte culture la mela \u00e8 simbolo di saggezza, immortalit\u00e0, bellezza e giovinezza. Oltretutto fa bene alla salute e, come dice un vecchio proverbio, toglie il medico di torno. Decidi tu cosa significa per te il frutto. Caratteristiche: \u2718 Superficie in argento lucidata a mano con marchio sul retro. \u2718 Facile da applicare e con [&hellip;]<\/p>\n","protected":false},"featured_media":21595,"comment_status":"closed","ping_status":"closed","template":"","meta":{"_glsr_average":0,"_glsr_ranking":0,"_glsr_reviews":0},"product_brand":[],"product_cat":[568],"product_tag":[569,561],"class_list":{"0":"post-21572","1":"product","2":"type-product","3":"status-publish","4":"has-post-thumbnail","6":"product_cat-braccialetto","7":"product_tag-bracciali","8":"product_tag-progettazione-x","9":"pa_farbe-des-armbands-amethyst-it-2","10":"pa_farbe-des-armbands-beige-it-2","11":"pa_farbe-des-armbands-blau-it-2","12":"pa_farbe-des-armbands-dunkelblau-it-2","13":"pa_farbe-des-armbands-dunkelrosa-it","14":"pa_farbe-des-armbands-gelb-it","15":"pa_farbe-des-armbands-granatrot-it-2","16":"pa_farbe-des-armbands-grau-it","17":"pa_farbe-des-armbands-gruen-it-2","18":"pa_farbe-des-armbands-hellrosa-it-2","19":"pa_farbe-des-armbands-jadegruen-it-2","20":"pa_farbe-des-armbands-korallrot-it","21":"pa_farbe-des-armbands-lila-it-2","22":"pa_farbe-des-armbands-olive-it-2","23":"pa_farbe-des-armbands-rot-it","24":"pa_farbe-des-armbands-schwarz-it-2","25":"pa_farbe-des-armbands-tuerkis-it-2","27":"first","28":"instock","29":"taxable","30":"shipping-taxable","31":"purchasable","32":"product-type-variable"},"exclude_global_add_ons":[],"addons":[],"yoast_head":"<!-- This site is optimized with the Yoast SEO plugin v25.6 - https:\/\/yoast.com\/wordpress\/plugins\/seo\/ -->\n<title>Bracciale APPLE argento 925 placcato palladio bianco - Beatrice M\u00fcller<\/title>\n<meta name=\"robots\" content=\"index, follow, max-snippet:-1, max-image-preview:large, max-video-preview:-1\" \/>\n<link rel=\"canonical\" href=\"https:\/\/beatrice-mueller.de\/it\/prodotto\/bracciale-apple-argento-925-placcato-palladio-bianco\/\" \/>\n<meta property=\"og:locale\" content=\"it_IT\" \/>\n<meta property=\"og:type\" content=\"article\" \/>\n<meta property=\"og:title\" content=\"Bracciale APPLE argento 925 placcato palladio bianco - Beatrice M\u00fcller\" \/>\n<meta property=\"og:description\" content=\"In molte culture la mela \u00e8 simbolo di saggezza, immortalit\u00e0, bellezza e giovinezza. Oltretutto fa bene alla salute e, come dice un vecchio proverbio, toglie il medico di torno. Decidi tu cosa significa per te il frutto. Caratteristiche: \u2718 Superficie in argento lucidata a mano con marchio sul retro. \u2718 Facile da applicare e con [&hellip;]\" \/>\n<meta property=\"og:url\" content=\"https:\/\/beatrice-mueller.de\/it\/prodotto\/bracciale-apple-argento-925-placcato-palladio-bianco\/\" \/>\n<meta property=\"og:site_name\" content=\"Beatrice M\u00fcller\" \/>\n<meta property=\"og:image\" content=\"https:\/\/beatrice-mueller.de\/wp-content\/uploads\/2022\/02\/X-DESIGN-Armband-Apfel-Weiss-Tuerkis.jpg\" \/>\n\t<meta property=\"og:image:width\" content=\"1000\" \/>\n\t<meta property=\"og:image:height\" content=\"1000\" \/>\n\t<meta property=\"og:image:type\" content=\"image\/jpeg\" \/>\n<meta name=\"twitter:card\" content=\"summary_large_image\" \/>\n<script type=\"application\/ld+json\" class=\"yoast-schema-graph\">{\"@context\":\"https:\/\/schema.org\",\"@graph\":[{\"@type\":\"WebPage\",\"@id\":\"https:\/\/beatrice-mueller.de\/it\/prodotto\/bracciale-apple-argento-925-placcato-palladio-bianco\/\",\"url\":\"https:\/\/beatrice-mueller.de\/it\/prodotto\/bracciale-apple-argento-925-placcato-palladio-bianco\/\",\"name\":\"Bracciale APPLE argento 925 placcato palladio bianco - Beatrice M\u00fcller\",\"isPartOf\":{\"@id\":\"https:\/\/beatrice-mueller.de\/it\/#website\"},\"primaryImageOfPage\":{\"@id\":\"https:\/\/beatrice-mueller.de\/it\/prodotto\/bracciale-apple-argento-925-placcato-palladio-bianco\/#primaryimage\"},\"image\":{\"@id\":\"https:\/\/beatrice-mueller.de\/it\/prodotto\/bracciale-apple-argento-925-placcato-palladio-bianco\/#primaryimage\"},\"thumbnailUrl\":\"https:\/\/beatrice-mueller.de\/wp-content\/uploads\/2022\/02\/X-DESIGN-Armband-Apfel-Weiss-Tuerkis.jpg\",\"datePublished\":\"2025-02-16T11:56:57+00:00\",\"breadcrumb\":{\"@id\":\"https:\/\/beatrice-mueller.de\/it\/prodotto\/bracciale-apple-argento-925-placcato-palladio-bianco\/#breadcrumb\"},\"inLanguage\":\"it-IT\",\"potentialAction\":[{\"@type\":\"ReadAction\",\"target\":[\"https:\/\/beatrice-mueller.de\/it\/prodotto\/bracciale-apple-argento-925-placcato-palladio-bianco\/\"]}]},{\"@type\":\"ImageObject\",\"inLanguage\":\"it-IT\",\"@id\":\"https:\/\/beatrice-mueller.de\/it\/prodotto\/bracciale-apple-argento-925-placcato-palladio-bianco\/#primaryimage\",\"url\":\"https:\/\/beatrice-mueller.de\/wp-content\/uploads\/2022\/02\/X-DESIGN-Armband-Apfel-Weiss-Tuerkis.jpg\",\"contentUrl\":\"https:\/\/beatrice-mueller.de\/wp-content\/uploads\/2022\/02\/X-DESIGN-Armband-Apfel-Weiss-Tuerkis.jpg\",\"width\":1000,\"height\":1000},{\"@type\":\"BreadcrumbList\",\"@id\":\"https:\/\/beatrice-mueller.de\/it\/prodotto\/bracciale-apple-argento-925-placcato-palladio-bianco\/#breadcrumb\",\"itemListElement\":[{\"@type\":\"ListItem\",\"position\":1,\"name\":\"Startseite\",\"item\":\"https:\/\/beatrice-mueller.de\/it\/\"},{\"@type\":\"ListItem\",\"position\":2,\"name\":\"Negozio\",\"item\":\"https:\/\/beatrice-mueller.de\/it\/negozio-2\/\"},{\"@type\":\"ListItem\",\"position\":3,\"name\":\"Bracciale APPLE argento 925 placcato palladio bianco\"}]},{\"@type\":\"WebSite\",\"@id\":\"https:\/\/beatrice-mueller.de\/it\/#website\",\"url\":\"https:\/\/beatrice-mueller.de\/it\/\",\"name\":\"Beatrice M\u00fcller\",\"description\":\"Schmuckdesign\",\"potentialAction\":[{\"@type\":\"SearchAction\",\"target\":{\"@type\":\"EntryPoint\",\"urlTemplate\":\"https:\/\/beatrice-mueller.de\/it\/?s={search_term_string}\"},\"query-input\":{\"@type\":\"PropertyValueSpecification\",\"valueRequired\":true,\"valueName\":\"search_term_string\"}}],\"inLanguage\":\"it-IT\"}]}<\/script>\n<!-- \/ Yoast SEO plugin. -->","yoast_head_json":{"title":"Bracciale APPLE argento 925 placcato palladio bianco - Beatrice M\u00fcller","robots":{"index":"index","follow":"follow","max-snippet":"max-snippet:-1","max-image-preview":"max-image-preview:large","max-video-preview":"max-video-preview:-1"},"canonical":"https:\/\/beatrice-mueller.de\/it\/prodotto\/bracciale-apple-argento-925-placcato-palladio-bianco\/","og_locale":"it_IT","og_type":"article","og_title":"Bracciale APPLE argento 925 placcato palladio bianco - Beatrice M\u00fcller","og_description":"In molte culture la mela \u00e8 simbolo di saggezza, immortalit\u00e0, bellezza e giovinezza. Oltretutto fa bene alla salute e, come dice un vecchio proverbio, toglie il medico di torno. Decidi tu cosa significa per te il frutto. Caratteristiche: \u2718 Superficie in argento lucidata a mano con marchio sul retro. \u2718 Facile da applicare e con [&hellip;]","og_url":"https:\/\/beatrice-mueller.de\/it\/prodotto\/bracciale-apple-argento-925-placcato-palladio-bianco\/","og_site_name":"Beatrice M\u00fcller","og_image":[{"width":1000,"height":1000,"url":"https:\/\/beatrice-mueller.de\/wp-content\/uploads\/2022\/02\/X-DESIGN-Armband-Apfel-Weiss-Tuerkis.jpg","type":"image\/jpeg"}],"twitter_card":"summary_large_image","schema":{"@context":"https:\/\/schema.org","@graph":[{"@type":"WebPage","@id":"https:\/\/beatrice-mueller.de\/it\/prodotto\/bracciale-apple-argento-925-placcato-palladio-bianco\/","url":"https:\/\/beatrice-mueller.de\/it\/prodotto\/bracciale-apple-argento-925-placcato-palladio-bianco\/","name":"Bracciale APPLE argento 925 placcato palladio bianco - Beatrice M\u00fcller","isPartOf":{"@id":"https:\/\/beatrice-mueller.de\/it\/#website"},"primaryImageOfPage":{"@id":"https:\/\/beatrice-mueller.de\/it\/prodotto\/bracciale-apple-argento-925-placcato-palladio-bianco\/#primaryimage"},"image":{"@id":"https:\/\/beatrice-mueller.de\/it\/prodotto\/bracciale-apple-argento-925-placcato-palladio-bianco\/#primaryimage"},"thumbnailUrl":"https:\/\/beatrice-mueller.de\/wp-content\/uploads\/2022\/02\/X-DESIGN-Armband-Apfel-Weiss-Tuerkis.jpg","datePublished":"2025-02-16T11:56:57+00:00","breadcrumb":{"@id":"https:\/\/beatrice-mueller.de\/it\/prodotto\/bracciale-apple-argento-925-placcato-palladio-bianco\/#breadcrumb"},"inLanguage":"it-IT","potentialAction":[{"@type":"ReadAction","target":["https:\/\/beatrice-mueller.de\/it\/prodotto\/bracciale-apple-argento-925-placcato-palladio-bianco\/"]}]},{"@type":"ImageObject","inLanguage":"it-IT","@id":"https:\/\/beatrice-mueller.de\/it\/prodotto\/bracciale-apple-argento-925-placcato-palladio-bianco\/#primaryimage","url":"https:\/\/beatrice-mueller.de\/wp-content\/uploads\/2022\/02\/X-DESIGN-Armband-Apfel-Weiss-Tuerkis.jpg","contentUrl":"https:\/\/beatrice-mueller.de\/wp-content\/uploads\/2022\/02\/X-DESIGN-Armband-Apfel-Weiss-Tuerkis.jpg","width":1000,"height":1000},{"@type":"BreadcrumbList","@id":"https:\/\/beatrice-mueller.de\/it\/prodotto\/bracciale-apple-argento-925-placcato-palladio-bianco\/#breadcrumb","itemListElement":[{"@type":"ListItem","position":1,"name":"Startseite","item":"https:\/\/beatrice-mueller.de\/it\/"},{"@type":"ListItem","position":2,"name":"Negozio","item":"https:\/\/beatrice-mueller.de\/it\/negozio-2\/"},{"@type":"ListItem","position":3,"name":"Bracciale APPLE argento 925 placcato palladio bianco"}]},{"@type":"WebSite","@id":"https:\/\/beatrice-mueller.de\/it\/#website","url":"https:\/\/beatrice-mueller.de\/it\/","name":"Beatrice M\u00fcller","description":"Schmuckdesign","potentialAction":[{"@type":"SearchAction","target":{"@type":"EntryPoint","urlTemplate":"https:\/\/beatrice-mueller.de\/it\/?s={search_term_string}"},"query-input":{"@type":"PropertyValueSpecification","valueRequired":true,"valueName":"search_term_string"}}],"inLanguage":"it-IT"}]}},"_links":{"self":[{"href":"https:\/\/beatrice-mueller.de\/it\/wp-json\/wp\/v2\/product\/21572","targetHints":{"allow":["GET"]}}],"collection":[{"href":"https:\/\/beatrice-mueller.de\/it\/wp-json\/wp\/v2\/product"}],"about":[{"href":"https:\/\/beatrice-mueller.de\/it\/wp-json\/wp\/v2\/types\/product"}],"replies":[{"embeddable":true,"href":"https:\/\/beatrice-mueller.de\/it\/wp-json\/wp\/v2\/comments?post=21572"}],"wp:featuredmedia":[{"embeddable":true,"href":"https:\/\/beatrice-mueller.de\/it\/wp-json\/wp\/v2\/media\/21595"}],"wp:attachment":[{"href":"https:\/\/beatrice-mueller.de\/it\/wp-json\/wp\/v2\/media?parent=21572"}],"wp:term":[{"taxonomy":"product_brand","embeddable":true,"href":"https:\/\/beatrice-mueller.de\/it\/wp-json\/wp\/v2\/product_brand?post=21572"},{"taxonomy":"product_cat","embeddable":true,"href":"https:\/\/beatrice-mueller.de\/it\/wp-json\/wp\/v2\/product_cat?post=21572"},{"taxonomy":"product_tag","embeddable":true,"href":"https:\/\/beatrice-mueller.de\/it\/wp-json\/wp\/v2\/product_tag?post=21572"}],"curies":[{"name":"wp","href":"https:\/\/api.w.org\/{rel}","templated":true}]}}