{"id":21846,"date":"2025-02-16T12:57:07","date_gmt":"2025-02-16T11:57:07","guid":{"rendered":"https:\/\/beatrice-mueller.de\/produkt\/bracciale-no-stress-argento-925-placcato-oro-rosa-platino\/"},"modified":"2025-02-16T12:57:07","modified_gmt":"2025-02-16T11:57:07","slug":"bracciale-no-stress-argento-925-placcato-oro-rosa-platino","status":"publish","type":"product","link":"https:\/\/beatrice-mueller.de\/it\/prodotto\/bracciale-no-stress-argento-925-placcato-oro-rosa-platino\/","title":{"rendered":"Bracciale NO STRESS argento 925 placcato oro rosa platino"},"content":{"rendered":"<p>Conosci il problema dello stress? Il marchio X-Design di Beatrice M\u00fcller \u00e8 sinonimo di NO STRESS. Dal 2015, il filo conduttore delle nostre collezioni indica la direzione. I temi sono realistici e diventano tangibili nei prodotti: NO STRESS, rallentare ed essere consapevoli sono i nostri temi. La T ruotata mostra che un cambiamento nell&#8217;allineamento \u00e8 sufficiente per eliminare la potenza dello stress.    <\/p>\n<p>Indossa consapevolmente NO STRESS e non lasciarti influenzare dalla frenesia della vita quotidiana. Scegli il tuo braccialetto preferito e integra il pensiero NO STRESS nella tua vita. <\/p>\n<p><u>Caratteristiche:<\/u><\/p>\n<p><span style=\"color: #ff0000\">\u2718<\/span> Il cavo \u00e8 disponibile in 16 colori diversi.<\/p>\n<p><span style=\"color: #ff0000\">\u2718<\/span> Si adatta a ogni polso grazie al cubo scorrevole.<\/p>\n<p><span style=\"color: #ff0000\">\u2718<\/span> Il braccialetto preferito \u00e8 disponibile in tre superfici e tre colori<\/p>\n<p><span data-mce-mark=\"1\"> <\/span><\/p>\n<div class=\"product--description\">\n<table border=\"0\">\n<tbody>\n<tr>\n<td><span data-mce-mark=\"1\"><strong>Materiale Gioielleria<\/strong><\/span><\/td>\n<td><span data-mce-mark=\"1\">Argento 925 placcato oro rosa platino<\/span><\/td>\n<\/tr>\n<tr>\n<td><span data-mce-mark=\"1\"><strong>superficie<\/strong><\/span><\/td>\n<td><span data-mce-mark=\"1\">lucido \/ opaco fluido \/ opaco diamantato<\/span><\/td>\n<\/tr>\n<tr>\n<td><span data-mce-mark=\"1\"><strong>piastra \u00f8<\/strong><\/span><\/td>\n<td><span data-mce-mark=\"1\">14,9 millimetri<\/span><\/td>\n<\/tr>\n<tr>\n<td><span data-mce-mark=\"1\"><strong>spessore del materiale piastra<\/strong><\/span><\/td>\n<td><span data-mce-mark=\"1\">0,9 millimetri<\/span><\/td>\n<\/tr>\n<tr>\n<td><span data-mce-mark=\"1\"><strong>banda<\/strong><\/span><\/td>\n<td><span data-mce-mark=\"1\">filato industriale, assolutamente resistente allo strappo<br \/>\n<\/span><\/td>\n<\/tr>\n<\/tbody>\n<\/table>\n<\/div>\n","protected":false},"excerpt":{"rendered":"<p>Conosci il problema dello stress? Il marchio X-Design di Beatrice M\u00fcller \u00e8 sinonimo di NO STRESS. Dal 2015, il filo conduttore delle nostre collezioni indica la direzione. I temi sono realistici e diventano tangibili nei prodotti: NO STRESS, rallentare ed essere consapevoli sono i nostri temi. La T ruotata mostra che un cambiamento nell&#8217;allineamento \u00e8 [&hellip;]<\/p>\n","protected":false},"featured_media":21998,"comment_status":"closed","ping_status":"closed","template":"","meta":{"_glsr_average":0,"_glsr_ranking":0,"_glsr_reviews":0},"product_brand":[],"product_cat":[568],"product_tag":[599,569,561],"class_list":{"0":"post-21846","1":"product","2":"type-product","3":"status-publish","4":"has-post-thumbnail","6":"product_cat-braccialetto","7":"product_tag-braccialetto-no-stress","8":"product_tag-bracciali","9":"product_tag-progettazione-x","10":"pa_fadenfarbe-ametista","11":"pa_fadenfarbe-beige-it","12":"pa_fadenfarbe-blu","13":"pa_fadenfarbe-blu-scuro","14":"pa_fadenfarbe-caccia-verde","15":"pa_fadenfarbe-giallo","16":"pa_fadenfarbe-grigio","17":"pa_fadenfarbe-nero","18":"pa_fadenfarbe-olive-it-2","19":"pa_fadenfarbe-rosa-scuro","20":"pa_fadenfarbe-rosso","21":"pa_fadenfarbe-rosso-corallo","22":"pa_fadenfarbe-rosso-granato","23":"pa_fadenfarbe-turchese","24":"pa_fadenfarbe-verde","25":"pa_fadenfarbe-viola","26":"pa_marke-x-design-it-2","27":"pa_oberflaeche-scheibe-diamantmatt-it-2","28":"pa_oberflaeche-scheibe-fliessmatt-it","29":"pa_oberflaeche-scheibe-poliert-it-2","31":"first","32":"instock","33":"taxable","34":"shipping-taxable","35":"purchasable","36":"product-type-variable"},"exclude_global_add_ons":[],"addons":[],"yoast_head":"<!-- This site is optimized with the Yoast SEO plugin v25.6 - https:\/\/yoast.com\/wordpress\/plugins\/seo\/ -->\n<title>Bracciale NO STRESS argento 925 placcato oro rosa platino - Beatrice M\u00fcller<\/title>\n<meta name=\"robots\" content=\"index, follow, max-snippet:-1, max-image-preview:large, max-video-preview:-1\" \/>\n<link rel=\"canonical\" href=\"https:\/\/beatrice-mueller.de\/it\/prodotto\/bracciale-no-stress-argento-925-placcato-oro-rosa-platino\/\" \/>\n<meta property=\"og:locale\" content=\"it_IT\" \/>\n<meta property=\"og:type\" content=\"article\" \/>\n<meta property=\"og:title\" content=\"Bracciale NO STRESS argento 925 placcato oro rosa platino - Beatrice M\u00fcller\" \/>\n<meta property=\"og:description\" content=\"Conosci il problema dello stress? Il marchio X-Design di Beatrice M\u00fcller \u00e8 sinonimo di NO STRESS. Dal 2015, il filo conduttore delle nostre collezioni indica la direzione. I temi sono realistici e diventano tangibili nei prodotti: NO STRESS, rallentare ed essere consapevoli sono i nostri temi. La T ruotata mostra che un cambiamento nell&#8217;allineamento \u00e8 [&hellip;]\" \/>\n<meta property=\"og:url\" content=\"https:\/\/beatrice-mueller.de\/it\/prodotto\/bracciale-no-stress-argento-925-placcato-oro-rosa-platino\/\" \/>\n<meta property=\"og:site_name\" content=\"Beatrice M\u00fcller\" \/>\n<meta property=\"og:image\" content=\"https:\/\/beatrice-mueller.de\/wp-content\/uploads\/2022\/02\/No_Stress_Armband_rot_ganz_poliert_jagdgruen.jpg\" \/>\n\t<meta property=\"og:image:width\" content=\"938\" \/>\n\t<meta property=\"og:image:height\" content=\"986\" \/>\n\t<meta property=\"og:image:type\" content=\"image\/jpeg\" \/>\n<meta name=\"twitter:card\" content=\"summary_large_image\" \/>\n<meta name=\"twitter:label1\" content=\"Tempo di lettura stimato\" \/>\n\t<meta name=\"twitter:data1\" content=\"1 minuto\" \/>\n<script type=\"application\/ld+json\" class=\"yoast-schema-graph\">{\"@context\":\"https:\/\/schema.org\",\"@graph\":[{\"@type\":\"WebPage\",\"@id\":\"https:\/\/beatrice-mueller.de\/it\/prodotto\/bracciale-no-stress-argento-925-placcato-oro-rosa-platino\/\",\"url\":\"https:\/\/beatrice-mueller.de\/it\/prodotto\/bracciale-no-stress-argento-925-placcato-oro-rosa-platino\/\",\"name\":\"Bracciale NO STRESS argento 925 placcato oro rosa platino - Beatrice M\u00fcller\",\"isPartOf\":{\"@id\":\"https:\/\/beatrice-mueller.de\/it\/#website\"},\"primaryImageOfPage\":{\"@id\":\"https:\/\/beatrice-mueller.de\/it\/prodotto\/bracciale-no-stress-argento-925-placcato-oro-rosa-platino\/#primaryimage\"},\"image\":{\"@id\":\"https:\/\/beatrice-mueller.de\/it\/prodotto\/bracciale-no-stress-argento-925-placcato-oro-rosa-platino\/#primaryimage\"},\"thumbnailUrl\":\"https:\/\/beatrice-mueller.de\/wp-content\/uploads\/2022\/02\/No_Stress_Armband_rot_ganz_poliert_jagdgruen.jpg\",\"datePublished\":\"2025-02-16T11:57:07+00:00\",\"breadcrumb\":{\"@id\":\"https:\/\/beatrice-mueller.de\/it\/prodotto\/bracciale-no-stress-argento-925-placcato-oro-rosa-platino\/#breadcrumb\"},\"inLanguage\":\"it-IT\",\"potentialAction\":[{\"@type\":\"ReadAction\",\"target\":[\"https:\/\/beatrice-mueller.de\/it\/prodotto\/bracciale-no-stress-argento-925-placcato-oro-rosa-platino\/\"]}]},{\"@type\":\"ImageObject\",\"inLanguage\":\"it-IT\",\"@id\":\"https:\/\/beatrice-mueller.de\/it\/prodotto\/bracciale-no-stress-argento-925-placcato-oro-rosa-platino\/#primaryimage\",\"url\":\"https:\/\/beatrice-mueller.de\/wp-content\/uploads\/2022\/02\/No_Stress_Armband_rot_ganz_poliert_jagdgruen.jpg\",\"contentUrl\":\"https:\/\/beatrice-mueller.de\/wp-content\/uploads\/2022\/02\/No_Stress_Armband_rot_ganz_poliert_jagdgruen.jpg\",\"width\":938,\"height\":986},{\"@type\":\"BreadcrumbList\",\"@id\":\"https:\/\/beatrice-mueller.de\/it\/prodotto\/bracciale-no-stress-argento-925-placcato-oro-rosa-platino\/#breadcrumb\",\"itemListElement\":[{\"@type\":\"ListItem\",\"position\":1,\"name\":\"Startseite\",\"item\":\"https:\/\/beatrice-mueller.de\/it\/\"},{\"@type\":\"ListItem\",\"position\":2,\"name\":\"Negozio\",\"item\":\"https:\/\/beatrice-mueller.de\/it\/negozio-2\/\"},{\"@type\":\"ListItem\",\"position\":3,\"name\":\"Bracciale NO STRESS argento 925 placcato oro rosa platino\"}]},{\"@type\":\"WebSite\",\"@id\":\"https:\/\/beatrice-mueller.de\/it\/#website\",\"url\":\"https:\/\/beatrice-mueller.de\/it\/\",\"name\":\"Beatrice M\u00fcller\",\"description\":\"Schmuckdesign\",\"potentialAction\":[{\"@type\":\"SearchAction\",\"target\":{\"@type\":\"EntryPoint\",\"urlTemplate\":\"https:\/\/beatrice-mueller.de\/it\/?s={search_term_string}\"},\"query-input\":{\"@type\":\"PropertyValueSpecification\",\"valueRequired\":true,\"valueName\":\"search_term_string\"}}],\"inLanguage\":\"it-IT\"}]}<\/script>\n<!-- \/ Yoast SEO plugin. -->","yoast_head_json":{"title":"Bracciale NO STRESS argento 925 placcato oro rosa platino - Beatrice M\u00fcller","robots":{"index":"index","follow":"follow","max-snippet":"max-snippet:-1","max-image-preview":"max-image-preview:large","max-video-preview":"max-video-preview:-1"},"canonical":"https:\/\/beatrice-mueller.de\/it\/prodotto\/bracciale-no-stress-argento-925-placcato-oro-rosa-platino\/","og_locale":"it_IT","og_type":"article","og_title":"Bracciale NO STRESS argento 925 placcato oro rosa platino - Beatrice M\u00fcller","og_description":"Conosci il problema dello stress? Il marchio X-Design di Beatrice M\u00fcller \u00e8 sinonimo di NO STRESS. Dal 2015, il filo conduttore delle nostre collezioni indica la direzione. I temi sono realistici e diventano tangibili nei prodotti: NO STRESS, rallentare ed essere consapevoli sono i nostri temi. La T ruotata mostra che un cambiamento nell&#8217;allineamento \u00e8 [&hellip;]","og_url":"https:\/\/beatrice-mueller.de\/it\/prodotto\/bracciale-no-stress-argento-925-placcato-oro-rosa-platino\/","og_site_name":"Beatrice M\u00fcller","og_image":[{"width":938,"height":986,"url":"https:\/\/beatrice-mueller.de\/wp-content\/uploads\/2022\/02\/No_Stress_Armband_rot_ganz_poliert_jagdgruen.jpg","type":"image\/jpeg"}],"twitter_card":"summary_large_image","twitter_misc":{"Tempo di lettura stimato":"1 minuto"},"schema":{"@context":"https:\/\/schema.org","@graph":[{"@type":"WebPage","@id":"https:\/\/beatrice-mueller.de\/it\/prodotto\/bracciale-no-stress-argento-925-placcato-oro-rosa-platino\/","url":"https:\/\/beatrice-mueller.de\/it\/prodotto\/bracciale-no-stress-argento-925-placcato-oro-rosa-platino\/","name":"Bracciale NO STRESS argento 925 placcato oro rosa platino - Beatrice M\u00fcller","isPartOf":{"@id":"https:\/\/beatrice-mueller.de\/it\/#website"},"primaryImageOfPage":{"@id":"https:\/\/beatrice-mueller.de\/it\/prodotto\/bracciale-no-stress-argento-925-placcato-oro-rosa-platino\/#primaryimage"},"image":{"@id":"https:\/\/beatrice-mueller.de\/it\/prodotto\/bracciale-no-stress-argento-925-placcato-oro-rosa-platino\/#primaryimage"},"thumbnailUrl":"https:\/\/beatrice-mueller.de\/wp-content\/uploads\/2022\/02\/No_Stress_Armband_rot_ganz_poliert_jagdgruen.jpg","datePublished":"2025-02-16T11:57:07+00:00","breadcrumb":{"@id":"https:\/\/beatrice-mueller.de\/it\/prodotto\/bracciale-no-stress-argento-925-placcato-oro-rosa-platino\/#breadcrumb"},"inLanguage":"it-IT","potentialAction":[{"@type":"ReadAction","target":["https:\/\/beatrice-mueller.de\/it\/prodotto\/bracciale-no-stress-argento-925-placcato-oro-rosa-platino\/"]}]},{"@type":"ImageObject","inLanguage":"it-IT","@id":"https:\/\/beatrice-mueller.de\/it\/prodotto\/bracciale-no-stress-argento-925-placcato-oro-rosa-platino\/#primaryimage","url":"https:\/\/beatrice-mueller.de\/wp-content\/uploads\/2022\/02\/No_Stress_Armband_rot_ganz_poliert_jagdgruen.jpg","contentUrl":"https:\/\/beatrice-mueller.de\/wp-content\/uploads\/2022\/02\/No_Stress_Armband_rot_ganz_poliert_jagdgruen.jpg","width":938,"height":986},{"@type":"BreadcrumbList","@id":"https:\/\/beatrice-mueller.de\/it\/prodotto\/bracciale-no-stress-argento-925-placcato-oro-rosa-platino\/#breadcrumb","itemListElement":[{"@type":"ListItem","position":1,"name":"Startseite","item":"https:\/\/beatrice-mueller.de\/it\/"},{"@type":"ListItem","position":2,"name":"Negozio","item":"https:\/\/beatrice-mueller.de\/it\/negozio-2\/"},{"@type":"ListItem","position":3,"name":"Bracciale NO STRESS argento 925 placcato oro rosa platino"}]},{"@type":"WebSite","@id":"https:\/\/beatrice-mueller.de\/it\/#website","url":"https:\/\/beatrice-mueller.de\/it\/","name":"Beatrice M\u00fcller","description":"Schmuckdesign","potentialAction":[{"@type":"SearchAction","target":{"@type":"EntryPoint","urlTemplate":"https:\/\/beatrice-mueller.de\/it\/?s={search_term_string}"},"query-input":{"@type":"PropertyValueSpecification","valueRequired":true,"valueName":"search_term_string"}}],"inLanguage":"it-IT"}]}},"_links":{"self":[{"href":"https:\/\/beatrice-mueller.de\/it\/wp-json\/wp\/v2\/product\/21846","targetHints":{"allow":["GET"]}}],"collection":[{"href":"https:\/\/beatrice-mueller.de\/it\/wp-json\/wp\/v2\/product"}],"about":[{"href":"https:\/\/beatrice-mueller.de\/it\/wp-json\/wp\/v2\/types\/product"}],"replies":[{"embeddable":true,"href":"https:\/\/beatrice-mueller.de\/it\/wp-json\/wp\/v2\/comments?post=21846"}],"wp:featuredmedia":[{"embeddable":true,"href":"https:\/\/beatrice-mueller.de\/it\/wp-json\/wp\/v2\/media\/21998"}],"wp:attachment":[{"href":"https:\/\/beatrice-mueller.de\/it\/wp-json\/wp\/v2\/media?parent=21846"}],"wp:term":[{"taxonomy":"product_brand","embeddable":true,"href":"https:\/\/beatrice-mueller.de\/it\/wp-json\/wp\/v2\/product_brand?post=21846"},{"taxonomy":"product_cat","embeddable":true,"href":"https:\/\/beatrice-mueller.de\/it\/wp-json\/wp\/v2\/product_cat?post=21846"},{"taxonomy":"product_tag","embeddable":true,"href":"https:\/\/beatrice-mueller.de\/it\/wp-json\/wp\/v2\/product_tag?post=21846"}],"curies":[{"name":"wp","href":"https:\/\/api.w.org\/{rel}","templated":true}]}}