{"id":22529,"date":"2025-02-16T12:57:21","date_gmt":"2025-02-16T11:57:21","guid":{"rendered":"https:\/\/beatrice-mueller.de\/produkt\/portachiavi-x-design-acciaio-inox\/"},"modified":"2025-02-16T12:57:21","modified_gmt":"2025-02-16T11:57:21","slug":"portachiavi-x-design-acciaio-inox","status":"publish","type":"product","link":"https:\/\/beatrice-mueller.de\/it\/prodotto\/portachiavi-x-design-acciaio-inox\/","title":{"rendered":"Portachiavi X-DESIGN acciaio inox"},"content":{"rendered":"<p>Gira la testa e decidi ogni giorno, ogni ora, ogni minuto, ogni secondo della tua vita di NON FARTI PI\u00d9 STRESS. Il pendente di X-Design vi aiuter\u00e0 in questo, ed \u00e8 anche molto decorativo ed elegante. <\/p>\n<div class=\"product--description\">\n<p>\u2718 Su richiesta, il portachiavi \u00e8 disponibile anche in argento e oro.<\/p>\n<div class=\"table-wrapper\">\n<table border=\"0\" frame=\"box\">\n<tbody>\n<tr>\n<td><span data-mce-mark=\"1\"><strong>Materiale Gioielleria<\/strong><\/span><\/td>\n<td><span data-mce-mark=\"1\">acciaio inossidabile<\/span><\/td>\n<\/tr>\n<tr>\n<td><span data-mce-mark=\"1\"><strong>superficie<\/strong><\/span><\/td>\n<td><span data-mce-mark=\"1\">flusso opaco<\/span><\/td>\n<\/tr>\n<tr>\n<td><span data-mce-mark=\"1\"><strong>sospensione<\/strong><\/span><\/td>\n<td><span data-mce-mark=\"1\">acciaio inossidabile<\/span><\/td>\n<\/tr>\n<tr>\n<td><span data-mce-mark=\"1\"><strong>Caratteristiche speciali<\/strong><\/span><\/td>\n<td><span data-mce-mark=\"1\">incisione laser<\/span><\/td>\n<\/tr>\n<\/tbody>\n<\/table>\n<\/div>\n<\/div>\n","protected":false},"excerpt":{"rendered":"<p>Gira la testa e decidi ogni giorno, ogni ora, ogni minuto, ogni secondo della tua vita di NON FARTI PI\u00d9 STRESS. Il pendente di X-Design vi aiuter\u00e0 in questo, ed \u00e8 anche molto decorativo ed elegante. \u2718 Su richiesta, il portachiavi \u00e8 disponibile anche in argento e oro. Materiale Gioielleria acciaio inossidabile superficie flusso opaco [&hellip;]<\/p>\n","protected":false},"featured_media":22530,"comment_status":"closed","ping_status":"closed","template":"","meta":{"_glsr_average":0,"_glsr_ranking":0,"_glsr_reviews":0},"product_brand":[],"product_cat":[590,604],"product_tag":[561],"class_list":{"0":"post-22529","1":"product","2":"type-product","3":"status-publish","4":"has-post-thumbnail","6":"product_cat-accessori","7":"product_cat-portachiavi","8":"product_tag-progettazione-x","9":"pa_marke-x-design-it-2","11":"first","12":"instock","13":"taxable","14":"shipping-taxable","15":"purchasable","16":"product-type-simple"},"exclude_global_add_ons":[],"addons":[],"yoast_head":"<!-- This site is optimized with the Yoast SEO plugin v25.6 - https:\/\/yoast.com\/wordpress\/plugins\/seo\/ -->\n<title>Portachiavi X-DESIGN acciaio inox - Beatrice M\u00fcller<\/title>\n<meta name=\"robots\" content=\"index, follow, max-snippet:-1, max-image-preview:large, max-video-preview:-1\" \/>\n<link rel=\"canonical\" href=\"https:\/\/beatrice-mueller.de\/it\/prodotto\/portachiavi-x-design-acciaio-inox\/\" \/>\n<meta property=\"og:locale\" content=\"it_IT\" \/>\n<meta property=\"og:type\" content=\"article\" \/>\n<meta property=\"og:title\" content=\"Portachiavi X-DESIGN acciaio inox - Beatrice M\u00fcller\" \/>\n<meta property=\"og:description\" content=\"Gira la testa e decidi ogni giorno, ogni ora, ogni minuto, ogni secondo della tua vita di NON FARTI PI\u00d9 STRESS. Il pendente di X-Design vi aiuter\u00e0 in questo, ed \u00e8 anche molto decorativo ed elegante. \u2718 Su richiesta, il portachiavi \u00e8 disponibile anche in argento e oro. Materiale Gioielleria acciaio inossidabile superficie flusso opaco [&hellip;]\" \/>\n<meta property=\"og:url\" content=\"https:\/\/beatrice-mueller.de\/it\/prodotto\/portachiavi-x-design-acciaio-inox\/\" \/>\n<meta property=\"og:site_name\" content=\"Beatrice M\u00fcller\" \/>\n<meta property=\"og:image\" content=\"https:\/\/beatrice-mueller.de\/wp-content\/uploads\/2022\/03\/Schluesselanheanger_X_1800x1800.webp\" \/>\n\t<meta property=\"og:image:width\" content=\"1000\" \/>\n\t<meta property=\"og:image:height\" content=\"1001\" \/>\n\t<meta property=\"og:image:type\" content=\"image\/webp\" \/>\n<meta name=\"twitter:card\" content=\"summary_large_image\" \/>\n<script type=\"application\/ld+json\" class=\"yoast-schema-graph\">{\"@context\":\"https:\/\/schema.org\",\"@graph\":[{\"@type\":\"WebPage\",\"@id\":\"https:\/\/beatrice-mueller.de\/it\/prodotto\/portachiavi-x-design-acciaio-inox\/\",\"url\":\"https:\/\/beatrice-mueller.de\/it\/prodotto\/portachiavi-x-design-acciaio-inox\/\",\"name\":\"Portachiavi X-DESIGN acciaio inox - Beatrice M\u00fcller\",\"isPartOf\":{\"@id\":\"https:\/\/beatrice-mueller.de\/it\/#website\"},\"primaryImageOfPage\":{\"@id\":\"https:\/\/beatrice-mueller.de\/it\/prodotto\/portachiavi-x-design-acciaio-inox\/#primaryimage\"},\"image\":{\"@id\":\"https:\/\/beatrice-mueller.de\/it\/prodotto\/portachiavi-x-design-acciaio-inox\/#primaryimage\"},\"thumbnailUrl\":\"https:\/\/beatrice-mueller.de\/wp-content\/uploads\/2022\/03\/Schluesselanheanger_X_1800x1800.webp\",\"datePublished\":\"2025-02-16T11:57:21+00:00\",\"breadcrumb\":{\"@id\":\"https:\/\/beatrice-mueller.de\/it\/prodotto\/portachiavi-x-design-acciaio-inox\/#breadcrumb\"},\"inLanguage\":\"it-IT\",\"potentialAction\":[{\"@type\":\"ReadAction\",\"target\":[\"https:\/\/beatrice-mueller.de\/it\/prodotto\/portachiavi-x-design-acciaio-inox\/\"]}]},{\"@type\":\"ImageObject\",\"inLanguage\":\"it-IT\",\"@id\":\"https:\/\/beatrice-mueller.de\/it\/prodotto\/portachiavi-x-design-acciaio-inox\/#primaryimage\",\"url\":\"https:\/\/beatrice-mueller.de\/wp-content\/uploads\/2022\/03\/Schluesselanheanger_X_1800x1800.webp\",\"contentUrl\":\"https:\/\/beatrice-mueller.de\/wp-content\/uploads\/2022\/03\/Schluesselanheanger_X_1800x1800.webp\",\"width\":1000,\"height\":1001},{\"@type\":\"BreadcrumbList\",\"@id\":\"https:\/\/beatrice-mueller.de\/it\/prodotto\/portachiavi-x-design-acciaio-inox\/#breadcrumb\",\"itemListElement\":[{\"@type\":\"ListItem\",\"position\":1,\"name\":\"Startseite\",\"item\":\"https:\/\/beatrice-mueller.de\/it\/\"},{\"@type\":\"ListItem\",\"position\":2,\"name\":\"Negozio\",\"item\":\"https:\/\/beatrice-mueller.de\/it\/negozio-2\/\"},{\"@type\":\"ListItem\",\"position\":3,\"name\":\"Portachiavi X-DESIGN acciaio inox\"}]},{\"@type\":\"WebSite\",\"@id\":\"https:\/\/beatrice-mueller.de\/it\/#website\",\"url\":\"https:\/\/beatrice-mueller.de\/it\/\",\"name\":\"Beatrice M\u00fcller\",\"description\":\"Schmuckdesign\",\"potentialAction\":[{\"@type\":\"SearchAction\",\"target\":{\"@type\":\"EntryPoint\",\"urlTemplate\":\"https:\/\/beatrice-mueller.de\/it\/?s={search_term_string}\"},\"query-input\":{\"@type\":\"PropertyValueSpecification\",\"valueRequired\":true,\"valueName\":\"search_term_string\"}}],\"inLanguage\":\"it-IT\"}]}<\/script>\n<!-- \/ Yoast SEO plugin. -->","yoast_head_json":{"title":"Portachiavi X-DESIGN acciaio inox - Beatrice M\u00fcller","robots":{"index":"index","follow":"follow","max-snippet":"max-snippet:-1","max-image-preview":"max-image-preview:large","max-video-preview":"max-video-preview:-1"},"canonical":"https:\/\/beatrice-mueller.de\/it\/prodotto\/portachiavi-x-design-acciaio-inox\/","og_locale":"it_IT","og_type":"article","og_title":"Portachiavi X-DESIGN acciaio inox - Beatrice M\u00fcller","og_description":"Gira la testa e decidi ogni giorno, ogni ora, ogni minuto, ogni secondo della tua vita di NON FARTI PI\u00d9 STRESS. Il pendente di X-Design vi aiuter\u00e0 in questo, ed \u00e8 anche molto decorativo ed elegante. \u2718 Su richiesta, il portachiavi \u00e8 disponibile anche in argento e oro. Materiale Gioielleria acciaio inossidabile superficie flusso opaco [&hellip;]","og_url":"https:\/\/beatrice-mueller.de\/it\/prodotto\/portachiavi-x-design-acciaio-inox\/","og_site_name":"Beatrice M\u00fcller","og_image":[{"width":1000,"height":1001,"url":"https:\/\/beatrice-mueller.de\/wp-content\/uploads\/2022\/03\/Schluesselanheanger_X_1800x1800.webp","type":"image\/webp"}],"twitter_card":"summary_large_image","schema":{"@context":"https:\/\/schema.org","@graph":[{"@type":"WebPage","@id":"https:\/\/beatrice-mueller.de\/it\/prodotto\/portachiavi-x-design-acciaio-inox\/","url":"https:\/\/beatrice-mueller.de\/it\/prodotto\/portachiavi-x-design-acciaio-inox\/","name":"Portachiavi X-DESIGN acciaio inox - Beatrice M\u00fcller","isPartOf":{"@id":"https:\/\/beatrice-mueller.de\/it\/#website"},"primaryImageOfPage":{"@id":"https:\/\/beatrice-mueller.de\/it\/prodotto\/portachiavi-x-design-acciaio-inox\/#primaryimage"},"image":{"@id":"https:\/\/beatrice-mueller.de\/it\/prodotto\/portachiavi-x-design-acciaio-inox\/#primaryimage"},"thumbnailUrl":"https:\/\/beatrice-mueller.de\/wp-content\/uploads\/2022\/03\/Schluesselanheanger_X_1800x1800.webp","datePublished":"2025-02-16T11:57:21+00:00","breadcrumb":{"@id":"https:\/\/beatrice-mueller.de\/it\/prodotto\/portachiavi-x-design-acciaio-inox\/#breadcrumb"},"inLanguage":"it-IT","potentialAction":[{"@type":"ReadAction","target":["https:\/\/beatrice-mueller.de\/it\/prodotto\/portachiavi-x-design-acciaio-inox\/"]}]},{"@type":"ImageObject","inLanguage":"it-IT","@id":"https:\/\/beatrice-mueller.de\/it\/prodotto\/portachiavi-x-design-acciaio-inox\/#primaryimage","url":"https:\/\/beatrice-mueller.de\/wp-content\/uploads\/2022\/03\/Schluesselanheanger_X_1800x1800.webp","contentUrl":"https:\/\/beatrice-mueller.de\/wp-content\/uploads\/2022\/03\/Schluesselanheanger_X_1800x1800.webp","width":1000,"height":1001},{"@type":"BreadcrumbList","@id":"https:\/\/beatrice-mueller.de\/it\/prodotto\/portachiavi-x-design-acciaio-inox\/#breadcrumb","itemListElement":[{"@type":"ListItem","position":1,"name":"Startseite","item":"https:\/\/beatrice-mueller.de\/it\/"},{"@type":"ListItem","position":2,"name":"Negozio","item":"https:\/\/beatrice-mueller.de\/it\/negozio-2\/"},{"@type":"ListItem","position":3,"name":"Portachiavi X-DESIGN acciaio inox"}]},{"@type":"WebSite","@id":"https:\/\/beatrice-mueller.de\/it\/#website","url":"https:\/\/beatrice-mueller.de\/it\/","name":"Beatrice M\u00fcller","description":"Schmuckdesign","potentialAction":[{"@type":"SearchAction","target":{"@type":"EntryPoint","urlTemplate":"https:\/\/beatrice-mueller.de\/it\/?s={search_term_string}"},"query-input":{"@type":"PropertyValueSpecification","valueRequired":true,"valueName":"search_term_string"}}],"inLanguage":"it-IT"}]}},"_links":{"self":[{"href":"https:\/\/beatrice-mueller.de\/it\/wp-json\/wp\/v2\/product\/22529","targetHints":{"allow":["GET"]}}],"collection":[{"href":"https:\/\/beatrice-mueller.de\/it\/wp-json\/wp\/v2\/product"}],"about":[{"href":"https:\/\/beatrice-mueller.de\/it\/wp-json\/wp\/v2\/types\/product"}],"replies":[{"embeddable":true,"href":"https:\/\/beatrice-mueller.de\/it\/wp-json\/wp\/v2\/comments?post=22529"}],"wp:featuredmedia":[{"embeddable":true,"href":"https:\/\/beatrice-mueller.de\/it\/wp-json\/wp\/v2\/media\/22530"}],"wp:attachment":[{"href":"https:\/\/beatrice-mueller.de\/it\/wp-json\/wp\/v2\/media?parent=22529"}],"wp:term":[{"taxonomy":"product_brand","embeddable":true,"href":"https:\/\/beatrice-mueller.de\/it\/wp-json\/wp\/v2\/product_brand?post=22529"},{"taxonomy":"product_cat","embeddable":true,"href":"https:\/\/beatrice-mueller.de\/it\/wp-json\/wp\/v2\/product_cat?post=22529"},{"taxonomy":"product_tag","embeddable":true,"href":"https:\/\/beatrice-mueller.de\/it\/wp-json\/wp\/v2\/product_tag?post=22529"}],"curies":[{"name":"wp","href":"https:\/\/api.w.org\/{rel}","templated":true}]}}