{"id":22595,"date":"2025-02-16T12:57:34","date_gmt":"2025-02-16T11:57:34","guid":{"rendered":"https:\/\/beatrice-mueller.de\/produkt\/sistema-di-innesto-cunz-x-alltag-lena-lucido\/"},"modified":"2025-02-16T12:57:34","modified_gmt":"2025-02-16T11:57:34","slug":"sistema-di-innesto-cunz-x-alltag-lena-lucido","status":"publish","type":"product","link":"https:\/\/beatrice-mueller.de\/it\/prodotto\/sistema-di-innesto-cunz-x-alltag-lena-lucido\/","title":{"rendered":"Sistema di innesto CuNz-x ALLTAG LENA lucido"},"content":{"rendered":"<div><strong>descrizione del prodotto<\/strong><\/div>\n<div>Il gioco che abbiamo scelto come simbolo della nostra vita si chiama Lene. Qui rientra l&#8217;Et\u00e0 del Bronzo per gli ostacoli della vita. \u00c8 diventata parte integrante della nostra vita e ormai ne fa parte. L&#8217;elemento CuNz-x scintillante serve a ricordare il punto e il luogo in cui TUTTI ci troviamo in questo momento in questo mondo.   <\/div>\n<div><\/div>\n<div><strong>Curiosit\u00e0 Ottone<\/strong><\/div>\n<div>Gi\u00e0 nell&#8217;antichit\u00e0 si era scoperto che l&#8217;ottone \u00e8 un materiale molto speciale. \u00c8 battericida, il che significa che i germi sulla superficie vengono attivamente ridotti e non possono moltiplicarsi.  All&#8217;epoca la parola antibatterico non era certamente nota, ma i nostri antenati la usavano intuitivamente e impiegavano, ad esempio, il solfato di rame per la disinfezione.<\/div>\n<div><\/div>\n<div><strong>Design elegante<\/strong><\/div>\n<div>Inoltre, i nostri acquirenti amano gli accessori non solo per il materiale, ma anche per il loro potere simbolico e il design eccezionale. La forma \u00e8 semplice (un cerchio) e il design \u00e8 sorprendente e insolito. Trasmetti il \u200b\u200bmessaggio &#8220;segretamente&#8221; o apertamente, come preferisci.  <\/div>\n<div><\/div>\n<div><strong>avviso di sicurezza<\/strong><\/div>\n<div>I nostri gioielli rendono indossabili le ingegnose propriet\u00e0 dell&#8217;ottone. Naturalmente non sostituiscono la mascherina o la distanza di sicurezza. I nostri gioielli non forniscono protezione contro l&#8217;infezione da Covid-19. Ma tenere in mano qualcosa che respinge virus e batteri \u00e8 in qualche modo rassicurante, non \u00e8 vero?   <\/div>\n<div><\/div>\n<div><\/div>\n<div><\/div>\n<div><\/div>\n<div><\/div>\n<div><strong>Nota per la cura<\/strong> Con l&#8217;avanzare dell&#8217;et\u00e0 compaiono le rughe. Invecchiando, l&#8217;ottone diventa scuro. Dipende dalla composizione del sudore, dall&#8217;umidit\u00e0 e dal comportamento d&#8217;uso. Quindi, se ami cos\u00ec tanto i tuoi gioielli da indossarli sempre, li vedrai invecchiare pi\u00f9 velocemente. Personalmente adoriamo l&#8217;effetto: si vede che il gioiello ha una storia. Se ci\u00f2 non ti piace, puoi strofinare il gioiello con un panno morbido e pulirlo con acido citrico diluito al 25%.     <\/div>\n<div><\/div>\n<p>&nbsp;<\/p>\n<div class=\"product--description\">\n<div class=\"table-wrapper\">\n<table border=\"0\">\n<tbody>\n<tr>\n<td><span data-mce-mark=\"1\"><strong>materiale<\/strong><\/span><\/td>\n<td>Ottone<\/td>\n<\/tr>\n<tr>\n<td><span data-mce-mark=\"1\"><strong>superficie<\/strong><\/span><\/td>\n<td><span data-mce-mark=\"1\">lucido<\/span><\/td>\n<\/tr>\n<tr>\n<td><span data-mce-mark=\"1\"><strong>piastrelle colorate<\/strong><\/span><\/td>\n<td><span data-mce-mark=\"1\">Colore del materiale<\/span><\/td>\n<\/tr>\n<tr>\n<td><span data-mce-mark=\"1\"><strong>piastra \u00f8<\/strong><\/span><\/td>\n<td><span data-mce-mark=\"1\">23 millimetri<\/span><\/td>\n<\/tr>\n<tr>\n<td><span data-mce-mark=\"1\"><strong>spessore del materiale<\/strong><\/span><\/td>\n<td><span data-mce-mark=\"1\">2,5 millimetri<\/span><\/td>\n<\/tr>\n<\/tbody>\n<\/table>\n<\/div>\n<p>&nbsp;<\/p>\n<\/div>\n","protected":false},"excerpt":{"rendered":"<p>descrizione del prodotto Il gioco che abbiamo scelto come simbolo della nostra vita si chiama Lene. Qui rientra l&#8217;Et\u00e0 del Bronzo per gli ostacoli della vita. \u00c8 diventata parte integrante della nostra vita e ormai ne fa parte. L&#8217;elemento CuNz-x scintillante serve a ricordare il punto e il luogo in cui TUTTI ci troviamo in [&hellip;]<\/p>\n","protected":false},"featured_media":22597,"comment_status":"closed","ping_status":"closed","template":"","meta":{"_glsr_average":0,"_glsr_ranking":0,"_glsr_reviews":0},"product_brand":[],"product_cat":[590],"product_tag":[606],"class_list":{"0":"post-22595","1":"product","2":"type-product","3":"status-publish","4":"has-post-thumbnail","6":"product_cat-accessori","7":"product_tag-cunz-x-it","8":"pa_marke-cunz-x-it-2","10":"first","11":"instock","12":"taxable","13":"shipping-taxable","14":"purchasable","15":"product-type-simple"},"exclude_global_add_ons":[],"addons":[],"yoast_head":"<!-- This site is optimized with the Yoast SEO plugin v25.6 - https:\/\/yoast.com\/wordpress\/plugins\/seo\/ -->\n<title>Sistema di innesto CuNz-x ALLTAG LENA lucido - Beatrice M\u00fcller<\/title>\n<meta name=\"robots\" content=\"index, follow, max-snippet:-1, max-image-preview:large, max-video-preview:-1\" \/>\n<link rel=\"canonical\" href=\"https:\/\/beatrice-mueller.de\/it\/prodotto\/sistema-di-innesto-cunz-x-alltag-lena-lucido\/\" \/>\n<meta property=\"og:locale\" content=\"it_IT\" \/>\n<meta property=\"og:type\" content=\"article\" \/>\n<meta property=\"og:title\" content=\"Sistema di innesto CuNz-x ALLTAG LENA lucido - Beatrice M\u00fcller\" \/>\n<meta property=\"og:description\" content=\"descrizione del prodotto Il gioco che abbiamo scelto come simbolo della nostra vita si chiama Lene. Qui rientra l&#8217;Et\u00e0 del Bronzo per gli ostacoli della vita. \u00c8 diventata parte integrante della nostra vita e ormai ne fa parte. L&#8217;elemento CuNz-x scintillante serve a ricordare il punto e il luogo in cui TUTTI ci troviamo in [&hellip;]\" \/>\n<meta property=\"og:url\" content=\"https:\/\/beatrice-mueller.de\/it\/prodotto\/sistema-di-innesto-cunz-x-alltag-lena-lucido\/\" \/>\n<meta property=\"og:site_name\" content=\"Beatrice M\u00fcller\" \/>\n<meta property=\"og:image\" content=\"https:\/\/beatrice-mueller.de\/wp-content\/uploads\/CuNz-x-Stecksystem-ALLTAG-LENA-mattiert-1.webp\" \/>\n\t<meta property=\"og:image:width\" content=\"1500\" \/>\n\t<meta property=\"og:image:height\" content=\"1500\" \/>\n\t<meta property=\"og:image:type\" content=\"image\/webp\" \/>\n<meta name=\"twitter:card\" content=\"summary_large_image\" \/>\n<meta name=\"twitter:label1\" content=\"Tempo di lettura stimato\" \/>\n\t<meta name=\"twitter:data1\" content=\"1 minuto\" \/>\n<script type=\"application\/ld+json\" class=\"yoast-schema-graph\">{\"@context\":\"https:\/\/schema.org\",\"@graph\":[{\"@type\":\"WebPage\",\"@id\":\"https:\/\/beatrice-mueller.de\/it\/prodotto\/sistema-di-innesto-cunz-x-alltag-lena-lucido\/\",\"url\":\"https:\/\/beatrice-mueller.de\/it\/prodotto\/sistema-di-innesto-cunz-x-alltag-lena-lucido\/\",\"name\":\"Sistema di innesto CuNz-x ALLTAG LENA lucido - Beatrice M\u00fcller\",\"isPartOf\":{\"@id\":\"https:\/\/beatrice-mueller.de\/it\/#website\"},\"primaryImageOfPage\":{\"@id\":\"https:\/\/beatrice-mueller.de\/it\/prodotto\/sistema-di-innesto-cunz-x-alltag-lena-lucido\/#primaryimage\"},\"image\":{\"@id\":\"https:\/\/beatrice-mueller.de\/it\/prodotto\/sistema-di-innesto-cunz-x-alltag-lena-lucido\/#primaryimage\"},\"thumbnailUrl\":\"https:\/\/beatrice-mueller.de\/wp-content\/uploads\/CuNz-x-Stecksystem-ALLTAG-LENA-mattiert-1.webp\",\"datePublished\":\"2025-02-16T11:57:34+00:00\",\"breadcrumb\":{\"@id\":\"https:\/\/beatrice-mueller.de\/it\/prodotto\/sistema-di-innesto-cunz-x-alltag-lena-lucido\/#breadcrumb\"},\"inLanguage\":\"it-IT\",\"potentialAction\":[{\"@type\":\"ReadAction\",\"target\":[\"https:\/\/beatrice-mueller.de\/it\/prodotto\/sistema-di-innesto-cunz-x-alltag-lena-lucido\/\"]}]},{\"@type\":\"ImageObject\",\"inLanguage\":\"it-IT\",\"@id\":\"https:\/\/beatrice-mueller.de\/it\/prodotto\/sistema-di-innesto-cunz-x-alltag-lena-lucido\/#primaryimage\",\"url\":\"https:\/\/beatrice-mueller.de\/wp-content\/uploads\/CuNz-x-Stecksystem-ALLTAG-LENA-mattiert-1.webp\",\"contentUrl\":\"https:\/\/beatrice-mueller.de\/wp-content\/uploads\/CuNz-x-Stecksystem-ALLTAG-LENA-mattiert-1.webp\",\"width\":1500,\"height\":1500},{\"@type\":\"BreadcrumbList\",\"@id\":\"https:\/\/beatrice-mueller.de\/it\/prodotto\/sistema-di-innesto-cunz-x-alltag-lena-lucido\/#breadcrumb\",\"itemListElement\":[{\"@type\":\"ListItem\",\"position\":1,\"name\":\"Startseite\",\"item\":\"https:\/\/beatrice-mueller.de\/it\/\"},{\"@type\":\"ListItem\",\"position\":2,\"name\":\"Negozio\",\"item\":\"https:\/\/beatrice-mueller.de\/it\/negozio-2\/\"},{\"@type\":\"ListItem\",\"position\":3,\"name\":\"Sistema di innesto CuNz-x ALLTAG LENA lucido\"}]},{\"@type\":\"WebSite\",\"@id\":\"https:\/\/beatrice-mueller.de\/it\/#website\",\"url\":\"https:\/\/beatrice-mueller.de\/it\/\",\"name\":\"Beatrice M\u00fcller\",\"description\":\"Schmuckdesign\",\"potentialAction\":[{\"@type\":\"SearchAction\",\"target\":{\"@type\":\"EntryPoint\",\"urlTemplate\":\"https:\/\/beatrice-mueller.de\/it\/?s={search_term_string}\"},\"query-input\":{\"@type\":\"PropertyValueSpecification\",\"valueRequired\":true,\"valueName\":\"search_term_string\"}}],\"inLanguage\":\"it-IT\"}]}<\/script>\n<!-- \/ Yoast SEO plugin. -->","yoast_head_json":{"title":"Sistema di innesto CuNz-x ALLTAG LENA lucido - Beatrice M\u00fcller","robots":{"index":"index","follow":"follow","max-snippet":"max-snippet:-1","max-image-preview":"max-image-preview:large","max-video-preview":"max-video-preview:-1"},"canonical":"https:\/\/beatrice-mueller.de\/it\/prodotto\/sistema-di-innesto-cunz-x-alltag-lena-lucido\/","og_locale":"it_IT","og_type":"article","og_title":"Sistema di innesto CuNz-x ALLTAG LENA lucido - Beatrice M\u00fcller","og_description":"descrizione del prodotto Il gioco che abbiamo scelto come simbolo della nostra vita si chiama Lene. Qui rientra l&#8217;Et\u00e0 del Bronzo per gli ostacoli della vita. \u00c8 diventata parte integrante della nostra vita e ormai ne fa parte. L&#8217;elemento CuNz-x scintillante serve a ricordare il punto e il luogo in cui TUTTI ci troviamo in [&hellip;]","og_url":"https:\/\/beatrice-mueller.de\/it\/prodotto\/sistema-di-innesto-cunz-x-alltag-lena-lucido\/","og_site_name":"Beatrice M\u00fcller","og_image":[{"width":1500,"height":1500,"url":"https:\/\/beatrice-mueller.de\/wp-content\/uploads\/CuNz-x-Stecksystem-ALLTAG-LENA-mattiert-1.webp","type":"image\/webp"}],"twitter_card":"summary_large_image","twitter_misc":{"Tempo di lettura stimato":"1 minuto"},"schema":{"@context":"https:\/\/schema.org","@graph":[{"@type":"WebPage","@id":"https:\/\/beatrice-mueller.de\/it\/prodotto\/sistema-di-innesto-cunz-x-alltag-lena-lucido\/","url":"https:\/\/beatrice-mueller.de\/it\/prodotto\/sistema-di-innesto-cunz-x-alltag-lena-lucido\/","name":"Sistema di innesto CuNz-x ALLTAG LENA lucido - Beatrice M\u00fcller","isPartOf":{"@id":"https:\/\/beatrice-mueller.de\/it\/#website"},"primaryImageOfPage":{"@id":"https:\/\/beatrice-mueller.de\/it\/prodotto\/sistema-di-innesto-cunz-x-alltag-lena-lucido\/#primaryimage"},"image":{"@id":"https:\/\/beatrice-mueller.de\/it\/prodotto\/sistema-di-innesto-cunz-x-alltag-lena-lucido\/#primaryimage"},"thumbnailUrl":"https:\/\/beatrice-mueller.de\/wp-content\/uploads\/CuNz-x-Stecksystem-ALLTAG-LENA-mattiert-1.webp","datePublished":"2025-02-16T11:57:34+00:00","breadcrumb":{"@id":"https:\/\/beatrice-mueller.de\/it\/prodotto\/sistema-di-innesto-cunz-x-alltag-lena-lucido\/#breadcrumb"},"inLanguage":"it-IT","potentialAction":[{"@type":"ReadAction","target":["https:\/\/beatrice-mueller.de\/it\/prodotto\/sistema-di-innesto-cunz-x-alltag-lena-lucido\/"]}]},{"@type":"ImageObject","inLanguage":"it-IT","@id":"https:\/\/beatrice-mueller.de\/it\/prodotto\/sistema-di-innesto-cunz-x-alltag-lena-lucido\/#primaryimage","url":"https:\/\/beatrice-mueller.de\/wp-content\/uploads\/CuNz-x-Stecksystem-ALLTAG-LENA-mattiert-1.webp","contentUrl":"https:\/\/beatrice-mueller.de\/wp-content\/uploads\/CuNz-x-Stecksystem-ALLTAG-LENA-mattiert-1.webp","width":1500,"height":1500},{"@type":"BreadcrumbList","@id":"https:\/\/beatrice-mueller.de\/it\/prodotto\/sistema-di-innesto-cunz-x-alltag-lena-lucido\/#breadcrumb","itemListElement":[{"@type":"ListItem","position":1,"name":"Startseite","item":"https:\/\/beatrice-mueller.de\/it\/"},{"@type":"ListItem","position":2,"name":"Negozio","item":"https:\/\/beatrice-mueller.de\/it\/negozio-2\/"},{"@type":"ListItem","position":3,"name":"Sistema di innesto CuNz-x ALLTAG LENA lucido"}]},{"@type":"WebSite","@id":"https:\/\/beatrice-mueller.de\/it\/#website","url":"https:\/\/beatrice-mueller.de\/it\/","name":"Beatrice M\u00fcller","description":"Schmuckdesign","potentialAction":[{"@type":"SearchAction","target":{"@type":"EntryPoint","urlTemplate":"https:\/\/beatrice-mueller.de\/it\/?s={search_term_string}"},"query-input":{"@type":"PropertyValueSpecification","valueRequired":true,"valueName":"search_term_string"}}],"inLanguage":"it-IT"}]}},"_links":{"self":[{"href":"https:\/\/beatrice-mueller.de\/it\/wp-json\/wp\/v2\/product\/22595","targetHints":{"allow":["GET"]}}],"collection":[{"href":"https:\/\/beatrice-mueller.de\/it\/wp-json\/wp\/v2\/product"}],"about":[{"href":"https:\/\/beatrice-mueller.de\/it\/wp-json\/wp\/v2\/types\/product"}],"replies":[{"embeddable":true,"href":"https:\/\/beatrice-mueller.de\/it\/wp-json\/wp\/v2\/comments?post=22595"}],"wp:featuredmedia":[{"embeddable":true,"href":"https:\/\/beatrice-mueller.de\/it\/wp-json\/wp\/v2\/media\/22597"}],"wp:attachment":[{"href":"https:\/\/beatrice-mueller.de\/it\/wp-json\/wp\/v2\/media?parent=22595"}],"wp:term":[{"taxonomy":"product_brand","embeddable":true,"href":"https:\/\/beatrice-mueller.de\/it\/wp-json\/wp\/v2\/product_brand?post=22595"},{"taxonomy":"product_cat","embeddable":true,"href":"https:\/\/beatrice-mueller.de\/it\/wp-json\/wp\/v2\/product_cat?post=22595"},{"taxonomy":"product_tag","embeddable":true,"href":"https:\/\/beatrice-mueller.de\/it\/wp-json\/wp\/v2\/product_tag?post=22595"}],"curies":[{"name":"wp","href":"https:\/\/api.w.org\/{rel}","templated":true}]}}