{"id":22609,"date":"2025-02-16T12:57:45","date_gmt":"2025-02-16T11:57:45","guid":{"rendered":"https:\/\/beatrice-mueller.de\/produkt\/portachiavi-cunz-x-steck-lucido\/"},"modified":"2025-02-16T12:57:45","modified_gmt":"2025-02-16T11:57:45","slug":"portachiavi-cunz-x-steck-lucido","status":"publish","type":"product","link":"https:\/\/beatrice-mueller.de\/it\/prodotto\/portachiavi-cunz-x-steck-lucido\/","title":{"rendered":"Portachiavi CuNz-x STECK lucido"},"content":{"rendered":"<p><strong>descrizione del prodotto<\/strong><br \/>\n La sostenibilit\u00e0 \u00e8 l&#8217;equilibrio tra dare e avere, come un abbraccio. Determina le nostre relazioni e le nostre azioni quotidiane. Siate sostenibili e date il buon esempio di amore e vicinanza. Anche questo portachiavi lascia un ricordo indelebile. Non solo \u00e8 elegante, ma pu\u00f2 anche essere utilizzato come chip per il carrello della spesa. La sostenibilit\u00e0 pu\u00f2 avere un aspetto cos\u00ec bello!     <\/p>\n<p><strong>Curiosit\u00e0 Ottone<\/strong><\/p>\n<div>\n<div>Gi\u00e0 nell&#8217;antichit\u00e0 si era scoperto che l&#8217;ottone \u00e8 un materiale molto speciale. \u00c8 battericida, il che significa che i germi sulla superficie vengono attivamente ridotti e non possono moltiplicarsi.  All&#8217;epoca la parola antibatterico non era certamente nota, ma i nostri antenati la usavano intuitivamente e impiegavano, ad esempio, il solfato di rame per la disinfezione.<\/div>\n<div><\/div>\n<div><strong>Design elegante<\/strong><\/div>\n<div>Inoltre, i nostri acquirenti amano le catene non solo per il materiale, ma anche per il loro potere simbolico e per il design straordinario. La forma \u00e8 semplice (un cerchio), il disco non si impiglia nei vestiti e il design \u00e8 sorprendente e insolito. Trasmetti il \u200b\u200bmessaggio &#8220;segretamente&#8221; o apertamente, come preferisci.  <\/div>\n<div><strong>avviso di sicurezza<\/strong><\/div>\n<div>Le nostre catene rendono indossabili le ingegnose propriet\u00e0 dell&#8217;ottone. Naturalmente non sostituiscono la mascherina o la distanza di sicurezza. Le nostre catene non forniscono protezione contro l&#8217;infezione da Covid-19. Ma avere qualcosa al collo che respinge virus e batteri \u00e8 in qualche modo rassicurante, non \u00e8 vero?   <\/div>\n<div><strong>istruzioni per la cura<\/strong><\/div>\n<div>Con l&#8217;avanzare dell&#8217;et\u00e0 compaiono le rughe. Invecchiando, l&#8217;ottone diventa scuro. Dipende dalla composizione del sudore, dall&#8217;umidit\u00e0 e dal comportamento d&#8217;uso. Quindi se sei cos\u00ec innamorata della collana da indossarla sempre, la vedrai invecchiare pi\u00f9 velocemente. Personalmente adoriamo l&#8217;effetto: si vede che la catena ha una storia. Se ci\u00f2 non ti piace, puoi strofinare la catena con un panno morbido e pulirla con acido citrico diluito al 25%.     <\/div>\n<div><\/div>\n<div>\n<div class=\"table-wrapper\">\n<table border=\"0\">\n<tbody>\n<tr>\n<td><span data-mce-mark=\"1\"><strong>materiale<\/strong><\/span><\/td>\n<td>ottone\/acciaio inossidabile<\/td>\n<\/tr>\n<tr>\n<td><span data-mce-mark=\"1\"><strong>superficie<\/strong><\/span><\/td>\n<td>lucido<\/td>\n<\/tr>\n<tr>\n<td><span data-mce-mark=\"1\"><strong>piastrelle colorate<\/strong><\/span><\/td>\n<td><span data-mce-mark=\"1\">Colore del materiale<\/span><\/td>\n<\/tr>\n<tr>\n<td><span data-mce-mark=\"1\"><strong>piastra \u00f8<\/strong><\/span><\/td>\n<td><span data-mce-mark=\"1\">23 millimetri<\/span><\/td>\n<\/tr>\n<tr>\n<td><span data-mce-mark=\"1\"><strong>spessore del materiale<\/strong><\/span><\/td>\n<td><span data-mce-mark=\"1\">2,5 millimetri<\/span><\/td>\n<\/tr>\n<\/tbody>\n<\/table>\n<\/div>\n<\/div>\n<div><\/div>\n<div><\/div>\n<\/div>\n","protected":false},"excerpt":{"rendered":"<p>descrizione del prodotto La sostenibilit\u00e0 \u00e8 l&#8217;equilibrio tra dare e avere, come un abbraccio. Determina le nostre relazioni e le nostre azioni quotidiane. Siate sostenibili e date il buon esempio di amore e vicinanza. Anche questo portachiavi lascia un ricordo indelebile. Non solo \u00e8 elegante, ma pu\u00f2 anche essere utilizzato come chip per il carrello [&hellip;]<\/p>\n","protected":false},"featured_media":22611,"comment_status":"closed","ping_status":"closed","template":"","meta":{"_glsr_average":0,"_glsr_ranking":0,"_glsr_reviews":0},"product_brand":[],"product_cat":[590,604],"product_tag":[606],"class_list":{"0":"post-22609","1":"product","2":"type-product","3":"status-publish","4":"has-post-thumbnail","6":"product_cat-accessori","7":"product_cat-portachiavi","8":"product_tag-cunz-x-it","9":"pa_marke-cunz-x-it-2","11":"first","12":"instock","13":"taxable","14":"shipping-taxable","15":"purchasable","16":"product-type-simple"},"exclude_global_add_ons":[],"addons":[],"yoast_head":"<!-- This site is optimized with the Yoast SEO plugin v25.6 - https:\/\/yoast.com\/wordpress\/plugins\/seo\/ -->\n<title>Portachiavi CuNz-x STECK lucido - Beatrice M\u00fcller<\/title>\n<meta name=\"robots\" content=\"index, follow, max-snippet:-1, max-image-preview:large, max-video-preview:-1\" \/>\n<link rel=\"canonical\" href=\"https:\/\/beatrice-mueller.de\/it\/prodotto\/portachiavi-cunz-x-steck-lucido\/\" \/>\n<meta property=\"og:locale\" content=\"it_IT\" \/>\n<meta property=\"og:type\" content=\"article\" \/>\n<meta property=\"og:title\" content=\"Portachiavi CuNz-x STECK lucido - Beatrice M\u00fcller\" \/>\n<meta property=\"og:description\" content=\"descrizione del prodotto La sostenibilit\u00e0 \u00e8 l&#8217;equilibrio tra dare e avere, come un abbraccio. Determina le nostre relazioni e le nostre azioni quotidiane. Siate sostenibili e date il buon esempio di amore e vicinanza. Anche questo portachiavi lascia un ricordo indelebile. Non solo \u00e8 elegante, ma pu\u00f2 anche essere utilizzato come chip per il carrello [&hellip;]\" \/>\n<meta property=\"og:url\" content=\"https:\/\/beatrice-mueller.de\/it\/prodotto\/portachiavi-cunz-x-steck-lucido\/\" \/>\n<meta property=\"og:site_name\" content=\"Beatrice M\u00fcller\" \/>\n<meta property=\"og:image\" content=\"https:\/\/beatrice-mueller.de\/wp-content\/uploads\/CuNz-x-Schlusselanhanger-Steck-poliert-front.webp\" \/>\n\t<meta property=\"og:image:width\" content=\"1500\" \/>\n\t<meta property=\"og:image:height\" content=\"1500\" \/>\n\t<meta property=\"og:image:type\" content=\"image\/webp\" \/>\n<meta name=\"twitter:card\" content=\"summary_large_image\" \/>\n<meta name=\"twitter:label1\" content=\"Tempo di lettura stimato\" \/>\n\t<meta name=\"twitter:data1\" content=\"2 minuti\" \/>\n<script type=\"application\/ld+json\" class=\"yoast-schema-graph\">{\"@context\":\"https:\/\/schema.org\",\"@graph\":[{\"@type\":\"WebPage\",\"@id\":\"https:\/\/beatrice-mueller.de\/it\/prodotto\/portachiavi-cunz-x-steck-lucido\/\",\"url\":\"https:\/\/beatrice-mueller.de\/it\/prodotto\/portachiavi-cunz-x-steck-lucido\/\",\"name\":\"Portachiavi CuNz-x STECK lucido - Beatrice M\u00fcller\",\"isPartOf\":{\"@id\":\"https:\/\/beatrice-mueller.de\/it\/#website\"},\"primaryImageOfPage\":{\"@id\":\"https:\/\/beatrice-mueller.de\/it\/prodotto\/portachiavi-cunz-x-steck-lucido\/#primaryimage\"},\"image\":{\"@id\":\"https:\/\/beatrice-mueller.de\/it\/prodotto\/portachiavi-cunz-x-steck-lucido\/#primaryimage\"},\"thumbnailUrl\":\"https:\/\/beatrice-mueller.de\/wp-content\/uploads\/CuNz-x-Schlusselanhanger-Steck-poliert-front.webp\",\"datePublished\":\"2025-02-16T11:57:45+00:00\",\"breadcrumb\":{\"@id\":\"https:\/\/beatrice-mueller.de\/it\/prodotto\/portachiavi-cunz-x-steck-lucido\/#breadcrumb\"},\"inLanguage\":\"it-IT\",\"potentialAction\":[{\"@type\":\"ReadAction\",\"target\":[\"https:\/\/beatrice-mueller.de\/it\/prodotto\/portachiavi-cunz-x-steck-lucido\/\"]}]},{\"@type\":\"ImageObject\",\"inLanguage\":\"it-IT\",\"@id\":\"https:\/\/beatrice-mueller.de\/it\/prodotto\/portachiavi-cunz-x-steck-lucido\/#primaryimage\",\"url\":\"https:\/\/beatrice-mueller.de\/wp-content\/uploads\/CuNz-x-Schlusselanhanger-Steck-poliert-front.webp\",\"contentUrl\":\"https:\/\/beatrice-mueller.de\/wp-content\/uploads\/CuNz-x-Schlusselanhanger-Steck-poliert-front.webp\",\"width\":1500,\"height\":1500},{\"@type\":\"BreadcrumbList\",\"@id\":\"https:\/\/beatrice-mueller.de\/it\/prodotto\/portachiavi-cunz-x-steck-lucido\/#breadcrumb\",\"itemListElement\":[{\"@type\":\"ListItem\",\"position\":1,\"name\":\"Startseite\",\"item\":\"https:\/\/beatrice-mueller.de\/it\/\"},{\"@type\":\"ListItem\",\"position\":2,\"name\":\"Negozio\",\"item\":\"https:\/\/beatrice-mueller.de\/it\/negozio-2\/\"},{\"@type\":\"ListItem\",\"position\":3,\"name\":\"Portachiavi CuNz-x STECK lucido\"}]},{\"@type\":\"WebSite\",\"@id\":\"https:\/\/beatrice-mueller.de\/it\/#website\",\"url\":\"https:\/\/beatrice-mueller.de\/it\/\",\"name\":\"Beatrice M\u00fcller\",\"description\":\"Schmuckdesign\",\"potentialAction\":[{\"@type\":\"SearchAction\",\"target\":{\"@type\":\"EntryPoint\",\"urlTemplate\":\"https:\/\/beatrice-mueller.de\/it\/?s={search_term_string}\"},\"query-input\":{\"@type\":\"PropertyValueSpecification\",\"valueRequired\":true,\"valueName\":\"search_term_string\"}}],\"inLanguage\":\"it-IT\"}]}<\/script>\n<!-- \/ Yoast SEO plugin. -->","yoast_head_json":{"title":"Portachiavi CuNz-x STECK lucido - Beatrice M\u00fcller","robots":{"index":"index","follow":"follow","max-snippet":"max-snippet:-1","max-image-preview":"max-image-preview:large","max-video-preview":"max-video-preview:-1"},"canonical":"https:\/\/beatrice-mueller.de\/it\/prodotto\/portachiavi-cunz-x-steck-lucido\/","og_locale":"it_IT","og_type":"article","og_title":"Portachiavi CuNz-x STECK lucido - Beatrice M\u00fcller","og_description":"descrizione del prodotto La sostenibilit\u00e0 \u00e8 l&#8217;equilibrio tra dare e avere, come un abbraccio. Determina le nostre relazioni e le nostre azioni quotidiane. Siate sostenibili e date il buon esempio di amore e vicinanza. Anche questo portachiavi lascia un ricordo indelebile. Non solo \u00e8 elegante, ma pu\u00f2 anche essere utilizzato come chip per il carrello [&hellip;]","og_url":"https:\/\/beatrice-mueller.de\/it\/prodotto\/portachiavi-cunz-x-steck-lucido\/","og_site_name":"Beatrice M\u00fcller","og_image":[{"width":1500,"height":1500,"url":"https:\/\/beatrice-mueller.de\/wp-content\/uploads\/CuNz-x-Schlusselanhanger-Steck-poliert-front.webp","type":"image\/webp"}],"twitter_card":"summary_large_image","twitter_misc":{"Tempo di lettura stimato":"2 minuti"},"schema":{"@context":"https:\/\/schema.org","@graph":[{"@type":"WebPage","@id":"https:\/\/beatrice-mueller.de\/it\/prodotto\/portachiavi-cunz-x-steck-lucido\/","url":"https:\/\/beatrice-mueller.de\/it\/prodotto\/portachiavi-cunz-x-steck-lucido\/","name":"Portachiavi CuNz-x STECK lucido - Beatrice M\u00fcller","isPartOf":{"@id":"https:\/\/beatrice-mueller.de\/it\/#website"},"primaryImageOfPage":{"@id":"https:\/\/beatrice-mueller.de\/it\/prodotto\/portachiavi-cunz-x-steck-lucido\/#primaryimage"},"image":{"@id":"https:\/\/beatrice-mueller.de\/it\/prodotto\/portachiavi-cunz-x-steck-lucido\/#primaryimage"},"thumbnailUrl":"https:\/\/beatrice-mueller.de\/wp-content\/uploads\/CuNz-x-Schlusselanhanger-Steck-poliert-front.webp","datePublished":"2025-02-16T11:57:45+00:00","breadcrumb":{"@id":"https:\/\/beatrice-mueller.de\/it\/prodotto\/portachiavi-cunz-x-steck-lucido\/#breadcrumb"},"inLanguage":"it-IT","potentialAction":[{"@type":"ReadAction","target":["https:\/\/beatrice-mueller.de\/it\/prodotto\/portachiavi-cunz-x-steck-lucido\/"]}]},{"@type":"ImageObject","inLanguage":"it-IT","@id":"https:\/\/beatrice-mueller.de\/it\/prodotto\/portachiavi-cunz-x-steck-lucido\/#primaryimage","url":"https:\/\/beatrice-mueller.de\/wp-content\/uploads\/CuNz-x-Schlusselanhanger-Steck-poliert-front.webp","contentUrl":"https:\/\/beatrice-mueller.de\/wp-content\/uploads\/CuNz-x-Schlusselanhanger-Steck-poliert-front.webp","width":1500,"height":1500},{"@type":"BreadcrumbList","@id":"https:\/\/beatrice-mueller.de\/it\/prodotto\/portachiavi-cunz-x-steck-lucido\/#breadcrumb","itemListElement":[{"@type":"ListItem","position":1,"name":"Startseite","item":"https:\/\/beatrice-mueller.de\/it\/"},{"@type":"ListItem","position":2,"name":"Negozio","item":"https:\/\/beatrice-mueller.de\/it\/negozio-2\/"},{"@type":"ListItem","position":3,"name":"Portachiavi CuNz-x STECK lucido"}]},{"@type":"WebSite","@id":"https:\/\/beatrice-mueller.de\/it\/#website","url":"https:\/\/beatrice-mueller.de\/it\/","name":"Beatrice M\u00fcller","description":"Schmuckdesign","potentialAction":[{"@type":"SearchAction","target":{"@type":"EntryPoint","urlTemplate":"https:\/\/beatrice-mueller.de\/it\/?s={search_term_string}"},"query-input":{"@type":"PropertyValueSpecification","valueRequired":true,"valueName":"search_term_string"}}],"inLanguage":"it-IT"}]}},"_links":{"self":[{"href":"https:\/\/beatrice-mueller.de\/it\/wp-json\/wp\/v2\/product\/22609","targetHints":{"allow":["GET"]}}],"collection":[{"href":"https:\/\/beatrice-mueller.de\/it\/wp-json\/wp\/v2\/product"}],"about":[{"href":"https:\/\/beatrice-mueller.de\/it\/wp-json\/wp\/v2\/types\/product"}],"replies":[{"embeddable":true,"href":"https:\/\/beatrice-mueller.de\/it\/wp-json\/wp\/v2\/comments?post=22609"}],"wp:featuredmedia":[{"embeddable":true,"href":"https:\/\/beatrice-mueller.de\/it\/wp-json\/wp\/v2\/media\/22611"}],"wp:attachment":[{"href":"https:\/\/beatrice-mueller.de\/it\/wp-json\/wp\/v2\/media?parent=22609"}],"wp:term":[{"taxonomy":"product_brand","embeddable":true,"href":"https:\/\/beatrice-mueller.de\/it\/wp-json\/wp\/v2\/product_brand?post=22609"},{"taxonomy":"product_cat","embeddable":true,"href":"https:\/\/beatrice-mueller.de\/it\/wp-json\/wp\/v2\/product_cat?post=22609"},{"taxonomy":"product_tag","embeddable":true,"href":"https:\/\/beatrice-mueller.de\/it\/wp-json\/wp\/v2\/product_tag?post=22609"}],"curies":[{"name":"wp","href":"https:\/\/api.w.org\/{rel}","templated":true}]}}