{"id":22863,"date":"2025-02-16T12:58:29","date_gmt":"2025-02-16T11:58:29","guid":{"rendered":"https:\/\/beatrice-mueller.de\/produkt\/adesivo-cunz-x-paura-dietro-le-sbarre\/"},"modified":"2025-02-16T12:58:29","modified_gmt":"2025-02-16T11:58:29","slug":"adesivo-cunz-x-paura-dietro-le-sbarre","status":"publish","type":"product","link":"https:\/\/beatrice-mueller.de\/it\/prodotto\/adesivo-cunz-x-paura-dietro-le-sbarre\/","title":{"rendered":"Adesivo CuNz-x Paura dietro le sbarre"},"content":{"rendered":"<div>\n<div dir=\"auto\">\n<div dir=\"auto\">La spilla pu\u00f2 essere attaccata in qualsiasi punto dei tuoi abiti. Offre un approccio pratico all&#8217;argomento di cui stiamo tutti parlando. <\/div>\n<div dir=\"auto\">Con il nostro adesivo &#8220;Paura dietro le sbarre&#8221; puoi fare una dichiarazione e non solo far sorridere qualcuno (compreso te stesso, ovviamente), ma anche proteggere te stesso!<\/div>\n<\/div>\n<\/div>\n<div><\/div>\n<div><strong>Curiosit\u00e0 Ottone<\/strong><\/div>\n<div>Gi\u00e0 nell&#8217;antichit\u00e0 si era scoperto che l&#8217;ottone \u00e8 un materiale molto speciale. \u00c8 battericida, il che significa che i germi sulla superficie vengono attivamente ridotti e non possono moltiplicarsi.  All&#8217;epoca la parola antibatterico non era certamente nota, ma i nostri antenati la usavano intuitivamente e impiegavano, ad esempio, il solfato di rame per la disinfezione.<\/div>\n<div><\/div>\n<div><strong>Design elegante<\/strong><\/div>\n<div>Inoltre, i nostri acquirenti amano gli accessori non solo per il materiale, ma anche per il loro potere simbolico e il design eccezionale. La forma \u00e8 semplice (un cerchio) e il design \u00e8 sorprendente e insolito. Trasmetti il \u200b\u200bmessaggio &#8220;segretamente&#8221; o apertamente, come preferisci.  <\/div>\n<div><\/div>\n<div><strong>avviso di sicurezza<\/strong><\/div>\n<div>I nostri gioielli rendono indossabili le ingegnose propriet\u00e0 dell&#8217;ottone. Naturalmente non sostituiscono la mascherina o la distanza di sicurezza. I nostri gioielli non forniscono protezione contro l&#8217;infezione da Covid-19. Ma tenere in mano qualcosa che respinge virus e batteri \u00e8 in qualche modo rassicurante, non \u00e8 vero?   <\/div>\n<div><\/div>\n<div><\/div>\n<div><strong>Nota per la cura<\/strong> Con l&#8217;avanzare dell&#8217;et\u00e0 compaiono le rughe. Invecchiando, l&#8217;ottone diventa scuro. Dipende dalla composizione del sudore, dall&#8217;umidit\u00e0 e dal comportamento d&#8217;uso. Quindi, se ami cos\u00ec tanto i tuoi gioielli da indossarli sempre, li vedrai invecchiare pi\u00f9 velocemente. Personalmente adoriamo l&#8217;effetto: si vede che il gioiello ha una storia. Se ci\u00f2 non ti piace, puoi strofinare il gioiello con un panno morbido e pulirlo con acido citrico diluito al 25%.     <\/div>\n<p>&nbsp;<\/p>\n<div class=\"content--title\">\n<div class=\"product--description\">\n<p>&nbsp;<\/p>\n<div class=\"table-wrapper\">\n<table border=\"0\">\n<tbody>\n<tr style=\"height: 19px\">\n<td style=\"height: 19px;width: 277px\"><span data-mce-mark=\"1\"><strong>materiale<\/strong><\/span><\/td>\n<td style=\"height: 19px;width: 241px\">Ottone<\/td>\n<\/tr>\n<tr style=\"height: 19px\">\n<td style=\"height: 19px;width: 277px\"><span data-mce-mark=\"1\"><strong>superficie<\/strong><\/span><\/td>\n<td style=\"height: 19px;width: 241px\"><span data-mce-mark=\"1\">lucido<\/span><\/td>\n<\/tr>\n<tr>\n<td style=\"width: 277px\"><span data-mce-mark=\"1\"><strong>piastrelle colorate<\/strong><\/span><\/td>\n<td style=\"width: 241px\"><span data-mce-mark=\"1\">Colore del materiale<\/span><\/td>\n<\/tr>\n<tr style=\"height: 19px\">\n<td style=\"height: 19px;width: 277px\"><\/td>\n<td style=\"height: 19px;width: 241px\"><\/td>\n<\/tr>\n<tr style=\"height: 19px\">\n<td style=\"height: 19px;width: 277px\"><span data-mce-mark=\"1\"><strong>spessore del materiale<\/strong><\/span><\/td>\n<td style=\"height: 19px;width: 241px\"><span data-mce-mark=\"1\">1,1 millimetri<\/span><\/td>\n<\/tr>\n<tr style=\"height: 19px\">\n<td style=\"height: 19px;width: 277px\"><strong>Altezza<\/strong><\/td>\n<td style=\"height: 19px;width: 241px\"><span data-mce-mark=\"1\">5,0 millimetri<\/span><\/td>\n<\/tr>\n<\/tbody>\n<\/table>\n<\/div>\n<\/div>\n<\/div>\n","protected":false},"excerpt":{"rendered":"<p>Dimensioni: 15 x 15 mm<br \/>\n Dimensioni: 20&#215;20 mm<br \/>\n Dimensioni: 23&#215;23 mm<br \/>\n Lunghezza: 30 x 30 mm<\/p>\n","protected":false},"featured_media":22864,"comment_status":"closed","ping_status":"closed","template":"","meta":{"_glsr_average":0,"_glsr_ranking":0,"_glsr_reviews":0},"product_brand":[],"product_cat":[621],"product_tag":[617,606],"class_list":{"0":"post-22863","1":"product","2":"type-product","3":"status-publish","4":"has-post-thumbnail","6":"product_cat-adesivi","7":"product_tag-cera-una-volta","8":"product_tag-cunz-x-it","9":"pa_groesse-l-it","10":"pa_groesse-m-it","11":"pa_groesse-s-it-2","12":"pa_groesse-xs-it-2","13":"pa_marke-cunz-x-it-2","15":"first","16":"instock","17":"taxable","18":"shipping-taxable","19":"purchasable","20":"product-type-variable"},"exclude_global_add_ons":[],"addons":[],"yoast_head":"<!-- This site is optimized with the Yoast SEO plugin v25.6 - https:\/\/yoast.com\/wordpress\/plugins\/seo\/ -->\n<title>Adesivo CuNz-x Paura dietro le sbarre - Beatrice M\u00fcller<\/title>\n<meta name=\"robots\" content=\"index, follow, max-snippet:-1, max-image-preview:large, max-video-preview:-1\" \/>\n<link rel=\"canonical\" href=\"https:\/\/beatrice-mueller.de\/it\/prodotto\/adesivo-cunz-x-paura-dietro-le-sbarre\/\" \/>\n<meta property=\"og:locale\" content=\"it_IT\" \/>\n<meta property=\"og:type\" content=\"article\" \/>\n<meta property=\"og:title\" content=\"Adesivo CuNz-x Paura dietro le sbarre - Beatrice M\u00fcller\" \/>\n<meta property=\"og:description\" content=\"Dimensioni: 15 x 15 mm Dimensioni: 20x20 mm Dimensioni: 23x23 mm Lunghezza: 30 x 30 mm\" \/>\n<meta property=\"og:url\" content=\"https:\/\/beatrice-mueller.de\/it\/prodotto\/adesivo-cunz-x-paura-dietro-le-sbarre\/\" \/>\n<meta property=\"og:site_name\" content=\"Beatrice M\u00fcller\" \/>\n<meta property=\"og:image\" content=\"https:\/\/beatrice-mueller.de\/wp-content\/uploads\/CuNz-x-Sticker-no-virus-L-front.webp\" \/>\n\t<meta property=\"og:image:width\" content=\"1500\" \/>\n\t<meta property=\"og:image:height\" content=\"1500\" \/>\n\t<meta property=\"og:image:type\" content=\"image\/webp\" \/>\n<meta name=\"twitter:card\" content=\"summary_large_image\" \/>\n<meta name=\"twitter:label1\" content=\"Tempo di lettura stimato\" \/>\n\t<meta name=\"twitter:data1\" content=\"1 minuto\" \/>\n<script type=\"application\/ld+json\" class=\"yoast-schema-graph\">{\"@context\":\"https:\/\/schema.org\",\"@graph\":[{\"@type\":\"WebPage\",\"@id\":\"https:\/\/beatrice-mueller.de\/it\/prodotto\/adesivo-cunz-x-paura-dietro-le-sbarre\/\",\"url\":\"https:\/\/beatrice-mueller.de\/it\/prodotto\/adesivo-cunz-x-paura-dietro-le-sbarre\/\",\"name\":\"Adesivo CuNz-x Paura dietro le sbarre - Beatrice M\u00fcller\",\"isPartOf\":{\"@id\":\"https:\/\/beatrice-mueller.de\/it\/#website\"},\"primaryImageOfPage\":{\"@id\":\"https:\/\/beatrice-mueller.de\/it\/prodotto\/adesivo-cunz-x-paura-dietro-le-sbarre\/#primaryimage\"},\"image\":{\"@id\":\"https:\/\/beatrice-mueller.de\/it\/prodotto\/adesivo-cunz-x-paura-dietro-le-sbarre\/#primaryimage\"},\"thumbnailUrl\":\"https:\/\/beatrice-mueller.de\/wp-content\/uploads\/CuNz-x-Sticker-no-virus-L-front.webp\",\"datePublished\":\"2025-02-16T11:58:29+00:00\",\"breadcrumb\":{\"@id\":\"https:\/\/beatrice-mueller.de\/it\/prodotto\/adesivo-cunz-x-paura-dietro-le-sbarre\/#breadcrumb\"},\"inLanguage\":\"it-IT\",\"potentialAction\":[{\"@type\":\"ReadAction\",\"target\":[\"https:\/\/beatrice-mueller.de\/it\/prodotto\/adesivo-cunz-x-paura-dietro-le-sbarre\/\"]}]},{\"@type\":\"ImageObject\",\"inLanguage\":\"it-IT\",\"@id\":\"https:\/\/beatrice-mueller.de\/it\/prodotto\/adesivo-cunz-x-paura-dietro-le-sbarre\/#primaryimage\",\"url\":\"https:\/\/beatrice-mueller.de\/wp-content\/uploads\/CuNz-x-Sticker-no-virus-L-front.webp\",\"contentUrl\":\"https:\/\/beatrice-mueller.de\/wp-content\/uploads\/CuNz-x-Sticker-no-virus-L-front.webp\",\"width\":1500,\"height\":1500},{\"@type\":\"BreadcrumbList\",\"@id\":\"https:\/\/beatrice-mueller.de\/it\/prodotto\/adesivo-cunz-x-paura-dietro-le-sbarre\/#breadcrumb\",\"itemListElement\":[{\"@type\":\"ListItem\",\"position\":1,\"name\":\"Startseite\",\"item\":\"https:\/\/beatrice-mueller.de\/it\/\"},{\"@type\":\"ListItem\",\"position\":2,\"name\":\"Negozio\",\"item\":\"https:\/\/beatrice-mueller.de\/it\/negozio-2\/\"},{\"@type\":\"ListItem\",\"position\":3,\"name\":\"Adesivo CuNz-x Paura dietro le sbarre\"}]},{\"@type\":\"WebSite\",\"@id\":\"https:\/\/beatrice-mueller.de\/it\/#website\",\"url\":\"https:\/\/beatrice-mueller.de\/it\/\",\"name\":\"Beatrice M\u00fcller\",\"description\":\"Schmuckdesign\",\"potentialAction\":[{\"@type\":\"SearchAction\",\"target\":{\"@type\":\"EntryPoint\",\"urlTemplate\":\"https:\/\/beatrice-mueller.de\/it\/?s={search_term_string}\"},\"query-input\":{\"@type\":\"PropertyValueSpecification\",\"valueRequired\":true,\"valueName\":\"search_term_string\"}}],\"inLanguage\":\"it-IT\"}]}<\/script>\n<!-- \/ Yoast SEO plugin. -->","yoast_head_json":{"title":"Adesivo CuNz-x Paura dietro le sbarre - Beatrice M\u00fcller","robots":{"index":"index","follow":"follow","max-snippet":"max-snippet:-1","max-image-preview":"max-image-preview:large","max-video-preview":"max-video-preview:-1"},"canonical":"https:\/\/beatrice-mueller.de\/it\/prodotto\/adesivo-cunz-x-paura-dietro-le-sbarre\/","og_locale":"it_IT","og_type":"article","og_title":"Adesivo CuNz-x Paura dietro le sbarre - Beatrice M\u00fcller","og_description":"Dimensioni: 15 x 15 mm Dimensioni: 20x20 mm Dimensioni: 23x23 mm Lunghezza: 30 x 30 mm","og_url":"https:\/\/beatrice-mueller.de\/it\/prodotto\/adesivo-cunz-x-paura-dietro-le-sbarre\/","og_site_name":"Beatrice M\u00fcller","og_image":[{"width":1500,"height":1500,"url":"https:\/\/beatrice-mueller.de\/wp-content\/uploads\/CuNz-x-Sticker-no-virus-L-front.webp","type":"image\/webp"}],"twitter_card":"summary_large_image","twitter_misc":{"Tempo di lettura stimato":"1 minuto"},"schema":{"@context":"https:\/\/schema.org","@graph":[{"@type":"WebPage","@id":"https:\/\/beatrice-mueller.de\/it\/prodotto\/adesivo-cunz-x-paura-dietro-le-sbarre\/","url":"https:\/\/beatrice-mueller.de\/it\/prodotto\/adesivo-cunz-x-paura-dietro-le-sbarre\/","name":"Adesivo CuNz-x Paura dietro le sbarre - Beatrice M\u00fcller","isPartOf":{"@id":"https:\/\/beatrice-mueller.de\/it\/#website"},"primaryImageOfPage":{"@id":"https:\/\/beatrice-mueller.de\/it\/prodotto\/adesivo-cunz-x-paura-dietro-le-sbarre\/#primaryimage"},"image":{"@id":"https:\/\/beatrice-mueller.de\/it\/prodotto\/adesivo-cunz-x-paura-dietro-le-sbarre\/#primaryimage"},"thumbnailUrl":"https:\/\/beatrice-mueller.de\/wp-content\/uploads\/CuNz-x-Sticker-no-virus-L-front.webp","datePublished":"2025-02-16T11:58:29+00:00","breadcrumb":{"@id":"https:\/\/beatrice-mueller.de\/it\/prodotto\/adesivo-cunz-x-paura-dietro-le-sbarre\/#breadcrumb"},"inLanguage":"it-IT","potentialAction":[{"@type":"ReadAction","target":["https:\/\/beatrice-mueller.de\/it\/prodotto\/adesivo-cunz-x-paura-dietro-le-sbarre\/"]}]},{"@type":"ImageObject","inLanguage":"it-IT","@id":"https:\/\/beatrice-mueller.de\/it\/prodotto\/adesivo-cunz-x-paura-dietro-le-sbarre\/#primaryimage","url":"https:\/\/beatrice-mueller.de\/wp-content\/uploads\/CuNz-x-Sticker-no-virus-L-front.webp","contentUrl":"https:\/\/beatrice-mueller.de\/wp-content\/uploads\/CuNz-x-Sticker-no-virus-L-front.webp","width":1500,"height":1500},{"@type":"BreadcrumbList","@id":"https:\/\/beatrice-mueller.de\/it\/prodotto\/adesivo-cunz-x-paura-dietro-le-sbarre\/#breadcrumb","itemListElement":[{"@type":"ListItem","position":1,"name":"Startseite","item":"https:\/\/beatrice-mueller.de\/it\/"},{"@type":"ListItem","position":2,"name":"Negozio","item":"https:\/\/beatrice-mueller.de\/it\/negozio-2\/"},{"@type":"ListItem","position":3,"name":"Adesivo CuNz-x Paura dietro le sbarre"}]},{"@type":"WebSite","@id":"https:\/\/beatrice-mueller.de\/it\/#website","url":"https:\/\/beatrice-mueller.de\/it\/","name":"Beatrice M\u00fcller","description":"Schmuckdesign","potentialAction":[{"@type":"SearchAction","target":{"@type":"EntryPoint","urlTemplate":"https:\/\/beatrice-mueller.de\/it\/?s={search_term_string}"},"query-input":{"@type":"PropertyValueSpecification","valueRequired":true,"valueName":"search_term_string"}}],"inLanguage":"it-IT"}]}},"_links":{"self":[{"href":"https:\/\/beatrice-mueller.de\/it\/wp-json\/wp\/v2\/product\/22863","targetHints":{"allow":["GET"]}}],"collection":[{"href":"https:\/\/beatrice-mueller.de\/it\/wp-json\/wp\/v2\/product"}],"about":[{"href":"https:\/\/beatrice-mueller.de\/it\/wp-json\/wp\/v2\/types\/product"}],"replies":[{"embeddable":true,"href":"https:\/\/beatrice-mueller.de\/it\/wp-json\/wp\/v2\/comments?post=22863"}],"wp:featuredmedia":[{"embeddable":true,"href":"https:\/\/beatrice-mueller.de\/it\/wp-json\/wp\/v2\/media\/22864"}],"wp:attachment":[{"href":"https:\/\/beatrice-mueller.de\/it\/wp-json\/wp\/v2\/media?parent=22863"}],"wp:term":[{"taxonomy":"product_brand","embeddable":true,"href":"https:\/\/beatrice-mueller.de\/it\/wp-json\/wp\/v2\/product_brand?post=22863"},{"taxonomy":"product_cat","embeddable":true,"href":"https:\/\/beatrice-mueller.de\/it\/wp-json\/wp\/v2\/product_cat?post=22863"},{"taxonomy":"product_tag","embeddable":true,"href":"https:\/\/beatrice-mueller.de\/it\/wp-json\/wp\/v2\/product_tag?post=22863"}],"curies":[{"name":"wp","href":"https:\/\/api.w.org\/{rel}","templated":true}]}}